{"id":20547,"date":"2018-04-11T23:41:03","date_gmt":"2018-04-11T23:41:03","guid":{"rendered":"https:\/\/www.thomasandhutton.com\/projekt-zeitarbeit\/"},"modified":"2023-03-03T17:04:25","modified_gmt":"2023-03-03T17:04:25","slug":"projekt-zeitarbeit","status":"publish","type":"page","link":"https:\/\/www.thomasandhutton.com\/de\/projekt-zeitarbeit\/","title":{"rendered":"Projekt Zeitarbeit"},"content":{"rendered":"<div class=\"wpb-content-wrapper\"><p>[vc_row css_animation=&#8220;&#8220; row_type=&#8220;row&#8220; use_row_as_full_screen_section=&#8220;no&#8220; type=&#8220;full_width&#8220; angled_section=&#8220;no&#8220; text_align=&#8220;left&#8220; background_image=&#8220;1260&#8243; background_image_as_pattern=&#8220;without_pattern&#8220; padding_top=&#8220;300&#8243; padding_bottom=&#8220;300&#8243; z_index=&#8220;&#8220;][vc_column][vc_row_inner row_type=&#8220;row&#8220; type=&#8220;full_width&#8220; text_align=&#8220;left&#8220; css_animation=&#8220;&#8220;][vc_column_inner width=&#8220;1\/6&#8243;][\/vc_column_inner][vc_column_inner width=&#8220;2\/3&#8243;][\/vc_column_inner][vc_column_inner width=&#8220;1\/6&#8243; css=&#8220;.vc_custom_1523491609753{padding: 0px !important;background-color: #ffffff !important;}&#8220;][vc_column_text css=&#8220;.vc_custom_1524426525987{padding-top: 23px !important;padding-bottom: 23px !important;padding-left: 20px !important;}&#8220;]<\/p>\n<div class=\"projectheadertitle\">Universit\u00e4t von South Carolina in Beaufort<\/div>\n<div class=\"projectsmallheader\">Beaufort, South Carolina<\/div>\n<p>[\/vc_column_text][\/vc_column_inner][\/vc_row_inner][\/vc_column][\/vc_row][vc_row css_animation=&#8220;&#8220; row_type=&#8220;row&#8220; use_row_as_full_screen_section=&#8220;no&#8220; type=&#8220;full_width&#8220; angled_section=&#8220;no&#8220; text_align=&#8220;left&#8220; background_image_as_pattern=&#8220;without_pattern&#8220;][vc_column width=&#8220;1\/4&#8243;][\/vc_column][vc_column width=&#8220;1\/4&#8243; css=&#8220;.vc_custom_1523491860957{margin-top: 20% !important;margin-bottom: 20% !important;}&#8220;][vc_column_text]<\/p>\n<h1>Universit\u00e4t von South Carolina in Beaufort, Beaufort, South Carolina<\/h1>\n<p>&nbsp;[\/vc_column_text][vc_column_text]<span style=\"font-weight: 400;\">Thomas &amp; Hutton hat f\u00fcr die 200 Hektar gro\u00dfe University of South Carolina at Beaufort (USCB) die bautechnische Planung und Projektgenehmigung auf Bundes-, Landes- und Kommunalebene unterst\u00fctzt. Dazu geh\u00f6rten auch Dienstleistungen in der Bauphase, um die Arbeiten unter kritischen Zeitvorgaben abzuschlie\u00dfen. Das Projekt wurde aus dem TIF-Bezirk (Tax Incremental Financing) von Beaufort County finanziert. Phase I umfasste das 60.000 Quadratmeter gro\u00dfe Hargray-Geb\u00e4ude, eine Mehrzweckeinrichtung, in der Unterrichtsr\u00e4ume, Studentenservice, Fakult\u00e4ts- und Verwaltungsb\u00fcros untergebracht sind, ein Wissenschafts- und ein 25.000 Quadratmeter gro\u00dfes Technikgeb\u00e4ude sowie eine 20.000 Quadratmeter gro\u00dfe Bibliothek. Aufgrund des Zeitplans des Projekts war eine enge Abstimmung zwischen allen Mitgliedern des Planungsteams von Anfang an ein entscheidender Bestandteil des Projekts.<\/span>[\/vc_column_text]<div id=\"mpc_accordion-2269e3c810d2736\" class=\"mpc-accordion mpc-init mpc-transition \" ><ul class=\"mpc-accordion__content\"><li class=\"mpc-accordion__item \"><div class=\"mpc-accordion-item__heading mpc-transition mpc-typography--preset_0\"><div data-id=\"mpc_icon-5669e3c810d2701\" class=\"mpc-icon mpc-init mpc-transition mpc-effect-none mpc-icon-hover \"><div class=\"mpc-icon-wrap\"><i class=\"mpc-icon-part mpc-regular mpc-transition  eti eti_plus\"><\/i><i class=\"mpc-icon-part mpc-hover mpc-transition  eti eti_plus\"><\/i><\/div><\/div><h3>Mehr lesen<\/h3><\/div><div class=\"mpc-accordion-item__content mpc-container\" ><div class=\"mpc-accordion-item__wrapper\">[vc_column_text]<span style=\"font-weight: 400;\">Thomas &amp; Hutton lieferte eine Projektstrategie, um die Arbeiten unter extremem Zeitdruck abzuschlie\u00dfen. Die Erschlie\u00dfungspl\u00e4ne umfassten die Planung des Wasser-, Abwasser- und Regenwasserkanalsystems sowie die Pflasterung und Planierung der ersten Phase der Erschlie\u00dfung. Thomas &amp; Hutton erstellte separate Erosionsschutzpl\u00e4ne, um eine fr\u00fche Baumernte zu erm\u00f6glichen. Die Dienstleistungen in der Bauphase umfassten die Vorbereitung der Angebotsverwaltung, Angebotsempfehlungen, Bauunterlagen und die Verwaltung. W\u00e4hrend der Bauphase \u00fcbernahm Thomas &amp; Hutton die Vertragsverwaltung auf der Baustelle, die monatliche \u00dcberpr\u00fcfung der Ziehungsantr\u00e4ge, die Bau\u00fcberwachung, Empfehlungen zur Wertoptimierung, die \u00dcberpr\u00fcfung von Werkstattzeichnungen, die Erstellung von Aufzeichnungen und die Unterst\u00fctzung bei der Fertigstellung. Die USCB betreut rund 2.000 Studierende in 30 Studieng\u00e4ngen und besch\u00e4ftigt etwa 90 Lehrkr\u00e4fte.<\/span>[\/vc_column_text]<\/div><\/div><\/li><\/ul><\/div>[\/vc_column][vc_column width=&#8220;1\/4&#8243; css=&#8220;.vc_custom_1523491320975{margin-top: 35% !important;}&#8220;][vc_single_image image=&#8220;177&#8243; img_size=&#8220;full&#8220; alignment=&#8220;center&#8220; qode_css_animation=&#8220;&#8220;][\/vc_column][vc_column width=&#8220;1\/4&#8243;][\/vc_column][\/vc_row][vc_row css_animation=&#8220;&#8220; row_type=&#8220;row&#8220; use_row_as_full_screen_section=&#8220;no&#8220; type=&#8220;full_width&#8220; angled_section=&#8220;no&#8220; text_align=&#8220;left&#8220; background_image_as_pattern=&#8220;without_pattern&#8220; z_index=&#8220;&#8220;][vc_column]<div class=\"mpc-carousel__wrapper mpc-waypoint\"><div id=\"mpc_carousel_anything-3169e3c810d28f6\" class=\"mpc-carousel-anything mpc-init mpc-carousel--stretched \"  data-mpcslick='{\"infinite\":true,\"autoplay\":false,\"slidesToShow\":4,\"slidesToScroll\":1,\"centerMode\":false,\"initialSlide\":0}' data-slick-cols=\"4\">[vc_column_text]<div class=\"q_image_with_text_over q_iwto_hover\"><div class=\"shader\" ><\/div><div class=\"shader_hover\" style=\"background-color: rgba(255,255,255,0.9)\"><\/div><img decoding=\"async\" itemprop=\"image\" src=\"https:\/\/www.thomasandhutton.com\/wp-content\/uploads\/2018\/04\/2012-Campus-Map.jpg\" alt=\"\" \/><div class=\"text\"><table><tr><td><h3 class=\"caption no_icon\" style=\"color: #799900;\"><\/h3><\/td><\/tr><\/table><table><tr><td><div class=\"desc\"><\/p>\n<p style=\"text-align: left;\">Lorem ipsum dolor sit amet, consectetur adipiscing elit. Sed eget dictum turpis, sed commodo mi. Suspendisse porta varius felis, et tincidunt velit lacinia at.<\/p>\n<p style=\"text-align: right;\"><a href=\"https:\/\/www.thomasandhutton.com\/wp-content\/uploads\/2018\/04\/2012-Campus-Map.jpg\" target=\"\" title=\"View Larger\"  class=\"mpc-lightbox mpc-init mpc-transition mpc-magnific-popup ViewLarger\"><div data-id=\"mpc_button-9469e3c810d2d22\" class=\"mpc-button mpc-init mpc-transition mpc-typography--preset_0 \" ><div class=\"mpc-button__content mpc-effect-type--stay mpc-effect-side--left\"><i class=\"mpc-button__icon mpc-transition  fa fa-long-arrow-right\"><\/i><span class=\"mpc-button__title mpc-transition\">Gr\u00f6\u00dfere Ansicht<\/span><\/div><div class=\"mpc-button__background mpc-transition mpc-effect-type--fade mpc-effect-side--in\"><\/div><\/div><\/a><\/p>\n<p><\/div><\/td><\/tr><\/table><\/div><\/div>[\/vc_column_text][vc_column_text]<div class=\"q_image_with_text_over q_iwto_hover\"><div class=\"shader\" ><\/div><div class=\"shader_hover\" style=\"background-color: rgba(255,255,255,0.9)\"><\/div><img decoding=\"async\" itemprop=\"image\" src=\"https:\/\/www.thomasandhutton.com\/wp-content\/uploads\/2018\/04\/USCB_Landscape006.jpg\" alt=\"\" \/><div class=\"text\"><table><tr><td><h3 class=\"caption no_icon\" style=\"color: #799900;\"><\/h3><\/td><\/tr><\/table><table><tr><td><div class=\"desc\"><\/p>\n<p style=\"text-align: left;\">Lorem ipsum dolor sit amet, consectetur adipiscing elit. Sed eget dictum turpis, sed commodo mi. Suspendisse porta varius felis, et tincidunt velit lacinia at.<\/p>\n<a href=\"https:\/\/www.thomasandhutton.com\/wp-content\/uploads\/2018\/04\/USCB_Landscape006.jpg\" target=\"\" title=\"\"  class=\"mpc-lightbox mpc-init mpc-transition mpc-magnific-popup ViewLarger\"><div data-id=\"mpc_button-4169e3c810d3069\" class=\"mpc-button mpc-init mpc-transition mpc-typography--preset_0 \" ><div class=\"mpc-button__content mpc-effect-type--stay mpc-effect-side--left\"><i class=\"mpc-button__icon mpc-transition  fa fa-long-arrow-right\"><\/i><span class=\"mpc-button__title mpc-transition\">Gr\u00f6\u00dfere Ansicht<\/span><\/div><div class=\"mpc-button__background mpc-transition mpc-effect-type--fade mpc-effect-side--in\"><\/div><\/div><\/a>\n<p><\/div><\/td><\/tr><\/table><\/div><\/div>[\/vc_column_text][vc_column_text]<div class=\"q_image_with_text_over q_iwto_hover\"><div class=\"shader\" ><\/div><div class=\"shader_hover\" style=\"background-color: rgba(255,255,255,0.9)\"><\/div><img decoding=\"async\" itemprop=\"image\" src=\"https:\/\/www.thomasandhutton.com\/wp-content\/uploads\/2018\/04\/USCB_Landscape008.jpg\" alt=\"\" \/><div class=\"text\"><table><tr><td><h3 class=\"caption no_icon\" style=\"color: #799900;\"><\/h3><\/td><\/tr><\/table><table><tr><td><div class=\"desc\"><\/p>\n<p style=\"text-align: left;\">Lorem ipsum dolor sit amet, consectetur adipiscing elit. Sed eget dictum turpis, sed commodo mi. Suspendisse porta varius felis, et tincidunt velit lacinia at.<\/p>\n<a href=\"https:\/\/www.thomasandhutton.com\/wp-content\/uploads\/2018\/04\/USCB_Landscape008.jpg\" target=\"\" title=\"View Larger\"  class=\"mpc-lightbox mpc-init mpc-transition mpc-magnific-popup ViewLarger\"><div data-id=\"mpc_button-1469e3c810d3379\" class=\"mpc-button mpc-init mpc-transition mpc-typography--preset_0 \" ><div class=\"mpc-button__content mpc-effect-type--stay mpc-effect-side--left\"><i class=\"mpc-button__icon mpc-transition  fa fa-long-arrow-right\"><\/i><span class=\"mpc-button__title mpc-transition\">Gr\u00f6\u00dfere Ansicht<\/span><\/div><div class=\"mpc-button__background mpc-transition mpc-effect-type--fade mpc-effect-side--in\"><\/div><\/div><\/a>\n<p><\/div><\/td><\/tr><\/table><\/div><\/div>[\/vc_column_text][vc_column_text]<div class=\"q_image_with_text_over q_iwto_hover\"><div class=\"shader\" ><\/div><div class=\"shader_hover\" style=\"background-color: rgba(255,255,255,0.9)\"><\/div><img decoding=\"async\" itemprop=\"image\" src=\"https:\/\/www.thomasandhutton.com\/wp-content\/uploads\/2018\/04\/USCB_Landscape019.jpg\" alt=\"\" \/><div class=\"text\"><table><tr><td><h3 class=\"caption no_icon\" style=\"color: #799900;\"><\/h3><\/td><\/tr><\/table><table><tr><td><div class=\"desc\"><\/p>\n<p style=\"text-align: left;\">Lorem ipsum dolor sit amet, consectetur adipiscing elit. Sed eget dictum turpis, sed commodo mi. Suspendisse porta varius felis, et tincidunt velit lacinia at.<\/p>\n<a href=\"https:\/\/www.thomasandhutton.com\/wp-content\/uploads\/2018\/04\/USCB_Landscape019.jpg\" target=\"\" title=\"View Larger\"  class=\"mpc-lightbox mpc-init mpc-transition mpc-magnific-popup ViewLarger\"><div data-id=\"mpc_button-3469e3c810d36cd\" class=\"mpc-button mpc-init mpc-transition mpc-typography--preset_0 \" ><div class=\"mpc-button__content mpc-effect-type--stay mpc-effect-side--left\"><i class=\"mpc-button__icon mpc-transition  fa fa-long-arrow-right\"><\/i><span class=\"mpc-button__title mpc-transition\">Gr\u00f6\u00dfere Ansicht<\/span><\/div><div class=\"mpc-button__background mpc-transition mpc-effect-type--fade mpc-effect-side--in\"><\/div><\/div><\/a>\n<p><\/div><\/td><\/tr><\/table><\/div><\/div>[\/vc_column_text][vc_column_text]<div class=\"q_image_with_text_over q_iwto_hover\"><div class=\"shader\" ><\/div><div class=\"shader_hover\" style=\"background-color: rgba(255,255,255,0.9)\"><\/div><img decoding=\"async\" itemprop=\"image\" src=\"https:\/\/www.thomasandhutton.com\/wp-content\/uploads\/2018\/04\/USCB_Landscape025.jpg\" alt=\"\" \/><div class=\"text\"><table><tr><td><h3 class=\"caption no_icon\" style=\"color: #799900;\"><\/h3><\/td><\/tr><\/table><table><tr><td><div class=\"desc\"><\/p>\n<p style=\"text-align: left;\">Lorem ipsum dolor sit amet, consectetur adipiscing elit. Sed eget dictum turpis, sed commodo mi. Suspendisse porta varius felis, et tincidunt velit lacinia at.<\/p>\n<a href=\"https:\/\/www.thomasandhutton.com\/wp-content\/uploads\/2018\/04\/USCB_Landscape025.jpg\" target=\"\" title=\"View Larger\"  class=\"mpc-lightbox mpc-init mpc-transition mpc-magnific-popup ViewLarger\"><div data-id=\"mpc_button-1169e3c810d3a02\" class=\"mpc-button mpc-init mpc-transition mpc-typography--preset_0 \" ><div class=\"mpc-button__content mpc-effect-type--stay mpc-effect-side--left\"><i class=\"mpc-button__icon mpc-transition  fa fa-long-arrow-right\"><\/i><span class=\"mpc-button__title mpc-transition\">Gr\u00f6\u00dfere Ansicht<\/span><\/div><div class=\"mpc-button__background mpc-transition mpc-effect-type--fade mpc-effect-side--in\"><\/div><\/div><\/a>\n<p><\/div><\/td><\/tr><\/table><\/div><\/div>[\/vc_column_text][vc_column_text]<div class=\"q_image_with_text_over q_iwto_hover\"><div class=\"shader\" ><\/div><div class=\"shader_hover\" style=\"background-color: rgba(255,255,255,0.9)\"><\/div><img decoding=\"async\" itemprop=\"image\" src=\"https:\/\/www.thomasandhutton.com\/wp-content\/uploads\/2018\/04\/USCB_Landscape033.jpg\" alt=\"\" \/><div class=\"text\"><table><tr><td><h3 class=\"caption no_icon\" style=\"color: #799900;\"><\/h3><\/td><\/tr><\/table><table><tr><td><div class=\"desc\"><\/p>\n<p style=\"text-align: left;\">Lorem ipsum dolor sit amet, consectetur adipiscing elit. Sed eget dictum turpis, sed commodo mi. Suspendisse porta varius felis, et tincidunt velit lacinia at.<\/p>\n<a href=\"https:\/\/www.thomasandhutton.com\/wp-content\/uploads\/2018\/04\/USCB_Landscape033.jpg\" target=\"\" title=\"View Larger\"  class=\"mpc-lightbox mpc-init mpc-transition mpc-magnific-popup ViewLarger\"><div data-id=\"mpc_button-9769e3c810d3d35\" class=\"mpc-button mpc-init mpc-transition mpc-typography--preset_0 \" ><div class=\"mpc-button__content mpc-effect-type--stay mpc-effect-side--left\"><i class=\"mpc-button__icon mpc-transition  fa fa-long-arrow-right\"><\/i><span class=\"mpc-button__title mpc-transition\">Gr\u00f6\u00dfere Ansicht<\/span><\/div><div class=\"mpc-button__background mpc-transition mpc-effect-type--fade mpc-effect-side--in\"><\/div><\/div><\/a>\n<p><\/div><\/td><\/tr><\/table><\/div><\/div>[\/vc_column_text]<\/div><div class=\"mpc-navigation mpc-init mpc-align--left mpc-navigation--style_4  mpc-nav-preset--mpc_preset_41\" data-mpcslider=\"mpc_carousel_anything-3169e3c810d28f6\"><div class=\"mpc-nav__arrow mpcslick-prev\"><div class=\"mpc-nav__icon mpc-transition\"><i class=\" eti eti_arrow_left\"><div class=\"mpc-nav__background mpc-transition mpc-effect-type--fade mpc-effect-side--in\"><\/div><\/i><\/div><\/div><\/div><div class=\"mpc-navigation mpc-init mpc-align--left mpc-navigation--style_4  mpc-nav-preset--mpc_preset_41\" data-mpcslider=\"mpc_carousel_anything-3169e3c810d28f6\"><div class=\"mpc-nav__arrow mpcslick-next\"><div class=\"mpc-nav__icon mpc-transition\"><i class=\" eti eti_arrow_right\"><div class=\"mpc-nav__background mpc-transition mpc-effect-type--fade mpc-effect-side--in\"><\/div><\/i><\/div><\/div><\/div><\/div>[\/vc_column][\/vc_row]<\/p>\n<\/div>","protected":false},"excerpt":{"rendered":"<p>[vc_row css_animation=&#8220;&#8220; row_type=&#8220;row&#8220; use_row_as_full_screen_section=&#8220;no&#8220; type=&#8220;full_width&#8220; angled_section=&#8220;no&#8220; text_align=&#8220;left&#8220; background_image=&#8220;1260&#8243; background_image_as_pattern=&#8220;without_pattern&#8220; padding_top=&#8220;300&#8243; padding_bottom=&#8220;300&#8243; z_index=&#8220;&#8220;][vc_column][vc_row_inner row_type=&#8220;row&#8220; type=&#8220;full_width&#8220; text_align=&#8220;left&#8220; css_animation=&#8220;&#8220;][vc_column_inner width=&#8220;1\/6&#8243;][\/vc_column_inner][vc_column_inner width=&#8220;2\/3&#8243;][\/vc_column_inner][vc_column_inner width=&#8220;1\/6&#8243; css=&#8220;.vc_custom_1523491609753{padding: 0px !important;background-color: #ffffff !important;}&#8220;][vc_column_text css=&#8220;.vc_custom_1524426525987{padding-top: 23px !important;padding-bottom: 23px !important;padding-left: 20px !important;}&#8220;] Universit\u00e4t von South Carolina in Beaufort Beaufort, South Carolina [\/vc_column_text][\/vc_column_inner][\/vc_row_inner][\/vc_column][\/vc_row][vc_row css_animation=&#8220;&#8220; row_type=&#8220;row&#8220; use_row_as_full_screen_section=&#8220;no&#8220; type=&#8220;full_width&#8220;<\/p>\n","protected":false},"author":7,"featured_media":0,"parent":0,"menu_order":0,"comment_status":"closed","ping_status":"closed","template":"full_width.php","meta":{"content-type":"","footnotes":""},"class_list":["post-20547","page","type-page","status-publish","hentry"],"yoast_head":"<!-- This site is optimized with the Yoast SEO plugin v27.4 - https:\/\/yoast.com\/product\/yoast-seo-wordpress\/ -->\n<title>Projekt Zeitarbeit - Thomas &amp; Hutton<\/title>\n<meta name=\"robots\" content=\"index, follow, max-snippet:-1, max-image-preview:large, max-video-preview:-1\" \/>\n<link rel=\"canonical\" href=\"https:\/\/www.thomasandhutton.com\/de\/projekt-zeitarbeit\/\" \/>\n<meta property=\"og:locale\" content=\"de_DE\" \/>\n<meta property=\"og:type\" content=\"article\" \/>\n<meta property=\"og:title\" content=\"Projekt Zeitarbeit - Thomas &amp; Hutton\" \/>\n<meta property=\"og:description\" content=\"[vc_row css_animation=&#8220;&#8220; row_type=&#8220;row&#8220; use_row_as_full_screen_section=&#8220;no&#8220; type=&#8220;full_width&#8220; angled_section=&#8220;no&#8220; text_align=&#8220;left&#8220; background_image=&#8220;1260&#8243; background_image_as_pattern=&#8220;without_pattern&#8220; padding_top=&#8220;300&#8243; padding_bottom=&#8220;300&#8243; z_index=&#8220;&#8220;][vc_column][vc_row_inner row_type=&#8220;row&#8220; type=&#8220;full_width&#8220; text_align=&#8220;left&#8220; css_animation=&#8220;&#8220;][vc_column_inner width=&#8220;1\/6&#8243;][\/vc_column_inner][vc_column_inner width=&#8220;2\/3&#8243;][\/vc_column_inner][vc_column_inner width=&#8220;1\/6&#8243; css=&#8220;.vc_custom_1523491609753{padding: 0px !important;background-color: #ffffff !important;}&#8220;][vc_column_text css=&#8220;.vc_custom_1524426525987{padding-top: 23px !important;padding-bottom: 23px !important;padding-left: 20px !important;}&#8220;] Universit\u00e4t von South Carolina in Beaufort Beaufort, South Carolina [\/vc_column_text][\/vc_column_inner][\/vc_row_inner][\/vc_column][\/vc_row][vc_row css_animation=&#8220;&#8220; row_type=&#8220;row&#8220; use_row_as_full_screen_section=&#8220;no&#8220; type=&#8220;full_width&#8220;\" \/>\n<meta property=\"og:url\" content=\"https:\/\/www.thomasandhutton.com\/de\/projekt-zeitarbeit\/\" \/>\n<meta property=\"og:site_name\" content=\"Thomas &amp; Hutton\" \/>\n<meta property=\"article:publisher\" content=\"https:\/\/www.facebook.com\/THengineers\/\" \/>\n<meta property=\"article:modified_time\" content=\"2023-03-03T17:04:25+00:00\" \/>\n<meta name=\"twitter:card\" content=\"summary_large_image\" \/>\n<meta name=\"twitter:site\" content=\"@thomasandhutton\" \/>\n<meta name=\"twitter:label1\" content=\"Gesch\u00e4tzte Lesezeit\" \/>\n\t<meta name=\"twitter:data1\" content=\"7\u00a0Minuten\" \/>\n<script type=\"application\/ld+json\" class=\"yoast-schema-graph\">{\"@context\":\"https:\\\/\\\/schema.org\",\"@graph\":[{\"@type\":\"WebPage\",\"@id\":\"https:\\\/\\\/www.thomasandhutton.com\\\/de\\\/projekt-zeitarbeit\\\/\",\"url\":\"https:\\\/\\\/www.thomasandhutton.com\\\/de\\\/projekt-zeitarbeit\\\/\",\"name\":\"Projekt Zeitarbeit - Thomas &amp; Hutton\",\"isPartOf\":{\"@id\":\"https:\\\/\\\/www.thomasandhutton.com\\\/de\\\/#website\"},\"datePublished\":\"2018-04-11T23:41:03+00:00\",\"dateModified\":\"2023-03-03T17:04:25+00:00\",\"breadcrumb\":{\"@id\":\"https:\\\/\\\/www.thomasandhutton.com\\\/de\\\/projekt-zeitarbeit\\\/#breadcrumb\"},\"inLanguage\":\"de\",\"potentialAction\":[{\"@type\":\"ReadAction\",\"target\":[\"https:\\\/\\\/www.thomasandhutton.com\\\/de\\\/projekt-zeitarbeit\\\/\"]}]},{\"@type\":\"BreadcrumbList\",\"@id\":\"https:\\\/\\\/www.thomasandhutton.com\\\/de\\\/projekt-zeitarbeit\\\/#breadcrumb\",\"itemListElement\":[{\"@type\":\"ListItem\",\"position\":1,\"name\":\"Home\",\"item\":\"https:\\\/\\\/www.thomasandhutton.com\\\/de\\\/\"},{\"@type\":\"ListItem\",\"position\":2,\"name\":\"Projekt Zeitarbeit\"}]},{\"@type\":\"WebSite\",\"@id\":\"https:\\\/\\\/www.thomasandhutton.com\\\/de\\\/#website\",\"url\":\"https:\\\/\\\/www.thomasandhutton.com\\\/de\\\/\",\"name\":\"Thomas & Hutton\",\"description\":\"Engineering | Surveying | Landscape Architecture | GIS | Consulting\",\"publisher\":{\"@id\":\"https:\\\/\\\/www.thomasandhutton.com\\\/de\\\/#organization\"},\"potentialAction\":[{\"@type\":\"SearchAction\",\"target\":{\"@type\":\"EntryPoint\",\"urlTemplate\":\"https:\\\/\\\/www.thomasandhutton.com\\\/de\\\/?s={search_term_string}\"},\"query-input\":{\"@type\":\"PropertyValueSpecification\",\"valueRequired\":true,\"valueName\":\"search_term_string\"}}],\"inLanguage\":\"de\"},{\"@type\":\"Organization\",\"@id\":\"https:\\\/\\\/www.thomasandhutton.com\\\/de\\\/#organization\",\"name\":\"Thomas & Hutton\",\"url\":\"https:\\\/\\\/www.thomasandhutton.com\\\/de\\\/\",\"logo\":{\"@type\":\"ImageObject\",\"inLanguage\":\"de\",\"@id\":\"https:\\\/\\\/www.thomasandhutton.com\\\/de\\\/#\\\/schema\\\/logo\\\/image\\\/\",\"url\":\"https:\\\/\\\/www.thomasandhutton.com\\\/wp-content\\\/uploads\\\/2018\\\/06\\\/TH_LOGO__2.png\",\"contentUrl\":\"https:\\\/\\\/www.thomasandhutton.com\\\/wp-content\\\/uploads\\\/2018\\\/06\\\/TH_LOGO__2.png\",\"width\":141,\"height\":46,\"caption\":\"Thomas & Hutton\"},\"image\":{\"@id\":\"https:\\\/\\\/www.thomasandhutton.com\\\/de\\\/#\\\/schema\\\/logo\\\/image\\\/\"},\"sameAs\":[\"https:\\\/\\\/www.facebook.com\\\/THengineers\\\/\",\"https:\\\/\\\/x.com\\\/thomasandhutton\",\"https:\\\/\\\/www.instagram.com\\\/ThomasandHutton\\\/\",\"https:\\\/\\\/www.linkedin.com\\\/company\\\/thomas-&amp;amp;-hutton-engineering-co.\",\"https:\\\/\\\/www.youtube.com\\\/user\\\/ThomasandHutton\"]}]}<\/script>\n<!-- \/ Yoast SEO plugin. -->","yoast_head_json":{"title":"Projekt Zeitarbeit - Thomas &amp; Hutton","robots":{"index":"index","follow":"follow","max-snippet":"max-snippet:-1","max-image-preview":"max-image-preview:large","max-video-preview":"max-video-preview:-1"},"canonical":"https:\/\/www.thomasandhutton.com\/de\/projekt-zeitarbeit\/","og_locale":"de_DE","og_type":"article","og_title":"Projekt Zeitarbeit - Thomas &amp; Hutton","og_description":"[vc_row css_animation=&#8220;&#8220; row_type=&#8220;row&#8220; use_row_as_full_screen_section=&#8220;no&#8220; type=&#8220;full_width&#8220; angled_section=&#8220;no&#8220; text_align=&#8220;left&#8220; background_image=&#8220;1260&#8243; background_image_as_pattern=&#8220;without_pattern&#8220; padding_top=&#8220;300&#8243; padding_bottom=&#8220;300&#8243; z_index=&#8220;&#8220;][vc_column][vc_row_inner row_type=&#8220;row&#8220; type=&#8220;full_width&#8220; text_align=&#8220;left&#8220; css_animation=&#8220;&#8220;][vc_column_inner width=&#8220;1\/6&#8243;][\/vc_column_inner][vc_column_inner width=&#8220;2\/3&#8243;][\/vc_column_inner][vc_column_inner width=&#8220;1\/6&#8243; css=&#8220;.vc_custom_1523491609753{padding: 0px !important;background-color: #ffffff !important;}&#8220;][vc_column_text css=&#8220;.vc_custom_1524426525987{padding-top: 23px !important;padding-bottom: 23px !important;padding-left: 20px !important;}&#8220;] Universit\u00e4t von South Carolina in Beaufort Beaufort, South Carolina [\/vc_column_text][\/vc_column_inner][\/vc_row_inner][\/vc_column][\/vc_row][vc_row css_animation=&#8220;&#8220; row_type=&#8220;row&#8220; use_row_as_full_screen_section=&#8220;no&#8220; type=&#8220;full_width&#8220;","og_url":"https:\/\/www.thomasandhutton.com\/de\/projekt-zeitarbeit\/","og_site_name":"Thomas &amp; Hutton","article_publisher":"https:\/\/www.facebook.com\/THengineers\/","article_modified_time":"2023-03-03T17:04:25+00:00","twitter_card":"summary_large_image","twitter_site":"@thomasandhutton","twitter_misc":{"Gesch\u00e4tzte Lesezeit":"7\u00a0Minuten"},"schema":{"@context":"https:\/\/schema.org","@graph":[{"@type":"WebPage","@id":"https:\/\/www.thomasandhutton.com\/de\/projekt-zeitarbeit\/","url":"https:\/\/www.thomasandhutton.com\/de\/projekt-zeitarbeit\/","name":"Projekt Zeitarbeit - Thomas &amp; Hutton","isPartOf":{"@id":"https:\/\/www.thomasandhutton.com\/de\/#website"},"datePublished":"2018-04-11T23:41:03+00:00","dateModified":"2023-03-03T17:04:25+00:00","breadcrumb":{"@id":"https:\/\/www.thomasandhutton.com\/de\/projekt-zeitarbeit\/#breadcrumb"},"inLanguage":"de","potentialAction":[{"@type":"ReadAction","target":["https:\/\/www.thomasandhutton.com\/de\/projekt-zeitarbeit\/"]}]},{"@type":"BreadcrumbList","@id":"https:\/\/www.thomasandhutton.com\/de\/projekt-zeitarbeit\/#breadcrumb","itemListElement":[{"@type":"ListItem","position":1,"name":"Home","item":"https:\/\/www.thomasandhutton.com\/de\/"},{"@type":"ListItem","position":2,"name":"Projekt Zeitarbeit"}]},{"@type":"WebSite","@id":"https:\/\/www.thomasandhutton.com\/de\/#website","url":"https:\/\/www.thomasandhutton.com\/de\/","name":"Thomas & Hutton","description":"Engineering | Surveying | Landscape Architecture | GIS | Consulting","publisher":{"@id":"https:\/\/www.thomasandhutton.com\/de\/#organization"},"potentialAction":[{"@type":"SearchAction","target":{"@type":"EntryPoint","urlTemplate":"https:\/\/www.thomasandhutton.com\/de\/?s={search_term_string}"},"query-input":{"@type":"PropertyValueSpecification","valueRequired":true,"valueName":"search_term_string"}}],"inLanguage":"de"},{"@type":"Organization","@id":"https:\/\/www.thomasandhutton.com\/de\/#organization","name":"Thomas & Hutton","url":"https:\/\/www.thomasandhutton.com\/de\/","logo":{"@type":"ImageObject","inLanguage":"de","@id":"https:\/\/www.thomasandhutton.com\/de\/#\/schema\/logo\/image\/","url":"https:\/\/www.thomasandhutton.com\/wp-content\/uploads\/2018\/06\/TH_LOGO__2.png","contentUrl":"https:\/\/www.thomasandhutton.com\/wp-content\/uploads\/2018\/06\/TH_LOGO__2.png","width":141,"height":46,"caption":"Thomas & Hutton"},"image":{"@id":"https:\/\/www.thomasandhutton.com\/de\/#\/schema\/logo\/image\/"},"sameAs":["https:\/\/www.facebook.com\/THengineers\/","https:\/\/x.com\/thomasandhutton","https:\/\/www.instagram.com\/ThomasandHutton\/","https:\/\/www.linkedin.com\/company\/thomas-&amp;amp;-hutton-engineering-co.","https:\/\/www.youtube.com\/user\/ThomasandHutton"]}]}},"_links":{"self":[{"href":"https:\/\/www.thomasandhutton.com\/de\/wp-json\/wp\/v2\/pages\/20547","targetHints":{"allow":["GET"]}}],"collection":[{"href":"https:\/\/www.thomasandhutton.com\/de\/wp-json\/wp\/v2\/pages"}],"about":[{"href":"https:\/\/www.thomasandhutton.com\/de\/wp-json\/wp\/v2\/types\/page"}],"author":[{"embeddable":true,"href":"https:\/\/www.thomasandhutton.com\/de\/wp-json\/wp\/v2\/users\/7"}],"replies":[{"embeddable":true,"href":"https:\/\/www.thomasandhutton.com\/de\/wp-json\/wp\/v2\/comments?post=20547"}],"version-history":[{"count":3,"href":"https:\/\/www.thomasandhutton.com\/de\/wp-json\/wp\/v2\/pages\/20547\/revisions"}],"predecessor-version":[{"id":20574,"href":"https:\/\/www.thomasandhutton.com\/de\/wp-json\/wp\/v2\/pages\/20547\/revisions\/20574"}],"wp:attachment":[{"href":"https:\/\/www.thomasandhutton.com\/de\/wp-json\/wp\/v2\/media?parent=20547"}],"curies":[{"name":"wp","href":"https:\/\/api.w.org\/{rel}","templated":true}]}}