{"id":20575,"date":"2018-04-22T17:34:20","date_gmt":"2018-04-22T17:34:20","guid":{"rendered":"https:\/\/www.thomasandhutton.com\/einzelhandel-und-gemischte-nutzung-bau\/"},"modified":"2023-03-03T18:04:34","modified_gmt":"2023-03-03T18:04:34","slug":"einzelhandel-und-gemischte-nutzung-bau","status":"publish","type":"page","link":"https:\/\/www.thomasandhutton.com\/de\/einzelhandel-und-gemischte-nutzung-bau\/","title":{"rendered":"Einzelhandel und gemischte Nutzung Bau"},"content":{"rendered":"<div class=\"wpb-content-wrapper\"><p>[vc_row css_animation=&#8220;&#8220; row_type=&#8220;row&#8220; use_row_as_full_screen_section=&#8220;no&#8220; type=&#8220;full_width&#8220; angled_section=&#8220;no&#8220; text_align=&#8220;left&#8220; background_image_as_pattern=&#8220;without_pattern&#8220; background_color=&#8220;#799900&#8243; z_index=&#8220;&#8220; css=&#8220;.vc_custom_1523400287498{padding-top: 30px !important;padding-bottom: 30px !important;background-color: #799900 !important;}&#8220;][vc_column][vc_column_text][\/vc_column_text][vc_single_image image=&#8220;1193&#8243; img_size=&#8220;full&#8220; alignment=&#8220;center&#8220; qode_css_animation=&#8220;&#8220;][vc_column_text]<\/p>\n<h1 style=\"text-align: center;\"><span style=\"color: #ffffff;\">Einzelhandel \/ Gemischte Nutzung<\/span><\/h1>\n<p>[\/vc_column_text][\/vc_column][\/vc_row][vc_row css_animation=&#8220;&#8220; row_type=&#8220;row&#8220; use_row_as_full_screen_section=&#8220;no&#8220; type=&#8220;full_width&#8220; angled_section=&#8220;no&#8220; text_align=&#8220;left&#8220; background_image_as_pattern=&#8220;without_pattern&#8220;][vc_column][vc_empty_space height=&#8220;50px&#8220;][\/vc_column][\/vc_row][vc_row css_animation=&#8220;&#8220; row_type=&#8220;row&#8220; use_row_as_full_screen_section=&#8220;yes&#8220; type=&#8220;grid&#8220; angled_section=&#8220;no&#8220; text_align=&#8220;left&#8220; background_image_as_pattern=&#8220;without_pattern&#8220; background_color=&#8220;#ffffff&#8220; z_index=&#8220;&#8220;][vc_column][vc_column_text]<span style=\"font-weight: 400;\">Thomas &amp; Hutton entwirft und entwickelt eine Vielzahl von Geb\u00e4udetypen f\u00fcr den Einzelhandel und die Mischnutzung, darunter Superm\u00e4rkte, Apotheken, Restaurants, gro\u00dffl\u00e4chige und hochwertige Einzelhandelszentren, Mischnutzungskomplexe, Einkaufszentren und gehobene Stadtzentren. Wir arbeiten f\u00fcr eine Vielzahl von Kunden, darunter Architekten, Bauunternehmer und Einzelh\u00e4ndler, und bieten innovative, funktionale und kosteng\u00fcnstige Designl\u00f6sungen.  <\/span>[\/vc_column_text][vc_empty_space height=&#8220;25px&#8220;][vc_empty_space height=&#8220;25px&#8220;][\/vc_column][\/vc_row][vc_row css_animation=&#8220;&#8220; row_type=&#8220;row&#8220; use_row_as_full_screen_section=&#8220;no&#8220; type=&#8220;full_width&#8220; angled_section=&#8220;no&#8220; text_align=&#8220;left&#8220; background_image_as_pattern=&#8220;without_pattern&#8220; z_index=&#8220;&#8220; css=&#8220;.vc_custom_1527959868801{padding-bottom: 15px !important;}&#8220;][vc_column][vc_column_text]<\/p>\n<h3 style=\"text-align: center;\">Projekte<\/h3>\n<p>[\/vc_column_text][\/vc_column][\/vc_row][vc_row css_animation=&#8220;&#8220; row_type=&#8220;row&#8220; use_row_as_full_screen_section=&#8220;yes&#8220; type=&#8220;grid&#8220; angled_section=&#8220;no&#8220; text_align=&#8220;left&#8220; background_image_as_pattern=&#8220;without_pattern&#8220; background_color=&#8220;#ffffff&#8220; z_index=&#8220;&#8220;][vc_column]<div class='projects_holder_outer v3 portfolio_with_space portfolio_standard'><div class='projects_holder portfolio_main_holder clearfix v3 standard portfolio_landscape_image '>\n<article class='mix portfolio_category_121 ' style=''><div class=\"item_holder split_up\"><a itemprop=\"url\" class=\"portfolio_link_class\" title=\"Freshfields Dorf\" href=\"https:\/\/www.thomasandhutton.com\/de\/portfolio_page\/freshfields-dorf-2\/\"><\/a><div style=\"background-color: rgba(0,0,0,0.01)\" class=\"portfolio_shader\"><\/div><div class=\"image_holder\"><span class=\"image\"><img loading=\"lazy\" decoding=\"async\" width=\"800\" height=\"600\" src=\"https:\/\/www.thomasandhutton.com\/wp-content\/uploads\/2018\/04\/Kiawah-Island-Freshfields3-edited-800x600.jpg\" class=\"attachment-portfolio-landscape size-portfolio-landscape wp-post-image\" alt=\"\" \/><\/span><\/div><\/div><div class='portfolio_description text_align_left' style=background-color:#ffffff;'><h5 itemprop=\"name\" class=\"portfolio_title entry_title\"><a itemprop=\"url\" href=\"https:\/\/www.thomasandhutton.com\/de\/portfolio_page\/freshfields-dorf-2\/\" target=\"_self\" style=\"color: #799900;font-size: 24px\">Freshfields Dorf<\/a><\/h5><h5 itemprop=\"name\" class=\"portfolio_title entry_title2\"><a itemprop=\"url\" href=\"https:\/\/www.thomasandhutton.com\/de\/portfolio_page\/freshfields-dorf-2\/\" target=\"_self\" style=\"color: #799900;font-size: 24px\"><div class=\"viewpro\"><div class=\"viewproimg\"><img loading=\"lazy\" decoding=\"async\" src=\"https:\/\/www.thomasandhutton.com\/wp-content\/uploads\/2018\/04\/arrow-1.png\" alt=\"Smiley face\" height=\"8\" width=\"20\"><\/div>View Project<\/div><\/a><\/h5><\/div><\/article>\n<article class='mix portfolio_category_121 ' style=''><div class=\"item_holder split_up\"><a itemprop=\"url\" class=\"portfolio_link_class\" title=\"Der gemeinsame Markt\" href=\"https:\/\/www.thomasandhutton.com\/de\/portfolio_page\/der-gemeinsame-markt-3\/\"><\/a><div style=\"background-color: rgba(0,0,0,0.01)\" class=\"portfolio_shader\"><\/div><div class=\"image_holder\"><span class=\"image\"><img loading=\"lazy\" decoding=\"async\" width=\"800\" height=\"600\" src=\"https:\/\/www.thomasandhutton.com\/wp-content\/uploads\/2018\/04\/TMC-sunny-shot-800x600.jpg\" class=\"attachment-portfolio-landscape size-portfolio-landscape wp-post-image\" alt=\"\" \/><\/span><\/div><\/div><div class='portfolio_description text_align_left' style=background-color:#ffffff;'><h5 itemprop=\"name\" class=\"portfolio_title entry_title\"><a itemprop=\"url\" href=\"https:\/\/www.thomasandhutton.com\/de\/portfolio_page\/der-gemeinsame-markt-3\/\" target=\"_self\" style=\"color: #799900;font-size: 24px\">Der gemeinsame Markt<\/a><\/h5><h5 itemprop=\"name\" class=\"portfolio_title entry_title2\"><a itemprop=\"url\" href=\"https:\/\/www.thomasandhutton.com\/de\/portfolio_page\/der-gemeinsame-markt-3\/\" target=\"_self\" style=\"color: #799900;font-size: 24px\"><div class=\"viewpro\"><div class=\"viewproimg\"><img loading=\"lazy\" decoding=\"async\" src=\"https:\/\/www.thomasandhutton.com\/wp-content\/uploads\/2018\/04\/arrow-1.png\" alt=\"Smiley face\" height=\"8\" width=\"20\"><\/div>View Project<\/div><\/a><\/h5><\/div><\/article>\n<article class='mix portfolio_category_121 ' style=''><div class=\"item_holder split_up\"><a itemprop=\"url\" class=\"portfolio_link_class\" title=\"Whole Foods in der Victory Station\" href=\"https:\/\/www.thomasandhutton.com\/de\/portfolio_page\/whole-foods-in-der-victory-station-2\/\"><\/a><div style=\"background-color: rgba(0,0,0,0.01)\" class=\"portfolio_shader\"><\/div><div class=\"image_holder\"><span class=\"image\"><img loading=\"lazy\" decoding=\"async\" width=\"800\" height=\"600\" src=\"https:\/\/www.thomasandhutton.com\/wp-content\/uploads\/2018\/04\/Whole_Foods_04-800x600.jpg\" class=\"attachment-portfolio-landscape size-portfolio-landscape wp-post-image\" alt=\"\" srcset=\"https:\/\/www.thomasandhutton.com\/wp-content\/uploads\/2018\/04\/Whole_Foods_04-800x600.jpg 800w, https:\/\/www.thomasandhutton.com\/wp-content\/uploads\/2018\/04\/Whole_Foods_04-300x225.jpg 300w, https:\/\/www.thomasandhutton.com\/wp-content\/uploads\/2018\/04\/Whole_Foods_04-768x576.jpg 768w, https:\/\/www.thomasandhutton.com\/wp-content\/uploads\/2018\/04\/Whole_Foods_04-1024x768.jpg 1024w, https:\/\/www.thomasandhutton.com\/wp-content\/uploads\/2018\/04\/Whole_Foods_04-700x525.jpg 700w, https:\/\/www.thomasandhutton.com\/wp-content\/uploads\/2018\/04\/Whole_Foods_04.jpg 1920w\" sizes=\"auto, (max-width: 800px) 100vw, 800px\" \/><\/span><\/div><\/div><div class='portfolio_description text_align_left' style=background-color:#ffffff;'><h5 itemprop=\"name\" class=\"portfolio_title entry_title\"><a itemprop=\"url\" href=\"https:\/\/www.thomasandhutton.com\/de\/portfolio_page\/whole-foods-in-der-victory-station-2\/\" target=\"_self\" style=\"color: #799900;font-size: 24px\">Whole Foods in der Victory Station<\/a><\/h5><h5 itemprop=\"name\" class=\"portfolio_title entry_title2\"><a itemprop=\"url\" href=\"https:\/\/www.thomasandhutton.com\/de\/portfolio_page\/whole-foods-in-der-victory-station-2\/\" target=\"_self\" style=\"color: #799900;font-size: 24px\"><div class=\"viewpro\"><div class=\"viewproimg\"><img loading=\"lazy\" decoding=\"async\" src=\"https:\/\/www.thomasandhutton.com\/wp-content\/uploads\/2018\/04\/arrow-1.png\" alt=\"Smiley face\" height=\"8\" width=\"20\"><\/div>View Project<\/div><\/a><\/h5><\/div><\/article>\n<article class='mix portfolio_category_121 ' style=''><div class=\"item_holder split_up\"><a itemprop=\"url\" class=\"portfolio_link_class\" title=\"Stadtzentrum von Covington\" href=\"https:\/\/www.thomasandhutton.com\/de\/portfolio_page\/stadtzentrum-von-covington-2\/\"><\/a><div style=\"background-color: rgba(0,0,0,0.01)\" class=\"portfolio_shader\"><\/div><div class=\"image_holder\"><span class=\"image\"><img loading=\"lazy\" decoding=\"async\" width=\"800\" height=\"600\" src=\"https:\/\/www.thomasandhutton.com\/wp-content\/uploads\/2018\/09\/Covington-Town-Center-1-800x600.jpg\" class=\"attachment-portfolio-landscape size-portfolio-landscape wp-post-image\" alt=\"\" \/><\/span><\/div><\/div><div class='portfolio_description text_align_left' style=background-color:#ffffff;'><h5 itemprop=\"name\" class=\"portfolio_title entry_title\"><a itemprop=\"url\" href=\"https:\/\/www.thomasandhutton.com\/de\/portfolio_page\/stadtzentrum-von-covington-2\/\" target=\"_self\" style=\"color: #799900;font-size: 24px\">Stadtzentrum von Covington<\/a><\/h5><h5 itemprop=\"name\" class=\"portfolio_title entry_title2\"><a itemprop=\"url\" href=\"https:\/\/www.thomasandhutton.com\/de\/portfolio_page\/stadtzentrum-von-covington-2\/\" target=\"_self\" style=\"color: #799900;font-size: 24px\"><div class=\"viewpro\"><div class=\"viewproimg\"><img loading=\"lazy\" decoding=\"async\" src=\"https:\/\/www.thomasandhutton.com\/wp-content\/uploads\/2018\/04\/arrow-1.png\" alt=\"Smiley face\" height=\"8\" width=\"20\"><\/div>View Project<\/div><\/a><\/h5><\/div><\/article>\n<article class='mix portfolio_category_121 ' style=''><div class=\"item_holder split_up\"><a itemprop=\"url\" class=\"portfolio_link_class\" title=\"WestEdge\" href=\"https:\/\/www.thomasandhutton.com\/de\/portfolio_page\/westedge-3\/\"><\/a><div style=\"background-color: rgba(0,0,0,0.01)\" class=\"portfolio_shader\"><\/div><div class=\"image_holder\"><span class=\"image\"><img loading=\"lazy\" decoding=\"async\" width=\"800\" height=\"600\" src=\"https:\/\/www.thomasandhutton.com\/wp-content\/uploads\/2018\/01\/WestEdge-Carousel-2-800x600.jpg\" class=\"attachment-portfolio-landscape size-portfolio-landscape wp-post-image\" alt=\"\" srcset=\"https:\/\/www.thomasandhutton.com\/wp-content\/uploads\/2018\/01\/WestEdge-Carousel-2-800x600.jpg 800w, https:\/\/www.thomasandhutton.com\/wp-content\/uploads\/2018\/01\/WestEdge-Carousel-2-300x225.jpg 300w, https:\/\/www.thomasandhutton.com\/wp-content\/uploads\/2018\/01\/WestEdge-Carousel-2-1024x768.jpg 1024w, https:\/\/www.thomasandhutton.com\/wp-content\/uploads\/2018\/01\/WestEdge-Carousel-2-768x576.jpg 768w, https:\/\/www.thomasandhutton.com\/wp-content\/uploads\/2018\/01\/WestEdge-Carousel-2-1536x1152.jpg 1536w, https:\/\/www.thomasandhutton.com\/wp-content\/uploads\/2018\/01\/WestEdge-Carousel-2-700x525.jpg 700w, https:\/\/www.thomasandhutton.com\/wp-content\/uploads\/2018\/01\/WestEdge-Carousel-2.jpg 1920w\" sizes=\"auto, (max-width: 800px) 100vw, 800px\" \/><\/span><\/div><\/div><div class='portfolio_description text_align_left' style=background-color:#ffffff;'><h5 itemprop=\"name\" class=\"portfolio_title entry_title\"><a itemprop=\"url\" href=\"https:\/\/www.thomasandhutton.com\/de\/portfolio_page\/westedge-3\/\" target=\"_self\" style=\"color: #799900;font-size: 24px\">WestEdge<\/a><\/h5><h5 itemprop=\"name\" class=\"portfolio_title entry_title2\"><a itemprop=\"url\" href=\"https:\/\/www.thomasandhutton.com\/de\/portfolio_page\/westedge-3\/\" target=\"_self\" style=\"color: #799900;font-size: 24px\"><div class=\"viewpro\"><div class=\"viewproimg\"><img loading=\"lazy\" decoding=\"async\" src=\"https:\/\/www.thomasandhutton.com\/wp-content\/uploads\/2018\/04\/arrow-1.png\" alt=\"Smiley face\" height=\"8\" width=\"20\"><\/div>View Project<\/div><\/a><\/h5><\/div><\/article>\n<article class='mix portfolio_category_121 ' style=''><div class=\"item_holder split_up\"><a itemprop=\"url\" class=\"portfolio_link_class\" title=\"Daniel Island, SC\" href=\"https:\/\/www.thomasandhutton.com\/de\/portfolio_page\/daniel-island-sc-3\/\"><\/a><div style=\"background-color: rgba(0,0,0,0.01)\" class=\"portfolio_shader\"><\/div><div class=\"image_holder\"><span class=\"image\"><img loading=\"lazy\" decoding=\"async\" width=\"800\" height=\"600\" src=\"https:\/\/www.thomasandhutton.com\/wp-content\/uploads\/2018\/04\/MP_030501_CenterPark2-800x600.jpg\" class=\"attachment-portfolio-landscape size-portfolio-landscape wp-post-image\" alt=\"\" srcset=\"https:\/\/www.thomasandhutton.com\/wp-content\/uploads\/2018\/04\/MP_030501_CenterPark2-800x600.jpg 800w, https:\/\/www.thomasandhutton.com\/wp-content\/uploads\/2018\/04\/MP_030501_CenterPark2-300x225.jpg 300w, https:\/\/www.thomasandhutton.com\/wp-content\/uploads\/2018\/04\/MP_030501_CenterPark2-768x576.jpg 768w, https:\/\/www.thomasandhutton.com\/wp-content\/uploads\/2018\/04\/MP_030501_CenterPark2-1024x768.jpg 1024w, https:\/\/www.thomasandhutton.com\/wp-content\/uploads\/2018\/04\/MP_030501_CenterPark2-700x525.jpg 700w, https:\/\/www.thomasandhutton.com\/wp-content\/uploads\/2018\/04\/MP_030501_CenterPark2.jpg 1920w\" sizes=\"auto, (max-width: 800px) 100vw, 800px\" \/><\/span><\/div><\/div><div class='portfolio_description text_align_left' style=background-color:#ffffff;'><h5 itemprop=\"name\" class=\"portfolio_title entry_title\"><a itemprop=\"url\" href=\"https:\/\/www.thomasandhutton.com\/de\/portfolio_page\/daniel-island-sc-3\/\" target=\"_self\" style=\"color: #799900;font-size: 24px\">Daniel Island, SC<\/a><\/h5><h5 itemprop=\"name\" class=\"portfolio_title entry_title2\"><a itemprop=\"url\" href=\"https:\/\/www.thomasandhutton.com\/de\/portfolio_page\/daniel-island-sc-3\/\" target=\"_self\" style=\"color: #799900;font-size: 24px\"><div class=\"viewpro\"><div class=\"viewproimg\"><img loading=\"lazy\" decoding=\"async\" src=\"https:\/\/www.thomasandhutton.com\/wp-content\/uploads\/2018\/04\/arrow-1.png\" alt=\"Smiley face\" height=\"8\" width=\"20\"><\/div>View Project<\/div><\/a><\/h5><\/div><\/article>\n<div class='filler'><\/div>\n<div class='filler'><\/div>\n<div class='filler'><\/div>\n<\/div><div class=\"portfolio_paging\"><span rel=\"2\" class=\"load_more\"><a href=\"https:\/\/www.thomasandhutton.com\/de\/wp-json\/wp\/v2\/pages\/20575\/page\/2\/\" >Show more<\/a><\/span><\/div><div class=\"portfolio_paging_loading\"><a href=\"javascript: void(0)\" class=\"qbutton\">Loading...<\/a><\/div><\/div>[vc_empty_space height=&#8220;50px&#8220;][\/vc_column][\/vc_row]<\/p>\n<\/div>","protected":false},"excerpt":{"rendered":"<p>[vc_row css_animation=&#8220;&#8220; row_type=&#8220;row&#8220; use_row_as_full_screen_section=&#8220;no&#8220; type=&#8220;full_width&#8220; angled_section=&#8220;no&#8220; text_align=&#8220;left&#8220; background_image_as_pattern=&#8220;without_pattern&#8220; background_color=&#8220;#799900&#8243; z_index=&#8220;&#8220; css=&#8220;.vc_custom_1523400287498{padding-top: 30px !important;padding-bottom: 30px !important;background-color: #799900 !important;}&#8220;][vc_column][vc_column_text][\/vc_column_text][vc_single_image image=&#8220;1193&#8243; img_size=&#8220;full&#8220; alignment=&#8220;center&#8220; qode_css_animation=&#8220;&#8220;][vc_column_text] Einzelhandel \/ Gemischte Nutzung [\/vc_column_text][\/vc_column][\/vc_row][vc_row css_animation=&#8220;&#8220; row_type=&#8220;row&#8220; use_row_as_full_screen_section=&#8220;no&#8220; type=&#8220;full_width&#8220; angled_section=&#8220;no&#8220; text_align=&#8220;left&#8220; background_image_as_pattern=&#8220;without_pattern&#8220;][vc_column][vc_empty_space height=&#8220;50px&#8220;][\/vc_column][\/vc_row][vc_row css_animation=&#8220;&#8220; row_type=&#8220;row&#8220; use_row_as_full_screen_section=&#8220;yes&#8220; type=&#8220;grid&#8220; angled_section=&#8220;no&#8220; text_align=&#8220;left&#8220; background_image_as_pattern=&#8220;without_pattern&#8220; background_color=&#8220;#ffffff&#8220; z_index=&#8220;&#8220;][vc_column][vc_column_text]Thomas &amp; Hutton<\/p>\n","protected":false},"author":7,"featured_media":0,"parent":0,"menu_order":0,"comment_status":"closed","ping_status":"closed","template":"full_width.php","meta":{"content-type":"","footnotes":""},"class_list":["post-20575","page","type-page","status-publish","hentry"],"yoast_head":"<!-- This site is optimized with the Yoast SEO plugin v27.5 - https:\/\/yoast.com\/product\/yoast-seo-wordpress\/ -->\n<title>Einzelhandelsbau - Gemischt genutzte Einrichtungen | Thomas &amp; Hutton<\/title>\n<meta name=\"description\" content=\"Sie suchen eine Einzelhandelsimmobilie oder eine Immobilie mit gemischter Nutzung? Thomas &amp; Hutton kann sie nach Ihren W\u00fcnschen planen und bauen. Besuchen Sie uns online, um mehr zu erfahren.\" \/>\n<meta name=\"robots\" content=\"index, follow, max-snippet:-1, max-image-preview:large, max-video-preview:-1\" \/>\n<link rel=\"canonical\" href=\"https:\/\/www.thomasandhutton.com\/de\/einzelhandel-und-gemischte-nutzung-bau\/\" \/>\n<meta property=\"og:locale\" content=\"de_DE\" \/>\n<meta property=\"og:type\" content=\"article\" \/>\n<meta property=\"og:title\" content=\"Einzelhandelsbau - Gemischt genutzte Einrichtungen | Thomas &amp; Hutton\" \/>\n<meta property=\"og:description\" content=\"Sie suchen eine Einzelhandelsimmobilie oder eine Immobilie mit gemischter Nutzung? Thomas &amp; Hutton kann sie nach Ihren W\u00fcnschen planen und bauen. Besuchen Sie uns online, um mehr zu erfahren.\" \/>\n<meta property=\"og:url\" content=\"https:\/\/www.thomasandhutton.com\/de\/einzelhandel-und-gemischte-nutzung-bau\/\" \/>\n<meta property=\"og:site_name\" content=\"Thomas &amp; Hutton\" \/>\n<meta property=\"article:publisher\" content=\"https:\/\/www.facebook.com\/THengineers\/\" \/>\n<meta property=\"article:modified_time\" content=\"2023-03-03T18:04:34+00:00\" \/>\n<meta name=\"twitter:card\" content=\"summary_large_image\" \/>\n<meta name=\"twitter:site\" content=\"@thomasandhutton\" \/>\n<meta name=\"twitter:label1\" content=\"Gesch\u00e4tzte Lesezeit\" \/>\n\t<meta name=\"twitter:data1\" content=\"2\u00a0Minuten\" \/>\n<script type=\"application\/ld+json\" class=\"yoast-schema-graph\">{\"@context\":\"https:\\\/\\\/schema.org\",\"@graph\":[{\"@type\":\"WebPage\",\"@id\":\"https:\\\/\\\/www.thomasandhutton.com\\\/de\\\/einzelhandel-und-gemischte-nutzung-bau\\\/\",\"url\":\"https:\\\/\\\/www.thomasandhutton.com\\\/de\\\/einzelhandel-und-gemischte-nutzung-bau\\\/\",\"name\":\"Einzelhandelsbau - Gemischt genutzte Einrichtungen | Thomas & Hutton\",\"isPartOf\":{\"@id\":\"https:\\\/\\\/www.thomasandhutton.com\\\/de\\\/#website\"},\"datePublished\":\"2018-04-22T17:34:20+00:00\",\"dateModified\":\"2023-03-03T18:04:34+00:00\",\"description\":\"Sie suchen eine Einzelhandelsimmobilie oder eine Immobilie mit gemischter Nutzung? Thomas & Hutton kann sie nach Ihren W\u00fcnschen planen und bauen. Besuchen Sie uns online, um mehr zu erfahren.\",\"breadcrumb\":{\"@id\":\"https:\\\/\\\/www.thomasandhutton.com\\\/de\\\/einzelhandel-und-gemischte-nutzung-bau\\\/#breadcrumb\"},\"inLanguage\":\"de\",\"potentialAction\":[{\"@type\":\"ReadAction\",\"target\":[\"https:\\\/\\\/www.thomasandhutton.com\\\/de\\\/einzelhandel-und-gemischte-nutzung-bau\\\/\"]}]},{\"@type\":\"BreadcrumbList\",\"@id\":\"https:\\\/\\\/www.thomasandhutton.com\\\/de\\\/einzelhandel-und-gemischte-nutzung-bau\\\/#breadcrumb\",\"itemListElement\":[{\"@type\":\"ListItem\",\"position\":1,\"name\":\"Home\",\"item\":\"https:\\\/\\\/www.thomasandhutton.com\\\/de\\\/\"},{\"@type\":\"ListItem\",\"position\":2,\"name\":\"Einzelhandel und gemischte Nutzung Bau\"}]},{\"@type\":\"WebSite\",\"@id\":\"https:\\\/\\\/www.thomasandhutton.com\\\/de\\\/#website\",\"url\":\"https:\\\/\\\/www.thomasandhutton.com\\\/de\\\/\",\"name\":\"Thomas & Hutton\",\"description\":\"Engineering | Surveying | Landscape Architecture | GIS | Consulting\",\"publisher\":{\"@id\":\"https:\\\/\\\/www.thomasandhutton.com\\\/de\\\/#organization\"},\"potentialAction\":[{\"@type\":\"SearchAction\",\"target\":{\"@type\":\"EntryPoint\",\"urlTemplate\":\"https:\\\/\\\/www.thomasandhutton.com\\\/de\\\/?s={search_term_string}\"},\"query-input\":{\"@type\":\"PropertyValueSpecification\",\"valueRequired\":true,\"valueName\":\"search_term_string\"}}],\"inLanguage\":\"de\"},{\"@type\":\"Organization\",\"@id\":\"https:\\\/\\\/www.thomasandhutton.com\\\/de\\\/#organization\",\"name\":\"Thomas & Hutton\",\"url\":\"https:\\\/\\\/www.thomasandhutton.com\\\/de\\\/\",\"logo\":{\"@type\":\"ImageObject\",\"inLanguage\":\"de\",\"@id\":\"https:\\\/\\\/www.thomasandhutton.com\\\/de\\\/#\\\/schema\\\/logo\\\/image\\\/\",\"url\":\"https:\\\/\\\/www.thomasandhutton.com\\\/wp-content\\\/uploads\\\/2018\\\/06\\\/TH_LOGO__2.png\",\"contentUrl\":\"https:\\\/\\\/www.thomasandhutton.com\\\/wp-content\\\/uploads\\\/2018\\\/06\\\/TH_LOGO__2.png\",\"width\":141,\"height\":46,\"caption\":\"Thomas & Hutton\"},\"image\":{\"@id\":\"https:\\\/\\\/www.thomasandhutton.com\\\/de\\\/#\\\/schema\\\/logo\\\/image\\\/\"},\"sameAs\":[\"https:\\\/\\\/www.facebook.com\\\/THengineers\\\/\",\"https:\\\/\\\/x.com\\\/thomasandhutton\",\"https:\\\/\\\/www.instagram.com\\\/ThomasandHutton\\\/\",\"https:\\\/\\\/www.linkedin.com\\\/company\\\/thomas-&amp;amp;-hutton-engineering-co.\",\"https:\\\/\\\/www.youtube.com\\\/user\\\/ThomasandHutton\"]}]}<\/script>\n<!-- \/ Yoast SEO plugin. -->","yoast_head_json":{"title":"Einzelhandelsbau - Gemischt genutzte Einrichtungen | Thomas & Hutton","description":"Sie suchen eine Einzelhandelsimmobilie oder eine Immobilie mit gemischter Nutzung? Thomas & Hutton kann sie nach Ihren W\u00fcnschen planen und bauen. Besuchen Sie uns online, um mehr zu erfahren.","robots":{"index":"index","follow":"follow","max-snippet":"max-snippet:-1","max-image-preview":"max-image-preview:large","max-video-preview":"max-video-preview:-1"},"canonical":"https:\/\/www.thomasandhutton.com\/de\/einzelhandel-und-gemischte-nutzung-bau\/","og_locale":"de_DE","og_type":"article","og_title":"Einzelhandelsbau - Gemischt genutzte Einrichtungen | Thomas & Hutton","og_description":"Sie suchen eine Einzelhandelsimmobilie oder eine Immobilie mit gemischter Nutzung? Thomas & Hutton kann sie nach Ihren W\u00fcnschen planen und bauen. Besuchen Sie uns online, um mehr zu erfahren.","og_url":"https:\/\/www.thomasandhutton.com\/de\/einzelhandel-und-gemischte-nutzung-bau\/","og_site_name":"Thomas &amp; Hutton","article_publisher":"https:\/\/www.facebook.com\/THengineers\/","article_modified_time":"2023-03-03T18:04:34+00:00","twitter_card":"summary_large_image","twitter_site":"@thomasandhutton","twitter_misc":{"Gesch\u00e4tzte Lesezeit":"2\u00a0Minuten"},"schema":{"@context":"https:\/\/schema.org","@graph":[{"@type":"WebPage","@id":"https:\/\/www.thomasandhutton.com\/de\/einzelhandel-und-gemischte-nutzung-bau\/","url":"https:\/\/www.thomasandhutton.com\/de\/einzelhandel-und-gemischte-nutzung-bau\/","name":"Einzelhandelsbau - Gemischt genutzte Einrichtungen | Thomas & Hutton","isPartOf":{"@id":"https:\/\/www.thomasandhutton.com\/de\/#website"},"datePublished":"2018-04-22T17:34:20+00:00","dateModified":"2023-03-03T18:04:34+00:00","description":"Sie suchen eine Einzelhandelsimmobilie oder eine Immobilie mit gemischter Nutzung? Thomas & Hutton kann sie nach Ihren W\u00fcnschen planen und bauen. Besuchen Sie uns online, um mehr zu erfahren.","breadcrumb":{"@id":"https:\/\/www.thomasandhutton.com\/de\/einzelhandel-und-gemischte-nutzung-bau\/#breadcrumb"},"inLanguage":"de","potentialAction":[{"@type":"ReadAction","target":["https:\/\/www.thomasandhutton.com\/de\/einzelhandel-und-gemischte-nutzung-bau\/"]}]},{"@type":"BreadcrumbList","@id":"https:\/\/www.thomasandhutton.com\/de\/einzelhandel-und-gemischte-nutzung-bau\/#breadcrumb","itemListElement":[{"@type":"ListItem","position":1,"name":"Home","item":"https:\/\/www.thomasandhutton.com\/de\/"},{"@type":"ListItem","position":2,"name":"Einzelhandel und gemischte Nutzung Bau"}]},{"@type":"WebSite","@id":"https:\/\/www.thomasandhutton.com\/de\/#website","url":"https:\/\/www.thomasandhutton.com\/de\/","name":"Thomas & Hutton","description":"Engineering | Surveying | Landscape Architecture | GIS | Consulting","publisher":{"@id":"https:\/\/www.thomasandhutton.com\/de\/#organization"},"potentialAction":[{"@type":"SearchAction","target":{"@type":"EntryPoint","urlTemplate":"https:\/\/www.thomasandhutton.com\/de\/?s={search_term_string}"},"query-input":{"@type":"PropertyValueSpecification","valueRequired":true,"valueName":"search_term_string"}}],"inLanguage":"de"},{"@type":"Organization","@id":"https:\/\/www.thomasandhutton.com\/de\/#organization","name":"Thomas & Hutton","url":"https:\/\/www.thomasandhutton.com\/de\/","logo":{"@type":"ImageObject","inLanguage":"de","@id":"https:\/\/www.thomasandhutton.com\/de\/#\/schema\/logo\/image\/","url":"https:\/\/www.thomasandhutton.com\/wp-content\/uploads\/2018\/06\/TH_LOGO__2.png","contentUrl":"https:\/\/www.thomasandhutton.com\/wp-content\/uploads\/2018\/06\/TH_LOGO__2.png","width":141,"height":46,"caption":"Thomas & Hutton"},"image":{"@id":"https:\/\/www.thomasandhutton.com\/de\/#\/schema\/logo\/image\/"},"sameAs":["https:\/\/www.facebook.com\/THengineers\/","https:\/\/x.com\/thomasandhutton","https:\/\/www.instagram.com\/ThomasandHutton\/","https:\/\/www.linkedin.com\/company\/thomas-&amp;amp;-hutton-engineering-co.","https:\/\/www.youtube.com\/user\/ThomasandHutton"]}]}},"_links":{"self":[{"href":"https:\/\/www.thomasandhutton.com\/de\/wp-json\/wp\/v2\/pages\/20575","targetHints":{"allow":["GET"]}}],"collection":[{"href":"https:\/\/www.thomasandhutton.com\/de\/wp-json\/wp\/v2\/pages"}],"about":[{"href":"https:\/\/www.thomasandhutton.com\/de\/wp-json\/wp\/v2\/types\/page"}],"author":[{"embeddable":true,"href":"https:\/\/www.thomasandhutton.com\/de\/wp-json\/wp\/v2\/users\/7"}],"replies":[{"embeddable":true,"href":"https:\/\/www.thomasandhutton.com\/de\/wp-json\/wp\/v2\/comments?post=20575"}],"version-history":[{"count":21,"href":"https:\/\/www.thomasandhutton.com\/de\/wp-json\/wp\/v2\/pages\/20575\/revisions"}],"predecessor-version":[{"id":21313,"href":"https:\/\/www.thomasandhutton.com\/de\/wp-json\/wp\/v2\/pages\/20575\/revisions\/21313"}],"wp:attachment":[{"href":"https:\/\/www.thomasandhutton.com\/de\/wp-json\/wp\/v2\/media?parent=20575"}],"curies":[{"name":"wp","href":"https:\/\/api.w.org\/{rel}","templated":true}]}}