{"id":20874,"date":"2018-05-01T15:25:28","date_gmt":"2018-05-01T15:25:28","guid":{"rendered":"https:\/\/www.thomasandhutton.com\/programm-management\/"},"modified":"2023-03-03T19:02:53","modified_gmt":"2023-03-03T19:02:53","slug":"programm-management","status":"publish","type":"page","link":"https:\/\/www.thomasandhutton.com\/de\/programm-management\/","title":{"rendered":"Programm-Management"},"content":{"rendered":"<div class=\"wpb-content-wrapper\"><p>[vc_row css_animation=&#8220;&#8220; row_type=&#8220;row&#8220; use_row_as_full_screen_section=&#8220;no&#8220; type=&#8220;full_width&#8220; angled_section=&#8220;no&#8220; text_align=&#8220;left&#8220; background_image_as_pattern=&#8220;without_pattern&#8220; background_color=&#8220;#799900&#8243; z_index=&#8220;&#8220; css=&#8220;.vc_custom_1523400287498{padding-top: 30px !important;padding-bottom: 30px !important;background-color: #799900 !important;}&#8220;][vc_column][vc_column_text][\/vc_column_text][vc_single_image image=&#8220;1739&#8243; img_size=&#8220;full&#8220; alignment=&#8220;center&#8220; qode_css_animation=&#8220;&#8220;][vc_column_text]<\/p>\n<h1 style=\"text-align: center;\"><span style=\"color: #ffffff;\">Programme zur Kapitalverbesserung \/ SPLOST-Verwaltung<\/span><\/h1>\n<p>[\/vc_column_text][\/vc_column][\/vc_row][vc_row css_animation=&#8220;&#8220; row_type=&#8220;row&#8220; use_row_as_full_screen_section=&#8220;no&#8220; type=&#8220;full_width&#8220; angled_section=&#8220;no&#8220; text_align=&#8220;left&#8220; background_image_as_pattern=&#8220;without_pattern&#8220;][vc_column][vc_empty_space height=&#8220;50px&#8220;][\/vc_column][\/vc_row][vc_row css_animation=&#8220;&#8220; row_type=&#8220;row&#8220; use_row_as_full_screen_section=&#8220;yes&#8220; type=&#8220;grid&#8220; angled_section=&#8220;no&#8220; text_align=&#8220;left&#8220; background_image_as_pattern=&#8220;without_pattern&#8220; background_color=&#8220;#ffffff&#8220; z_index=&#8220;&#8220;][vc_column][vc_column_text]<span style=\"font-weight: 400;\">Thomas &amp; Hutton verf\u00fcgt \u00fcber umfangreiche Erfahrungen bei der \u00dcberwachung und Verwaltung von F\u00f6rderprogrammen, wie z. B. Capital Improvement Programs \/ SPLOST-Programme. Dieses umfassende Fachwissen hat uns ein einzigartiges Verst\u00e4ndnis f\u00fcr diese Art von Programmen vermittelt und unserem Team die M\u00f6glichkeit gegeben, die am besten geeignete und effizienteste Methodik und Vorgehensweise f\u00fcr die Arbeit und Durchf\u00fchrung von Projekten mit dieser Finanzierungsquelle zu entwickeln.<\/span>[\/vc_column_text][vc_empty_space height=&#8220;25px&#8220;][vc_empty_space height=&#8220;25px&#8220;][\/vc_column][\/vc_row][vc_row css_animation=&#8220;&#8220; row_type=&#8220;row&#8220; use_row_as_full_screen_section=&#8220;no&#8220; type=&#8220;full_width&#8220; angled_section=&#8220;no&#8220; text_align=&#8220;left&#8220; background_image_as_pattern=&#8220;without_pattern&#8220; z_index=&#8220;&#8220; css=&#8220;.vc_custom_1527959868801{padding-bottom: 15px !important;}&#8220;][vc_column][vc_column_text]<\/p>\n<h3 style=\"text-align: center;\">Projekte<\/h3>\n<p>[\/vc_column_text][\/vc_column][\/vc_row][vc_row css_animation=&#8220;&#8220; row_type=&#8220;row&#8220; use_row_as_full_screen_section=&#8220;no&#8220; type=&#8220;grid&#8220; angled_section=&#8220;no&#8220; text_align=&#8220;left&#8220; background_image_as_pattern=&#8220;without_pattern&#8220; z_index=&#8220;&#8220;][vc_column]<div class='projects_holder_outer v3 portfolio_with_space portfolio_standard'><div class='projects_holder portfolio_main_holder clearfix v3 standard portfolio_landscape_image '>\n<article class='mix portfolio_category_57 portfolio_category_72 ' style=''><div class=\"item_holder split_up\"><a itemprop=\"url\" class=\"portfolio_link_class\" title=\"Savannah Chatham County \u00d6ffentliches Schulsystem Programmverwaltung\" href=\"https:\/\/www.thomasandhutton.com\/de\/portfolio_page\/savannah-chatham-county-oeffentliches-schulsystem-programmverwaltung\/\"><\/a><div style=\"background-color: rgba(0,0,0,0.01)\" class=\"portfolio_shader\"><\/div><div class=\"image_holder\"><span class=\"image\"><img loading=\"lazy\" decoding=\"async\" width=\"800\" height=\"600\" src=\"https:\/\/www.thomasandhutton.com\/wp-content\/uploads\/2018\/04\/Rice-Creek-Front-800x600.jpg\" class=\"attachment-portfolio-landscape size-portfolio-landscape wp-post-image\" alt=\"\" \/><\/span><\/div><\/div><div class='portfolio_description text_align_left' style=background-color:#ffffff;'><h5 itemprop=\"name\" class=\"portfolio_title entry_title\"><a itemprop=\"url\" href=\"https:\/\/www.thomasandhutton.com\/de\/portfolio_page\/savannah-chatham-county-oeffentliches-schulsystem-programmverwaltung\/\" target=\"_self\" style=\"color: #799900;font-size: 24px\">Savannah Chatham County \u00d6ffentliches Schulsystem Programmverwaltung<\/a><\/h5><h5 itemprop=\"name\" class=\"portfolio_title entry_title2\"><a itemprop=\"url\" href=\"https:\/\/www.thomasandhutton.com\/de\/portfolio_page\/savannah-chatham-county-oeffentliches-schulsystem-programmverwaltung\/\" target=\"_self\" style=\"color: #799900;font-size: 24px\"><div class=\"viewpro\"><div class=\"viewproimg\"><img loading=\"lazy\" decoding=\"async\" src=\"https:\/\/www.thomasandhutton.com\/wp-content\/uploads\/2018\/04\/arrow-1.png\" alt=\"Smiley face\" height=\"8\" width=\"20\"><\/div>View Project<\/div><\/a><\/h5><\/div><\/article>\n<article class='mix portfolio_category_72 portfolio_category_99 portfolio_category_79 ' style=''><div class=\"item_holder split_up\"><a itemprop=\"url\" class=\"portfolio_link_class\" title=\"Volvo Fertigungsinfrastruktur\" href=\"https:\/\/www.thomasandhutton.com\/de\/portfolio_page\/volvo-fertigungsinfrastruktur\/\"><\/a><div style=\"background-color: rgba(0,0,0,0.01)\" class=\"portfolio_shader\"><\/div><div class=\"image_holder\"><span class=\"image\"><img loading=\"lazy\" decoding=\"async\" width=\"800\" height=\"600\" src=\"https:\/\/www.thomasandhutton.com\/wp-content\/uploads\/2018\/04\/tnemec22-5-800x600.jpg\" class=\"attachment-portfolio-landscape size-portfolio-landscape wp-post-image\" alt=\"\" srcset=\"https:\/\/www.thomasandhutton.com\/wp-content\/uploads\/2018\/04\/tnemec22-5-800x600.jpg 800w, https:\/\/www.thomasandhutton.com\/wp-content\/uploads\/2018\/04\/tnemec22-5-300x225.jpg 300w, https:\/\/www.thomasandhutton.com\/wp-content\/uploads\/2018\/04\/tnemec22-5-768x576.jpg 768w, https:\/\/www.thomasandhutton.com\/wp-content\/uploads\/2018\/04\/tnemec22-5-1024x768.jpg 1024w, https:\/\/www.thomasandhutton.com\/wp-content\/uploads\/2018\/04\/tnemec22-5-700x525.jpg 700w, https:\/\/www.thomasandhutton.com\/wp-content\/uploads\/2018\/04\/tnemec22-5.jpg 1920w\" sizes=\"auto, (max-width: 800px) 100vw, 800px\" \/><\/span><\/div><\/div><div class='portfolio_description text_align_left' style=background-color:#ffffff;'><h5 itemprop=\"name\" class=\"portfolio_title entry_title\"><a itemprop=\"url\" href=\"https:\/\/www.thomasandhutton.com\/de\/portfolio_page\/volvo-fertigungsinfrastruktur\/\" target=\"_self\" style=\"color: #799900;font-size: 24px\">Volvo Fertigungsinfrastruktur<\/a><\/h5><h5 itemprop=\"name\" class=\"portfolio_title entry_title2\"><a itemprop=\"url\" href=\"https:\/\/www.thomasandhutton.com\/de\/portfolio_page\/volvo-fertigungsinfrastruktur\/\" target=\"_self\" style=\"color: #799900;font-size: 24px\"><div class=\"viewpro\"><div class=\"viewproimg\"><img loading=\"lazy\" decoding=\"async\" src=\"https:\/\/www.thomasandhutton.com\/wp-content\/uploads\/2018\/04\/arrow-1.png\" alt=\"Smiley face\" height=\"8\" width=\"20\"><\/div>View Project<\/div><\/a><\/h5><\/div><\/article>\n<div class='filler'><\/div>\n<div class='filler'><\/div>\n<div class='filler'><\/div>\n<\/div><\/div>[\/vc_column][\/vc_row][vc_row css_animation=&#8220;&#8220; row_type=&#8220;row&#8220; use_row_as_full_screen_section=&#8220;no&#8220; type=&#8220;full_width&#8220; angled_section=&#8220;no&#8220; text_align=&#8220;left&#8220; background_image_as_pattern=&#8220;without_pattern&#8220; css=&#8220;.vc_custom_1523407853199{padding: 60px !important;background-color: #f0f0f0 !important;}&#8220; z_index=&#8220;&#8220;][vc_column][vc_row_inner row_type=&#8220;row&#8220; type=&#8220;full_width&#8220; text_align=&#8220;left&#8220; css_animation=&#8220;&#8220; css=&#8220;.vc_custom_1523407796138{padding: 30px !important;}&#8220;][vc_column_inner][vc_column_text]<\/p>\n<h1 style=\"text-align: center;\">DIENSTLEITER<\/h1>\n<p>[\/vc_column_text][\/vc_column_inner][\/vc_row_inner][vc_row_inner row_type=&#8220;row&#8220; type=&#8220;grid&#8220; text_align=&#8220;center&#8220; css_animation=&#8220;&#8220; css=&#8220;.vc_custom_1523922363788{padding: 0px !important;}&#8220;][vc_column_inner width=&#8220;1\/3&#8243;][\/vc_column_inner][vc_column_inner width=&#8220;1\/3&#8243;][\/vc_column_inner][\/vc_row_inner][\/vc_column][\/vc_row]<\/p>\n<\/div>","protected":false},"excerpt":{"rendered":"<p>[vc_row css_animation=&#8220;&#8220; row_type=&#8220;row&#8220; use_row_as_full_screen_section=&#8220;no&#8220; type=&#8220;full_width&#8220; angled_section=&#8220;no&#8220; text_align=&#8220;left&#8220; background_image_as_pattern=&#8220;without_pattern&#8220; background_color=&#8220;#799900&#8243; z_index=&#8220;&#8220; css=&#8220;.vc_custom_1523400287498{padding-top: 30px !important;padding-bottom: 30px !important;background-color: #799900 !important;}&#8220;][vc_column][vc_column_text][\/vc_column_text][vc_single_image image=&#8220;1739&#8243; img_size=&#8220;full&#8220; alignment=&#8220;center&#8220; qode_css_animation=&#8220;&#8220;][vc_column_text] Programme zur Kapitalverbesserung \/ SPLOST-Verwaltung [\/vc_column_text][\/vc_column][\/vc_row][vc_row css_animation=&#8220;&#8220; row_type=&#8220;row&#8220; use_row_as_full_screen_section=&#8220;no&#8220; type=&#8220;full_width&#8220; angled_section=&#8220;no&#8220; text_align=&#8220;left&#8220; background_image_as_pattern=&#8220;without_pattern&#8220;][vc_column][vc_empty_space height=&#8220;50px&#8220;][\/vc_column][\/vc_row][vc_row css_animation=&#8220;&#8220; row_type=&#8220;row&#8220; use_row_as_full_screen_section=&#8220;yes&#8220; type=&#8220;grid&#8220; angled_section=&#8220;no&#8220; text_align=&#8220;left&#8220; background_image_as_pattern=&#8220;without_pattern&#8220; background_color=&#8220;#ffffff&#8220; z_index=&#8220;&#8220;][vc_column][vc_column_text]Thomas &amp;<\/p>\n","protected":false},"author":7,"featured_media":0,"parent":0,"menu_order":0,"comment_status":"closed","ping_status":"closed","template":"full_width.php","meta":{"content-type":"","footnotes":""},"class_list":["post-20874","page","type-page","status-publish","hentry"],"yoast_head":"<!-- This site is optimized with the Yoast SEO plugin v27.5 - https:\/\/yoast.com\/product\/yoast-seo-wordpress\/ -->\n<title>Programme zur Kapitalverbesserung \/ SPLOST Management | Thomas &amp; Hutton<\/title>\n<meta name=\"description\" content=\"Thomas &amp; Hutton verf\u00fcgt \u00fcber umfangreiche Erfahrungen bei der \u00dcberwachung und Verwaltung von F\u00f6rderprogrammen, wie z. B. Capital Improvement Programs \/ SPLOST-Programme.\" \/>\n<meta name=\"robots\" content=\"index, follow, max-snippet:-1, max-image-preview:large, max-video-preview:-1\" \/>\n<link rel=\"canonical\" href=\"https:\/\/www.thomasandhutton.com\/de\/programm-management\/\" \/>\n<meta property=\"og:locale\" content=\"de_DE\" \/>\n<meta property=\"og:type\" content=\"article\" \/>\n<meta property=\"og:title\" content=\"Programme zur Kapitalverbesserung \/ SPLOST Management | Thomas &amp; Hutton\" \/>\n<meta property=\"og:description\" content=\"Thomas &amp; Hutton verf\u00fcgt \u00fcber umfangreiche Erfahrungen bei der \u00dcberwachung und Verwaltung von F\u00f6rderprogrammen, wie z. B. Capital Improvement Programs \/ SPLOST-Programme.\" \/>\n<meta property=\"og:url\" content=\"https:\/\/www.thomasandhutton.com\/de\/programm-management\/\" \/>\n<meta property=\"og:site_name\" content=\"Thomas &amp; Hutton\" \/>\n<meta property=\"article:publisher\" content=\"https:\/\/www.facebook.com\/THengineers\/\" \/>\n<meta property=\"article:modified_time\" content=\"2023-03-03T19:02:53+00:00\" \/>\n<meta name=\"twitter:card\" content=\"summary_large_image\" \/>\n<meta name=\"twitter:site\" content=\"@thomasandhutton\" \/>\n<meta name=\"twitter:label1\" content=\"Gesch\u00e4tzte Lesezeit\" \/>\n\t<meta name=\"twitter:data1\" content=\"3\u00a0Minuten\" \/>\n<script type=\"application\/ld+json\" class=\"yoast-schema-graph\">{\"@context\":\"https:\\\/\\\/schema.org\",\"@graph\":[{\"@type\":\"WebPage\",\"@id\":\"https:\\\/\\\/www.thomasandhutton.com\\\/de\\\/programm-management\\\/\",\"url\":\"https:\\\/\\\/www.thomasandhutton.com\\\/de\\\/programm-management\\\/\",\"name\":\"Programme zur Kapitalverbesserung \\\/ SPLOST Management | Thomas & Hutton\",\"isPartOf\":{\"@id\":\"https:\\\/\\\/www.thomasandhutton.com\\\/de\\\/#website\"},\"datePublished\":\"2018-05-01T15:25:28+00:00\",\"dateModified\":\"2023-03-03T19:02:53+00:00\",\"description\":\"Thomas & Hutton verf\u00fcgt \u00fcber umfangreiche Erfahrungen bei der \u00dcberwachung und Verwaltung von F\u00f6rderprogrammen, wie z. B. Capital Improvement Programs \\\/ SPLOST-Programme.\",\"breadcrumb\":{\"@id\":\"https:\\\/\\\/www.thomasandhutton.com\\\/de\\\/programm-management\\\/#breadcrumb\"},\"inLanguage\":\"de\",\"potentialAction\":[{\"@type\":\"ReadAction\",\"target\":[\"https:\\\/\\\/www.thomasandhutton.com\\\/de\\\/programm-management\\\/\"]}]},{\"@type\":\"BreadcrumbList\",\"@id\":\"https:\\\/\\\/www.thomasandhutton.com\\\/de\\\/programm-management\\\/#breadcrumb\",\"itemListElement\":[{\"@type\":\"ListItem\",\"position\":1,\"name\":\"Home\",\"item\":\"https:\\\/\\\/www.thomasandhutton.com\\\/de\\\/\"},{\"@type\":\"ListItem\",\"position\":2,\"name\":\"Programm-Management\"}]},{\"@type\":\"WebSite\",\"@id\":\"https:\\\/\\\/www.thomasandhutton.com\\\/de\\\/#website\",\"url\":\"https:\\\/\\\/www.thomasandhutton.com\\\/de\\\/\",\"name\":\"Thomas & Hutton\",\"description\":\"Engineering | Surveying | Landscape Architecture | GIS | Consulting\",\"publisher\":{\"@id\":\"https:\\\/\\\/www.thomasandhutton.com\\\/de\\\/#organization\"},\"potentialAction\":[{\"@type\":\"SearchAction\",\"target\":{\"@type\":\"EntryPoint\",\"urlTemplate\":\"https:\\\/\\\/www.thomasandhutton.com\\\/de\\\/?s={search_term_string}\"},\"query-input\":{\"@type\":\"PropertyValueSpecification\",\"valueRequired\":true,\"valueName\":\"search_term_string\"}}],\"inLanguage\":\"de\"},{\"@type\":\"Organization\",\"@id\":\"https:\\\/\\\/www.thomasandhutton.com\\\/de\\\/#organization\",\"name\":\"Thomas & Hutton\",\"url\":\"https:\\\/\\\/www.thomasandhutton.com\\\/de\\\/\",\"logo\":{\"@type\":\"ImageObject\",\"inLanguage\":\"de\",\"@id\":\"https:\\\/\\\/www.thomasandhutton.com\\\/de\\\/#\\\/schema\\\/logo\\\/image\\\/\",\"url\":\"https:\\\/\\\/www.thomasandhutton.com\\\/wp-content\\\/uploads\\\/2018\\\/06\\\/TH_LOGO__2.png\",\"contentUrl\":\"https:\\\/\\\/www.thomasandhutton.com\\\/wp-content\\\/uploads\\\/2018\\\/06\\\/TH_LOGO__2.png\",\"width\":141,\"height\":46,\"caption\":\"Thomas & Hutton\"},\"image\":{\"@id\":\"https:\\\/\\\/www.thomasandhutton.com\\\/de\\\/#\\\/schema\\\/logo\\\/image\\\/\"},\"sameAs\":[\"https:\\\/\\\/www.facebook.com\\\/THengineers\\\/\",\"https:\\\/\\\/x.com\\\/thomasandhutton\",\"https:\\\/\\\/www.instagram.com\\\/ThomasandHutton\\\/\",\"https:\\\/\\\/www.linkedin.com\\\/company\\\/thomas-&amp;amp;-hutton-engineering-co.\",\"https:\\\/\\\/www.youtube.com\\\/user\\\/ThomasandHutton\"]}]}<\/script>\n<!-- \/ Yoast SEO plugin. -->","yoast_head_json":{"title":"Programme zur Kapitalverbesserung \/ SPLOST Management | Thomas & Hutton","description":"Thomas & Hutton verf\u00fcgt \u00fcber umfangreiche Erfahrungen bei der \u00dcberwachung und Verwaltung von F\u00f6rderprogrammen, wie z. B. Capital Improvement Programs \/ SPLOST-Programme.","robots":{"index":"index","follow":"follow","max-snippet":"max-snippet:-1","max-image-preview":"max-image-preview:large","max-video-preview":"max-video-preview:-1"},"canonical":"https:\/\/www.thomasandhutton.com\/de\/programm-management\/","og_locale":"de_DE","og_type":"article","og_title":"Programme zur Kapitalverbesserung \/ SPLOST Management | Thomas & Hutton","og_description":"Thomas & Hutton verf\u00fcgt \u00fcber umfangreiche Erfahrungen bei der \u00dcberwachung und Verwaltung von F\u00f6rderprogrammen, wie z. B. Capital Improvement Programs \/ SPLOST-Programme.","og_url":"https:\/\/www.thomasandhutton.com\/de\/programm-management\/","og_site_name":"Thomas &amp; Hutton","article_publisher":"https:\/\/www.facebook.com\/THengineers\/","article_modified_time":"2023-03-03T19:02:53+00:00","twitter_card":"summary_large_image","twitter_site":"@thomasandhutton","twitter_misc":{"Gesch\u00e4tzte Lesezeit":"3\u00a0Minuten"},"schema":{"@context":"https:\/\/schema.org","@graph":[{"@type":"WebPage","@id":"https:\/\/www.thomasandhutton.com\/de\/programm-management\/","url":"https:\/\/www.thomasandhutton.com\/de\/programm-management\/","name":"Programme zur Kapitalverbesserung \/ SPLOST Management | Thomas & Hutton","isPartOf":{"@id":"https:\/\/www.thomasandhutton.com\/de\/#website"},"datePublished":"2018-05-01T15:25:28+00:00","dateModified":"2023-03-03T19:02:53+00:00","description":"Thomas & Hutton verf\u00fcgt \u00fcber umfangreiche Erfahrungen bei der \u00dcberwachung und Verwaltung von F\u00f6rderprogrammen, wie z. B. Capital Improvement Programs \/ SPLOST-Programme.","breadcrumb":{"@id":"https:\/\/www.thomasandhutton.com\/de\/programm-management\/#breadcrumb"},"inLanguage":"de","potentialAction":[{"@type":"ReadAction","target":["https:\/\/www.thomasandhutton.com\/de\/programm-management\/"]}]},{"@type":"BreadcrumbList","@id":"https:\/\/www.thomasandhutton.com\/de\/programm-management\/#breadcrumb","itemListElement":[{"@type":"ListItem","position":1,"name":"Home","item":"https:\/\/www.thomasandhutton.com\/de\/"},{"@type":"ListItem","position":2,"name":"Programm-Management"}]},{"@type":"WebSite","@id":"https:\/\/www.thomasandhutton.com\/de\/#website","url":"https:\/\/www.thomasandhutton.com\/de\/","name":"Thomas & Hutton","description":"Engineering | Surveying | Landscape Architecture | GIS | Consulting","publisher":{"@id":"https:\/\/www.thomasandhutton.com\/de\/#organization"},"potentialAction":[{"@type":"SearchAction","target":{"@type":"EntryPoint","urlTemplate":"https:\/\/www.thomasandhutton.com\/de\/?s={search_term_string}"},"query-input":{"@type":"PropertyValueSpecification","valueRequired":true,"valueName":"search_term_string"}}],"inLanguage":"de"},{"@type":"Organization","@id":"https:\/\/www.thomasandhutton.com\/de\/#organization","name":"Thomas & Hutton","url":"https:\/\/www.thomasandhutton.com\/de\/","logo":{"@type":"ImageObject","inLanguage":"de","@id":"https:\/\/www.thomasandhutton.com\/de\/#\/schema\/logo\/image\/","url":"https:\/\/www.thomasandhutton.com\/wp-content\/uploads\/2018\/06\/TH_LOGO__2.png","contentUrl":"https:\/\/www.thomasandhutton.com\/wp-content\/uploads\/2018\/06\/TH_LOGO__2.png","width":141,"height":46,"caption":"Thomas & Hutton"},"image":{"@id":"https:\/\/www.thomasandhutton.com\/de\/#\/schema\/logo\/image\/"},"sameAs":["https:\/\/www.facebook.com\/THengineers\/","https:\/\/x.com\/thomasandhutton","https:\/\/www.instagram.com\/ThomasandHutton\/","https:\/\/www.linkedin.com\/company\/thomas-&amp;amp;-hutton-engineering-co.","https:\/\/www.youtube.com\/user\/ThomasandHutton"]}]}},"_links":{"self":[{"href":"https:\/\/www.thomasandhutton.com\/de\/wp-json\/wp\/v2\/pages\/20874","targetHints":{"allow":["GET"]}}],"collection":[{"href":"https:\/\/www.thomasandhutton.com\/de\/wp-json\/wp\/v2\/pages"}],"about":[{"href":"https:\/\/www.thomasandhutton.com\/de\/wp-json\/wp\/v2\/types\/page"}],"author":[{"embeddable":true,"href":"https:\/\/www.thomasandhutton.com\/de\/wp-json\/wp\/v2\/users\/7"}],"replies":[{"embeddable":true,"href":"https:\/\/www.thomasandhutton.com\/de\/wp-json\/wp\/v2\/comments?post=20874"}],"version-history":[{"count":3,"href":"https:\/\/www.thomasandhutton.com\/de\/wp-json\/wp\/v2\/pages\/20874\/revisions"}],"predecessor-version":[{"id":21570,"href":"https:\/\/www.thomasandhutton.com\/de\/wp-json\/wp\/v2\/pages\/20874\/revisions\/21570"}],"wp:attachment":[{"href":"https:\/\/www.thomasandhutton.com\/de\/wp-json\/wp\/v2\/media?parent=20874"}],"curies":[{"name":"wp","href":"https:\/\/api.w.org\/{rel}","templated":true}]}}