{"id":21062,"date":"2018-06-03T22:34:38","date_gmt":"2018-06-03T22:34:38","guid":{"rendered":"https:\/\/www.thomasandhutton.com\/chris-nichols\/"},"modified":"2023-03-03T17:52:27","modified_gmt":"2023-03-03T17:52:27","slug":"chris-nichols","status":"publish","type":"page","link":"https:\/\/www.thomasandhutton.com\/de\/chris-nichols\/","title":{"rendered":"Chris Nichols"},"content":{"rendered":"<div class=\"wpb-content-wrapper\"><p>[vc_row css_animation=&#8220;&#8220; row_type=&#8220;row&#8220; use_row_as_full_screen_section=&#8220;no&#8220; type=&#8220;full_width&#8220; angled_section=&#8220;no&#8220; text_align=&#8220;left&#8220; background_image_as_pattern=&#8220;without_pattern&#8220; background_color=&#8220;#799900&#8243; z_index=&#8220;&#8220; css=&#8220;.vc_custom_1523400287498{padding-top: 30px !important;padding-bottom: 30px !important;background-color: #799900 !important;}&#8220;][vc_column][vc_single_image image=&#8220;2122&#8243; img_size=&#8220;full&#8220; alignment=&#8220;center&#8220; qode_css_animation=&#8220;&#8220;][vc_column_text]<\/p>\n<h1 style=\"text-align: center;\"><span style=\"color: #ffffff;\">Unser Personal<\/span><\/h1>\n<p>[\/vc_column_text][\/vc_column][\/vc_row][vc_row css_animation=&#8220;&#8220; row_type=&#8220;row&#8220; use_row_as_full_screen_section=&#8220;no&#8220; type=&#8220;full_width&#8220; angled_section=&#8220;no&#8220; text_align=&#8220;left&#8220; background_image_as_pattern=&#8220;without_pattern&#8220;][vc_column][vc_empty_space height=&#8220;50px&#8220;][\/vc_column][\/vc_row][vc_row css_animation=&#8220;&#8220; row_type=&#8220;row&#8220; use_row_as_full_screen_section=&#8220;yes&#8220; type=&#8220;full_width&#8220; angled_section=&#8220;no&#8220; text_align=&#8220;left&#8220; background_image_as_pattern=&#8220;without_pattern&#8220; z_index=&#8220;&#8220;][vc_column width=&#8220;2\/3&#8243; css=&#8220;.vc_custom_1528055156145{padding-right: 5% !important;padding-left: 15% !important;}&#8220;][vc_column_text css=&#8220;.vc_custom_1528065247238{padding-top: 8px !important;}&#8220;]<\/p>\n<h1><span style=\"color: #000000;\"><b>Chris Nichols, PLS, GISP<\/b><\/span><\/h1>\n<p>[\/vc_column_text][vc_column_text]<i><span style=\"font-weight: 400;\">&#8222;Ich liebe Karten und die Art und Weise, wie sie eine visuelle Geschichte \u00fcber die Lage des Landes erz\u00e4hlen. Wir treiben unseren technischen und datenwissenschaftlichen Betrieb immer weiter voran, um mit geothinQ leicht zug\u00e4ngliche, \u00fcberzeugende visuelle Darstellungen zu schaffen. Wir wissen, dass unsere Kunden einen schnellen Zugang zu Landinformationen w\u00fcnschen, und das bauen wir jeden Tag in geothinQ ein.&#8220;<\/span><\/i>[\/vc_column_text][vc_empty_space height=&#8220;25px&#8220;][vc_column_text]<span style=\"font-weight: 400;\">Chris leitet die GIS-Abteilung von Thomas &amp; Hutton. Als lizenzierter professioneller Landvermesser und zertifizierter Fachmann f\u00fcr geografische Informationssysteme kam Chris 2004 zu Thomas &amp; Hutton. Er verf\u00fcgt \u00fcber mehr als 20 Jahre Erfahrung in der Erstellung, Verwaltung und dem Management von Geodatenbanken f\u00fcr Landg\u00fcter. Er entwirft und entwickelt auf Geodaten basierende Tools und Anwendungen f\u00fcr ein breites Spektrum von Anwendungen zur r\u00e4umlichen Probleml\u00f6sung und Kartierung. Dar\u00fcber hinaus nutzt Chris seine Kenntnisse im Anwendungsdesign und in der Programmierung, um kundenspezifisch kodierte GIS-basierte Webanwendungen zu entwickeln und einzusetzen. Er erwarb seinen Master in Umweltwissenschaften an der Medical University of South Carolina an der University of Charleston und seinen Bachelor of Arts in Anthropologie an der University of South Carolina.  <\/span><\/p>\n<p><span style=\"font-weight: 400;\">Neben der Leitung der GIS-Abteilung ist Chris auch der Produktmanager f\u00fcr geothin<\/span><b>Q <\/b><span style=\"font-weight: 400;\">(www.geothinq.com)<\/span><b>, <\/b> <span style=\"font-weight: 400;\">eine GIS-Webanwendung, die als On-Demand-Plattform f\u00fcr Landkartierung und Datenvisualisierung dient. geothin<\/span><b>Q<\/b><span style=\"font-weight: 400;\"> dient als zentraler Knotenpunkt f\u00fcr den Zugriff auf alle verf\u00fcgbaren historischen Parzellendaten sowie auf andere aktuelle \u00f6kologische, demografische, geografische und topografische Informationen und deren Darstellung. <\/span>[\/vc_column_text][vc_row_inner row_type=&#8220;row&#8220; type=&#8220;full_width&#8220; text_align=&#8220;left&#8220; css_animation=&#8220;&#8220;][vc_column_inner][vc_empty_space height=&#8220;50px&#8220;][\/vc_column_inner][\/vc_row_inner][vc_row_inner row_type=&#8220;row&#8220; type=&#8220;full_width&#8220; text_align=&#8220;left&#8220; css_animation=&#8220;&#8220;][vc_column_inner width=&#8220;1\/4&#8243;][\/vc_column_inner][vc_column_inner width=&#8220;1\/2&#8243;][\/vc_column_inner][vc_column_inner width=&#8220;1\/4&#8243;][vc_column_text]<span data-type=\"normal\"  class=\"qode_icon_shortcode  q_font_awsome_icon   \" style=\" \"><i class=\"qode_icon_font_awesome fa fa-long-arrow-right qode_icon_element\" style=\"color: #799900;\" ><\/i><\/span><a href=\"https:\/\/www.thomasandhutton.com\/de\/unser-personal\/\"><strong><span style=\"color: #799900;\">ZUR\u00dcCK ZU UNSEREN LEUTEN<\/span><\/strong><\/a>[\/vc_column_text][\/vc_column_inner][\/vc_row_inner][\/vc_column][vc_column width=&#8220;1\/3&#8243;][vc_single_image image=&#8220;2999&#8243; img_size=&#8220;400 x 254&#8243; qode_css_animation=&#8220;&#8220;][vc_column_text]<strong>GIS-Abteilungsleiter<\/strong><\/p>\n<p><span style=\"font-weight: 400;\"><strong>p<\/strong> 912-234-5300 <\/span><span style=\"font-weight: 400;\"><b> d <\/b>912-721-4060<\/span><\/p>\n<p><span style=\"font-weight: 400;\"><br \/>\n  <strong>e <\/strong><br \/>\n<\/span><a href=\"mailto:nichols.c@tandh.com\"><br \/>\n  <span style=\"font-weight: 400;\">nichols.c@tandh.com<\/span><br \/>\n<\/a><\/p>\n<p><strong>c<\/strong> <a href=\"https:\/\/www.thomasandhutton.com\/vcards\/ChristopherNichols.vcf\">vCard<\/a>[\/vc_column_text][\/vc_column][\/vc_row][vc_row css_animation=&#8220;&#8220; row_type=&#8220;row&#8220; use_row_as_full_screen_section=&#8220;no&#8220; type=&#8220;full_width&#8220; angled_section=&#8220;no&#8220; text_align=&#8220;left&#8220; background_image_as_pattern=&#8220;without_pattern&#8220;][vc_column][vc_empty_space height=&#8220;50px&#8220;][\/vc_column][\/vc_row]<\/p>\n<\/div>","protected":false},"excerpt":{"rendered":"<p>[vc_row css_animation=&#8220;&#8220; row_type=&#8220;row&#8220; use_row_as_full_screen_section=&#8220;no&#8220; type=&#8220;full_width&#8220; angled_section=&#8220;no&#8220; text_align=&#8220;left&#8220; background_image_as_pattern=&#8220;without_pattern&#8220; background_color=&#8220;#799900&#8243; z_index=&#8220;&#8220; css=&#8220;.vc_custom_1523400287498{padding-top: 30px !important;padding-bottom: 30px !important;background-color: #799900 !important;}&#8220;][vc_column][vc_single_image image=&#8220;2122&#8243; img_size=&#8220;full&#8220; alignment=&#8220;center&#8220; qode_css_animation=&#8220;&#8220;][vc_column_text] Unser Personal [\/vc_column_text][\/vc_column][\/vc_row][vc_row css_animation=&#8220;&#8220; row_type=&#8220;row&#8220; use_row_as_full_screen_section=&#8220;no&#8220; type=&#8220;full_width&#8220; angled_section=&#8220;no&#8220; text_align=&#8220;left&#8220; background_image_as_pattern=&#8220;without_pattern&#8220;][vc_column][vc_empty_space height=&#8220;50px&#8220;][\/vc_column][\/vc_row][vc_row css_animation=&#8220;&#8220; row_type=&#8220;row&#8220; use_row_as_full_screen_section=&#8220;yes&#8220; type=&#8220;full_width&#8220; angled_section=&#8220;no&#8220; text_align=&#8220;left&#8220; background_image_as_pattern=&#8220;without_pattern&#8220; z_index=&#8220;&#8220;][vc_column width=&#8220;2\/3&#8243; css=&#8220;.vc_custom_1528055156145{padding-right: 5% !important;padding-left: 15%<\/p>\n","protected":false},"author":7,"featured_media":0,"parent":0,"menu_order":0,"comment_status":"closed","ping_status":"closed","template":"full_width.php","meta":{"content-type":"","footnotes":""},"class_list":["post-21062","page","type-page","status-publish","hentry"],"yoast_head":"<!-- This site is optimized with the Yoast SEO plugin v27.6 - https:\/\/yoast.com\/product\/yoast-seo-wordpress\/ -->\n<title>Chris Nichols - Thomas &amp; Hutton<\/title>\n<meta name=\"robots\" content=\"index, follow, max-snippet:-1, max-image-preview:large, max-video-preview:-1\" \/>\n<link rel=\"canonical\" href=\"https:\/\/www.thomasandhutton.com\/de\/chris-nichols\/\" \/>\n<meta property=\"og:locale\" content=\"de_DE\" \/>\n<meta property=\"og:type\" content=\"article\" \/>\n<meta property=\"og:title\" content=\"Chris Nichols - Thomas &amp; Hutton\" \/>\n<meta property=\"og:description\" content=\"[vc_row css_animation=&#8220;&#8220; row_type=&#8220;row&#8220; use_row_as_full_screen_section=&#8220;no&#8220; type=&#8220;full_width&#8220; angled_section=&#8220;no&#8220; text_align=&#8220;left&#8220; background_image_as_pattern=&#8220;without_pattern&#8220; background_color=&#8220;#799900&#8243; z_index=&#8220;&#8220; css=&#8220;.vc_custom_1523400287498{padding-top: 30px !important;padding-bottom: 30px !important;background-color: #799900 !important;}&#8220;][vc_column][vc_single_image image=&#8220;2122&#8243; img_size=&#8220;full&#8220; alignment=&#8220;center&#8220; qode_css_animation=&#8220;&#8220;][vc_column_text] Unser Personal [\/vc_column_text][\/vc_column][\/vc_row][vc_row css_animation=&#8220;&#8220; row_type=&#8220;row&#8220; use_row_as_full_screen_section=&#8220;no&#8220; type=&#8220;full_width&#8220; angled_section=&#8220;no&#8220; text_align=&#8220;left&#8220; background_image_as_pattern=&#8220;without_pattern&#8220;][vc_column][vc_empty_space height=&#8220;50px&#8220;][\/vc_column][\/vc_row][vc_row css_animation=&#8220;&#8220; row_type=&#8220;row&#8220; use_row_as_full_screen_section=&#8220;yes&#8220; type=&#8220;full_width&#8220; angled_section=&#8220;no&#8220; text_align=&#8220;left&#8220; background_image_as_pattern=&#8220;without_pattern&#8220; z_index=&#8220;&#8220;][vc_column width=&#8220;2\/3&#8243; css=&#8220;.vc_custom_1528055156145{padding-right: 5% !important;padding-left: 15%\" \/>\n<meta property=\"og:url\" content=\"https:\/\/www.thomasandhutton.com\/de\/chris-nichols\/\" \/>\n<meta property=\"og:site_name\" content=\"Thomas &amp; Hutton\" \/>\n<meta property=\"article:publisher\" content=\"https:\/\/www.facebook.com\/THengineers\/\" \/>\n<meta property=\"article:modified_time\" content=\"2023-03-03T17:52:27+00:00\" \/>\n<meta name=\"twitter:card\" content=\"summary_large_image\" \/>\n<meta name=\"twitter:site\" content=\"@thomasandhutton\" \/>\n<meta name=\"twitter:label1\" content=\"Gesch\u00e4tzte Lesezeit\" \/>\n\t<meta name=\"twitter:data1\" content=\"3\u00a0Minuten\" \/>\n<script type=\"application\/ld+json\" class=\"yoast-schema-graph\">{\"@context\":\"https:\\\/\\\/schema.org\",\"@graph\":[{\"@type\":\"WebPage\",\"@id\":\"https:\\\/\\\/www.thomasandhutton.com\\\/de\\\/chris-nichols\\\/\",\"url\":\"https:\\\/\\\/www.thomasandhutton.com\\\/de\\\/chris-nichols\\\/\",\"name\":\"Chris Nichols - Thomas &amp; Hutton\",\"isPartOf\":{\"@id\":\"https:\\\/\\\/www.thomasandhutton.com\\\/de\\\/#website\"},\"datePublished\":\"2018-06-03T22:34:38+00:00\",\"dateModified\":\"2023-03-03T17:52:27+00:00\",\"breadcrumb\":{\"@id\":\"https:\\\/\\\/www.thomasandhutton.com\\\/de\\\/chris-nichols\\\/#breadcrumb\"},\"inLanguage\":\"de\",\"potentialAction\":[{\"@type\":\"ReadAction\",\"target\":[\"https:\\\/\\\/www.thomasandhutton.com\\\/de\\\/chris-nichols\\\/\"]}]},{\"@type\":\"BreadcrumbList\",\"@id\":\"https:\\\/\\\/www.thomasandhutton.com\\\/de\\\/chris-nichols\\\/#breadcrumb\",\"itemListElement\":[{\"@type\":\"ListItem\",\"position\":1,\"name\":\"Home\",\"item\":\"https:\\\/\\\/www.thomasandhutton.com\\\/de\\\/\"},{\"@type\":\"ListItem\",\"position\":2,\"name\":\"Chris Nichols\"}]},{\"@type\":\"WebSite\",\"@id\":\"https:\\\/\\\/www.thomasandhutton.com\\\/de\\\/#website\",\"url\":\"https:\\\/\\\/www.thomasandhutton.com\\\/de\\\/\",\"name\":\"Thomas & Hutton\",\"description\":\"Engineering | Surveying | Landscape Architecture | GIS | Consulting\",\"publisher\":{\"@id\":\"https:\\\/\\\/www.thomasandhutton.com\\\/de\\\/#organization\"},\"potentialAction\":[{\"@type\":\"SearchAction\",\"target\":{\"@type\":\"EntryPoint\",\"urlTemplate\":\"https:\\\/\\\/www.thomasandhutton.com\\\/de\\\/?s={search_term_string}\"},\"query-input\":{\"@type\":\"PropertyValueSpecification\",\"valueRequired\":true,\"valueName\":\"search_term_string\"}}],\"inLanguage\":\"de\"},{\"@type\":\"Organization\",\"@id\":\"https:\\\/\\\/www.thomasandhutton.com\\\/de\\\/#organization\",\"name\":\"Thomas & Hutton\",\"url\":\"https:\\\/\\\/www.thomasandhutton.com\\\/de\\\/\",\"logo\":{\"@type\":\"ImageObject\",\"inLanguage\":\"de\",\"@id\":\"https:\\\/\\\/www.thomasandhutton.com\\\/de\\\/#\\\/schema\\\/logo\\\/image\\\/\",\"url\":\"https:\\\/\\\/www.thomasandhutton.com\\\/wp-content\\\/uploads\\\/2018\\\/06\\\/TH_LOGO__2.png\",\"contentUrl\":\"https:\\\/\\\/www.thomasandhutton.com\\\/wp-content\\\/uploads\\\/2018\\\/06\\\/TH_LOGO__2.png\",\"width\":141,\"height\":46,\"caption\":\"Thomas & Hutton\"},\"image\":{\"@id\":\"https:\\\/\\\/www.thomasandhutton.com\\\/de\\\/#\\\/schema\\\/logo\\\/image\\\/\"},\"sameAs\":[\"https:\\\/\\\/www.facebook.com\\\/THengineers\\\/\",\"https:\\\/\\\/x.com\\\/thomasandhutton\",\"https:\\\/\\\/www.instagram.com\\\/ThomasandHutton\\\/\",\"https:\\\/\\\/www.linkedin.com\\\/company\\\/thomas-&amp;amp;-hutton-engineering-co.\",\"https:\\\/\\\/www.youtube.com\\\/user\\\/ThomasandHutton\"]}]}<\/script>\n<!-- \/ Yoast SEO plugin. -->","yoast_head_json":{"title":"Chris Nichols - Thomas &amp; Hutton","robots":{"index":"index","follow":"follow","max-snippet":"max-snippet:-1","max-image-preview":"max-image-preview:large","max-video-preview":"max-video-preview:-1"},"canonical":"https:\/\/www.thomasandhutton.com\/de\/chris-nichols\/","og_locale":"de_DE","og_type":"article","og_title":"Chris Nichols - Thomas &amp; Hutton","og_description":"[vc_row css_animation=&#8220;&#8220; row_type=&#8220;row&#8220; use_row_as_full_screen_section=&#8220;no&#8220; type=&#8220;full_width&#8220; angled_section=&#8220;no&#8220; text_align=&#8220;left&#8220; background_image_as_pattern=&#8220;without_pattern&#8220; background_color=&#8220;#799900&#8243; z_index=&#8220;&#8220; css=&#8220;.vc_custom_1523400287498{padding-top: 30px !important;padding-bottom: 30px !important;background-color: #799900 !important;}&#8220;][vc_column][vc_single_image image=&#8220;2122&#8243; img_size=&#8220;full&#8220; alignment=&#8220;center&#8220; qode_css_animation=&#8220;&#8220;][vc_column_text] Unser Personal [\/vc_column_text][\/vc_column][\/vc_row][vc_row css_animation=&#8220;&#8220; row_type=&#8220;row&#8220; use_row_as_full_screen_section=&#8220;no&#8220; type=&#8220;full_width&#8220; angled_section=&#8220;no&#8220; text_align=&#8220;left&#8220; background_image_as_pattern=&#8220;without_pattern&#8220;][vc_column][vc_empty_space height=&#8220;50px&#8220;][\/vc_column][\/vc_row][vc_row css_animation=&#8220;&#8220; row_type=&#8220;row&#8220; use_row_as_full_screen_section=&#8220;yes&#8220; type=&#8220;full_width&#8220; angled_section=&#8220;no&#8220; text_align=&#8220;left&#8220; background_image_as_pattern=&#8220;without_pattern&#8220; z_index=&#8220;&#8220;][vc_column width=&#8220;2\/3&#8243; css=&#8220;.vc_custom_1528055156145{padding-right: 5% !important;padding-left: 15%","og_url":"https:\/\/www.thomasandhutton.com\/de\/chris-nichols\/","og_site_name":"Thomas &amp; Hutton","article_publisher":"https:\/\/www.facebook.com\/THengineers\/","article_modified_time":"2023-03-03T17:52:27+00:00","twitter_card":"summary_large_image","twitter_site":"@thomasandhutton","twitter_misc":{"Gesch\u00e4tzte Lesezeit":"3\u00a0Minuten"},"schema":{"@context":"https:\/\/schema.org","@graph":[{"@type":"WebPage","@id":"https:\/\/www.thomasandhutton.com\/de\/chris-nichols\/","url":"https:\/\/www.thomasandhutton.com\/de\/chris-nichols\/","name":"Chris Nichols - Thomas &amp; Hutton","isPartOf":{"@id":"https:\/\/www.thomasandhutton.com\/de\/#website"},"datePublished":"2018-06-03T22:34:38+00:00","dateModified":"2023-03-03T17:52:27+00:00","breadcrumb":{"@id":"https:\/\/www.thomasandhutton.com\/de\/chris-nichols\/#breadcrumb"},"inLanguage":"de","potentialAction":[{"@type":"ReadAction","target":["https:\/\/www.thomasandhutton.com\/de\/chris-nichols\/"]}]},{"@type":"BreadcrumbList","@id":"https:\/\/www.thomasandhutton.com\/de\/chris-nichols\/#breadcrumb","itemListElement":[{"@type":"ListItem","position":1,"name":"Home","item":"https:\/\/www.thomasandhutton.com\/de\/"},{"@type":"ListItem","position":2,"name":"Chris Nichols"}]},{"@type":"WebSite","@id":"https:\/\/www.thomasandhutton.com\/de\/#website","url":"https:\/\/www.thomasandhutton.com\/de\/","name":"Thomas & Hutton","description":"Engineering | Surveying | Landscape Architecture | GIS | Consulting","publisher":{"@id":"https:\/\/www.thomasandhutton.com\/de\/#organization"},"potentialAction":[{"@type":"SearchAction","target":{"@type":"EntryPoint","urlTemplate":"https:\/\/www.thomasandhutton.com\/de\/?s={search_term_string}"},"query-input":{"@type":"PropertyValueSpecification","valueRequired":true,"valueName":"search_term_string"}}],"inLanguage":"de"},{"@type":"Organization","@id":"https:\/\/www.thomasandhutton.com\/de\/#organization","name":"Thomas & Hutton","url":"https:\/\/www.thomasandhutton.com\/de\/","logo":{"@type":"ImageObject","inLanguage":"de","@id":"https:\/\/www.thomasandhutton.com\/de\/#\/schema\/logo\/image\/","url":"https:\/\/www.thomasandhutton.com\/wp-content\/uploads\/2018\/06\/TH_LOGO__2.png","contentUrl":"https:\/\/www.thomasandhutton.com\/wp-content\/uploads\/2018\/06\/TH_LOGO__2.png","width":141,"height":46,"caption":"Thomas & Hutton"},"image":{"@id":"https:\/\/www.thomasandhutton.com\/de\/#\/schema\/logo\/image\/"},"sameAs":["https:\/\/www.facebook.com\/THengineers\/","https:\/\/x.com\/thomasandhutton","https:\/\/www.instagram.com\/ThomasandHutton\/","https:\/\/www.linkedin.com\/company\/thomas-&amp;amp;-hutton-engineering-co.","https:\/\/www.youtube.com\/user\/ThomasandHutton"]}]}},"_links":{"self":[{"href":"https:\/\/www.thomasandhutton.com\/de\/wp-json\/wp\/v2\/pages\/21062","targetHints":{"allow":["GET"]}}],"collection":[{"href":"https:\/\/www.thomasandhutton.com\/de\/wp-json\/wp\/v2\/pages"}],"about":[{"href":"https:\/\/www.thomasandhutton.com\/de\/wp-json\/wp\/v2\/types\/page"}],"author":[{"embeddable":true,"href":"https:\/\/www.thomasandhutton.com\/de\/wp-json\/wp\/v2\/users\/7"}],"replies":[{"embeddable":true,"href":"https:\/\/www.thomasandhutton.com\/de\/wp-json\/wp\/v2\/comments?post=21062"}],"version-history":[{"count":10,"href":"https:\/\/www.thomasandhutton.com\/de\/wp-json\/wp\/v2\/pages\/21062\/revisions"}],"predecessor-version":[{"id":21181,"href":"https:\/\/www.thomasandhutton.com\/de\/wp-json\/wp\/v2\/pages\/21062\/revisions\/21181"}],"wp:attachment":[{"href":"https:\/\/www.thomasandhutton.com\/de\/wp-json\/wp\/v2\/media?parent=21062"}],"curies":[{"name":"wp","href":"https:\/\/api.w.org\/{rel}","templated":true}]}}