{"id":21082,"date":"2018-06-03T22:14:14","date_gmt":"2018-06-03T22:14:14","guid":{"rendered":"https:\/\/www.thomasandhutton.com\/jason-chambless\/"},"modified":"2023-03-22T17:10:27","modified_gmt":"2023-03-22T17:10:27","slug":"jason-chambless","status":"publish","type":"page","link":"https:\/\/www.thomasandhutton.com\/de\/jason-chambless\/","title":{"rendered":"Jason Chambless"},"content":{"rendered":"<div class=\"wpb-content-wrapper\"><p>[vc_row css_animation=&#8220;&#8220; row_type=&#8220;row&#8220; use_row_as_full_screen_section=&#8220;no&#8220; type=&#8220;full_width&#8220; angled_section=&#8220;no&#8220; text_align=&#8220;left&#8220; background_image_as_pattern=&#8220;without_pattern&#8220; background_color=&#8220;#799900&#8243; z_index=&#8220;&#8220; css=&#8220;.vc_custom_1523400287498{padding-top: 30px !important;padding-bottom: 30px !important;background-color: #799900 !important;}&#8220;][vc_column][vc_single_image image=&#8220;2122&#8243; img_size=&#8220;full&#8220; alignment=&#8220;center&#8220; qode_css_animation=&#8220;&#8220;][vc_column_text]<\/p>\n<h2 style=\"text-align: center;\"><span style=\"color: #ffffff;\">Unser Personal<\/span><\/h2>\n<p>[\/vc_column_text][\/vc_column][\/vc_row][vc_row css_animation=&#8220;&#8220; row_type=&#8220;row&#8220; use_row_as_full_screen_section=&#8220;no&#8220; type=&#8220;full_width&#8220; angled_section=&#8220;no&#8220; text_align=&#8220;left&#8220; background_image_as_pattern=&#8220;without_pattern&#8220;][vc_column][vc_empty_space height=&#8220;50px&#8220;][\/vc_column][\/vc_row][vc_row css_animation=&#8220;&#8220; row_type=&#8220;row&#8220; use_row_as_full_screen_section=&#8220;yes&#8220; type=&#8220;full_width&#8220; angled_section=&#8220;no&#8220; text_align=&#8220;left&#8220; background_image_as_pattern=&#8220;without_pattern&#8220; z_index=&#8220;&#8220;][vc_column width=&#8220;2\/3&#8243; css=&#8220;.vc_custom_1528055156145{padding-right: 5% !important;padding-left: 15% !important;}&#8220;][vc_column_text css=&#8220;.vc_custom_1606142771024{padding-top: 8px !important;}&#8220;]<\/p>\n<h1><span style=\"color: #000000;\"><b>Jason Chambless, PE<\/b><\/span><\/h1>\n<p>[\/vc_column_text][vc_column_text]<em>&#8222;Es ist ein Privileg, in einem Beruf zu arbeiten, in dem wir einen sp\u00fcrbaren Beitrag zur Verbesserung unserer Gemeinden leisten k\u00f6nnen. Ich genie\u00dfe die Zusammenarbeit mit meinen Kollegen und Teammitgliedern in der Planungs- und Entwurfsphase von Projekten. Es macht mich au\u00dferordentlich stolz, am Ende eines Projekts fertige Stra\u00dfen, Anlagen und Geb\u00e4ude zu sehen, die Raum f\u00fcr Arbeitspl\u00e4tze und Chancen schaffen.&#8220;<\/em>[\/vc_column_text][vc_empty_space height=&#8220;25px&#8220;][vc_column_text]Jason ist Principal und Civil Manager f\u00fcr das B\u00fcro in Savannah. Er erwarb seinen Bachelor of Science in Bauingenieurwesen an der Georgia Tech und kam 2003 zu Thomas &amp; Hutton, nachdem er seine Karriere in der Baubranche begonnen hatte. Als zugelassener Ingenieur verf\u00fcgt Jason \u00fcber Erfahrung in der Standortentwicklung, einschlie\u00dflich allgemeiner Beratung, Genehmigungen, Baukostenanalysen, Vertragsunterlagen, Erstellung technischer Spezifikationen, Ausschreibungen und Baukoordination. Er ist ein hervorragender Infrastrukturplaner mit Fachkenntnissen in der Planung von Entw\u00e4sserungs- und Versorgungssystemen f\u00fcr gro\u00dfe Erschlie\u00dfungsgebiete und Industrie-\/Gewerbeparks und -gel\u00e4nde. Jason arbeitet mit lokalen und bundesstaatlichen Wirtschaftsentwicklungsagenturen und privaten Entwicklern zusammen, um Standorte zu analysieren, zu planen und zu entwickeln, die f\u00fcr Unternehmen attraktiv sind, um ihre Pr\u00e4senz in den Gemeinden Georgias zu erweitern. Durch die F\u00f6rderung solcher Partnerschaften mit Wirtschaftsagenturen und deren Kunden tr\u00e4gt Jason dazu bei, dass Thomas &amp; Hutton zum Synonym f\u00fcr die F\u00f6rderung des Wirtschaftswachstums in der Region wird.[\/vc_column_text][vc_row_inner row_type=&#8220;row&#8220; type=&#8220;full_width&#8220; text_align=&#8220;left&#8220; css_animation=&#8220;&#8220;][vc_column_inner][vc_empty_space height=&#8220;50px&#8220;][\/vc_column_inner][\/vc_row_inner][vc_row_inner row_type=&#8220;row&#8220; type=&#8220;full_width&#8220; text_align=&#8220;left&#8220; css_animation=&#8220;&#8220;][vc_column_inner width=&#8220;1\/4&#8243;][\/vc_column_inner][vc_column_inner width=&#8220;1\/2&#8243;][\/vc_column_inner][vc_column_inner width=&#8220;1\/4&#8243;][vc_column_text]<span data-type=\"normal\"  class=\"qode_icon_shortcode  q_font_awsome_icon   \" style=\" \"><i class=\"qode_icon_font_awesome fa fa-long-arrow-right qode_icon_element\" style=\"color: #799900;\" ><\/i><\/span><a href=\"https:\/\/www.thomasandhutton.com\/de\/unser-personal\/\"><strong><span style=\"color: #799900;\">ZUR\u00dcCK ZU UNSEREN LEUTEN<\/span><\/strong><\/a>[\/vc_column_text][\/vc_column_inner][\/vc_row_inner][\/vc_column][vc_column width=&#8220;1\/3&#8243;][vc_single_image image=&#8220;7335&#8243; img_size=&#8220;400 x 250&#8243; qode_css_animation=&#8220;&#8220;][vc_column_text]<strong>Direktor\/Vizepr\u00e4sident f\u00fcr Bauwesen an der K\u00fcste\/Standortentwicklung<\/strong><\/p>\n<p><span style=\"font-weight: 400;\"><strong>p<\/strong> 912-234-5300 <\/span><span style=\"font-weight: 400;\"><b> d <\/b>912-721-4170<\/span><\/p>\n<p><span style=\"font-weight: 400;\"><strong>e<\/strong> <a href=\"mailto:chambless.j@tandh.com\">chambless.j@tand.com<\/a><\/span><\/p>\n<p><strong>c<\/strong> <a href=\"https:\/\/www.thomasandhutton.com\/vcards\/JasonChambless.vcf\">vCard<\/a>[\/vc_column_text][\/vc_column][\/vc_row][vc_row css_animation=&#8220;&#8220; row_type=&#8220;row&#8220; use_row_as_full_screen_section=&#8220;no&#8220; type=&#8220;full_width&#8220; angled_section=&#8220;no&#8220; text_align=&#8220;left&#8220; background_image_as_pattern=&#8220;without_pattern&#8220;][vc_column][vc_empty_space height=&#8220;50px&#8220;][\/vc_column][\/vc_row][vc_row css_animation=&#8220;&#8220; row_type=&#8220;row&#8220; use_row_as_full_screen_section=&#8220;no&#8220; type=&#8220;full_width&#8220; angled_section=&#8220;no&#8220; text_align=&#8220;left&#8220; background_image_as_pattern=&#8220;without_pattern&#8220;][vc_column][vc_raw_html]PHNjcmlwdCB0eXBlPSJhcHBsaWNhdGlvbi9sZCtqc29uIj57CgkiQGNvbnRleHQiOiAiaHR0cDovL3NjaGVtYS5vcmciLAoJIkB0eXBlIjogIlBlcnNvbiIsCgkiZmFtaWx5TmFtZSI6ICJDaGFtYmxlc3MiLAoJImdpdmVuTmFtZSI6ICJKYXNvbiIsCgkid29ya3NGb3IiOiAiaHR0cHM6Ly93d3cudGhvbWFzYW5kaHV0dG9uLmNvbS8iLAoJImpvYlRpdGxlIjogIlByaW5jaXBhbCBhbmQgQ2l2aWwgTWFuYWdlciBmb3IgdGhlIFNhdmFubmFoIG9mZmljZSIsCgkiYWx1bW5pT2YiOiAiaHR0cHM6Ly93d3cuZ2F0ZWNoLmVkdS8iLAoJImltYWdlIjogImh0dHBzOi8vd3d3LnRob21hc2FuZGh1dHRvbi5jb20vd3AtY29udGVudC91cGxvYWRzLzIwMjAvMTEvUHJvZmlsZS1KYXNvbi1DaGFtYmxlc3MtNDAweDI1MC5qcGciLAoJImdlbmRlciI6ICJodHRwOi8vc2NoZW1hLm9yZy9NYWxlIgp9Cjwvc2NyaXB0Pg==[\/vc_raw_html][\/vc_column][\/vc_row]<\/p>\n<\/div>","protected":false},"excerpt":{"rendered":"<p>[vc_row css_animation=&#8220;&#8220; row_type=&#8220;row&#8220; use_row_as_full_screen_section=&#8220;no&#8220; type=&#8220;full_width&#8220; angled_section=&#8220;no&#8220; text_align=&#8220;left&#8220; background_image_as_pattern=&#8220;without_pattern&#8220; background_color=&#8220;#799900&#8243; z_index=&#8220;&#8220; css=&#8220;.vc_custom_1523400287498{padding-top: 30px !important;padding-bottom: 30px !important;background-color: #799900 !important;}&#8220;][vc_column][vc_single_image image=&#8220;2122&#8243; img_size=&#8220;full&#8220; alignment=&#8220;center&#8220; qode_css_animation=&#8220;&#8220;][vc_column_text] Unser Personal [\/vc_column_text][\/vc_column][\/vc_row][vc_row css_animation=&#8220;&#8220; row_type=&#8220;row&#8220; use_row_as_full_screen_section=&#8220;no&#8220; type=&#8220;full_width&#8220; angled_section=&#8220;no&#8220; text_align=&#8220;left&#8220; background_image_as_pattern=&#8220;without_pattern&#8220;][vc_column][vc_empty_space height=&#8220;50px&#8220;][\/vc_column][\/vc_row][vc_row css_animation=&#8220;&#8220; row_type=&#8220;row&#8220; use_row_as_full_screen_section=&#8220;yes&#8220; type=&#8220;full_width&#8220; angled_section=&#8220;no&#8220; text_align=&#8220;left&#8220; background_image_as_pattern=&#8220;without_pattern&#8220; z_index=&#8220;&#8220;][vc_column width=&#8220;2\/3&#8243; css=&#8220;.vc_custom_1528055156145{padding-right: 5% !important;padding-left: 15%<\/p>\n","protected":false},"author":7,"featured_media":0,"parent":0,"menu_order":0,"comment_status":"closed","ping_status":"closed","template":"full_width.php","meta":{"content-type":"","footnotes":""},"class_list":["post-21082","page","type-page","status-publish","hentry"],"yoast_head":"<!-- This site is optimized with the Yoast SEO plugin v27.6 - https:\/\/yoast.com\/product\/yoast-seo-wordpress\/ -->\n<title>Jason Chambless - Bauleiter bei Thomas &amp; Hutton<\/title>\n<meta name=\"description\" content=\"Als zugelassener Ingenieur verf\u00fcgt Jason \u00fcber Erfahrung in der Standortentwicklung, die allgemeine Beratung, Genehmigungen, Baukostenanalysen, Vertragsunterlagen und vieles mehr umfasst. Klicken Sie hier, um mehr zu lesen!\" \/>\n<meta name=\"robots\" content=\"index, follow, max-snippet:-1, max-image-preview:large, max-video-preview:-1\" \/>\n<link rel=\"canonical\" href=\"https:\/\/www.thomasandhutton.com\/de\/jason-chambless\/\" \/>\n<meta property=\"og:locale\" content=\"de_DE\" \/>\n<meta property=\"og:type\" content=\"article\" \/>\n<meta property=\"og:title\" content=\"Jason Chambless - Bauleiter bei Thomas &amp; Hutton\" \/>\n<meta property=\"og:description\" content=\"Als zugelassener Ingenieur verf\u00fcgt Jason \u00fcber Erfahrung in der Standortentwicklung, die allgemeine Beratung, Genehmigungen, Baukostenanalysen, Vertragsunterlagen und vieles mehr umfasst. Klicken Sie hier, um mehr zu lesen!\" \/>\n<meta property=\"og:url\" content=\"https:\/\/www.thomasandhutton.com\/de\/jason-chambless\/\" \/>\n<meta property=\"og:site_name\" content=\"Thomas &amp; Hutton\" \/>\n<meta property=\"article:publisher\" content=\"https:\/\/www.facebook.com\/THengineers\/\" \/>\n<meta property=\"article:modified_time\" content=\"2023-03-22T17:10:27+00:00\" \/>\n<meta name=\"twitter:card\" content=\"summary_large_image\" \/>\n<meta name=\"twitter:site\" content=\"@thomasandhutton\" \/>\n<meta name=\"twitter:label1\" content=\"Gesch\u00e4tzte Lesezeit\" \/>\n\t<meta name=\"twitter:data1\" content=\"4\u00a0Minuten\" \/>\n<script type=\"application\/ld+json\" class=\"yoast-schema-graph\">{\"@context\":\"https:\\\/\\\/schema.org\",\"@graph\":[{\"@type\":\"WebPage\",\"@id\":\"https:\\\/\\\/www.thomasandhutton.com\\\/de\\\/jason-chambless\\\/\",\"url\":\"https:\\\/\\\/www.thomasandhutton.com\\\/de\\\/jason-chambless\\\/\",\"name\":\"Jason Chambless - Bauleiter bei Thomas & Hutton\",\"isPartOf\":{\"@id\":\"https:\\\/\\\/www.thomasandhutton.com\\\/de\\\/#website\"},\"datePublished\":\"2018-06-03T22:14:14+00:00\",\"dateModified\":\"2023-03-22T17:10:27+00:00\",\"description\":\"Als zugelassener Ingenieur verf\u00fcgt Jason \u00fcber Erfahrung in der Standortentwicklung, die allgemeine Beratung, Genehmigungen, Baukostenanalysen, Vertragsunterlagen und vieles mehr umfasst. Klicken Sie hier, um mehr zu lesen!\",\"breadcrumb\":{\"@id\":\"https:\\\/\\\/www.thomasandhutton.com\\\/de\\\/jason-chambless\\\/#breadcrumb\"},\"inLanguage\":\"de\",\"potentialAction\":[{\"@type\":\"ReadAction\",\"target\":[\"https:\\\/\\\/www.thomasandhutton.com\\\/de\\\/jason-chambless\\\/\"]}]},{\"@type\":\"BreadcrumbList\",\"@id\":\"https:\\\/\\\/www.thomasandhutton.com\\\/de\\\/jason-chambless\\\/#breadcrumb\",\"itemListElement\":[{\"@type\":\"ListItem\",\"position\":1,\"name\":\"Home\",\"item\":\"https:\\\/\\\/www.thomasandhutton.com\\\/de\\\/\"},{\"@type\":\"ListItem\",\"position\":2,\"name\":\"Jason Chambless\"}]},{\"@type\":\"WebSite\",\"@id\":\"https:\\\/\\\/www.thomasandhutton.com\\\/de\\\/#website\",\"url\":\"https:\\\/\\\/www.thomasandhutton.com\\\/de\\\/\",\"name\":\"Thomas & Hutton\",\"description\":\"Engineering | Surveying | Landscape Architecture | GIS | Consulting\",\"publisher\":{\"@id\":\"https:\\\/\\\/www.thomasandhutton.com\\\/de\\\/#organization\"},\"potentialAction\":[{\"@type\":\"SearchAction\",\"target\":{\"@type\":\"EntryPoint\",\"urlTemplate\":\"https:\\\/\\\/www.thomasandhutton.com\\\/de\\\/?s={search_term_string}\"},\"query-input\":{\"@type\":\"PropertyValueSpecification\",\"valueRequired\":true,\"valueName\":\"search_term_string\"}}],\"inLanguage\":\"de\"},{\"@type\":\"Organization\",\"@id\":\"https:\\\/\\\/www.thomasandhutton.com\\\/de\\\/#organization\",\"name\":\"Thomas & Hutton\",\"url\":\"https:\\\/\\\/www.thomasandhutton.com\\\/de\\\/\",\"logo\":{\"@type\":\"ImageObject\",\"inLanguage\":\"de\",\"@id\":\"https:\\\/\\\/www.thomasandhutton.com\\\/de\\\/#\\\/schema\\\/logo\\\/image\\\/\",\"url\":\"https:\\\/\\\/www.thomasandhutton.com\\\/wp-content\\\/uploads\\\/2018\\\/06\\\/TH_LOGO__2.png\",\"contentUrl\":\"https:\\\/\\\/www.thomasandhutton.com\\\/wp-content\\\/uploads\\\/2018\\\/06\\\/TH_LOGO__2.png\",\"width\":141,\"height\":46,\"caption\":\"Thomas & Hutton\"},\"image\":{\"@id\":\"https:\\\/\\\/www.thomasandhutton.com\\\/de\\\/#\\\/schema\\\/logo\\\/image\\\/\"},\"sameAs\":[\"https:\\\/\\\/www.facebook.com\\\/THengineers\\\/\",\"https:\\\/\\\/x.com\\\/thomasandhutton\",\"https:\\\/\\\/www.instagram.com\\\/ThomasandHutton\\\/\",\"https:\\\/\\\/www.linkedin.com\\\/company\\\/thomas-&amp;amp;-hutton-engineering-co.\",\"https:\\\/\\\/www.youtube.com\\\/user\\\/ThomasandHutton\"]}]}<\/script>\n<!-- \/ Yoast SEO plugin. -->","yoast_head_json":{"title":"Jason Chambless - Bauleiter bei Thomas & Hutton","description":"Als zugelassener Ingenieur verf\u00fcgt Jason \u00fcber Erfahrung in der Standortentwicklung, die allgemeine Beratung, Genehmigungen, Baukostenanalysen, Vertragsunterlagen und vieles mehr umfasst. Klicken Sie hier, um mehr zu lesen!","robots":{"index":"index","follow":"follow","max-snippet":"max-snippet:-1","max-image-preview":"max-image-preview:large","max-video-preview":"max-video-preview:-1"},"canonical":"https:\/\/www.thomasandhutton.com\/de\/jason-chambless\/","og_locale":"de_DE","og_type":"article","og_title":"Jason Chambless - Bauleiter bei Thomas & Hutton","og_description":"Als zugelassener Ingenieur verf\u00fcgt Jason \u00fcber Erfahrung in der Standortentwicklung, die allgemeine Beratung, Genehmigungen, Baukostenanalysen, Vertragsunterlagen und vieles mehr umfasst. Klicken Sie hier, um mehr zu lesen!","og_url":"https:\/\/www.thomasandhutton.com\/de\/jason-chambless\/","og_site_name":"Thomas &amp; Hutton","article_publisher":"https:\/\/www.facebook.com\/THengineers\/","article_modified_time":"2023-03-22T17:10:27+00:00","twitter_card":"summary_large_image","twitter_site":"@thomasandhutton","twitter_misc":{"Gesch\u00e4tzte Lesezeit":"4\u00a0Minuten"},"schema":{"@context":"https:\/\/schema.org","@graph":[{"@type":"WebPage","@id":"https:\/\/www.thomasandhutton.com\/de\/jason-chambless\/","url":"https:\/\/www.thomasandhutton.com\/de\/jason-chambless\/","name":"Jason Chambless - Bauleiter bei Thomas & Hutton","isPartOf":{"@id":"https:\/\/www.thomasandhutton.com\/de\/#website"},"datePublished":"2018-06-03T22:14:14+00:00","dateModified":"2023-03-22T17:10:27+00:00","description":"Als zugelassener Ingenieur verf\u00fcgt Jason \u00fcber Erfahrung in der Standortentwicklung, die allgemeine Beratung, Genehmigungen, Baukostenanalysen, Vertragsunterlagen und vieles mehr umfasst. Klicken Sie hier, um mehr zu lesen!","breadcrumb":{"@id":"https:\/\/www.thomasandhutton.com\/de\/jason-chambless\/#breadcrumb"},"inLanguage":"de","potentialAction":[{"@type":"ReadAction","target":["https:\/\/www.thomasandhutton.com\/de\/jason-chambless\/"]}]},{"@type":"BreadcrumbList","@id":"https:\/\/www.thomasandhutton.com\/de\/jason-chambless\/#breadcrumb","itemListElement":[{"@type":"ListItem","position":1,"name":"Home","item":"https:\/\/www.thomasandhutton.com\/de\/"},{"@type":"ListItem","position":2,"name":"Jason Chambless"}]},{"@type":"WebSite","@id":"https:\/\/www.thomasandhutton.com\/de\/#website","url":"https:\/\/www.thomasandhutton.com\/de\/","name":"Thomas & Hutton","description":"Engineering | Surveying | Landscape Architecture | GIS | Consulting","publisher":{"@id":"https:\/\/www.thomasandhutton.com\/de\/#organization"},"potentialAction":[{"@type":"SearchAction","target":{"@type":"EntryPoint","urlTemplate":"https:\/\/www.thomasandhutton.com\/de\/?s={search_term_string}"},"query-input":{"@type":"PropertyValueSpecification","valueRequired":true,"valueName":"search_term_string"}}],"inLanguage":"de"},{"@type":"Organization","@id":"https:\/\/www.thomasandhutton.com\/de\/#organization","name":"Thomas & Hutton","url":"https:\/\/www.thomasandhutton.com\/de\/","logo":{"@type":"ImageObject","inLanguage":"de","@id":"https:\/\/www.thomasandhutton.com\/de\/#\/schema\/logo\/image\/","url":"https:\/\/www.thomasandhutton.com\/wp-content\/uploads\/2018\/06\/TH_LOGO__2.png","contentUrl":"https:\/\/www.thomasandhutton.com\/wp-content\/uploads\/2018\/06\/TH_LOGO__2.png","width":141,"height":46,"caption":"Thomas & Hutton"},"image":{"@id":"https:\/\/www.thomasandhutton.com\/de\/#\/schema\/logo\/image\/"},"sameAs":["https:\/\/www.facebook.com\/THengineers\/","https:\/\/x.com\/thomasandhutton","https:\/\/www.instagram.com\/ThomasandHutton\/","https:\/\/www.linkedin.com\/company\/thomas-&amp;amp;-hutton-engineering-co.","https:\/\/www.youtube.com\/user\/ThomasandHutton"]}]}},"_links":{"self":[{"href":"https:\/\/www.thomasandhutton.com\/de\/wp-json\/wp\/v2\/pages\/21082","targetHints":{"allow":["GET"]}}],"collection":[{"href":"https:\/\/www.thomasandhutton.com\/de\/wp-json\/wp\/v2\/pages"}],"about":[{"href":"https:\/\/www.thomasandhutton.com\/de\/wp-json\/wp\/v2\/types\/page"}],"author":[{"embeddable":true,"href":"https:\/\/www.thomasandhutton.com\/de\/wp-json\/wp\/v2\/users\/7"}],"replies":[{"embeddable":true,"href":"https:\/\/www.thomasandhutton.com\/de\/wp-json\/wp\/v2\/comments?post=21082"}],"version-history":[{"count":25,"href":"https:\/\/www.thomasandhutton.com\/de\/wp-json\/wp\/v2\/pages\/21082\/revisions"}],"predecessor-version":[{"id":26311,"href":"https:\/\/www.thomasandhutton.com\/de\/wp-json\/wp\/v2\/pages\/21082\/revisions\/26311"}],"wp:attachment":[{"href":"https:\/\/www.thomasandhutton.com\/de\/wp-json\/wp\/v2\/media?parent=21082"}],"curies":[{"name":"wp","href":"https:\/\/api.w.org\/{rel}","templated":true}]}}