{"id":21108,"date":"2018-06-03T21:40:32","date_gmt":"2018-06-03T21:40:32","guid":{"rendered":"https:\/\/www.thomasandhutton.com\/travis-todd\/"},"modified":"2023-03-03T17:52:29","modified_gmt":"2023-03-03T17:52:29","slug":"travis-todd","status":"publish","type":"page","link":"https:\/\/www.thomasandhutton.com\/de\/travis-todd\/","title":{"rendered":"Travis Todd"},"content":{"rendered":"<div class=\"wpb-content-wrapper\"><p>[vc_row css_animation=&#8220;&#8220; row_type=&#8220;row&#8220; use_row_as_full_screen_section=&#8220;no&#8220; type=&#8220;full_width&#8220; angled_section=&#8220;no&#8220; text_align=&#8220;left&#8220; background_image_as_pattern=&#8220;without_pattern&#8220; background_color=&#8220;#799900&#8243; z_index=&#8220;&#8220; css=&#8220;.vc_custom_1523400287498{padding-top: 30px !important;padding-bottom: 30px !important;background-color: #799900 !important;}&#8220;][vc_column][vc_single_image image=&#8220;2122&#8243; img_size=&#8220;full&#8220; alignment=&#8220;center&#8220; qode_css_animation=&#8220;&#8220;][vc_column_text]<\/p>\n<h2 style=\"text-align: center;\"><span style=\"color: #ffffff;\">Unser Personal<\/span><\/h2>\n<p>[\/vc_column_text][\/vc_column][\/vc_row][vc_row css_animation=&#8220;&#8220; row_type=&#8220;row&#8220; use_row_as_full_screen_section=&#8220;no&#8220; type=&#8220;full_width&#8220; angled_section=&#8220;no&#8220; text_align=&#8220;left&#8220; background_image_as_pattern=&#8220;without_pattern&#8220;][vc_column][vc_empty_space height=&#8220;50px&#8220;][\/vc_column][\/vc_row][vc_row css_animation=&#8220;&#8220; row_type=&#8220;row&#8220; use_row_as_full_screen_section=&#8220;yes&#8220; type=&#8220;full_width&#8220; angled_section=&#8220;no&#8220; text_align=&#8220;left&#8220; background_image_as_pattern=&#8220;without_pattern&#8220; z_index=&#8220;&#8220;][vc_column width=&#8220;2\/3&#8243; css=&#8220;.vc_custom_1528055156145{padding-right: 5% !important;padding-left: 15% !important;}&#8220;][vc_column_text css=&#8220;.vc_custom_1528061891834{padding-top: 8px !important;}&#8220;]<\/p>\n<h1><span style=\"color: #000000;\"><b>Travis Todd, PE<\/b><\/span><\/h1>\n<p>[\/vc_column_text][vc_column_text]<i><span style=\"font-weight: 400;\">&#8222;Die gebaute Umwelt hat einen bedeutenden, sp\u00fcrbaren Einfluss auf die Lebensqualit\u00e4t. Ich habe mich schon sehr fr\u00fch f\u00fcr gute Stadtplanung begeistert und davon getr\u00e4umt, eines Tages einen Beitrag zur Gestaltung der Welt um mich herum leisten zu k\u00f6nnen. Als Bauingenieurin und Beraterin f\u00fcr Grundst\u00fcckserschlie\u00dfung habe ich die M\u00f6glichkeit, die Visionen unserer Kunden f\u00fcr einen Raum in die Realit\u00e4t umzusetzen, ihre Ideen zum Leben zu erwecken und meine eigene Leidenschaft zu erf\u00fcllen, einen Beitrag zu den Orten zu leisten, an denen Menschen leben, arbeiten und spielen.&#8220;<\/span><\/i>[\/vc_column_text][vc_empty_space height=&#8220;25px&#8220;][vc_column_text]<span style=\"font-weight: 400;\">Travis ist Principal und fungiert als Regionaldirektor und Civil Manager f\u00fcr das B\u00fcro in Nashville. Er kam 2017 mit der Er\u00f6ffnung des B\u00fcros in Nashville zu Thomas &amp; Hutton. Als zugelassener Ingenieur verf\u00fcgt Travis \u00fcber Erfahrung in der Leitung eines breiten Spektrums von Landentwicklungs- und Infrastrukturprojekten in den gesamten Vereinigten Staaten, mit Schwerpunkt auf der Region Middle Tennessee in den Bereichen Mehr- und Einfamilienh\u00e4user, gemischte Nutzung, Stadterweiterung, Gewerbe, Institutionen, Gesundheitswesen, Industrie und \u00f6ffentlicher Sektor. Travis erwarb seinen Bachelor of Science in Bauingenieurwesen an der Vanderbilt University. Er engagiert sich in professionellen Organisationen wie Urban Land Institute, Transit Now Nashville, Nashville Emerging Leaders und Mocha Club, einer Organisation, die sich daf\u00fcr einsetzt, lokale F\u00fchrungskr\u00e4fte in Entwicklungsl\u00e4ndern zu bef\u00e4higen, die extreme Armut in ihren Gemeinden zu beenden.<\/span>[\/vc_column_text][vc_row_inner row_type=&#8220;row&#8220; type=&#8220;full_width&#8220; text_align=&#8220;left&#8220; css_animation=&#8220;&#8220;][vc_column_inner][vc_empty_space height=&#8220;50px&#8220;][\/vc_column_inner][\/vc_row_inner][vc_row_inner row_type=&#8220;row&#8220; type=&#8220;full_width&#8220; text_align=&#8220;left&#8220; css_animation=&#8220;&#8220;][vc_column_inner width=&#8220;1\/4&#8243;][\/vc_column_inner][vc_column_inner width=&#8220;1\/2&#8243;][\/vc_column_inner][vc_column_inner width=&#8220;1\/4&#8243;][vc_column_text]<span data-type=\"normal\"  class=\"qode_icon_shortcode  q_font_awsome_icon   \" style=\" \"><i class=\"qode_icon_font_awesome fa fa-long-arrow-right qode_icon_element\" style=\"color: #799900;\" ><\/i><\/span><a href=\"https:\/\/www.thomasandhutton.com\/de\/unser-personal\/\"><strong><span style=\"color: #799900;\">ZUR\u00dcCK ZU UNSEREN LEUTEN<\/span><\/strong><\/a>[\/vc_column_text][\/vc_column_inner][\/vc_row_inner][\/vc_column][vc_column width=&#8220;1\/3&#8243;][vc_single_image image=&#8220;3031&#8243; img_size=&#8220;400 x 250&#8243; qode_css_animation=&#8220;&#8220;][vc_column_text]<b>Direktor\/Regionaldirektor<\/b><\/p>\n<p><span style=\"font-weight: 400;\"><strong>p<\/strong> 615-349-4990 <\/span><span style=\"font-weight: 400;\"><b> d <\/b>615-349-4967<\/span><\/p>\n<p><span style=\"font-weight: 400;\"><strong>e<\/strong> <\/span><a href=\"mailto:%20todd.t@tandh.com\"><br \/>\n  <span style=\"font-weight: 400;\">todd.t@tandh.com<\/span><br \/>\n<\/a><\/p>\n<p><strong>c<\/strong> <a href=\"https:\/\/www.thomasandhutton.com\/vcards\/TravisTodd.vcf\">vCard<\/a>[\/vc_column_text][\/vc_column][\/vc_row][vc_row css_animation=&#8220;&#8220; row_type=&#8220;row&#8220; use_row_as_full_screen_section=&#8220;no&#8220; type=&#8220;full_width&#8220; angled_section=&#8220;no&#8220; text_align=&#8220;left&#8220; background_image_as_pattern=&#8220;without_pattern&#8220;][vc_column][vc_empty_space height=&#8220;50px&#8220;][\/vc_column][\/vc_row][vc_row css_animation=&#8220;&#8220; row_type=&#8220;row&#8220; use_row_as_full_screen_section=&#8220;no&#8220; type=&#8220;full_width&#8220; angled_section=&#8220;no&#8220; text_align=&#8220;left&#8220; background_image_as_pattern=&#8220;without_pattern&#8220;][vc_column][vc_raw_html]PHNjcmlwdCB0eXBlPSJhcHBsaWNhdGlvbi9sZCtqc29uIj57CgkiQGNvbnRleHQiOiAiaHR0cDovL3NjaGVtYS5vcmciLAoJIkB0eXBlIjogIlBlcnNvbiIsCgkiZmFtaWx5TmFtZSI6ICJUb2RkIiwKCSJnaXZlbk5hbWUiOiAiVHJhdmlzIiwKCSJ3b3Jrc0ZvciI6ICJodHRwczovL3d3dy50aG9tYXNhbmRodXR0b24uY29tLyIsCgkiam9iVGl0bGUiOiAiUmVnaW9uYWwgRGlyZWN0b3IgYW5kIENpdmlsIE1hbmFnZXIgZm9yIHRoZSBOYXNodmlsbGUgb2ZmaWNlIiwKCSJhbHVtbmlPZiI6ICJodHRwczovL3d3dy52YW5kZXJiaWx0LmVkdS8iLAoJImltYWdlIjogImh0dHBzOi8vd3d3LnRob21hc2FuZGh1dHRvbi5jb20vd3AtY29udGVudC91cGxvYWRzLzIwMTgvMDcvUHJvZmlsZS1UcmF2aXMtVG9kZC00MDB4MjUwLmpwZyIsCgkiZ2VuZGVyIjogImh0dHA6Ly9zY2hlbWEub3JnL01hbGUiCn0KPC9zY3JpcHQ+[\/vc_raw_html][\/vc_column][\/vc_row]<\/p>\n<\/div>","protected":false},"excerpt":{"rendered":"<p>[vc_row css_animation=&#8220;&#8220; row_type=&#8220;row&#8220; use_row_as_full_screen_section=&#8220;no&#8220; type=&#8220;full_width&#8220; angled_section=&#8220;no&#8220; text_align=&#8220;left&#8220; background_image_as_pattern=&#8220;without_pattern&#8220; background_color=&#8220;#799900&#8243; z_index=&#8220;&#8220; css=&#8220;.vc_custom_1523400287498{padding-top: 30px !important;padding-bottom: 30px !important;background-color: #799900 !important;}&#8220;][vc_column][vc_single_image image=&#8220;2122&#8243; img_size=&#8220;full&#8220; alignment=&#8220;center&#8220; qode_css_animation=&#8220;&#8220;][vc_column_text] Unser Personal [\/vc_column_text][\/vc_column][\/vc_row][vc_row css_animation=&#8220;&#8220; row_type=&#8220;row&#8220; use_row_as_full_screen_section=&#8220;no&#8220; type=&#8220;full_width&#8220; angled_section=&#8220;no&#8220; text_align=&#8220;left&#8220; background_image_as_pattern=&#8220;without_pattern&#8220;][vc_column][vc_empty_space height=&#8220;50px&#8220;][\/vc_column][\/vc_row][vc_row css_animation=&#8220;&#8220; row_type=&#8220;row&#8220; use_row_as_full_screen_section=&#8220;yes&#8220; type=&#8220;full_width&#8220; angled_section=&#8220;no&#8220; text_align=&#8220;left&#8220; background_image_as_pattern=&#8220;without_pattern&#8220; z_index=&#8220;&#8220;][vc_column width=&#8220;2\/3&#8243; css=&#8220;.vc_custom_1528055156145{padding-right: 5% !important;padding-left: 15%<\/p>\n","protected":false},"author":7,"featured_media":0,"parent":0,"menu_order":0,"comment_status":"closed","ping_status":"closed","template":"full_width.php","meta":{"content-type":"","footnotes":""},"class_list":["post-21108","page","type-page","status-publish","hentry"],"yoast_head":"<!-- This site is optimized with the Yoast SEO plugin v27.5 - https:\/\/yoast.com\/product\/yoast-seo-wordpress\/ -->\n<title>Travis Todd - Regionaldirektor und Bauleiter bei Thomas &amp; Hutton<\/title>\n<meta name=\"description\" content=\"Als zugelassener Ingenieur verf\u00fcgt Travis \u00fcber Erfahrung in der Leitung eines breiten Spektrums von Landentwicklungs- und Infrastrukturprojekten. Klicken Sie hier, um mehr \u00fcber Travis zu erfahren.\" \/>\n<meta name=\"robots\" content=\"index, follow, max-snippet:-1, max-image-preview:large, max-video-preview:-1\" \/>\n<link rel=\"canonical\" href=\"https:\/\/www.thomasandhutton.com\/de\/travis-todd\/\" \/>\n<meta property=\"og:locale\" content=\"de_DE\" \/>\n<meta property=\"og:type\" content=\"article\" \/>\n<meta property=\"og:title\" content=\"Travis Todd - Regionaldirektor und Bauleiter bei Thomas &amp; Hutton\" \/>\n<meta property=\"og:description\" content=\"Als zugelassener Ingenieur verf\u00fcgt Travis \u00fcber Erfahrung in der Leitung eines breiten Spektrums von Landentwicklungs- und Infrastrukturprojekten. Klicken Sie hier, um mehr \u00fcber Travis zu erfahren.\" \/>\n<meta property=\"og:url\" content=\"https:\/\/www.thomasandhutton.com\/de\/travis-todd\/\" \/>\n<meta property=\"og:site_name\" content=\"Thomas &amp; Hutton\" \/>\n<meta property=\"article:publisher\" content=\"https:\/\/www.facebook.com\/THengineers\/\" \/>\n<meta property=\"article:modified_time\" content=\"2023-03-03T17:52:29+00:00\" \/>\n<meta name=\"twitter:card\" content=\"summary_large_image\" \/>\n<meta name=\"twitter:site\" content=\"@thomasandhutton\" \/>\n<meta name=\"twitter:label1\" content=\"Gesch\u00e4tzte Lesezeit\" \/>\n\t<meta name=\"twitter:data1\" content=\"4\u00a0Minuten\" \/>\n<script type=\"application\/ld+json\" class=\"yoast-schema-graph\">{\"@context\":\"https:\\\/\\\/schema.org\",\"@graph\":[{\"@type\":\"WebPage\",\"@id\":\"https:\\\/\\\/www.thomasandhutton.com\\\/de\\\/travis-todd\\\/\",\"url\":\"https:\\\/\\\/www.thomasandhutton.com\\\/de\\\/travis-todd\\\/\",\"name\":\"Travis Todd - Regionaldirektor und Bauleiter bei Thomas & Hutton\",\"isPartOf\":{\"@id\":\"https:\\\/\\\/www.thomasandhutton.com\\\/de\\\/#website\"},\"datePublished\":\"2018-06-03T21:40:32+00:00\",\"dateModified\":\"2023-03-03T17:52:29+00:00\",\"description\":\"Als zugelassener Ingenieur verf\u00fcgt Travis \u00fcber Erfahrung in der Leitung eines breiten Spektrums von Landentwicklungs- und Infrastrukturprojekten. Klicken Sie hier, um mehr \u00fcber Travis zu erfahren.\",\"breadcrumb\":{\"@id\":\"https:\\\/\\\/www.thomasandhutton.com\\\/de\\\/travis-todd\\\/#breadcrumb\"},\"inLanguage\":\"de\",\"potentialAction\":[{\"@type\":\"ReadAction\",\"target\":[\"https:\\\/\\\/www.thomasandhutton.com\\\/de\\\/travis-todd\\\/\"]}]},{\"@type\":\"BreadcrumbList\",\"@id\":\"https:\\\/\\\/www.thomasandhutton.com\\\/de\\\/travis-todd\\\/#breadcrumb\",\"itemListElement\":[{\"@type\":\"ListItem\",\"position\":1,\"name\":\"Home\",\"item\":\"https:\\\/\\\/www.thomasandhutton.com\\\/de\\\/\"},{\"@type\":\"ListItem\",\"position\":2,\"name\":\"Travis Todd\"}]},{\"@type\":\"WebSite\",\"@id\":\"https:\\\/\\\/www.thomasandhutton.com\\\/de\\\/#website\",\"url\":\"https:\\\/\\\/www.thomasandhutton.com\\\/de\\\/\",\"name\":\"Thomas & Hutton\",\"description\":\"Engineering | Surveying | Landscape Architecture | GIS | Consulting\",\"publisher\":{\"@id\":\"https:\\\/\\\/www.thomasandhutton.com\\\/de\\\/#organization\"},\"potentialAction\":[{\"@type\":\"SearchAction\",\"target\":{\"@type\":\"EntryPoint\",\"urlTemplate\":\"https:\\\/\\\/www.thomasandhutton.com\\\/de\\\/?s={search_term_string}\"},\"query-input\":{\"@type\":\"PropertyValueSpecification\",\"valueRequired\":true,\"valueName\":\"search_term_string\"}}],\"inLanguage\":\"de\"},{\"@type\":\"Organization\",\"@id\":\"https:\\\/\\\/www.thomasandhutton.com\\\/de\\\/#organization\",\"name\":\"Thomas & Hutton\",\"url\":\"https:\\\/\\\/www.thomasandhutton.com\\\/de\\\/\",\"logo\":{\"@type\":\"ImageObject\",\"inLanguage\":\"de\",\"@id\":\"https:\\\/\\\/www.thomasandhutton.com\\\/de\\\/#\\\/schema\\\/logo\\\/image\\\/\",\"url\":\"https:\\\/\\\/www.thomasandhutton.com\\\/wp-content\\\/uploads\\\/2018\\\/06\\\/TH_LOGO__2.png\",\"contentUrl\":\"https:\\\/\\\/www.thomasandhutton.com\\\/wp-content\\\/uploads\\\/2018\\\/06\\\/TH_LOGO__2.png\",\"width\":141,\"height\":46,\"caption\":\"Thomas & Hutton\"},\"image\":{\"@id\":\"https:\\\/\\\/www.thomasandhutton.com\\\/de\\\/#\\\/schema\\\/logo\\\/image\\\/\"},\"sameAs\":[\"https:\\\/\\\/www.facebook.com\\\/THengineers\\\/\",\"https:\\\/\\\/x.com\\\/thomasandhutton\",\"https:\\\/\\\/www.instagram.com\\\/ThomasandHutton\\\/\",\"https:\\\/\\\/www.linkedin.com\\\/company\\\/thomas-&amp;amp;-hutton-engineering-co.\",\"https:\\\/\\\/www.youtube.com\\\/user\\\/ThomasandHutton\"]}]}<\/script>\n<!-- \/ Yoast SEO plugin. -->","yoast_head_json":{"title":"Travis Todd - Regionaldirektor und Bauleiter bei Thomas & Hutton","description":"Als zugelassener Ingenieur verf\u00fcgt Travis \u00fcber Erfahrung in der Leitung eines breiten Spektrums von Landentwicklungs- und Infrastrukturprojekten. Klicken Sie hier, um mehr \u00fcber Travis zu erfahren.","robots":{"index":"index","follow":"follow","max-snippet":"max-snippet:-1","max-image-preview":"max-image-preview:large","max-video-preview":"max-video-preview:-1"},"canonical":"https:\/\/www.thomasandhutton.com\/de\/travis-todd\/","og_locale":"de_DE","og_type":"article","og_title":"Travis Todd - Regionaldirektor und Bauleiter bei Thomas & Hutton","og_description":"Als zugelassener Ingenieur verf\u00fcgt Travis \u00fcber Erfahrung in der Leitung eines breiten Spektrums von Landentwicklungs- und Infrastrukturprojekten. Klicken Sie hier, um mehr \u00fcber Travis zu erfahren.","og_url":"https:\/\/www.thomasandhutton.com\/de\/travis-todd\/","og_site_name":"Thomas &amp; Hutton","article_publisher":"https:\/\/www.facebook.com\/THengineers\/","article_modified_time":"2023-03-03T17:52:29+00:00","twitter_card":"summary_large_image","twitter_site":"@thomasandhutton","twitter_misc":{"Gesch\u00e4tzte Lesezeit":"4\u00a0Minuten"},"schema":{"@context":"https:\/\/schema.org","@graph":[{"@type":"WebPage","@id":"https:\/\/www.thomasandhutton.com\/de\/travis-todd\/","url":"https:\/\/www.thomasandhutton.com\/de\/travis-todd\/","name":"Travis Todd - Regionaldirektor und Bauleiter bei Thomas & Hutton","isPartOf":{"@id":"https:\/\/www.thomasandhutton.com\/de\/#website"},"datePublished":"2018-06-03T21:40:32+00:00","dateModified":"2023-03-03T17:52:29+00:00","description":"Als zugelassener Ingenieur verf\u00fcgt Travis \u00fcber Erfahrung in der Leitung eines breiten Spektrums von Landentwicklungs- und Infrastrukturprojekten. Klicken Sie hier, um mehr \u00fcber Travis zu erfahren.","breadcrumb":{"@id":"https:\/\/www.thomasandhutton.com\/de\/travis-todd\/#breadcrumb"},"inLanguage":"de","potentialAction":[{"@type":"ReadAction","target":["https:\/\/www.thomasandhutton.com\/de\/travis-todd\/"]}]},{"@type":"BreadcrumbList","@id":"https:\/\/www.thomasandhutton.com\/de\/travis-todd\/#breadcrumb","itemListElement":[{"@type":"ListItem","position":1,"name":"Home","item":"https:\/\/www.thomasandhutton.com\/de\/"},{"@type":"ListItem","position":2,"name":"Travis Todd"}]},{"@type":"WebSite","@id":"https:\/\/www.thomasandhutton.com\/de\/#website","url":"https:\/\/www.thomasandhutton.com\/de\/","name":"Thomas & Hutton","description":"Engineering | Surveying | Landscape Architecture | GIS | Consulting","publisher":{"@id":"https:\/\/www.thomasandhutton.com\/de\/#organization"},"potentialAction":[{"@type":"SearchAction","target":{"@type":"EntryPoint","urlTemplate":"https:\/\/www.thomasandhutton.com\/de\/?s={search_term_string}"},"query-input":{"@type":"PropertyValueSpecification","valueRequired":true,"valueName":"search_term_string"}}],"inLanguage":"de"},{"@type":"Organization","@id":"https:\/\/www.thomasandhutton.com\/de\/#organization","name":"Thomas & Hutton","url":"https:\/\/www.thomasandhutton.com\/de\/","logo":{"@type":"ImageObject","inLanguage":"de","@id":"https:\/\/www.thomasandhutton.com\/de\/#\/schema\/logo\/image\/","url":"https:\/\/www.thomasandhutton.com\/wp-content\/uploads\/2018\/06\/TH_LOGO__2.png","contentUrl":"https:\/\/www.thomasandhutton.com\/wp-content\/uploads\/2018\/06\/TH_LOGO__2.png","width":141,"height":46,"caption":"Thomas & Hutton"},"image":{"@id":"https:\/\/www.thomasandhutton.com\/de\/#\/schema\/logo\/image\/"},"sameAs":["https:\/\/www.facebook.com\/THengineers\/","https:\/\/x.com\/thomasandhutton","https:\/\/www.instagram.com\/ThomasandHutton\/","https:\/\/www.linkedin.com\/company\/thomas-&amp;amp;-hutton-engineering-co.","https:\/\/www.youtube.com\/user\/ThomasandHutton"]}]}},"_links":{"self":[{"href":"https:\/\/www.thomasandhutton.com\/de\/wp-json\/wp\/v2\/pages\/21108","targetHints":{"allow":["GET"]}}],"collection":[{"href":"https:\/\/www.thomasandhutton.com\/de\/wp-json\/wp\/v2\/pages"}],"about":[{"href":"https:\/\/www.thomasandhutton.com\/de\/wp-json\/wp\/v2\/types\/page"}],"author":[{"embeddable":true,"href":"https:\/\/www.thomasandhutton.com\/de\/wp-json\/wp\/v2\/users\/7"}],"replies":[{"embeddable":true,"href":"https:\/\/www.thomasandhutton.com\/de\/wp-json\/wp\/v2\/comments?post=21108"}],"version-history":[{"count":1,"href":"https:\/\/www.thomasandhutton.com\/de\/wp-json\/wp\/v2\/pages\/21108\/revisions"}],"predecessor-version":[{"id":21132,"href":"https:\/\/www.thomasandhutton.com\/de\/wp-json\/wp\/v2\/pages\/21108\/revisions\/21132"}],"wp:attachment":[{"href":"https:\/\/www.thomasandhutton.com\/de\/wp-json\/wp\/v2\/media?parent=21108"}],"curies":[{"name":"wp","href":"https:\/\/api.w.org\/{rel}","templated":true}]}}