{"id":21140,"date":"2018-06-03T21:31:50","date_gmt":"2018-06-03T21:31:50","guid":{"rendered":"https:\/\/www.thomasandhutton.com\/sean-flynn\/"},"modified":"2023-03-03T17:52:45","modified_gmt":"2023-03-03T17:52:45","slug":"sean-flynn","status":"publish","type":"page","link":"https:\/\/www.thomasandhutton.com\/de\/sean-flynn\/","title":{"rendered":"Sean Flynn"},"content":{"rendered":"<div class=\"wpb-content-wrapper\"><p>[vc_row css_animation=&#8220;&#8220; row_type=&#8220;row&#8220; use_row_as_full_screen_section=&#8220;no&#8220; type=&#8220;full_width&#8220; angled_section=&#8220;no&#8220; text_align=&#8220;left&#8220; background_image_as_pattern=&#8220;without_pattern&#8220; background_color=&#8220;#799900&#8243; z_index=&#8220;&#8220; css=&#8220;.vc_custom_1523400287498{padding-top: 30px !important;padding-bottom: 30px !important;background-color: #799900 !important;}&#8220;][vc_column][vc_single_image image=&#8220;2122&#8243; img_size=&#8220;full&#8220; alignment=&#8220;center&#8220; qode_css_animation=&#8220;&#8220;][vc_column_text]<\/p>\n<h2 style=\"text-align: center;\"><span style=\"color: #ffffff;\">Unser Personal<\/span><\/h2>\n<p>[\/vc_column_text][\/vc_column][\/vc_row][vc_row css_animation=&#8220;&#8220; row_type=&#8220;row&#8220; use_row_as_full_screen_section=&#8220;no&#8220; type=&#8220;full_width&#8220; angled_section=&#8220;no&#8220; text_align=&#8220;left&#8220; background_image_as_pattern=&#8220;without_pattern&#8220;][vc_column][vc_empty_space height=&#8220;50px&#8220;][\/vc_column][\/vc_row][vc_row css_animation=&#8220;&#8220; row_type=&#8220;row&#8220; use_row_as_full_screen_section=&#8220;yes&#8220; type=&#8220;full_width&#8220; angled_section=&#8220;no&#8220; text_align=&#8220;left&#8220; background_image_as_pattern=&#8220;without_pattern&#8220; z_index=&#8220;&#8220;][vc_column width=&#8220;2\/3&#8243; css=&#8220;.vc_custom_1528055156145{padding-right: 5% !important;padding-left: 15% !important;}&#8220;][vc_column_text css=&#8220;.vc_custom_1528061404967{padding-top: 8px !important;}&#8220;]<\/p>\n<h1><span style=\"color: #000000;\"><b>Sean Flynn, PE<\/b><\/span><\/h1>\n<p>[\/vc_column_text][vc_column_text]<i><span style=\"font-weight: 400;\">&#8222;Ich bin begeistert von meiner Arbeit, weil ich wei\u00df, dass wir als Gruppe &#8211; Ingenieure, Vermessungsingenieure, Planer, Landschaftsarchitekten und die Menschen, mit denen wir zusammenarbeiten &#8211; die Lebensqualit\u00e4t verbessern und das Leben aller Menschen verl\u00e4ngern, die von unserer Arbeit betroffen sind. Wir retten Leben nicht in dem Sinne, dass ein Chirurg ein versagendes Herz repariert und jemandem ein paar Jahre mehr Lebenszeit verschafft, unser Beitrag ist weitaus umfassender als das. Wir sorgen f\u00fcr sauberes Wasser und eine wirksame Abwasserentsorgung, wodurch Krankheiten einged\u00e4mmt werden und das Leben der Menschen um Jahre verl\u00e4ngert wird. Wir sorgen f\u00fcr sicherere Wege, um von A nach B zu gelangen, und verringern so Unf\u00e4lle und Todesf\u00e4lle, die sonst eingetreten w\u00e4ren. Wir bieten den Menschen Orte, die sie genie\u00dfen k\u00f6nnen, und verbessern so ihre Lebensqualit\u00e4t. Es ist schwierig, die Auswirkungen, die wir in diesem Rahmen haben, zu quantifizieren, aber seien Sie versichert, dass wir wissen, dass sie existieren. Wir tun dies nicht, um Anerkennung oder Auszeichnungen zu erhalten oder um Geb\u00e4ude und Br\u00fccken nach uns benennen zu lassen. Ich tue es, damit ich, wenn ich mich abends hinlege, auf eine Weise, die nur f\u00fcr mich von Bedeutung ist, wei\u00df, dass ich meinen Teil dazu beigetragen habe, die Welt besser zu machen, als sie vor meiner Ankunft war &#8211; und das ist etwas, f\u00fcr das es sich lohnt, leidenschaftlich zu sein.&#8220;<\/span><\/i> <span style=\"font-weight: 400;\"> <\/span>[\/vc_column_text][vc_empty_space height=&#8220;25px&#8220;][vc_column_text]<span style=\"font-weight: 400;\">Sean ist der Regionaldirektor und Zivilmanager f\u00fcr das B\u00fcro in Myrtle Beach. Er kam 2010 zu Thomas &amp; Hutton und bringt 14 Jahre Erfahrung im Projektmanagement mit, die von kleinen Investitionsprojekten bis hin zu gro\u00df angelegten Entwicklungsprojekten in den K\u00fcstengebieten von South Carolina, insbesondere entlang des Grand Strand, reichen. Als zugelassener Berufsingenieur hat Sean an Projekten f\u00fcr kleine Gemeinden, gro\u00dfe Kommunalverwaltungen und private Unternehmen gearbeitet, die Projektmanagement, Zuschussvergabe, Standortentwicklung, Wasser und Abwasser, Regenwasserentw\u00e4sserung, Verkehr, hydraulische und hydrologische Analysen und Baumanagement umfassen. Sean hat seinen Master in Bauingenieurwesen mit Schwerpunkt Wasserressourcen und Umwelttechnik und seinen Bachelor of Science in Bauingenieurwesen an der University of South Carolina erworben. Er ist derzeit Vorstandsvorsitzender der Alliance for Economic Development for Georgetown County, aktives Mitglied der South Carolina Economic Developers Association und war zuvor Mitglied des Verwaltungsrats des Georgetown County Water &amp; Sewer District und des Verwaltungsrats der Myrtle Beach Regional Economic Development Corporation.<\/span>[\/vc_column_text][vc_row_inner row_type=&#8220;row&#8220; type=&#8220;full_width&#8220; text_align=&#8220;left&#8220; css_animation=&#8220;&#8220;][vc_column_inner][vc_empty_space height=&#8220;50px&#8220;][\/vc_column_inner][\/vc_row_inner][vc_row_inner row_type=&#8220;row&#8220; type=&#8220;full_width&#8220; text_align=&#8220;left&#8220; css_animation=&#8220;&#8220;][vc_column_inner width=&#8220;1\/4&#8243;][\/vc_column_inner][vc_column_inner width=&#8220;1\/2&#8243;][\/vc_column_inner][vc_column_inner width=&#8220;1\/4&#8243;][vc_column_text]<span data-type=\"normal\"  class=\"qode_icon_shortcode  q_font_awsome_icon   \" style=\" \"><i class=\"qode_icon_font_awesome fa fa-long-arrow-right qode_icon_element\" style=\"color: #799900;\" ><\/i><\/span><a href=\"https:\/\/www.thomasandhutton.com\/de\/unser-personal\/\"><strong><span style=\"color: #799900;\">ZUR\u00dcCK ZU UNSEREN LEUTEN<\/span><\/strong><\/a>[\/vc_column_text][\/vc_column_inner][\/vc_row_inner][\/vc_column][vc_column width=&#8220;1\/3&#8243;][vc_single_image image=&#8220;3024&#8243; img_size=&#8220;400 x 250&#8243; qode_css_animation=&#8220;&#8220;][vc_column_text]<strong>Regionaldirektor\/Bauleiter<\/strong><\/p>\n<p><span style=\"font-weight: 400;\"><strong>p<\/strong> 843-839-3545 <strong>d<\/strong> 843-839-8426<\/span><\/p>\n<p><span style=\"font-weight: 400;\"><strong>e <\/strong><a href=\"mailto:flynn.s@tandh.com\">flynn.s@tandh.com<\/a><\/span><\/p>\n<p><strong>c<\/strong> <a href=\"https:\/\/www.thomasandhutton.com\/vcards\/SeanFlynn.vcf\">vCard<\/a>[\/vc_column_text][\/vc_column][\/vc_row][vc_row css_animation=&#8220;&#8220; row_type=&#8220;row&#8220; use_row_as_full_screen_section=&#8220;no&#8220; type=&#8220;full_width&#8220; angled_section=&#8220;no&#8220; text_align=&#8220;left&#8220; background_image_as_pattern=&#8220;without_pattern&#8220;][vc_column][vc_empty_space height=&#8220;50px&#8220;][\/vc_column][\/vc_row][vc_row css_animation=&#8220;&#8220; row_type=&#8220;row&#8220; use_row_as_full_screen_section=&#8220;no&#8220; type=&#8220;full_width&#8220; angled_section=&#8220;no&#8220; text_align=&#8220;left&#8220; background_image_as_pattern=&#8220;without_pattern&#8220;][vc_column][vc_raw_html]PHNjcmlwdCB0eXBlPSJhcHBsaWNhdGlvbi9sZCtqc29uIj57CiAgICAgICAgIkBjb250ZXh0IjogImh0dHA6Ly9zY2hlbWEub3JnIiwKICAgICAgICAiQHR5cGUiOiAiUGVyc29uIiwKICAgICAgICAiZmFtaWx5TmFtZSI6ICJTZWFuIiwKICAgICAgICAiZ2l2ZW5OYW1lIjogIkZseW5uIiwKICAgICAgICAid29ya3NGb3IiOiAiaHR0cHM6Ly93d3cudGhvbWFzYW5kaHV0dG9uLmNvbS8iLAogICAgICAgICJqb2JUaXRsZSI6ICJSZWdpb25hbCBEaXJlY3RvciBhbmQgQ2l2aWwgTWFuYWdlciIsCiAgICAgICAgImFsdW1uaU9mIjogImh0dHBzOi8vc2MuZWR1LyIsCiAgICAgICAgImltYWdlIjogImh0dHBzOi8vd3d3LnRob21hc2FuZGh1dHRvbi5jb20vd3AtY29udGVudC91cGxvYWRzLzIwMTgvMDcvUHJvZmlsZS1TZWFuLUZseW5uLTQwMHgyNTAuanBnIiwKICAgICAgICAiZ2VuZGVyIjogImh0dHA6Ly9zY2hlbWEub3JnL01hbGUiCn0KPC9zY3JpcHQ+[\/vc_raw_html][\/vc_column][\/vc_row]<\/p>\n<\/div>","protected":false},"excerpt":{"rendered":"<p>[vc_row css_animation=&#8220;&#8220; row_type=&#8220;row&#8220; use_row_as_full_screen_section=&#8220;no&#8220; type=&#8220;full_width&#8220; angled_section=&#8220;no&#8220; text_align=&#8220;left&#8220; background_image_as_pattern=&#8220;without_pattern&#8220; background_color=&#8220;#799900&#8243; z_index=&#8220;&#8220; css=&#8220;.vc_custom_1523400287498{padding-top: 30px !important;padding-bottom: 30px !important;background-color: #799900 !important;}&#8220;][vc_column][vc_single_image image=&#8220;2122&#8243; img_size=&#8220;full&#8220; alignment=&#8220;center&#8220; qode_css_animation=&#8220;&#8220;][vc_column_text] Unser Personal [\/vc_column_text][\/vc_column][\/vc_row][vc_row css_animation=&#8220;&#8220; row_type=&#8220;row&#8220; use_row_as_full_screen_section=&#8220;no&#8220; type=&#8220;full_width&#8220; angled_section=&#8220;no&#8220; text_align=&#8220;left&#8220; background_image_as_pattern=&#8220;without_pattern&#8220;][vc_column][vc_empty_space height=&#8220;50px&#8220;][\/vc_column][\/vc_row][vc_row css_animation=&#8220;&#8220; row_type=&#8220;row&#8220; use_row_as_full_screen_section=&#8220;yes&#8220; type=&#8220;full_width&#8220; angled_section=&#8220;no&#8220; text_align=&#8220;left&#8220; background_image_as_pattern=&#8220;without_pattern&#8220; z_index=&#8220;&#8220;][vc_column width=&#8220;2\/3&#8243; css=&#8220;.vc_custom_1528055156145{padding-right: 5% !important;padding-left: 15%<\/p>\n","protected":false},"author":7,"featured_media":0,"parent":0,"menu_order":0,"comment_status":"closed","ping_status":"closed","template":"full_width.php","meta":{"content-type":"","footnotes":""},"class_list":["post-21140","page","type-page","status-publish","hentry"],"yoast_head":"<!-- This site is optimized with the Yoast SEO plugin v27.5 - https:\/\/yoast.com\/product\/yoast-seo-wordpress\/ -->\n<title>Sean Flynn - Regionaldirektor und Bauleiter bei Thomas &amp; Hutton<\/title>\n<meta name=\"description\" content=\"Er kam 2010 zu Thomas &amp; Hutton und bringt 14 Jahre Erfahrung im Projektmanagement mit, die von kleinen Investitionsprojekten bis hin zu gro\u00df angelegten Entwicklungsprojekten in den K\u00fcstengebieten von South Carolina reichen. Klicken Sie hier, um mehr zu erfahren.\" \/>\n<meta name=\"robots\" content=\"index, follow, max-snippet:-1, max-image-preview:large, max-video-preview:-1\" \/>\n<link rel=\"canonical\" href=\"https:\/\/www.thomasandhutton.com\/de\/sean-flynn\/\" \/>\n<meta property=\"og:locale\" content=\"de_DE\" \/>\n<meta property=\"og:type\" content=\"article\" \/>\n<meta property=\"og:title\" content=\"Sean Flynn - Regionaldirektor und Bauleiter bei Thomas &amp; Hutton\" \/>\n<meta property=\"og:description\" content=\"Er kam 2010 zu Thomas &amp; Hutton und bringt 14 Jahre Erfahrung im Projektmanagement mit, die von kleinen Investitionsprojekten bis hin zu gro\u00df angelegten Entwicklungsprojekten in den K\u00fcstengebieten von South Carolina reichen. Klicken Sie hier, um mehr zu erfahren.\" \/>\n<meta property=\"og:url\" content=\"https:\/\/www.thomasandhutton.com\/de\/sean-flynn\/\" \/>\n<meta property=\"og:site_name\" content=\"Thomas &amp; Hutton\" \/>\n<meta property=\"article:publisher\" content=\"https:\/\/www.facebook.com\/THengineers\/\" \/>\n<meta property=\"article:modified_time\" content=\"2023-03-03T17:52:45+00:00\" \/>\n<meta name=\"twitter:card\" content=\"summary_large_image\" \/>\n<meta name=\"twitter:site\" content=\"@thomasandhutton\" \/>\n<meta name=\"twitter:label1\" content=\"Gesch\u00e4tzte Lesezeit\" \/>\n\t<meta name=\"twitter:data1\" content=\"4\u00a0Minuten\" \/>\n<script type=\"application\/ld+json\" class=\"yoast-schema-graph\">{\"@context\":\"https:\\\/\\\/schema.org\",\"@graph\":[{\"@type\":\"WebPage\",\"@id\":\"https:\\\/\\\/www.thomasandhutton.com\\\/de\\\/sean-flynn\\\/\",\"url\":\"https:\\\/\\\/www.thomasandhutton.com\\\/de\\\/sean-flynn\\\/\",\"name\":\"Sean Flynn - Regionaldirektor und Bauleiter bei Thomas & Hutton\",\"isPartOf\":{\"@id\":\"https:\\\/\\\/www.thomasandhutton.com\\\/de\\\/#website\"},\"datePublished\":\"2018-06-03T21:31:50+00:00\",\"dateModified\":\"2023-03-03T17:52:45+00:00\",\"description\":\"Er kam 2010 zu Thomas & Hutton und bringt 14 Jahre Erfahrung im Projektmanagement mit, die von kleinen Investitionsprojekten bis hin zu gro\u00df angelegten Entwicklungsprojekten in den K\u00fcstengebieten von South Carolina reichen. Klicken Sie hier, um mehr zu erfahren.\",\"breadcrumb\":{\"@id\":\"https:\\\/\\\/www.thomasandhutton.com\\\/de\\\/sean-flynn\\\/#breadcrumb\"},\"inLanguage\":\"de\",\"potentialAction\":[{\"@type\":\"ReadAction\",\"target\":[\"https:\\\/\\\/www.thomasandhutton.com\\\/de\\\/sean-flynn\\\/\"]}]},{\"@type\":\"BreadcrumbList\",\"@id\":\"https:\\\/\\\/www.thomasandhutton.com\\\/de\\\/sean-flynn\\\/#breadcrumb\",\"itemListElement\":[{\"@type\":\"ListItem\",\"position\":1,\"name\":\"Home\",\"item\":\"https:\\\/\\\/www.thomasandhutton.com\\\/de\\\/\"},{\"@type\":\"ListItem\",\"position\":2,\"name\":\"Sean Flynn\"}]},{\"@type\":\"WebSite\",\"@id\":\"https:\\\/\\\/www.thomasandhutton.com\\\/de\\\/#website\",\"url\":\"https:\\\/\\\/www.thomasandhutton.com\\\/de\\\/\",\"name\":\"Thomas & Hutton\",\"description\":\"Engineering | Surveying | Landscape Architecture | GIS | Consulting\",\"publisher\":{\"@id\":\"https:\\\/\\\/www.thomasandhutton.com\\\/de\\\/#organization\"},\"potentialAction\":[{\"@type\":\"SearchAction\",\"target\":{\"@type\":\"EntryPoint\",\"urlTemplate\":\"https:\\\/\\\/www.thomasandhutton.com\\\/de\\\/?s={search_term_string}\"},\"query-input\":{\"@type\":\"PropertyValueSpecification\",\"valueRequired\":true,\"valueName\":\"search_term_string\"}}],\"inLanguage\":\"de\"},{\"@type\":\"Organization\",\"@id\":\"https:\\\/\\\/www.thomasandhutton.com\\\/de\\\/#organization\",\"name\":\"Thomas & Hutton\",\"url\":\"https:\\\/\\\/www.thomasandhutton.com\\\/de\\\/\",\"logo\":{\"@type\":\"ImageObject\",\"inLanguage\":\"de\",\"@id\":\"https:\\\/\\\/www.thomasandhutton.com\\\/de\\\/#\\\/schema\\\/logo\\\/image\\\/\",\"url\":\"https:\\\/\\\/www.thomasandhutton.com\\\/wp-content\\\/uploads\\\/2018\\\/06\\\/TH_LOGO__2.png\",\"contentUrl\":\"https:\\\/\\\/www.thomasandhutton.com\\\/wp-content\\\/uploads\\\/2018\\\/06\\\/TH_LOGO__2.png\",\"width\":141,\"height\":46,\"caption\":\"Thomas & Hutton\"},\"image\":{\"@id\":\"https:\\\/\\\/www.thomasandhutton.com\\\/de\\\/#\\\/schema\\\/logo\\\/image\\\/\"},\"sameAs\":[\"https:\\\/\\\/www.facebook.com\\\/THengineers\\\/\",\"https:\\\/\\\/x.com\\\/thomasandhutton\",\"https:\\\/\\\/www.instagram.com\\\/ThomasandHutton\\\/\",\"https:\\\/\\\/www.linkedin.com\\\/company\\\/thomas-&amp;amp;-hutton-engineering-co.\",\"https:\\\/\\\/www.youtube.com\\\/user\\\/ThomasandHutton\"]}]}<\/script>\n<!-- \/ Yoast SEO plugin. -->","yoast_head_json":{"title":"Sean Flynn - Regionaldirektor und Bauleiter bei Thomas & Hutton","description":"Er kam 2010 zu Thomas & Hutton und bringt 14 Jahre Erfahrung im Projektmanagement mit, die von kleinen Investitionsprojekten bis hin zu gro\u00df angelegten Entwicklungsprojekten in den K\u00fcstengebieten von South Carolina reichen. Klicken Sie hier, um mehr zu erfahren.","robots":{"index":"index","follow":"follow","max-snippet":"max-snippet:-1","max-image-preview":"max-image-preview:large","max-video-preview":"max-video-preview:-1"},"canonical":"https:\/\/www.thomasandhutton.com\/de\/sean-flynn\/","og_locale":"de_DE","og_type":"article","og_title":"Sean Flynn - Regionaldirektor und Bauleiter bei Thomas & Hutton","og_description":"Er kam 2010 zu Thomas & Hutton und bringt 14 Jahre Erfahrung im Projektmanagement mit, die von kleinen Investitionsprojekten bis hin zu gro\u00df angelegten Entwicklungsprojekten in den K\u00fcstengebieten von South Carolina reichen. Klicken Sie hier, um mehr zu erfahren.","og_url":"https:\/\/www.thomasandhutton.com\/de\/sean-flynn\/","og_site_name":"Thomas &amp; Hutton","article_publisher":"https:\/\/www.facebook.com\/THengineers\/","article_modified_time":"2023-03-03T17:52:45+00:00","twitter_card":"summary_large_image","twitter_site":"@thomasandhutton","twitter_misc":{"Gesch\u00e4tzte Lesezeit":"4\u00a0Minuten"},"schema":{"@context":"https:\/\/schema.org","@graph":[{"@type":"WebPage","@id":"https:\/\/www.thomasandhutton.com\/de\/sean-flynn\/","url":"https:\/\/www.thomasandhutton.com\/de\/sean-flynn\/","name":"Sean Flynn - Regionaldirektor und Bauleiter bei Thomas & Hutton","isPartOf":{"@id":"https:\/\/www.thomasandhutton.com\/de\/#website"},"datePublished":"2018-06-03T21:31:50+00:00","dateModified":"2023-03-03T17:52:45+00:00","description":"Er kam 2010 zu Thomas & Hutton und bringt 14 Jahre Erfahrung im Projektmanagement mit, die von kleinen Investitionsprojekten bis hin zu gro\u00df angelegten Entwicklungsprojekten in den K\u00fcstengebieten von South Carolina reichen. Klicken Sie hier, um mehr zu erfahren.","breadcrumb":{"@id":"https:\/\/www.thomasandhutton.com\/de\/sean-flynn\/#breadcrumb"},"inLanguage":"de","potentialAction":[{"@type":"ReadAction","target":["https:\/\/www.thomasandhutton.com\/de\/sean-flynn\/"]}]},{"@type":"BreadcrumbList","@id":"https:\/\/www.thomasandhutton.com\/de\/sean-flynn\/#breadcrumb","itemListElement":[{"@type":"ListItem","position":1,"name":"Home","item":"https:\/\/www.thomasandhutton.com\/de\/"},{"@type":"ListItem","position":2,"name":"Sean Flynn"}]},{"@type":"WebSite","@id":"https:\/\/www.thomasandhutton.com\/de\/#website","url":"https:\/\/www.thomasandhutton.com\/de\/","name":"Thomas & Hutton","description":"Engineering | Surveying | Landscape Architecture | GIS | Consulting","publisher":{"@id":"https:\/\/www.thomasandhutton.com\/de\/#organization"},"potentialAction":[{"@type":"SearchAction","target":{"@type":"EntryPoint","urlTemplate":"https:\/\/www.thomasandhutton.com\/de\/?s={search_term_string}"},"query-input":{"@type":"PropertyValueSpecification","valueRequired":true,"valueName":"search_term_string"}}],"inLanguage":"de"},{"@type":"Organization","@id":"https:\/\/www.thomasandhutton.com\/de\/#organization","name":"Thomas & Hutton","url":"https:\/\/www.thomasandhutton.com\/de\/","logo":{"@type":"ImageObject","inLanguage":"de","@id":"https:\/\/www.thomasandhutton.com\/de\/#\/schema\/logo\/image\/","url":"https:\/\/www.thomasandhutton.com\/wp-content\/uploads\/2018\/06\/TH_LOGO__2.png","contentUrl":"https:\/\/www.thomasandhutton.com\/wp-content\/uploads\/2018\/06\/TH_LOGO__2.png","width":141,"height":46,"caption":"Thomas & Hutton"},"image":{"@id":"https:\/\/www.thomasandhutton.com\/de\/#\/schema\/logo\/image\/"},"sameAs":["https:\/\/www.facebook.com\/THengineers\/","https:\/\/x.com\/thomasandhutton","https:\/\/www.instagram.com\/ThomasandHutton\/","https:\/\/www.linkedin.com\/company\/thomas-&amp;amp;-hutton-engineering-co.","https:\/\/www.youtube.com\/user\/ThomasandHutton"]}]}},"_links":{"self":[{"href":"https:\/\/www.thomasandhutton.com\/de\/wp-json\/wp\/v2\/pages\/21140","targetHints":{"allow":["GET"]}}],"collection":[{"href":"https:\/\/www.thomasandhutton.com\/de\/wp-json\/wp\/v2\/pages"}],"about":[{"href":"https:\/\/www.thomasandhutton.com\/de\/wp-json\/wp\/v2\/types\/page"}],"author":[{"embeddable":true,"href":"https:\/\/www.thomasandhutton.com\/de\/wp-json\/wp\/v2\/users\/7"}],"replies":[{"embeddable":true,"href":"https:\/\/www.thomasandhutton.com\/de\/wp-json\/wp\/v2\/comments?post=21140"}],"version-history":[{"count":1,"href":"https:\/\/www.thomasandhutton.com\/de\/wp-json\/wp\/v2\/pages\/21140\/revisions"}],"predecessor-version":[{"id":21169,"href":"https:\/\/www.thomasandhutton.com\/de\/wp-json\/wp\/v2\/pages\/21140\/revisions\/21169"}],"wp:attachment":[{"href":"https:\/\/www.thomasandhutton.com\/de\/wp-json\/wp\/v2\/media?parent=21140"}],"curies":[{"name":"wp","href":"https:\/\/api.w.org\/{rel}","templated":true}]}}