{"id":21790,"date":"2018-06-04T16:58:15","date_gmt":"2018-06-04T16:58:15","guid":{"rendered":"https:\/\/www.thomasandhutton.com\/cecilia-arango\/"},"modified":"2023-03-03T19:23:42","modified_gmt":"2023-03-03T19:23:42","slug":"cecilia-arango","status":"publish","type":"page","link":"https:\/\/www.thomasandhutton.com\/de\/cecilia-arango\/","title":{"rendered":"Cecilia Arango"},"content":{"rendered":"<div class=\"wpb-content-wrapper\"><p>[vc_row css_animation=&#8220;&#8220; row_type=&#8220;row&#8220; use_row_as_full_screen_section=&#8220;no&#8220; type=&#8220;full_width&#8220; angled_section=&#8220;no&#8220; text_align=&#8220;left&#8220; background_image_as_pattern=&#8220;without_pattern&#8220; background_color=&#8220;#799900&#8243; z_index=&#8220;&#8220; css=&#8220;.vc_custom_1523400287498{padding-top: 30px !important;padding-bottom: 30px !important;background-color: #799900 !important;}&#8220;][vc_column][vc_single_image image=&#8220;2122&#8243; img_size=&#8220;full&#8220; alignment=&#8220;center&#8220; qode_css_animation=&#8220;&#8220;][vc_column_text]<\/p>\n<h2 style=\"text-align: center;\"><span style=\"color: #ffffff;\">Unser Personal<\/span><\/h2>\n<p>[\/vc_column_text][\/vc_column][\/vc_row][vc_row css_animation=&#8220;&#8220; row_type=&#8220;row&#8220; use_row_as_full_screen_section=&#8220;no&#8220; type=&#8220;full_width&#8220; angled_section=&#8220;no&#8220; text_align=&#8220;left&#8220; background_image_as_pattern=&#8220;without_pattern&#8220;][vc_column][vc_empty_space height=&#8220;50px&#8220;][\/vc_column][\/vc_row][vc_row css_animation=&#8220;&#8220; row_type=&#8220;row&#8220; use_row_as_full_screen_section=&#8220;yes&#8220; type=&#8220;full_width&#8220; angled_section=&#8220;no&#8220; text_align=&#8220;left&#8220; background_image_as_pattern=&#8220;without_pattern&#8220; z_index=&#8220;&#8220;][vc_column width=&#8220;2\/3&#8243; css=&#8220;.vc_custom_1528055156145{padding-right: 5% !important;padding-left: 15% !important;}&#8220;][vc_column_text css=&#8220;.vc_custom_1531332914513{padding-top: 8px !important;}&#8220;]<\/p>\n<h1><span style=\"color: #000000;\"><b>Cecilia Arango<\/b><\/span><\/h1>\n<p>[\/vc_column_text][vc_column_text]<i><span style=\"font-weight: 400;\">&#8222;Mein Schwiegervater ist bei Thomas &amp; Hutton in den Ruhestand gegangen und hat 41 Jahre lang in diesem Unternehmen gearbeitet. In diesen Jahren steckt eine Menge Geschichte! Wenn ich durch die Stadt fahre, sehe ich gerne seinen Gesichtsausdruck, wenn wir auf eines seiner Projekte sto\u00dfen. Seine Augen leuchten auf, sein Verhalten \u00e4ndert sich, seine Wirbels\u00e4ule wird ein wenig gerader. Man kann seinen Stolz sp\u00fcren. Er ist stolz auf seine Arbeit und ich wei\u00df, dass er sich gleich kopf\u00fcber in eine Geschichte st\u00fcrzen wird, wie alles begann. Er beginnt, mir von den Herausforderungen zu erz\u00e4hlen, von den aufkeimenden Beziehungen zwischen Kunden und Ingenieuren, die sich zu echten Freundschaften entwickeln, und von der Zusammenarbeit in seinem Team, um die besten L\u00f6sungen zu finden. Er tritt pl\u00f6tzlich auf die Bremse. Wir k\u00f6nnen nicht einfach vorbeifahren. Er m\u00f6chte, dass ich es mit eigenen Augen sehe &#8211; die Fr\u00fcchte seiner Arbeit. Wir gehen an einem Paar vorbei, das seinen Abendspaziergang auf der von ihm entworfenen Stra\u00dfe macht. Ich kann mir nur vorstellen, wie befriedigend es ist, die Vision dieses Projekts mitzuerleben &#8211; was einst nur ein St\u00fcck Erde war, ist nun in seiner endg\u00fcltigen Form eine atmende und bl\u00fchende Gemeinschaft. Ich liebe es, wenn ich sehe, mit welcher Leidenschaft jemand seine Arbeit macht. Sie strahlt in ihrer Haltung und bringt diese Energie mit sich, die wie Blitze ausstrahlt. Das ist ansteckend. Bei meiner Arbeit im Bauwesen fasziniert mich die Entstehungsgeschichte eines jeden Projekts &#8211; nicht nur die technischen Einzelheiten des Projekts, sondern auch die Beziehungen, der Denkprozess und die Zusammenarbeit, wie alles zusammenkommt. Wenn ich mir die kleinsten Details anh\u00f6re, ist es meine Aufgabe, diese Geschichten auf eine Art und Weise zu erz\u00e4hlen, die die Kreativit\u00e4t unserer Mitarbeiter und die Wissenschaft, die hinter jedem Projektdesign steht, hervorhebt.&#8220;<\/span><\/i>[\/vc_column_text][vc_empty_space height=&#8220;25px&#8220;][vc_column_text]<span style=\"font-weight: 400;\">Cecilia ist Marketing Managerin bei Thomas &amp; Hutton f\u00fcr alle Niederlassungen. Nach ihrem Bachelor of Arts in Englisch mit dem Schwerpunkt Kommunikation kam sie 2002 zu Thomas &amp; Hutton. Cecilia ist zust\u00e4ndig f\u00fcr Marketing, soziale Medien, \u00d6ffentlichkeitsarbeit und die Koordinierung von Vorschl\u00e4gen. Dar\u00fcber hinaus leitet sie das monatliche Hilfsprogramm von Thomas &amp; Hutton, T&amp;H Helping Hands, und engagiert sich in beruflichen und gesellschaftlichen Organisationen, darunter Society of Marketing Professional Services, Society of American Military Engineers (Vorsitzende), Metropolitan Savannah Rotary (Vorsitzende), Savannah Bicycle Campaign Board of Directors, Savannah Crimestoppers Board of Directors, Savannah Sports Council Board of Directors (Vorsitzende), Savannah Chamber Ambassadors Council (ehemalige Vorsitzende), Leadership Savannah, Leadership Southeast Georgia, Rape Crisis Center of the Coastal Empire, Leukemia &amp; Lymphom-Gesellschaft, Girls on the Run of Coastal Georgia, March of Dimes, und Savannah Striders Board of Directors.<\/span>[\/vc_column_text][vc_row_inner row_type=&#8220;row&#8220; type=&#8220;full_width&#8220; text_align=&#8220;left&#8220; css_animation=&#8220;&#8220;][vc_column_inner][vc_empty_space height=&#8220;50px&#8220;][\/vc_column_inner][\/vc_row_inner][vc_row_inner row_type=&#8220;row&#8220; type=&#8220;full_width&#8220; text_align=&#8220;left&#8220; css_animation=&#8220;&#8220;][vc_column_inner width=&#8220;1\/4&#8243;][\/vc_column_inner][vc_column_inner width=&#8220;1\/2&#8243;][\/vc_column_inner][vc_column_inner width=&#8220;1\/4&#8243;][vc_column_text]<span data-type=\"normal\"  class=\"qode_icon_shortcode  q_font_awsome_icon   \" style=\" \"><i class=\"qode_icon_font_awesome fa fa-long-arrow-right qode_icon_element\" style=\"color: #799900;\" ><\/i><\/span><a href=\"https:\/\/www.thomasandhutton.com\/de\/unser-personal\/\"><strong><span style=\"color: #799900;\">ZUR\u00dcCK ZU UNSEREN LEUTEN<\/span><\/strong><\/a>[\/vc_column_text][\/vc_column_inner][\/vc_row_inner][\/vc_column][vc_column width=&#8220;1\/3&#8243;][vc_single_image image=&#8220;3350&#8243; img_size=&#8220;400 x 275&#8243; qode_css_animation=&#8220;&#8220;][vc_column_text]<strong>Marketingleiter<\/strong><\/p>\n<p><strong>p<\/strong> 912-234-5300 <b>d <\/b>912-721-4199<\/p>\n<p><span style=\"font-weight: 400;\"><strong>e<\/strong> <a href=\"mailto:arango.c@tandh.com\">arango.c@tandh.com<\/a><\/span><\/p>\n<p><strong>c<\/strong> <a href=\"https:\/\/www.thomasandhutton.com\/vcards\/CeciliaArango.vcf\">vCard<\/a>[\/vc_column_text][\/vc_column][\/vc_row][vc_row css_animation=&#8220;&#8220; row_type=&#8220;row&#8220; use_row_as_full_screen_section=&#8220;no&#8220; type=&#8220;full_width&#8220; angled_section=&#8220;no&#8220; text_align=&#8220;left&#8220; background_image_as_pattern=&#8220;without_pattern&#8220;][vc_column][vc_empty_space height=&#8220;50px&#8220;][\/vc_column][\/vc_row][vc_row css_animation=&#8220;&#8220; row_type=&#8220;row&#8220; use_row_as_full_screen_section=&#8220;no&#8220; type=&#8220;full_width&#8220; angled_section=&#8220;no&#8220; text_align=&#8220;left&#8220; background_image_as_pattern=&#8220;without_pattern&#8220;][vc_column][vc_raw_html]PHNjcmlwdCB0eXBlPSJhcHBsaWNhdGlvbi9sZCtqc29uIj57CiAgICAgICAgIkBjb250ZXh0IjogImh0dHA6Ly9zY2hlbWEub3JnIiwKICAgICAgICAiQHR5cGUiOiAiUGVyc29uIiwKICAgICAgICAiZmFtaWx5TmFtZSI6ICJBcmFuZ28iLAogICAgICAgICJnaXZlbk5hbWUiOiAiQ2VjaWxpYSIsCiAgICAgICAgIndvcmtzRm9yIjogImh0dHBzOi8vd3d3LnRob21hc2FuZGh1dHRvbi5jb20vIiwKICAgICAgICAiam9iVGl0bGUiOiAiTWFya2V0aW5nIE1hbmFnZXIiLAogICAgICAgICJpbWFnZSI6ICJodHRwczovL3d3dy50aG9tYXNhbmRodXR0b24uY29tL3dwLWNvbnRlbnQvdXBsb2Fkcy8yMDE4LzA4L1Byb2ZpbGUtQ2VjaWxpYS1BcmFuZ28tNDAweDI3NS5qcGciLAogICAgICAgICJnZW5kZXIiOiAiaHR0cDovL3NjaGVtYS5vcmcvTWFsZSIKfQo8L3NjcmlwdD4=[\/vc_raw_html][\/vc_column][\/vc_row]<\/p>\n<\/div>","protected":false},"excerpt":{"rendered":"<p>[vc_row css_animation=&#8220;&#8220; row_type=&#8220;row&#8220; use_row_as_full_screen_section=&#8220;no&#8220; type=&#8220;full_width&#8220; angled_section=&#8220;no&#8220; text_align=&#8220;left&#8220; background_image_as_pattern=&#8220;without_pattern&#8220; background_color=&#8220;#799900&#8243; z_index=&#8220;&#8220; css=&#8220;.vc_custom_1523400287498{padding-top: 30px !important;padding-bottom: 30px !important;background-color: #799900 !important;}&#8220;][vc_column][vc_single_image image=&#8220;2122&#8243; img_size=&#8220;full&#8220; alignment=&#8220;center&#8220; qode_css_animation=&#8220;&#8220;][vc_column_text] Unser Personal [\/vc_column_text][\/vc_column][\/vc_row][vc_row css_animation=&#8220;&#8220; row_type=&#8220;row&#8220; use_row_as_full_screen_section=&#8220;no&#8220; type=&#8220;full_width&#8220; angled_section=&#8220;no&#8220; text_align=&#8220;left&#8220; background_image_as_pattern=&#8220;without_pattern&#8220;][vc_column][vc_empty_space height=&#8220;50px&#8220;][\/vc_column][\/vc_row][vc_row css_animation=&#8220;&#8220; row_type=&#8220;row&#8220; use_row_as_full_screen_section=&#8220;yes&#8220; type=&#8220;full_width&#8220; angled_section=&#8220;no&#8220; text_align=&#8220;left&#8220; background_image_as_pattern=&#8220;without_pattern&#8220; z_index=&#8220;&#8220;][vc_column width=&#8220;2\/3&#8243; css=&#8220;.vc_custom_1528055156145{padding-right: 5% !important;padding-left: 15%<\/p>\n","protected":false},"author":7,"featured_media":0,"parent":0,"menu_order":0,"comment_status":"closed","ping_status":"closed","template":"full_width.php","meta":{"content-type":"","footnotes":""},"class_list":["post-21790","page","type-page","status-publish","hentry"],"yoast_head":"<!-- This site is optimized with the Yoast SEO plugin v27.6 - https:\/\/yoast.com\/product\/yoast-seo-wordpress\/ -->\n<title>Cecilia Arango - Marketingleiterin bei Thomas &amp; Hutton<\/title>\n<meta name=\"description\" content=\"Cecilia ist f\u00fcr die Bereiche Marketing, soziale Medien, \u00d6ffentlichkeitsarbeit und Angebotskoordination f\u00fcr alle Standorte von Thomas &amp; Hutton zust\u00e4ndig. Klicken Sie hier, um mehr zu erfahren\" \/>\n<meta name=\"robots\" content=\"index, follow, max-snippet:-1, max-image-preview:large, max-video-preview:-1\" \/>\n<link rel=\"canonical\" href=\"https:\/\/www.thomasandhutton.com\/de\/cecilia-arango\/\" \/>\n<meta property=\"og:locale\" content=\"de_DE\" \/>\n<meta property=\"og:type\" content=\"article\" \/>\n<meta property=\"og:title\" content=\"Cecilia Arango - Marketingleiterin bei Thomas &amp; Hutton\" \/>\n<meta property=\"og:description\" content=\"Cecilia ist f\u00fcr die Bereiche Marketing, soziale Medien, \u00d6ffentlichkeitsarbeit und Angebotskoordination f\u00fcr alle Standorte von Thomas &amp; Hutton zust\u00e4ndig. Klicken Sie hier, um mehr zu erfahren\" \/>\n<meta property=\"og:url\" content=\"https:\/\/www.thomasandhutton.com\/de\/cecilia-arango\/\" \/>\n<meta property=\"og:site_name\" content=\"Thomas &amp; Hutton\" \/>\n<meta property=\"article:publisher\" content=\"https:\/\/www.facebook.com\/THengineers\/\" \/>\n<meta property=\"article:modified_time\" content=\"2023-03-03T19:23:42+00:00\" \/>\n<meta name=\"twitter:card\" content=\"summary_large_image\" \/>\n<meta name=\"twitter:site\" content=\"@thomasandhutton\" \/>\n<meta name=\"twitter:label1\" content=\"Gesch\u00e4tzte Lesezeit\" \/>\n\t<meta name=\"twitter:data1\" content=\"5\u00a0Minuten\" \/>\n<script type=\"application\/ld+json\" class=\"yoast-schema-graph\">{\"@context\":\"https:\\\/\\\/schema.org\",\"@graph\":[{\"@type\":\"WebPage\",\"@id\":\"https:\\\/\\\/www.thomasandhutton.com\\\/de\\\/cecilia-arango\\\/\",\"url\":\"https:\\\/\\\/www.thomasandhutton.com\\\/de\\\/cecilia-arango\\\/\",\"name\":\"Cecilia Arango - Marketingleiterin bei Thomas & Hutton\",\"isPartOf\":{\"@id\":\"https:\\\/\\\/www.thomasandhutton.com\\\/de\\\/#website\"},\"datePublished\":\"2018-06-04T16:58:15+00:00\",\"dateModified\":\"2023-03-03T19:23:42+00:00\",\"description\":\"Cecilia ist f\u00fcr die Bereiche Marketing, soziale Medien, \u00d6ffentlichkeitsarbeit und Angebotskoordination f\u00fcr alle Standorte von Thomas & Hutton zust\u00e4ndig. Klicken Sie hier, um mehr zu erfahren\",\"breadcrumb\":{\"@id\":\"https:\\\/\\\/www.thomasandhutton.com\\\/de\\\/cecilia-arango\\\/#breadcrumb\"},\"inLanguage\":\"de\",\"potentialAction\":[{\"@type\":\"ReadAction\",\"target\":[\"https:\\\/\\\/www.thomasandhutton.com\\\/de\\\/cecilia-arango\\\/\"]}]},{\"@type\":\"BreadcrumbList\",\"@id\":\"https:\\\/\\\/www.thomasandhutton.com\\\/de\\\/cecilia-arango\\\/#breadcrumb\",\"itemListElement\":[{\"@type\":\"ListItem\",\"position\":1,\"name\":\"Home\",\"item\":\"https:\\\/\\\/www.thomasandhutton.com\\\/de\\\/\"},{\"@type\":\"ListItem\",\"position\":2,\"name\":\"Cecilia Arango\"}]},{\"@type\":\"WebSite\",\"@id\":\"https:\\\/\\\/www.thomasandhutton.com\\\/de\\\/#website\",\"url\":\"https:\\\/\\\/www.thomasandhutton.com\\\/de\\\/\",\"name\":\"Thomas & Hutton\",\"description\":\"Engineering | Surveying | Landscape Architecture | GIS | Consulting\",\"publisher\":{\"@id\":\"https:\\\/\\\/www.thomasandhutton.com\\\/de\\\/#organization\"},\"potentialAction\":[{\"@type\":\"SearchAction\",\"target\":{\"@type\":\"EntryPoint\",\"urlTemplate\":\"https:\\\/\\\/www.thomasandhutton.com\\\/de\\\/?s={search_term_string}\"},\"query-input\":{\"@type\":\"PropertyValueSpecification\",\"valueRequired\":true,\"valueName\":\"search_term_string\"}}],\"inLanguage\":\"de\"},{\"@type\":\"Organization\",\"@id\":\"https:\\\/\\\/www.thomasandhutton.com\\\/de\\\/#organization\",\"name\":\"Thomas & Hutton\",\"url\":\"https:\\\/\\\/www.thomasandhutton.com\\\/de\\\/\",\"logo\":{\"@type\":\"ImageObject\",\"inLanguage\":\"de\",\"@id\":\"https:\\\/\\\/www.thomasandhutton.com\\\/de\\\/#\\\/schema\\\/logo\\\/image\\\/\",\"url\":\"https:\\\/\\\/www.thomasandhutton.com\\\/wp-content\\\/uploads\\\/2018\\\/06\\\/TH_LOGO__2.png\",\"contentUrl\":\"https:\\\/\\\/www.thomasandhutton.com\\\/wp-content\\\/uploads\\\/2018\\\/06\\\/TH_LOGO__2.png\",\"width\":141,\"height\":46,\"caption\":\"Thomas & Hutton\"},\"image\":{\"@id\":\"https:\\\/\\\/www.thomasandhutton.com\\\/de\\\/#\\\/schema\\\/logo\\\/image\\\/\"},\"sameAs\":[\"https:\\\/\\\/www.facebook.com\\\/THengineers\\\/\",\"https:\\\/\\\/x.com\\\/thomasandhutton\",\"https:\\\/\\\/www.instagram.com\\\/ThomasandHutton\\\/\",\"https:\\\/\\\/www.linkedin.com\\\/company\\\/thomas-&amp;amp;-hutton-engineering-co.\",\"https:\\\/\\\/www.youtube.com\\\/user\\\/ThomasandHutton\"]}]}<\/script>\n<!-- \/ Yoast SEO plugin. -->","yoast_head_json":{"title":"Cecilia Arango - Marketingleiterin bei Thomas & Hutton","description":"Cecilia ist f\u00fcr die Bereiche Marketing, soziale Medien, \u00d6ffentlichkeitsarbeit und Angebotskoordination f\u00fcr alle Standorte von Thomas & Hutton zust\u00e4ndig. Klicken Sie hier, um mehr zu erfahren","robots":{"index":"index","follow":"follow","max-snippet":"max-snippet:-1","max-image-preview":"max-image-preview:large","max-video-preview":"max-video-preview:-1"},"canonical":"https:\/\/www.thomasandhutton.com\/de\/cecilia-arango\/","og_locale":"de_DE","og_type":"article","og_title":"Cecilia Arango - Marketingleiterin bei Thomas & Hutton","og_description":"Cecilia ist f\u00fcr die Bereiche Marketing, soziale Medien, \u00d6ffentlichkeitsarbeit und Angebotskoordination f\u00fcr alle Standorte von Thomas & Hutton zust\u00e4ndig. Klicken Sie hier, um mehr zu erfahren","og_url":"https:\/\/www.thomasandhutton.com\/de\/cecilia-arango\/","og_site_name":"Thomas &amp; Hutton","article_publisher":"https:\/\/www.facebook.com\/THengineers\/","article_modified_time":"2023-03-03T19:23:42+00:00","twitter_card":"summary_large_image","twitter_site":"@thomasandhutton","twitter_misc":{"Gesch\u00e4tzte Lesezeit":"5\u00a0Minuten"},"schema":{"@context":"https:\/\/schema.org","@graph":[{"@type":"WebPage","@id":"https:\/\/www.thomasandhutton.com\/de\/cecilia-arango\/","url":"https:\/\/www.thomasandhutton.com\/de\/cecilia-arango\/","name":"Cecilia Arango - Marketingleiterin bei Thomas & Hutton","isPartOf":{"@id":"https:\/\/www.thomasandhutton.com\/de\/#website"},"datePublished":"2018-06-04T16:58:15+00:00","dateModified":"2023-03-03T19:23:42+00:00","description":"Cecilia ist f\u00fcr die Bereiche Marketing, soziale Medien, \u00d6ffentlichkeitsarbeit und Angebotskoordination f\u00fcr alle Standorte von Thomas & Hutton zust\u00e4ndig. Klicken Sie hier, um mehr zu erfahren","breadcrumb":{"@id":"https:\/\/www.thomasandhutton.com\/de\/cecilia-arango\/#breadcrumb"},"inLanguage":"de","potentialAction":[{"@type":"ReadAction","target":["https:\/\/www.thomasandhutton.com\/de\/cecilia-arango\/"]}]},{"@type":"BreadcrumbList","@id":"https:\/\/www.thomasandhutton.com\/de\/cecilia-arango\/#breadcrumb","itemListElement":[{"@type":"ListItem","position":1,"name":"Home","item":"https:\/\/www.thomasandhutton.com\/de\/"},{"@type":"ListItem","position":2,"name":"Cecilia Arango"}]},{"@type":"WebSite","@id":"https:\/\/www.thomasandhutton.com\/de\/#website","url":"https:\/\/www.thomasandhutton.com\/de\/","name":"Thomas & Hutton","description":"Engineering | Surveying | Landscape Architecture | GIS | Consulting","publisher":{"@id":"https:\/\/www.thomasandhutton.com\/de\/#organization"},"potentialAction":[{"@type":"SearchAction","target":{"@type":"EntryPoint","urlTemplate":"https:\/\/www.thomasandhutton.com\/de\/?s={search_term_string}"},"query-input":{"@type":"PropertyValueSpecification","valueRequired":true,"valueName":"search_term_string"}}],"inLanguage":"de"},{"@type":"Organization","@id":"https:\/\/www.thomasandhutton.com\/de\/#organization","name":"Thomas & Hutton","url":"https:\/\/www.thomasandhutton.com\/de\/","logo":{"@type":"ImageObject","inLanguage":"de","@id":"https:\/\/www.thomasandhutton.com\/de\/#\/schema\/logo\/image\/","url":"https:\/\/www.thomasandhutton.com\/wp-content\/uploads\/2018\/06\/TH_LOGO__2.png","contentUrl":"https:\/\/www.thomasandhutton.com\/wp-content\/uploads\/2018\/06\/TH_LOGO__2.png","width":141,"height":46,"caption":"Thomas & Hutton"},"image":{"@id":"https:\/\/www.thomasandhutton.com\/de\/#\/schema\/logo\/image\/"},"sameAs":["https:\/\/www.facebook.com\/THengineers\/","https:\/\/x.com\/thomasandhutton","https:\/\/www.instagram.com\/ThomasandHutton\/","https:\/\/www.linkedin.com\/company\/thomas-&amp;amp;-hutton-engineering-co.","https:\/\/www.youtube.com\/user\/ThomasandHutton"]}]}},"_links":{"self":[{"href":"https:\/\/www.thomasandhutton.com\/de\/wp-json\/wp\/v2\/pages\/21790","targetHints":{"allow":["GET"]}}],"collection":[{"href":"https:\/\/www.thomasandhutton.com\/de\/wp-json\/wp\/v2\/pages"}],"about":[{"href":"https:\/\/www.thomasandhutton.com\/de\/wp-json\/wp\/v2\/types\/page"}],"author":[{"embeddable":true,"href":"https:\/\/www.thomasandhutton.com\/de\/wp-json\/wp\/v2\/users\/7"}],"replies":[{"embeddable":true,"href":"https:\/\/www.thomasandhutton.com\/de\/wp-json\/wp\/v2\/comments?post=21790"}],"version-history":[{"count":1,"href":"https:\/\/www.thomasandhutton.com\/de\/wp-json\/wp\/v2\/pages\/21790\/revisions"}],"predecessor-version":[{"id":21795,"href":"https:\/\/www.thomasandhutton.com\/de\/wp-json\/wp\/v2\/pages\/21790\/revisions\/21795"}],"wp:attachment":[{"href":"https:\/\/www.thomasandhutton.com\/de\/wp-json\/wp\/v2\/media?parent=21790"}],"curies":[{"name":"wp","href":"https:\/\/api.w.org\/{rel}","templated":true}]}}