{"id":21808,"date":"2018-06-04T16:49:50","date_gmt":"2018-06-04T16:49:50","guid":{"rendered":"https:\/\/www.thomasandhutton.com\/rick-karkowski-pe-ph-cpswq-d-wre\/"},"modified":"2023-03-04T17:00:02","modified_gmt":"2023-03-04T17:00:02","slug":"rick-karkowski-pe-ph-cpswq-d-wre","status":"publish","type":"page","link":"https:\/\/www.thomasandhutton.com\/de\/rick-karkowski-pe-ph-cpswq-d-wre\/","title":{"rendered":"Rick Karkowski, PE, PH, CPSWQ, D.WRE"},"content":{"rendered":"<div class=\"wpb-content-wrapper\"><p>[vc_row css_animation=&#8220;&#8220; row_type=&#8220;row&#8220; use_row_as_full_screen_section=&#8220;no&#8220; type=&#8220;full_width&#8220; angled_section=&#8220;no&#8220; text_align=&#8220;left&#8220; background_image_as_pattern=&#8220;without_pattern&#8220; background_color=&#8220;#799900&#8243; z_index=&#8220;&#8220; css=&#8220;.vc_custom_1523400287498{padding-top: 30px !important;padding-bottom: 30px !important;background-color: #799900 !important;}&#8220;][vc_column][vc_single_image image=&#8220;2122&#8243; img_size=&#8220;full&#8220; alignment=&#8220;center&#8220; qode_css_animation=&#8220;&#8220;][vc_column_text]<\/p>\n<h1 style=\"text-align: center;\"><span style=\"color: #ffffff;\">Unser Personal<\/span><\/h1>\n<p>[\/vc_column_text][\/vc_column][\/vc_row][vc_row css_animation=&#8220;&#8220; row_type=&#8220;row&#8220; use_row_as_full_screen_section=&#8220;no&#8220; type=&#8220;full_width&#8220; angled_section=&#8220;no&#8220; text_align=&#8220;left&#8220; background_image_as_pattern=&#8220;without_pattern&#8220;][vc_column][vc_empty_space height=&#8220;50px&#8220;][\/vc_column][\/vc_row][vc_row css_animation=&#8220;&#8220; row_type=&#8220;row&#8220; use_row_as_full_screen_section=&#8220;yes&#8220; type=&#8220;full_width&#8220; angled_section=&#8220;no&#8220; text_align=&#8220;left&#8220; background_image_as_pattern=&#8220;without_pattern&#8220; z_index=&#8220;&#8220;][vc_column width=&#8220;2\/3&#8243; css=&#8220;.vc_custom_1528055156145{padding-right: 5% !important;padding-left: 15% !important;}&#8220;][vc_column_text css=&#8220;.vc_custom_1528130924939{padding-top: 8px !important;}&#8220;]<\/p>\n<h1><span style=\"color: #000000;\"><b>Rick Karkowski, PE, PH, CPSWQ, D.WRE<\/b><\/span><\/h1>\n<p>[\/vc_column_text][vc_column_text]<i><span style=\"font-weight: 400;\">&#8222;In einem sehr fr\u00fchen Stadium meiner Karriere als beratender Ingenieur wurde ich mit der Wasserwirtschaft konfrontiert und war begeistert. Von da an war ich s\u00fcchtig und habe mich seither (fast 30 Jahre) auf Wasserwirtschaft spezialisiert. Ich finde die Wasserwirtschaft spannend, weil sie die nat\u00fcrliche und die gebaute Umwelt in einem gemeinsamen Bestreben vereint, mit Wasser zu leben und es zu verwalten. Ganz gleich, ob es darum geht, f\u00fcr eine ordnungsgem\u00e4\u00dfe Entw\u00e4sserung zu sorgen, Leben und Eigentum vor \u00dcberschwemmungen zu sch\u00fctzen oder Systeme zum Schutz unserer Umwelt vor Verschmutzung zu entwerfen, die Wasserwirtschaft erfordert eine Kombination aus wissenschaftlichen, technischen und technologischen Bereichen, um unsere Ziele zu erreichen. Dieses breit gef\u00e4cherte Studiengebiet und unsere sich st\u00e4ndig ver\u00e4ndernde Welt stellen immer wieder eine spannende Herausforderung dar. Das ist es, was meine Leidenschaft f\u00fcr die Wasserwirtschaft ausmacht. Die Systeme, auf deren Planung meine Abteilung spezialisiert ist, werden vielleicht nur bei Regen, einem herannahenden Hurrikan oder einem anderen Sturmereignis ben\u00f6tigt, aber jeder Kunde, jedes Projekt und jeder Mensch (ob er es wei\u00df oder nicht) ist auf ein gut funktionierendes Wassermanagementsystem angewiesen, wenn der Sturm kommt. Wir nehmen diese Verantwortung sehr ernst und setzen uns leidenschaftlich daf\u00fcr ein, dass unsere Arbeit in diesen Zeiten der Not zur Verf\u00fcgung steht.&#8220;<\/span><\/i>[\/vc_column_text][vc_empty_space height=&#8220;25px&#8220;][vc_column_text]<span style=\"font-weight: 400;\">Rick ist Manager f\u00fcr Wasserressourcen bei Thomas &amp; Hutton und arbeitet seit 2006 f\u00fcr das Unternehmen. Er bringt weitere 16 Jahre Erfahrung mit. Er erwarb seinen Bachelor of Science in Bauingenieurwesen an der University of Florida und ist lizenzierter Berufsingenieur, professioneller Hydrologe und zertifizierter Fachmann f\u00fcr Regenwasserqualit\u00e4t. Rick hat von der American Academy of Water Resources Engineers die Auszeichnung und Bezeichnung Diplomate, Water Resources Engineer erhalten. Seine Erfahrung umfasst die Planung, Analyse, Gestaltung, Genehmigung, den Bau und die Instandhaltung von Projekten im Zusammenhang mit Wasserressourcen, einschlie\u00dflich Regenwasserentw\u00e4sserungssystemen, Hochwasserschutzprojekten und Wasserqualit\u00e4tssystemen. Rick hat umfassende Erfahrung in der Anwendung aller Arten von hydrologischen, hydraulischen und Wasserqualit\u00e4tsmodellen zur Bewertung und Planung verschiedener Wasserwirtschaftseinrichtungen. Er ist sehr aktiv und unterst\u00fctzt zahlreiche Berufsorganisationen, darunter die American Society of Civil Engineers, die American Academy of Water Resources Engineers (Diplomate), die American Public Works Association, die South Carolina Association of Stormwater Managers (Past Member at Large), die American Society of Flood Plain Managers, die Southeast Stormwater Association und das American Institute of Hydrology. Rick widmet seine Zeit auch verschiedenen Wohlt\u00e4tigkeits- und B\u00fcrgerorganisationen, darunter Knights of Columbus (Past Grand Knight), St. Vincent DePaul Society, Charleston Metro Chamber of Commerce Environmental Committee, Urban Land Institute SC Urban Resilience Work Group und American Red Cross.<\/span>[\/vc_column_text][vc_row_inner row_type=&#8220;row&#8220; type=&#8220;full_width&#8220; text_align=&#8220;left&#8220; css_animation=&#8220;&#8220;][vc_column_inner][vc_empty_space height=&#8220;50px&#8220;][\/vc_column_inner][\/vc_row_inner][vc_row_inner row_type=&#8220;row&#8220; type=&#8220;full_width&#8220; text_align=&#8220;left&#8220; css_animation=&#8220;&#8220;][vc_column_inner width=&#8220;1\/4&#8243;][\/vc_column_inner][vc_column_inner width=&#8220;1\/2&#8243;][\/vc_column_inner][vc_column_inner width=&#8220;1\/4&#8243;][vc_column_text]<span data-type=\"normal\"  class=\"qode_icon_shortcode  q_font_awsome_icon   \" style=\" \"><i class=\"qode_icon_font_awesome fa fa-long-arrow-right qode_icon_element\" style=\"color: #799900;\" ><\/i><\/span><a href=\"https:\/\/www.thomasandhutton.com\/de\/unser-personal\/\"><strong><span style=\"color: #799900;\">ZUR\u00dcCK ZU UNSEREN LEUTEN<\/span><\/strong><\/a>[\/vc_column_text][\/vc_column_inner][\/vc_row_inner][\/vc_column][vc_column width=&#8220;1\/3&#8243;][vc_single_image image=&#8220;3014&#8243; img_size=&#8220;400 x 300&#8243; qode_css_animation=&#8220;&#8220;][vc_column_text]<strong>Manager f\u00fcr Wasserressourcen<\/strong><\/p>\n<p><strong>p<\/strong> 843-849-0200 <b>d <\/b>843-725-5280<\/p>\n<p><span style=\"font-weight: 400;\"><strong>e<\/strong> <\/span><a href=\"mailto:karkowski.r@tandh.com\"><br \/>\n  <span style=\"font-weight: 400;\">karkowski.r@tandh.com<\/span><br \/>\n<\/a><\/p>\n<p><strong>c<\/strong> <a href=\"https:\/\/www.thomasandhutton.com\/vcards\/RickKarkowski.vcf\">vCard<\/a>[\/vc_column_text][\/vc_column][\/vc_row][vc_row css_animation=&#8220;&#8220; row_type=&#8220;row&#8220; use_row_as_full_screen_section=&#8220;no&#8220; type=&#8220;full_width&#8220; angled_section=&#8220;no&#8220; text_align=&#8220;left&#8220; background_image_as_pattern=&#8220;without_pattern&#8220;][vc_column][vc_empty_space height=&#8220;50px&#8220;][\/vc_column][\/vc_row]<\/p>\n<\/div>","protected":false},"excerpt":{"rendered":"<p>[vc_row css_animation=&#8220;&#8220; row_type=&#8220;row&#8220; use_row_as_full_screen_section=&#8220;no&#8220; type=&#8220;full_width&#8220; angled_section=&#8220;no&#8220; text_align=&#8220;left&#8220; background_image_as_pattern=&#8220;without_pattern&#8220; background_color=&#8220;#799900&#8243; z_index=&#8220;&#8220; css=&#8220;.vc_custom_1523400287498{padding-top: 30px !important;padding-bottom: 30px !important;background-color: #799900 !important;}&#8220;][vc_column][vc_single_image image=&#8220;2122&#8243; img_size=&#8220;full&#8220; alignment=&#8220;center&#8220; qode_css_animation=&#8220;&#8220;][vc_column_text] Unser Personal [\/vc_column_text][\/vc_column][\/vc_row][vc_row css_animation=&#8220;&#8220; row_type=&#8220;row&#8220; use_row_as_full_screen_section=&#8220;no&#8220; type=&#8220;full_width&#8220; angled_section=&#8220;no&#8220; text_align=&#8220;left&#8220; background_image_as_pattern=&#8220;without_pattern&#8220;][vc_column][vc_empty_space height=&#8220;50px&#8220;][\/vc_column][\/vc_row][vc_row css_animation=&#8220;&#8220; row_type=&#8220;row&#8220; use_row_as_full_screen_section=&#8220;yes&#8220; type=&#8220;full_width&#8220; angled_section=&#8220;no&#8220; text_align=&#8220;left&#8220; background_image_as_pattern=&#8220;without_pattern&#8220; z_index=&#8220;&#8220;][vc_column width=&#8220;2\/3&#8243; css=&#8220;.vc_custom_1528055156145{padding-right: 5% !important;padding-left: 15%<\/p>\n","protected":false},"author":7,"featured_media":0,"parent":0,"menu_order":0,"comment_status":"closed","ping_status":"closed","template":"full_width.php","meta":{"content-type":"","footnotes":""},"class_list":["post-21808","page","type-page","status-publish","hentry"],"yoast_head":"<!-- This site is optimized with the Yoast SEO plugin v27.5 - https:\/\/yoast.com\/product\/yoast-seo-wordpress\/ -->\n<title>Rick Karkowski, PE, PH, CPSWQ, D.WRE - Thomas &amp; Hutton<\/title>\n<meta name=\"robots\" content=\"index, follow, max-snippet:-1, max-image-preview:large, max-video-preview:-1\" \/>\n<link rel=\"canonical\" href=\"https:\/\/www.thomasandhutton.com\/de\/rick-karkowski-pe-ph-cpswq-d-wre\/\" \/>\n<meta property=\"og:locale\" content=\"de_DE\" \/>\n<meta property=\"og:type\" content=\"article\" \/>\n<meta property=\"og:title\" content=\"Rick Karkowski, PE, PH, CPSWQ, D.WRE - Thomas &amp; Hutton\" \/>\n<meta property=\"og:description\" content=\"[vc_row css_animation=&#8220;&#8220; row_type=&#8220;row&#8220; use_row_as_full_screen_section=&#8220;no&#8220; type=&#8220;full_width&#8220; angled_section=&#8220;no&#8220; text_align=&#8220;left&#8220; background_image_as_pattern=&#8220;without_pattern&#8220; background_color=&#8220;#799900&#8243; z_index=&#8220;&#8220; css=&#8220;.vc_custom_1523400287498{padding-top: 30px !important;padding-bottom: 30px !important;background-color: #799900 !important;}&#8220;][vc_column][vc_single_image image=&#8220;2122&#8243; img_size=&#8220;full&#8220; alignment=&#8220;center&#8220; qode_css_animation=&#8220;&#8220;][vc_column_text] Unser Personal [\/vc_column_text][\/vc_column][\/vc_row][vc_row css_animation=&#8220;&#8220; row_type=&#8220;row&#8220; use_row_as_full_screen_section=&#8220;no&#8220; type=&#8220;full_width&#8220; angled_section=&#8220;no&#8220; text_align=&#8220;left&#8220; background_image_as_pattern=&#8220;without_pattern&#8220;][vc_column][vc_empty_space height=&#8220;50px&#8220;][\/vc_column][\/vc_row][vc_row css_animation=&#8220;&#8220; row_type=&#8220;row&#8220; use_row_as_full_screen_section=&#8220;yes&#8220; type=&#8220;full_width&#8220; angled_section=&#8220;no&#8220; text_align=&#8220;left&#8220; background_image_as_pattern=&#8220;without_pattern&#8220; z_index=&#8220;&#8220;][vc_column width=&#8220;2\/3&#8243; css=&#8220;.vc_custom_1528055156145{padding-right: 5% !important;padding-left: 15%\" \/>\n<meta property=\"og:url\" content=\"https:\/\/www.thomasandhutton.com\/de\/rick-karkowski-pe-ph-cpswq-d-wre\/\" \/>\n<meta property=\"og:site_name\" content=\"Thomas &amp; Hutton\" \/>\n<meta property=\"article:publisher\" content=\"https:\/\/www.facebook.com\/THengineers\/\" \/>\n<meta property=\"article:modified_time\" content=\"2023-03-04T17:00:02+00:00\" \/>\n<meta name=\"twitter:card\" content=\"summary_large_image\" \/>\n<meta name=\"twitter:site\" content=\"@thomasandhutton\" \/>\n<meta name=\"twitter:label1\" content=\"Gesch\u00e4tzte Lesezeit\" \/>\n\t<meta name=\"twitter:data1\" content=\"4\u00a0Minuten\" \/>\n<script type=\"application\/ld+json\" class=\"yoast-schema-graph\">{\"@context\":\"https:\\\/\\\/schema.org\",\"@graph\":[{\"@type\":\"WebPage\",\"@id\":\"https:\\\/\\\/www.thomasandhutton.com\\\/de\\\/rick-karkowski-pe-ph-cpswq-d-wre\\\/\",\"url\":\"https:\\\/\\\/www.thomasandhutton.com\\\/de\\\/rick-karkowski-pe-ph-cpswq-d-wre\\\/\",\"name\":\"Rick Karkowski, PE, PH, CPSWQ, D.WRE - Thomas &amp; Hutton\",\"isPartOf\":{\"@id\":\"https:\\\/\\\/www.thomasandhutton.com\\\/de\\\/#website\"},\"datePublished\":\"2018-06-04T16:49:50+00:00\",\"dateModified\":\"2023-03-04T17:00:02+00:00\",\"breadcrumb\":{\"@id\":\"https:\\\/\\\/www.thomasandhutton.com\\\/de\\\/rick-karkowski-pe-ph-cpswq-d-wre\\\/#breadcrumb\"},\"inLanguage\":\"de\",\"potentialAction\":[{\"@type\":\"ReadAction\",\"target\":[\"https:\\\/\\\/www.thomasandhutton.com\\\/de\\\/rick-karkowski-pe-ph-cpswq-d-wre\\\/\"]}]},{\"@type\":\"BreadcrumbList\",\"@id\":\"https:\\\/\\\/www.thomasandhutton.com\\\/de\\\/rick-karkowski-pe-ph-cpswq-d-wre\\\/#breadcrumb\",\"itemListElement\":[{\"@type\":\"ListItem\",\"position\":1,\"name\":\"Home\",\"item\":\"https:\\\/\\\/www.thomasandhutton.com\\\/de\\\/\"},{\"@type\":\"ListItem\",\"position\":2,\"name\":\"Rick Karkowski, PE, PH, CPSWQ, D.WRE\"}]},{\"@type\":\"WebSite\",\"@id\":\"https:\\\/\\\/www.thomasandhutton.com\\\/de\\\/#website\",\"url\":\"https:\\\/\\\/www.thomasandhutton.com\\\/de\\\/\",\"name\":\"Thomas & Hutton\",\"description\":\"Engineering | Surveying | Landscape Architecture | GIS | Consulting\",\"publisher\":{\"@id\":\"https:\\\/\\\/www.thomasandhutton.com\\\/de\\\/#organization\"},\"potentialAction\":[{\"@type\":\"SearchAction\",\"target\":{\"@type\":\"EntryPoint\",\"urlTemplate\":\"https:\\\/\\\/www.thomasandhutton.com\\\/de\\\/?s={search_term_string}\"},\"query-input\":{\"@type\":\"PropertyValueSpecification\",\"valueRequired\":true,\"valueName\":\"search_term_string\"}}],\"inLanguage\":\"de\"},{\"@type\":\"Organization\",\"@id\":\"https:\\\/\\\/www.thomasandhutton.com\\\/de\\\/#organization\",\"name\":\"Thomas & Hutton\",\"url\":\"https:\\\/\\\/www.thomasandhutton.com\\\/de\\\/\",\"logo\":{\"@type\":\"ImageObject\",\"inLanguage\":\"de\",\"@id\":\"https:\\\/\\\/www.thomasandhutton.com\\\/de\\\/#\\\/schema\\\/logo\\\/image\\\/\",\"url\":\"https:\\\/\\\/www.thomasandhutton.com\\\/wp-content\\\/uploads\\\/2018\\\/06\\\/TH_LOGO__2.png\",\"contentUrl\":\"https:\\\/\\\/www.thomasandhutton.com\\\/wp-content\\\/uploads\\\/2018\\\/06\\\/TH_LOGO__2.png\",\"width\":141,\"height\":46,\"caption\":\"Thomas & Hutton\"},\"image\":{\"@id\":\"https:\\\/\\\/www.thomasandhutton.com\\\/de\\\/#\\\/schema\\\/logo\\\/image\\\/\"},\"sameAs\":[\"https:\\\/\\\/www.facebook.com\\\/THengineers\\\/\",\"https:\\\/\\\/x.com\\\/thomasandhutton\",\"https:\\\/\\\/www.instagram.com\\\/ThomasandHutton\\\/\",\"https:\\\/\\\/www.linkedin.com\\\/company\\\/thomas-&amp;amp;-hutton-engineering-co.\",\"https:\\\/\\\/www.youtube.com\\\/user\\\/ThomasandHutton\"]}]}<\/script>\n<!-- \/ Yoast SEO plugin. -->","yoast_head_json":{"title":"Rick Karkowski, PE, PH, CPSWQ, D.WRE - Thomas &amp; Hutton","robots":{"index":"index","follow":"follow","max-snippet":"max-snippet:-1","max-image-preview":"max-image-preview:large","max-video-preview":"max-video-preview:-1"},"canonical":"https:\/\/www.thomasandhutton.com\/de\/rick-karkowski-pe-ph-cpswq-d-wre\/","og_locale":"de_DE","og_type":"article","og_title":"Rick Karkowski, PE, PH, CPSWQ, D.WRE - Thomas &amp; Hutton","og_description":"[vc_row css_animation=&#8220;&#8220; row_type=&#8220;row&#8220; use_row_as_full_screen_section=&#8220;no&#8220; type=&#8220;full_width&#8220; angled_section=&#8220;no&#8220; text_align=&#8220;left&#8220; background_image_as_pattern=&#8220;without_pattern&#8220; background_color=&#8220;#799900&#8243; z_index=&#8220;&#8220; css=&#8220;.vc_custom_1523400287498{padding-top: 30px !important;padding-bottom: 30px !important;background-color: #799900 !important;}&#8220;][vc_column][vc_single_image image=&#8220;2122&#8243; img_size=&#8220;full&#8220; alignment=&#8220;center&#8220; qode_css_animation=&#8220;&#8220;][vc_column_text] Unser Personal [\/vc_column_text][\/vc_column][\/vc_row][vc_row css_animation=&#8220;&#8220; row_type=&#8220;row&#8220; use_row_as_full_screen_section=&#8220;no&#8220; type=&#8220;full_width&#8220; angled_section=&#8220;no&#8220; text_align=&#8220;left&#8220; background_image_as_pattern=&#8220;without_pattern&#8220;][vc_column][vc_empty_space height=&#8220;50px&#8220;][\/vc_column][\/vc_row][vc_row css_animation=&#8220;&#8220; row_type=&#8220;row&#8220; use_row_as_full_screen_section=&#8220;yes&#8220; type=&#8220;full_width&#8220; angled_section=&#8220;no&#8220; text_align=&#8220;left&#8220; background_image_as_pattern=&#8220;without_pattern&#8220; z_index=&#8220;&#8220;][vc_column width=&#8220;2\/3&#8243; css=&#8220;.vc_custom_1528055156145{padding-right: 5% !important;padding-left: 15%","og_url":"https:\/\/www.thomasandhutton.com\/de\/rick-karkowski-pe-ph-cpswq-d-wre\/","og_site_name":"Thomas &amp; Hutton","article_publisher":"https:\/\/www.facebook.com\/THengineers\/","article_modified_time":"2023-03-04T17:00:02+00:00","twitter_card":"summary_large_image","twitter_site":"@thomasandhutton","twitter_misc":{"Gesch\u00e4tzte Lesezeit":"4\u00a0Minuten"},"schema":{"@context":"https:\/\/schema.org","@graph":[{"@type":"WebPage","@id":"https:\/\/www.thomasandhutton.com\/de\/rick-karkowski-pe-ph-cpswq-d-wre\/","url":"https:\/\/www.thomasandhutton.com\/de\/rick-karkowski-pe-ph-cpswq-d-wre\/","name":"Rick Karkowski, PE, PH, CPSWQ, D.WRE - Thomas &amp; Hutton","isPartOf":{"@id":"https:\/\/www.thomasandhutton.com\/de\/#website"},"datePublished":"2018-06-04T16:49:50+00:00","dateModified":"2023-03-04T17:00:02+00:00","breadcrumb":{"@id":"https:\/\/www.thomasandhutton.com\/de\/rick-karkowski-pe-ph-cpswq-d-wre\/#breadcrumb"},"inLanguage":"de","potentialAction":[{"@type":"ReadAction","target":["https:\/\/www.thomasandhutton.com\/de\/rick-karkowski-pe-ph-cpswq-d-wre\/"]}]},{"@type":"BreadcrumbList","@id":"https:\/\/www.thomasandhutton.com\/de\/rick-karkowski-pe-ph-cpswq-d-wre\/#breadcrumb","itemListElement":[{"@type":"ListItem","position":1,"name":"Home","item":"https:\/\/www.thomasandhutton.com\/de\/"},{"@type":"ListItem","position":2,"name":"Rick Karkowski, PE, PH, CPSWQ, D.WRE"}]},{"@type":"WebSite","@id":"https:\/\/www.thomasandhutton.com\/de\/#website","url":"https:\/\/www.thomasandhutton.com\/de\/","name":"Thomas & Hutton","description":"Engineering | Surveying | Landscape Architecture | GIS | Consulting","publisher":{"@id":"https:\/\/www.thomasandhutton.com\/de\/#organization"},"potentialAction":[{"@type":"SearchAction","target":{"@type":"EntryPoint","urlTemplate":"https:\/\/www.thomasandhutton.com\/de\/?s={search_term_string}"},"query-input":{"@type":"PropertyValueSpecification","valueRequired":true,"valueName":"search_term_string"}}],"inLanguage":"de"},{"@type":"Organization","@id":"https:\/\/www.thomasandhutton.com\/de\/#organization","name":"Thomas & Hutton","url":"https:\/\/www.thomasandhutton.com\/de\/","logo":{"@type":"ImageObject","inLanguage":"de","@id":"https:\/\/www.thomasandhutton.com\/de\/#\/schema\/logo\/image\/","url":"https:\/\/www.thomasandhutton.com\/wp-content\/uploads\/2018\/06\/TH_LOGO__2.png","contentUrl":"https:\/\/www.thomasandhutton.com\/wp-content\/uploads\/2018\/06\/TH_LOGO__2.png","width":141,"height":46,"caption":"Thomas & Hutton"},"image":{"@id":"https:\/\/www.thomasandhutton.com\/de\/#\/schema\/logo\/image\/"},"sameAs":["https:\/\/www.facebook.com\/THengineers\/","https:\/\/x.com\/thomasandhutton","https:\/\/www.instagram.com\/ThomasandHutton\/","https:\/\/www.linkedin.com\/company\/thomas-&amp;amp;-hutton-engineering-co.","https:\/\/www.youtube.com\/user\/ThomasandHutton"]}]}},"_links":{"self":[{"href":"https:\/\/www.thomasandhutton.com\/de\/wp-json\/wp\/v2\/pages\/21808","targetHints":{"allow":["GET"]}}],"collection":[{"href":"https:\/\/www.thomasandhutton.com\/de\/wp-json\/wp\/v2\/pages"}],"about":[{"href":"https:\/\/www.thomasandhutton.com\/de\/wp-json\/wp\/v2\/types\/page"}],"author":[{"embeddable":true,"href":"https:\/\/www.thomasandhutton.com\/de\/wp-json\/wp\/v2\/users\/7"}],"replies":[{"embeddable":true,"href":"https:\/\/www.thomasandhutton.com\/de\/wp-json\/wp\/v2\/comments?post=21808"}],"version-history":[{"count":10,"href":"https:\/\/www.thomasandhutton.com\/de\/wp-json\/wp\/v2\/pages\/21808\/revisions"}],"predecessor-version":[{"id":21924,"href":"https:\/\/www.thomasandhutton.com\/de\/wp-json\/wp\/v2\/pages\/21808\/revisions\/21924"}],"wp:attachment":[{"href":"https:\/\/www.thomasandhutton.com\/de\/wp-json\/wp\/v2\/media?parent=21808"}],"curies":[{"name":"wp","href":"https:\/\/api.w.org\/{rel}","templated":true}]}}