{"id":21809,"date":"2018-06-04T17:46:44","date_gmt":"2018-06-04T17:46:44","guid":{"rendered":"https:\/\/www.thomasandhutton.com\/sam-mccachern\/"},"modified":"2023-03-04T17:00:02","modified_gmt":"2023-03-04T17:00:02","slug":"sam-mccachern","status":"publish","type":"page","link":"https:\/\/www.thomasandhutton.com\/de\/sam-mccachern\/","title":{"rendered":"Sam McCachern"},"content":{"rendered":"<div class=\"wpb-content-wrapper\"><p>[vc_row css_animation=&#8220;&#8220; row_type=&#8220;row&#8220; use_row_as_full_screen_section=&#8220;no&#8220; type=&#8220;full_width&#8220; angled_section=&#8220;no&#8220; text_align=&#8220;left&#8220; background_image_as_pattern=&#8220;without_pattern&#8220; background_color=&#8220;#799900&#8243; z_index=&#8220;&#8220; css=&#8220;.vc_custom_1523400287498{padding-top: 30px !important;padding-bottom: 30px !important;background-color: #799900 !important;}&#8220;][vc_column][vc_single_image image=&#8220;2122&#8243; img_size=&#8220;full&#8220; alignment=&#8220;center&#8220; qode_css_animation=&#8220;&#8220;][vc_column_text]<\/p>\n<h2 style=\"text-align: center;\"><span style=\"color: #ffffff;\">Unser Personal<\/span><\/h2>\n<p>[\/vc_column_text][\/vc_column][\/vc_row][vc_row css_animation=&#8220;&#8220; row_type=&#8220;row&#8220; use_row_as_full_screen_section=&#8220;no&#8220; type=&#8220;full_width&#8220; angled_section=&#8220;no&#8220; text_align=&#8220;left&#8220; background_image_as_pattern=&#8220;without_pattern&#8220;][vc_column][vc_empty_space height=&#8220;50px&#8220;][\/vc_column][\/vc_row][vc_row css_animation=&#8220;&#8220; row_type=&#8220;row&#8220; use_row_as_full_screen_section=&#8220;yes&#8220; type=&#8220;full_width&#8220; angled_section=&#8220;no&#8220; text_align=&#8220;left&#8220; background_image_as_pattern=&#8220;without_pattern&#8220; z_index=&#8220;&#8220;][vc_column width=&#8220;2\/3&#8243; css=&#8220;.vc_custom_1528055156145{padding-right: 5% !important;padding-left: 15% !important;}&#8220;][vc_column_text css=&#8220;.vc_custom_1528134289545{padding-top: 8px !important;}&#8220;]<\/p>\n<h1><span style=\"color: #000000;\"><b>Sam McCachern, PE<\/b><\/span><\/h1>\n<p>[\/vc_column_text][vc_column_text]<i><span style=\"font-weight: 400;\">&#8222;Es ist meine Leidenschaft, anderen zum Erfolg zu verhelfen. Kunden und Mitarbeiter definieren Erfolg auf unterschiedliche Weise, und es macht mir Spa\u00df, Menschen dabei zu helfen, ihre Ziele zu erreichen.&#8220;  <\/span><\/i>[\/vc_column_text][vc_empty_space height=&#8220;25px&#8220;][vc_column_text]<span style=\"font-weight: 400;\">Als Chief Executive Officer und Pr\u00e4sident ist Sam f\u00fcr den strategischen Plan des Unternehmens verantwortlich, der zu unserer Expansion nach Greenville, South Carolina, Charlotte, North Carolina, und Nashville, Tennessee, gef\u00fchrt hat. Als zugelassener Berufsingenieur begann Sam seine Karriere bei Thomas &amp; Hutton im Juli 1985 nach seinem Abschluss an der North Carolina State University mit einem Bachelor of Science in Bauingenieurwesen. Im Jahr 2013 wurde er zum Pr\u00e4sidenten und 2015 zum Generaldirektor gew\u00e4hlt. Als engagierte F\u00fchrungskraft in Wirtschaft und Gemeinde dient Sam Organisationen wie der Isle of Hope Methodist Church (Vorsitzender des Kirchenrats), der Savannah Area Chamber of Commerce (Vorsitzender 2017), dem Rotary Club of Savannah (Pr\u00e4sident 2011-2012), der NC State Engineering Foundation, der Savannah Technical College Foundation und war 2013 Vorsitzender der United Way of the Coastal Empire Campaign. Mit seiner Leidenschaft f\u00fcr die Ausbildung zuk\u00fcnftiger Ingenieure war Sam in Beratungsgremien der NC State University &#8211; Fachbereich Bauingenieurwesen, des Georgia Southern University College of Engineering and Information Technology und der University of Georgia &#8211; Fachbereich Bauingenieurwesen t\u00e4tig.  <\/span>[\/vc_column_text][vc_row_inner row_type=&#8220;row&#8220; type=&#8220;full_width&#8220; text_align=&#8220;left&#8220; css_animation=&#8220;&#8220;][vc_column_inner][vc_empty_space height=&#8220;50px&#8220;][\/vc_column_inner][\/vc_row_inner][vc_row_inner row_type=&#8220;row&#8220; type=&#8220;full_width&#8220; text_align=&#8220;left&#8220; css_animation=&#8220;&#8220;][vc_column_inner width=&#8220;1\/4&#8243;][\/vc_column_inner][vc_column_inner width=&#8220;1\/2&#8243;][\/vc_column_inner][vc_column_inner width=&#8220;1\/4&#8243;][vc_column_text]<span data-type=\"normal\"  class=\"qode_icon_shortcode  q_font_awsome_icon   \" style=\" \"><i class=\"qode_icon_font_awesome fa fa-long-arrow-right qode_icon_element\" style=\"color: #799900;\" ><\/i><\/span><a href=\"https:\/\/www.thomasandhutton.com\/de\/unser-personal\/\"><strong><span style=\"color: #799900;\">ZUR\u00dcCK ZU UNSEREN LEUTEN<\/span><\/strong><\/a>[\/vc_column_text][\/vc_column_inner][\/vc_row_inner][\/vc_column][vc_column width=&#8220;1\/3&#8243;][vc_single_image image=&#8220;2655&#8243; img_size=&#8220;full&#8220; qode_css_animation=&#8220;&#8220;][vc_column_text]<strong>Pr\u00e4sident\/Gesch\u00e4ftsf\u00fchrender Direktor<\/strong><\/p>\n<p><strong>p<\/strong> 912-234-5300 <strong>d <\/strong>912-721-4127<\/p>\n<p><span style=\"font-weight: 400;\"><strong>e<\/strong> <a href=\"mailto:mccachern.s@tandh.com\">mccachern.s@tandh.com<\/a><\/span><\/p>\n<p><strong>c<\/strong> <a href=\"https:\/\/www.thomasandhutton.com\/vcards\/SamuelMcCachern.vcf\">vCard<\/a>[\/vc_column_text][\/vc_column][\/vc_row][vc_row css_animation=&#8220;&#8220; row_type=&#8220;row&#8220; use_row_as_full_screen_section=&#8220;no&#8220; type=&#8220;full_width&#8220; angled_section=&#8220;no&#8220; text_align=&#8220;left&#8220; background_image_as_pattern=&#8220;without_pattern&#8220;][vc_column][vc_empty_space height=&#8220;50px&#8220;][\/vc_column][\/vc_row][vc_row css_animation=&#8220;&#8220; row_type=&#8220;row&#8220; use_row_as_full_screen_section=&#8220;no&#8220; type=&#8220;full_width&#8220; angled_section=&#8220;no&#8220; text_align=&#8220;left&#8220; background_image_as_pattern=&#8220;without_pattern&#8220;][vc_column][vc_raw_html]PHNjcmlwdCB0eXBlPSJhcHBsaWNhdGlvbi9sZCtqc29uIj57CiAgICAgICAgIkBjb250ZXh0IjogImh0dHA6Ly9zY2hlbWEub3JnIiwKICAgICAgICAiQHR5cGUiOiAiUGVyc29uIiwKICAgICAgICAiZmFtaWx5TmFtZSI6ICJNY0NhY2hlcm4iLAogICAgICAgICJnaXZlbk5hbWUiOiAiU2FtICIsCiAgICAgICAgIndvcmtzRm9yIjogImh0dHBzOi8vd3d3LnRob21hc2FuZGh1dHRvbi5jb20vIiwKICAgICAgICAiam9iVGl0bGUiOiAiUHJlc2lkZW50IC8gQ0VPIGF0IFRob21hcyAmIEh1dHRvbiIsCiAgICAgICAgImFsdW1uaU9mIjogImh0dHBzOi8vd3d3Lm5jc3UuZWR1LyIsCiAgICAgICAgImltYWdlIjogImh0dHBzOi8vd3d3LnRob21hc2FuZGh1dHRvbi5jb20vd3AtY29udGVudC91cGxvYWRzLzIwMTgvMDcvU0wtU2FtLU1jQ2FjaGVybi5qcGciLAogICAgICAgICJnZW5kZXIiOiAiaHR0cDovL3NjaGVtYS5vcmcvTWFsZSIsCiAgICAgICAgCn0KPC9zY3JpcHQ+[\/vc_raw_html][\/vc_column][\/vc_row]<\/p>\n<\/div>","protected":false},"excerpt":{"rendered":"<p>[vc_row css_animation=&#8220;&#8220; row_type=&#8220;row&#8220; use_row_as_full_screen_section=&#8220;no&#8220; type=&#8220;full_width&#8220; angled_section=&#8220;no&#8220; text_align=&#8220;left&#8220; background_image_as_pattern=&#8220;without_pattern&#8220; background_color=&#8220;#799900&#8243; z_index=&#8220;&#8220; css=&#8220;.vc_custom_1523400287498{padding-top: 30px !important;padding-bottom: 30px !important;background-color: #799900 !important;}&#8220;][vc_column][vc_single_image image=&#8220;2122&#8243; img_size=&#8220;full&#8220; alignment=&#8220;center&#8220; qode_css_animation=&#8220;&#8220;][vc_column_text] Unser Personal [\/vc_column_text][\/vc_column][\/vc_row][vc_row css_animation=&#8220;&#8220; row_type=&#8220;row&#8220; use_row_as_full_screen_section=&#8220;no&#8220; type=&#8220;full_width&#8220; angled_section=&#8220;no&#8220; text_align=&#8220;left&#8220; background_image_as_pattern=&#8220;without_pattern&#8220;][vc_column][vc_empty_space height=&#8220;50px&#8220;][\/vc_column][\/vc_row][vc_row css_animation=&#8220;&#8220; row_type=&#8220;row&#8220; use_row_as_full_screen_section=&#8220;yes&#8220; type=&#8220;full_width&#8220; angled_section=&#8220;no&#8220; text_align=&#8220;left&#8220; background_image_as_pattern=&#8220;without_pattern&#8220; z_index=&#8220;&#8220;][vc_column width=&#8220;2\/3&#8243; css=&#8220;.vc_custom_1528055156145{padding-right: 5% !important;padding-left: 15%<\/p>\n","protected":false},"author":7,"featured_media":0,"parent":0,"menu_order":0,"comment_status":"closed","ping_status":"closed","template":"full_width.php","meta":{"content-type":"","footnotes":""},"class_list":["post-21809","page","type-page","status-publish","hentry"],"yoast_head":"<!-- This site is optimized with the Yoast SEO plugin v27.6 - https:\/\/yoast.com\/product\/yoast-seo-wordpress\/ -->\n<title>Sam McCachern - Pr\u00e4sident \/ CEO bei Thomas &amp; Hutton<\/title>\n<meta name=\"description\" content=\"Als zugelassener Berufsingenieur begann Sam seine Karriere bei Thomas &amp; Hutton im Juli 1985 nach seinem Abschluss an der North Carolina State University. Klicken Sie hier, um mehr \u00fcber Sam zu erfahren!\" \/>\n<meta name=\"robots\" content=\"index, follow, max-snippet:-1, max-image-preview:large, max-video-preview:-1\" \/>\n<link rel=\"canonical\" href=\"https:\/\/www.thomasandhutton.com\/de\/sam-mccachern\/\" \/>\n<meta property=\"og:locale\" content=\"de_DE\" \/>\n<meta property=\"og:type\" content=\"article\" \/>\n<meta property=\"og:title\" content=\"Sam McCachern - Pr\u00e4sident \/ CEO bei Thomas &amp; Hutton\" \/>\n<meta property=\"og:description\" content=\"Als zugelassener Berufsingenieur begann Sam seine Karriere bei Thomas &amp; Hutton im Juli 1985 nach seinem Abschluss an der North Carolina State University. Klicken Sie hier, um mehr \u00fcber Sam zu erfahren!\" \/>\n<meta property=\"og:url\" content=\"https:\/\/www.thomasandhutton.com\/de\/sam-mccachern\/\" \/>\n<meta property=\"og:site_name\" content=\"Thomas &amp; Hutton\" \/>\n<meta property=\"article:publisher\" content=\"https:\/\/www.facebook.com\/THengineers\/\" \/>\n<meta property=\"article:modified_time\" content=\"2023-03-04T17:00:02+00:00\" \/>\n<meta name=\"twitter:card\" content=\"summary_large_image\" \/>\n<meta name=\"twitter:site\" content=\"@thomasandhutton\" \/>\n<meta name=\"twitter:label1\" content=\"Gesch\u00e4tzte Lesezeit\" \/>\n\t<meta name=\"twitter:data1\" content=\"3\u00a0Minuten\" \/>\n<script type=\"application\/ld+json\" class=\"yoast-schema-graph\">{\"@context\":\"https:\\\/\\\/schema.org\",\"@graph\":[{\"@type\":\"WebPage\",\"@id\":\"https:\\\/\\\/www.thomasandhutton.com\\\/de\\\/sam-mccachern\\\/\",\"url\":\"https:\\\/\\\/www.thomasandhutton.com\\\/de\\\/sam-mccachern\\\/\",\"name\":\"Sam McCachern - Pr\u00e4sident \\\/ CEO bei Thomas & Hutton\",\"isPartOf\":{\"@id\":\"https:\\\/\\\/www.thomasandhutton.com\\\/de\\\/#website\"},\"datePublished\":\"2018-06-04T17:46:44+00:00\",\"dateModified\":\"2023-03-04T17:00:02+00:00\",\"description\":\"Als zugelassener Berufsingenieur begann Sam seine Karriere bei Thomas & Hutton im Juli 1985 nach seinem Abschluss an der North Carolina State University. Klicken Sie hier, um mehr \u00fcber Sam zu erfahren!\",\"breadcrumb\":{\"@id\":\"https:\\\/\\\/www.thomasandhutton.com\\\/de\\\/sam-mccachern\\\/#breadcrumb\"},\"inLanguage\":\"de\",\"potentialAction\":[{\"@type\":\"ReadAction\",\"target\":[\"https:\\\/\\\/www.thomasandhutton.com\\\/de\\\/sam-mccachern\\\/\"]}]},{\"@type\":\"BreadcrumbList\",\"@id\":\"https:\\\/\\\/www.thomasandhutton.com\\\/de\\\/sam-mccachern\\\/#breadcrumb\",\"itemListElement\":[{\"@type\":\"ListItem\",\"position\":1,\"name\":\"Home\",\"item\":\"https:\\\/\\\/www.thomasandhutton.com\\\/de\\\/\"},{\"@type\":\"ListItem\",\"position\":2,\"name\":\"Sam McCachern\"}]},{\"@type\":\"WebSite\",\"@id\":\"https:\\\/\\\/www.thomasandhutton.com\\\/de\\\/#website\",\"url\":\"https:\\\/\\\/www.thomasandhutton.com\\\/de\\\/\",\"name\":\"Thomas & Hutton\",\"description\":\"Engineering | Surveying | Landscape Architecture | GIS | Consulting\",\"publisher\":{\"@id\":\"https:\\\/\\\/www.thomasandhutton.com\\\/de\\\/#organization\"},\"potentialAction\":[{\"@type\":\"SearchAction\",\"target\":{\"@type\":\"EntryPoint\",\"urlTemplate\":\"https:\\\/\\\/www.thomasandhutton.com\\\/de\\\/?s={search_term_string}\"},\"query-input\":{\"@type\":\"PropertyValueSpecification\",\"valueRequired\":true,\"valueName\":\"search_term_string\"}}],\"inLanguage\":\"de\"},{\"@type\":\"Organization\",\"@id\":\"https:\\\/\\\/www.thomasandhutton.com\\\/de\\\/#organization\",\"name\":\"Thomas & Hutton\",\"url\":\"https:\\\/\\\/www.thomasandhutton.com\\\/de\\\/\",\"logo\":{\"@type\":\"ImageObject\",\"inLanguage\":\"de\",\"@id\":\"https:\\\/\\\/www.thomasandhutton.com\\\/de\\\/#\\\/schema\\\/logo\\\/image\\\/\",\"url\":\"https:\\\/\\\/www.thomasandhutton.com\\\/wp-content\\\/uploads\\\/2018\\\/06\\\/TH_LOGO__2.png\",\"contentUrl\":\"https:\\\/\\\/www.thomasandhutton.com\\\/wp-content\\\/uploads\\\/2018\\\/06\\\/TH_LOGO__2.png\",\"width\":141,\"height\":46,\"caption\":\"Thomas & Hutton\"},\"image\":{\"@id\":\"https:\\\/\\\/www.thomasandhutton.com\\\/de\\\/#\\\/schema\\\/logo\\\/image\\\/\"},\"sameAs\":[\"https:\\\/\\\/www.facebook.com\\\/THengineers\\\/\",\"https:\\\/\\\/x.com\\\/thomasandhutton\",\"https:\\\/\\\/www.instagram.com\\\/ThomasandHutton\\\/\",\"https:\\\/\\\/www.linkedin.com\\\/company\\\/thomas-&amp;amp;-hutton-engineering-co.\",\"https:\\\/\\\/www.youtube.com\\\/user\\\/ThomasandHutton\"]}]}<\/script>\n<!-- \/ Yoast SEO plugin. -->","yoast_head_json":{"title":"Sam McCachern - Pr\u00e4sident \/ CEO bei Thomas & Hutton","description":"Als zugelassener Berufsingenieur begann Sam seine Karriere bei Thomas & Hutton im Juli 1985 nach seinem Abschluss an der North Carolina State University. Klicken Sie hier, um mehr \u00fcber Sam zu erfahren!","robots":{"index":"index","follow":"follow","max-snippet":"max-snippet:-1","max-image-preview":"max-image-preview:large","max-video-preview":"max-video-preview:-1"},"canonical":"https:\/\/www.thomasandhutton.com\/de\/sam-mccachern\/","og_locale":"de_DE","og_type":"article","og_title":"Sam McCachern - Pr\u00e4sident \/ CEO bei Thomas & Hutton","og_description":"Als zugelassener Berufsingenieur begann Sam seine Karriere bei Thomas & Hutton im Juli 1985 nach seinem Abschluss an der North Carolina State University. Klicken Sie hier, um mehr \u00fcber Sam zu erfahren!","og_url":"https:\/\/www.thomasandhutton.com\/de\/sam-mccachern\/","og_site_name":"Thomas &amp; Hutton","article_publisher":"https:\/\/www.facebook.com\/THengineers\/","article_modified_time":"2023-03-04T17:00:02+00:00","twitter_card":"summary_large_image","twitter_site":"@thomasandhutton","twitter_misc":{"Gesch\u00e4tzte Lesezeit":"3\u00a0Minuten"},"schema":{"@context":"https:\/\/schema.org","@graph":[{"@type":"WebPage","@id":"https:\/\/www.thomasandhutton.com\/de\/sam-mccachern\/","url":"https:\/\/www.thomasandhutton.com\/de\/sam-mccachern\/","name":"Sam McCachern - Pr\u00e4sident \/ CEO bei Thomas & Hutton","isPartOf":{"@id":"https:\/\/www.thomasandhutton.com\/de\/#website"},"datePublished":"2018-06-04T17:46:44+00:00","dateModified":"2023-03-04T17:00:02+00:00","description":"Als zugelassener Berufsingenieur begann Sam seine Karriere bei Thomas & Hutton im Juli 1985 nach seinem Abschluss an der North Carolina State University. Klicken Sie hier, um mehr \u00fcber Sam zu erfahren!","breadcrumb":{"@id":"https:\/\/www.thomasandhutton.com\/de\/sam-mccachern\/#breadcrumb"},"inLanguage":"de","potentialAction":[{"@type":"ReadAction","target":["https:\/\/www.thomasandhutton.com\/de\/sam-mccachern\/"]}]},{"@type":"BreadcrumbList","@id":"https:\/\/www.thomasandhutton.com\/de\/sam-mccachern\/#breadcrumb","itemListElement":[{"@type":"ListItem","position":1,"name":"Home","item":"https:\/\/www.thomasandhutton.com\/de\/"},{"@type":"ListItem","position":2,"name":"Sam McCachern"}]},{"@type":"WebSite","@id":"https:\/\/www.thomasandhutton.com\/de\/#website","url":"https:\/\/www.thomasandhutton.com\/de\/","name":"Thomas & Hutton","description":"Engineering | Surveying | Landscape Architecture | GIS | Consulting","publisher":{"@id":"https:\/\/www.thomasandhutton.com\/de\/#organization"},"potentialAction":[{"@type":"SearchAction","target":{"@type":"EntryPoint","urlTemplate":"https:\/\/www.thomasandhutton.com\/de\/?s={search_term_string}"},"query-input":{"@type":"PropertyValueSpecification","valueRequired":true,"valueName":"search_term_string"}}],"inLanguage":"de"},{"@type":"Organization","@id":"https:\/\/www.thomasandhutton.com\/de\/#organization","name":"Thomas & Hutton","url":"https:\/\/www.thomasandhutton.com\/de\/","logo":{"@type":"ImageObject","inLanguage":"de","@id":"https:\/\/www.thomasandhutton.com\/de\/#\/schema\/logo\/image\/","url":"https:\/\/www.thomasandhutton.com\/wp-content\/uploads\/2018\/06\/TH_LOGO__2.png","contentUrl":"https:\/\/www.thomasandhutton.com\/wp-content\/uploads\/2018\/06\/TH_LOGO__2.png","width":141,"height":46,"caption":"Thomas & Hutton"},"image":{"@id":"https:\/\/www.thomasandhutton.com\/de\/#\/schema\/logo\/image\/"},"sameAs":["https:\/\/www.facebook.com\/THengineers\/","https:\/\/x.com\/thomasandhutton","https:\/\/www.instagram.com\/ThomasandHutton\/","https:\/\/www.linkedin.com\/company\/thomas-&amp;amp;-hutton-engineering-co.","https:\/\/www.youtube.com\/user\/ThomasandHutton"]}]}},"_links":{"self":[{"href":"https:\/\/www.thomasandhutton.com\/de\/wp-json\/wp\/v2\/pages\/21809","targetHints":{"allow":["GET"]}}],"collection":[{"href":"https:\/\/www.thomasandhutton.com\/de\/wp-json\/wp\/v2\/pages"}],"about":[{"href":"https:\/\/www.thomasandhutton.com\/de\/wp-json\/wp\/v2\/types\/page"}],"author":[{"embeddable":true,"href":"https:\/\/www.thomasandhutton.com\/de\/wp-json\/wp\/v2\/users\/7"}],"replies":[{"embeddable":true,"href":"https:\/\/www.thomasandhutton.com\/de\/wp-json\/wp\/v2\/comments?post=21809"}],"version-history":[{"count":10,"href":"https:\/\/www.thomasandhutton.com\/de\/wp-json\/wp\/v2\/pages\/21809\/revisions"}],"predecessor-version":[{"id":21928,"href":"https:\/\/www.thomasandhutton.com\/de\/wp-json\/wp\/v2\/pages\/21809\/revisions\/21928"}],"wp:attachment":[{"href":"https:\/\/www.thomasandhutton.com\/de\/wp-json\/wp\/v2\/media?parent=21809"}],"curies":[{"name":"wp","href":"https:\/\/api.w.org\/{rel}","templated":true}]}}