{"id":21827,"date":"2018-06-04T20:15:17","date_gmt":"2018-06-04T20:15:17","guid":{"rendered":"https:\/\/www.thomasandhutton.com\/auszeichnungen-und-anerkennungen\/"},"modified":"2023-03-04T17:00:01","modified_gmt":"2023-03-04T17:00:01","slug":"auszeichnungen-und-anerkennungen","status":"publish","type":"page","link":"https:\/\/www.thomasandhutton.com\/de\/auszeichnungen-und-anerkennungen\/","title":{"rendered":"Auszeichnungen und Anerkennungen"},"content":{"rendered":"<div class=\"wpb-content-wrapper\"><p>[vc_row css_animation=&#8220;&#8220; row_type=&#8220;row&#8220; use_row_as_full_screen_section=&#8220;no&#8220; type=&#8220;full_width&#8220; angled_section=&#8220;no&#8220; text_align=&#8220;left&#8220; background_image_as_pattern=&#8220;without_pattern&#8220;][vc_column][vc_column_text]<strong>2022<\/strong><\/p>\n<ul>\n<li>ACEC National Engineering Excellence Awards &#8211; Nationaler Anerkennungspreis &#8211; <i>Jackson Street Plaza Redevelopment, Dublin, GA<\/i><\/li>\n<li style=\"line-height: 16.5pt;\">ACEC Georgia Engineering Excellence Awards &#8211; Staatliche Auszeichnung &#8211; <i>Jackson Street Plaza Redevelopment, Dublin, GA<\/i><\/li>\n<li style=\"line-height: 16.5pt;\">ACEC Georgia Engineering Excellence Awards &#8211; Ehrenpreis -I-95<em>Belfast Keller Interchange, Bryan County, GA<\/em><\/li>\n<li>Jahrbuch der Ingenieurleistungen der Zeitschrift Civil + Structural Engineer &#8211; <em>I-95 Belfast Keller Interchange, Bryan County, GA<\/em><\/li>\n<\/ul>\n<p style=\"margin: 0in; line-height: 16.5pt;\"><b>2021<\/b><\/p>\n<ul>\n<li>APWA South Carolina Chapter Project of the Year Award &#8211;<em>Central Berkeley WWTP Flow Diversion, Berkeley County, SC<\/em><\/li>\n<li style=\"line-height: 16.5pt;\">ACEC Georgia Engineering Excellence Awards &#8211; Verdienstauszeichnung &#8211; <i>East Argent Parkway und regionale Pumpstation, Hardeeville, SC<\/i><\/li>\n<li style=\"line-height: 16.5pt;\">ASCE Georgia Section Project of Merit Award &#8211; Sanierungskategorie &#8211;<i>Jackson Street Plaza Redevelopment, Dublin, GA<\/i><\/li>\n<li>GPTQ Preconstruction Design Award &#8211; <em>I-95 Belfast Keller Interchange, Bryan County, GA<\/em><\/li>\n<li>Zweig Group Best Firms to Work For Top 25 (#23) &#8211; Kategorie 200+ Mitarbeiter<\/li>\n<\/ul>\n<p><strong>2020<\/strong><\/p>\n<ul>\n<li>ACEC South Carolina Engineering Excellence Awards &#8211; Auszeichnung f\u00fcr Kleinprojekte &#8211; <em>Connecting the Creek (Shem Creek Fu\u00dfg\u00e4ngerbr\u00fccke und Pocket Park), Mount Pleasant, SC<\/em><\/li>\n<li>APWA South Carolina Project of the Year Award &#8211; Structures\/Historic Restoration &#8211; <em>Connecting the Creek (Shem Creek Fu\u00dfg\u00e4ngerbr\u00fccke und Pocket Park), Mount Pleasant, SC<\/em><\/li>\n<li>Top-Arbeitspl\u00e4tze &#8211; #12 Kleine Firma, Auszeichnung f\u00fcr die besten Leistungen<\/li>\n<\/ul>\n<p style=\"margin: 0in; line-height: 16.5pt;\"><b>2019<\/b><\/p>\n<ul>\n<li style=\"line-height: 16.5pt;\">ACEC National Engineering Excellence Awards &#8211; Nationaler Anerkennungspreis &#8211; <i>Horry County Schools Think Energy Positive, Horry County, SC<\/i><\/li>\n<li style=\"line-height: 16.5pt;\">ACEC National Engineering Excellence Awards &#8211; Nationaler Anerkennungspreis &#8211; <i>South Carolina&#8217;s Framework for Freight (Camp Hall Rail Survey), Berkeley County, SC<\/i><\/li>\n<li style=\"line-height: 16.5pt;\">ACEC South Carolina Engineering Excellence Awards &#8211; Palmetto Award &#8211; <i>Horry County Schools Think Energy Positive, Horry County, SC<\/i><\/li>\n<li style=\"line-height: 16.5pt;\">ACEC South Carolina Engineering Excellence Awards &#8211; Top Six State-Level Award &#8211; <i>South Carolina&#8217;s Framework for Freight (Camp Hall Rail Survey), Berkeley County, SC<\/i><\/li>\n<li>Zweig Group Top 10 (#9) &#8211; Kategorie Unternehmen mit mehr als 200 Mitarbeitern, #16 Tiefbau, #18 Multidisziplin\u00e4r<\/li>\n<\/ul>\n<p style=\"margin: 0in; line-height: 16.5pt;\"><b>2018<\/b><\/p>\n<ul>\n<li style=\"line-height: 16.5pt;\">ACEC National Engineering Excellence Awards- Nationaler Anerkennungspreis &#8211; <i>F\u00f6rderung des Wirtschaftswachstums in South Carolina (Volvo Cars USA Site Development), Berkeley County, SC <\/i> <\/li>\n<li style=\"line-height: 16.5pt;\">ACEC South Carolina Engineering Excellence Awards &#8211; Palmetto Award &#8211; <i>F\u00f6rderung des Wirtschaftswachstums in South Carolina (Volvo Cars USA Site Development), Berkeley County, SC <\/i> <\/li>\n<li style=\"line-height: 16.5pt;\">ENR Southeast Best Regional Projects &#8211; Landscaping\/Urban Development Best Project &#8211; <i>F\u00f6rderung des Wirtschaftswachstums in South Carolina (Volvo Cars USA Site Development), Berkeley County, SC<\/i><\/li>\n<li>APWA South Carolina Project of the Year Award &#8211; Umwelt &#8211; Gro\u00dfprojekte<i>&#8211; Forest Acres Drainage Improvements, Charleston, SC<\/i><\/li>\n<li>ACEC Georgia Engineering Excellence Awards &#8211; Ehrenpreis &#8211; <i>West Oglethorpe Lane Stra\u00dfenverbesserung, Savannah, GA<\/i><\/li>\n<li>Beste Arbeitgeber in South Carolina &#8211; Platz 12 bei den Gro\u00dfunternehmen<\/li>\n<\/ul>\n<p>2017<\/p>\n<ul>\n<li>Zweig Group Best Firms To Work For &#8211; Platz 19 unter den nationalen Bauunternehmen<\/li>\n<li>Top-Arbeitspl\u00e4tze in South Carolina &#8211; #7 Workplace Dymanics<\/li>\n<\/ul>\n<p>2016<\/p>\n<ul>\n<li>Die besten Arbeitgeber in South Carolina &#8211; Platz 9 unter den mittelgro\u00dfen Unternehmen<\/li>\n<li>Beste Arbeitgeber in Georgia #6 Mittelst\u00e4ndisches Unternehmen<\/li>\n<\/ul>\n<p><span style=\"font-weight: 400;\">2015<\/span><\/p>\n<ul>\n<li style=\"font-weight: 400;\"><span style=\"font-weight: 400;\">Zweig Group Best Firms To Work For &#8211; Platz 24 unter den nationalen Bauunternehmen<\/span><\/li>\n<li style=\"font-weight: 400;\"><span style=\"font-weight: 400;\">National Society of Professional Surveyors Plat Design Competition &#8211; 3. Platz Subdivision Plats &#8211; Sal Chaves<\/span><\/li>\n<li style=\"font-weight: 400;\"><span style=\"font-weight: 400;\">ACEC Nationaler Anerkennungspreis f\u00fcr vorbildliche Ingenieurleistungen &#8211;<em> Colleton Solar Farm, Walterboro, SC<\/em><\/span><\/li>\n<li style=\"font-weight: 400;\"><span style=\"font-weight: 400;\">Georgia-Ingenieurwoche <\/span><span style=\"font-weight: 400;\">Ingenieur des Jahres 2015 &#8211; Private Praxis &#8211; <\/span><span style=\"font-weight: 400;\">Verliehen von der Georgia Engineering Alliance an Samuel McCachern, PE<\/span><\/li>\n<li style=\"font-weight: 400;\"><span style=\"font-weight: 400;\">Newton\/Covington Office of Economic Development&#8217;s Partner in Excellence Award an Thomas &amp; Hutton verliehen<\/span><\/li>\n<li style=\"font-weight: 400;\"><span style=\"font-weight: 400;\">ACEC-SC-Preis f\u00fcr herausragende technische Leistungen &#8211; Kategorie Energie &#8211; <em>Colleton Solar Farm, Walterboro, SC <\/em> <\/span><\/li>\n<li style=\"font-weight: 400;\"><span style=\"font-weight: 400;\">ACEC-SC Engineering Excellence Award State Finalist &#8211; Kategorie Studien, Forschung und Beratung &#8211; <em> Forest Acres Drainage Improvements- Charleston, SC<\/em><\/span><\/li>\n<\/ul>\n<p><span style=\"font-weight: 400;\">2014<\/span><\/p>\n<ul>\n<li style=\"font-weight: 400;\"><span style=\"font-weight: 400;\">Die besten Arbeitspl\u00e4tze in South Carolina &#8211; Handelskammer von South Carolina<\/span><\/li>\n<li style=\"font-weight: 400;\"><span style=\"font-weight: 400;\">ACEC\/SC Engineering Excellence Award &#8211; Kategorie Geb\u00e4ude- und Technologiesysteme &#8211; <em>Isle of Palms Water &amp; Sewer Commission GIS Framework &amp; System, Isle of Palms, SC<\/em><\/span><\/li>\n<\/ul>\n<p><span style=\"font-weight: 400;\">2013<\/span><\/p>\n<ul>\n<li style=\"font-weight: 400;\"><span style=\"font-weight: 400;\">SCSPLS Plat Contest &#8211; 1. Platz Topographische Vermessungskarten<\/span><\/li>\n<li style=\"font-weight: 400;\"><span style=\"font-weight: 400;\">SCSPLS Plat Contest &#8211; 2. Platz Boundary Plats<\/span><\/li>\n<li style=\"font-weight: 400;\"><span style=\"font-weight: 400;\">SCSPLS Plat Contest &#8211; 2. Platz ALTA\/ACSM Land Title Surveys<\/span><\/li>\n<\/ul>\n<p><span style=\"font-weight: 400;\">2012<\/span><\/p>\n<ul>\n<li style=\"font-weight: 400;\"><span style=\"font-weight: 400;\">National Plat\/Map Contest &#8211; 2. Platz ALTA\/ACSM Land Title Surveys<\/span><\/li>\n<li style=\"font-weight: 400;\"><span style=\"font-weight: 400;\">SCSPLS Plat Contest &#8211; 2. Platz Boundary Plats<\/span><\/li>\n<li style=\"font-weight: 400;\"><span style=\"font-weight: 400;\">ACEC Georgia Engineering Excellence Awards &#8211; Ehrenpreis &#8211; <em>Savannah Gardens Phase I, Savanah GA<\/em><\/span><\/li>\n<\/ul>\n<p><span style=\"font-weight: 400;\">2011<\/span><\/p>\n<ul>\n<li style=\"font-weight: 400;\"><span style=\"font-weight: 400;\">SCSPLS Plat Contest &#8211; 1. Platz ALTA\/ACSM Land Title Surveys<\/span><\/li>\n<li style=\"font-weight: 400;\"><span style=\"font-weight: 400;\">ACEC South Carolina Auszeichnung f\u00fcr herausragende Ingenieurleistungen &#8211; <\/span><span style=\"font-weight: 400;\">Ehrenpreis &#8211; <em>Horry Georgetown Technical College University Boulevard Kreuzungsverbesserungen, Myrtle Beach, SC<\/em><\/span><\/li>\n<\/ul>\n<p><span style=\"font-weight: 400;\">2010<\/span><\/p>\n<ul>\n<li style=\"font-weight: 400;\"><span style=\"font-weight: 400;\">Die Georgia Association of Floodplain Management (GAFM) \u00fcberreichte Thomas &amp; Hutton eine Anerkennungsurkunde f\u00fcr &#8222;Outstanding Leadership in Training&#8220; f\u00fcr 2008-2010<\/span><\/li>\n<li style=\"font-weight: 400;\"><span style=\"font-weight: 400;\">AIA National Honor Award &#8211; Regional- und Stadtplanung &#8211; <em>Savannah East Riverfront Extension Project, Savannah, GA<\/em><\/span><\/li>\n<li style=\"font-weight: 400;\"><span style=\"font-weight: 400;\">Georgia Chapter of ASLA &#8211; Auszeichnung f\u00fcr hervorragende Leistungen &#8211; <em>Ranger Memorial, 1. Bataillon, 75th Ranger Regiment, Savannah, GA<\/em><\/span><\/li>\n<li style=\"font-weight: 400;\"><span style=\"font-weight: 400;\">ACEC Georgia Engineering Excellence &#8211; Staatliche Auszeichnung &#8211; <em>Frederica\/Demere Roundabout, St. Simons Island, GA<\/em><\/span><\/li>\n<li style=\"font-weight: 400;\"><span style=\"font-weight: 400;\">Congress for the New Urbanism &#8211; Charter Award &#8211; <em>Savannah East Riverfront Civic Master Plan, Savannah, GA<\/em><\/span><\/li>\n<\/ul>\n<p><span style=\"font-weight: 400;\">2008<\/span><\/p>\n<ul>\n<li style=\"font-weight: 400;\"><span style=\"font-weight: 400;\">GPTQ (Georgia Partnership for Transportation Quality) Predesign Awards &#8211; Kategorie Verkehrssicherheit\/Kreuzungsdesign &#8211; <em>Frederica\/Demere Roundabout, St. Simons Island, GA<\/em><\/span><\/li>\n<li style=\"font-weight: 400;\"><span style=\"font-weight: 400;\">CE News Best Civil Engineering Firms to Work For &#8211; Ehrenvolle Erw\u00e4hnung<\/span><\/li>\n<\/ul>\n<p><span style=\"font-weight: 400;\">2007<\/span><\/p>\n<ul>\n<li style=\"font-weight: 400;\"><span style=\"font-weight: 400;\">Atlanta Journal-Constitution Client Advisor Award Finalist (gro\u00dfe professionelle Dienstleistungsfirma)<\/span><\/li>\n<li style=\"font-weight: 400;\"><span style=\"font-weight: 400;\">Georgia Trend Magazine: Top 15 der besten Arbeitsorte in Georgia<\/span><\/li>\n<\/ul>\n<p><span style=\"font-weight: 400;\">2006<\/span><\/p>\n<ul>\n<li style=\"font-weight: 400;\"><span style=\"font-weight: 400;\">CE News Best Firms to Work For Contest &#8211; Ehrenvolle Erw\u00e4hnung<\/span><\/li>\n<li style=\"font-weight: 400;\"><span style=\"font-weight: 400;\">Georgia Chapter, ACI (American Concrete Institute) &#8211; Kategorie Parkdecks, <em>Parkhaus Liberty Street, Savannah, GA<\/em><\/span><\/li>\n<li style=\"font-weight: 400;\"><span style=\"font-weight: 400;\">ACEC Georgia Engineering Excellence Awards &#8211; Grand Award &#8211; <em>Geotechnische Studie und Fundamentpr\u00fcfung f\u00fcr das Southern LNG Elba Island Terminal Expansion Project, Chatham County, GA<\/em><\/span><\/li>\n<\/ul>\n<p><span style=\"font-weight: 400;\">2005<\/span><\/p>\n<ul>\n<li style=\"font-weight: 400;\"><span style=\"font-weight: 400;\">CE News Best Firms to Work For Contest &#8211; Top 25 (14. insgesamt und 7. f\u00fcr mittelgro\u00dfe Unternehmen &#8211; 2005)<\/span><\/li>\n<\/ul>\n<p><span style=\"font-weight: 400;\">2004<\/span><\/p>\n<ul>\n<li><span style=\"font-weight: 400;\">ACEC National Engineering Excellence Awards &#8211; Nationaler Anerkennungspreis &#8211; <em>Moody Airforce Base Nanofiltrations-Kl\u00e4ranlage, Lowndes County, GA<\/em><\/span><\/li>\n<li style=\"font-weight: 400;\"><span style=\"font-weight: 400;\">ACEC Georgia Engineering Excellence Awards &#8211; Staatliche Auszeichnung &#8211; <em>Moody Airforce Base Nanofiltration Treatment Plant, Lowndes County, GA<\/em><\/span><\/li>\n<\/ul>\n<p><span style=\"font-weight: 400;\">2001<\/span><\/p>\n<ul>\n<li style=\"font-weight: 400;\"><span style=\"font-weight: 400;\">ACEC Georgia Engineering Excellence Award &#8211; Ehrenpreis &#8211; <em>Erweiterung der Kl\u00e4ranlage der Stadt Dublin, Dublin, GA<\/em><\/span><\/li>\n<\/ul>\n<p><span style=\"font-weight: 400;\">2000<\/span><\/p>\n<ul>\n<li style=\"font-weight: 400;\"><span style=\"font-weight: 400;\">Georgia Chapter, ACI (American Concrete Institute) &#8211; 1. Platz, Kategorie \u00d6ffentliche Arbeiten &#8211; <em>Savannah International Trade &amp; Convention Center, Savannah, GA<\/em><\/span><\/li>\n<\/ul>\n<p>[\/vc_column_text][\/vc_column][\/vc_row]<\/p>\n<\/div>","protected":false},"excerpt":{"rendered":"<p>[vc_row css_animation=&#8220;&#8220; row_type=&#8220;row&#8220; use_row_as_full_screen_section=&#8220;no&#8220; type=&#8220;full_width&#8220; angled_section=&#8220;no&#8220; text_align=&#8220;left&#8220; background_image_as_pattern=&#8220;without_pattern&#8220;][vc_column][vc_column_text]2022 ACEC National Engineering Excellence Awards &#8211; Nationaler Anerkennungspreis &#8211; Jackson Street Plaza Redevelopment, Dublin, GA ACEC Georgia Engineering Excellence Awards &#8211; Staatliche Auszeichnung &#8211; Jackson Street Plaza Redevelopment, Dublin, GA ACEC Georgia Engineering Excellence Awards &#8211; Ehrenpreis<\/p>\n","protected":false},"author":7,"featured_media":0,"parent":0,"menu_order":0,"comment_status":"closed","ping_status":"closed","template":"","meta":{"content-type":"","footnotes":""},"class_list":["post-21827","page","type-page","status-publish","hentry"],"yoast_head":"<!-- This site is optimized with the Yoast SEO plugin v27.6 - https:\/\/yoast.com\/product\/yoast-seo-wordpress\/ -->\n<title>Auszeichnungen und Anerkennungen - Thomas &amp; Hutton<\/title>\n<meta name=\"robots\" content=\"index, follow, max-snippet:-1, max-image-preview:large, max-video-preview:-1\" \/>\n<link rel=\"canonical\" href=\"https:\/\/www.thomasandhutton.com\/de\/auszeichnungen-und-anerkennungen\/\" \/>\n<meta property=\"og:locale\" content=\"de_DE\" \/>\n<meta property=\"og:type\" content=\"article\" \/>\n<meta property=\"og:title\" content=\"Auszeichnungen und Anerkennungen - Thomas &amp; Hutton\" \/>\n<meta property=\"og:description\" content=\"[vc_row css_animation=&#8220;&#8220; row_type=&#8220;row&#8220; use_row_as_full_screen_section=&#8220;no&#8220; type=&#8220;full_width&#8220; angled_section=&#8220;no&#8220; text_align=&#8220;left&#8220; background_image_as_pattern=&#8220;without_pattern&#8220;][vc_column][vc_column_text]2022 ACEC National Engineering Excellence Awards &#8211; Nationaler Anerkennungspreis &#8211; Jackson Street Plaza Redevelopment, Dublin, GA ACEC Georgia Engineering Excellence Awards &#8211; Staatliche Auszeichnung &#8211; Jackson Street Plaza Redevelopment, Dublin, GA ACEC Georgia Engineering Excellence Awards &#8211; Ehrenpreis\" \/>\n<meta property=\"og:url\" content=\"https:\/\/www.thomasandhutton.com\/de\/auszeichnungen-und-anerkennungen\/\" \/>\n<meta property=\"og:site_name\" content=\"Thomas &amp; Hutton\" \/>\n<meta property=\"article:publisher\" content=\"https:\/\/www.facebook.com\/THengineers\/\" \/>\n<meta property=\"article:modified_time\" content=\"2023-03-04T17:00:01+00:00\" \/>\n<meta name=\"twitter:card\" content=\"summary_large_image\" \/>\n<meta name=\"twitter:site\" content=\"@thomasandhutton\" \/>\n<meta name=\"twitter:label1\" content=\"Gesch\u00e4tzte Lesezeit\" \/>\n\t<meta name=\"twitter:data1\" content=\"5\u00a0Minuten\" \/>\n<script type=\"application\/ld+json\" class=\"yoast-schema-graph\">{\"@context\":\"https:\\\/\\\/schema.org\",\"@graph\":[{\"@type\":\"WebPage\",\"@id\":\"https:\\\/\\\/www.thomasandhutton.com\\\/de\\\/auszeichnungen-und-anerkennungen\\\/\",\"url\":\"https:\\\/\\\/www.thomasandhutton.com\\\/de\\\/auszeichnungen-und-anerkennungen\\\/\",\"name\":\"Auszeichnungen und Anerkennungen - Thomas &amp; Hutton\",\"isPartOf\":{\"@id\":\"https:\\\/\\\/www.thomasandhutton.com\\\/de\\\/#website\"},\"datePublished\":\"2018-06-04T20:15:17+00:00\",\"dateModified\":\"2023-03-04T17:00:01+00:00\",\"breadcrumb\":{\"@id\":\"https:\\\/\\\/www.thomasandhutton.com\\\/de\\\/auszeichnungen-und-anerkennungen\\\/#breadcrumb\"},\"inLanguage\":\"de\",\"potentialAction\":[{\"@type\":\"ReadAction\",\"target\":[\"https:\\\/\\\/www.thomasandhutton.com\\\/de\\\/auszeichnungen-und-anerkennungen\\\/\"]}]},{\"@type\":\"BreadcrumbList\",\"@id\":\"https:\\\/\\\/www.thomasandhutton.com\\\/de\\\/auszeichnungen-und-anerkennungen\\\/#breadcrumb\",\"itemListElement\":[{\"@type\":\"ListItem\",\"position\":1,\"name\":\"Home\",\"item\":\"https:\\\/\\\/www.thomasandhutton.com\\\/de\\\/\"},{\"@type\":\"ListItem\",\"position\":2,\"name\":\"Auszeichnungen und Anerkennungen\"}]},{\"@type\":\"WebSite\",\"@id\":\"https:\\\/\\\/www.thomasandhutton.com\\\/de\\\/#website\",\"url\":\"https:\\\/\\\/www.thomasandhutton.com\\\/de\\\/\",\"name\":\"Thomas & Hutton\",\"description\":\"Engineering | Surveying | Landscape Architecture | GIS | Consulting\",\"publisher\":{\"@id\":\"https:\\\/\\\/www.thomasandhutton.com\\\/de\\\/#organization\"},\"potentialAction\":[{\"@type\":\"SearchAction\",\"target\":{\"@type\":\"EntryPoint\",\"urlTemplate\":\"https:\\\/\\\/www.thomasandhutton.com\\\/de\\\/?s={search_term_string}\"},\"query-input\":{\"@type\":\"PropertyValueSpecification\",\"valueRequired\":true,\"valueName\":\"search_term_string\"}}],\"inLanguage\":\"de\"},{\"@type\":\"Organization\",\"@id\":\"https:\\\/\\\/www.thomasandhutton.com\\\/de\\\/#organization\",\"name\":\"Thomas & Hutton\",\"url\":\"https:\\\/\\\/www.thomasandhutton.com\\\/de\\\/\",\"logo\":{\"@type\":\"ImageObject\",\"inLanguage\":\"de\",\"@id\":\"https:\\\/\\\/www.thomasandhutton.com\\\/de\\\/#\\\/schema\\\/logo\\\/image\\\/\",\"url\":\"https:\\\/\\\/www.thomasandhutton.com\\\/wp-content\\\/uploads\\\/2018\\\/06\\\/TH_LOGO__2.png\",\"contentUrl\":\"https:\\\/\\\/www.thomasandhutton.com\\\/wp-content\\\/uploads\\\/2018\\\/06\\\/TH_LOGO__2.png\",\"width\":141,\"height\":46,\"caption\":\"Thomas & Hutton\"},\"image\":{\"@id\":\"https:\\\/\\\/www.thomasandhutton.com\\\/de\\\/#\\\/schema\\\/logo\\\/image\\\/\"},\"sameAs\":[\"https:\\\/\\\/www.facebook.com\\\/THengineers\\\/\",\"https:\\\/\\\/x.com\\\/thomasandhutton\",\"https:\\\/\\\/www.instagram.com\\\/ThomasandHutton\\\/\",\"https:\\\/\\\/www.linkedin.com\\\/company\\\/thomas-&amp;amp;-hutton-engineering-co.\",\"https:\\\/\\\/www.youtube.com\\\/user\\\/ThomasandHutton\"]}]}<\/script>\n<!-- \/ Yoast SEO plugin. -->","yoast_head_json":{"title":"Auszeichnungen und Anerkennungen - Thomas &amp; Hutton","robots":{"index":"index","follow":"follow","max-snippet":"max-snippet:-1","max-image-preview":"max-image-preview:large","max-video-preview":"max-video-preview:-1"},"canonical":"https:\/\/www.thomasandhutton.com\/de\/auszeichnungen-und-anerkennungen\/","og_locale":"de_DE","og_type":"article","og_title":"Auszeichnungen und Anerkennungen - Thomas &amp; Hutton","og_description":"[vc_row css_animation=&#8220;&#8220; row_type=&#8220;row&#8220; use_row_as_full_screen_section=&#8220;no&#8220; type=&#8220;full_width&#8220; angled_section=&#8220;no&#8220; text_align=&#8220;left&#8220; background_image_as_pattern=&#8220;without_pattern&#8220;][vc_column][vc_column_text]2022 ACEC National Engineering Excellence Awards &#8211; Nationaler Anerkennungspreis &#8211; Jackson Street Plaza Redevelopment, Dublin, GA ACEC Georgia Engineering Excellence Awards &#8211; Staatliche Auszeichnung &#8211; Jackson Street Plaza Redevelopment, Dublin, GA ACEC Georgia Engineering Excellence Awards &#8211; Ehrenpreis","og_url":"https:\/\/www.thomasandhutton.com\/de\/auszeichnungen-und-anerkennungen\/","og_site_name":"Thomas &amp; Hutton","article_publisher":"https:\/\/www.facebook.com\/THengineers\/","article_modified_time":"2023-03-04T17:00:01+00:00","twitter_card":"summary_large_image","twitter_site":"@thomasandhutton","twitter_misc":{"Gesch\u00e4tzte Lesezeit":"5\u00a0Minuten"},"schema":{"@context":"https:\/\/schema.org","@graph":[{"@type":"WebPage","@id":"https:\/\/www.thomasandhutton.com\/de\/auszeichnungen-und-anerkennungen\/","url":"https:\/\/www.thomasandhutton.com\/de\/auszeichnungen-und-anerkennungen\/","name":"Auszeichnungen und Anerkennungen - Thomas &amp; Hutton","isPartOf":{"@id":"https:\/\/www.thomasandhutton.com\/de\/#website"},"datePublished":"2018-06-04T20:15:17+00:00","dateModified":"2023-03-04T17:00:01+00:00","breadcrumb":{"@id":"https:\/\/www.thomasandhutton.com\/de\/auszeichnungen-und-anerkennungen\/#breadcrumb"},"inLanguage":"de","potentialAction":[{"@type":"ReadAction","target":["https:\/\/www.thomasandhutton.com\/de\/auszeichnungen-und-anerkennungen\/"]}]},{"@type":"BreadcrumbList","@id":"https:\/\/www.thomasandhutton.com\/de\/auszeichnungen-und-anerkennungen\/#breadcrumb","itemListElement":[{"@type":"ListItem","position":1,"name":"Home","item":"https:\/\/www.thomasandhutton.com\/de\/"},{"@type":"ListItem","position":2,"name":"Auszeichnungen und Anerkennungen"}]},{"@type":"WebSite","@id":"https:\/\/www.thomasandhutton.com\/de\/#website","url":"https:\/\/www.thomasandhutton.com\/de\/","name":"Thomas & Hutton","description":"Engineering | Surveying | Landscape Architecture | GIS | Consulting","publisher":{"@id":"https:\/\/www.thomasandhutton.com\/de\/#organization"},"potentialAction":[{"@type":"SearchAction","target":{"@type":"EntryPoint","urlTemplate":"https:\/\/www.thomasandhutton.com\/de\/?s={search_term_string}"},"query-input":{"@type":"PropertyValueSpecification","valueRequired":true,"valueName":"search_term_string"}}],"inLanguage":"de"},{"@type":"Organization","@id":"https:\/\/www.thomasandhutton.com\/de\/#organization","name":"Thomas & Hutton","url":"https:\/\/www.thomasandhutton.com\/de\/","logo":{"@type":"ImageObject","inLanguage":"de","@id":"https:\/\/www.thomasandhutton.com\/de\/#\/schema\/logo\/image\/","url":"https:\/\/www.thomasandhutton.com\/wp-content\/uploads\/2018\/06\/TH_LOGO__2.png","contentUrl":"https:\/\/www.thomasandhutton.com\/wp-content\/uploads\/2018\/06\/TH_LOGO__2.png","width":141,"height":46,"caption":"Thomas & Hutton"},"image":{"@id":"https:\/\/www.thomasandhutton.com\/de\/#\/schema\/logo\/image\/"},"sameAs":["https:\/\/www.facebook.com\/THengineers\/","https:\/\/x.com\/thomasandhutton","https:\/\/www.instagram.com\/ThomasandHutton\/","https:\/\/www.linkedin.com\/company\/thomas-&amp;amp;-hutton-engineering-co.","https:\/\/www.youtube.com\/user\/ThomasandHutton"]}]}},"_links":{"self":[{"href":"https:\/\/www.thomasandhutton.com\/de\/wp-json\/wp\/v2\/pages\/21827","targetHints":{"allow":["GET"]}}],"collection":[{"href":"https:\/\/www.thomasandhutton.com\/de\/wp-json\/wp\/v2\/pages"}],"about":[{"href":"https:\/\/www.thomasandhutton.com\/de\/wp-json\/wp\/v2\/types\/page"}],"author":[{"embeddable":true,"href":"https:\/\/www.thomasandhutton.com\/de\/wp-json\/wp\/v2\/users\/7"}],"replies":[{"embeddable":true,"href":"https:\/\/www.thomasandhutton.com\/de\/wp-json\/wp\/v2\/comments?post=21827"}],"version-history":[{"count":1,"href":"https:\/\/www.thomasandhutton.com\/de\/wp-json\/wp\/v2\/pages\/21827\/revisions"}],"predecessor-version":[{"id":21845,"href":"https:\/\/www.thomasandhutton.com\/de\/wp-json\/wp\/v2\/pages\/21827\/revisions\/21845"}],"wp:attachment":[{"href":"https:\/\/www.thomasandhutton.com\/de\/wp-json\/wp\/v2\/media?parent=21827"}],"curies":[{"name":"wp","href":"https:\/\/api.w.org\/{rel}","templated":true}]}}