{"id":21877,"date":"2018-06-04T16:33:42","date_gmt":"2018-06-04T16:33:42","guid":{"rendered":"https:\/\/www.thomasandhutton.com\/trent-thompson\/"},"modified":"2023-09-13T09:45:09","modified_gmt":"2023-09-13T09:45:09","slug":"trent-thompson","status":"publish","type":"page","link":"https:\/\/www.thomasandhutton.com\/de\/trent-thompson\/","title":{"rendered":"Trent Thompson"},"content":{"rendered":"<div class=\"wpb-content-wrapper\"><p>[vc_row css_animation=&#8220;&#8220; row_type=&#8220;row&#8220; use_row_as_full_screen_section=&#8220;no&#8220; type=&#8220;full_width&#8220; angled_section=&#8220;no&#8220; text_align=&#8220;left&#8220; background_image_as_pattern=&#8220;without_pattern&#8220; background_color=&#8220;#799900&#8243; z_index=&#8220;&#8220; css=&#8220;.vc_custom_1523400287498{padding-top: 30px !important;padding-bottom: 30px !important;background-color: #799900 !important;}&#8220;][vc_column][vc_single_image image=&#8220;2122&#8243; img_size=&#8220;full&#8220; alignment=&#8220;center&#8220; qode_css_animation=&#8220;&#8220;][vc_column_text]<\/p>\n<h2 style=\"text-align: center;\"><span style=\"color: #ffffff;\">Unser Personal<\/span><\/h2>\n<p>[\/vc_column_text][\/vc_column][\/vc_row][vc_row css_animation=&#8220;&#8220; row_type=&#8220;row&#8220; use_row_as_full_screen_section=&#8220;no&#8220; type=&#8220;full_width&#8220; angled_section=&#8220;no&#8220; text_align=&#8220;left&#8220; background_image_as_pattern=&#8220;without_pattern&#8220;][vc_column][vc_empty_space height=&#8220;50px&#8220;][\/vc_column][\/vc_row][vc_row css_animation=&#8220;&#8220; row_type=&#8220;row&#8220; use_row_as_full_screen_section=&#8220;yes&#8220; type=&#8220;full_width&#8220; angled_section=&#8220;no&#8220; text_align=&#8220;left&#8220; background_image_as_pattern=&#8220;without_pattern&#8220; z_index=&#8220;&#8220;][vc_column width=&#8220;2\/3&#8243; css=&#8220;.vc_custom_1528055156145{padding-right: 5% !important;padding-left: 15% !important;}&#8220;][vc_column_text css=&#8220;.vc_custom_1534437234196{padding-top: 8px !important;}&#8220;]<\/p>\n<h1><span style=\"color: #000000;\"><b>Trent Thompson, PE<\/b><\/span><\/h1>\n<p>[\/vc_column_text][vc_column_text]<i><span style=\"font-weight: 400;\">&#8222;Ich habe unsere nat\u00fcrliche Welt und die Wissenschaft dahinter schon immer faszinierend gefunden. Da ich als Sohn eines Generalunternehmers aufgewachsen bin, wei\u00df ich zu sch\u00e4tzen, wie die Menschheit erstaunliche Strukturen schafft, die das Leben unz\u00e4hliger Menschen \u00fcber Generationen hinweg verbessern. Au\u00dferdem entdeckte ich schon fr\u00fch, dass ich nicht im Juli drei\u00dfig Fu\u00df hoch in der Luft Stahl aufh\u00e4ngen wollte&#8230; in Georgia&#8230; Das Ingenieurwesen war eine nat\u00fcrliche Wahl. Ich erinnere mich, dass ich lernte, dass zwei von Menschenhand geschaffene Bauwerke vom Weltraum aus mit blo\u00dfem Auge zu sehen sind &#8211; die Chinesische Mauer und die Fresh Kills Landfill au\u00dferhalb von New York. Das mag der Funke gewesen sein, der mich zum Umweltingenieurwesen und zu einer Karriere brachte, die es mir erm\u00f6glicht, Wissen, Technologie und innovatives Design einzusetzen, um das Leben zu verbessern und gleichzeitig die Auswirkungen auf die Natur zu minimieren. Meine gro\u00dfe Leidenschaft gilt der Bereitstellung von sauberem und sicherem Trinkwasser und der Suche nach neuen Methoden zur Sammlung, Aufbereitung und Wiederverwendung von Abwasser, die sowohl f\u00fcr die Menschen als auch f\u00fcr die Umwelt von Nutzen sind.&#8220;<\/span><\/i>[\/vc_column_text][vc_empty_space height=&#8220;25px&#8220;][vc_column_text]Trent ist Vice President of Infrastructure und leitet die Abteilungen Umwelt, Wasser und Abwasser, Wasserressourcen, Hochbau und Verkehr bei Thomas &amp; Hutton. Er begann seine T\u00e4tigkeit bei Thomas &amp; Hutton gleich nach seinem Bachelor of Science in Umwelttechnik an der Mercer University im Jahr 2001. Als zugelassener Ingenieur verf\u00fcgt Trent \u00fcber Erfahrung in der Planung und Gestaltung von Wasserverteilungs- und -versorgungssystemen sowie Abwassersammel- und -aufbereitungssystemen f\u00fcr mehrere Gemeinden, Wasser- und Kanalisationsbeh\u00f6rden und Kommunalverwaltungen. Sein Fachwissen umfasst Umwelt- und Bauingenieurwesen, bestehend aus konzeptionellem Design, Computermodellierung, Masterplanung, Machbarkeitsstudien, Genehmigungsverfahren, detailliertem Design, Vorbereitung von Vertragsunterlagen, Erstellung technischer Spezifikationen, Ausschreibungen und Bauprojekten. Trent engagiert sich in Berufsverb\u00e4nden, darunter National Society of Professional Engineers\/Georgia Society of Professional Engineers, American Water Works Association, Georgia Association of Water Professionals und National Fire Protection Association.[\/vc_column_text][vc_row_inner row_type=&#8220;row&#8220; type=&#8220;full_width&#8220; text_align=&#8220;left&#8220; css_animation=&#8220;&#8220;][vc_column_inner][vc_empty_space height=&#8220;50px&#8220;][\/vc_column_inner][\/vc_row_inner][vc_row_inner row_type=&#8220;row&#8220; type=&#8220;full_width&#8220; text_align=&#8220;left&#8220; css_animation=&#8220;&#8220;][vc_column_inner width=&#8220;1\/4&#8243;][\/vc_column_inner][vc_column_inner width=&#8220;1\/2&#8243;][\/vc_column_inner][vc_column_inner width=&#8220;1\/4&#8243;][vc_column_text]<span data-type=\"normal\"  class=\"qode_icon_shortcode  q_font_awsome_icon   \" style=\" \"><i class=\"qode_icon_font_awesome fa fa-long-arrow-right qode_icon_element\" style=\"color: #799900;\" ><\/i><\/span><a href=\"https:\/\/www.thomasandhutton.com\/de\/unser-personal\/\"><strong><span style=\"color: #799900;\">ZUR\u00dcCK ZU UNSEREN LEUTEN<\/span><\/strong><\/a>[\/vc_column_text][\/vc_column_inner][\/vc_row_inner][\/vc_column][vc_column width=&#8220;1\/3&#8243;][vc_single_image image=&#8220;27732&#8243; img_size=&#8220;400 x 230&#8243; qode_css_animation=&#8220;&#8220;][vc_column_text]<b>Direktor\/Vizepr\u00e4sident f\u00fcr Infrastruktur<\/b><\/p>\n<p><strong>p<\/strong> 912-234-5300 <b>d <\/b>912-721-4111<\/p>\n<p><strong>e <\/strong><a href=\"mailto:thompson.t@tandh.com\">thompson.t@tandh.com<\/a><\/p>\n<p><strong>c<\/strong> <a href=\"https:\/\/www.thomasandhutton.com\/vcards\/TrentThompson.vcf\">vCard<\/a>[\/vc_column_text][\/vc_column][\/vc_row][vc_row css_animation=&#8220;&#8220; row_type=&#8220;row&#8220; use_row_as_full_screen_section=&#8220;no&#8220; type=&#8220;full_width&#8220; angled_section=&#8220;no&#8220; text_align=&#8220;left&#8220; background_image_as_pattern=&#8220;without_pattern&#8220;][vc_column][vc_empty_space height=&#8220;50px&#8220;][\/vc_column][\/vc_row][vc_row css_animation=&#8220;&#8220; row_type=&#8220;row&#8220; use_row_as_full_screen_section=&#8220;no&#8220; type=&#8220;full_width&#8220; angled_section=&#8220;no&#8220; text_align=&#8220;left&#8220; background_image_as_pattern=&#8220;without_pattern&#8220;][vc_column][vc_raw_html]PHNjcmlwdCB0eXBlPSJhcHBsaWNhdGlvbi9sZCtqc29uIj57CiAgICAgICAgIkBjb250ZXh0IjogImh0dHA6Ly9zY2hlbWEub3JnIiwKICAgICAgICAiQHR5cGUiOiAiUGVyc29uIiwKICAgICAgICAiZmFtaWx5TmFtZSI6ICJUaG9tcHNvbiIsCiAgICAgICAgImdpdmVuTmFtZSI6ICJUcmVudCIsCiAgICAgICAgIndvcmtzRm9yIjogImh0dHBzOi8vd3d3LnRob21hc2FuZGh1dHRvbi5jb20vIiwKICAgICAgICAiam9iVGl0bGUiOiAiUHJpbmNpcGFsIGFuZCBXYXRlciAmIFdhc3Rld2F0ZXIgTWFuYWdlciIsCiAgICAgICAgImFsdW1uaU9mIjogImh0dHBzOi8vd3d3Lm1lcmNlci5lZHUvIiwKICAgICAgICAiaW1hZ2UiOiAiaHR0cHM6Ly93d3cudGhvbWFzYW5kaHV0dG9uLmNvbS93cC1jb250ZW50L3VwbG9hZHMvMjAxOC8wNy9Qcm9maWxlLVRyZW50LVRob21wc29uLTQwMHgyMzAuanBnIiwKICAgICAgICAiZ2VuZGVyIjogImh0dHA6Ly9zY2hlbWEub3JnL01hbGUiCn0KPC9zY3JpcHQ+[\/vc_raw_html][\/vc_column][\/vc_row]<\/p>\n<\/div>","protected":false},"excerpt":{"rendered":"<p>[vc_row css_animation=&#8220;&#8220; row_type=&#8220;row&#8220; use_row_as_full_screen_section=&#8220;no&#8220; type=&#8220;full_width&#8220; angled_section=&#8220;no&#8220; text_align=&#8220;left&#8220; background_image_as_pattern=&#8220;without_pattern&#8220; background_color=&#8220;#799900&#8243; z_index=&#8220;&#8220; css=&#8220;.vc_custom_1523400287498{padding-top: 30px !important;padding-bottom: 30px !important;background-color: #799900 !important;}&#8220;][vc_column][vc_single_image image=&#8220;2122&#8243; img_size=&#8220;full&#8220; alignment=&#8220;center&#8220; qode_css_animation=&#8220;&#8220;][vc_column_text] Unser Personal [\/vc_column_text][\/vc_column][\/vc_row][vc_row css_animation=&#8220;&#8220; row_type=&#8220;row&#8220; use_row_as_full_screen_section=&#8220;no&#8220; type=&#8220;full_width&#8220; angled_section=&#8220;no&#8220; text_align=&#8220;left&#8220; background_image_as_pattern=&#8220;without_pattern&#8220;][vc_column][vc_empty_space height=&#8220;50px&#8220;][\/vc_column][\/vc_row][vc_row css_animation=&#8220;&#8220; row_type=&#8220;row&#8220; use_row_as_full_screen_section=&#8220;yes&#8220; type=&#8220;full_width&#8220; angled_section=&#8220;no&#8220; text_align=&#8220;left&#8220; background_image_as_pattern=&#8220;without_pattern&#8220; z_index=&#8220;&#8220;][vc_column width=&#8220;2\/3&#8243; css=&#8220;.vc_custom_1528055156145{padding-right: 5% !important;padding-left: 15%<\/p>\n","protected":false},"author":7,"featured_media":0,"parent":0,"menu_order":0,"comment_status":"closed","ping_status":"closed","template":"full_width.php","meta":{"content-type":"","footnotes":""},"class_list":["post-21877","page","type-page","status-publish","hentry"],"yoast_head":"<!-- This site is optimized with the Yoast SEO plugin v27.5 - https:\/\/yoast.com\/product\/yoast-seo-wordpress\/ -->\n<title>Trent Thompson - Wasser- und Abwassermanager bei Thomas &amp; Hutton<\/title>\n<meta name=\"description\" content=\"Trent ist Principal und Water &amp; Wastewater Manager f\u00fcr Technik, Planung und Design von Wasser- und Abwasserinfrastrukturprojekten. Klicken Sie hier, um mehr zu erfahren!\" \/>\n<meta name=\"robots\" content=\"index, follow, max-snippet:-1, max-image-preview:large, max-video-preview:-1\" \/>\n<link rel=\"canonical\" href=\"https:\/\/www.thomasandhutton.com\/de\/trent-thompson\/\" \/>\n<meta property=\"og:locale\" content=\"de_DE\" \/>\n<meta property=\"og:type\" content=\"article\" \/>\n<meta property=\"og:title\" content=\"Trent Thompson - Wasser- und Abwassermanager bei Thomas &amp; Hutton\" \/>\n<meta property=\"og:description\" content=\"Trent ist Principal und Water &amp; Wastewater Manager f\u00fcr Technik, Planung und Design von Wasser- und Abwasserinfrastrukturprojekten. Klicken Sie hier, um mehr zu erfahren!\" \/>\n<meta property=\"og:url\" content=\"https:\/\/www.thomasandhutton.com\/de\/trent-thompson\/\" \/>\n<meta property=\"og:site_name\" content=\"Thomas &amp; Hutton\" \/>\n<meta property=\"article:publisher\" content=\"https:\/\/www.facebook.com\/THengineers\/\" \/>\n<meta property=\"article:modified_time\" content=\"2023-09-13T09:45:09+00:00\" \/>\n<meta name=\"twitter:card\" content=\"summary_large_image\" \/>\n<meta name=\"twitter:site\" content=\"@thomasandhutton\" \/>\n<meta name=\"twitter:label1\" content=\"Gesch\u00e4tzte Lesezeit\" \/>\n\t<meta name=\"twitter:data1\" content=\"4\u00a0Minuten\" \/>\n<script type=\"application\/ld+json\" class=\"yoast-schema-graph\">{\"@context\":\"https:\\\/\\\/schema.org\",\"@graph\":[{\"@type\":\"WebPage\",\"@id\":\"https:\\\/\\\/www.thomasandhutton.com\\\/de\\\/trent-thompson\\\/\",\"url\":\"https:\\\/\\\/www.thomasandhutton.com\\\/de\\\/trent-thompson\\\/\",\"name\":\"Trent Thompson - Wasser- und Abwassermanager bei Thomas & Hutton\",\"isPartOf\":{\"@id\":\"https:\\\/\\\/www.thomasandhutton.com\\\/de\\\/#website\"},\"datePublished\":\"2018-06-04T16:33:42+00:00\",\"dateModified\":\"2023-09-13T09:45:09+00:00\",\"description\":\"Trent ist Principal und Water & Wastewater Manager f\u00fcr Technik, Planung und Design von Wasser- und Abwasserinfrastrukturprojekten. Klicken Sie hier, um mehr zu erfahren!\",\"breadcrumb\":{\"@id\":\"https:\\\/\\\/www.thomasandhutton.com\\\/de\\\/trent-thompson\\\/#breadcrumb\"},\"inLanguage\":\"de\",\"potentialAction\":[{\"@type\":\"ReadAction\",\"target\":[\"https:\\\/\\\/www.thomasandhutton.com\\\/de\\\/trent-thompson\\\/\"]}]},{\"@type\":\"BreadcrumbList\",\"@id\":\"https:\\\/\\\/www.thomasandhutton.com\\\/de\\\/trent-thompson\\\/#breadcrumb\",\"itemListElement\":[{\"@type\":\"ListItem\",\"position\":1,\"name\":\"Home\",\"item\":\"https:\\\/\\\/www.thomasandhutton.com\\\/de\\\/\"},{\"@type\":\"ListItem\",\"position\":2,\"name\":\"Trent Thompson\"}]},{\"@type\":\"WebSite\",\"@id\":\"https:\\\/\\\/www.thomasandhutton.com\\\/de\\\/#website\",\"url\":\"https:\\\/\\\/www.thomasandhutton.com\\\/de\\\/\",\"name\":\"Thomas & Hutton\",\"description\":\"Engineering | Surveying | Landscape Architecture | GIS | Consulting\",\"publisher\":{\"@id\":\"https:\\\/\\\/www.thomasandhutton.com\\\/de\\\/#organization\"},\"potentialAction\":[{\"@type\":\"SearchAction\",\"target\":{\"@type\":\"EntryPoint\",\"urlTemplate\":\"https:\\\/\\\/www.thomasandhutton.com\\\/de\\\/?s={search_term_string}\"},\"query-input\":{\"@type\":\"PropertyValueSpecification\",\"valueRequired\":true,\"valueName\":\"search_term_string\"}}],\"inLanguage\":\"de\"},{\"@type\":\"Organization\",\"@id\":\"https:\\\/\\\/www.thomasandhutton.com\\\/de\\\/#organization\",\"name\":\"Thomas & Hutton\",\"url\":\"https:\\\/\\\/www.thomasandhutton.com\\\/de\\\/\",\"logo\":{\"@type\":\"ImageObject\",\"inLanguage\":\"de\",\"@id\":\"https:\\\/\\\/www.thomasandhutton.com\\\/de\\\/#\\\/schema\\\/logo\\\/image\\\/\",\"url\":\"https:\\\/\\\/www.thomasandhutton.com\\\/wp-content\\\/uploads\\\/2018\\\/06\\\/TH_LOGO__2.png\",\"contentUrl\":\"https:\\\/\\\/www.thomasandhutton.com\\\/wp-content\\\/uploads\\\/2018\\\/06\\\/TH_LOGO__2.png\",\"width\":141,\"height\":46,\"caption\":\"Thomas & Hutton\"},\"image\":{\"@id\":\"https:\\\/\\\/www.thomasandhutton.com\\\/de\\\/#\\\/schema\\\/logo\\\/image\\\/\"},\"sameAs\":[\"https:\\\/\\\/www.facebook.com\\\/THengineers\\\/\",\"https:\\\/\\\/x.com\\\/thomasandhutton\",\"https:\\\/\\\/www.instagram.com\\\/ThomasandHutton\\\/\",\"https:\\\/\\\/www.linkedin.com\\\/company\\\/thomas-&amp;amp;-hutton-engineering-co.\",\"https:\\\/\\\/www.youtube.com\\\/user\\\/ThomasandHutton\"]}]}<\/script>\n<!-- \/ Yoast SEO plugin. -->","yoast_head_json":{"title":"Trent Thompson - Wasser- und Abwassermanager bei Thomas & Hutton","description":"Trent ist Principal und Water & Wastewater Manager f\u00fcr Technik, Planung und Design von Wasser- und Abwasserinfrastrukturprojekten. Klicken Sie hier, um mehr zu erfahren!","robots":{"index":"index","follow":"follow","max-snippet":"max-snippet:-1","max-image-preview":"max-image-preview:large","max-video-preview":"max-video-preview:-1"},"canonical":"https:\/\/www.thomasandhutton.com\/de\/trent-thompson\/","og_locale":"de_DE","og_type":"article","og_title":"Trent Thompson - Wasser- und Abwassermanager bei Thomas & Hutton","og_description":"Trent ist Principal und Water & Wastewater Manager f\u00fcr Technik, Planung und Design von Wasser- und Abwasserinfrastrukturprojekten. Klicken Sie hier, um mehr zu erfahren!","og_url":"https:\/\/www.thomasandhutton.com\/de\/trent-thompson\/","og_site_name":"Thomas &amp; Hutton","article_publisher":"https:\/\/www.facebook.com\/THengineers\/","article_modified_time":"2023-09-13T09:45:09+00:00","twitter_card":"summary_large_image","twitter_site":"@thomasandhutton","twitter_misc":{"Gesch\u00e4tzte Lesezeit":"4\u00a0Minuten"},"schema":{"@context":"https:\/\/schema.org","@graph":[{"@type":"WebPage","@id":"https:\/\/www.thomasandhutton.com\/de\/trent-thompson\/","url":"https:\/\/www.thomasandhutton.com\/de\/trent-thompson\/","name":"Trent Thompson - Wasser- und Abwassermanager bei Thomas & Hutton","isPartOf":{"@id":"https:\/\/www.thomasandhutton.com\/de\/#website"},"datePublished":"2018-06-04T16:33:42+00:00","dateModified":"2023-09-13T09:45:09+00:00","description":"Trent ist Principal und Water & Wastewater Manager f\u00fcr Technik, Planung und Design von Wasser- und Abwasserinfrastrukturprojekten. Klicken Sie hier, um mehr zu erfahren!","breadcrumb":{"@id":"https:\/\/www.thomasandhutton.com\/de\/trent-thompson\/#breadcrumb"},"inLanguage":"de","potentialAction":[{"@type":"ReadAction","target":["https:\/\/www.thomasandhutton.com\/de\/trent-thompson\/"]}]},{"@type":"BreadcrumbList","@id":"https:\/\/www.thomasandhutton.com\/de\/trent-thompson\/#breadcrumb","itemListElement":[{"@type":"ListItem","position":1,"name":"Home","item":"https:\/\/www.thomasandhutton.com\/de\/"},{"@type":"ListItem","position":2,"name":"Trent Thompson"}]},{"@type":"WebSite","@id":"https:\/\/www.thomasandhutton.com\/de\/#website","url":"https:\/\/www.thomasandhutton.com\/de\/","name":"Thomas & Hutton","description":"Engineering | Surveying | Landscape Architecture | GIS | Consulting","publisher":{"@id":"https:\/\/www.thomasandhutton.com\/de\/#organization"},"potentialAction":[{"@type":"SearchAction","target":{"@type":"EntryPoint","urlTemplate":"https:\/\/www.thomasandhutton.com\/de\/?s={search_term_string}"},"query-input":{"@type":"PropertyValueSpecification","valueRequired":true,"valueName":"search_term_string"}}],"inLanguage":"de"},{"@type":"Organization","@id":"https:\/\/www.thomasandhutton.com\/de\/#organization","name":"Thomas & Hutton","url":"https:\/\/www.thomasandhutton.com\/de\/","logo":{"@type":"ImageObject","inLanguage":"de","@id":"https:\/\/www.thomasandhutton.com\/de\/#\/schema\/logo\/image\/","url":"https:\/\/www.thomasandhutton.com\/wp-content\/uploads\/2018\/06\/TH_LOGO__2.png","contentUrl":"https:\/\/www.thomasandhutton.com\/wp-content\/uploads\/2018\/06\/TH_LOGO__2.png","width":141,"height":46,"caption":"Thomas & Hutton"},"image":{"@id":"https:\/\/www.thomasandhutton.com\/de\/#\/schema\/logo\/image\/"},"sameAs":["https:\/\/www.facebook.com\/THengineers\/","https:\/\/x.com\/thomasandhutton","https:\/\/www.instagram.com\/ThomasandHutton\/","https:\/\/www.linkedin.com\/company\/thomas-&amp;amp;-hutton-engineering-co.","https:\/\/www.youtube.com\/user\/ThomasandHutton"]}]}},"_links":{"self":[{"href":"https:\/\/www.thomasandhutton.com\/de\/wp-json\/wp\/v2\/pages\/21877","targetHints":{"allow":["GET"]}}],"collection":[{"href":"https:\/\/www.thomasandhutton.com\/de\/wp-json\/wp\/v2\/pages"}],"about":[{"href":"https:\/\/www.thomasandhutton.com\/de\/wp-json\/wp\/v2\/types\/page"}],"author":[{"embeddable":true,"href":"https:\/\/www.thomasandhutton.com\/de\/wp-json\/wp\/v2\/users\/7"}],"replies":[{"embeddable":true,"href":"https:\/\/www.thomasandhutton.com\/de\/wp-json\/wp\/v2\/comments?post=21877"}],"version-history":[{"count":33,"href":"https:\/\/www.thomasandhutton.com\/de\/wp-json\/wp\/v2\/pages\/21877\/revisions"}],"predecessor-version":[{"id":27741,"href":"https:\/\/www.thomasandhutton.com\/de\/wp-json\/wp\/v2\/pages\/21877\/revisions\/27741"}],"wp:attachment":[{"href":"https:\/\/www.thomasandhutton.com\/de\/wp-json\/wp\/v2\/media?parent=21877"}],"curies":[{"name":"wp","href":"https:\/\/api.w.org\/{rel}","templated":true}]}}