{"id":22166,"date":"2021-04-19T20:27:28","date_gmt":"2021-04-19T20:27:28","guid":{"rendered":"https:\/\/www.thomasandhutton.com\/unterstuetzung-bei-der-finanzierung\/"},"modified":"2023-03-04T17:18:17","modified_gmt":"2023-03-04T17:18:17","slug":"unterstuetzung-bei-der-finanzierung","status":"publish","type":"page","link":"https:\/\/www.thomasandhutton.com\/de\/unterstuetzung-bei-der-finanzierung\/","title":{"rendered":"Unterst\u00fctzung bei der Finanzierung"},"content":{"rendered":"<div class=\"wpb-content-wrapper\"><p>[vc_row css_animation=&#8220;&#8220; row_type=&#8220;row&#8220; use_row_as_full_screen_section=&#8220;no&#8220; type=&#8220;full_width&#8220; angled_section=&#8220;no&#8220; text_align=&#8220;left&#8220; background_image_as_pattern=&#8220;without_pattern&#8220; background_color=&#8220;#799900&#8243; z_index=&#8220;&#8220; css=&#8220;.vc_custom_1523400287498{padding-top: 30px !important;padding-bottom: 30px !important;background-color: #799900 !important;}&#8220;][vc_column][vc_column_text][\/vc_column_text][vc_single_image image=&#8220;7819&#8243; img_size=&#8220;full&#8220; alignment=&#8220;center&#8220; qode_css_animation=&#8220;&#8220;][vc_column_text]<\/p>\n<h1 style=\"text-align: center;\"><span style=\"color: #ffffff;\">Unterst\u00fctzung bei der Finanzierung<\/span><\/h1>\n<p>[\/vc_column_text][\/vc_column][\/vc_row][vc_row css_animation=&#8220;&#8220; row_type=&#8220;row&#8220; use_row_as_full_screen_section=&#8220;no&#8220; type=&#8220;full_width&#8220; angled_section=&#8220;no&#8220; text_align=&#8220;left&#8220; background_image_as_pattern=&#8220;without_pattern&#8220;][vc_column][vc_empty_space height=&#8220;50px&#8220;][\/vc_column][\/vc_row][vc_row css_animation=&#8220;&#8220; row_type=&#8220;row&#8220; use_row_as_full_screen_section=&#8220;yes&#8220; type=&#8220;grid&#8220; angled_section=&#8220;no&#8220; text_align=&#8220;left&#8220; background_image_as_pattern=&#8220;without_pattern&#8220; background_color=&#8220;#ffffff&#8220; z_index=&#8220;&#8220;][vc_column][vc_column_text]Unsere Gemeinden stehen vor komplexen und oft kostspieligen Herausforderungen, wenn es um Kapitalverbesserungen und wichtige Dienstleistungen geht. In einer Zeit sinkender Einnahmen f\u00fchrt die \u00dcbernahme der Kosten f\u00fcr solche Verbesserungen dazu, dass Gemeinden, Wirtschaftsf\u00f6rderungsbeh\u00f6rden und private Kunden nach alternativen Finanzierungsquellen suchen. Thomas &amp; Hutton steht unseren \u00f6ffentlichen und privaten Kunden bei der Suche nach Finanzierungsprogrammen, einschlie\u00dflich Zusch\u00fcssen, Darlehen und Anleihen aus verschiedenen Bundes-, Landes- und Kommunalprogrammen, zur Seite. Als Bauingenieurb\u00fcro k\u00f6nnen wir auch die technische Unterst\u00fctzung bieten, die Sie f\u00fcr Ihren Antrag ben\u00f6tigen, wie z. B. die Erstellung von vorl\u00e4ufigen Ingenieur- und Umweltberichten und die Beantwortung technischer Fragen von F\u00f6rderstellen.<\/p>\n<p>&nbsp;<\/p>\n<p>Die ersten Schritte bei der Beantragung von F\u00f6rdermitteln k\u00f6nnen einsch\u00fcchternd sein. Thomas &amp; Hutton ist bestrebt, alle Aspekte des Bewerbungsverfahrens f\u00fcr seine Kunden aus einer Hand zu recherchieren, zu ermitteln und zu verhandeln. Wir k\u00f6nnen bei der Entwicklung einer Strategie zur Optimierung der Finanzierungsquellen helfen, indem wir Mittel aus zahlreichen konventionellen und unkonventionellen Programmen suchen, um den Projekterfolg zu gew\u00e4hrleisten. Nach der erfolgreichen Vergabe eines Zuschusses arbeitet Thomas &amp; Hutton eng mit den Beh\u00f6rden zusammen, um die Einhaltung aller Vorschriften, die Verfolgung der Ausgaben und die Einhaltung der Fristen zu gew\u00e4hrleisten. Wenn das Band durchgeschnitten und die T\u00fcren ge\u00f6ffnet sind, werden wir die Projektziele und die Initiativen, die f\u00fcr den weiteren Erfolg durchgef\u00fchrt werden, im Auge behalten.[\/vc_column_text][vc_empty_space height=&#8220;20px&#8220;][\/vc_column][\/vc_row][vc_row css_animation=&#8220;&#8220; row_type=&#8220;row&#8220; use_row_as_full_screen_section=&#8220;no&#8220; type=&#8220;full_width&#8220; angled_section=&#8220;no&#8220; text_align=&#8220;left&#8220; background_image_as_pattern=&#8220;without_pattern&#8220; z_index=&#8220;&#8220; css=&#8220;.vc_custom_1527959868801{padding-bottom: 15px !important;}&#8220;][vc_column][vc_column_text]<\/p>\n<h3 style=\"text-align: center;\">Projekte<\/h3>\n<p>[\/vc_column_text][\/vc_column][\/vc_row][vc_row css_animation=&#8220;&#8220; row_type=&#8220;row&#8220; use_row_as_full_screen_section=&#8220;no&#8220; type=&#8220;grid&#8220; angled_section=&#8220;no&#8220; text_align=&#8220;left&#8220; background_image_as_pattern=&#8220;without_pattern&#8220; z_index=&#8220;&#8220;][vc_column]<div class='projects_holder_outer v3 portfolio_with_space portfolio_standard'><div class='projects_holder portfolio_main_holder clearfix v3 standard portfolio_landscape_image '>\n<article class='mix portfolio_category_55 portfolio_category_124 portfolio_category_103 ' style=''><div class=\"item_holder split_up\"><a itemprop=\"url\" class=\"portfolio_link_class\" title=\"Volvo Fertigungsinfrastruktur\" href=\"https:\/\/www.thomasandhutton.com\/de\/portfolio_page\/volvo-fertigungsinfrastruktur-4\/\"><\/a><div style=\"background-color: rgba(0,0,0,0.01)\" class=\"portfolio_shader\"><\/div><div class=\"image_holder\"><span class=\"image\"><img loading=\"lazy\" decoding=\"async\" width=\"800\" height=\"600\" src=\"https:\/\/www.thomasandhutton.com\/wp-content\/uploads\/2018\/04\/tnemec22-5-800x600.jpg\" class=\"attachment-portfolio-landscape size-portfolio-landscape wp-post-image\" alt=\"\" srcset=\"https:\/\/www.thomasandhutton.com\/wp-content\/uploads\/2018\/04\/tnemec22-5-800x600.jpg 800w, https:\/\/www.thomasandhutton.com\/wp-content\/uploads\/2018\/04\/tnemec22-5-300x225.jpg 300w, https:\/\/www.thomasandhutton.com\/wp-content\/uploads\/2018\/04\/tnemec22-5-768x576.jpg 768w, https:\/\/www.thomasandhutton.com\/wp-content\/uploads\/2018\/04\/tnemec22-5-1024x768.jpg 1024w, https:\/\/www.thomasandhutton.com\/wp-content\/uploads\/2018\/04\/tnemec22-5-700x525.jpg 700w, https:\/\/www.thomasandhutton.com\/wp-content\/uploads\/2018\/04\/tnemec22-5.jpg 1920w\" sizes=\"auto, (max-width: 800px) 100vw, 800px\" \/><\/span><\/div><\/div><div class='portfolio_description text_align_left' style=background-color:#ffffff;'><h5 itemprop=\"name\" class=\"portfolio_title entry_title\"><a itemprop=\"url\" href=\"https:\/\/www.thomasandhutton.com\/de\/portfolio_page\/volvo-fertigungsinfrastruktur-4\/\" target=\"_self\" style=\"color: #799900;font-size: 24px\">Volvo Fertigungsinfrastruktur<\/a><\/h5><h5 itemprop=\"name\" class=\"portfolio_title entry_title2\"><a itemprop=\"url\" href=\"https:\/\/www.thomasandhutton.com\/de\/portfolio_page\/volvo-fertigungsinfrastruktur-4\/\" target=\"_self\" style=\"color: #799900;font-size: 24px\"><div class=\"viewpro\"><div class=\"viewproimg\"><img loading=\"lazy\" decoding=\"async\" src=\"https:\/\/www.thomasandhutton.com\/wp-content\/uploads\/2018\/04\/arrow-1.png\" alt=\"Smiley face\" height=\"8\" width=\"20\"><\/div>View Project<\/div><\/a><\/h5><\/div><\/article>\n<article class='mix portfolio_category_102 portfolio_category_93 portfolio_category_99 portfolio_category_124 portfolio_category_83 portfolio_category_103 ' style=''><div class=\"item_holder split_up\"><a itemprop=\"url\" class=\"portfolio_link_class\" title=\"Volvo Cars Drive\" href=\"https:\/\/www.thomasandhutton.com\/de\/portfolio_page\/volvo-cars-drive\/\"><\/a><div style=\"background-color: rgba(0,0,0,0.01)\" class=\"portfolio_shader\"><\/div><div class=\"image_holder\"><span class=\"image\"><img loading=\"lazy\" decoding=\"async\" width=\"800\" height=\"600\" src=\"https:\/\/www.thomasandhutton.com\/wp-content\/uploads\/2018\/07\/2_Volvo-Cars-Drive-1920x1440-800x600.jpg\" class=\"attachment-portfolio-landscape size-portfolio-landscape wp-post-image\" alt=\"\" srcset=\"https:\/\/www.thomasandhutton.com\/wp-content\/uploads\/2018\/07\/2_Volvo-Cars-Drive-1920x1440-800x600.jpg 800w, https:\/\/www.thomasandhutton.com\/wp-content\/uploads\/2018\/07\/2_Volvo-Cars-Drive-1920x1440-300x225.jpg 300w, https:\/\/www.thomasandhutton.com\/wp-content\/uploads\/2018\/07\/2_Volvo-Cars-Drive-1920x1440-768x576.jpg 768w, https:\/\/www.thomasandhutton.com\/wp-content\/uploads\/2018\/07\/2_Volvo-Cars-Drive-1920x1440-1024x768.jpg 1024w, https:\/\/www.thomasandhutton.com\/wp-content\/uploads\/2018\/07\/2_Volvo-Cars-Drive-1920x1440-700x525.jpg 700w, https:\/\/www.thomasandhutton.com\/wp-content\/uploads\/2018\/07\/2_Volvo-Cars-Drive-1920x1440.jpg 1920w\" sizes=\"auto, (max-width: 800px) 100vw, 800px\" \/><\/span><\/div><\/div><div class='portfolio_description text_align_left' style=background-color:#ffffff;'><h5 itemprop=\"name\" class=\"portfolio_title entry_title\"><a itemprop=\"url\" href=\"https:\/\/www.thomasandhutton.com\/de\/portfolio_page\/volvo-cars-drive\/\" target=\"_self\" style=\"color: #799900;font-size: 24px\">Volvo Cars Drive<\/a><\/h5><h5 itemprop=\"name\" class=\"portfolio_title entry_title2\"><a itemprop=\"url\" href=\"https:\/\/www.thomasandhutton.com\/de\/portfolio_page\/volvo-cars-drive\/\" target=\"_self\" style=\"color: #799900;font-size: 24px\"><div class=\"viewpro\"><div class=\"viewproimg\"><img loading=\"lazy\" decoding=\"async\" src=\"https:\/\/www.thomasandhutton.com\/wp-content\/uploads\/2018\/04\/arrow-1.png\" alt=\"Smiley face\" height=\"8\" width=\"20\"><\/div>View Project<\/div><\/a><\/h5><\/div><\/article>\n<article class='mix portfolio_category_93 portfolio_category_124 portfolio_category_90 ' style=''><div class=\"item_holder split_up\"><a itemprop=\"url\" class=\"portfolio_link_class\" title=\"Sanierung des Abwasserkanals im Stadtzentrum von Dublin\" href=\"https:\/\/www.thomasandhutton.com\/de\/portfolio_page\/sanierung-des-abwasserkanals-im-stadtzentrum-von-dublin\/\"><\/a><div style=\"background-color: rgba(0,0,0,0.01)\" class=\"portfolio_shader\"><\/div><div class=\"image_holder\"><span class=\"image\"><img loading=\"lazy\" decoding=\"async\" width=\"800\" height=\"600\" src=\"https:\/\/www.thomasandhutton.com\/wp-content\/uploads\/2018\/05\/Dublin_Downtown_Sewer_Rehab_02-800x600.jpg\" class=\"attachment-portfolio-landscape size-portfolio-landscape wp-post-image\" alt=\"\" srcset=\"https:\/\/www.thomasandhutton.com\/wp-content\/uploads\/2018\/05\/Dublin_Downtown_Sewer_Rehab_02-800x600.jpg 800w, https:\/\/www.thomasandhutton.com\/wp-content\/uploads\/2018\/05\/Dublin_Downtown_Sewer_Rehab_02-300x225.jpg 300w, https:\/\/www.thomasandhutton.com\/wp-content\/uploads\/2018\/05\/Dublin_Downtown_Sewer_Rehab_02-768x576.jpg 768w, https:\/\/www.thomasandhutton.com\/wp-content\/uploads\/2018\/05\/Dublin_Downtown_Sewer_Rehab_02-1024x768.jpg 1024w, https:\/\/www.thomasandhutton.com\/wp-content\/uploads\/2018\/05\/Dublin_Downtown_Sewer_Rehab_02-700x525.jpg 700w, https:\/\/www.thomasandhutton.com\/wp-content\/uploads\/2018\/05\/Dublin_Downtown_Sewer_Rehab_02.jpg 1920w\" sizes=\"auto, (max-width: 800px) 100vw, 800px\" \/><\/span><\/div><\/div><div class='portfolio_description text_align_left' style=background-color:#ffffff;'><h5 itemprop=\"name\" class=\"portfolio_title entry_title\"><a itemprop=\"url\" href=\"https:\/\/www.thomasandhutton.com\/de\/portfolio_page\/sanierung-des-abwasserkanals-im-stadtzentrum-von-dublin\/\" target=\"_self\" style=\"color: #799900;font-size: 24px\">Sanierung des Abwasserkanals im Stadtzentrum von Dublin<\/a><\/h5><h5 itemprop=\"name\" class=\"portfolio_title entry_title2\"><a itemprop=\"url\" href=\"https:\/\/www.thomasandhutton.com\/de\/portfolio_page\/sanierung-des-abwasserkanals-im-stadtzentrum-von-dublin\/\" target=\"_self\" style=\"color: #799900;font-size: 24px\"><div class=\"viewpro\"><div class=\"viewproimg\"><img loading=\"lazy\" decoding=\"async\" src=\"https:\/\/www.thomasandhutton.com\/wp-content\/uploads\/2018\/04\/arrow-1.png\" alt=\"Smiley face\" height=\"8\" width=\"20\"><\/div>View Project<\/div><\/a><\/h5><\/div><\/article>\n<div class='filler'><\/div>\n<div class='filler'><\/div>\n<div class='filler'><\/div>\n<\/div><\/div>[\/vc_column][\/vc_row][vc_row css_animation=&#8220;&#8220; row_type=&#8220;row&#8220; use_row_as_full_screen_section=&#8220;no&#8220; type=&#8220;full_width&#8220; angled_section=&#8220;no&#8220; text_align=&#8220;left&#8220; background_image_as_pattern=&#8220;without_pattern&#8220; css=&#8220;.vc_custom_1523407853199{padding: 60px !important;background-color: #f0f0f0 !important;}&#8220; z_index=&#8220;&#8220;][vc_column][vc_empty_space height=&#8220;15px&#8220;][vc_row_inner row_type=&#8220;row&#8220; type=&#8220;full_width&#8220; text_align=&#8220;left&#8220; css_animation=&#8220;&#8220; css=&#8220;.vc_custom_1523407796138{padding: 30px !important;}&#8220;][vc_column_inner][vc_column_text]<\/p>\n<h2 style=\"text-align: center; font-size: 50px;\">SERVICE-LEITER<\/h2>\n<p>[\/vc_column_text][\/vc_column_inner][\/vc_row_inner][vc_row_inner row_type=&#8220;row&#8220; type=&#8220;grid&#8220; text_align=&#8220;center&#8220; css_animation=&#8220;&#8220; css=&#8220;.vc_custom_1523922363788{padding: 0px !important;}&#8220;][vc_column_inner width=&#8220;1\/3&#8243;][\/vc_column_inner][vc_column_inner width=&#8220;1\/3&#8243;][vc_single_image image=&#8220;7853&#8243; img_size=&#8220;full&#8220; alignment=&#8220;center&#8220; qode_css_animation=&#8220;&#8220;][vc_empty_space height=&#8220;15px&#8220;]<div class=\"qode-accordion-holder clearfix qode-toggle qode-initial \">\n\t<h5 class=\"clearfix qode-title-holder\">\n<span class=\"qode-tab-title\">\n\t    <span class=\"qode-tab-title-inner\">\n        Dale Culbreth    <\/span>\n<\/span>\n<span class=\"qode-accordion-mark\">\n    <span class=\"qode-accordion-mark-icon\">\n        <span class=\"icon_plus\"><\/span>\n        <span class=\"icon_minus-06\"><\/span>\n    <\/span>\n<\/span>\n<\/h5>\n<div class=\"qode-accordion-content \" >\n    <div class=\"qode-accordion-content-inner\">\n        [vc_column_text]<\/p>\n<p style=\"text-align: left;\"><em>Columbia, SC<\/em><\/p>\n<p>[\/vc_column_text][vc_column_text]<\/p>\n<p style=\"text-align: left;\"><strong>p<\/strong> <span style=\"font-weight: 400;\">803-451-6789 <\/span> <b>d <\/b>803-451-6798<br \/>\n<a href=\"mailto:culbreth.d@tandh.com\">culbreth.d@tandh.com<\/a><\/p>\n<p style=\"text-align: right;\"><span data-type=\"normal\"  class=\"qode_icon_shortcode  q_font_awsome_icon   \" style=\" \"><i class=\"qode_icon_font_awesome fa fa-long-arrow-right qode_icon_element\" style=\"color: #799900;\" ><\/i><\/span><a href=\"https:\/\/www.thomasandhutton.com\/de\/dale-culbreth\/\"><strong><span style=\"color: #799900;\">Profil ansehen  <\/span> <\/strong><\/a><\/p>\n<p>[\/vc_column_text]    <\/div>\n<\/div><\/div>[vc_empty_space height=&#8220;15px&#8220;][\/vc_column_inner][vc_column_inner width=&#8220;1\/3&#8243;][\/vc_column_inner][\/vc_row_inner][\/vc_column][\/vc_row]<\/p>\n<\/div>","protected":false},"excerpt":{"rendered":"<p>[vc_row css_animation=&#8220;&#8220; row_type=&#8220;row&#8220; use_row_as_full_screen_section=&#8220;no&#8220; type=&#8220;full_width&#8220; angled_section=&#8220;no&#8220; text_align=&#8220;left&#8220; background_image_as_pattern=&#8220;without_pattern&#8220; background_color=&#8220;#799900&#8243; z_index=&#8220;&#8220; css=&#8220;.vc_custom_1523400287498{padding-top: 30px !important;padding-bottom: 30px !important;background-color: #799900 !important;}&#8220;][vc_column][vc_column_text][\/vc_column_text][vc_single_image image=&#8220;7819&#8243; img_size=&#8220;full&#8220; alignment=&#8220;center&#8220; qode_css_animation=&#8220;&#8220;][vc_column_text] Unterst\u00fctzung bei der Finanzierung [\/vc_column_text][\/vc_column][\/vc_row][vc_row css_animation=&#8220;&#8220; row_type=&#8220;row&#8220; use_row_as_full_screen_section=&#8220;no&#8220; type=&#8220;full_width&#8220; angled_section=&#8220;no&#8220; text_align=&#8220;left&#8220; background_image_as_pattern=&#8220;without_pattern&#8220;][vc_column][vc_empty_space height=&#8220;50px&#8220;][\/vc_column][\/vc_row][vc_row css_animation=&#8220;&#8220; row_type=&#8220;row&#8220; use_row_as_full_screen_section=&#8220;yes&#8220; type=&#8220;grid&#8220; angled_section=&#8220;no&#8220; text_align=&#8220;left&#8220; background_image_as_pattern=&#8220;without_pattern&#8220; background_color=&#8220;#ffffff&#8220; z_index=&#8220;&#8220;][vc_column][vc_column_text]Unsere Gemeinden stehen<\/p>\n","protected":false},"author":8,"featured_media":0,"parent":0,"menu_order":0,"comment_status":"closed","ping_status":"closed","template":"full_width.php","meta":{"content-type":"","footnotes":""},"class_list":["post-22166","page","type-page","status-publish","hentry"],"yoast_head":"<!-- This site is optimized with the Yoast SEO plugin v27.5 - https:\/\/yoast.com\/product\/yoast-seo-wordpress\/ -->\n<title>Finanzierung und finanzielle Unterst\u00fctzung | Thomas &amp; Hutton<\/title>\n<meta name=\"description\" content=\"Die ersten Schritte bei der Beantragung von F\u00f6rdermitteln k\u00f6nnen einsch\u00fcchternd sein. Thomas &amp; Hutton ist bestrebt, alle Aspekte des Bewerbungsverfahrens f\u00fcr seine Kunden aus einer Hand zu recherchieren, zu ermitteln und zu verhandeln.\" \/>\n<meta name=\"robots\" content=\"index, follow, max-snippet:-1, max-image-preview:large, max-video-preview:-1\" \/>\n<link rel=\"canonical\" href=\"https:\/\/www.thomasandhutton.com\/de\/unterstuetzung-bei-der-finanzierung\/\" \/>\n<meta property=\"og:locale\" content=\"de_DE\" \/>\n<meta property=\"og:type\" content=\"article\" \/>\n<meta property=\"og:title\" content=\"Finanzierung und finanzielle Unterst\u00fctzung | Thomas &amp; Hutton\" \/>\n<meta property=\"og:description\" content=\"Die ersten Schritte bei der Beantragung von F\u00f6rdermitteln k\u00f6nnen einsch\u00fcchternd sein. Thomas &amp; Hutton ist bestrebt, alle Aspekte des Bewerbungsverfahrens f\u00fcr seine Kunden aus einer Hand zu recherchieren, zu ermitteln und zu verhandeln.\" \/>\n<meta property=\"og:url\" content=\"https:\/\/www.thomasandhutton.com\/de\/unterstuetzung-bei-der-finanzierung\/\" \/>\n<meta property=\"og:site_name\" content=\"Thomas &amp; Hutton\" \/>\n<meta property=\"article:publisher\" content=\"https:\/\/www.facebook.com\/THengineers\/\" \/>\n<meta property=\"article:modified_time\" content=\"2023-03-04T17:18:17+00:00\" \/>\n<meta name=\"twitter:card\" content=\"summary_large_image\" \/>\n<meta name=\"twitter:site\" content=\"@thomasandhutton\" \/>\n<meta name=\"twitter:label1\" content=\"Gesch\u00e4tzte Lesezeit\" \/>\n\t<meta name=\"twitter:data1\" content=\"4\u00a0Minuten\" \/>\n<script type=\"application\/ld+json\" class=\"yoast-schema-graph\">{\"@context\":\"https:\\\/\\\/schema.org\",\"@graph\":[{\"@type\":\"WebPage\",\"@id\":\"https:\\\/\\\/www.thomasandhutton.com\\\/de\\\/unterstuetzung-bei-der-finanzierung\\\/\",\"url\":\"https:\\\/\\\/www.thomasandhutton.com\\\/de\\\/unterstuetzung-bei-der-finanzierung\\\/\",\"name\":\"Finanzierung und finanzielle Unterst\u00fctzung | Thomas & Hutton\",\"isPartOf\":{\"@id\":\"https:\\\/\\\/www.thomasandhutton.com\\\/de\\\/#website\"},\"datePublished\":\"2021-04-19T20:27:28+00:00\",\"dateModified\":\"2023-03-04T17:18:17+00:00\",\"description\":\"Die ersten Schritte bei der Beantragung von F\u00f6rdermitteln k\u00f6nnen einsch\u00fcchternd sein. Thomas & Hutton ist bestrebt, alle Aspekte des Bewerbungsverfahrens f\u00fcr seine Kunden aus einer Hand zu recherchieren, zu ermitteln und zu verhandeln.\",\"breadcrumb\":{\"@id\":\"https:\\\/\\\/www.thomasandhutton.com\\\/de\\\/unterstuetzung-bei-der-finanzierung\\\/#breadcrumb\"},\"inLanguage\":\"de\",\"potentialAction\":[{\"@type\":\"ReadAction\",\"target\":[\"https:\\\/\\\/www.thomasandhutton.com\\\/de\\\/unterstuetzung-bei-der-finanzierung\\\/\"]}]},{\"@type\":\"BreadcrumbList\",\"@id\":\"https:\\\/\\\/www.thomasandhutton.com\\\/de\\\/unterstuetzung-bei-der-finanzierung\\\/#breadcrumb\",\"itemListElement\":[{\"@type\":\"ListItem\",\"position\":1,\"name\":\"Home\",\"item\":\"https:\\\/\\\/www.thomasandhutton.com\\\/de\\\/\"},{\"@type\":\"ListItem\",\"position\":2,\"name\":\"Unterst\u00fctzung bei der Finanzierung\"}]},{\"@type\":\"WebSite\",\"@id\":\"https:\\\/\\\/www.thomasandhutton.com\\\/de\\\/#website\",\"url\":\"https:\\\/\\\/www.thomasandhutton.com\\\/de\\\/\",\"name\":\"Thomas & Hutton\",\"description\":\"Engineering | Surveying | Landscape Architecture | GIS | Consulting\",\"publisher\":{\"@id\":\"https:\\\/\\\/www.thomasandhutton.com\\\/de\\\/#organization\"},\"potentialAction\":[{\"@type\":\"SearchAction\",\"target\":{\"@type\":\"EntryPoint\",\"urlTemplate\":\"https:\\\/\\\/www.thomasandhutton.com\\\/de\\\/?s={search_term_string}\"},\"query-input\":{\"@type\":\"PropertyValueSpecification\",\"valueRequired\":true,\"valueName\":\"search_term_string\"}}],\"inLanguage\":\"de\"},{\"@type\":\"Organization\",\"@id\":\"https:\\\/\\\/www.thomasandhutton.com\\\/de\\\/#organization\",\"name\":\"Thomas & Hutton\",\"url\":\"https:\\\/\\\/www.thomasandhutton.com\\\/de\\\/\",\"logo\":{\"@type\":\"ImageObject\",\"inLanguage\":\"de\",\"@id\":\"https:\\\/\\\/www.thomasandhutton.com\\\/de\\\/#\\\/schema\\\/logo\\\/image\\\/\",\"url\":\"https:\\\/\\\/www.thomasandhutton.com\\\/wp-content\\\/uploads\\\/2018\\\/06\\\/TH_LOGO__2.png\",\"contentUrl\":\"https:\\\/\\\/www.thomasandhutton.com\\\/wp-content\\\/uploads\\\/2018\\\/06\\\/TH_LOGO__2.png\",\"width\":141,\"height\":46,\"caption\":\"Thomas & Hutton\"},\"image\":{\"@id\":\"https:\\\/\\\/www.thomasandhutton.com\\\/de\\\/#\\\/schema\\\/logo\\\/image\\\/\"},\"sameAs\":[\"https:\\\/\\\/www.facebook.com\\\/THengineers\\\/\",\"https:\\\/\\\/x.com\\\/thomasandhutton\",\"https:\\\/\\\/www.instagram.com\\\/ThomasandHutton\\\/\",\"https:\\\/\\\/www.linkedin.com\\\/company\\\/thomas-&amp;amp;-hutton-engineering-co.\",\"https:\\\/\\\/www.youtube.com\\\/user\\\/ThomasandHutton\"]}]}<\/script>\n<!-- \/ Yoast SEO plugin. -->","yoast_head_json":{"title":"Finanzierung und finanzielle Unterst\u00fctzung | Thomas & Hutton","description":"Die ersten Schritte bei der Beantragung von F\u00f6rdermitteln k\u00f6nnen einsch\u00fcchternd sein. Thomas & Hutton ist bestrebt, alle Aspekte des Bewerbungsverfahrens f\u00fcr seine Kunden aus einer Hand zu recherchieren, zu ermitteln und zu verhandeln.","robots":{"index":"index","follow":"follow","max-snippet":"max-snippet:-1","max-image-preview":"max-image-preview:large","max-video-preview":"max-video-preview:-1"},"canonical":"https:\/\/www.thomasandhutton.com\/de\/unterstuetzung-bei-der-finanzierung\/","og_locale":"de_DE","og_type":"article","og_title":"Finanzierung und finanzielle Unterst\u00fctzung | Thomas & Hutton","og_description":"Die ersten Schritte bei der Beantragung von F\u00f6rdermitteln k\u00f6nnen einsch\u00fcchternd sein. Thomas & Hutton ist bestrebt, alle Aspekte des Bewerbungsverfahrens f\u00fcr seine Kunden aus einer Hand zu recherchieren, zu ermitteln und zu verhandeln.","og_url":"https:\/\/www.thomasandhutton.com\/de\/unterstuetzung-bei-der-finanzierung\/","og_site_name":"Thomas &amp; Hutton","article_publisher":"https:\/\/www.facebook.com\/THengineers\/","article_modified_time":"2023-03-04T17:18:17+00:00","twitter_card":"summary_large_image","twitter_site":"@thomasandhutton","twitter_misc":{"Gesch\u00e4tzte Lesezeit":"4\u00a0Minuten"},"schema":{"@context":"https:\/\/schema.org","@graph":[{"@type":"WebPage","@id":"https:\/\/www.thomasandhutton.com\/de\/unterstuetzung-bei-der-finanzierung\/","url":"https:\/\/www.thomasandhutton.com\/de\/unterstuetzung-bei-der-finanzierung\/","name":"Finanzierung und finanzielle Unterst\u00fctzung | Thomas & Hutton","isPartOf":{"@id":"https:\/\/www.thomasandhutton.com\/de\/#website"},"datePublished":"2021-04-19T20:27:28+00:00","dateModified":"2023-03-04T17:18:17+00:00","description":"Die ersten Schritte bei der Beantragung von F\u00f6rdermitteln k\u00f6nnen einsch\u00fcchternd sein. Thomas & Hutton ist bestrebt, alle Aspekte des Bewerbungsverfahrens f\u00fcr seine Kunden aus einer Hand zu recherchieren, zu ermitteln und zu verhandeln.","breadcrumb":{"@id":"https:\/\/www.thomasandhutton.com\/de\/unterstuetzung-bei-der-finanzierung\/#breadcrumb"},"inLanguage":"de","potentialAction":[{"@type":"ReadAction","target":["https:\/\/www.thomasandhutton.com\/de\/unterstuetzung-bei-der-finanzierung\/"]}]},{"@type":"BreadcrumbList","@id":"https:\/\/www.thomasandhutton.com\/de\/unterstuetzung-bei-der-finanzierung\/#breadcrumb","itemListElement":[{"@type":"ListItem","position":1,"name":"Home","item":"https:\/\/www.thomasandhutton.com\/de\/"},{"@type":"ListItem","position":2,"name":"Unterst\u00fctzung bei der Finanzierung"}]},{"@type":"WebSite","@id":"https:\/\/www.thomasandhutton.com\/de\/#website","url":"https:\/\/www.thomasandhutton.com\/de\/","name":"Thomas & Hutton","description":"Engineering | Surveying | Landscape Architecture | GIS | Consulting","publisher":{"@id":"https:\/\/www.thomasandhutton.com\/de\/#organization"},"potentialAction":[{"@type":"SearchAction","target":{"@type":"EntryPoint","urlTemplate":"https:\/\/www.thomasandhutton.com\/de\/?s={search_term_string}"},"query-input":{"@type":"PropertyValueSpecification","valueRequired":true,"valueName":"search_term_string"}}],"inLanguage":"de"},{"@type":"Organization","@id":"https:\/\/www.thomasandhutton.com\/de\/#organization","name":"Thomas & Hutton","url":"https:\/\/www.thomasandhutton.com\/de\/","logo":{"@type":"ImageObject","inLanguage":"de","@id":"https:\/\/www.thomasandhutton.com\/de\/#\/schema\/logo\/image\/","url":"https:\/\/www.thomasandhutton.com\/wp-content\/uploads\/2018\/06\/TH_LOGO__2.png","contentUrl":"https:\/\/www.thomasandhutton.com\/wp-content\/uploads\/2018\/06\/TH_LOGO__2.png","width":141,"height":46,"caption":"Thomas & Hutton"},"image":{"@id":"https:\/\/www.thomasandhutton.com\/de\/#\/schema\/logo\/image\/"},"sameAs":["https:\/\/www.facebook.com\/THengineers\/","https:\/\/x.com\/thomasandhutton","https:\/\/www.instagram.com\/ThomasandHutton\/","https:\/\/www.linkedin.com\/company\/thomas-&amp;amp;-hutton-engineering-co.","https:\/\/www.youtube.com\/user\/ThomasandHutton"]}]}},"_links":{"self":[{"href":"https:\/\/www.thomasandhutton.com\/de\/wp-json\/wp\/v2\/pages\/22166","targetHints":{"allow":["GET"]}}],"collection":[{"href":"https:\/\/www.thomasandhutton.com\/de\/wp-json\/wp\/v2\/pages"}],"about":[{"href":"https:\/\/www.thomasandhutton.com\/de\/wp-json\/wp\/v2\/types\/page"}],"author":[{"embeddable":true,"href":"https:\/\/www.thomasandhutton.com\/de\/wp-json\/wp\/v2\/users\/8"}],"replies":[{"embeddable":true,"href":"https:\/\/www.thomasandhutton.com\/de\/wp-json\/wp\/v2\/comments?post=22166"}],"version-history":[{"count":10,"href":"https:\/\/www.thomasandhutton.com\/de\/wp-json\/wp\/v2\/pages\/22166\/revisions"}],"predecessor-version":[{"id":22281,"href":"https:\/\/www.thomasandhutton.com\/de\/wp-json\/wp\/v2\/pages\/22166\/revisions\/22281"}],"wp:attachment":[{"href":"https:\/\/www.thomasandhutton.com\/de\/wp-json\/wp\/v2\/media?parent=22166"}],"curies":[{"name":"wp","href":"https:\/\/api.w.org\/{rel}","templated":true}]}}