{"id":22199,"date":"2021-04-19T16:08:33","date_gmt":"2021-04-19T16:08:33","guid":{"rendered":"https:\/\/www.thomasandhutton.com\/einsatzkritisch\/"},"modified":"2023-03-04T17:18:15","modified_gmt":"2023-03-04T17:18:15","slug":"einsatzkritisch","status":"publish","type":"page","link":"https:\/\/www.thomasandhutton.com\/de\/einsatzkritisch\/","title":{"rendered":"Einsatzkritisch"},"content":{"rendered":"<div class=\"wpb-content-wrapper\"><p>[vc_row css_animation=&#8220;&#8220; row_type=&#8220;row&#8220; use_row_as_full_screen_section=&#8220;no&#8220; type=&#8220;full_width&#8220; angled_section=&#8220;no&#8220; text_align=&#8220;left&#8220; background_image_as_pattern=&#8220;without_pattern&#8220; background_color=&#8220;#799900&#8243; z_index=&#8220;&#8220; css=&#8220;.vc_custom_1523400287498{padding-top: 30px !important;padding-bottom: 30px !important;background-color: #799900 !important;}&#8220;][vc_column][vc_column_text][\/vc_column_text][vc_single_image image=&#8220;7818&#8243; img_size=&#8220;full&#8220; alignment=&#8220;center&#8220; qode_css_animation=&#8220;&#8220;][vc_column_text]<\/p>\n<h1 style=\"text-align: center;\"><span style=\"color: #ffffff;\"><span data-sheets-value=\"{\"1\":2,\"2\":\"Data Center Design &amp; Mission Critical Facilities\"}\" data-sheets-userformat=\"{\"2\":33567681,\"3\":{\"1\":0},\"9\":0,\"10\":1,\"11\":3,\"12\":0,\"15\":\"Montserrat\",\"16\":11,\"28\":1}\">Design von Rechenzentren und unternehmenskritischen Einrichtungen<\/span><\/span><\/h1>\n<p>[\/vc_column_text][\/vc_column][\/vc_row][vc_row css_animation=&#8220;&#8220; row_type=&#8220;row&#8220; use_row_as_full_screen_section=&#8220;no&#8220; type=&#8220;full_width&#8220; angled_section=&#8220;no&#8220; text_align=&#8220;left&#8220; background_image_as_pattern=&#8220;without_pattern&#8220;][vc_column][vc_empty_space height=&#8220;50px&#8220;][\/vc_column][\/vc_row][vc_row css_animation=&#8220;&#8220; row_type=&#8220;row&#8220; use_row_as_full_screen_section=&#8220;yes&#8220; type=&#8220;grid&#8220; angled_section=&#8220;no&#8220; text_align=&#8220;left&#8220; background_image_as_pattern=&#8220;without_pattern&#8220; background_color=&#8220;#ffffff&#8220; z_index=&#8220;&#8220;][vc_column][vc_column_text]Digitale und Online-Dienste sind heute f\u00fcr eine effiziente Gesch\u00e4ftst\u00e4tigkeit unerl\u00e4sslich. Unternehmen m\u00fcssen \u00fcber ein zuverl\u00e4ssiges und skalierbares Netz verf\u00fcgen, um die nahtlosen Dienste anbieten zu k\u00f6nnen, die Kunden und Auftraggeber erwarten. Die Sicherheit und die effiziente Leistung von Einrichtungen, in denen Betrieb, Ausr\u00fcstung, externe Datenspeicherung und andere wichtige technische Systeme untergebracht sind, sind f\u00fcr den Erfolg von unternehmenskritischen Einrichtungen notwendig. Mit der richtigen technischen Planung k\u00f6nnen Standorte so optimiert werden, dass sie gegen Risiken gewappnet sind und gleichzeitig flexibel bleiben, falls eine Erweiterung oder Umstrukturierung erforderlich ist.<\/p>\n<p><a href=\"https:\/\/www.thomasandhutton.com\/de\/\">Thomas &amp; Hutton<\/a> bietet umfassende Planungs-, Umwelt-, Vermessungs- und Tiefbaudienstleistungen f\u00fcr die Inbetriebnahme von Neubauten oder den Umbau bestehender Geb\u00e4ude f\u00fcr eine Vielzahl von unternehmenskritischen Einrichtungen wie Rechenzentren, Kontrollzentren und Notfallzentren. Thomas &amp; Hutton nutzt sein Wissen und seine Beziehungen zu den Aufsichtsbeh\u00f6rden auf Bundes- und Landesebene und arbeitet mit lokalen Entwicklungsbeh\u00f6rden zusammen, um sie bei der Standortanalyse und -auswahl, der Planung, dem Entwurf, dem Bau und dem Betrieb zu unterst\u00fctzen. Wir sehen uns als wertvolle Ressource, die mit ihrem schnell verf\u00fcgbaren Personal und Fachwissen dazu beitr\u00e4gt, den Bau neuer Anlagen zu beschleunigen, indem sie Unbekannte minimiert und die Anforderungen an unternehmenskritische Anlagen versteht.[\/vc_column_text][vc_empty_space height=&#8220;20px&#8220;][\/vc_column][\/vc_row][vc_row css_animation=&#8220;&#8220; row_type=&#8220;row&#8220; use_row_as_full_screen_section=&#8220;no&#8220; type=&#8220;full_width&#8220; angled_section=&#8220;no&#8220; text_align=&#8220;left&#8220; background_image_as_pattern=&#8220;without_pattern&#8220; z_index=&#8220;&#8220; css=&#8220;.vc_custom_1527959868801{padding-bottom: 15px !important;}&#8220;][vc_column][\/vc_column][\/vc_row][vc_row css_animation=&#8220;&#8220; row_type=&#8220;row&#8220; use_row_as_full_screen_section=&#8220;no&#8220; type=&#8220;full_width&#8220; angled_section=&#8220;no&#8220; text_align=&#8220;left&#8220; background_image_as_pattern=&#8220;without_pattern&#8220; z_index=&#8220;&#8220;][vc_column]<div class=\"mpc-carousel__wrapper mpc-waypoint\"><div id=\"mpc_carousel_anything-2969f5ced489692\" class=\"mpc-carousel-anything mpc-init mpc-carousel--stretched \"  data-mpcslick='{\"infinite\":true,\"autoplay\":false,\"slidesToShow\":4,\"slidesToScroll\":1,\"centerMode\":false,\"initialSlide\":0}' data-slick-cols=\"4\">[vc_column_text]<div class=\"q_image_with_text_over q_iwto_hover\"><div class=\"shader\" ><\/div><div class=\"shader_hover\" style=\"background-color: rgba(255,255,255,0.9)\"><\/div><img decoding=\"async\" itemprop=\"image\" src=\"https:\/\/www.thomasandhutton.com\/wp-content\/uploads\/2021\/04\/Mission-Critical_3.jpg\" alt=\"\" \/><div class=\"text\"><table><tr><td><h3 class=\"caption no_icon\" style=\"color: #799900;\"><\/h3><\/td><\/tr><\/table><table><tr><td><div class=\"desc\"><a href=\"https:\/\/www.thomasandhutton.com\/wp-content\/uploads\/2021\/04\/Mission-Critical_3.jpg\" target=\"\" title=\"\"  class=\"mpc-lightbox mpc-init mpc-transition mpc-magnific-popup ViewLarger\"><div data-id=\"mpc_button-769f5ced489ac2\" class=\"mpc-button mpc-init mpc-transition mpc-typography--preset_0 \" ><div class=\"mpc-button__content mpc-effect-type--stay mpc-effect-side--left\"><i class=\"mpc-button__icon mpc-transition  fa fa-long-arrow-right\"><\/i><span class=\"mpc-button__title mpc-transition\">View Larger<\/span><\/div><div class=\"mpc-button__background mpc-transition mpc-effect-type--fade mpc-effect-side--in\"><\/div><\/div><\/a><\/div><\/td><\/tr><\/table><\/div><\/div>[\/vc_column_text][vc_column_text]<div class=\"q_image_with_text_over q_iwto_hover\"><div class=\"shader\" ><\/div><div class=\"shader_hover\" style=\"background-color: rgba(255,255,255,0.9)\"><\/div><img decoding=\"async\" itemprop=\"image\" src=\"https:\/\/www.thomasandhutton.com\/wp-content\/uploads\/2021\/04\/Mission-Critical_2.jpg\" alt=\"\" \/><div class=\"text\"><table><tr><td><h3 class=\"caption no_icon\" style=\"color: #799900;\"><\/h3><\/td><\/tr><\/table><table><tr><td><div class=\"desc\"><a href=\"https:\/\/www.thomasandhutton.com\/wp-content\/uploads\/2021\/04\/Mission-Critical_2.jpg\" target=\"\" title=\"\"  class=\"mpc-lightbox mpc-init mpc-transition mpc-magnific-popup ViewLarger\"><div data-id=\"mpc_button-5069f5ced489de2\" class=\"mpc-button mpc-init mpc-transition mpc-typography--preset_0 \" ><div class=\"mpc-button__content mpc-effect-type--stay mpc-effect-side--left\"><i class=\"mpc-button__icon mpc-transition  fa fa-long-arrow-right\"><\/i><span class=\"mpc-button__title mpc-transition\">View Larger<\/span><\/div><div class=\"mpc-button__background mpc-transition mpc-effect-type--fade mpc-effect-side--in\"><\/div><\/div><\/a><\/div><\/td><\/tr><\/table><\/div><\/div>[\/vc_column_text][vc_column_text]<div class=\"q_image_with_text_over q_iwto_hover\"><div class=\"shader\" ><\/div><div class=\"shader_hover\" style=\"background-color: rgba(255,255,255,0.9)\"><\/div><img decoding=\"async\" itemprop=\"image\" src=\"https:\/\/www.thomasandhutton.com\/wp-content\/uploads\/2021\/04\/Mission-Critical_7.jpg\" alt=\"\" \/><div class=\"text\"><table><tr><td><h3 class=\"caption no_icon\" style=\"color: #799900;\"><\/h3><\/td><\/tr><\/table><table><tr><td><div class=\"desc\"><a href=\"https:\/\/www.thomasandhutton.com\/wp-content\/uploads\/2021\/04\/Mission-Critical_7.jpg\" target=\"\" title=\"\"  class=\"mpc-lightbox mpc-init mpc-transition mpc-magnific-popup ViewLarger\"><div data-id=\"mpc_button-5869f5ced48a0d4\" class=\"mpc-button mpc-init mpc-transition mpc-typography--preset_0 \" ><div class=\"mpc-button__content mpc-effect-type--stay mpc-effect-side--left\"><i class=\"mpc-button__icon mpc-transition  fa fa-long-arrow-right\"><\/i><span class=\"mpc-button__title mpc-transition\">View Larger<\/span><\/div><div class=\"mpc-button__background mpc-transition mpc-effect-type--fade mpc-effect-side--in\"><\/div><\/div><\/a><\/div><\/td><\/tr><\/table><\/div><\/div>[\/vc_column_text][vc_column_text]<div class=\"q_image_with_text_over q_iwto_hover\"><div class=\"shader\" ><\/div><div class=\"shader_hover\" style=\"background-color: rgba(255,255,255,0.9)\"><\/div><img decoding=\"async\" itemprop=\"image\" src=\"https:\/\/www.thomasandhutton.com\/wp-content\/uploads\/2021\/04\/Mission-Critical_6.jpg\" alt=\"\" \/><div class=\"text\"><table><tr><td><h3 class=\"caption no_icon\" style=\"color: #799900;\"><\/h3><\/td><\/tr><\/table><table><tr><td><div class=\"desc\"><a href=\"https:\/\/www.thomasandhutton.com\/wp-content\/uploads\/2021\/04\/Mission-Critical_6.jpg\" target=\"\" title=\"\"  class=\"mpc-lightbox mpc-init mpc-transition mpc-magnific-popup ViewLarger\"><div data-id=\"mpc_button-5669f5ced48a3ba\" class=\"mpc-button mpc-init mpc-transition mpc-typography--preset_0 \" ><div class=\"mpc-button__content mpc-effect-type--stay mpc-effect-side--left\"><i class=\"mpc-button__icon mpc-transition  fa fa-long-arrow-right\"><\/i><span class=\"mpc-button__title mpc-transition\">View Larger<\/span><\/div><div class=\"mpc-button__background mpc-transition mpc-effect-type--fade mpc-effect-side--in\"><\/div><\/div><\/a><\/div><\/td><\/tr><\/table><\/div><\/div>[\/vc_column_text][vc_column_text]<div class=\"q_image_with_text_over q_iwto_hover\"><div class=\"shader\" ><\/div><div class=\"shader_hover\" style=\"background-color: rgba(255,255,255,0.9)\"><\/div><img decoding=\"async\" itemprop=\"image\" src=\"https:\/\/www.thomasandhutton.com\/wp-content\/uploads\/2021\/04\/Mission-Critical_5.jpg\" alt=\"\" \/><div class=\"text\"><table><tr><td><h3 class=\"caption no_icon\" style=\"color: #799900;\"><\/h3><\/td><\/tr><\/table><table><tr><td><div class=\"desc\"><a href=\"https:\/\/www.thomasandhutton.com\/wp-content\/uploads\/2021\/04\/Mission-Critical_5.jpg\" target=\"\" title=\"\"  class=\"mpc-lightbox mpc-init mpc-transition mpc-magnific-popup ViewLarger\"><div data-id=\"mpc_button-6969f5ced48a697\" class=\"mpc-button mpc-init mpc-transition mpc-typography--preset_0 \" ><div class=\"mpc-button__content mpc-effect-type--stay mpc-effect-side--left\"><i class=\"mpc-button__icon mpc-transition  fa fa-long-arrow-right\"><\/i><span class=\"mpc-button__title mpc-transition\">View Larger<\/span><\/div><div class=\"mpc-button__background mpc-transition mpc-effect-type--fade mpc-effect-side--in\"><\/div><\/div><\/a><\/div><\/td><\/tr><\/table><\/div><\/div>[\/vc_column_text][vc_column_text]<div class=\"q_image_with_text_over q_iwto_hover\"><div class=\"shader\" ><\/div><div class=\"shader_hover\" style=\"background-color: rgba(255,255,255,0.9)\"><\/div><img decoding=\"async\" itemprop=\"image\" src=\"https:\/\/www.thomasandhutton.com\/wp-content\/uploads\/2021\/04\/Mission-Critical_4.jpg\" alt=\"\" \/><div class=\"text\"><table><tr><td><h3 class=\"caption no_icon\" style=\"color: #799900;\"><\/h3><\/td><\/tr><\/table><table><tr><td><div class=\"desc\"><a href=\"https:\/\/www.thomasandhutton.com\/wp-content\/uploads\/2021\/04\/Mission-Critical_4.jpg\" target=\"\" title=\"\"  class=\"mpc-lightbox mpc-init mpc-transition mpc-magnific-popup ViewLarger\"><div data-id=\"mpc_button-1069f5ced48a983\" class=\"mpc-button mpc-init mpc-transition mpc-typography--preset_0 \" ><div class=\"mpc-button__content mpc-effect-type--stay mpc-effect-side--left\"><i class=\"mpc-button__icon mpc-transition  fa fa-long-arrow-right\"><\/i><span class=\"mpc-button__title mpc-transition\">View Larger<\/span><\/div><div class=\"mpc-button__background mpc-transition mpc-effect-type--fade mpc-effect-side--in\"><\/div><\/div><\/a><\/div><\/td><\/tr><\/table><\/div><\/div>[\/vc_column_text]<\/div><div class=\"mpc-navigation mpc-init mpc-align--left mpc-navigation--style_4  mpc-nav-preset--mpc_preset_41\" data-mpcslider=\"mpc_carousel_anything-2969f5ced489692\"><div class=\"mpc-nav__arrow mpcslick-prev\"><div class=\"mpc-nav__icon mpc-transition\"><i class=\" eti eti_arrow_left\"><div class=\"mpc-nav__background mpc-transition mpc-effect-type--fade mpc-effect-side--in\"><\/div><\/i><\/div><\/div><\/div><div class=\"mpc-navigation mpc-init mpc-align--left mpc-navigation--style_4  mpc-nav-preset--mpc_preset_41\" data-mpcslider=\"mpc_carousel_anything-2969f5ced489692\"><div class=\"mpc-nav__arrow mpcslick-next\"><div class=\"mpc-nav__icon mpc-transition\"><i class=\" eti eti_arrow_right\"><div class=\"mpc-nav__background mpc-transition mpc-effect-type--fade mpc-effect-side--in\"><\/div><\/i><\/div><\/div><\/div><\/div>[\/vc_column][\/vc_row]<\/p>\n<\/div>","protected":false},"excerpt":{"rendered":"<p>[vc_row css_animation=&#8220;&#8220; row_type=&#8220;row&#8220; use_row_as_full_screen_section=&#8220;no&#8220; type=&#8220;full_width&#8220; angled_section=&#8220;no&#8220; text_align=&#8220;left&#8220; background_image_as_pattern=&#8220;without_pattern&#8220; background_color=&#8220;#799900&#8243; z_index=&#8220;&#8220; css=&#8220;.vc_custom_1523400287498{padding-top: 30px !important;padding-bottom: 30px !important;background-color: #799900 !important;}&#8220;][vc_column][vc_column_text][\/vc_column_text][vc_single_image image=&#8220;7818&#8243; img_size=&#8220;full&#8220; alignment=&#8220;center&#8220; qode_css_animation=&#8220;&#8220;][vc_column_text] Design von Rechenzentren und unternehmenskritischen Einrichtungen [\/vc_column_text][\/vc_column][\/vc_row][vc_row css_animation=&#8220;&#8220; row_type=&#8220;row&#8220; use_row_as_full_screen_section=&#8220;no&#8220; type=&#8220;full_width&#8220; angled_section=&#8220;no&#8220; text_align=&#8220;left&#8220; background_image_as_pattern=&#8220;without_pattern&#8220;][vc_column][vc_empty_space height=&#8220;50px&#8220;][\/vc_column][\/vc_row][vc_row css_animation=&#8220;&#8220; row_type=&#8220;row&#8220; use_row_as_full_screen_section=&#8220;yes&#8220; type=&#8220;grid&#8220; angled_section=&#8220;no&#8220; text_align=&#8220;left&#8220; background_image_as_pattern=&#8220;without_pattern&#8220; background_color=&#8220;#ffffff&#8220; z_index=&#8220;&#8220;][vc_column][vc_column_text]Digitale<\/p>\n","protected":false},"author":8,"featured_media":0,"parent":0,"menu_order":0,"comment_status":"closed","ping_status":"closed","template":"full_width.php","meta":{"content-type":"","footnotes":""},"class_list":["post-22199","page","type-page","status-publish","hentry"],"yoast_head":"<!-- This site is optimized with the Yoast SEO plugin v27.5 - https:\/\/yoast.com\/product\/yoast-seo-wordpress\/ -->\n<title>Entwurf von Rechenzentren | Thomas &amp; Hutton<\/title>\n<meta name=\"description\" content=\"Erfahren Sie, wie Sie mit den spezialisierten Dienstleistungen von Thomas &amp; Hutton im Bereich Data Center Design unternehmenskritische Einrichtungen entwerfen und mit Strom versorgen k\u00f6nnen!\" \/>\n<meta name=\"robots\" content=\"index, follow, max-snippet:-1, max-image-preview:large, max-video-preview:-1\" \/>\n<link rel=\"canonical\" href=\"https:\/\/www.thomasandhutton.com\/de\/einsatzkritisch\/\" \/>\n<meta property=\"og:locale\" content=\"de_DE\" \/>\n<meta property=\"og:type\" content=\"article\" \/>\n<meta property=\"og:title\" content=\"Entwurf von Rechenzentren | Thomas &amp; Hutton\" \/>\n<meta property=\"og:description\" content=\"Erfahren Sie, wie Sie mit den spezialisierten Dienstleistungen von Thomas &amp; Hutton im Bereich Data Center Design unternehmenskritische Einrichtungen entwerfen und mit Strom versorgen k\u00f6nnen!\" \/>\n<meta property=\"og:url\" content=\"https:\/\/www.thomasandhutton.com\/de\/einsatzkritisch\/\" \/>\n<meta property=\"og:site_name\" content=\"Thomas &amp; Hutton\" \/>\n<meta property=\"article:publisher\" content=\"https:\/\/www.facebook.com\/THengineers\/\" \/>\n<meta property=\"article:modified_time\" content=\"2023-03-04T17:18:15+00:00\" \/>\n<meta name=\"twitter:card\" content=\"summary_large_image\" \/>\n<meta name=\"twitter:site\" content=\"@thomasandhutton\" \/>\n<meta name=\"twitter:label1\" content=\"Gesch\u00e4tzte Lesezeit\" \/>\n\t<meta name=\"twitter:data1\" content=\"3\u00a0Minuten\" \/>\n<script type=\"application\/ld+json\" class=\"yoast-schema-graph\">{\"@context\":\"https:\\\/\\\/schema.org\",\"@graph\":[{\"@type\":\"WebPage\",\"@id\":\"https:\\\/\\\/www.thomasandhutton.com\\\/de\\\/einsatzkritisch\\\/\",\"url\":\"https:\\\/\\\/www.thomasandhutton.com\\\/de\\\/einsatzkritisch\\\/\",\"name\":\"Entwurf von Rechenzentren | Thomas & Hutton\",\"isPartOf\":{\"@id\":\"https:\\\/\\\/www.thomasandhutton.com\\\/de\\\/#website\"},\"datePublished\":\"2021-04-19T16:08:33+00:00\",\"dateModified\":\"2023-03-04T17:18:15+00:00\",\"description\":\"Erfahren Sie, wie Sie mit den spezialisierten Dienstleistungen von Thomas & Hutton im Bereich Data Center Design unternehmenskritische Einrichtungen entwerfen und mit Strom versorgen k\u00f6nnen!\",\"breadcrumb\":{\"@id\":\"https:\\\/\\\/www.thomasandhutton.com\\\/de\\\/einsatzkritisch\\\/#breadcrumb\"},\"inLanguage\":\"de\",\"potentialAction\":[{\"@type\":\"ReadAction\",\"target\":[\"https:\\\/\\\/www.thomasandhutton.com\\\/de\\\/einsatzkritisch\\\/\"]}]},{\"@type\":\"BreadcrumbList\",\"@id\":\"https:\\\/\\\/www.thomasandhutton.com\\\/de\\\/einsatzkritisch\\\/#breadcrumb\",\"itemListElement\":[{\"@type\":\"ListItem\",\"position\":1,\"name\":\"Home\",\"item\":\"https:\\\/\\\/www.thomasandhutton.com\\\/de\\\/\"},{\"@type\":\"ListItem\",\"position\":2,\"name\":\"Einsatzkritisch\"}]},{\"@type\":\"WebSite\",\"@id\":\"https:\\\/\\\/www.thomasandhutton.com\\\/de\\\/#website\",\"url\":\"https:\\\/\\\/www.thomasandhutton.com\\\/de\\\/\",\"name\":\"Thomas & Hutton\",\"description\":\"Engineering | Surveying | Landscape Architecture | GIS | Consulting\",\"publisher\":{\"@id\":\"https:\\\/\\\/www.thomasandhutton.com\\\/de\\\/#organization\"},\"potentialAction\":[{\"@type\":\"SearchAction\",\"target\":{\"@type\":\"EntryPoint\",\"urlTemplate\":\"https:\\\/\\\/www.thomasandhutton.com\\\/de\\\/?s={search_term_string}\"},\"query-input\":{\"@type\":\"PropertyValueSpecification\",\"valueRequired\":true,\"valueName\":\"search_term_string\"}}],\"inLanguage\":\"de\"},{\"@type\":\"Organization\",\"@id\":\"https:\\\/\\\/www.thomasandhutton.com\\\/de\\\/#organization\",\"name\":\"Thomas & Hutton\",\"url\":\"https:\\\/\\\/www.thomasandhutton.com\\\/de\\\/\",\"logo\":{\"@type\":\"ImageObject\",\"inLanguage\":\"de\",\"@id\":\"https:\\\/\\\/www.thomasandhutton.com\\\/de\\\/#\\\/schema\\\/logo\\\/image\\\/\",\"url\":\"https:\\\/\\\/www.thomasandhutton.com\\\/wp-content\\\/uploads\\\/2018\\\/06\\\/TH_LOGO__2.png\",\"contentUrl\":\"https:\\\/\\\/www.thomasandhutton.com\\\/wp-content\\\/uploads\\\/2018\\\/06\\\/TH_LOGO__2.png\",\"width\":141,\"height\":46,\"caption\":\"Thomas & Hutton\"},\"image\":{\"@id\":\"https:\\\/\\\/www.thomasandhutton.com\\\/de\\\/#\\\/schema\\\/logo\\\/image\\\/\"},\"sameAs\":[\"https:\\\/\\\/www.facebook.com\\\/THengineers\\\/\",\"https:\\\/\\\/x.com\\\/thomasandhutton\",\"https:\\\/\\\/www.instagram.com\\\/ThomasandHutton\\\/\",\"https:\\\/\\\/www.linkedin.com\\\/company\\\/thomas-&amp;amp;-hutton-engineering-co.\",\"https:\\\/\\\/www.youtube.com\\\/user\\\/ThomasandHutton\"]}]}<\/script>\n<!-- \/ Yoast SEO plugin. -->","yoast_head_json":{"title":"Entwurf von Rechenzentren | Thomas & Hutton","description":"Erfahren Sie, wie Sie mit den spezialisierten Dienstleistungen von Thomas & Hutton im Bereich Data Center Design unternehmenskritische Einrichtungen entwerfen und mit Strom versorgen k\u00f6nnen!","robots":{"index":"index","follow":"follow","max-snippet":"max-snippet:-1","max-image-preview":"max-image-preview:large","max-video-preview":"max-video-preview:-1"},"canonical":"https:\/\/www.thomasandhutton.com\/de\/einsatzkritisch\/","og_locale":"de_DE","og_type":"article","og_title":"Entwurf von Rechenzentren | Thomas & Hutton","og_description":"Erfahren Sie, wie Sie mit den spezialisierten Dienstleistungen von Thomas & Hutton im Bereich Data Center Design unternehmenskritische Einrichtungen entwerfen und mit Strom versorgen k\u00f6nnen!","og_url":"https:\/\/www.thomasandhutton.com\/de\/einsatzkritisch\/","og_site_name":"Thomas &amp; Hutton","article_publisher":"https:\/\/www.facebook.com\/THengineers\/","article_modified_time":"2023-03-04T17:18:15+00:00","twitter_card":"summary_large_image","twitter_site":"@thomasandhutton","twitter_misc":{"Gesch\u00e4tzte Lesezeit":"3\u00a0Minuten"},"schema":{"@context":"https:\/\/schema.org","@graph":[{"@type":"WebPage","@id":"https:\/\/www.thomasandhutton.com\/de\/einsatzkritisch\/","url":"https:\/\/www.thomasandhutton.com\/de\/einsatzkritisch\/","name":"Entwurf von Rechenzentren | Thomas & Hutton","isPartOf":{"@id":"https:\/\/www.thomasandhutton.com\/de\/#website"},"datePublished":"2021-04-19T16:08:33+00:00","dateModified":"2023-03-04T17:18:15+00:00","description":"Erfahren Sie, wie Sie mit den spezialisierten Dienstleistungen von Thomas & Hutton im Bereich Data Center Design unternehmenskritische Einrichtungen entwerfen und mit Strom versorgen k\u00f6nnen!","breadcrumb":{"@id":"https:\/\/www.thomasandhutton.com\/de\/einsatzkritisch\/#breadcrumb"},"inLanguage":"de","potentialAction":[{"@type":"ReadAction","target":["https:\/\/www.thomasandhutton.com\/de\/einsatzkritisch\/"]}]},{"@type":"BreadcrumbList","@id":"https:\/\/www.thomasandhutton.com\/de\/einsatzkritisch\/#breadcrumb","itemListElement":[{"@type":"ListItem","position":1,"name":"Home","item":"https:\/\/www.thomasandhutton.com\/de\/"},{"@type":"ListItem","position":2,"name":"Einsatzkritisch"}]},{"@type":"WebSite","@id":"https:\/\/www.thomasandhutton.com\/de\/#website","url":"https:\/\/www.thomasandhutton.com\/de\/","name":"Thomas & Hutton","description":"Engineering | Surveying | Landscape Architecture | GIS | Consulting","publisher":{"@id":"https:\/\/www.thomasandhutton.com\/de\/#organization"},"potentialAction":[{"@type":"SearchAction","target":{"@type":"EntryPoint","urlTemplate":"https:\/\/www.thomasandhutton.com\/de\/?s={search_term_string}"},"query-input":{"@type":"PropertyValueSpecification","valueRequired":true,"valueName":"search_term_string"}}],"inLanguage":"de"},{"@type":"Organization","@id":"https:\/\/www.thomasandhutton.com\/de\/#organization","name":"Thomas & Hutton","url":"https:\/\/www.thomasandhutton.com\/de\/","logo":{"@type":"ImageObject","inLanguage":"de","@id":"https:\/\/www.thomasandhutton.com\/de\/#\/schema\/logo\/image\/","url":"https:\/\/www.thomasandhutton.com\/wp-content\/uploads\/2018\/06\/TH_LOGO__2.png","contentUrl":"https:\/\/www.thomasandhutton.com\/wp-content\/uploads\/2018\/06\/TH_LOGO__2.png","width":141,"height":46,"caption":"Thomas & Hutton"},"image":{"@id":"https:\/\/www.thomasandhutton.com\/de\/#\/schema\/logo\/image\/"},"sameAs":["https:\/\/www.facebook.com\/THengineers\/","https:\/\/x.com\/thomasandhutton","https:\/\/www.instagram.com\/ThomasandHutton\/","https:\/\/www.linkedin.com\/company\/thomas-&amp;amp;-hutton-engineering-co.","https:\/\/www.youtube.com\/user\/ThomasandHutton"]}]}},"_links":{"self":[{"href":"https:\/\/www.thomasandhutton.com\/de\/wp-json\/wp\/v2\/pages\/22199","targetHints":{"allow":["GET"]}}],"collection":[{"href":"https:\/\/www.thomasandhutton.com\/de\/wp-json\/wp\/v2\/pages"}],"about":[{"href":"https:\/\/www.thomasandhutton.com\/de\/wp-json\/wp\/v2\/types\/page"}],"author":[{"embeddable":true,"href":"https:\/\/www.thomasandhutton.com\/de\/wp-json\/wp\/v2\/users\/8"}],"replies":[{"embeddable":true,"href":"https:\/\/www.thomasandhutton.com\/de\/wp-json\/wp\/v2\/comments?post=22199"}],"version-history":[{"count":6,"href":"https:\/\/www.thomasandhutton.com\/de\/wp-json\/wp\/v2\/pages\/22199\/revisions"}],"predecessor-version":[{"id":22275,"href":"https:\/\/www.thomasandhutton.com\/de\/wp-json\/wp\/v2\/pages\/22199\/revisions\/22275"}],"wp:attachment":[{"href":"https:\/\/www.thomasandhutton.com\/de\/wp-json\/wp\/v2\/media?parent=22199"}],"curies":[{"name":"wp","href":"https:\/\/api.w.org\/{rel}","templated":true}]}}