{"id":22257,"date":"2019-12-03T13:44:11","date_gmt":"2019-12-03T13:44:11","guid":{"rendered":"https:\/\/www.thomasandhutton.com\/microsoft-teams-anleitung\/"},"modified":"2019-12-03T13:44:11","modified_gmt":"2019-12-03T13:44:11","slug":"microsoft-teams-anleitung","status":"publish","type":"page","link":"https:\/\/www.thomasandhutton.com\/de\/microsoft-teams-anleitung\/","title":{"rendered":"Microsoft Teams-Anleitung"},"content":{"rendered":"<p>Um an einem Microsoft Teams-Meeting teilzunehmen, klicken Sie in der Einladung auf &#8222;An Microsoft Teams-Meeting teilnehmen&#8220;. Sie haben zwei M\u00f6glichkeiten: Sie k\u00f6nnen sich \u00fcber das Internet anmelden oder die Anwendung herunterladen. Wenn Microsoft Teams bereits installiert ist, werden Sie stattdessen gefragt, ob Sie Microsoft Teams direkt \u00f6ffnen m\u00f6chten. F\u00fcr einmalige oder seltene Treffen reicht es aus, sich \u00fcber das Internet anzumelden. F\u00fcr eine regelm\u00e4\u00dfige Nutzung empfehlen wir den Download der App.<br \/>\n<img loading=\"lazy\" decoding=\"async\" src=\"https:\/\/www.thomasandhutton.com\/wp-content\/uploads\/2019\/12\/TeamsInvite-300x149.png\" alt=\"\" width=\"300\" height=\"149\" class=\"alignnone size-medium wp-image-6446\" style=\"vertical-align:top;\" srcset=\"https:\/\/www.thomasandhutton.com\/wp-content\/uploads\/2019\/12\/TeamsInvite-300x149.png 300w, https:\/\/www.thomasandhutton.com\/wp-content\/uploads\/2019\/12\/TeamsInvite-700x348.png 700w, https:\/\/www.thomasandhutton.com\/wp-content\/uploads\/2019\/12\/TeamsInvite.png 716w\" sizes=\"auto, (max-width: 300px) 100vw, 300px\" \/><span class=\"tutorial-arrow-right\">\u27f6<\/span><img loading=\"lazy\" decoding=\"async\" src=\"https:\/\/www.thomasandhutton.com\/wp-content\/uploads\/2019\/12\/TeamsWeb-300x257.png\" alt=\"\" width=\"300\" height=\"257\" class=\"alignnone size-medium wp-image-6443\" style=\"vertical-align:top;\" srcset=\"https:\/\/www.thomasandhutton.com\/wp-content\/uploads\/2019\/12\/TeamsWeb-300x257.png 300w, https:\/\/www.thomasandhutton.com\/wp-content\/uploads\/2019\/12\/TeamsWeb-700x600.png 700w, https:\/\/www.thomasandhutton.com\/wp-content\/uploads\/2019\/12\/TeamsWeb.png 765w\" sizes=\"auto, (max-width: 300px) 100vw, 300px\" \/><span class=\"tutorial-arrow-right\">\u27f6<\/span><img loading=\"lazy\" decoding=\"async\" src=\"https:\/\/www.thomasandhutton.com\/wp-content\/uploads\/2019\/12\/TeamsOpenInApp-300x75.png\" alt=\"\" width=\"300\" height=\"75\" class=\"alignnone size-medium wp-image-6442\" style=\"vertical-align:top;\" srcset=\"https:\/\/www.thomasandhutton.com\/wp-content\/uploads\/2019\/12\/TeamsOpenInApp-300x75.png 300w, https:\/\/www.thomasandhutton.com\/wp-content\/uploads\/2019\/12\/TeamsOpenInApp-700x175.png 700w, https:\/\/www.thomasandhutton.com\/wp-content\/uploads\/2019\/12\/TeamsOpenInApp.png 766w\" sizes=\"auto, (max-width: 300px) 100vw, 300px\" \/><\/p>\n<p>&nbsp;<\/p>\n<h3>DIE APP HERUNTERLADEN<\/h3>\n<p>Wenn Sie sich f\u00fcr den Download der App entscheiden, werden Sie aufgefordert, den Client herunterzuladen und zu installieren (~100 MB). Nach der Installation wird Teams automatisch gestartet, und Sie werden aufgefordert, Ihren Namen einzugeben. Geben Sie Ihren Namen ein, und Sie k\u00f6nnen an der Besprechung teilnehmen und die verschiedenen Funktionen der Anwendung nutzen.<br \/>\n<img loading=\"lazy\" decoding=\"async\" src=\"https:\/\/www.thomasandhutton.com\/wp-content\/uploads\/2019\/12\/TeamsAppDownload-300x257.png\" alt=\"\" width=\"300\" height=\"257\" class=\"alignnone size-medium wp-image-6438\" style=\"vertical-align:top;\" srcset=\"https:\/\/www.thomasandhutton.com\/wp-content\/uploads\/2019\/12\/TeamsAppDownload-300x257.png 300w, https:\/\/www.thomasandhutton.com\/wp-content\/uploads\/2019\/12\/TeamsAppDownload.png 768w, https:\/\/www.thomasandhutton.com\/wp-content\/uploads\/2019\/12\/TeamsAppDownload-700x600.png 700w\" sizes=\"auto, (max-width: 300px) 100vw, 300px\" \/><span class=\"tutorial-arrow-right\">\u27f6<\/span><img loading=\"lazy\" decoding=\"async\" src=\"https:\/\/www.thomasandhutton.com\/wp-content\/uploads\/2019\/12\/TeamsAppJoin-300x208.png\" alt=\"\" width=\"300\" height=\"208\" class=\"alignnone size-medium wp-image-6439\" style=\"vertical-align:top;\" srcset=\"https:\/\/www.thomasandhutton.com\/wp-content\/uploads\/2019\/12\/TeamsAppJoin-300x208.png 300w, https:\/\/www.thomasandhutton.com\/wp-content\/uploads\/2019\/12\/TeamsAppJoin-700x486.png 700w, https:\/\/www.thomasandhutton.com\/wp-content\/uploads\/2019\/12\/TeamsAppJoin.png 715w\" sizes=\"auto, (max-width: 300px) 100vw, 300px\" \/><span class=\"tutorial-arrow-right\">\u27f6<\/span><img loading=\"lazy\" decoding=\"async\" src=\"https:\/\/www.thomasandhutton.com\/wp-content\/uploads\/2019\/12\/TeamsAppMeeting-300x209.png\" alt=\"\" width=\"300\" height=\"209\" class=\"alignnone size-medium wp-image-6448\" style=\"vertical-align:top;\" srcset=\"https:\/\/www.thomasandhutton.com\/wp-content\/uploads\/2019\/12\/TeamsAppMeeting-300x209.png 300w, https:\/\/www.thomasandhutton.com\/wp-content\/uploads\/2019\/12\/TeamsAppMeeting-700x487.png 700w, https:\/\/www.thomasandhutton.com\/wp-content\/uploads\/2019\/12\/TeamsAppMeeting.png 715w\" sizes=\"auto, (max-width: 300px) 100vw, 300px\" \/><\/p>\n<p>&nbsp;<\/p>\n<h3>BEITRITT \u00dcBER DAS INTERNET<\/h3>\n<p>Wenn Sie sich f\u00fcr eine Teilnahme \u00fcber das Internet entscheiden, werden Sie auf eine Seite weitergeleitet, auf der Sie aufgefordert werden, Zugang zu Ihrem Mikrofon und Ihren Lautsprechern zu erhalten. Wenn Sie die volle Audio-\/Video-Funktionalit\u00e4t von Teams nutzen m\u00f6chten, erlauben Sie bitte den Zugriff. Sobald die Genehmigung erteilt wurde, werden Sie aufgefordert, Ihren Namen anzugeben, und werden dann mit dem Meeting verbunden, wo Sie die Funktionen der Web-App nutzen k\u00f6nnen.<br \/>\n<img loading=\"lazy\" decoding=\"async\" src=\"https:\/\/www.thomasandhutton.com\/wp-content\/uploads\/2019\/12\/TeamsWebAllow-300x258.png\" alt=\"\" width=\"300\" height=\"258\" class=\"alignnone size-medium wp-image-6435\" style=\"vertical-align:top;\" srcset=\"https:\/\/www.thomasandhutton.com\/wp-content\/uploads\/2019\/12\/TeamsWebAllow-300x258.png 300w, https:\/\/www.thomasandhutton.com\/wp-content\/uploads\/2019\/12\/TeamsWebAllow-700x602.png 700w, https:\/\/www.thomasandhutton.com\/wp-content\/uploads\/2019\/12\/TeamsWebAllow.png 765w\" sizes=\"auto, (max-width: 300px) 100vw, 300px\" \/><span class=\"tutorial-arrow-right\">\u27f6<\/span><img loading=\"lazy\" decoding=\"async\" src=\"https:\/\/www.thomasandhutton.com\/wp-content\/uploads\/2019\/12\/TeamsWebJoin-300x258.png\" alt=\"\" width=\"300\" height=\"258\" class=\"alignnone size-medium wp-image-6436\" style=\"vertical-align:top;\" srcset=\"https:\/\/www.thomasandhutton.com\/wp-content\/uploads\/2019\/12\/TeamsWebJoin-300x258.png 300w, https:\/\/www.thomasandhutton.com\/wp-content\/uploads\/2019\/12\/TeamsWebJoin-700x601.png 700w, https:\/\/www.thomasandhutton.com\/wp-content\/uploads\/2019\/12\/TeamsWebJoin.png 765w\" sizes=\"auto, (max-width: 300px) 100vw, 300px\" \/><span class=\"tutorial-arrow-right\">\u27f6<\/span><img loading=\"lazy\" decoding=\"async\" src=\"https:\/\/www.thomasandhutton.com\/wp-content\/uploads\/2019\/12\/TeamsWebMeeting-300x256.png\" alt=\"\" width=\"300\" height=\"256\" class=\"alignnone size-medium wp-image-6447\" style=\"vertical-align:top;\" srcset=\"https:\/\/www.thomasandhutton.com\/wp-content\/uploads\/2019\/12\/TeamsWebMeeting-300x256.png 300w, https:\/\/www.thomasandhutton.com\/wp-content\/uploads\/2019\/12\/TeamsWebMeeting-700x598.png 700w, https:\/\/www.thomasandhutton.com\/wp-content\/uploads\/2019\/12\/TeamsWebMeeting.png 766w\" sizes=\"auto, (max-width: 300px) 100vw, 300px\" \/><\/p>\n<p>&nbsp;<\/p>\n","protected":false},"excerpt":{"rendered":"<p>Um an einem Microsoft Teams-Meeting teilzunehmen, klicken Sie in der Einladung auf &#8222;An Microsoft Teams-Meeting teilnehmen&#8220;. Sie haben zwei M\u00f6glichkeiten: Sie k\u00f6nnen sich \u00fcber das Internet anmelden oder die Anwendung herunterladen. Wenn Microsoft Teams bereits installiert ist, werden Sie stattdessen gefragt, ob Sie Microsoft Teams<\/p>\n","protected":false},"author":6,"featured_media":0,"parent":0,"menu_order":0,"comment_status":"closed","ping_status":"closed","template":"","meta":{"content-type":"","footnotes":""},"class_list":["post-22257","page","type-page","status-publish","hentry"],"yoast_head":"<!-- This site is optimized with the Yoast SEO plugin v27.3 - https:\/\/yoast.com\/product\/yoast-seo-wordpress\/ -->\n<title>Microsoft Teams-Anleitung - Thomas &amp; Hutton<\/title>\n<meta name=\"robots\" content=\"index, follow, max-snippet:-1, max-image-preview:large, max-video-preview:-1\" \/>\n<link rel=\"canonical\" href=\"https:\/\/www.thomasandhutton.com\/de\/microsoft-teams-anleitung\/\" \/>\n<meta property=\"og:locale\" content=\"de_DE\" \/>\n<meta property=\"og:type\" content=\"article\" \/>\n<meta property=\"og:title\" content=\"Microsoft Teams-Anleitung - Thomas &amp; Hutton\" \/>\n<meta property=\"og:description\" content=\"Um an einem Microsoft Teams-Meeting teilzunehmen, klicken Sie in der Einladung auf &#8222;An Microsoft Teams-Meeting teilnehmen&#8220;. Sie haben zwei M\u00f6glichkeiten: Sie k\u00f6nnen sich \u00fcber das Internet anmelden oder die Anwendung herunterladen. Wenn Microsoft Teams bereits installiert ist, werden Sie stattdessen gefragt, ob Sie Microsoft Teams\" \/>\n<meta property=\"og:url\" content=\"https:\/\/www.thomasandhutton.com\/de\/microsoft-teams-anleitung\/\" \/>\n<meta property=\"og:site_name\" content=\"Thomas &amp; Hutton\" \/>\n<meta property=\"article:publisher\" content=\"https:\/\/www.facebook.com\/THengineers\/\" \/>\n<meta property=\"og:image\" content=\"https:\/\/www.thomasandhutton.com\/wp-content\/uploads\/2019\/12\/TeamsInvite-300x149.png\" \/>\n<meta name=\"twitter:card\" content=\"summary_large_image\" \/>\n<meta name=\"twitter:site\" content=\"@thomasandhutton\" \/>\n<meta name=\"twitter:label1\" content=\"Gesch\u00e4tzte Lesezeit\" \/>\n\t<meta name=\"twitter:data1\" content=\"1\u00a0Minute\" \/>\n<script type=\"application\/ld+json\" class=\"yoast-schema-graph\">{\"@context\":\"https:\\\/\\\/schema.org\",\"@graph\":[{\"@type\":\"WebPage\",\"@id\":\"https:\\\/\\\/www.thomasandhutton.com\\\/de\\\/microsoft-teams-anleitung\\\/\",\"url\":\"https:\\\/\\\/www.thomasandhutton.com\\\/de\\\/microsoft-teams-anleitung\\\/\",\"name\":\"Microsoft Teams-Anleitung - Thomas &amp; Hutton\",\"isPartOf\":{\"@id\":\"https:\\\/\\\/www.thomasandhutton.com\\\/de\\\/#website\"},\"primaryImageOfPage\":{\"@id\":\"https:\\\/\\\/www.thomasandhutton.com\\\/de\\\/microsoft-teams-anleitung\\\/#primaryimage\"},\"image\":{\"@id\":\"https:\\\/\\\/www.thomasandhutton.com\\\/de\\\/microsoft-teams-anleitung\\\/#primaryimage\"},\"thumbnailUrl\":\"https:\\\/\\\/www.thomasandhutton.com\\\/wp-content\\\/uploads\\\/2019\\\/12\\\/TeamsInvite-300x149.png\",\"datePublished\":\"2019-12-03T13:44:11+00:00\",\"breadcrumb\":{\"@id\":\"https:\\\/\\\/www.thomasandhutton.com\\\/de\\\/microsoft-teams-anleitung\\\/#breadcrumb\"},\"inLanguage\":\"de\",\"potentialAction\":[{\"@type\":\"ReadAction\",\"target\":[\"https:\\\/\\\/www.thomasandhutton.com\\\/de\\\/microsoft-teams-anleitung\\\/\"]}]},{\"@type\":\"ImageObject\",\"inLanguage\":\"de\",\"@id\":\"https:\\\/\\\/www.thomasandhutton.com\\\/de\\\/microsoft-teams-anleitung\\\/#primaryimage\",\"url\":\"https:\\\/\\\/www.thomasandhutton.com\\\/wp-content\\\/uploads\\\/2019\\\/12\\\/TeamsInvite-300x149.png\",\"contentUrl\":\"https:\\\/\\\/www.thomasandhutton.com\\\/wp-content\\\/uploads\\\/2019\\\/12\\\/TeamsInvite-300x149.png\"},{\"@type\":\"BreadcrumbList\",\"@id\":\"https:\\\/\\\/www.thomasandhutton.com\\\/de\\\/microsoft-teams-anleitung\\\/#breadcrumb\",\"itemListElement\":[{\"@type\":\"ListItem\",\"position\":1,\"name\":\"Home\",\"item\":\"https:\\\/\\\/www.thomasandhutton.com\\\/de\\\/\"},{\"@type\":\"ListItem\",\"position\":2,\"name\":\"Microsoft Teams-Anleitung\"}]},{\"@type\":\"WebSite\",\"@id\":\"https:\\\/\\\/www.thomasandhutton.com\\\/de\\\/#website\",\"url\":\"https:\\\/\\\/www.thomasandhutton.com\\\/de\\\/\",\"name\":\"Thomas & Hutton\",\"description\":\"Engineering | Surveying | Landscape Architecture | GIS | Consulting\",\"publisher\":{\"@id\":\"https:\\\/\\\/www.thomasandhutton.com\\\/de\\\/#organization\"},\"potentialAction\":[{\"@type\":\"SearchAction\",\"target\":{\"@type\":\"EntryPoint\",\"urlTemplate\":\"https:\\\/\\\/www.thomasandhutton.com\\\/de\\\/?s={search_term_string}\"},\"query-input\":{\"@type\":\"PropertyValueSpecification\",\"valueRequired\":true,\"valueName\":\"search_term_string\"}}],\"inLanguage\":\"de\"},{\"@type\":\"Organization\",\"@id\":\"https:\\\/\\\/www.thomasandhutton.com\\\/de\\\/#organization\",\"name\":\"Thomas & Hutton\",\"url\":\"https:\\\/\\\/www.thomasandhutton.com\\\/de\\\/\",\"logo\":{\"@type\":\"ImageObject\",\"inLanguage\":\"de\",\"@id\":\"https:\\\/\\\/www.thomasandhutton.com\\\/de\\\/#\\\/schema\\\/logo\\\/image\\\/\",\"url\":\"https:\\\/\\\/www.thomasandhutton.com\\\/wp-content\\\/uploads\\\/2018\\\/06\\\/TH_LOGO__2.png\",\"contentUrl\":\"https:\\\/\\\/www.thomasandhutton.com\\\/wp-content\\\/uploads\\\/2018\\\/06\\\/TH_LOGO__2.png\",\"width\":141,\"height\":46,\"caption\":\"Thomas & Hutton\"},\"image\":{\"@id\":\"https:\\\/\\\/www.thomasandhutton.com\\\/de\\\/#\\\/schema\\\/logo\\\/image\\\/\"},\"sameAs\":[\"https:\\\/\\\/www.facebook.com\\\/THengineers\\\/\",\"https:\\\/\\\/x.com\\\/thomasandhutton\",\"https:\\\/\\\/www.instagram.com\\\/ThomasandHutton\\\/\",\"https:\\\/\\\/www.linkedin.com\\\/company\\\/thomas-&amp;amp;-hutton-engineering-co.\",\"https:\\\/\\\/www.youtube.com\\\/user\\\/ThomasandHutton\"]}]}<\/script>\n<!-- \/ Yoast SEO plugin. -->","yoast_head_json":{"title":"Microsoft Teams-Anleitung - Thomas &amp; Hutton","robots":{"index":"index","follow":"follow","max-snippet":"max-snippet:-1","max-image-preview":"max-image-preview:large","max-video-preview":"max-video-preview:-1"},"canonical":"https:\/\/www.thomasandhutton.com\/de\/microsoft-teams-anleitung\/","og_locale":"de_DE","og_type":"article","og_title":"Microsoft Teams-Anleitung - Thomas &amp; Hutton","og_description":"Um an einem Microsoft Teams-Meeting teilzunehmen, klicken Sie in der Einladung auf &#8222;An Microsoft Teams-Meeting teilnehmen&#8220;. Sie haben zwei M\u00f6glichkeiten: Sie k\u00f6nnen sich \u00fcber das Internet anmelden oder die Anwendung herunterladen. Wenn Microsoft Teams bereits installiert ist, werden Sie stattdessen gefragt, ob Sie Microsoft Teams","og_url":"https:\/\/www.thomasandhutton.com\/de\/microsoft-teams-anleitung\/","og_site_name":"Thomas &amp; Hutton","article_publisher":"https:\/\/www.facebook.com\/THengineers\/","og_image":[{"url":"https:\/\/www.thomasandhutton.com\/wp-content\/uploads\/2019\/12\/TeamsInvite-300x149.png","type":"","width":"","height":""}],"twitter_card":"summary_large_image","twitter_site":"@thomasandhutton","twitter_misc":{"Gesch\u00e4tzte Lesezeit":"1\u00a0Minute"},"schema":{"@context":"https:\/\/schema.org","@graph":[{"@type":"WebPage","@id":"https:\/\/www.thomasandhutton.com\/de\/microsoft-teams-anleitung\/","url":"https:\/\/www.thomasandhutton.com\/de\/microsoft-teams-anleitung\/","name":"Microsoft Teams-Anleitung - Thomas &amp; Hutton","isPartOf":{"@id":"https:\/\/www.thomasandhutton.com\/de\/#website"},"primaryImageOfPage":{"@id":"https:\/\/www.thomasandhutton.com\/de\/microsoft-teams-anleitung\/#primaryimage"},"image":{"@id":"https:\/\/www.thomasandhutton.com\/de\/microsoft-teams-anleitung\/#primaryimage"},"thumbnailUrl":"https:\/\/www.thomasandhutton.com\/wp-content\/uploads\/2019\/12\/TeamsInvite-300x149.png","datePublished":"2019-12-03T13:44:11+00:00","breadcrumb":{"@id":"https:\/\/www.thomasandhutton.com\/de\/microsoft-teams-anleitung\/#breadcrumb"},"inLanguage":"de","potentialAction":[{"@type":"ReadAction","target":["https:\/\/www.thomasandhutton.com\/de\/microsoft-teams-anleitung\/"]}]},{"@type":"ImageObject","inLanguage":"de","@id":"https:\/\/www.thomasandhutton.com\/de\/microsoft-teams-anleitung\/#primaryimage","url":"https:\/\/www.thomasandhutton.com\/wp-content\/uploads\/2019\/12\/TeamsInvite-300x149.png","contentUrl":"https:\/\/www.thomasandhutton.com\/wp-content\/uploads\/2019\/12\/TeamsInvite-300x149.png"},{"@type":"BreadcrumbList","@id":"https:\/\/www.thomasandhutton.com\/de\/microsoft-teams-anleitung\/#breadcrumb","itemListElement":[{"@type":"ListItem","position":1,"name":"Home","item":"https:\/\/www.thomasandhutton.com\/de\/"},{"@type":"ListItem","position":2,"name":"Microsoft Teams-Anleitung"}]},{"@type":"WebSite","@id":"https:\/\/www.thomasandhutton.com\/de\/#website","url":"https:\/\/www.thomasandhutton.com\/de\/","name":"Thomas & Hutton","description":"Engineering | Surveying | Landscape Architecture | GIS | Consulting","publisher":{"@id":"https:\/\/www.thomasandhutton.com\/de\/#organization"},"potentialAction":[{"@type":"SearchAction","target":{"@type":"EntryPoint","urlTemplate":"https:\/\/www.thomasandhutton.com\/de\/?s={search_term_string}"},"query-input":{"@type":"PropertyValueSpecification","valueRequired":true,"valueName":"search_term_string"}}],"inLanguage":"de"},{"@type":"Organization","@id":"https:\/\/www.thomasandhutton.com\/de\/#organization","name":"Thomas & Hutton","url":"https:\/\/www.thomasandhutton.com\/de\/","logo":{"@type":"ImageObject","inLanguage":"de","@id":"https:\/\/www.thomasandhutton.com\/de\/#\/schema\/logo\/image\/","url":"https:\/\/www.thomasandhutton.com\/wp-content\/uploads\/2018\/06\/TH_LOGO__2.png","contentUrl":"https:\/\/www.thomasandhutton.com\/wp-content\/uploads\/2018\/06\/TH_LOGO__2.png","width":141,"height":46,"caption":"Thomas & Hutton"},"image":{"@id":"https:\/\/www.thomasandhutton.com\/de\/#\/schema\/logo\/image\/"},"sameAs":["https:\/\/www.facebook.com\/THengineers\/","https:\/\/x.com\/thomasandhutton","https:\/\/www.instagram.com\/ThomasandHutton\/","https:\/\/www.linkedin.com\/company\/thomas-&amp;amp;-hutton-engineering-co.","https:\/\/www.youtube.com\/user\/ThomasandHutton"]}]}},"_links":{"self":[{"href":"https:\/\/www.thomasandhutton.com\/de\/wp-json\/wp\/v2\/pages\/22257","targetHints":{"allow":["GET"]}}],"collection":[{"href":"https:\/\/www.thomasandhutton.com\/de\/wp-json\/wp\/v2\/pages"}],"about":[{"href":"https:\/\/www.thomasandhutton.com\/de\/wp-json\/wp\/v2\/types\/page"}],"author":[{"embeddable":true,"href":"https:\/\/www.thomasandhutton.com\/de\/wp-json\/wp\/v2\/users\/6"}],"replies":[{"embeddable":true,"href":"https:\/\/www.thomasandhutton.com\/de\/wp-json\/wp\/v2\/comments?post=22257"}],"version-history":[{"count":0,"href":"https:\/\/www.thomasandhutton.com\/de\/wp-json\/wp\/v2\/pages\/22257\/revisions"}],"wp:attachment":[{"href":"https:\/\/www.thomasandhutton.com\/de\/wp-json\/wp\/v2\/media?parent=22257"}],"curies":[{"name":"wp","href":"https:\/\/api.w.org\/{rel}","templated":true}]}}