{"id":22291,"date":"2021-05-07T16:01:25","date_gmt":"2021-05-07T16:01:25","guid":{"rendered":"https:\/\/www.thomasandhutton.com\/timothy-downs\/"},"modified":"2023-03-04T17:23:19","modified_gmt":"2023-03-04T17:23:19","slug":"timothy-downs","status":"publish","type":"page","link":"https:\/\/www.thomasandhutton.com\/de\/timothy-downs\/","title":{"rendered":"Timothy Downs"},"content":{"rendered":"<div class=\"wpb-content-wrapper\"><p>[vc_row css_animation=&#8220;&#8220; row_type=&#8220;row&#8220; use_row_as_full_screen_section=&#8220;no&#8220; type=&#8220;full_width&#8220; angled_section=&#8220;no&#8220; text_align=&#8220;left&#8220; background_image_as_pattern=&#8220;without_pattern&#8220; background_color=&#8220;#799900&#8243; z_index=&#8220;&#8220; css=&#8220;.vc_custom_1523400287498{padding-top: 30px !important;padding-bottom: 30px !important;background-color: #799900 !important;}&#8220;][vc_column][vc_single_image image=&#8220;2122&#8243; img_size=&#8220;full&#8220; alignment=&#8220;center&#8220; qode_css_animation=&#8220;&#8220;][vc_column_text]<\/p>\n<h2 style=\"text-align: center;\"><span style=\"color: #ffffff;\">Unser Personal<\/span><\/h2>\n<p>[\/vc_column_text][\/vc_column][\/vc_row][vc_row css_animation=&#8220;&#8220; row_type=&#8220;row&#8220; use_row_as_full_screen_section=&#8220;no&#8220; type=&#8220;full_width&#8220; angled_section=&#8220;no&#8220; text_align=&#8220;left&#8220; background_image_as_pattern=&#8220;without_pattern&#8220;][vc_column][vc_empty_space height=&#8220;50px&#8220;][\/vc_column][\/vc_row][vc_row css_animation=&#8220;&#8220; row_type=&#8220;row&#8220; use_row_as_full_screen_section=&#8220;yes&#8220; type=&#8220;full_width&#8220; angled_section=&#8220;no&#8220; text_align=&#8220;left&#8220; background_image_as_pattern=&#8220;without_pattern&#8220; z_index=&#8220;&#8220;][vc_column width=&#8220;2\/3&#8243; css=&#8220;.vc_custom_1528055156145{padding-right: 5% !important;padding-left: 15% !important;}&#8220;][vc_column_text css=&#8220;.vc_custom_1620402947966{padding-top: 8px !important;}&#8220;]<\/p>\n<h1><span style=\"color: #000000;\"><b>TIMOTHY DOWNS<\/b><\/span><\/h1>\n<p>[\/vc_column_text][vc_column_text]<em>Peter Drucker sagte: &#8222;Die wichtigste Ressource f\u00fcr die wirtschaftliche Entwicklung sind die Menschen. Ich liebe es, einer dieser Menschen zu sein. Ich liebe es, Teil des Prozesses zu sein, der das wirtschaftliche Wohlergehen einer Gemeinde und damit das Leben der Menschen, die dort leben, arbeiten, lernen oder spielen, verbessert. Die Zusammenarbeit mit Gemeinden und F\u00fchrungskr\u00e4ften in ganz North Carolina ist unglaublich bereichernd.&#8220;  <\/em>[\/vc_column_text][vc_empty_space height=&#8220;25px&#8220;][vc_column_text]Timothy Downs ist seit 2021 bei Thomas &amp; Hutton als Regionaldirektor f\u00fcr Wirtschaftsentwicklung in North Carolina t\u00e4tig. Timothy leitet die Wirtschaftsentwicklungsaktivit\u00e4ten von Thomas &amp; Hutton in North Carolina. In Zusammenarbeit mit lokalen und bundesstaatlichen Wirtschaftsf\u00f6rderungsbeh\u00f6rden unterst\u00fctzt Timothy seine Kunden bei der Entwicklung einer Vision f\u00fcr die Ansiedlung von Industrien in ihren Gemeinden durch vielseitige technische Dienstleistungen wie Grundst\u00fccksanalysen, Planung und Entwurf sowie Unterst\u00fctzung bei der Standortwahl. Er verf\u00fcgt \u00fcber fast 20 Jahre Berufserfahrung in der \u00d6ffentlichkeit und hat eine Reihe von Fachkenntnissen im Bereich der Wirtschaftsentwicklung, darunter Programme zur Anwerbung, Bindung und Erweiterung von Unternehmen in den Bereichen Biowissenschaften, Fertigung, Luft- und Raumfahrt, Gesundheitswesen und kleine Unternehmen. Timothy war zuvor unter anderem als Senior Vice President of Economic Development f\u00fcr die Greater Durham Chamber of Commerce, als Direktor f\u00fcr Wirtschaftsentwicklung f\u00fcr Craven County, NC, als Executive Director f\u00fcr die Craven 100 Alliance und als Deputy Director of the Office of Economic Development f\u00fcr die Stadt Dayton, Ohio t\u00e4tig. Als zugelassener Anwalt in Ohio und North Carolina erwarb Timothy seinen Abschluss in Jura an der Thomas M. Cooley Law School in Lansing, Michigan, und einen Bachelor of Science in Zoologie an der North Carolina State University. Timothy engagiert sich aktiv in mehreren Gemeinden. Er ist ein Gr\u00fcndungsmitglied des Craven Pamlico Re-entry Council (Craven County, NC). Au\u00dferdem ist er Direktor und Vorstandssekret\u00e4r des StepUp Durham Board of Directors. Timothy ist ein langj\u00e4hriges Mitglied der North Carolina Economic Developers Association sowie der NAIOP.[\/vc_column_text][vc_row_inner row_type=&#8220;row&#8220; type=&#8220;full_width&#8220; text_align=&#8220;left&#8220; css_animation=&#8220;&#8220;][vc_column_inner][vc_empty_space height=&#8220;50px&#8220;][\/vc_column_inner][\/vc_row_inner][vc_row_inner row_type=&#8220;row&#8220; type=&#8220;full_width&#8220; text_align=&#8220;left&#8220; css_animation=&#8220;&#8220;][vc_column_inner width=&#8220;1\/4&#8243;][\/vc_column_inner][vc_column_inner width=&#8220;1\/2&#8243;][\/vc_column_inner][vc_column_inner width=&#8220;1\/4&#8243;][vc_column_text]<span data-type=\"normal\"  class=\"qode_icon_shortcode  q_font_awsome_icon   \" style=\" \"><i class=\"qode_icon_font_awesome fa fa-long-arrow-right qode_icon_element\" style=\"color: #799900;\" ><\/i><\/span><a href=\"https:\/\/www.thomasandhutton.com\/de\/unser-personal\/\"><strong><span style=\"color: #799900;\">ZUR\u00dcCK ZU UNSEREN LEUTEN<\/span><\/strong><\/a>[\/vc_column_text][\/vc_column_inner][\/vc_row_inner][\/vc_column][vc_column width=&#8220;1\/3&#8243;][vc_single_image image=&#8220;7845&#8243; img_size=&#8220;420 x 275&#8243; qode_css_animation=&#8220;&#8220;][vc_column_text]<strong>Regionaldirektor f\u00fcr wirtschaftliche Entwicklung in North Carolina  <\/strong><\/p>\n<p><span style=\"font-weight: 400;\"><strong>p<\/strong> 252-725-0289  <\/span><\/p>\n<p><span style=\"font-weight: 400;\"><strong>e<\/strong> <a href=\"mailto:downs.t@tandh.com\">downs.t@tandh.com<\/a><\/span><\/p>\n<p><strong>c<\/strong> <a href=\"https:\/\/www.thomasandhutton.com\/vcards\/TimothyDowns.vcf\">vCard<\/a>[\/vc_column_text][\/vc_column][\/vc_row][vc_row css_animation=&#8220;&#8220; row_type=&#8220;row&#8220; use_row_as_full_screen_section=&#8220;no&#8220; type=&#8220;full_width&#8220; angled_section=&#8220;no&#8220; text_align=&#8220;left&#8220; background_image_as_pattern=&#8220;without_pattern&#8220;][vc_column][vc_empty_space height=&#8220;50px&#8220;][\/vc_column][\/vc_row][vc_row css_animation=&#8220;&#8220; row_type=&#8220;row&#8220; use_row_as_full_screen_section=&#8220;no&#8220; type=&#8220;full_width&#8220; angled_section=&#8220;no&#8220; text_align=&#8220;left&#8220; background_image_as_pattern=&#8220;without_pattern&#8220;][vc_column][vc_raw_html]PHNjcmlwdCB0eXBlPSJhcHBsaWNhdGlvbi9sZCtqc29uIj57CgkiQGNvbnRleHQiOiAiaHR0cDovL3NjaGVtYS5vcmciLAoJIkB0eXBlIjogIlBlcnNvbiIsCgkiZmFtaWx5TmFtZSI6ICJET1dOUyIsCgkiZ2l2ZW5OYW1lIjogIlRJTU9USFkiLAoJIndvcmtzRm9yIjogImh0dHBzOi8vd3d3LnRob21hc2FuZGh1dHRvbi5jb20vIiwKCSJqb2JUaXRsZSI6ICJSZWdpb25hbCBEaXJlY3RvciBmb3IgTm9ydGggQ2Fyb2xpbmEgRWNvbm9taWMgRGV2ZWxvcG1lbnQiLAoJImFsdW1uaU9mIjogImh0dHBzOi8vd3d3Lm5jc3UuZWR1LyIsCgkiaW1hZ2UiOiAiaHR0cHM6Ly93d3cudGhvbWFzYW5kaHV0dG9uLmNvbS93cC1jb250ZW50L3VwbG9hZHMvMjAyMS8wNS9Qcm9maWxlLVRpbW90aHktRG93bnMtNDIweDI3NS5qcGciLAoJImdlbmRlciI6ICJodHRwOi8vc2NoZW1hLm9yZy9NYWxlIgp9Cjwvc2NyaXB0Pg==[\/vc_raw_html][\/vc_column][\/vc_row]<\/p>\n<\/div>","protected":false},"excerpt":{"rendered":"<p>[vc_row css_animation=&#8220;&#8220; row_type=&#8220;row&#8220; use_row_as_full_screen_section=&#8220;no&#8220; type=&#8220;full_width&#8220; angled_section=&#8220;no&#8220; text_align=&#8220;left&#8220; background_image_as_pattern=&#8220;without_pattern&#8220; background_color=&#8220;#799900&#8243; z_index=&#8220;&#8220; css=&#8220;.vc_custom_1523400287498{padding-top: 30px !important;padding-bottom: 30px !important;background-color: #799900 !important;}&#8220;][vc_column][vc_single_image image=&#8220;2122&#8243; img_size=&#8220;full&#8220; alignment=&#8220;center&#8220; qode_css_animation=&#8220;&#8220;][vc_column_text] Unser Personal [\/vc_column_text][\/vc_column][\/vc_row][vc_row css_animation=&#8220;&#8220; row_type=&#8220;row&#8220; use_row_as_full_screen_section=&#8220;no&#8220; type=&#8220;full_width&#8220; angled_section=&#8220;no&#8220; text_align=&#8220;left&#8220; background_image_as_pattern=&#8220;without_pattern&#8220;][vc_column][vc_empty_space height=&#8220;50px&#8220;][\/vc_column][\/vc_row][vc_row css_animation=&#8220;&#8220; row_type=&#8220;row&#8220; use_row_as_full_screen_section=&#8220;yes&#8220; type=&#8220;full_width&#8220; angled_section=&#8220;no&#8220; text_align=&#8220;left&#8220; background_image_as_pattern=&#8220;without_pattern&#8220; z_index=&#8220;&#8220;][vc_column width=&#8220;2\/3&#8243; css=&#8220;.vc_custom_1528055156145{padding-right: 5% !important;padding-left: 15%<\/p>\n","protected":false},"author":8,"featured_media":0,"parent":0,"menu_order":0,"comment_status":"closed","ping_status":"closed","template":"full_width.php","meta":{"content-type":"","footnotes":""},"class_list":["post-22291","page","type-page","status-publish","hentry"],"yoast_head":"<!-- This site is optimized with the Yoast SEO plugin v27.6 - https:\/\/yoast.com\/product\/yoast-seo-wordpress\/ -->\n<title>Timothy Downs - Regionaldirektor f\u00fcr Wirtschaftsentwicklung bei Thomas &amp; Hutton<\/title>\n<meta name=\"description\" content=\"Timothy leitet die Wirtschaftsentwicklungsaktivit\u00e4ten von Thomas &amp; Hutton in North Carolina. Partnerschaften mit lokalen und staatlichen Wirtschaftsf\u00f6rderungseinrichtungen. Klicken Sie hier, um mehr \u00fcber Timothy zu erfahren.\" \/>\n<meta name=\"robots\" content=\"index, follow, max-snippet:-1, max-image-preview:large, max-video-preview:-1\" \/>\n<link rel=\"canonical\" href=\"https:\/\/www.thomasandhutton.com\/de\/timothy-downs\/\" \/>\n<meta property=\"og:locale\" content=\"de_DE\" \/>\n<meta property=\"og:type\" content=\"article\" \/>\n<meta property=\"og:title\" content=\"Timothy Downs - Regionaldirektor f\u00fcr Wirtschaftsentwicklung bei Thomas &amp; Hutton\" \/>\n<meta property=\"og:description\" content=\"Timothy leitet die Wirtschaftsentwicklungsaktivit\u00e4ten von Thomas &amp; Hutton in North Carolina. Partnerschaften mit lokalen und staatlichen Wirtschaftsf\u00f6rderungseinrichtungen. Klicken Sie hier, um mehr \u00fcber Timothy zu erfahren.\" \/>\n<meta property=\"og:url\" content=\"https:\/\/www.thomasandhutton.com\/de\/timothy-downs\/\" \/>\n<meta property=\"og:site_name\" content=\"Thomas &amp; Hutton\" \/>\n<meta property=\"article:publisher\" content=\"https:\/\/www.facebook.com\/THengineers\/\" \/>\n<meta property=\"article:modified_time\" content=\"2023-03-04T17:23:19+00:00\" \/>\n<meta name=\"twitter:card\" content=\"summary_large_image\" \/>\n<meta name=\"twitter:site\" content=\"@thomasandhutton\" \/>\n<meta name=\"twitter:label1\" content=\"Gesch\u00e4tzte Lesezeit\" \/>\n\t<meta name=\"twitter:data1\" content=\"4\u00a0Minuten\" \/>\n<script type=\"application\/ld+json\" class=\"yoast-schema-graph\">{\"@context\":\"https:\\\/\\\/schema.org\",\"@graph\":[{\"@type\":\"WebPage\",\"@id\":\"https:\\\/\\\/www.thomasandhutton.com\\\/de\\\/timothy-downs\\\/\",\"url\":\"https:\\\/\\\/www.thomasandhutton.com\\\/de\\\/timothy-downs\\\/\",\"name\":\"Timothy Downs - Regionaldirektor f\u00fcr Wirtschaftsentwicklung bei Thomas & Hutton\",\"isPartOf\":{\"@id\":\"https:\\\/\\\/www.thomasandhutton.com\\\/de\\\/#website\"},\"datePublished\":\"2021-05-07T16:01:25+00:00\",\"dateModified\":\"2023-03-04T17:23:19+00:00\",\"description\":\"Timothy leitet die Wirtschaftsentwicklungsaktivit\u00e4ten von Thomas & Hutton in North Carolina. Partnerschaften mit lokalen und staatlichen Wirtschaftsf\u00f6rderungseinrichtungen. Klicken Sie hier, um mehr \u00fcber Timothy zu erfahren.\",\"breadcrumb\":{\"@id\":\"https:\\\/\\\/www.thomasandhutton.com\\\/de\\\/timothy-downs\\\/#breadcrumb\"},\"inLanguage\":\"de\",\"potentialAction\":[{\"@type\":\"ReadAction\",\"target\":[\"https:\\\/\\\/www.thomasandhutton.com\\\/de\\\/timothy-downs\\\/\"]}]},{\"@type\":\"BreadcrumbList\",\"@id\":\"https:\\\/\\\/www.thomasandhutton.com\\\/de\\\/timothy-downs\\\/#breadcrumb\",\"itemListElement\":[{\"@type\":\"ListItem\",\"position\":1,\"name\":\"Home\",\"item\":\"https:\\\/\\\/www.thomasandhutton.com\\\/de\\\/\"},{\"@type\":\"ListItem\",\"position\":2,\"name\":\"Timothy Downs\"}]},{\"@type\":\"WebSite\",\"@id\":\"https:\\\/\\\/www.thomasandhutton.com\\\/de\\\/#website\",\"url\":\"https:\\\/\\\/www.thomasandhutton.com\\\/de\\\/\",\"name\":\"Thomas & Hutton\",\"description\":\"Engineering | Surveying | Landscape Architecture | GIS | Consulting\",\"publisher\":{\"@id\":\"https:\\\/\\\/www.thomasandhutton.com\\\/de\\\/#organization\"},\"potentialAction\":[{\"@type\":\"SearchAction\",\"target\":{\"@type\":\"EntryPoint\",\"urlTemplate\":\"https:\\\/\\\/www.thomasandhutton.com\\\/de\\\/?s={search_term_string}\"},\"query-input\":{\"@type\":\"PropertyValueSpecification\",\"valueRequired\":true,\"valueName\":\"search_term_string\"}}],\"inLanguage\":\"de\"},{\"@type\":\"Organization\",\"@id\":\"https:\\\/\\\/www.thomasandhutton.com\\\/de\\\/#organization\",\"name\":\"Thomas & Hutton\",\"url\":\"https:\\\/\\\/www.thomasandhutton.com\\\/de\\\/\",\"logo\":{\"@type\":\"ImageObject\",\"inLanguage\":\"de\",\"@id\":\"https:\\\/\\\/www.thomasandhutton.com\\\/de\\\/#\\\/schema\\\/logo\\\/image\\\/\",\"url\":\"https:\\\/\\\/www.thomasandhutton.com\\\/wp-content\\\/uploads\\\/2018\\\/06\\\/TH_LOGO__2.png\",\"contentUrl\":\"https:\\\/\\\/www.thomasandhutton.com\\\/wp-content\\\/uploads\\\/2018\\\/06\\\/TH_LOGO__2.png\",\"width\":141,\"height\":46,\"caption\":\"Thomas & Hutton\"},\"image\":{\"@id\":\"https:\\\/\\\/www.thomasandhutton.com\\\/de\\\/#\\\/schema\\\/logo\\\/image\\\/\"},\"sameAs\":[\"https:\\\/\\\/www.facebook.com\\\/THengineers\\\/\",\"https:\\\/\\\/x.com\\\/thomasandhutton\",\"https:\\\/\\\/www.instagram.com\\\/ThomasandHutton\\\/\",\"https:\\\/\\\/www.linkedin.com\\\/company\\\/thomas-&amp;amp;-hutton-engineering-co.\",\"https:\\\/\\\/www.youtube.com\\\/user\\\/ThomasandHutton\"]}]}<\/script>\n<!-- \/ Yoast SEO plugin. -->","yoast_head_json":{"title":"Timothy Downs - Regionaldirektor f\u00fcr Wirtschaftsentwicklung bei Thomas & Hutton","description":"Timothy leitet die Wirtschaftsentwicklungsaktivit\u00e4ten von Thomas & Hutton in North Carolina. Partnerschaften mit lokalen und staatlichen Wirtschaftsf\u00f6rderungseinrichtungen. Klicken Sie hier, um mehr \u00fcber Timothy zu erfahren.","robots":{"index":"index","follow":"follow","max-snippet":"max-snippet:-1","max-image-preview":"max-image-preview:large","max-video-preview":"max-video-preview:-1"},"canonical":"https:\/\/www.thomasandhutton.com\/de\/timothy-downs\/","og_locale":"de_DE","og_type":"article","og_title":"Timothy Downs - Regionaldirektor f\u00fcr Wirtschaftsentwicklung bei Thomas & Hutton","og_description":"Timothy leitet die Wirtschaftsentwicklungsaktivit\u00e4ten von Thomas & Hutton in North Carolina. Partnerschaften mit lokalen und staatlichen Wirtschaftsf\u00f6rderungseinrichtungen. Klicken Sie hier, um mehr \u00fcber Timothy zu erfahren.","og_url":"https:\/\/www.thomasandhutton.com\/de\/timothy-downs\/","og_site_name":"Thomas &amp; Hutton","article_publisher":"https:\/\/www.facebook.com\/THengineers\/","article_modified_time":"2023-03-04T17:23:19+00:00","twitter_card":"summary_large_image","twitter_site":"@thomasandhutton","twitter_misc":{"Gesch\u00e4tzte Lesezeit":"4\u00a0Minuten"},"schema":{"@context":"https:\/\/schema.org","@graph":[{"@type":"WebPage","@id":"https:\/\/www.thomasandhutton.com\/de\/timothy-downs\/","url":"https:\/\/www.thomasandhutton.com\/de\/timothy-downs\/","name":"Timothy Downs - Regionaldirektor f\u00fcr Wirtschaftsentwicklung bei Thomas & Hutton","isPartOf":{"@id":"https:\/\/www.thomasandhutton.com\/de\/#website"},"datePublished":"2021-05-07T16:01:25+00:00","dateModified":"2023-03-04T17:23:19+00:00","description":"Timothy leitet die Wirtschaftsentwicklungsaktivit\u00e4ten von Thomas & Hutton in North Carolina. Partnerschaften mit lokalen und staatlichen Wirtschaftsf\u00f6rderungseinrichtungen. Klicken Sie hier, um mehr \u00fcber Timothy zu erfahren.","breadcrumb":{"@id":"https:\/\/www.thomasandhutton.com\/de\/timothy-downs\/#breadcrumb"},"inLanguage":"de","potentialAction":[{"@type":"ReadAction","target":["https:\/\/www.thomasandhutton.com\/de\/timothy-downs\/"]}]},{"@type":"BreadcrumbList","@id":"https:\/\/www.thomasandhutton.com\/de\/timothy-downs\/#breadcrumb","itemListElement":[{"@type":"ListItem","position":1,"name":"Home","item":"https:\/\/www.thomasandhutton.com\/de\/"},{"@type":"ListItem","position":2,"name":"Timothy Downs"}]},{"@type":"WebSite","@id":"https:\/\/www.thomasandhutton.com\/de\/#website","url":"https:\/\/www.thomasandhutton.com\/de\/","name":"Thomas & Hutton","description":"Engineering | Surveying | Landscape Architecture | GIS | Consulting","publisher":{"@id":"https:\/\/www.thomasandhutton.com\/de\/#organization"},"potentialAction":[{"@type":"SearchAction","target":{"@type":"EntryPoint","urlTemplate":"https:\/\/www.thomasandhutton.com\/de\/?s={search_term_string}"},"query-input":{"@type":"PropertyValueSpecification","valueRequired":true,"valueName":"search_term_string"}}],"inLanguage":"de"},{"@type":"Organization","@id":"https:\/\/www.thomasandhutton.com\/de\/#organization","name":"Thomas & Hutton","url":"https:\/\/www.thomasandhutton.com\/de\/","logo":{"@type":"ImageObject","inLanguage":"de","@id":"https:\/\/www.thomasandhutton.com\/de\/#\/schema\/logo\/image\/","url":"https:\/\/www.thomasandhutton.com\/wp-content\/uploads\/2018\/06\/TH_LOGO__2.png","contentUrl":"https:\/\/www.thomasandhutton.com\/wp-content\/uploads\/2018\/06\/TH_LOGO__2.png","width":141,"height":46,"caption":"Thomas & Hutton"},"image":{"@id":"https:\/\/www.thomasandhutton.com\/de\/#\/schema\/logo\/image\/"},"sameAs":["https:\/\/www.facebook.com\/THengineers\/","https:\/\/x.com\/thomasandhutton","https:\/\/www.instagram.com\/ThomasandHutton\/","https:\/\/www.linkedin.com\/company\/thomas-&amp;amp;-hutton-engineering-co.","https:\/\/www.youtube.com\/user\/ThomasandHutton"]}]}},"_links":{"self":[{"href":"https:\/\/www.thomasandhutton.com\/de\/wp-json\/wp\/v2\/pages\/22291","targetHints":{"allow":["GET"]}}],"collection":[{"href":"https:\/\/www.thomasandhutton.com\/de\/wp-json\/wp\/v2\/pages"}],"about":[{"href":"https:\/\/www.thomasandhutton.com\/de\/wp-json\/wp\/v2\/types\/page"}],"author":[{"embeddable":true,"href":"https:\/\/www.thomasandhutton.com\/de\/wp-json\/wp\/v2\/users\/8"}],"replies":[{"embeddable":true,"href":"https:\/\/www.thomasandhutton.com\/de\/wp-json\/wp\/v2\/comments?post=22291"}],"version-history":[{"count":1,"href":"https:\/\/www.thomasandhutton.com\/de\/wp-json\/wp\/v2\/pages\/22291\/revisions"}],"predecessor-version":[{"id":22306,"href":"https:\/\/www.thomasandhutton.com\/de\/wp-json\/wp\/v2\/pages\/22291\/revisions\/22306"}],"wp:attachment":[{"href":"https:\/\/www.thomasandhutton.com\/de\/wp-json\/wp\/v2\/media?parent=22291"}],"curies":[{"name":"wp","href":"https:\/\/api.w.org\/{rel}","templated":true}]}}