{"id":22298,"date":"2022-08-12T16:38:34","date_gmt":"2022-08-12T16:38:34","guid":{"rendered":"https:\/\/www.thomasandhutton.com\/werden-sie-mitglied-unseres-teams-2\/"},"modified":"2023-03-06T17:09:46","modified_gmt":"2023-03-06T17:09:46","slug":"werden-sie-mitglied-unseres-teams-2","status":"publish","type":"page","link":"https:\/\/www.thomasandhutton.com\/de\/werden-sie-mitglied-unseres-teams-2\/","title":{"rendered":"Werden Sie Mitglied unseres Teams"},"content":{"rendered":"<div class=\"wpb-content-wrapper\"><p>[vc_row css_animation=&#8220;&#8220; row_type=&#8220;row&#8220; use_row_as_full_screen_section=&#8220;no&#8220; type=&#8220;full_width&#8220; angled_section=&#8220;no&#8220; text_align=&#8220;left&#8220; background_image_as_pattern=&#8220;without_pattern&#8220; background_color=&#8220;#799900&#8243; z_index=&#8220;&#8220; css=&#8220;.vc_custom_1523400287498{padding-top: 30px !important;padding-bottom: 30px !important;background-color: #799900 !important;}&#8220;][vc_column][vc_single_image image=&#8220;1081&#8243; img_size=&#8220;full&#8220; alignment=&#8220;center&#8220; qode_css_animation=&#8220;&#8220;][vc_column_text]<\/p>\n<h1 style=\"text-align: center;\"><span style=\"color: #ffffff;\">Karriere <\/span><\/h1>\n<p>[\/vc_column_text][\/vc_column][\/vc_row][vc_row css_animation=&#8220;&#8220; row_type=&#8220;row&#8220; use_row_as_full_screen_section=&#8220;no&#8220; type=&#8220;full_width&#8220; angled_section=&#8220;no&#8220; text_align=&#8220;left&#8220; background_image_as_pattern=&#8220;without_pattern&#8220; background_color=&#8220;#799900&#8243; z_index=&#8220;&#8220; css=&#8220;.vc_custom_1660576813312{background-color: #f0f0f0 !important;}&#8220;][vc_column width=&#8220;1\/4&#8243; css=&#8220;.vc_custom_1660587147494{padding-right: 0px !important;padding-left: 0px !important;}&#8220;][vc_column_text el_class=&#8220;popmake-25628&#8243;]<div class='joinItem'><a href='https:\/\/www.thomasandhutton.com\/join-our-team-benefits\/'><img alt='' width='100%' src='https:\/\/www.thomasandhutton.com\/wp-content\/uploads\/2022\/08\/1-Benefits_Bridge-Run.jpg'><div class='joinContent'><div class='joinTitle'><span>Benefits<\/span><\/div><div class='joinByline'><span>Because compensation goes beyond the dollar sign<\/span><\/div><\/div><\/a><\/div>[\/vc_column_text][\/vc_column][vc_column width=&#8220;1\/4&#8243; css=&#8220;.vc_custom_1660587156068{padding-right: 0px !important;padding-left: 0px !important;}&#8220;][vc_column_text el_class=&#8220;popmake-25607&#8243;]<div class='joinItem'><a href='https:\/\/www.thomasandhutton.com\/join-our-team-community\/'><img alt='' width='100%' src='https:\/\/www.thomasandhutton.com\/wp-content\/uploads\/2022\/08\/2-Community-Helping-Hands_Miracle-League.jpg'><div class='joinContent'><div class='joinTitle'><span>Community<\/span><\/div><div class='joinByline'><span>Connecting to the places we work and the people that inhabit them<\/span><\/div><\/div><\/a><\/div>[\/vc_column_text][\/vc_column][vc_column width=&#8220;1\/4&#8243; css=&#8220;.vc_custom_1660587164679{padding-right: 0px !important;padding-left: 0px !important;}&#8220;][vc_column_text el_class=&#8220;popmake-25621&#8243;]<div class='joinItem'><a href='https:\/\/www.thomasandhutton.com\/join-our-team-continuing-education\/'><img alt='' width='100%' src='https:\/\/www.thomasandhutton.com\/wp-content\/uploads\/2022\/08\/3-Continuing-Education.jpg'><div class='joinContent'><div class='joinTitle'><span>continuing education<\/span><\/div><div class='joinByline'><span>investment in your future starts on day one<\/span><\/div><\/div><\/a><\/div>[\/vc_column_text][\/vc_column][vc_column width=&#8220;1\/4&#8243; css=&#8220;.vc_custom_1660587173028{padding-right: 0px !important;padding-left: 0px !important;}&#8220;][vc_column_text el_class=&#8220;popmake-25620&#8243;]<div class='joinItem'><a href='https:\/\/www.thomasandhutton.com\/join-our-team-career-development\/'><img alt='' width='100%' src='https:\/\/www.thomasandhutton.com\/wp-content\/uploads\/2022\/08\/4-Career-Development_Hillary-Aton-Candid.jpg'><div class='joinContent'><div class='joinTitle'><span>career development<\/span><\/div><div class='joinByline'><span>cultivating a growth mindset<\/span><\/div><\/div><\/a><\/div>[\/vc_column_text][\/vc_column][\/vc_row][vc_row css_animation=&#8220;&#8220; row_type=&#8220;row&#8220; use_row_as_full_screen_section=&#8220;no&#8220; type=&#8220;full_width&#8220; angled_section=&#8220;no&#8220; text_align=&#8220;left&#8220; background_image_as_pattern=&#8220;without_pattern&#8220;][vc_column][vc_column_text]<\/p>\n<h3 style=\"text-align: center; padding-top: 25px;\"><span style=\"color: #000000;\">Thomas &amp; Hutton wird immer wieder als &#8222;Employer of Choice&#8220; eingestuft.<\/span><\/h3>\n<p>[\/vc_column_text][\/vc_column][\/vc_row][vc_row css_animation=&#8220;&#8220; row_type=&#8220;row&#8220; use_row_as_full_screen_section=&#8220;yes&#8220; type=&#8220;grid&#8220; angled_section=&#8220;no&#8220; text_align=&#8220;center&#8220; background_image_as_pattern=&#8220;without_pattern&#8220; z_index=&#8220;&#8220; css=&#8220;.vc_custom_1535120187700{padding-top: 10px !important;}&#8220;][vc_column width=&#8220;2\/3&#8243;][vc_column_text]<\/p>\n<p style=\"text-align: left;\"><strong>Thomas &amp; Hutton wird landesweit von der Zweig Group als eine der &#8222;Best Firms To Work For&#8220; eingestuft, die herausragende Arbeitspl\u00e4tze in Bau- und Architekturunternehmen auszeichnet.<\/strong> Die Unternehmen werden umfassend nach Unternehmenskultur, Arbeitsplatzpraktiken, Sozialleistungen, Mitarbeiterbindung, beruflicher Entwicklung und vielem mehr bewertet &#8211; sowohl aus Sicht der F\u00fchrungskr\u00e4fte als auch der Mitarbeiter. <strong>Thomas &amp; Hutton geh\u00f6rt zu den &#8222;Best Places To Work&#8220; in South Carolina, mit besonderer Anerkennung f\u00fcr unser Leistungsprogramm laut SC Biz News und Best Companies Group.<\/strong> Die anonyme Mitarbeiterbefragung misst auf einzigartige Weise 15 Faktoren f\u00fcr eine engagierte Unternehmenskultur, die f\u00fcr den Erfolg eines jeden Unternehmens entscheidend sind, darunter Ausrichtung, Umsetzung und Verbindung.<\/p>\n<p>&nbsp;<\/p>\n<p style=\"text-align: left;\"><span style=\"font-weight: 400;\">Wir bei Thomas &amp; Hutton sind mehr als nur ein Beratungs- und Dienstleistungsunternehmen. Mit menschlichem Geschick und Einfallsreichtum arbeiten unsere Ingenieure, Vermessungsingenieure, Landschaftsarchitekten und Analysten mit den Kunden zusammen, um Visionen, Orte, Gemeinschaften und Fundamente f\u00fcr das Leben zu entwerfen. Unsere Mitarbeiter sind auf der Suche nach L\u00f6sungen und arbeiten mit Leidenschaft daran, die gebaute Umwelt, in der wir leben, zu einem besseren Ort zu machen.<\/span><\/p>\n<p>&nbsp;<\/p>\n<p style=\"text-align: left;\"><span style=\"font-weight: 400;\">Wir erleben das Beste aus beiden Welten &#8211; die Vorteile der Arbeit in einem gro\u00dfen Unternehmen an einer Vielzahl interessanter und innovativer Projekte und gleichzeitig die Flexibilit\u00e4t eines kleinen Unternehmens und die Unterst\u00fctzung bei der Verfolgung neuer Projekte. Als EIN Unternehmen ist Thomas &amp; Hutton in der Lage, bei komplexen Projekten mit gr\u00f6\u00dferen Firmen zu konkurrieren. <\/span><\/p>\n<p>[\/vc_column_text][vc_empty_space height=&#8220;22px&#8220;][\/vc_column][vc_column width=&#8220;1\/3&#8243;][vc_empty_space height=&#8220;10px&#8220;]\n\n\t<a href=\"\/verf\u00fcgbare-stellen\/\" target=\"_self\" style=\"color: #333333;background-color: #799900;font-family: Teko;font-size: 20px;font-weight: 500\" class=\"qode-btn qode-btn-medium qode-btn-solid qode-btn-custom-hover-bg qode-btn-custom-hover-color qode-btn-icon qodef-btn-icon-square qode-btn-default-hover\" data-hover-bg-color=\"#bccc7e\" data-hover-color=\"#333333\" >\n\t    <span class=\"qode-btn-text\">Verf\u00fcgbare Positionen anzeigen<\/span><span class=\"qode-button-v2-icon-holder\"  ><i class=\"qode_icon_font_awesome fa fa-arrow-right qode-button-v2-icon-holder-inner\" ><\/i><\/span>\t<\/a>\n\n[vc_empty_space height=&#8220;10px&#8220;][vc_column_text]<div class='imgtxtItem' style='height:100%;width:100%;'><a href='https:\/\/www.thomasandhutton.com\/upcoming-college-career-fairs\/'><img alt='On Campus' width='100%' src='https:\/\/www.thomasandhutton.com\/wp-content\/uploads\/2022\/08\/2.png'><div class='imgtxtContent' style='height:100%;width:100%;'><div class='imgtxtTitle'><span>On Campus<\/span><\/div><\/div><\/a><\/div><br style='clear:left;'>[\/vc_column_text][vc_empty_space height=&#8220;10px&#8220;][vc_column_text el_class=&#8220;popmake-9661&#8243;]<div class='imgtxtItem' style='height:100%;width:100%;'><a href='https:\/\/www.thomasandhutton.com\/upcoming-college-career-fairs-fade\/'><img alt='T&amp;H Is' width='100%' src='https:\/\/www.thomasandhutton.com\/wp-content\/uploads\/2022\/08\/1.png'><div class='imgtxtContent' style='height:100%;width:100%;'><div class='imgtxtTitle'><span>T&amp;H Is<\/span><\/div><\/div><\/a><\/div><br style='clear:left;'>[\/vc_column_text][\/vc_column][\/vc_row]<\/p>\n<\/div>","protected":false},"excerpt":{"rendered":"<p>[vc_row css_animation=&#8220;&#8220; row_type=&#8220;row&#8220; use_row_as_full_screen_section=&#8220;no&#8220; type=&#8220;full_width&#8220; angled_section=&#8220;no&#8220; text_align=&#8220;left&#8220; background_image_as_pattern=&#8220;without_pattern&#8220; background_color=&#8220;#799900&#8243; z_index=&#8220;&#8220; css=&#8220;.vc_custom_1523400287498{padding-top: 30px !important;padding-bottom: 30px !important;background-color: #799900 !important;}&#8220;][vc_column][vc_single_image image=&#8220;1081&#8243; img_size=&#8220;full&#8220; alignment=&#8220;center&#8220; qode_css_animation=&#8220;&#8220;][vc_column_text] Karriere [\/vc_column_text][\/vc_column][\/vc_row][vc_row css_animation=&#8220;&#8220; row_type=&#8220;row&#8220; use_row_as_full_screen_section=&#8220;no&#8220; type=&#8220;full_width&#8220; angled_section=&#8220;no&#8220; text_align=&#8220;left&#8220; background_image_as_pattern=&#8220;without_pattern&#8220; background_color=&#8220;#799900&#8243; z_index=&#8220;&#8220; css=&#8220;.vc_custom_1660576813312{background-color: #f0f0f0 !important;}&#8220;][vc_column width=&#8220;1\/4&#8243; css=&#8220;.vc_custom_1660587147494{padding-right: 0px !important;padding-left: 0px !important;}&#8220;][vc_column_text el_class=&#8220;popmake-25628&#8243;][\/vc_column_text][\/vc_column][vc_column width=&#8220;1\/4&#8243; css=&#8220;.vc_custom_1660587156068{padding-right: 0px<\/p>\n","protected":false},"author":6,"featured_media":0,"parent":0,"menu_order":0,"comment_status":"closed","ping_status":"closed","template":"full_width.php","meta":{"content-type":"","footnotes":""},"class_list":["post-22298","page","type-page","status-publish","hentry"],"yoast_head":"<!-- This site is optimized with the Yoast SEO plugin v27.5 - https:\/\/yoast.com\/product\/yoast-seo-wordpress\/ -->\n<title>Karriere | Thomas &amp; Hutton<\/title>\n<meta name=\"description\" content=\"Thomas &amp; Hutton wird landesweit von der Zweig Group als eine der &quot;Best Firms To Work For&quot; eingestuft, die herausragende Arbeitspl\u00e4tze in Bau- und Architekturunternehmen auszeichnet.\" \/>\n<meta name=\"robots\" content=\"index, follow, max-snippet:-1, max-image-preview:large, max-video-preview:-1\" \/>\n<link rel=\"canonical\" href=\"https:\/\/www.thomasandhutton.com\/de\/werden-sie-mitglied-unseres-teams-2\/\" \/>\n<meta property=\"og:locale\" content=\"de_DE\" \/>\n<meta property=\"og:type\" content=\"article\" \/>\n<meta property=\"og:title\" content=\"Karriere | Thomas &amp; Hutton\" \/>\n<meta property=\"og:description\" content=\"Thomas &amp; Hutton wird landesweit von der Zweig Group als eine der &quot;Best Firms To Work For&quot; eingestuft, die herausragende Arbeitspl\u00e4tze in Bau- und Architekturunternehmen auszeichnet.\" \/>\n<meta property=\"og:url\" content=\"https:\/\/www.thomasandhutton.com\/de\/werden-sie-mitglied-unseres-teams-2\/\" \/>\n<meta property=\"og:site_name\" content=\"Thomas &amp; Hutton\" \/>\n<meta property=\"article:publisher\" content=\"https:\/\/www.facebook.com\/THengineers\/\" \/>\n<meta property=\"article:modified_time\" content=\"2023-03-06T17:09:46+00:00\" \/>\n<meta name=\"twitter:card\" content=\"summary_large_image\" \/>\n<meta name=\"twitter:site\" content=\"@thomasandhutton\" \/>\n<meta name=\"twitter:label1\" content=\"Gesch\u00e4tzte Lesezeit\" \/>\n\t<meta name=\"twitter:data1\" content=\"2\u00a0Minuten\" \/>\n<script type=\"application\/ld+json\" class=\"yoast-schema-graph\">{\"@context\":\"https:\\\/\\\/schema.org\",\"@graph\":[{\"@type\":\"WebPage\",\"@id\":\"https:\\\/\\\/www.thomasandhutton.com\\\/de\\\/werden-sie-mitglied-unseres-teams-2\\\/\",\"url\":\"https:\\\/\\\/www.thomasandhutton.com\\\/de\\\/werden-sie-mitglied-unseres-teams-2\\\/\",\"name\":\"Karriere | Thomas & Hutton\",\"isPartOf\":{\"@id\":\"https:\\\/\\\/www.thomasandhutton.com\\\/de\\\/#website\"},\"datePublished\":\"2022-08-12T16:38:34+00:00\",\"dateModified\":\"2023-03-06T17:09:46+00:00\",\"description\":\"Thomas & Hutton wird landesweit von der Zweig Group als eine der \\\"Best Firms To Work For\\\" eingestuft, die herausragende Arbeitspl\u00e4tze in Bau- und Architekturunternehmen auszeichnet.\",\"breadcrumb\":{\"@id\":\"https:\\\/\\\/www.thomasandhutton.com\\\/de\\\/werden-sie-mitglied-unseres-teams-2\\\/#breadcrumb\"},\"inLanguage\":\"de\",\"potentialAction\":[{\"@type\":\"ReadAction\",\"target\":[\"https:\\\/\\\/www.thomasandhutton.com\\\/de\\\/werden-sie-mitglied-unseres-teams-2\\\/\"]}]},{\"@type\":\"BreadcrumbList\",\"@id\":\"https:\\\/\\\/www.thomasandhutton.com\\\/de\\\/werden-sie-mitglied-unseres-teams-2\\\/#breadcrumb\",\"itemListElement\":[{\"@type\":\"ListItem\",\"position\":1,\"name\":\"Home\",\"item\":\"https:\\\/\\\/www.thomasandhutton.com\\\/de\\\/\"},{\"@type\":\"ListItem\",\"position\":2,\"name\":\"Werden Sie Mitglied unseres Teams\"}]},{\"@type\":\"WebSite\",\"@id\":\"https:\\\/\\\/www.thomasandhutton.com\\\/de\\\/#website\",\"url\":\"https:\\\/\\\/www.thomasandhutton.com\\\/de\\\/\",\"name\":\"Thomas & Hutton\",\"description\":\"Engineering | Surveying | Landscape Architecture | GIS | Consulting\",\"publisher\":{\"@id\":\"https:\\\/\\\/www.thomasandhutton.com\\\/de\\\/#organization\"},\"potentialAction\":[{\"@type\":\"SearchAction\",\"target\":{\"@type\":\"EntryPoint\",\"urlTemplate\":\"https:\\\/\\\/www.thomasandhutton.com\\\/de\\\/?s={search_term_string}\"},\"query-input\":{\"@type\":\"PropertyValueSpecification\",\"valueRequired\":true,\"valueName\":\"search_term_string\"}}],\"inLanguage\":\"de\"},{\"@type\":\"Organization\",\"@id\":\"https:\\\/\\\/www.thomasandhutton.com\\\/de\\\/#organization\",\"name\":\"Thomas & Hutton\",\"url\":\"https:\\\/\\\/www.thomasandhutton.com\\\/de\\\/\",\"logo\":{\"@type\":\"ImageObject\",\"inLanguage\":\"de\",\"@id\":\"https:\\\/\\\/www.thomasandhutton.com\\\/de\\\/#\\\/schema\\\/logo\\\/image\\\/\",\"url\":\"https:\\\/\\\/www.thomasandhutton.com\\\/wp-content\\\/uploads\\\/2018\\\/06\\\/TH_LOGO__2.png\",\"contentUrl\":\"https:\\\/\\\/www.thomasandhutton.com\\\/wp-content\\\/uploads\\\/2018\\\/06\\\/TH_LOGO__2.png\",\"width\":141,\"height\":46,\"caption\":\"Thomas & Hutton\"},\"image\":{\"@id\":\"https:\\\/\\\/www.thomasandhutton.com\\\/de\\\/#\\\/schema\\\/logo\\\/image\\\/\"},\"sameAs\":[\"https:\\\/\\\/www.facebook.com\\\/THengineers\\\/\",\"https:\\\/\\\/x.com\\\/thomasandhutton\",\"https:\\\/\\\/www.instagram.com\\\/ThomasandHutton\\\/\",\"https:\\\/\\\/www.linkedin.com\\\/company\\\/thomas-&amp;amp;-hutton-engineering-co.\",\"https:\\\/\\\/www.youtube.com\\\/user\\\/ThomasandHutton\"]}]}<\/script>\n<!-- \/ Yoast SEO plugin. -->","yoast_head_json":{"title":"Karriere | Thomas & Hutton","description":"Thomas & Hutton wird landesweit von der Zweig Group als eine der \"Best Firms To Work For\" eingestuft, die herausragende Arbeitspl\u00e4tze in Bau- und Architekturunternehmen auszeichnet.","robots":{"index":"index","follow":"follow","max-snippet":"max-snippet:-1","max-image-preview":"max-image-preview:large","max-video-preview":"max-video-preview:-1"},"canonical":"https:\/\/www.thomasandhutton.com\/de\/werden-sie-mitglied-unseres-teams-2\/","og_locale":"de_DE","og_type":"article","og_title":"Karriere | Thomas & Hutton","og_description":"Thomas & Hutton wird landesweit von der Zweig Group als eine der \"Best Firms To Work For\" eingestuft, die herausragende Arbeitspl\u00e4tze in Bau- und Architekturunternehmen auszeichnet.","og_url":"https:\/\/www.thomasandhutton.com\/de\/werden-sie-mitglied-unseres-teams-2\/","og_site_name":"Thomas &amp; Hutton","article_publisher":"https:\/\/www.facebook.com\/THengineers\/","article_modified_time":"2023-03-06T17:09:46+00:00","twitter_card":"summary_large_image","twitter_site":"@thomasandhutton","twitter_misc":{"Gesch\u00e4tzte Lesezeit":"2\u00a0Minuten"},"schema":{"@context":"https:\/\/schema.org","@graph":[{"@type":"WebPage","@id":"https:\/\/www.thomasandhutton.com\/de\/werden-sie-mitglied-unseres-teams-2\/","url":"https:\/\/www.thomasandhutton.com\/de\/werden-sie-mitglied-unseres-teams-2\/","name":"Karriere | Thomas & Hutton","isPartOf":{"@id":"https:\/\/www.thomasandhutton.com\/de\/#website"},"datePublished":"2022-08-12T16:38:34+00:00","dateModified":"2023-03-06T17:09:46+00:00","description":"Thomas & Hutton wird landesweit von der Zweig Group als eine der \"Best Firms To Work For\" eingestuft, die herausragende Arbeitspl\u00e4tze in Bau- und Architekturunternehmen auszeichnet.","breadcrumb":{"@id":"https:\/\/www.thomasandhutton.com\/de\/werden-sie-mitglied-unseres-teams-2\/#breadcrumb"},"inLanguage":"de","potentialAction":[{"@type":"ReadAction","target":["https:\/\/www.thomasandhutton.com\/de\/werden-sie-mitglied-unseres-teams-2\/"]}]},{"@type":"BreadcrumbList","@id":"https:\/\/www.thomasandhutton.com\/de\/werden-sie-mitglied-unseres-teams-2\/#breadcrumb","itemListElement":[{"@type":"ListItem","position":1,"name":"Home","item":"https:\/\/www.thomasandhutton.com\/de\/"},{"@type":"ListItem","position":2,"name":"Werden Sie Mitglied unseres Teams"}]},{"@type":"WebSite","@id":"https:\/\/www.thomasandhutton.com\/de\/#website","url":"https:\/\/www.thomasandhutton.com\/de\/","name":"Thomas & Hutton","description":"Engineering | Surveying | Landscape Architecture | GIS | Consulting","publisher":{"@id":"https:\/\/www.thomasandhutton.com\/de\/#organization"},"potentialAction":[{"@type":"SearchAction","target":{"@type":"EntryPoint","urlTemplate":"https:\/\/www.thomasandhutton.com\/de\/?s={search_term_string}"},"query-input":{"@type":"PropertyValueSpecification","valueRequired":true,"valueName":"search_term_string"}}],"inLanguage":"de"},{"@type":"Organization","@id":"https:\/\/www.thomasandhutton.com\/de\/#organization","name":"Thomas & Hutton","url":"https:\/\/www.thomasandhutton.com\/de\/","logo":{"@type":"ImageObject","inLanguage":"de","@id":"https:\/\/www.thomasandhutton.com\/de\/#\/schema\/logo\/image\/","url":"https:\/\/www.thomasandhutton.com\/wp-content\/uploads\/2018\/06\/TH_LOGO__2.png","contentUrl":"https:\/\/www.thomasandhutton.com\/wp-content\/uploads\/2018\/06\/TH_LOGO__2.png","width":141,"height":46,"caption":"Thomas & Hutton"},"image":{"@id":"https:\/\/www.thomasandhutton.com\/de\/#\/schema\/logo\/image\/"},"sameAs":["https:\/\/www.facebook.com\/THengineers\/","https:\/\/x.com\/thomasandhutton","https:\/\/www.instagram.com\/ThomasandHutton\/","https:\/\/www.linkedin.com\/company\/thomas-&amp;amp;-hutton-engineering-co.","https:\/\/www.youtube.com\/user\/ThomasandHutton"]}]}},"_links":{"self":[{"href":"https:\/\/www.thomasandhutton.com\/de\/wp-json\/wp\/v2\/pages\/22298","targetHints":{"allow":["GET"]}}],"collection":[{"href":"https:\/\/www.thomasandhutton.com\/de\/wp-json\/wp\/v2\/pages"}],"about":[{"href":"https:\/\/www.thomasandhutton.com\/de\/wp-json\/wp\/v2\/types\/page"}],"author":[{"embeddable":true,"href":"https:\/\/www.thomasandhutton.com\/de\/wp-json\/wp\/v2\/users\/6"}],"replies":[{"embeddable":true,"href":"https:\/\/www.thomasandhutton.com\/de\/wp-json\/wp\/v2\/comments?post=22298"}],"version-history":[{"count":8,"href":"https:\/\/www.thomasandhutton.com\/de\/wp-json\/wp\/v2\/pages\/22298\/revisions"}],"predecessor-version":[{"id":25865,"href":"https:\/\/www.thomasandhutton.com\/de\/wp-json\/wp\/v2\/pages\/22298\/revisions\/25865"}],"wp:attachment":[{"href":"https:\/\/www.thomasandhutton.com\/de\/wp-json\/wp\/v2\/media?parent=22298"}],"curies":[{"name":"wp","href":"https:\/\/api.w.org\/{rel}","templated":true}]}}