{"id":22326,"date":"2022-03-24T13:00:05","date_gmt":"2022-03-24T13:00:05","guid":{"rendered":"https:\/\/www.thomasandhutton.com\/chris-magaldi\/"},"modified":"2023-03-04T17:23:49","modified_gmt":"2023-03-04T17:23:49","slug":"chris-magaldi","status":"publish","type":"page","link":"https:\/\/www.thomasandhutton.com\/de\/chris-magaldi\/","title":{"rendered":"Chris Magaldi"},"content":{"rendered":"<div class=\"wpb-content-wrapper\"><p>[vc_row css_animation=&#8220;&#8220; row_type=&#8220;row&#8220; use_row_as_full_screen_section=&#8220;no&#8220; type=&#8220;full_width&#8220; angled_section=&#8220;no&#8220; text_align=&#8220;left&#8220; background_image_as_pattern=&#8220;without_pattern&#8220; background_color=&#8220;#799900&#8243; z_index=&#8220;&#8220; css=&#8220;.vc_custom_1523400287498{padding-top: 30px !important;padding-bottom: 30px !important;background-color: #799900 !important;}&#8220;][vc_column][vc_single_image image=&#8220;2122&#8243; img_size=&#8220;full&#8220; alignment=&#8220;center&#8220; qode_css_animation=&#8220;&#8220;][vc_column_text]<\/p>\n<h1 style=\"text-align: center;\"><span style=\"color: #ffffff;\">Unser Personal<\/span><\/h1>\n<p>[\/vc_column_text][\/vc_column][\/vc_row][vc_row css_animation=&#8220;&#8220; row_type=&#8220;row&#8220; use_row_as_full_screen_section=&#8220;no&#8220; type=&#8220;full_width&#8220; angled_section=&#8220;no&#8220; text_align=&#8220;left&#8220; background_image_as_pattern=&#8220;without_pattern&#8220;][vc_column][vc_empty_space height=&#8220;50px&#8220;][\/vc_column][\/vc_row][vc_row css_animation=&#8220;&#8220; row_type=&#8220;row&#8220; use_row_as_full_screen_section=&#8220;yes&#8220; type=&#8220;full_width&#8220; angled_section=&#8220;no&#8220; text_align=&#8220;left&#8220; background_image_as_pattern=&#8220;without_pattern&#8220; z_index=&#8220;&#8220;][vc_column width=&#8220;2\/3&#8243; css=&#8220;.vc_custom_1528055156145{padding-right: 5% !important;padding-left: 15% !important;}&#8220;][vc_column_text css=&#8220;.vc_custom_1648125802591{padding-top: 8px !important;}&#8220;]<\/p>\n<h1><span style=\"color: #000000;\"><b>Chris Magaldi, PE<\/b><\/span><\/h1>\n<p>[\/vc_column_text][vc_column_text]<em>&#8222;Es gibt nur wenige Dinge, die besser sind, als ein Problem zu l\u00f6sen. Den Blickwinkel zu \u00e4ndern und das Puzzlebrett so lange zu drehen, bis das letzte Teil an seinem Platz ist. Das tun wir als Ingenieure und Architekten jeden Tag. Es ist aufregend, die Beziehungen zu beobachten, die wir aufbauen, und die positiven Auswirkungen, die wir auf das Leben der Menschen haben k\u00f6nnen, wenn wir eine neue Umgebung bauen oder einen bestehenden Ort verbessern. Wenn man seine Familie durch ein Projekt f\u00fchren kann, das man fertiggestellt hat, und den Stolz sp\u00fcrt, der sich dabei aufbaut, ist das gro\u00dfartig und spornt uns an, jeden Tag das Beste in unserer Arbeit zu geben.&#8220;<\/em>[\/vc_column_text][vc_empty_space height=&#8220;25px&#8220;][vc_column_text]Chris ist Schulleiter und Regionaldirektor in Charleston. Er kam 2012 zu Thomas &amp; Hutton als Projektmanager in der Bauabteilung in Charleston und wurde schnell zum Gruppenleiter. Chris wurde 2015 zum Gesellschafter ernannt und verf\u00fcgt \u00fcber mehr als 20 Jahre Erfahrung in der Projektentwicklung und -gestaltung. Chris wurde 2022 zum Regionaldirektor f\u00fcr Charleston ernannt und betreut die Kundenbeziehungen von Thomas &amp; Hutton f\u00fcr alle Abteilungen in der Region Charleston, einschlie\u00dflich Charleston, Berkeley und Dorchester Counties. Er hat eine Schl\u00fcsselrolle bei mehreren Projekten gespielt, die die Region Charleston pr\u00e4gen, wie WestEdge, Summers Corner, Cainhoy und The Ponds.<\/p>\n<p>&nbsp;<\/p>\n<p>Chris ist Absolvent der Clemson University, wo er seinen Bachelor of Science in Bauingenieurwesen erwarb. Er besitzt eine Lizenz als Berufsingenieur (PE) in Georgia und South Carolina. Chris ist ein aktives Mitglied der American Society of Civil Engineers, des Civil Engineering Club of Charleston, der National Society of Professional Engineers, der Charleston Home Builders Association und des Urban Land Institute. Chris ist derzeit Mitglied des Regional Policy Committee der Handelskammer Charleston und des Trident Technical College Engineering Tech Advisory Committee.[\/vc_column_text][vc_row_inner row_type=&#8220;row&#8220; type=&#8220;full_width&#8220; text_align=&#8220;left&#8220; css_animation=&#8220;&#8220;][vc_column_inner][vc_empty_space height=&#8220;50px&#8220;][\/vc_column_inner][\/vc_row_inner][vc_row_inner row_type=&#8220;row&#8220; type=&#8220;full_width&#8220; text_align=&#8220;left&#8220; css_animation=&#8220;&#8220;][vc_column_inner width=&#8220;1\/4&#8243;][\/vc_column_inner][vc_column_inner width=&#8220;1\/2&#8243;][\/vc_column_inner][vc_column_inner width=&#8220;1\/4&#8243;][vc_column_text]<span data-type=\"normal\"  class=\"qode_icon_shortcode  q_font_awsome_icon   \" style=\" \"><i class=\"qode_icon_font_awesome fa fa-long-arrow-right qode_icon_element\" style=\"color: #799900;\" ><\/i><\/span><a href=\"https:\/\/www.thomasandhutton.com\/de\/unser-personal\/\"><strong><span style=\"color: #799900;\">ZUR\u00dcCK ZU UNSEREN LEUTEN<\/span><\/strong><\/a>[\/vc_column_text][\/vc_column_inner][\/vc_row_inner][\/vc_column][vc_column width=&#8220;1\/3&#8243;][vc_single_image image=&#8220;9033&#8243; img_size=&#8220;400 x 254&#8243; qode_css_animation=&#8220;&#8220;][vc_column_text]<b>Direktor\/Regionaldirektor<\/b><\/p>\n<p><span style=\"font-weight: 400;\"><strong>p<\/strong> 843-849-0200 <\/span><span style=\"font-weight: 400;\"><b> d<\/b> 843-725-5233<\/span><\/p>\n<p><span style=\"font-weight: 400;\"><strong>e<\/strong> <a href=\"mailto:magaldi.c@tandh.com\">magaldi.c@tandh.com<\/a><\/span><\/p>\n<p><strong>c<\/strong> <a href=\"https:\/\/www.thomasandhutton.com\/vcards\/ChrisMagaldi.vcf\">vCard<\/a>[\/vc_column_text][\/vc_column][\/vc_row][vc_row css_animation=&#8220;&#8220; row_type=&#8220;row&#8220; use_row_as_full_screen_section=&#8220;no&#8220; type=&#8220;full_width&#8220; angled_section=&#8220;no&#8220; text_align=&#8220;left&#8220; background_image_as_pattern=&#8220;without_pattern&#8220;][vc_column][vc_empty_space height=&#8220;50px&#8220;][\/vc_column][\/vc_row]<\/p>\n<\/div>","protected":false},"excerpt":{"rendered":"<p>[vc_row css_animation=&#8220;&#8220; row_type=&#8220;row&#8220; use_row_as_full_screen_section=&#8220;no&#8220; type=&#8220;full_width&#8220; angled_section=&#8220;no&#8220; text_align=&#8220;left&#8220; background_image_as_pattern=&#8220;without_pattern&#8220; background_color=&#8220;#799900&#8243; z_index=&#8220;&#8220; css=&#8220;.vc_custom_1523400287498{padding-top: 30px !important;padding-bottom: 30px !important;background-color: #799900 !important;}&#8220;][vc_column][vc_single_image image=&#8220;2122&#8243; img_size=&#8220;full&#8220; alignment=&#8220;center&#8220; qode_css_animation=&#8220;&#8220;][vc_column_text] Unser Personal [\/vc_column_text][\/vc_column][\/vc_row][vc_row css_animation=&#8220;&#8220; row_type=&#8220;row&#8220; use_row_as_full_screen_section=&#8220;no&#8220; type=&#8220;full_width&#8220; angled_section=&#8220;no&#8220; text_align=&#8220;left&#8220; background_image_as_pattern=&#8220;without_pattern&#8220;][vc_column][vc_empty_space height=&#8220;50px&#8220;][\/vc_column][\/vc_row][vc_row css_animation=&#8220;&#8220; row_type=&#8220;row&#8220; use_row_as_full_screen_section=&#8220;yes&#8220; type=&#8220;full_width&#8220; angled_section=&#8220;no&#8220; text_align=&#8220;left&#8220; background_image_as_pattern=&#8220;without_pattern&#8220; z_index=&#8220;&#8220;][vc_column width=&#8220;2\/3&#8243; css=&#8220;.vc_custom_1528055156145{padding-right: 5% !important;padding-left: 15%<\/p>\n","protected":false},"author":8,"featured_media":0,"parent":0,"menu_order":0,"comment_status":"closed","ping_status":"closed","template":"full_width.php","meta":{"content-type":"","footnotes":""},"class_list":["post-22326","page","type-page","status-publish","hentry"],"yoast_head":"<!-- This site is optimized with the Yoast SEO plugin v27.6 - https:\/\/yoast.com\/product\/yoast-seo-wordpress\/ -->\n<title>Chris Magaldi - Thomas &amp; Hutton<\/title>\n<meta name=\"robots\" content=\"index, follow, max-snippet:-1, max-image-preview:large, max-video-preview:-1\" \/>\n<link rel=\"canonical\" href=\"https:\/\/www.thomasandhutton.com\/de\/chris-magaldi\/\" \/>\n<meta property=\"og:locale\" content=\"de_DE\" \/>\n<meta property=\"og:type\" content=\"article\" \/>\n<meta property=\"og:title\" content=\"Chris Magaldi - Thomas &amp; Hutton\" \/>\n<meta property=\"og:description\" content=\"[vc_row css_animation=&#8220;&#8220; row_type=&#8220;row&#8220; use_row_as_full_screen_section=&#8220;no&#8220; type=&#8220;full_width&#8220; angled_section=&#8220;no&#8220; text_align=&#8220;left&#8220; background_image_as_pattern=&#8220;without_pattern&#8220; background_color=&#8220;#799900&#8243; z_index=&#8220;&#8220; css=&#8220;.vc_custom_1523400287498{padding-top: 30px !important;padding-bottom: 30px !important;background-color: #799900 !important;}&#8220;][vc_column][vc_single_image image=&#8220;2122&#8243; img_size=&#8220;full&#8220; alignment=&#8220;center&#8220; qode_css_animation=&#8220;&#8220;][vc_column_text] Unser Personal [\/vc_column_text][\/vc_column][\/vc_row][vc_row css_animation=&#8220;&#8220; row_type=&#8220;row&#8220; use_row_as_full_screen_section=&#8220;no&#8220; type=&#8220;full_width&#8220; angled_section=&#8220;no&#8220; text_align=&#8220;left&#8220; background_image_as_pattern=&#8220;without_pattern&#8220;][vc_column][vc_empty_space height=&#8220;50px&#8220;][\/vc_column][\/vc_row][vc_row css_animation=&#8220;&#8220; row_type=&#8220;row&#8220; use_row_as_full_screen_section=&#8220;yes&#8220; type=&#8220;full_width&#8220; angled_section=&#8220;no&#8220; text_align=&#8220;left&#8220; background_image_as_pattern=&#8220;without_pattern&#8220; z_index=&#8220;&#8220;][vc_column width=&#8220;2\/3&#8243; css=&#8220;.vc_custom_1528055156145{padding-right: 5% !important;padding-left: 15%\" \/>\n<meta property=\"og:url\" content=\"https:\/\/www.thomasandhutton.com\/de\/chris-magaldi\/\" \/>\n<meta property=\"og:site_name\" content=\"Thomas &amp; Hutton\" \/>\n<meta property=\"article:publisher\" content=\"https:\/\/www.facebook.com\/THengineers\/\" \/>\n<meta property=\"article:modified_time\" content=\"2023-03-04T17:23:49+00:00\" \/>\n<meta name=\"twitter:card\" content=\"summary_large_image\" \/>\n<meta name=\"twitter:site\" content=\"@thomasandhutton\" \/>\n<meta name=\"twitter:label1\" content=\"Gesch\u00e4tzte Lesezeit\" \/>\n\t<meta name=\"twitter:data1\" content=\"3\u00a0Minuten\" \/>\n<script type=\"application\/ld+json\" class=\"yoast-schema-graph\">{\"@context\":\"https:\\\/\\\/schema.org\",\"@graph\":[{\"@type\":\"WebPage\",\"@id\":\"https:\\\/\\\/www.thomasandhutton.com\\\/de\\\/chris-magaldi\\\/\",\"url\":\"https:\\\/\\\/www.thomasandhutton.com\\\/de\\\/chris-magaldi\\\/\",\"name\":\"Chris Magaldi - Thomas &amp; Hutton\",\"isPartOf\":{\"@id\":\"https:\\\/\\\/www.thomasandhutton.com\\\/de\\\/#website\"},\"datePublished\":\"2022-03-24T13:00:05+00:00\",\"dateModified\":\"2023-03-04T17:23:49+00:00\",\"breadcrumb\":{\"@id\":\"https:\\\/\\\/www.thomasandhutton.com\\\/de\\\/chris-magaldi\\\/#breadcrumb\"},\"inLanguage\":\"de\",\"potentialAction\":[{\"@type\":\"ReadAction\",\"target\":[\"https:\\\/\\\/www.thomasandhutton.com\\\/de\\\/chris-magaldi\\\/\"]}]},{\"@type\":\"BreadcrumbList\",\"@id\":\"https:\\\/\\\/www.thomasandhutton.com\\\/de\\\/chris-magaldi\\\/#breadcrumb\",\"itemListElement\":[{\"@type\":\"ListItem\",\"position\":1,\"name\":\"Home\",\"item\":\"https:\\\/\\\/www.thomasandhutton.com\\\/de\\\/\"},{\"@type\":\"ListItem\",\"position\":2,\"name\":\"Chris Magaldi\"}]},{\"@type\":\"WebSite\",\"@id\":\"https:\\\/\\\/www.thomasandhutton.com\\\/de\\\/#website\",\"url\":\"https:\\\/\\\/www.thomasandhutton.com\\\/de\\\/\",\"name\":\"Thomas & Hutton\",\"description\":\"Engineering | Surveying | Landscape Architecture | GIS | Consulting\",\"publisher\":{\"@id\":\"https:\\\/\\\/www.thomasandhutton.com\\\/de\\\/#organization\"},\"potentialAction\":[{\"@type\":\"SearchAction\",\"target\":{\"@type\":\"EntryPoint\",\"urlTemplate\":\"https:\\\/\\\/www.thomasandhutton.com\\\/de\\\/?s={search_term_string}\"},\"query-input\":{\"@type\":\"PropertyValueSpecification\",\"valueRequired\":true,\"valueName\":\"search_term_string\"}}],\"inLanguage\":\"de\"},{\"@type\":\"Organization\",\"@id\":\"https:\\\/\\\/www.thomasandhutton.com\\\/de\\\/#organization\",\"name\":\"Thomas & Hutton\",\"url\":\"https:\\\/\\\/www.thomasandhutton.com\\\/de\\\/\",\"logo\":{\"@type\":\"ImageObject\",\"inLanguage\":\"de\",\"@id\":\"https:\\\/\\\/www.thomasandhutton.com\\\/de\\\/#\\\/schema\\\/logo\\\/image\\\/\",\"url\":\"https:\\\/\\\/www.thomasandhutton.com\\\/wp-content\\\/uploads\\\/2018\\\/06\\\/TH_LOGO__2.png\",\"contentUrl\":\"https:\\\/\\\/www.thomasandhutton.com\\\/wp-content\\\/uploads\\\/2018\\\/06\\\/TH_LOGO__2.png\",\"width\":141,\"height\":46,\"caption\":\"Thomas & Hutton\"},\"image\":{\"@id\":\"https:\\\/\\\/www.thomasandhutton.com\\\/de\\\/#\\\/schema\\\/logo\\\/image\\\/\"},\"sameAs\":[\"https:\\\/\\\/www.facebook.com\\\/THengineers\\\/\",\"https:\\\/\\\/x.com\\\/thomasandhutton\",\"https:\\\/\\\/www.instagram.com\\\/ThomasandHutton\\\/\",\"https:\\\/\\\/www.linkedin.com\\\/company\\\/thomas-&amp;amp;-hutton-engineering-co.\",\"https:\\\/\\\/www.youtube.com\\\/user\\\/ThomasandHutton\"]}]}<\/script>\n<!-- \/ Yoast SEO plugin. -->","yoast_head_json":{"title":"Chris Magaldi - Thomas &amp; Hutton","robots":{"index":"index","follow":"follow","max-snippet":"max-snippet:-1","max-image-preview":"max-image-preview:large","max-video-preview":"max-video-preview:-1"},"canonical":"https:\/\/www.thomasandhutton.com\/de\/chris-magaldi\/","og_locale":"de_DE","og_type":"article","og_title":"Chris Magaldi - Thomas &amp; Hutton","og_description":"[vc_row css_animation=&#8220;&#8220; row_type=&#8220;row&#8220; use_row_as_full_screen_section=&#8220;no&#8220; type=&#8220;full_width&#8220; angled_section=&#8220;no&#8220; text_align=&#8220;left&#8220; background_image_as_pattern=&#8220;without_pattern&#8220; background_color=&#8220;#799900&#8243; z_index=&#8220;&#8220; css=&#8220;.vc_custom_1523400287498{padding-top: 30px !important;padding-bottom: 30px !important;background-color: #799900 !important;}&#8220;][vc_column][vc_single_image image=&#8220;2122&#8243; img_size=&#8220;full&#8220; alignment=&#8220;center&#8220; qode_css_animation=&#8220;&#8220;][vc_column_text] Unser Personal [\/vc_column_text][\/vc_column][\/vc_row][vc_row css_animation=&#8220;&#8220; row_type=&#8220;row&#8220; use_row_as_full_screen_section=&#8220;no&#8220; type=&#8220;full_width&#8220; angled_section=&#8220;no&#8220; text_align=&#8220;left&#8220; background_image_as_pattern=&#8220;without_pattern&#8220;][vc_column][vc_empty_space height=&#8220;50px&#8220;][\/vc_column][\/vc_row][vc_row css_animation=&#8220;&#8220; row_type=&#8220;row&#8220; use_row_as_full_screen_section=&#8220;yes&#8220; type=&#8220;full_width&#8220; angled_section=&#8220;no&#8220; text_align=&#8220;left&#8220; background_image_as_pattern=&#8220;without_pattern&#8220; z_index=&#8220;&#8220;][vc_column width=&#8220;2\/3&#8243; css=&#8220;.vc_custom_1528055156145{padding-right: 5% !important;padding-left: 15%","og_url":"https:\/\/www.thomasandhutton.com\/de\/chris-magaldi\/","og_site_name":"Thomas &amp; Hutton","article_publisher":"https:\/\/www.facebook.com\/THengineers\/","article_modified_time":"2023-03-04T17:23:49+00:00","twitter_card":"summary_large_image","twitter_site":"@thomasandhutton","twitter_misc":{"Gesch\u00e4tzte Lesezeit":"3\u00a0Minuten"},"schema":{"@context":"https:\/\/schema.org","@graph":[{"@type":"WebPage","@id":"https:\/\/www.thomasandhutton.com\/de\/chris-magaldi\/","url":"https:\/\/www.thomasandhutton.com\/de\/chris-magaldi\/","name":"Chris Magaldi - Thomas &amp; Hutton","isPartOf":{"@id":"https:\/\/www.thomasandhutton.com\/de\/#website"},"datePublished":"2022-03-24T13:00:05+00:00","dateModified":"2023-03-04T17:23:49+00:00","breadcrumb":{"@id":"https:\/\/www.thomasandhutton.com\/de\/chris-magaldi\/#breadcrumb"},"inLanguage":"de","potentialAction":[{"@type":"ReadAction","target":["https:\/\/www.thomasandhutton.com\/de\/chris-magaldi\/"]}]},{"@type":"BreadcrumbList","@id":"https:\/\/www.thomasandhutton.com\/de\/chris-magaldi\/#breadcrumb","itemListElement":[{"@type":"ListItem","position":1,"name":"Home","item":"https:\/\/www.thomasandhutton.com\/de\/"},{"@type":"ListItem","position":2,"name":"Chris Magaldi"}]},{"@type":"WebSite","@id":"https:\/\/www.thomasandhutton.com\/de\/#website","url":"https:\/\/www.thomasandhutton.com\/de\/","name":"Thomas & Hutton","description":"Engineering | Surveying | Landscape Architecture | GIS | Consulting","publisher":{"@id":"https:\/\/www.thomasandhutton.com\/de\/#organization"},"potentialAction":[{"@type":"SearchAction","target":{"@type":"EntryPoint","urlTemplate":"https:\/\/www.thomasandhutton.com\/de\/?s={search_term_string}"},"query-input":{"@type":"PropertyValueSpecification","valueRequired":true,"valueName":"search_term_string"}}],"inLanguage":"de"},{"@type":"Organization","@id":"https:\/\/www.thomasandhutton.com\/de\/#organization","name":"Thomas & Hutton","url":"https:\/\/www.thomasandhutton.com\/de\/","logo":{"@type":"ImageObject","inLanguage":"de","@id":"https:\/\/www.thomasandhutton.com\/de\/#\/schema\/logo\/image\/","url":"https:\/\/www.thomasandhutton.com\/wp-content\/uploads\/2018\/06\/TH_LOGO__2.png","contentUrl":"https:\/\/www.thomasandhutton.com\/wp-content\/uploads\/2018\/06\/TH_LOGO__2.png","width":141,"height":46,"caption":"Thomas & Hutton"},"image":{"@id":"https:\/\/www.thomasandhutton.com\/de\/#\/schema\/logo\/image\/"},"sameAs":["https:\/\/www.facebook.com\/THengineers\/","https:\/\/x.com\/thomasandhutton","https:\/\/www.instagram.com\/ThomasandHutton\/","https:\/\/www.linkedin.com\/company\/thomas-&amp;amp;-hutton-engineering-co.","https:\/\/www.youtube.com\/user\/ThomasandHutton"]}]}},"_links":{"self":[{"href":"https:\/\/www.thomasandhutton.com\/de\/wp-json\/wp\/v2\/pages\/22326","targetHints":{"allow":["GET"]}}],"collection":[{"href":"https:\/\/www.thomasandhutton.com\/de\/wp-json\/wp\/v2\/pages"}],"about":[{"href":"https:\/\/www.thomasandhutton.com\/de\/wp-json\/wp\/v2\/types\/page"}],"author":[{"embeddable":true,"href":"https:\/\/www.thomasandhutton.com\/de\/wp-json\/wp\/v2\/users\/8"}],"replies":[{"embeddable":true,"href":"https:\/\/www.thomasandhutton.com\/de\/wp-json\/wp\/v2\/comments?post=22326"}],"version-history":[{"count":1,"href":"https:\/\/www.thomasandhutton.com\/de\/wp-json\/wp\/v2\/pages\/22326\/revisions"}],"predecessor-version":[{"id":22352,"href":"https:\/\/www.thomasandhutton.com\/de\/wp-json\/wp\/v2\/pages\/22326\/revisions\/22352"}],"wp:attachment":[{"href":"https:\/\/www.thomasandhutton.com\/de\/wp-json\/wp\/v2\/media?parent=22326"}],"curies":[{"name":"wp","href":"https:\/\/api.w.org\/{rel}","templated":true}]}}