{"id":22369,"date":"2022-08-13T20:29:32","date_gmt":"2022-08-13T20:29:32","guid":{"rendered":"https:\/\/www.thomasandhutton.com\/verfuegbare-positionen-kategorien\/"},"modified":"2023-03-04T17:23:34","modified_gmt":"2023-03-04T17:23:34","slug":"verfuegbare-positionen-kategorien","status":"publish","type":"page","link":"https:\/\/www.thomasandhutton.com\/de\/verfuegbare-positionen-kategorien\/","title":{"rendered":"Verf\u00fcgbare Positionen &#8211; Kategorien"},"content":{"rendered":"<div class=\"wpb-content-wrapper\"><p>[vc_row css_animation=&#8220;&#8220; row_type=&#8220;row&#8220; use_row_as_full_screen_section=&#8220;no&#8220; type=&#8220;full_width&#8220; angled_section=&#8220;no&#8220; text_align=&#8220;left&#8220; background_image_as_pattern=&#8220;without_pattern&#8220; background_color=&#8220;#7a9c3e&#8220; z_index=&#8220;&#8220; css=&#8220;.vc_custom_1528832958309{padding-top: 30px !important;padding-bottom: 30px !important;background-color: #799900 !important;}&#8220;][vc_column][vc_single_image image=&#8220;1081&#8243; img_size=&#8220;full&#8220; alignment=&#8220;center&#8220; qode_css_animation=&#8220;&#8220;][vc_column_text]<\/p>\n<h1 style=\"text-align: center;\"><span style=\"color: #ffffff;\">Verf\u00fcgbare Positionen<\/span><\/h1>\n<p>[\/vc_column_text][\/vc_column][\/vc_row][vc_row css_animation=&#8220;&#8220; row_type=&#8220;row&#8220; use_row_as_full_screen_section=&#8220;no&#8220; type=&#8220;grid&#8220; angled_section=&#8220;no&#8220; text_align=&#8220;left&#8220; background_image_as_pattern=&#8220;without_pattern&#8220; z_index=&#8220;&#8220; css=&#8220;.vc_custom_1660267175024{padding-top: 10px !important;}&#8220;][vc_column width=&#8220;1\/2&#8243;][vc_column_text]<div class='imgtxtItem' style='height:100%;width:100%;'><a href='internships'><img alt='Internships' width='100%' src='https:\/\/www.thomasandhutton.com\/wp-content\/uploads\/2022\/08\/1.Internships-Shane_Henry.png'><div class='imgtxtContent' style='height:100%;width:100%;'><div class='imgtxtTitle'><span>Internships<\/span><\/div><\/div><\/a><\/div><br style='clear:left;'>[\/vc_column_text][vc_column_text]Starten Sie Ihre Karriere mit einem Praktikum! \u00dcbertragen Sie die im Klassenzimmer erworbenen F\u00e4higkeiten auf die Berufswelt, die Sie nach Ihrem Abschluss erwartet. Jetzt bewerben  &gt;[\/vc_column_text][\/vc_column][vc_column width=&#8220;1\/2&#8243;][vc_column_text]<div class='imgtxtItem' style='height:100%;width:100%;'><a href='2years'><img alt='0 - 2 Years Experience' width='100%' src='https:\/\/www.thomasandhutton.com\/wp-content\/uploads\/2022\/08\/2.0-2-Years-Megan_Shayla_Hazl.png'><div class='imgtxtContent' style='height:100%;width:100%;'><div class='imgtxtTitle'><span>0 - 2 Years Experience<\/span><\/div><\/div><\/a><\/div><br style='clear:left;'>[\/vc_column_text][vc_column_text]Erweitern Sie Ihre F\u00e4higkeiten f\u00fcr den Berufseinstieg in einem aufgabenorientierten Umfeld, das von Teamarbeit gepr\u00e4gt ist. Jetzt bewerben&gt;[\/vc_column_text][\/vc_column][\/vc_row][vc_row css_animation=&#8220;&#8220; row_type=&#8220;row&#8220; use_row_as_full_screen_section=&#8220;no&#8220; type=&#8220;grid&#8220; angled_section=&#8220;no&#8220; text_align=&#8220;left&#8220; background_image_as_pattern=&#8220;without_pattern&#8220; z_index=&#8220;&#8220; css=&#8220;.vc_custom_1660267175024{padding-top: 10px !important;}&#8220;][vc_column width=&#8220;1\/2&#8243;][vc_column_text]<div class='imgtxtItem' style='height:100%;width:100%;'><a href='9years'><img alt='3 - 9 Years Experience' width='100%' src='https:\/\/www.thomasandhutton.com\/wp-content\/uploads\/2022\/08\/3.3-9-Years-John-Domonic.png'><div class='imgtxtContent' style='height:100%;width:100%;'><div class='imgtxtTitle'><span>3 - 9 Years Experience<\/span><\/div><\/div><\/a><\/div><br style='clear:left;'>[\/vc_column_text][vc_column_text]Erw\u00e4gen Sie einen Karriereschwenk auf mittlerer Ebene? Begeben Sie sich auf eine neue Reise, die Sie vor neue Herausforderungen stellt und Ihre Ziele neu definiert. Jetzt bewerben  &gt;[\/vc_column_text][\/vc_column][vc_column width=&#8220;1\/2&#8243;][vc_column_text]<div class='imgtxtItem' style='height:100%;width:100%;'><a href='10years'><img alt='10+ Years Experience' width='100%' src='https:\/\/www.thomasandhutton.com\/wp-content\/uploads\/2022\/08\/4.10-Plus-Years_Doyle-Glenn-Donnie-Sam.png'><div class='imgtxtContent' style='height:100%;width:100%;'><div class='imgtxtTitle'><span>10+ Years Experience<\/span><\/div><\/div><\/a><\/div><br style='clear:left;'>[\/vc_column_text][vc_column_text]Leiten Sie die Strategie und die Teams, die unsere Organisation dem Erreichen ihrer Ziele n\u00e4her bringen und eine nachhaltige Wirkung erzielen. Jetzt bewerben&gt;[\/vc_column_text][\/vc_column][\/vc_row]<\/p>\n<\/div>","protected":false},"excerpt":{"rendered":"<p>[vc_row css_animation=&#8220;&#8220; row_type=&#8220;row&#8220; use_row_as_full_screen_section=&#8220;no&#8220; type=&#8220;full_width&#8220; angled_section=&#8220;no&#8220; text_align=&#8220;left&#8220; background_image_as_pattern=&#8220;without_pattern&#8220; background_color=&#8220;#7a9c3e&#8220; z_index=&#8220;&#8220; css=&#8220;.vc_custom_1528832958309{padding-top: 30px !important;padding-bottom: 30px !important;background-color: #799900 !important;}&#8220;][vc_column][vc_single_image image=&#8220;1081&#8243; img_size=&#8220;full&#8220; alignment=&#8220;center&#8220; qode_css_animation=&#8220;&#8220;][vc_column_text] Verf\u00fcgbare Positionen [\/vc_column_text][\/vc_column][\/vc_row][vc_row css_animation=&#8220;&#8220; row_type=&#8220;row&#8220; use_row_as_full_screen_section=&#8220;no&#8220; type=&#8220;grid&#8220; angled_section=&#8220;no&#8220; text_align=&#8220;left&#8220; background_image_as_pattern=&#8220;without_pattern&#8220; z_index=&#8220;&#8220; css=&#8220;.vc_custom_1660267175024{padding-top: 10px !important;}&#8220;][vc_column width=&#8220;1\/2&#8243;][vc_column_text][\/vc_column_text][vc_column_text]Starten Sie Ihre Karriere mit einem Praktikum! \u00dcbertragen Sie die<\/p>\n","protected":false},"author":6,"featured_media":0,"parent":0,"menu_order":0,"comment_status":"closed","ping_status":"closed","template":"full_width.php","meta":{"content-type":"","footnotes":""},"class_list":["post-22369","page","type-page","status-publish","hentry"],"yoast_head":"<!-- This site is optimized with the Yoast SEO plugin v27.4 - https:\/\/yoast.com\/product\/yoast-seo-wordpress\/ -->\n<title>Verf\u00fcgbare Positionen - Kategorien - Thomas &amp; Hutton<\/title>\n<meta name=\"robots\" content=\"index, follow, max-snippet:-1, max-image-preview:large, max-video-preview:-1\" \/>\n<link rel=\"canonical\" href=\"https:\/\/www.thomasandhutton.com\/de\/verfuegbare-positionen-kategorien\/\" \/>\n<meta property=\"og:locale\" content=\"de_DE\" \/>\n<meta property=\"og:type\" content=\"article\" \/>\n<meta property=\"og:title\" content=\"Verf\u00fcgbare Positionen - Kategorien - Thomas &amp; Hutton\" \/>\n<meta property=\"og:description\" content=\"[vc_row css_animation=&#8220;&#8220; row_type=&#8220;row&#8220; use_row_as_full_screen_section=&#8220;no&#8220; type=&#8220;full_width&#8220; angled_section=&#8220;no&#8220; text_align=&#8220;left&#8220; background_image_as_pattern=&#8220;without_pattern&#8220; background_color=&#8220;#7a9c3e&#8220; z_index=&#8220;&#8220; css=&#8220;.vc_custom_1528832958309{padding-top: 30px !important;padding-bottom: 30px !important;background-color: #799900 !important;}&#8220;][vc_column][vc_single_image image=&#8220;1081&#8243; img_size=&#8220;full&#8220; alignment=&#8220;center&#8220; qode_css_animation=&#8220;&#8220;][vc_column_text] Verf\u00fcgbare Positionen [\/vc_column_text][\/vc_column][\/vc_row][vc_row css_animation=&#8220;&#8220; row_type=&#8220;row&#8220; use_row_as_full_screen_section=&#8220;no&#8220; type=&#8220;grid&#8220; angled_section=&#8220;no&#8220; text_align=&#8220;left&#8220; background_image_as_pattern=&#8220;without_pattern&#8220; z_index=&#8220;&#8220; css=&#8220;.vc_custom_1660267175024{padding-top: 10px !important;}&#8220;][vc_column width=&#8220;1\/2&#8243;][vc_column_text][\/vc_column_text][vc_column_text]Starten Sie Ihre Karriere mit einem Praktikum! \u00dcbertragen Sie die\" \/>\n<meta property=\"og:url\" content=\"https:\/\/www.thomasandhutton.com\/de\/verfuegbare-positionen-kategorien\/\" \/>\n<meta property=\"og:site_name\" content=\"Thomas &amp; Hutton\" \/>\n<meta property=\"article:publisher\" content=\"https:\/\/www.facebook.com\/THengineers\/\" \/>\n<meta property=\"article:modified_time\" content=\"2023-03-04T17:23:34+00:00\" \/>\n<meta name=\"twitter:card\" content=\"summary_large_image\" \/>\n<meta name=\"twitter:site\" content=\"@thomasandhutton\" \/>\n<meta name=\"twitter:label1\" content=\"Gesch\u00e4tzte Lesezeit\" \/>\n\t<meta name=\"twitter:data1\" content=\"2\u00a0Minuten\" \/>\n<script type=\"application\/ld+json\" class=\"yoast-schema-graph\">{\"@context\":\"https:\\\/\\\/schema.org\",\"@graph\":[{\"@type\":\"WebPage\",\"@id\":\"https:\\\/\\\/www.thomasandhutton.com\\\/de\\\/verfuegbare-positionen-kategorien\\\/\",\"url\":\"https:\\\/\\\/www.thomasandhutton.com\\\/de\\\/verfuegbare-positionen-kategorien\\\/\",\"name\":\"Verf\u00fcgbare Positionen - Kategorien - Thomas &amp; Hutton\",\"isPartOf\":{\"@id\":\"https:\\\/\\\/www.thomasandhutton.com\\\/de\\\/#website\"},\"datePublished\":\"2022-08-13T20:29:32+00:00\",\"dateModified\":\"2023-03-04T17:23:34+00:00\",\"breadcrumb\":{\"@id\":\"https:\\\/\\\/www.thomasandhutton.com\\\/de\\\/verfuegbare-positionen-kategorien\\\/#breadcrumb\"},\"inLanguage\":\"de\",\"potentialAction\":[{\"@type\":\"ReadAction\",\"target\":[\"https:\\\/\\\/www.thomasandhutton.com\\\/de\\\/verfuegbare-positionen-kategorien\\\/\"]}]},{\"@type\":\"BreadcrumbList\",\"@id\":\"https:\\\/\\\/www.thomasandhutton.com\\\/de\\\/verfuegbare-positionen-kategorien\\\/#breadcrumb\",\"itemListElement\":[{\"@type\":\"ListItem\",\"position\":1,\"name\":\"Home\",\"item\":\"https:\\\/\\\/www.thomasandhutton.com\\\/de\\\/\"},{\"@type\":\"ListItem\",\"position\":2,\"name\":\"Verf\u00fcgbare Positionen &#8211; Kategorien\"}]},{\"@type\":\"WebSite\",\"@id\":\"https:\\\/\\\/www.thomasandhutton.com\\\/de\\\/#website\",\"url\":\"https:\\\/\\\/www.thomasandhutton.com\\\/de\\\/\",\"name\":\"Thomas & Hutton\",\"description\":\"Engineering | Surveying | Landscape Architecture | GIS | Consulting\",\"publisher\":{\"@id\":\"https:\\\/\\\/www.thomasandhutton.com\\\/de\\\/#organization\"},\"potentialAction\":[{\"@type\":\"SearchAction\",\"target\":{\"@type\":\"EntryPoint\",\"urlTemplate\":\"https:\\\/\\\/www.thomasandhutton.com\\\/de\\\/?s={search_term_string}\"},\"query-input\":{\"@type\":\"PropertyValueSpecification\",\"valueRequired\":true,\"valueName\":\"search_term_string\"}}],\"inLanguage\":\"de\"},{\"@type\":\"Organization\",\"@id\":\"https:\\\/\\\/www.thomasandhutton.com\\\/de\\\/#organization\",\"name\":\"Thomas & Hutton\",\"url\":\"https:\\\/\\\/www.thomasandhutton.com\\\/de\\\/\",\"logo\":{\"@type\":\"ImageObject\",\"inLanguage\":\"de\",\"@id\":\"https:\\\/\\\/www.thomasandhutton.com\\\/de\\\/#\\\/schema\\\/logo\\\/image\\\/\",\"url\":\"https:\\\/\\\/www.thomasandhutton.com\\\/wp-content\\\/uploads\\\/2018\\\/06\\\/TH_LOGO__2.png\",\"contentUrl\":\"https:\\\/\\\/www.thomasandhutton.com\\\/wp-content\\\/uploads\\\/2018\\\/06\\\/TH_LOGO__2.png\",\"width\":141,\"height\":46,\"caption\":\"Thomas & Hutton\"},\"image\":{\"@id\":\"https:\\\/\\\/www.thomasandhutton.com\\\/de\\\/#\\\/schema\\\/logo\\\/image\\\/\"},\"sameAs\":[\"https:\\\/\\\/www.facebook.com\\\/THengineers\\\/\",\"https:\\\/\\\/x.com\\\/thomasandhutton\",\"https:\\\/\\\/www.instagram.com\\\/ThomasandHutton\\\/\",\"https:\\\/\\\/www.linkedin.com\\\/company\\\/thomas-&amp;amp;-hutton-engineering-co.\",\"https:\\\/\\\/www.youtube.com\\\/user\\\/ThomasandHutton\"]}]}<\/script>\n<!-- \/ Yoast SEO plugin. -->","yoast_head_json":{"title":"Verf\u00fcgbare Positionen - Kategorien - Thomas &amp; Hutton","robots":{"index":"index","follow":"follow","max-snippet":"max-snippet:-1","max-image-preview":"max-image-preview:large","max-video-preview":"max-video-preview:-1"},"canonical":"https:\/\/www.thomasandhutton.com\/de\/verfuegbare-positionen-kategorien\/","og_locale":"de_DE","og_type":"article","og_title":"Verf\u00fcgbare Positionen - Kategorien - Thomas &amp; Hutton","og_description":"[vc_row css_animation=&#8220;&#8220; row_type=&#8220;row&#8220; use_row_as_full_screen_section=&#8220;no&#8220; type=&#8220;full_width&#8220; angled_section=&#8220;no&#8220; text_align=&#8220;left&#8220; background_image_as_pattern=&#8220;without_pattern&#8220; background_color=&#8220;#7a9c3e&#8220; z_index=&#8220;&#8220; css=&#8220;.vc_custom_1528832958309{padding-top: 30px !important;padding-bottom: 30px !important;background-color: #799900 !important;}&#8220;][vc_column][vc_single_image image=&#8220;1081&#8243; img_size=&#8220;full&#8220; alignment=&#8220;center&#8220; qode_css_animation=&#8220;&#8220;][vc_column_text] Verf\u00fcgbare Positionen [\/vc_column_text][\/vc_column][\/vc_row][vc_row css_animation=&#8220;&#8220; row_type=&#8220;row&#8220; use_row_as_full_screen_section=&#8220;no&#8220; type=&#8220;grid&#8220; angled_section=&#8220;no&#8220; text_align=&#8220;left&#8220; background_image_as_pattern=&#8220;without_pattern&#8220; z_index=&#8220;&#8220; css=&#8220;.vc_custom_1660267175024{padding-top: 10px !important;}&#8220;][vc_column width=&#8220;1\/2&#8243;][vc_column_text][\/vc_column_text][vc_column_text]Starten Sie Ihre Karriere mit einem Praktikum! \u00dcbertragen Sie die","og_url":"https:\/\/www.thomasandhutton.com\/de\/verfuegbare-positionen-kategorien\/","og_site_name":"Thomas &amp; Hutton","article_publisher":"https:\/\/www.facebook.com\/THengineers\/","article_modified_time":"2023-03-04T17:23:34+00:00","twitter_card":"summary_large_image","twitter_site":"@thomasandhutton","twitter_misc":{"Gesch\u00e4tzte Lesezeit":"2\u00a0Minuten"},"schema":{"@context":"https:\/\/schema.org","@graph":[{"@type":"WebPage","@id":"https:\/\/www.thomasandhutton.com\/de\/verfuegbare-positionen-kategorien\/","url":"https:\/\/www.thomasandhutton.com\/de\/verfuegbare-positionen-kategorien\/","name":"Verf\u00fcgbare Positionen - Kategorien - Thomas &amp; Hutton","isPartOf":{"@id":"https:\/\/www.thomasandhutton.com\/de\/#website"},"datePublished":"2022-08-13T20:29:32+00:00","dateModified":"2023-03-04T17:23:34+00:00","breadcrumb":{"@id":"https:\/\/www.thomasandhutton.com\/de\/verfuegbare-positionen-kategorien\/#breadcrumb"},"inLanguage":"de","potentialAction":[{"@type":"ReadAction","target":["https:\/\/www.thomasandhutton.com\/de\/verfuegbare-positionen-kategorien\/"]}]},{"@type":"BreadcrumbList","@id":"https:\/\/www.thomasandhutton.com\/de\/verfuegbare-positionen-kategorien\/#breadcrumb","itemListElement":[{"@type":"ListItem","position":1,"name":"Home","item":"https:\/\/www.thomasandhutton.com\/de\/"},{"@type":"ListItem","position":2,"name":"Verf\u00fcgbare Positionen &#8211; Kategorien"}]},{"@type":"WebSite","@id":"https:\/\/www.thomasandhutton.com\/de\/#website","url":"https:\/\/www.thomasandhutton.com\/de\/","name":"Thomas & Hutton","description":"Engineering | Surveying | Landscape Architecture | GIS | Consulting","publisher":{"@id":"https:\/\/www.thomasandhutton.com\/de\/#organization"},"potentialAction":[{"@type":"SearchAction","target":{"@type":"EntryPoint","urlTemplate":"https:\/\/www.thomasandhutton.com\/de\/?s={search_term_string}"},"query-input":{"@type":"PropertyValueSpecification","valueRequired":true,"valueName":"search_term_string"}}],"inLanguage":"de"},{"@type":"Organization","@id":"https:\/\/www.thomasandhutton.com\/de\/#organization","name":"Thomas & Hutton","url":"https:\/\/www.thomasandhutton.com\/de\/","logo":{"@type":"ImageObject","inLanguage":"de","@id":"https:\/\/www.thomasandhutton.com\/de\/#\/schema\/logo\/image\/","url":"https:\/\/www.thomasandhutton.com\/wp-content\/uploads\/2018\/06\/TH_LOGO__2.png","contentUrl":"https:\/\/www.thomasandhutton.com\/wp-content\/uploads\/2018\/06\/TH_LOGO__2.png","width":141,"height":46,"caption":"Thomas & Hutton"},"image":{"@id":"https:\/\/www.thomasandhutton.com\/de\/#\/schema\/logo\/image\/"},"sameAs":["https:\/\/www.facebook.com\/THengineers\/","https:\/\/x.com\/thomasandhutton","https:\/\/www.instagram.com\/ThomasandHutton\/","https:\/\/www.linkedin.com\/company\/thomas-&amp;amp;-hutton-engineering-co.","https:\/\/www.youtube.com\/user\/ThomasandHutton"]}]}},"_links":{"self":[{"href":"https:\/\/www.thomasandhutton.com\/de\/wp-json\/wp\/v2\/pages\/22369","targetHints":{"allow":["GET"]}}],"collection":[{"href":"https:\/\/www.thomasandhutton.com\/de\/wp-json\/wp\/v2\/pages"}],"about":[{"href":"https:\/\/www.thomasandhutton.com\/de\/wp-json\/wp\/v2\/types\/page"}],"author":[{"embeddable":true,"href":"https:\/\/www.thomasandhutton.com\/de\/wp-json\/wp\/v2\/users\/6"}],"replies":[{"embeddable":true,"href":"https:\/\/www.thomasandhutton.com\/de\/wp-json\/wp\/v2\/comments?post=22369"}],"version-history":[{"count":1,"href":"https:\/\/www.thomasandhutton.com\/de\/wp-json\/wp\/v2\/pages\/22369\/revisions"}],"predecessor-version":[{"id":22394,"href":"https:\/\/www.thomasandhutton.com\/de\/wp-json\/wp\/v2\/pages\/22369\/revisions\/22394"}],"wp:attachment":[{"href":"https:\/\/www.thomasandhutton.com\/de\/wp-json\/wp\/v2\/media?parent=22369"}],"curies":[{"name":"wp","href":"https:\/\/api.w.org\/{rel}","templated":true}]}}