{"id":20543,"date":"2018-04-11T23:41:03","date_gmt":"2018-04-11T23:41:03","guid":{"rendered":"https:\/\/www.thomasandhutton.com\/proyecto-temp\/"},"modified":"2023-03-03T17:03:30","modified_gmt":"2023-03-03T17:03:30","slug":"proyecto-temp","status":"publish","type":"page","link":"https:\/\/www.thomasandhutton.com\/es\/proyecto-temp\/","title":{"rendered":"Proyecto Temp"},"content":{"rendered":"<div class=\"wpb-content-wrapper\"><p>[vc_row css_animation=\u00bb\u00bb row_type=\u00bbrow\u00bb use_row_as_full_screen_section=\u00bbno\u00bb type=\u00bbfull_width\u00bb angled_section=\u00bbno\u00bb text_align=\u00bbleft\u00bb background_image=\u00bb1260&#8243; background_image_as_pattern=\u00bbwithout_pattern\u00bb padding_top=\u00bb300&#8243; padding_bottom=\u00bb300&#8243; z_index=\u00bb\u00bb][vc_column][vc_row_inner row_type=\u00bbrow\u00bb type=\u00bbfull_width\u00bb text_align=\u00bbleft\u00bb css_animation=\u00bb\u00bb][vc_column_inner width=\u00bb1\/6&#8243;][\/vc_column_inner][vc_column_inner width=\u00bb2\/3&#8243;][\/vc_column_inner][vc_column_inner width=\u00bb1\/6&#8243; css=\u00bb.vc_custom_1523491609753{padding: 0px !important;background-color: #ffffff !important;}\u00bb][vc_column_text css=\u00bb.vc_custom_1524426525987{padding-top: 23px !important;padding-bottom: 23px !important;padding-left: 20px !important;}\u00bb]<\/p>\n<div class=\"projectheadertitle\">Universidad de Carolina del Sur en Beaufort<\/div>\n<div class=\"projectsmallheader\">Beaufort, Carolina del Sur<\/div>\n<p>[\/vc_column_text][\/vc_column_inner][\/vc_row_inner][\/vc_column][\/vc_row][vc_row css_animation=\u00bb\u00bb row_type=\u00bbrow\u00bb use_row_as_full_screen_section=\u00bbno\u00bb type=\u00bbfull_width\u00bb angled_section=\u00bbno\u00bb text_align=\u00bbleft\u00bb background_image_as_pattern=\u00bbwithout_pattern\u00bb][vc_column width=\u00bb1\/4&#8243;][\/vc_column][vc_column width=\u00bb1\/4&#8243; css=\u00bb.vc_custom_1523491860957{margin-top: 20% !important;margin-bottom: 20% !important;}\u00bb][vc_column_text]<\/p>\n<h1>Universidad de Carolina del Sur en Beaufort, Beaufort, Carolina del Sur<\/h1>\n<p>&nbsp;[\/vc_column_text][vc_column_text]<span style=\"font-weight: 400;\">Thomas &amp; Hutton proporcion\u00f3 dise\u00f1o de ingenier\u00eda civil y asistencia en la obtenci\u00f3n de permisos a nivel federal, estatal y local para la Universidad de Carolina del Sur en Beaufort (USCB). Tambi\u00e9n se incluyeron servicios de fase de construcci\u00f3n para completar el trabajo en plazos cr\u00edticos. El proyecto fue financiado por el distrito de Financiaci\u00f3n por Incremento de Impuestos (TIF) del condado de Beaufort. La fase I inclu\u00eda el edificio Hargray, de 60.000 pies cuadrados, una instalaci\u00f3n polivalente que alberga aulas, servicios para estudiantes, profesorado y oficinas administrativas; un edificio cient\u00edfico y tecnol\u00f3gico de 25.000 pies cuadrados; y una biblioteca de 20.000 pies cuadrados. Debido al calendario del proyecto, la estrecha coordinaci\u00f3n entre todos los miembros del equipo de dise\u00f1o fue una parte crucial del proyecto desde el principio.<\/span>[\/vc_column_text]<div id=\"mpc_accordion-7569e3c6434d97b\" class=\"mpc-accordion mpc-init mpc-transition \" ><ul class=\"mpc-accordion__content\"><li class=\"mpc-accordion__item \"><div class=\"mpc-accordion-item__heading mpc-transition mpc-typography--preset_0\"><div data-id=\"mpc_icon-3569e3c6434d955\" class=\"mpc-icon mpc-init mpc-transition mpc-effect-none mpc-icon-hover \"><div class=\"mpc-icon-wrap\"><i class=\"mpc-icon-part mpc-regular mpc-transition  eti eti_plus\"><\/i><i class=\"mpc-icon-part mpc-hover mpc-transition  eti eti_plus\"><\/i><\/div><\/div><h3>Leer m\u00e1s<\/h3><\/div><div class=\"mpc-accordion-item__content mpc-container\" ><div class=\"mpc-accordion-item__wrapper\">[vc_column_text]<span style=\"font-weight: 400;\">Thomas &amp; Hutton se encarg\u00f3 de la estrategia del proyecto para completar las obras en plazos muy ajustados. Los planes de urbanizaci\u00f3n inclu\u00edan el dise\u00f1o de los sistemas de agua, aguas residuales y drenaje de aguas pluviales, as\u00ed como la pavimentaci\u00f3n y nivelaci\u00f3n de la primera fase de la urbanizaci\u00f3n. Thomas &amp; Hutton prepar\u00f3 planes separados de control de la erosi\u00f3n para dar cabida a una cosecha temprana de \u00e1rboles. Los servicios de la fase de construcci\u00f3n incluyeron la preparaci\u00f3n de la administraci\u00f3n de licitaciones, recomendaciones de licitaci\u00f3n, documentos de construcci\u00f3n y administraci\u00f3n. Durante la construcci\u00f3n, Thomas &amp; Hutton se encarg\u00f3 de la administraci\u00f3n del contrato in situ, la revisi\u00f3n mensual de las solicitudes de licitaci\u00f3n, la observaci\u00f3n de la construcci\u00f3n, las recomendaciones de ingenier\u00eda de valor, la revisi\u00f3n de los planos de taller, la preparaci\u00f3n de los planos de registro y la asistencia en el cierre. La USCB atiende a unos 2.000 estudiantes con 30 programas acad\u00e9micos y emplea a unos 90 profesores.<\/span>[\/vc_column_text]<\/div><\/div><\/li><\/ul><\/div>[\/vc_column][vc_column width=\u00bb1\/4&#8243; css=\u00bb.vc_custom_1523491320975{margin-top: 35% !important;}\u00bb][vc_single_image image=\u00bb177&#8243; img_size=\u00bbfull\u00bb alignment=\u00bbcenter\u00bb qode_css_animation=\u00bb\u00bb][\/vc_column][vc_column width=\u00bb1\/4&#8243;][\/vc_column][\/vc_row][vc_row css_animation=\u00bb\u00bb row_type=\u00bbrow\u00bb use_row_as_full_screen_section=\u00bbno\u00bb type=\u00bbfull_width\u00bb angled_section=\u00bbno\u00bb text_align=\u00bbleft\u00bb background_image_as_pattern=\u00bbwithout_pattern\u00bb z_index=\u00bb\u00bb][vc_column]<div class=\"mpc-carousel__wrapper mpc-waypoint\"><div id=\"mpc_carousel_anything-2169e3c6434dacc\" class=\"mpc-carousel-anything mpc-init mpc-carousel--stretched \"  data-mpcslick='{\"infinite\":true,\"autoplay\":false,\"slidesToShow\":4,\"slidesToScroll\":1,\"centerMode\":false,\"initialSlide\":0}' data-slick-cols=\"4\">[vc_column_text]<div class=\"q_image_with_text_over q_iwto_hover\"><div class=\"shader\" ><\/div><div class=\"shader_hover\" style=\"background-color: rgba(255,255,255,0.9)\"><\/div><img decoding=\"async\" itemprop=\"image\" src=\"https:\/\/www.thomasandhutton.com\/wp-content\/uploads\/2018\/04\/2012-Campus-Map.jpg\" alt=\"\" \/><div class=\"text\"><table><tr><td><h3 class=\"caption no_icon\" style=\"color: #799900;\"><\/h3><\/td><\/tr><\/table><table><tr><td><div class=\"desc\"><\/p>\n<p style=\"text-align: left;\">Lorem ipsum dolor sit amet, consectetur adipiscing elit. Sed eget dictum turpis, sed commodo mi. Suspendisse porta varius felis, et tincidunt velit lacinia at.<\/p>\n<p style=\"text-align: right;\"><a href=\"https:\/\/www.thomasandhutton.com\/wp-content\/uploads\/2018\/04\/2012-Campus-Map.jpg\" target=\"\" title=\"View Larger\"  class=\"mpc-lightbox mpc-init mpc-transition mpc-magnific-popup ViewLarger\"><div data-id=\"mpc_button-3069e3c6434deaa\" class=\"mpc-button mpc-init mpc-transition mpc-typography--preset_0 \" ><div class=\"mpc-button__content mpc-effect-type--stay mpc-effect-side--left\"><i class=\"mpc-button__icon mpc-transition  fa fa-long-arrow-right\"><\/i><span class=\"mpc-button__title mpc-transition\">Ver m\u00e1s grande<\/span><\/div><div class=\"mpc-button__background mpc-transition mpc-effect-type--fade mpc-effect-side--in\"><\/div><\/div><\/a><\/p>\n<p><\/div><\/td><\/tr><\/table><\/div><\/div>[\/vc_column_text][vc_column_text]<div class=\"q_image_with_text_over q_iwto_hover\"><div class=\"shader\" ><\/div><div class=\"shader_hover\" style=\"background-color: rgba(255,255,255,0.9)\"><\/div><img decoding=\"async\" itemprop=\"image\" src=\"https:\/\/www.thomasandhutton.com\/wp-content\/uploads\/2018\/04\/USCB_Landscape006.jpg\" alt=\"\" \/><div class=\"text\"><table><tr><td><h3 class=\"caption no_icon\" style=\"color: #799900;\"><\/h3><\/td><\/tr><\/table><table><tr><td><div class=\"desc\"><\/p>\n<p style=\"text-align: left;\">Lorem ipsum dolor sit amet, consectetur adipiscing elit. Sed eget dictum turpis, sed commodo mi. Suspendisse porta varius felis, et tincidunt velit lacinia at.<\/p>\n<a href=\"https:\/\/www.thomasandhutton.com\/wp-content\/uploads\/2018\/04\/USCB_Landscape006.jpg\" target=\"\" title=\"\"  class=\"mpc-lightbox mpc-init mpc-transition mpc-magnific-popup ViewLarger\"><div data-id=\"mpc_button-4069e3c6434e1ac\" class=\"mpc-button mpc-init mpc-transition mpc-typography--preset_0 \" ><div class=\"mpc-button__content mpc-effect-type--stay mpc-effect-side--left\"><i class=\"mpc-button__icon mpc-transition  fa fa-long-arrow-right\"><\/i><span class=\"mpc-button__title mpc-transition\">Ver m\u00e1s grande<\/span><\/div><div class=\"mpc-button__background mpc-transition mpc-effect-type--fade mpc-effect-side--in\"><\/div><\/div><\/a>\n<p><\/div><\/td><\/tr><\/table><\/div><\/div>[\/vc_column_text][vc_column_text]<div class=\"q_image_with_text_over q_iwto_hover\"><div class=\"shader\" ><\/div><div class=\"shader_hover\" style=\"background-color: rgba(255,255,255,0.9)\"><\/div><img decoding=\"async\" itemprop=\"image\" src=\"https:\/\/www.thomasandhutton.com\/wp-content\/uploads\/2018\/04\/USCB_Landscape008.jpg\" alt=\"\" \/><div class=\"text\"><table><tr><td><h3 class=\"caption no_icon\" style=\"color: #799900;\"><\/h3><\/td><\/tr><\/table><table><tr><td><div class=\"desc\"><\/p>\n<p style=\"text-align: left;\">Lorem ipsum dolor sit amet, consectetur adipiscing elit. Sed eget dictum turpis, sed commodo mi. Suspendisse porta varius felis, et tincidunt velit lacinia at.<\/p>\n<a href=\"https:\/\/www.thomasandhutton.com\/wp-content\/uploads\/2018\/04\/USCB_Landscape008.jpg\" target=\"\" title=\"View Larger\"  class=\"mpc-lightbox mpc-init mpc-transition mpc-magnific-popup ViewLarger\"><div data-id=\"mpc_button-8569e3c6434e496\" class=\"mpc-button mpc-init mpc-transition mpc-typography--preset_0 \" ><div class=\"mpc-button__content mpc-effect-type--stay mpc-effect-side--left\"><i class=\"mpc-button__icon mpc-transition  fa fa-long-arrow-right\"><\/i><span class=\"mpc-button__title mpc-transition\">Ver m\u00e1s grande<\/span><\/div><div class=\"mpc-button__background mpc-transition mpc-effect-type--fade mpc-effect-side--in\"><\/div><\/div><\/a>\n<p><\/div><\/td><\/tr><\/table><\/div><\/div>[\/vc_column_text][vc_column_text]<div class=\"q_image_with_text_over q_iwto_hover\"><div class=\"shader\" ><\/div><div class=\"shader_hover\" style=\"background-color: rgba(255,255,255,0.9)\"><\/div><img decoding=\"async\" itemprop=\"image\" src=\"https:\/\/www.thomasandhutton.com\/wp-content\/uploads\/2018\/04\/USCB_Landscape019.jpg\" alt=\"\" \/><div class=\"text\"><table><tr><td><h3 class=\"caption no_icon\" style=\"color: #799900;\"><\/h3><\/td><\/tr><\/table><table><tr><td><div class=\"desc\"><\/p>\n<p style=\"text-align: left;\">Lorem ipsum dolor sit amet, consectetur adipiscing elit. Sed eget dictum turpis, sed commodo mi. Suspendisse porta varius felis, et tincidunt velit lacinia at.<\/p>\n<a href=\"https:\/\/www.thomasandhutton.com\/wp-content\/uploads\/2018\/04\/USCB_Landscape019.jpg\" target=\"\" title=\"View Larger\"  class=\"mpc-lightbox mpc-init mpc-transition mpc-magnific-popup ViewLarger\"><div data-id=\"mpc_button-1169e3c6434e791\" class=\"mpc-button mpc-init mpc-transition mpc-typography--preset_0 \" ><div class=\"mpc-button__content mpc-effect-type--stay mpc-effect-side--left\"><i class=\"mpc-button__icon mpc-transition  fa fa-long-arrow-right\"><\/i><span class=\"mpc-button__title mpc-transition\">Ver m\u00e1s grande<\/span><\/div><div class=\"mpc-button__background mpc-transition mpc-effect-type--fade mpc-effect-side--in\"><\/div><\/div><\/a>\n<p><\/div><\/td><\/tr><\/table><\/div><\/div>[\/vc_column_text][vc_column_text]<div class=\"q_image_with_text_over q_iwto_hover\"><div class=\"shader\" ><\/div><div class=\"shader_hover\" style=\"background-color: rgba(255,255,255,0.9)\"><\/div><img decoding=\"async\" itemprop=\"image\" src=\"https:\/\/www.thomasandhutton.com\/wp-content\/uploads\/2018\/04\/USCB_Landscape025.jpg\" alt=\"\" \/><div class=\"text\"><table><tr><td><h3 class=\"caption no_icon\" style=\"color: #799900;\"><\/h3><\/td><\/tr><\/table><table><tr><td><div class=\"desc\"><\/p>\n<p style=\"text-align: left;\">Lorem ipsum dolor sit amet, consectetur adipiscing elit. Sed eget dictum turpis, sed commodo mi. Suspendisse porta varius felis, et tincidunt velit lacinia at.<\/p>\n<a href=\"https:\/\/www.thomasandhutton.com\/wp-content\/uploads\/2018\/04\/USCB_Landscape025.jpg\" target=\"\" title=\"View Larger\"  class=\"mpc-lightbox mpc-init mpc-transition mpc-magnific-popup ViewLarger\"><div data-id=\"mpc_button-7969e3c6434ea6b\" class=\"mpc-button mpc-init mpc-transition mpc-typography--preset_0 \" ><div class=\"mpc-button__content mpc-effect-type--stay mpc-effect-side--left\"><i class=\"mpc-button__icon mpc-transition  fa fa-long-arrow-right\"><\/i><span class=\"mpc-button__title mpc-transition\">Ver m\u00e1s grande<\/span><\/div><div class=\"mpc-button__background mpc-transition mpc-effect-type--fade mpc-effect-side--in\"><\/div><\/div><\/a>\n<p><\/div><\/td><\/tr><\/table><\/div><\/div>[\/vc_column_text][vc_column_text]<div class=\"q_image_with_text_over q_iwto_hover\"><div class=\"shader\" ><\/div><div class=\"shader_hover\" style=\"background-color: rgba(255,255,255,0.9)\"><\/div><img decoding=\"async\" itemprop=\"image\" src=\"https:\/\/www.thomasandhutton.com\/wp-content\/uploads\/2018\/04\/USCB_Landscape033.jpg\" alt=\"\" \/><div class=\"text\"><table><tr><td><h3 class=\"caption no_icon\" style=\"color: #799900;\"><\/h3><\/td><\/tr><\/table><table><tr><td><div class=\"desc\"><\/p>\n<p style=\"text-align: left;\">Lorem ipsum dolor sit amet, consectetur adipiscing elit. Sed eget dictum turpis, sed commodo mi. Suspendisse porta varius felis, et tincidunt velit lacinia at.<\/p>\n<a href=\"https:\/\/www.thomasandhutton.com\/wp-content\/uploads\/2018\/04\/USCB_Landscape033.jpg\" target=\"\" title=\"View Larger\"  class=\"mpc-lightbox mpc-init mpc-transition mpc-magnific-popup ViewLarger\"><div data-id=\"mpc_button-6569e3c6434ed5d\" class=\"mpc-button mpc-init mpc-transition mpc-typography--preset_0 \" ><div class=\"mpc-button__content mpc-effect-type--stay mpc-effect-side--left\"><i class=\"mpc-button__icon mpc-transition  fa fa-long-arrow-right\"><\/i><span class=\"mpc-button__title mpc-transition\">Ver m\u00e1s grande<\/span><\/div><div class=\"mpc-button__background mpc-transition mpc-effect-type--fade mpc-effect-side--in\"><\/div><\/div><\/a>\n<p><\/div><\/td><\/tr><\/table><\/div><\/div>[\/vc_column_text]<\/div><div class=\"mpc-navigation mpc-init mpc-align--left mpc-navigation--style_4  mpc-nav-preset--mpc_preset_41\" data-mpcslider=\"mpc_carousel_anything-2169e3c6434dacc\"><div class=\"mpc-nav__arrow mpcslick-prev\"><div class=\"mpc-nav__icon mpc-transition\"><i class=\" eti eti_arrow_left\"><div class=\"mpc-nav__background mpc-transition mpc-effect-type--fade mpc-effect-side--in\"><\/div><\/i><\/div><\/div><\/div><div class=\"mpc-navigation mpc-init mpc-align--left mpc-navigation--style_4  mpc-nav-preset--mpc_preset_41\" data-mpcslider=\"mpc_carousel_anything-2169e3c6434dacc\"><div class=\"mpc-nav__arrow mpcslick-next\"><div class=\"mpc-nav__icon mpc-transition\"><i class=\" eti eti_arrow_right\"><div class=\"mpc-nav__background mpc-transition mpc-effect-type--fade mpc-effect-side--in\"><\/div><\/i><\/div><\/div><\/div><\/div>[\/vc_column][\/vc_row]<\/p>\n<\/div>","protected":false},"excerpt":{"rendered":"<p>[vc_row css_animation=\u00bb\u00bb row_type=\u00bbrow\u00bb use_row_as_full_screen_section=\u00bbno\u00bb type=\u00bbfull_width\u00bb angled_section=\u00bbno\u00bb text_align=\u00bbleft\u00bb background_image=\u00bb1260&#8243; background_image_as_pattern=\u00bbwithout_pattern\u00bb padding_top=\u00bb300&#8243; padding_bottom=\u00bb300&#8243; z_index=\u00bb\u00bb][vc_column][vc_row_inner row_type=\u00bbrow\u00bb type=\u00bbfull_width\u00bb text_align=\u00bbleft\u00bb css_animation=\u00bb\u00bb][vc_column_inner width=\u00bb1\/6&#8243;][\/vc_column_inner][vc_column_inner width=\u00bb2\/3&#8243;][\/vc_column_inner][vc_column_inner width=\u00bb1\/6&#8243; css=\u00bb.vc_custom_1523491609753{padding: 0px !important;background-color: #ffffff !important;}\u00bb][vc_column_text css=\u00bb.vc_custom_1524426525987{padding-top: 23px !important;padding-bottom: 23px !important;padding-left: 20px !important;}\u00bb] Universidad de Carolina del Sur en Beaufort Beaufort, Carolina del Sur [\/vc_column_text][\/vc_column_inner][\/vc_row_inner][\/vc_column][\/vc_row][vc_row css_animation=\u00bb\u00bb row_type=\u00bbrow\u00bb<\/p>\n","protected":false},"author":7,"featured_media":0,"parent":0,"menu_order":0,"comment_status":"closed","ping_status":"closed","template":"full_width.php","meta":{"content-type":"","footnotes":""},"class_list":["post-20543","page","type-page","status-publish","hentry"],"yoast_head":"<!-- This site is optimized with the Yoast SEO plugin v27.4 - https:\/\/yoast.com\/product\/yoast-seo-wordpress\/ -->\n<title>Proyecto Temp - Thomas &amp; Hutton<\/title>\n<meta name=\"robots\" content=\"index, follow, max-snippet:-1, max-image-preview:large, max-video-preview:-1\" \/>\n<link rel=\"canonical\" href=\"https:\/\/www.thomasandhutton.com\/es\/proyecto-temp\/\" \/>\n<meta property=\"og:locale\" content=\"es_ES\" \/>\n<meta property=\"og:type\" content=\"article\" \/>\n<meta property=\"og:title\" content=\"Proyecto Temp - Thomas &amp; Hutton\" \/>\n<meta property=\"og:description\" content=\"[vc_row css_animation=\u00bb\u00bb row_type=\u00bbrow\u00bb use_row_as_full_screen_section=\u00bbno\u00bb type=\u00bbfull_width\u00bb angled_section=\u00bbno\u00bb text_align=\u00bbleft\u00bb background_image=\u00bb1260&#8243; background_image_as_pattern=\u00bbwithout_pattern\u00bb padding_top=\u00bb300&#8243; padding_bottom=\u00bb300&#8243; z_index=\u00bb\u00bb][vc_column][vc_row_inner row_type=\u00bbrow\u00bb type=\u00bbfull_width\u00bb text_align=\u00bbleft\u00bb css_animation=\u00bb\u00bb][vc_column_inner width=\u00bb1\/6&#8243;][\/vc_column_inner][vc_column_inner width=\u00bb2\/3&#8243;][\/vc_column_inner][vc_column_inner width=\u00bb1\/6&#8243; css=\u00bb.vc_custom_1523491609753{padding: 0px !important;background-color: #ffffff !important;}\u00bb][vc_column_text css=\u00bb.vc_custom_1524426525987{padding-top: 23px !important;padding-bottom: 23px !important;padding-left: 20px !important;}\u00bb] Universidad de Carolina del Sur en Beaufort Beaufort, Carolina del Sur [\/vc_column_text][\/vc_column_inner][\/vc_row_inner][\/vc_column][\/vc_row][vc_row css_animation=\u00bb\u00bb row_type=\u00bbrow\u00bb\" \/>\n<meta property=\"og:url\" content=\"https:\/\/www.thomasandhutton.com\/es\/proyecto-temp\/\" \/>\n<meta property=\"og:site_name\" content=\"Thomas &amp; Hutton\" \/>\n<meta property=\"article:publisher\" content=\"https:\/\/www.facebook.com\/THengineers\/\" \/>\n<meta property=\"article:modified_time\" content=\"2023-03-03T17:03:30+00:00\" \/>\n<meta name=\"twitter:card\" content=\"summary_large_image\" \/>\n<meta name=\"twitter:site\" content=\"@thomasandhutton\" \/>\n<meta name=\"twitter:label1\" content=\"Tiempo de lectura\" \/>\n\t<meta name=\"twitter:data1\" content=\"8 minutos\" \/>\n<script type=\"application\/ld+json\" class=\"yoast-schema-graph\">{\"@context\":\"https:\\\/\\\/schema.org\",\"@graph\":[{\"@type\":\"WebPage\",\"@id\":\"https:\\\/\\\/www.thomasandhutton.com\\\/es\\\/proyecto-temp\\\/\",\"url\":\"https:\\\/\\\/www.thomasandhutton.com\\\/es\\\/proyecto-temp\\\/\",\"name\":\"Proyecto Temp - Thomas &amp; Hutton\",\"isPartOf\":{\"@id\":\"https:\\\/\\\/www.thomasandhutton.com\\\/es\\\/#website\"},\"datePublished\":\"2018-04-11T23:41:03+00:00\",\"dateModified\":\"2023-03-03T17:03:30+00:00\",\"breadcrumb\":{\"@id\":\"https:\\\/\\\/www.thomasandhutton.com\\\/es\\\/proyecto-temp\\\/#breadcrumb\"},\"inLanguage\":\"es\",\"potentialAction\":[{\"@type\":\"ReadAction\",\"target\":[\"https:\\\/\\\/www.thomasandhutton.com\\\/es\\\/proyecto-temp\\\/\"]}]},{\"@type\":\"BreadcrumbList\",\"@id\":\"https:\\\/\\\/www.thomasandhutton.com\\\/es\\\/proyecto-temp\\\/#breadcrumb\",\"itemListElement\":[{\"@type\":\"ListItem\",\"position\":1,\"name\":\"Home\",\"item\":\"https:\\\/\\\/www.thomasandhutton.com\\\/es\\\/inicio\\\/\"},{\"@type\":\"ListItem\",\"position\":2,\"name\":\"Proyecto Temp\"}]},{\"@type\":\"WebSite\",\"@id\":\"https:\\\/\\\/www.thomasandhutton.com\\\/es\\\/#website\",\"url\":\"https:\\\/\\\/www.thomasandhutton.com\\\/es\\\/\",\"name\":\"Thomas & Hutton\",\"description\":\"Engineering | Surveying | Landscape Architecture | GIS | Consulting\",\"publisher\":{\"@id\":\"https:\\\/\\\/www.thomasandhutton.com\\\/es\\\/#organization\"},\"potentialAction\":[{\"@type\":\"SearchAction\",\"target\":{\"@type\":\"EntryPoint\",\"urlTemplate\":\"https:\\\/\\\/www.thomasandhutton.com\\\/es\\\/?s={search_term_string}\"},\"query-input\":{\"@type\":\"PropertyValueSpecification\",\"valueRequired\":true,\"valueName\":\"search_term_string\"}}],\"inLanguage\":\"es\"},{\"@type\":\"Organization\",\"@id\":\"https:\\\/\\\/www.thomasandhutton.com\\\/es\\\/#organization\",\"name\":\"Thomas & Hutton\",\"url\":\"https:\\\/\\\/www.thomasandhutton.com\\\/es\\\/\",\"logo\":{\"@type\":\"ImageObject\",\"inLanguage\":\"es\",\"@id\":\"https:\\\/\\\/www.thomasandhutton.com\\\/es\\\/#\\\/schema\\\/logo\\\/image\\\/\",\"url\":\"https:\\\/\\\/www.thomasandhutton.com\\\/wp-content\\\/uploads\\\/2018\\\/06\\\/TH_LOGO__2.png\",\"contentUrl\":\"https:\\\/\\\/www.thomasandhutton.com\\\/wp-content\\\/uploads\\\/2018\\\/06\\\/TH_LOGO__2.png\",\"width\":141,\"height\":46,\"caption\":\"Thomas & Hutton\"},\"image\":{\"@id\":\"https:\\\/\\\/www.thomasandhutton.com\\\/es\\\/#\\\/schema\\\/logo\\\/image\\\/\"},\"sameAs\":[\"https:\\\/\\\/www.facebook.com\\\/THengineers\\\/\",\"https:\\\/\\\/x.com\\\/thomasandhutton\",\"https:\\\/\\\/www.instagram.com\\\/ThomasandHutton\\\/\",\"https:\\\/\\\/www.linkedin.com\\\/company\\\/thomas-&amp;amp;-hutton-engineering-co.\",\"https:\\\/\\\/www.youtube.com\\\/user\\\/ThomasandHutton\"]}]}<\/script>\n<!-- \/ Yoast SEO plugin. -->","yoast_head_json":{"title":"Proyecto Temp - Thomas &amp; Hutton","robots":{"index":"index","follow":"follow","max-snippet":"max-snippet:-1","max-image-preview":"max-image-preview:large","max-video-preview":"max-video-preview:-1"},"canonical":"https:\/\/www.thomasandhutton.com\/es\/proyecto-temp\/","og_locale":"es_ES","og_type":"article","og_title":"Proyecto Temp - Thomas &amp; Hutton","og_description":"[vc_row css_animation=\u00bb\u00bb row_type=\u00bbrow\u00bb use_row_as_full_screen_section=\u00bbno\u00bb type=\u00bbfull_width\u00bb angled_section=\u00bbno\u00bb text_align=\u00bbleft\u00bb background_image=\u00bb1260&#8243; background_image_as_pattern=\u00bbwithout_pattern\u00bb padding_top=\u00bb300&#8243; padding_bottom=\u00bb300&#8243; z_index=\u00bb\u00bb][vc_column][vc_row_inner row_type=\u00bbrow\u00bb type=\u00bbfull_width\u00bb text_align=\u00bbleft\u00bb css_animation=\u00bb\u00bb][vc_column_inner width=\u00bb1\/6&#8243;][\/vc_column_inner][vc_column_inner width=\u00bb2\/3&#8243;][\/vc_column_inner][vc_column_inner width=\u00bb1\/6&#8243; css=\u00bb.vc_custom_1523491609753{padding: 0px !important;background-color: #ffffff !important;}\u00bb][vc_column_text css=\u00bb.vc_custom_1524426525987{padding-top: 23px !important;padding-bottom: 23px !important;padding-left: 20px !important;}\u00bb] Universidad de Carolina del Sur en Beaufort Beaufort, Carolina del Sur [\/vc_column_text][\/vc_column_inner][\/vc_row_inner][\/vc_column][\/vc_row][vc_row css_animation=\u00bb\u00bb row_type=\u00bbrow\u00bb","og_url":"https:\/\/www.thomasandhutton.com\/es\/proyecto-temp\/","og_site_name":"Thomas &amp; Hutton","article_publisher":"https:\/\/www.facebook.com\/THengineers\/","article_modified_time":"2023-03-03T17:03:30+00:00","twitter_card":"summary_large_image","twitter_site":"@thomasandhutton","twitter_misc":{"Tiempo de lectura":"8 minutos"},"schema":{"@context":"https:\/\/schema.org","@graph":[{"@type":"WebPage","@id":"https:\/\/www.thomasandhutton.com\/es\/proyecto-temp\/","url":"https:\/\/www.thomasandhutton.com\/es\/proyecto-temp\/","name":"Proyecto Temp - Thomas &amp; Hutton","isPartOf":{"@id":"https:\/\/www.thomasandhutton.com\/es\/#website"},"datePublished":"2018-04-11T23:41:03+00:00","dateModified":"2023-03-03T17:03:30+00:00","breadcrumb":{"@id":"https:\/\/www.thomasandhutton.com\/es\/proyecto-temp\/#breadcrumb"},"inLanguage":"es","potentialAction":[{"@type":"ReadAction","target":["https:\/\/www.thomasandhutton.com\/es\/proyecto-temp\/"]}]},{"@type":"BreadcrumbList","@id":"https:\/\/www.thomasandhutton.com\/es\/proyecto-temp\/#breadcrumb","itemListElement":[{"@type":"ListItem","position":1,"name":"Home","item":"https:\/\/www.thomasandhutton.com\/es\/inicio\/"},{"@type":"ListItem","position":2,"name":"Proyecto Temp"}]},{"@type":"WebSite","@id":"https:\/\/www.thomasandhutton.com\/es\/#website","url":"https:\/\/www.thomasandhutton.com\/es\/","name":"Thomas & Hutton","description":"Engineering | Surveying | Landscape Architecture | GIS | Consulting","publisher":{"@id":"https:\/\/www.thomasandhutton.com\/es\/#organization"},"potentialAction":[{"@type":"SearchAction","target":{"@type":"EntryPoint","urlTemplate":"https:\/\/www.thomasandhutton.com\/es\/?s={search_term_string}"},"query-input":{"@type":"PropertyValueSpecification","valueRequired":true,"valueName":"search_term_string"}}],"inLanguage":"es"},{"@type":"Organization","@id":"https:\/\/www.thomasandhutton.com\/es\/#organization","name":"Thomas & Hutton","url":"https:\/\/www.thomasandhutton.com\/es\/","logo":{"@type":"ImageObject","inLanguage":"es","@id":"https:\/\/www.thomasandhutton.com\/es\/#\/schema\/logo\/image\/","url":"https:\/\/www.thomasandhutton.com\/wp-content\/uploads\/2018\/06\/TH_LOGO__2.png","contentUrl":"https:\/\/www.thomasandhutton.com\/wp-content\/uploads\/2018\/06\/TH_LOGO__2.png","width":141,"height":46,"caption":"Thomas & Hutton"},"image":{"@id":"https:\/\/www.thomasandhutton.com\/es\/#\/schema\/logo\/image\/"},"sameAs":["https:\/\/www.facebook.com\/THengineers\/","https:\/\/x.com\/thomasandhutton","https:\/\/www.instagram.com\/ThomasandHutton\/","https:\/\/www.linkedin.com\/company\/thomas-&amp;amp;-hutton-engineering-co.","https:\/\/www.youtube.com\/user\/ThomasandHutton"]}]}},"_links":{"self":[{"href":"https:\/\/www.thomasandhutton.com\/es\/wp-json\/wp\/v2\/pages\/20543","targetHints":{"allow":["GET"]}}],"collection":[{"href":"https:\/\/www.thomasandhutton.com\/es\/wp-json\/wp\/v2\/pages"}],"about":[{"href":"https:\/\/www.thomasandhutton.com\/es\/wp-json\/wp\/v2\/types\/page"}],"author":[{"embeddable":true,"href":"https:\/\/www.thomasandhutton.com\/es\/wp-json\/wp\/v2\/users\/7"}],"replies":[{"embeddable":true,"href":"https:\/\/www.thomasandhutton.com\/es\/wp-json\/wp\/v2\/comments?post=20543"}],"version-history":[{"count":3,"href":"https:\/\/www.thomasandhutton.com\/es\/wp-json\/wp\/v2\/pages\/20543\/revisions"}],"predecessor-version":[{"id":20573,"href":"https:\/\/www.thomasandhutton.com\/es\/wp-json\/wp\/v2\/pages\/20543\/revisions\/20573"}],"wp:attachment":[{"href":"https:\/\/www.thomasandhutton.com\/es\/wp-json\/wp\/v2\/media?parent=20543"}],"curies":[{"name":"wp","href":"https:\/\/api.w.org\/{rel}","templated":true}]}}