{"id":20636,"date":"2018-04-28T19:16:33","date_gmt":"2018-04-28T19:16:33","guid":{"rendered":"https:\/\/www.thomasandhutton.com\/sanidad\/"},"modified":"2023-03-03T18:08:05","modified_gmt":"2023-03-03T18:08:05","slug":"sanidad","status":"publish","type":"page","link":"https:\/\/www.thomasandhutton.com\/es\/sanidad\/","title":{"rendered":"Sanidad"},"content":{"rendered":"<div class=\"wpb-content-wrapper\"><p>[vc_row css_animation=\u00bb\u00bb row_type=\u00bbrow\u00bb use_row_as_full_screen_section=\u00bbno\u00bb type=\u00bbfull_width\u00bb angled_section=\u00bbno\u00bb text_align=\u00bbleft\u00bb background_image_as_pattern=\u00bbwithout_pattern\u00bb background_color=\u00bb#799900&#8243; z_index=\u00bb\u00bb css=\u00bb.vc_custom_1523400287498{padding-top: 30px !important;padding-bottom: 30px !important;background-color: #799900 !important;}\u00bb][vc_column][vc_column_text]<br \/>\n[\/vc_column_text][vc_single_image image=\u00bb1370&#8243; img_size=\u00bbfull\u00bb alignment=\u00bbcenter\u00bb qode_css_animation=\u00bb\u00bb][vc_column_text]<\/p>\n<h1 style=\"text-align: center;\"><span style=\"color: #ffffff;\">Dise\u00f1o y consultor\u00eda de centros sanitarios  <\/span><\/h1>\n<p>[\/vc_column_text][\/vc_column][\/vc_row][vc_row css_animation=\u00bb\u00bb row_type=\u00bbrow\u00bb use_row_as_full_screen_section=\u00bbno\u00bb type=\u00bbfull_width\u00bb angled_section=\u00bbno\u00bb text_align=\u00bbleft\u00bb background_image_as_pattern=\u00bbwithout_pattern\u00bb][vc_column][vc_empty_space height=\u00bb50px\u00bb][\/vc_column][\/vc_row][vc_row css_animation=\u00bb\u00bb row_type=\u00bbrow\u00bb use_row_as_full_screen_section=\u00bbyes\u00bb type=\u00bbgrid\u00bb angled_section=\u00bbno\u00bb text_align=\u00bbleft\u00bb background_image_as_pattern=\u00bbwithout_pattern\u00bb background_color=\u00bb#ffffff\u00bb z_index=\u00bb\u00bb][vc_column][vc_column_text]<span style=\"font-weight: 400;\">La eficiencia es primordial para los servicios que Thomas &amp; Hutton presta al sector sanitario. El \u00e9xito de los pacientes y los profesionales sanitarios depende de nuestro planteamiento sistem\u00e1tico del dise\u00f1o y el marco de funcionamiento de los hospitales. Nuestra experiencia abarca desde peque\u00f1as consultas m\u00e9dicas hasta grandes campus hospitalarios con m\u00faltiples centros de atenci\u00f3n. En todos los proyectos, confiamos en la aguda perspicacia de los profesionales sanitarios y en la experiencia de promotores inmobiliarios, arquitectos, ayuntamientos y otros contratistas con los que colaboramos para que estas instituciones funcionen correctamente.  <\/span>[\/vc_column_text][vc_empty_space height=\u00bb25px\u00bb][vc_empty_space height=\u00bb25px\u00bb][\/vc_column][\/vc_row][vc_row css_animation=\u00bb\u00bb row_type=\u00bbrow\u00bb use_row_as_full_screen_section=\u00bbno\u00bb type=\u00bbfull_width\u00bb angled_section=\u00bbno\u00bb text_align=\u00bbleft\u00bb background_image_as_pattern=\u00bbwithout_pattern\u00bb z_index=\u00bb\u00bb css=\u00bb.vc_custom_1527959868801{padding-bottom: 15px !important;}\u00bb][vc_column][vc_column_text]<\/p>\n<h3 style=\"text-align: center;\">Proyectos<\/h3>\n<p>[\/vc_column_text][\/vc_column][\/vc_row][vc_row css_animation=\u00bb\u00bb row_type=\u00bbrow\u00bb use_row_as_full_screen_section=\u00bbno\u00bb type=\u00bbgrid\u00bb angled_section=\u00bbno\u00bb text_align=\u00bbleft\u00bb background_image_as_pattern=\u00bbwithout_pattern\u00bb z_index=\u00bb\u00bb][vc_column]<div class='projects_holder_outer v3 portfolio_with_space portfolio_standard'><div class='projects_holder portfolio_main_holder clearfix v3 standard portfolio_landscape_image '>\n<article class='mix portfolio_category_54 portfolio_category_140 ' style=''><div class=\"item_holder split_up\"><a itemprop=\"url\" class=\"portfolio_link_class\" title=\"Joseph&#8217;s Candler West Chatham Campus\" href=\"https:\/\/www.thomasandhutton.com\/es\/portfolio_page\/josephs-candler-west-chatham-campus\/\"><\/a><div style=\"background-color: rgba(0,0,0,0.01)\" class=\"portfolio_shader\"><\/div><div class=\"image_holder\"><span class=\"image\"><img loading=\"lazy\" decoding=\"async\" width=\"800\" height=\"600\" src=\"https:\/\/www.thomasandhutton.com\/wp-content\/uploads\/2018\/04\/Rendering-Gresham-Smith-Architects-800x600.jpg\" class=\"attachment-portfolio-landscape size-portfolio-landscape wp-post-image\" alt=\"\" srcset=\"https:\/\/www.thomasandhutton.com\/wp-content\/uploads\/2018\/04\/Rendering-Gresham-Smith-Architects-800x600.jpg 800w, https:\/\/www.thomasandhutton.com\/wp-content\/uploads\/2018\/04\/Rendering-Gresham-Smith-Architects-300x225.jpg 300w, https:\/\/www.thomasandhutton.com\/wp-content\/uploads\/2018\/04\/Rendering-Gresham-Smith-Architects-768x576.jpg 768w, https:\/\/www.thomasandhutton.com\/wp-content\/uploads\/2018\/04\/Rendering-Gresham-Smith-Architects-1024x768.jpg 1024w, https:\/\/www.thomasandhutton.com\/wp-content\/uploads\/2018\/04\/Rendering-Gresham-Smith-Architects-700x525.jpg 700w, https:\/\/www.thomasandhutton.com\/wp-content\/uploads\/2018\/04\/Rendering-Gresham-Smith-Architects.jpg 1920w\" sizes=\"auto, (max-width: 800px) 100vw, 800px\" \/><\/span><\/div><\/div><div class='portfolio_description text_align_left' style=background-color:#ffffff;'><h5 itemprop=\"name\" class=\"portfolio_title entry_title\"><a itemprop=\"url\" href=\"https:\/\/www.thomasandhutton.com\/es\/portfolio_page\/josephs-candler-west-chatham-campus\/\" target=\"_self\" style=\"color: #799900;font-size: 24px\">Joseph&#8217;s Candler West Chatham Campus<\/a><\/h5><h5 itemprop=\"name\" class=\"portfolio_title entry_title2\"><a itemprop=\"url\" href=\"https:\/\/www.thomasandhutton.com\/es\/portfolio_page\/josephs-candler-west-chatham-campus\/\" target=\"_self\" style=\"color: #799900;font-size: 24px\"><div class=\"viewpro\"><div class=\"viewproimg\"><img loading=\"lazy\" decoding=\"async\" src=\"https:\/\/www.thomasandhutton.com\/wp-content\/uploads\/2018\/04\/arrow-1.png\" alt=\"Smiley face\" height=\"8\" width=\"20\"><\/div>View Project<\/div><\/a><\/h5><\/div><\/article>\n<article class='mix portfolio_category_69 portfolio_category_133 portfolio_category_54 portfolio_category_116 portfolio_category_140 ' style=''><div class=\"item_holder split_up\"><a itemprop=\"url\" class=\"portfolio_link_class\" title=\"Ortopedia Optim\" href=\"https:\/\/www.thomasandhutton.com\/es\/portfolio_page\/ortopedia-optim\/\"><\/a><div style=\"background-color: rgba(0,0,0,0.01)\" class=\"portfolio_shader\"><\/div><div class=\"image_holder\"><span class=\"image\"><img loading=\"lazy\" decoding=\"async\" width=\"800\" height=\"600\" src=\"https:\/\/www.thomasandhutton.com\/wp-content\/uploads\/2019\/05\/Optim_45-Custom-800x600.jpg\" class=\"attachment-portfolio-landscape size-portfolio-landscape wp-post-image\" alt=\"\" \/><\/span><\/div><\/div><div class='portfolio_description text_align_left' style=background-color:#ffffff;'><h5 itemprop=\"name\" class=\"portfolio_title entry_title\"><a itemprop=\"url\" href=\"https:\/\/www.thomasandhutton.com\/es\/portfolio_page\/ortopedia-optim\/\" target=\"_self\" style=\"color: #799900;font-size: 24px\">Ortopedia Optim<\/a><\/h5><h5 itemprop=\"name\" class=\"portfolio_title entry_title2\"><a itemprop=\"url\" href=\"https:\/\/www.thomasandhutton.com\/es\/portfolio_page\/ortopedia-optim\/\" target=\"_self\" style=\"color: #799900;font-size: 24px\"><div class=\"viewpro\"><div class=\"viewproimg\"><img loading=\"lazy\" decoding=\"async\" src=\"https:\/\/www.thomasandhutton.com\/wp-content\/uploads\/2018\/04\/arrow-1.png\" alt=\"Smiley face\" height=\"8\" width=\"20\"><\/div>View Project<\/div><\/a><\/h5><\/div><\/article>\n<article class='mix portfolio_category_54 portfolio_category_140 portfolio_category_87 ' style=''><div class=\"item_holder split_up\"><a itemprop=\"url\" class=\"portfolio_link_class\" title=\"Centro M\u00e9dico Universitario Memorial Health\" href=\"https:\/\/www.thomasandhutton.com\/es\/portfolio_page\/centro-medico-universitario-memorial-health\/\"><\/a><div style=\"background-color: rgba(0,0,0,0.01)\" class=\"portfolio_shader\"><\/div><div class=\"image_holder\"><span class=\"image\"><\/span><\/div><\/div><div class='portfolio_description text_align_left' style=background-color:#ffffff;'><h5 itemprop=\"name\" class=\"portfolio_title entry_title\"><a itemprop=\"url\" href=\"https:\/\/www.thomasandhutton.com\/es\/portfolio_page\/centro-medico-universitario-memorial-health\/\" target=\"_self\" style=\"color: #799900;font-size: 24px\">Centro M\u00e9dico Universitario Memorial Health<\/a><\/h5><h5 itemprop=\"name\" class=\"portfolio_title entry_title2\"><a itemprop=\"url\" href=\"https:\/\/www.thomasandhutton.com\/es\/portfolio_page\/centro-medico-universitario-memorial-health\/\" target=\"_self\" style=\"color: #799900;font-size: 24px\"><div class=\"viewpro\"><div class=\"viewproimg\"><img loading=\"lazy\" decoding=\"async\" src=\"https:\/\/www.thomasandhutton.com\/wp-content\/uploads\/2018\/04\/arrow-1.png\" alt=\"Smiley face\" height=\"8\" width=\"20\"><\/div>View Project<\/div><\/a><\/h5><\/div><\/article>\n<article class='mix portfolio_category_140 ' style=''><div class=\"item_holder split_up\"><a itemprop=\"url\" class=\"portfolio_link_class\" title=\"Edificio de consultorios m\u00e9dicos East Cooper\" href=\"https:\/\/www.thomasandhutton.com\/es\/portfolio_page\/edificio-de-consultorios-medicos-east-cooper-2\/\"><\/a><div style=\"background-color: rgba(0,0,0,0.01)\" class=\"portfolio_shader\"><\/div><div class=\"image_holder\"><span class=\"image\"><img loading=\"lazy\" decoding=\"async\" width=\"800\" height=\"600\" src=\"https:\/\/www.thomasandhutton.com\/wp-content\/uploads\/2018\/04\/East-Cooper-Regional-Medical-1001190210-800x600.jpg\" class=\"attachment-portfolio-landscape size-portfolio-landscape wp-post-image\" alt=\"\" srcset=\"https:\/\/www.thomasandhutton.com\/wp-content\/uploads\/2018\/04\/East-Cooper-Regional-Medical-1001190210-800x600.jpg 800w, https:\/\/www.thomasandhutton.com\/wp-content\/uploads\/2018\/04\/East-Cooper-Regional-Medical-1001190210-300x225.jpg 300w, https:\/\/www.thomasandhutton.com\/wp-content\/uploads\/2018\/04\/East-Cooper-Regional-Medical-1001190210-768x576.jpg 768w, https:\/\/www.thomasandhutton.com\/wp-content\/uploads\/2018\/04\/East-Cooper-Regional-Medical-1001190210-1024x768.jpg 1024w, https:\/\/www.thomasandhutton.com\/wp-content\/uploads\/2018\/04\/East-Cooper-Regional-Medical-1001190210-700x525.jpg 700w, https:\/\/www.thomasandhutton.com\/wp-content\/uploads\/2018\/04\/East-Cooper-Regional-Medical-1001190210.jpg 1920w\" sizes=\"auto, (max-width: 800px) 100vw, 800px\" \/><\/span><\/div><\/div><div class='portfolio_description text_align_left' style=background-color:#ffffff;'><h5 itemprop=\"name\" class=\"portfolio_title entry_title\"><a itemprop=\"url\" href=\"https:\/\/www.thomasandhutton.com\/es\/portfolio_page\/edificio-de-consultorios-medicos-east-cooper-2\/\" target=\"_self\" style=\"color: #799900;font-size: 24px\">Edificio de consultorios m\u00e9dicos East Cooper<\/a><\/h5><h5 itemprop=\"name\" class=\"portfolio_title entry_title2\"><a itemprop=\"url\" href=\"https:\/\/www.thomasandhutton.com\/es\/portfolio_page\/edificio-de-consultorios-medicos-east-cooper-2\/\" target=\"_self\" style=\"color: #799900;font-size: 24px\"><div class=\"viewpro\"><div class=\"viewproimg\"><img loading=\"lazy\" decoding=\"async\" src=\"https:\/\/www.thomasandhutton.com\/wp-content\/uploads\/2018\/04\/arrow-1.png\" alt=\"Smiley face\" height=\"8\" width=\"20\"><\/div>View Project<\/div><\/a><\/h5><\/div><\/article>\n<article class='mix portfolio_category_69 portfolio_category_133 portfolio_category_54 portfolio_category_140 ' style=''><div class=\"item_holder split_up\"><a itemprop=\"url\" class=\"portfolio_link_class\" title=\"Centro ambulatorio Hilton Head Bluffton\" href=\"https:\/\/www.thomasandhutton.com\/es\/portfolio_page\/centro-ambulatorio-hilton-head-bluffton\/\"><\/a><div style=\"background-color: rgba(0,0,0,0.01)\" class=\"portfolio_shader\"><\/div><div class=\"image_holder\"><span class=\"image\"><img loading=\"lazy\" decoding=\"async\" width=\"800\" height=\"600\" src=\"https:\/\/www.thomasandhutton.com\/wp-content\/uploads\/2018\/07\/2_BOP-1920x1440-800x600.jpg\" class=\"attachment-portfolio-landscape size-portfolio-landscape wp-post-image\" alt=\"\" srcset=\"https:\/\/www.thomasandhutton.com\/wp-content\/uploads\/2018\/07\/2_BOP-1920x1440-800x600.jpg 800w, https:\/\/www.thomasandhutton.com\/wp-content\/uploads\/2018\/07\/2_BOP-1920x1440-300x225.jpg 300w, https:\/\/www.thomasandhutton.com\/wp-content\/uploads\/2018\/07\/2_BOP-1920x1440-768x576.jpg 768w, https:\/\/www.thomasandhutton.com\/wp-content\/uploads\/2018\/07\/2_BOP-1920x1440-1024x768.jpg 1024w, https:\/\/www.thomasandhutton.com\/wp-content\/uploads\/2018\/07\/2_BOP-1920x1440-700x525.jpg 700w, https:\/\/www.thomasandhutton.com\/wp-content\/uploads\/2018\/07\/2_BOP-1920x1440.jpg 1920w\" sizes=\"auto, (max-width: 800px) 100vw, 800px\" \/><\/span><\/div><\/div><div class='portfolio_description text_align_left' style=background-color:#ffffff;'><h5 itemprop=\"name\" class=\"portfolio_title entry_title\"><a itemprop=\"url\" href=\"https:\/\/www.thomasandhutton.com\/es\/portfolio_page\/centro-ambulatorio-hilton-head-bluffton\/\" target=\"_self\" style=\"color: #799900;font-size: 24px\">Centro ambulatorio Hilton Head Bluffton<\/a><\/h5><h5 itemprop=\"name\" class=\"portfolio_title entry_title2\"><a itemprop=\"url\" href=\"https:\/\/www.thomasandhutton.com\/es\/portfolio_page\/centro-ambulatorio-hilton-head-bluffton\/\" target=\"_self\" style=\"color: #799900;font-size: 24px\"><div class=\"viewpro\"><div class=\"viewproimg\"><img loading=\"lazy\" decoding=\"async\" src=\"https:\/\/www.thomasandhutton.com\/wp-content\/uploads\/2018\/04\/arrow-1.png\" alt=\"Smiley face\" height=\"8\" width=\"20\"><\/div>View Project<\/div><\/a><\/h5><\/div><\/article>\n<article class='mix portfolio_category_133 portfolio_category_54 portfolio_category_140 ' style=''><div class=\"item_holder split_up\"><a itemprop=\"url\" class=\"portfolio_link_class\" title=\"Centro Oncol\u00f3gico Roper St. Francis\" href=\"https:\/\/www.thomasandhutton.com\/es\/portfolio_page\/centro-oncologico-roper-st-francis\/\"><\/a><div style=\"background-color: rgba(0,0,0,0.01)\" class=\"portfolio_shader\"><\/div><div class=\"image_holder\"><span class=\"image\"><img loading=\"lazy\" decoding=\"async\" width=\"800\" height=\"600\" src=\"https:\/\/www.thomasandhutton.com\/wp-content\/uploads\/2018\/10\/St_Francis_Cancer_Center_13-800x600.jpg\" class=\"attachment-portfolio-landscape size-portfolio-landscape wp-post-image\" alt=\"\" \/><\/span><\/div><\/div><div class='portfolio_description text_align_left' style=background-color:#ffffff;'><h5 itemprop=\"name\" class=\"portfolio_title entry_title\"><a itemprop=\"url\" href=\"https:\/\/www.thomasandhutton.com\/es\/portfolio_page\/centro-oncologico-roper-st-francis\/\" target=\"_self\" style=\"color: #799900;font-size: 24px\">Centro Oncol\u00f3gico Roper St. Francis<\/a><\/h5><h5 itemprop=\"name\" class=\"portfolio_title entry_title2\"><a itemprop=\"url\" href=\"https:\/\/www.thomasandhutton.com\/es\/portfolio_page\/centro-oncologico-roper-st-francis\/\" target=\"_self\" style=\"color: #799900;font-size: 24px\"><div class=\"viewpro\"><div class=\"viewproimg\"><img loading=\"lazy\" decoding=\"async\" src=\"https:\/\/www.thomasandhutton.com\/wp-content\/uploads\/2018\/04\/arrow-1.png\" alt=\"Smiley face\" height=\"8\" width=\"20\"><\/div>View Project<\/div><\/a><\/h5><\/div><\/article>\n<div class='filler'><\/div>\n<div class='filler'><\/div>\n<div class='filler'><\/div>\n<\/div><div class=\"portfolio_paging\"><span rel=\"2\" class=\"load_more\"><a href=\"https:\/\/www.thomasandhutton.com\/es\/wp-json\/wp\/v2\/pages\/20636\/page\/2\/\" >Show more<\/a><\/span><\/div><div class=\"portfolio_paging_loading\"><a href=\"javascript: void(0)\" class=\"qbutton\">Loading...<\/a><\/div><\/div>[\/vc_column][\/vc_row]<\/p>\n<\/div>","protected":false},"excerpt":{"rendered":"<p>[vc_row css_animation=\u00bb\u00bb row_type=\u00bbrow\u00bb use_row_as_full_screen_section=\u00bbno\u00bb type=\u00bbfull_width\u00bb angled_section=\u00bbno\u00bb text_align=\u00bbleft\u00bb background_image_as_pattern=\u00bbwithout_pattern\u00bb background_color=\u00bb#799900&#8243; z_index=\u00bb\u00bb css=\u00bb.vc_custom_1523400287498{padding-top: 30px !important;padding-bottom: 30px !important;background-color: #799900 !important;}\u00bb][vc_column][vc_column_text] [\/vc_column_text][vc_single_image image=\u00bb1370&#8243; img_size=\u00bbfull\u00bb alignment=\u00bbcenter\u00bb qode_css_animation=\u00bb\u00bb][vc_column_text] Dise\u00f1o y consultor\u00eda de centros sanitarios [\/vc_column_text][\/vc_column][\/vc_row][vc_row css_animation=\u00bb\u00bb row_type=\u00bbrow\u00bb use_row_as_full_screen_section=\u00bbno\u00bb type=\u00bbfull_width\u00bb angled_section=\u00bbno\u00bb text_align=\u00bbleft\u00bb background_image_as_pattern=\u00bbwithout_pattern\u00bb][vc_column][vc_empty_space height=\u00bb50px\u00bb][\/vc_column][\/vc_row][vc_row css_animation=\u00bb\u00bb row_type=\u00bbrow\u00bb use_row_as_full_screen_section=\u00bbyes\u00bb type=\u00bbgrid\u00bb angled_section=\u00bbno\u00bb text_align=\u00bbleft\u00bb background_image_as_pattern=\u00bbwithout_pattern\u00bb background_color=\u00bb#ffffff\u00bb<\/p>\n","protected":false},"author":7,"featured_media":0,"parent":0,"menu_order":0,"comment_status":"closed","ping_status":"closed","template":"full_width.php","meta":{"content-type":"","footnotes":""},"class_list":["post-20636","page","type-page","status-publish","hentry"],"yoast_head":"<!-- This site is optimized with the Yoast SEO plugin v27.3 - https:\/\/yoast.com\/product\/yoast-seo-wordpress\/ -->\n<title>Consultor\u00eda y dise\u00f1o de instalaciones sanitarias | Thomas &amp; Hutton<\/title>\n<meta name=\"description\" content=\"El \u00e9xito de los pacientes y los profesionales sanitarios depende de nuestro planteamiento sistem\u00e1tico del dise\u00f1o y el marco de funcionamiento de los hospitales.\" \/>\n<meta name=\"robots\" content=\"index, follow, max-snippet:-1, max-image-preview:large, max-video-preview:-1\" \/>\n<link rel=\"canonical\" href=\"https:\/\/www.thomasandhutton.com\/es\/sanidad\/\" \/>\n<meta property=\"og:locale\" content=\"es_ES\" \/>\n<meta property=\"og:type\" content=\"article\" \/>\n<meta property=\"og:title\" content=\"Consultor\u00eda y dise\u00f1o de instalaciones sanitarias | Thomas &amp; Hutton\" \/>\n<meta property=\"og:description\" content=\"El \u00e9xito de los pacientes y los profesionales sanitarios depende de nuestro planteamiento sistem\u00e1tico del dise\u00f1o y el marco de funcionamiento de los hospitales.\" \/>\n<meta property=\"og:url\" content=\"https:\/\/www.thomasandhutton.com\/es\/sanidad\/\" \/>\n<meta property=\"og:site_name\" content=\"Thomas &amp; Hutton\" \/>\n<meta property=\"article:publisher\" content=\"https:\/\/www.facebook.com\/THengineers\/\" \/>\n<meta property=\"article:modified_time\" content=\"2023-03-03T18:08:05+00:00\" \/>\n<meta name=\"twitter:card\" content=\"summary_large_image\" \/>\n<meta name=\"twitter:site\" content=\"@thomasandhutton\" \/>\n<meta name=\"twitter:label1\" content=\"Tiempo de lectura\" \/>\n\t<meta name=\"twitter:data1\" content=\"2 minutos\" \/>\n<script type=\"application\/ld+json\" class=\"yoast-schema-graph\">{\"@context\":\"https:\\\/\\\/schema.org\",\"@graph\":[{\"@type\":\"WebPage\",\"@id\":\"https:\\\/\\\/www.thomasandhutton.com\\\/es\\\/sanidad\\\/\",\"url\":\"https:\\\/\\\/www.thomasandhutton.com\\\/es\\\/sanidad\\\/\",\"name\":\"Consultor\u00eda y dise\u00f1o de instalaciones sanitarias | Thomas & Hutton\",\"isPartOf\":{\"@id\":\"https:\\\/\\\/www.thomasandhutton.com\\\/es\\\/#website\"},\"datePublished\":\"2018-04-28T19:16:33+00:00\",\"dateModified\":\"2023-03-03T18:08:05+00:00\",\"description\":\"El \u00e9xito de los pacientes y los profesionales sanitarios depende de nuestro planteamiento sistem\u00e1tico del dise\u00f1o y el marco de funcionamiento de los hospitales.\",\"breadcrumb\":{\"@id\":\"https:\\\/\\\/www.thomasandhutton.com\\\/es\\\/sanidad\\\/#breadcrumb\"},\"inLanguage\":\"es\",\"potentialAction\":[{\"@type\":\"ReadAction\",\"target\":[\"https:\\\/\\\/www.thomasandhutton.com\\\/es\\\/sanidad\\\/\"]}]},{\"@type\":\"BreadcrumbList\",\"@id\":\"https:\\\/\\\/www.thomasandhutton.com\\\/es\\\/sanidad\\\/#breadcrumb\",\"itemListElement\":[{\"@type\":\"ListItem\",\"position\":1,\"name\":\"Home\",\"item\":\"https:\\\/\\\/www.thomasandhutton.com\\\/es\\\/inicio\\\/\"},{\"@type\":\"ListItem\",\"position\":2,\"name\":\"Sanidad\"}]},{\"@type\":\"WebSite\",\"@id\":\"https:\\\/\\\/www.thomasandhutton.com\\\/es\\\/#website\",\"url\":\"https:\\\/\\\/www.thomasandhutton.com\\\/es\\\/\",\"name\":\"Thomas & Hutton\",\"description\":\"Engineering | Surveying | Landscape Architecture | GIS | Consulting\",\"publisher\":{\"@id\":\"https:\\\/\\\/www.thomasandhutton.com\\\/es\\\/#organization\"},\"potentialAction\":[{\"@type\":\"SearchAction\",\"target\":{\"@type\":\"EntryPoint\",\"urlTemplate\":\"https:\\\/\\\/www.thomasandhutton.com\\\/es\\\/?s={search_term_string}\"},\"query-input\":{\"@type\":\"PropertyValueSpecification\",\"valueRequired\":true,\"valueName\":\"search_term_string\"}}],\"inLanguage\":\"es\"},{\"@type\":\"Organization\",\"@id\":\"https:\\\/\\\/www.thomasandhutton.com\\\/es\\\/#organization\",\"name\":\"Thomas & Hutton\",\"url\":\"https:\\\/\\\/www.thomasandhutton.com\\\/es\\\/\",\"logo\":{\"@type\":\"ImageObject\",\"inLanguage\":\"es\",\"@id\":\"https:\\\/\\\/www.thomasandhutton.com\\\/es\\\/#\\\/schema\\\/logo\\\/image\\\/\",\"url\":\"https:\\\/\\\/www.thomasandhutton.com\\\/wp-content\\\/uploads\\\/2018\\\/06\\\/TH_LOGO__2.png\",\"contentUrl\":\"https:\\\/\\\/www.thomasandhutton.com\\\/wp-content\\\/uploads\\\/2018\\\/06\\\/TH_LOGO__2.png\",\"width\":141,\"height\":46,\"caption\":\"Thomas & Hutton\"},\"image\":{\"@id\":\"https:\\\/\\\/www.thomasandhutton.com\\\/es\\\/#\\\/schema\\\/logo\\\/image\\\/\"},\"sameAs\":[\"https:\\\/\\\/www.facebook.com\\\/THengineers\\\/\",\"https:\\\/\\\/x.com\\\/thomasandhutton\",\"https:\\\/\\\/www.instagram.com\\\/ThomasandHutton\\\/\",\"https:\\\/\\\/www.linkedin.com\\\/company\\\/thomas-&amp;amp;-hutton-engineering-co.\",\"https:\\\/\\\/www.youtube.com\\\/user\\\/ThomasandHutton\"]}]}<\/script>\n<!-- \/ Yoast SEO plugin. -->","yoast_head_json":{"title":"Consultor\u00eda y dise\u00f1o de instalaciones sanitarias | Thomas & Hutton","description":"El \u00e9xito de los pacientes y los profesionales sanitarios depende de nuestro planteamiento sistem\u00e1tico del dise\u00f1o y el marco de funcionamiento de los hospitales.","robots":{"index":"index","follow":"follow","max-snippet":"max-snippet:-1","max-image-preview":"max-image-preview:large","max-video-preview":"max-video-preview:-1"},"canonical":"https:\/\/www.thomasandhutton.com\/es\/sanidad\/","og_locale":"es_ES","og_type":"article","og_title":"Consultor\u00eda y dise\u00f1o de instalaciones sanitarias | Thomas & Hutton","og_description":"El \u00e9xito de los pacientes y los profesionales sanitarios depende de nuestro planteamiento sistem\u00e1tico del dise\u00f1o y el marco de funcionamiento de los hospitales.","og_url":"https:\/\/www.thomasandhutton.com\/es\/sanidad\/","og_site_name":"Thomas &amp; Hutton","article_publisher":"https:\/\/www.facebook.com\/THengineers\/","article_modified_time":"2023-03-03T18:08:05+00:00","twitter_card":"summary_large_image","twitter_site":"@thomasandhutton","twitter_misc":{"Tiempo de lectura":"2 minutos"},"schema":{"@context":"https:\/\/schema.org","@graph":[{"@type":"WebPage","@id":"https:\/\/www.thomasandhutton.com\/es\/sanidad\/","url":"https:\/\/www.thomasandhutton.com\/es\/sanidad\/","name":"Consultor\u00eda y dise\u00f1o de instalaciones sanitarias | Thomas & Hutton","isPartOf":{"@id":"https:\/\/www.thomasandhutton.com\/es\/#website"},"datePublished":"2018-04-28T19:16:33+00:00","dateModified":"2023-03-03T18:08:05+00:00","description":"El \u00e9xito de los pacientes y los profesionales sanitarios depende de nuestro planteamiento sistem\u00e1tico del dise\u00f1o y el marco de funcionamiento de los hospitales.","breadcrumb":{"@id":"https:\/\/www.thomasandhutton.com\/es\/sanidad\/#breadcrumb"},"inLanguage":"es","potentialAction":[{"@type":"ReadAction","target":["https:\/\/www.thomasandhutton.com\/es\/sanidad\/"]}]},{"@type":"BreadcrumbList","@id":"https:\/\/www.thomasandhutton.com\/es\/sanidad\/#breadcrumb","itemListElement":[{"@type":"ListItem","position":1,"name":"Home","item":"https:\/\/www.thomasandhutton.com\/es\/inicio\/"},{"@type":"ListItem","position":2,"name":"Sanidad"}]},{"@type":"WebSite","@id":"https:\/\/www.thomasandhutton.com\/es\/#website","url":"https:\/\/www.thomasandhutton.com\/es\/","name":"Thomas & Hutton","description":"Engineering | Surveying | Landscape Architecture | GIS | Consulting","publisher":{"@id":"https:\/\/www.thomasandhutton.com\/es\/#organization"},"potentialAction":[{"@type":"SearchAction","target":{"@type":"EntryPoint","urlTemplate":"https:\/\/www.thomasandhutton.com\/es\/?s={search_term_string}"},"query-input":{"@type":"PropertyValueSpecification","valueRequired":true,"valueName":"search_term_string"}}],"inLanguage":"es"},{"@type":"Organization","@id":"https:\/\/www.thomasandhutton.com\/es\/#organization","name":"Thomas & Hutton","url":"https:\/\/www.thomasandhutton.com\/es\/","logo":{"@type":"ImageObject","inLanguage":"es","@id":"https:\/\/www.thomasandhutton.com\/es\/#\/schema\/logo\/image\/","url":"https:\/\/www.thomasandhutton.com\/wp-content\/uploads\/2018\/06\/TH_LOGO__2.png","contentUrl":"https:\/\/www.thomasandhutton.com\/wp-content\/uploads\/2018\/06\/TH_LOGO__2.png","width":141,"height":46,"caption":"Thomas & Hutton"},"image":{"@id":"https:\/\/www.thomasandhutton.com\/es\/#\/schema\/logo\/image\/"},"sameAs":["https:\/\/www.facebook.com\/THengineers\/","https:\/\/x.com\/thomasandhutton","https:\/\/www.instagram.com\/ThomasandHutton\/","https:\/\/www.linkedin.com\/company\/thomas-&amp;amp;-hutton-engineering-co.","https:\/\/www.youtube.com\/user\/ThomasandHutton"]}]}},"_links":{"self":[{"href":"https:\/\/www.thomasandhutton.com\/es\/wp-json\/wp\/v2\/pages\/20636","targetHints":{"allow":["GET"]}}],"collection":[{"href":"https:\/\/www.thomasandhutton.com\/es\/wp-json\/wp\/v2\/pages"}],"about":[{"href":"https:\/\/www.thomasandhutton.com\/es\/wp-json\/wp\/v2\/types\/page"}],"author":[{"embeddable":true,"href":"https:\/\/www.thomasandhutton.com\/es\/wp-json\/wp\/v2\/users\/7"}],"replies":[{"embeddable":true,"href":"https:\/\/www.thomasandhutton.com\/es\/wp-json\/wp\/v2\/comments?post=20636"}],"version-history":[{"count":3,"href":"https:\/\/www.thomasandhutton.com\/es\/wp-json\/wp\/v2\/pages\/20636\/revisions"}],"predecessor-version":[{"id":21362,"href":"https:\/\/www.thomasandhutton.com\/es\/wp-json\/wp\/v2\/pages\/20636\/revisions\/21362"}],"wp:attachment":[{"href":"https:\/\/www.thomasandhutton.com\/es\/wp-json\/wp\/v2\/media?parent=20636"}],"curies":[{"name":"wp","href":"https:\/\/api.w.org\/{rel}","templated":true}]}}