{"id":20790,"date":"2018-04-30T17:07:05","date_gmt":"2018-04-30T17:07:05","guid":{"rendered":"https:\/\/www.thomasandhutton.com\/graficos\/"},"modified":"2023-03-03T18:14:20","modified_gmt":"2023-03-03T18:14:20","slug":"graficos","status":"publish","type":"page","link":"https:\/\/www.thomasandhutton.com\/es\/graficos\/","title":{"rendered":"Gr\u00e1ficos"},"content":{"rendered":"<div class=\"wpb-content-wrapper\"><p>[vc_row css_animation=\u00bb\u00bb row_type=\u00bbrow\u00bb use_row_as_full_screen_section=\u00bbno\u00bb type=\u00bbfull_width\u00bb angled_section=\u00bbno\u00bb text_align=\u00bbleft\u00bb background_image_as_pattern=\u00bbwithout_pattern\u00bb background_color=\u00bb#799900&#8243; z_index=\u00bb\u00bb css=\u00bb.vc_custom_1523400287498{padding-top: 30px !important;padding-bottom: 30px !important;background-color: #799900 !important;}\u00bb][vc_column][vc_column_text][\/vc_column_text][vc_single_image image=\u00bb1695&#8243; img_size=\u00bbfull\u00bb alignment=\u00bbcenter\u00bb qode_css_animation=\u00bb\u00bb][vc_column_text]<\/p>\n<h1 style=\"text-align: center;\"><span style=\"color: #ffffff;\">Servicios de dise\u00f1o gr\u00e1fico<\/span><\/h1>\n<p>[\/vc_column_text][\/vc_column][\/vc_row][vc_row css_animation=\u00bb\u00bb row_type=\u00bbrow\u00bb use_row_as_full_screen_section=\u00bbno\u00bb type=\u00bbfull_width\u00bb angled_section=\u00bbno\u00bb text_align=\u00bbleft\u00bb background_image_as_pattern=\u00bbwithout_pattern\u00bb][vc_column][vc_empty_space height=\u00bb50px\u00bb][\/vc_column][\/vc_row][vc_row css_animation=\u00bb\u00bb row_type=\u00bbrow\u00bb use_row_as_full_screen_section=\u00bbyes\u00bb type=\u00bbgrid\u00bb angled_section=\u00bbno\u00bb text_align=\u00bbleft\u00bb background_image_as_pattern=\u00bbwithout_pattern\u00bb background_color=\u00bb#ffffff\u00bb z_index=\u00bb\u00bb][vc_column][vc_column_text]<span style=\"font-weight: 400;\">Adem\u00e1s de los servicios de ingenier\u00eda, ofrecemos servicios de dise\u00f1o gr\u00e1fico que fomentan el crecimiento y comunican con mayor claridad el mensaje deseado por el cliente. Nuestro objetivo es proporcionar a nuestros clientes los mejores recursos disponibles mediante la creaci\u00f3n de dise\u00f1os innovadores para ampliar su influencia en el marketing.  <\/span>[\/vc_column_text][vc_empty_space height=\u00bb20px\u00bb][vc_column_text]<\/p>\n<h3><span style=\"font-weight: 400;\">Alcance de los servicios:<\/span><\/h3>\n<p>[\/vc_column_text][vc_empty_space height=\u00bb12px\u00bb][vc_row_inner row_type=\u00bbrow\u00bb type=\u00bbfull_width\u00bb text_align=\u00bbleft\u00bb css_animation=\u00bb\u00bb][vc_column_inner width=\u00bb1\/2&#8243;][vc_column_text]<\/p>\n<ul>\n<li style=\"font-weight: 400;\"><span style=\"font-weight: 400;\">Renderizados 3D<\/span><\/li>\n<li style=\"font-weight: 400;\"><span style=\"font-weight: 400;\">Exposiciones a\u00e9reas y mapas regionales<\/span><\/li>\n<li style=\"font-weight: 400;\"><span style=\"font-weight: 400;\">Material de marketing<\/span><\/li>\n<li style=\"font-weight: 400;\"><span style=\"font-weight: 400;\">Planes maestros<\/span><\/li>\n<li style=\"font-weight: 400;\"><span style=\"font-weight: 400;\">Mapas de ventas<\/span><\/li>\n<li style=\"font-weight: 400;\"><span style=\"font-weight: 400;\">Gr\u00e1ficos y publicaciones web<\/span><\/li>\n<\/ul>\n<p>[\/vc_column_text][\/vc_column_inner][vc_column_inner width=\u00bb1\/2&#8243;][\/vc_column_inner][\/vc_row_inner][vc_empty_space height=\u00bb25px\u00bb][vc_column_text]<\/p>\n<h3 style=\"text-align: center;\">Proyectos<\/h3>\n<p>[\/vc_column_text]<div class='projects_holder_outer v3 portfolio_with_space portfolio_standard'><div class='projects_holder portfolio_main_holder clearfix v3 standard portfolio_landscape_image '>\n<article class='mix portfolio_category_129 ' style=''><div class=\"item_holder split_up\"><a itemprop=\"url\" class=\"portfolio_link_class\" title=\"Renderizados 2D\" href=\"https:\/\/www.thomasandhutton.com\/es\/portfolio_page\/renderizados-2d\/\"><\/a><div style=\"background-color: rgba(0,0,0,0.01)\" class=\"portfolio_shader\"><\/div><div class=\"image_holder\"><span class=\"image\"><img loading=\"lazy\" decoding=\"async\" width=\"800\" height=\"600\" src=\"https:\/\/www.thomasandhutton.com\/wp-content\/uploads\/2018\/09\/Hero-Image-graphics-2d-sales-map-800x600.jpg\" class=\"attachment-portfolio-landscape size-portfolio-landscape wp-post-image\" alt=\"\" \/><\/span><\/div><\/div><div class='portfolio_description text_align_left' style=background-color:#ffffff;'><h5 itemprop=\"name\" class=\"portfolio_title entry_title\"><a itemprop=\"url\" href=\"https:\/\/www.thomasandhutton.com\/es\/portfolio_page\/renderizados-2d\/\" target=\"_self\" style=\"color: #799900;font-size: 24px\">Renderizados 2D<\/a><\/h5><h5 itemprop=\"name\" class=\"portfolio_title entry_title2\"><a itemprop=\"url\" href=\"https:\/\/www.thomasandhutton.com\/es\/portfolio_page\/renderizados-2d\/\" target=\"_self\" style=\"color: #799900;font-size: 24px\"><div class=\"viewpro\"><div class=\"viewproimg\"><img loading=\"lazy\" decoding=\"async\" src=\"https:\/\/www.thomasandhutton.com\/wp-content\/uploads\/2018\/04\/arrow-1.png\" alt=\"Smiley face\" height=\"8\" width=\"20\"><\/div>View Project<\/div><\/a><\/h5><\/div><\/article>\n<article class='mix portfolio_category_129 ' style=''><div class=\"item_holder split_up\"><a itemprop=\"url\" class=\"portfolio_link_class\" title=\"Visualizaci\u00f3n 3D\" href=\"https:\/\/www.thomasandhutton.com\/es\/portfolio_page\/visualizacion-3d\/\"><\/a><div style=\"background-color: rgba(0,0,0,0.01)\" class=\"portfolio_shader\"><\/div><div class=\"image_holder\"><span class=\"image\"><img loading=\"lazy\" decoding=\"async\" width=\"800\" height=\"600\" src=\"https:\/\/www.thomasandhutton.com\/wp-content\/uploads\/2018\/06\/Future-Manufacturing-Facility-800x600.jpg\" class=\"attachment-portfolio-landscape size-portfolio-landscape wp-post-image\" alt=\"\" \/><\/span><\/div><\/div><div class='portfolio_description text_align_left' style=background-color:#ffffff;'><h5 itemprop=\"name\" class=\"portfolio_title entry_title\"><a itemprop=\"url\" href=\"https:\/\/www.thomasandhutton.com\/es\/portfolio_page\/visualizacion-3d\/\" target=\"_self\" style=\"color: #799900;font-size: 24px\">Visualizaci\u00f3n 3D<\/a><\/h5><h5 itemprop=\"name\" class=\"portfolio_title entry_title2\"><a itemprop=\"url\" href=\"https:\/\/www.thomasandhutton.com\/es\/portfolio_page\/visualizacion-3d\/\" target=\"_self\" style=\"color: #799900;font-size: 24px\"><div class=\"viewpro\"><div class=\"viewproimg\"><img loading=\"lazy\" decoding=\"async\" src=\"https:\/\/www.thomasandhutton.com\/wp-content\/uploads\/2018\/04\/arrow-1.png\" alt=\"Smiley face\" height=\"8\" width=\"20\"><\/div>View Project<\/div><\/a><\/h5><\/div><\/article>\n<article class='mix portfolio_category_129 ' style=''><div class=\"item_holder split_up\"><a itemprop=\"url\" class=\"portfolio_link_class\" title=\"Mapas\" href=\"https:\/\/www.thomasandhutton.com\/es\/portfolio_page\/mapas\/\"><\/a><div style=\"background-color: rgba(0,0,0,0.01)\" class=\"portfolio_shader\"><\/div><div class=\"image_holder\"><span class=\"image\"><img loading=\"lazy\" decoding=\"async\" width=\"800\" height=\"600\" src=\"https:\/\/www.thomasandhutton.com\/wp-content\/uploads\/2018\/09\/Gallery-Image-Nashville-800x600.jpg\" class=\"attachment-portfolio-landscape size-portfolio-landscape wp-post-image\" alt=\"\" srcset=\"https:\/\/www.thomasandhutton.com\/wp-content\/uploads\/2018\/09\/Gallery-Image-Nashville-800x600.jpg 800w, https:\/\/www.thomasandhutton.com\/wp-content\/uploads\/2018\/09\/Gallery-Image-Nashville-300x225.jpg 300w, https:\/\/www.thomasandhutton.com\/wp-content\/uploads\/2018\/09\/Gallery-Image-Nashville-768x576.jpg 768w, https:\/\/www.thomasandhutton.com\/wp-content\/uploads\/2018\/09\/Gallery-Image-Nashville-1024x768.jpg 1024w, https:\/\/www.thomasandhutton.com\/wp-content\/uploads\/2018\/09\/Gallery-Image-Nashville-700x525.jpg 700w, https:\/\/www.thomasandhutton.com\/wp-content\/uploads\/2018\/09\/Gallery-Image-Nashville.jpg 1920w\" sizes=\"auto, (max-width: 800px) 100vw, 800px\" \/><\/span><\/div><\/div><div class='portfolio_description text_align_left' style=background-color:#ffffff;'><h5 itemprop=\"name\" class=\"portfolio_title entry_title\"><a itemprop=\"url\" href=\"https:\/\/www.thomasandhutton.com\/es\/portfolio_page\/mapas\/\" target=\"_self\" style=\"color: #799900;font-size: 24px\">Mapas<\/a><\/h5><h5 itemprop=\"name\" class=\"portfolio_title entry_title2\"><a itemprop=\"url\" href=\"https:\/\/www.thomasandhutton.com\/es\/portfolio_page\/mapas\/\" target=\"_self\" style=\"color: #799900;font-size: 24px\"><div class=\"viewpro\"><div class=\"viewproimg\"><img loading=\"lazy\" decoding=\"async\" src=\"https:\/\/www.thomasandhutton.com\/wp-content\/uploads\/2018\/04\/arrow-1.png\" alt=\"Smiley face\" height=\"8\" width=\"20\"><\/div>View Project<\/div><\/a><\/h5><\/div><\/article>\n<article class='mix portfolio_category_129 ' style=''><div class=\"item_holder split_up\"><a itemprop=\"url\" class=\"portfolio_link_class\" title=\"Diagramas e ilustraciones\" href=\"https:\/\/www.thomasandhutton.com\/es\/portfolio_page\/diagramas-e-ilustraciones\/\"><\/a><div style=\"background-color: rgba(0,0,0,0.01)\" class=\"portfolio_shader\"><\/div><div class=\"image_holder\"><span class=\"image\"><img loading=\"lazy\" decoding=\"async\" width=\"800\" height=\"600\" src=\"https:\/\/www.thomasandhutton.com\/wp-content\/uploads\/2018\/09\/Gallery-Image-Forest-Acres-1-800x600.jpg\" class=\"attachment-portfolio-landscape size-portfolio-landscape wp-post-image\" alt=\"\" srcset=\"https:\/\/www.thomasandhutton.com\/wp-content\/uploads\/2018\/09\/Gallery-Image-Forest-Acres-1-800x600.jpg 800w, https:\/\/www.thomasandhutton.com\/wp-content\/uploads\/2018\/09\/Gallery-Image-Forest-Acres-1-300x225.jpg 300w, https:\/\/www.thomasandhutton.com\/wp-content\/uploads\/2018\/09\/Gallery-Image-Forest-Acres-1-768x576.jpg 768w, https:\/\/www.thomasandhutton.com\/wp-content\/uploads\/2018\/09\/Gallery-Image-Forest-Acres-1-1024x768.jpg 1024w, https:\/\/www.thomasandhutton.com\/wp-content\/uploads\/2018\/09\/Gallery-Image-Forest-Acres-1-700x525.jpg 700w, https:\/\/www.thomasandhutton.com\/wp-content\/uploads\/2018\/09\/Gallery-Image-Forest-Acres-1.jpg 1920w\" sizes=\"auto, (max-width: 800px) 100vw, 800px\" \/><\/span><\/div><\/div><div class='portfolio_description text_align_left' style=background-color:#ffffff;'><h5 itemprop=\"name\" class=\"portfolio_title entry_title\"><a itemprop=\"url\" href=\"https:\/\/www.thomasandhutton.com\/es\/portfolio_page\/diagramas-e-ilustraciones\/\" target=\"_self\" style=\"color: #799900;font-size: 24px\">Diagramas e ilustraciones<\/a><\/h5><h5 itemprop=\"name\" class=\"portfolio_title entry_title2\"><a itemprop=\"url\" href=\"https:\/\/www.thomasandhutton.com\/es\/portfolio_page\/diagramas-e-ilustraciones\/\" target=\"_self\" style=\"color: #799900;font-size: 24px\"><div class=\"viewpro\"><div class=\"viewproimg\"><img loading=\"lazy\" decoding=\"async\" src=\"https:\/\/www.thomasandhutton.com\/wp-content\/uploads\/2018\/04\/arrow-1.png\" alt=\"Smiley face\" height=\"8\" width=\"20\"><\/div>View Project<\/div><\/a><\/h5><\/div><\/article>\n<article class='mix portfolio_category_129 ' style=''><div class=\"item_holder split_up\"><a itemprop=\"url\" class=\"portfolio_link_class\" title=\"Material impreso\" href=\"https:\/\/www.thomasandhutton.com\/es\/portfolio_page\/material-impreso\/\"><\/a><div style=\"background-color: rgba(0,0,0,0.01)\" class=\"portfolio_shader\"><\/div><div class=\"image_holder\"><span class=\"image\"><img loading=\"lazy\" decoding=\"async\" width=\"800\" height=\"600\" src=\"https:\/\/www.thomasandhutton.com\/wp-content\/uploads\/2018\/09\/Banners_Display_rev1-800x600.jpg\" class=\"attachment-portfolio-landscape size-portfolio-landscape wp-post-image\" alt=\"\" \/><\/span><\/div><\/div><div class='portfolio_description text_align_left' style=background-color:#ffffff;'><h5 itemprop=\"name\" class=\"portfolio_title entry_title\"><a itemprop=\"url\" href=\"https:\/\/www.thomasandhutton.com\/es\/portfolio_page\/material-impreso\/\" target=\"_self\" style=\"color: #799900;font-size: 24px\">Material impreso<\/a><\/h5><h5 itemprop=\"name\" class=\"portfolio_title entry_title2\"><a itemprop=\"url\" href=\"https:\/\/www.thomasandhutton.com\/es\/portfolio_page\/material-impreso\/\" target=\"_self\" style=\"color: #799900;font-size: 24px\"><div class=\"viewpro\"><div class=\"viewproimg\"><img loading=\"lazy\" decoding=\"async\" src=\"https:\/\/www.thomasandhutton.com\/wp-content\/uploads\/2018\/04\/arrow-1.png\" alt=\"Smiley face\" height=\"8\" width=\"20\"><\/div>View Project<\/div><\/a><\/h5><\/div><\/article>\n<div class='filler'><\/div>\n<div class='filler'><\/div>\n<div class='filler'><\/div>\n<\/div><\/div>[\/vc_column][\/vc_row][vc_row css_animation=\u00bb\u00bb row_type=\u00bbrow\u00bb use_row_as_full_screen_section=\u00bbno\u00bb type=\u00bbgrid\u00bb angled_section=\u00bbno\u00bb text_align=\u00bbleft\u00bb background_image_as_pattern=\u00bbwithout_pattern\u00bb z_index=\u00bb\u00bb][vc_column][\/vc_column][\/vc_row][vc_row css_animation=\u00bb\u00bb row_type=\u00bbrow\u00bb use_row_as_full_screen_section=\u00bbno\u00bb type=\u00bbfull_width\u00bb angled_section=\u00bbno\u00bb text_align=\u00bbleft\u00bb background_image_as_pattern=\u00bbwithout_pattern\u00bb css=\u00bb.vc_custom_1523407853199{padding: 60px !important;background-color: #f0f0f0 !important;}\u00bb z_index=\u00bb\u00bb][vc_column][vc_row_inner row_type=\u00bbrow\u00bb type=\u00bbfull_width\u00bb text_align=\u00bbleft\u00bb css_animation=\u00bb\u00bb css=\u00bb.vc_custom_1523407796138{padding: 30px !important;}\u00bb][vc_column_inner][vc_column_text]<\/p>\n<h2 style=\"text-align: center; font-size: 50px;\">JEFE DE SERVICIO<\/h2>\n<p>[\/vc_column_text][\/vc_column_inner][\/vc_row_inner][vc_row_inner row_type=\u00bbrow\u00bb type=\u00bbgrid\u00bb text_align=\u00bbcenter\u00bb css_animation=\u00bb\u00bb css=\u00bb.vc_custom_1523922363788{padding: 0px !important;}\u00bb][vc_column_inner width=\u00bb1\/3&#8243;][\/vc_column_inner][vc_column_inner width=\u00bb1\/3&#8243;][vc_single_image image=\u00bb2673&#8243; img_size=\u00bbfull\u00bb alignment=\u00bbcenter\u00bb qode_css_animation=\u00bb\u00bb][vc_empty_space height=\u00bb15px\u00bb]<div class=\"qode-accordion-holder clearfix qode-toggle qode-initial \">\n\t<h5 class=\"clearfix qode-title-holder\">\n<span class=\"qode-tab-title\">\n\t    <span class=\"qode-tab-title-inner\">\n        Brad Rife    <\/span>\n<\/span>\n<span class=\"qode-accordion-mark\">\n    <span class=\"qode-accordion-mark-icon\">\n        <span class=\"icon_plus\"><\/span>\n        <span class=\"icon_minus-06\"><\/span>\n    <\/span>\n<\/span>\n<\/h5>\n<div class=\"qode-accordion-content \" >\n    <div class=\"qode-accordion-content-inner\">\n        [vc_column_text]<\/p>\n<p style=\"text-align: left;\"><em>Savannah, GA<\/em><\/p>\n<p>[\/vc_column_text][vc_column_text]<\/p>\n<p style=\"text-align: left;\"><strong>p<\/strong> 912-234-5300 <strong>d<\/strong><b> <\/b>912-721-4123<br \/>\n<a href=\"mailto:rife.b@tandh.com\">rife.b@tandh.com<\/a><\/p>\n<p style=\"text-align: right;\"><span data-type=\"normal\"  class=\"qode_icon_shortcode  q_font_awsome_icon   \" style=\" \"><i class=\"qode_icon_font_awesome fa fa-long-arrow-right qode_icon_element\" style=\"color: #799900;\" ><\/i><\/span><a href=\"https:\/\/www.thomasandhutton.com\/es\/brad-rife\/\"><strong><span style=\"color: #799900;\">Ver perfil  <\/span> <\/strong><\/a><\/p>\n<p>[\/vc_column_text]    <\/div>\n<\/div><\/div>[vc_empty_space height=\u00bb15px\u00bb][\/vc_column_inner][vc_column_inner width=\u00bb1\/3&#8243;][\/vc_column_inner][\/vc_row_inner][\/vc_column][\/vc_row][vc_row css_animation=\u00bb\u00bb row_type=\u00bbrow\u00bb use_row_as_full_screen_section=\u00bbno\u00bb type=\u00bbfull_width\u00bb angled_section=\u00bbno\u00bb text_align=\u00bbleft\u00bb background_image_as_pattern=\u00bbwithout_pattern\u00bb][vc_column][\/vc_column][\/vc_row]<\/p>\n<\/div>","protected":false},"excerpt":{"rendered":"<p>[vc_row css_animation=\u00bb\u00bb row_type=\u00bbrow\u00bb use_row_as_full_screen_section=\u00bbno\u00bb type=\u00bbfull_width\u00bb angled_section=\u00bbno\u00bb text_align=\u00bbleft\u00bb background_image_as_pattern=\u00bbwithout_pattern\u00bb background_color=\u00bb#799900&#8243; z_index=\u00bb\u00bb css=\u00bb.vc_custom_1523400287498{padding-top: 30px !important;padding-bottom: 30px !important;background-color: #799900 !important;}\u00bb][vc_column][vc_column_text][\/vc_column_text][vc_single_image image=\u00bb1695&#8243; img_size=\u00bbfull\u00bb alignment=\u00bbcenter\u00bb qode_css_animation=\u00bb\u00bb][vc_column_text] Servicios de dise\u00f1o gr\u00e1fico [\/vc_column_text][\/vc_column][\/vc_row][vc_row css_animation=\u00bb\u00bb row_type=\u00bbrow\u00bb use_row_as_full_screen_section=\u00bbno\u00bb type=\u00bbfull_width\u00bb angled_section=\u00bbno\u00bb text_align=\u00bbleft\u00bb background_image_as_pattern=\u00bbwithout_pattern\u00bb][vc_column][vc_empty_space height=\u00bb50px\u00bb][\/vc_column][\/vc_row][vc_row css_animation=\u00bb\u00bb row_type=\u00bbrow\u00bb use_row_as_full_screen_section=\u00bbyes\u00bb type=\u00bbgrid\u00bb angled_section=\u00bbno\u00bb text_align=\u00bbleft\u00bb background_image_as_pattern=\u00bbwithout_pattern\u00bb background_color=\u00bb#ffffff\u00bb z_index=\u00bb\u00bb][vc_column][vc_column_text]Adem\u00e1s de los<\/p>\n","protected":false},"author":7,"featured_media":0,"parent":0,"menu_order":0,"comment_status":"closed","ping_status":"closed","template":"full_width.php","meta":{"content-type":"","footnotes":""},"class_list":["post-20790","page","type-page","status-publish","hentry"],"yoast_head":"<!-- This site is optimized with the Yoast SEO plugin v27.5 - https:\/\/yoast.com\/product\/yoast-seo-wordpress\/ -->\n<title>Servicios de dise\u00f1o gr\u00e1fico | Thomas &amp; Hutton<\/title>\n<meta name=\"description\" content=\"El objetivo de nuestro equipo de dise\u00f1o gr\u00e1fico es proporcionar a nuestros clientes los mejores recursos disponibles mediante la creaci\u00f3n de dise\u00f1os innovadores para ampliar su influencia en el marketing.\" \/>\n<meta name=\"robots\" content=\"index, follow, max-snippet:-1, max-image-preview:large, max-video-preview:-1\" \/>\n<link rel=\"canonical\" href=\"https:\/\/www.thomasandhutton.com\/es\/graficos\/\" \/>\n<meta property=\"og:locale\" content=\"es_ES\" \/>\n<meta property=\"og:type\" content=\"article\" \/>\n<meta property=\"og:title\" content=\"Servicios de dise\u00f1o gr\u00e1fico | Thomas &amp; Hutton\" \/>\n<meta property=\"og:description\" content=\"El objetivo de nuestro equipo de dise\u00f1o gr\u00e1fico es proporcionar a nuestros clientes los mejores recursos disponibles mediante la creaci\u00f3n de dise\u00f1os innovadores para ampliar su influencia en el marketing.\" \/>\n<meta property=\"og:url\" content=\"https:\/\/www.thomasandhutton.com\/es\/graficos\/\" \/>\n<meta property=\"og:site_name\" content=\"Thomas &amp; Hutton\" \/>\n<meta property=\"article:publisher\" content=\"https:\/\/www.facebook.com\/THengineers\/\" \/>\n<meta property=\"article:modified_time\" content=\"2023-03-03T18:14:20+00:00\" \/>\n<meta name=\"twitter:card\" content=\"summary_large_image\" \/>\n<meta name=\"twitter:site\" content=\"@thomasandhutton\" \/>\n<meta name=\"twitter:label1\" content=\"Tiempo de lectura\" \/>\n\t<meta name=\"twitter:data1\" content=\"3 minutos\" \/>\n<script type=\"application\/ld+json\" class=\"yoast-schema-graph\">{\"@context\":\"https:\\\/\\\/schema.org\",\"@graph\":[{\"@type\":\"WebPage\",\"@id\":\"https:\\\/\\\/www.thomasandhutton.com\\\/es\\\/graficos\\\/\",\"url\":\"https:\\\/\\\/www.thomasandhutton.com\\\/es\\\/graficos\\\/\",\"name\":\"Servicios de dise\u00f1o gr\u00e1fico | Thomas & Hutton\",\"isPartOf\":{\"@id\":\"https:\\\/\\\/www.thomasandhutton.com\\\/es\\\/#website\"},\"datePublished\":\"2018-04-30T17:07:05+00:00\",\"dateModified\":\"2023-03-03T18:14:20+00:00\",\"description\":\"El objetivo de nuestro equipo de dise\u00f1o gr\u00e1fico es proporcionar a nuestros clientes los mejores recursos disponibles mediante la creaci\u00f3n de dise\u00f1os innovadores para ampliar su influencia en el marketing.\",\"breadcrumb\":{\"@id\":\"https:\\\/\\\/www.thomasandhutton.com\\\/es\\\/graficos\\\/#breadcrumb\"},\"inLanguage\":\"es\",\"potentialAction\":[{\"@type\":\"ReadAction\",\"target\":[\"https:\\\/\\\/www.thomasandhutton.com\\\/es\\\/graficos\\\/\"]}]},{\"@type\":\"BreadcrumbList\",\"@id\":\"https:\\\/\\\/www.thomasandhutton.com\\\/es\\\/graficos\\\/#breadcrumb\",\"itemListElement\":[{\"@type\":\"ListItem\",\"position\":1,\"name\":\"Home\",\"item\":\"https:\\\/\\\/www.thomasandhutton.com\\\/es\\\/inicio\\\/\"},{\"@type\":\"ListItem\",\"position\":2,\"name\":\"Gr\u00e1ficos\"}]},{\"@type\":\"WebSite\",\"@id\":\"https:\\\/\\\/www.thomasandhutton.com\\\/es\\\/#website\",\"url\":\"https:\\\/\\\/www.thomasandhutton.com\\\/es\\\/\",\"name\":\"Thomas & Hutton\",\"description\":\"Engineering | Surveying | Landscape Architecture | GIS | Consulting\",\"publisher\":{\"@id\":\"https:\\\/\\\/www.thomasandhutton.com\\\/es\\\/#organization\"},\"potentialAction\":[{\"@type\":\"SearchAction\",\"target\":{\"@type\":\"EntryPoint\",\"urlTemplate\":\"https:\\\/\\\/www.thomasandhutton.com\\\/es\\\/?s={search_term_string}\"},\"query-input\":{\"@type\":\"PropertyValueSpecification\",\"valueRequired\":true,\"valueName\":\"search_term_string\"}}],\"inLanguage\":\"es\"},{\"@type\":\"Organization\",\"@id\":\"https:\\\/\\\/www.thomasandhutton.com\\\/es\\\/#organization\",\"name\":\"Thomas & Hutton\",\"url\":\"https:\\\/\\\/www.thomasandhutton.com\\\/es\\\/\",\"logo\":{\"@type\":\"ImageObject\",\"inLanguage\":\"es\",\"@id\":\"https:\\\/\\\/www.thomasandhutton.com\\\/es\\\/#\\\/schema\\\/logo\\\/image\\\/\",\"url\":\"https:\\\/\\\/www.thomasandhutton.com\\\/wp-content\\\/uploads\\\/2018\\\/06\\\/TH_LOGO__2.png\",\"contentUrl\":\"https:\\\/\\\/www.thomasandhutton.com\\\/wp-content\\\/uploads\\\/2018\\\/06\\\/TH_LOGO__2.png\",\"width\":141,\"height\":46,\"caption\":\"Thomas & Hutton\"},\"image\":{\"@id\":\"https:\\\/\\\/www.thomasandhutton.com\\\/es\\\/#\\\/schema\\\/logo\\\/image\\\/\"},\"sameAs\":[\"https:\\\/\\\/www.facebook.com\\\/THengineers\\\/\",\"https:\\\/\\\/x.com\\\/thomasandhutton\",\"https:\\\/\\\/www.instagram.com\\\/ThomasandHutton\\\/\",\"https:\\\/\\\/www.linkedin.com\\\/company\\\/thomas-&amp;amp;-hutton-engineering-co.\",\"https:\\\/\\\/www.youtube.com\\\/user\\\/ThomasandHutton\"]}]}<\/script>\n<!-- \/ Yoast SEO plugin. -->","yoast_head_json":{"title":"Servicios de dise\u00f1o gr\u00e1fico | Thomas & Hutton","description":"El objetivo de nuestro equipo de dise\u00f1o gr\u00e1fico es proporcionar a nuestros clientes los mejores recursos disponibles mediante la creaci\u00f3n de dise\u00f1os innovadores para ampliar su influencia en el marketing.","robots":{"index":"index","follow":"follow","max-snippet":"max-snippet:-1","max-image-preview":"max-image-preview:large","max-video-preview":"max-video-preview:-1"},"canonical":"https:\/\/www.thomasandhutton.com\/es\/graficos\/","og_locale":"es_ES","og_type":"article","og_title":"Servicios de dise\u00f1o gr\u00e1fico | Thomas & Hutton","og_description":"El objetivo de nuestro equipo de dise\u00f1o gr\u00e1fico es proporcionar a nuestros clientes los mejores recursos disponibles mediante la creaci\u00f3n de dise\u00f1os innovadores para ampliar su influencia en el marketing.","og_url":"https:\/\/www.thomasandhutton.com\/es\/graficos\/","og_site_name":"Thomas &amp; Hutton","article_publisher":"https:\/\/www.facebook.com\/THengineers\/","article_modified_time":"2023-03-03T18:14:20+00:00","twitter_card":"summary_large_image","twitter_site":"@thomasandhutton","twitter_misc":{"Tiempo de lectura":"3 minutos"},"schema":{"@context":"https:\/\/schema.org","@graph":[{"@type":"WebPage","@id":"https:\/\/www.thomasandhutton.com\/es\/graficos\/","url":"https:\/\/www.thomasandhutton.com\/es\/graficos\/","name":"Servicios de dise\u00f1o gr\u00e1fico | Thomas & Hutton","isPartOf":{"@id":"https:\/\/www.thomasandhutton.com\/es\/#website"},"datePublished":"2018-04-30T17:07:05+00:00","dateModified":"2023-03-03T18:14:20+00:00","description":"El objetivo de nuestro equipo de dise\u00f1o gr\u00e1fico es proporcionar a nuestros clientes los mejores recursos disponibles mediante la creaci\u00f3n de dise\u00f1os innovadores para ampliar su influencia en el marketing.","breadcrumb":{"@id":"https:\/\/www.thomasandhutton.com\/es\/graficos\/#breadcrumb"},"inLanguage":"es","potentialAction":[{"@type":"ReadAction","target":["https:\/\/www.thomasandhutton.com\/es\/graficos\/"]}]},{"@type":"BreadcrumbList","@id":"https:\/\/www.thomasandhutton.com\/es\/graficos\/#breadcrumb","itemListElement":[{"@type":"ListItem","position":1,"name":"Home","item":"https:\/\/www.thomasandhutton.com\/es\/inicio\/"},{"@type":"ListItem","position":2,"name":"Gr\u00e1ficos"}]},{"@type":"WebSite","@id":"https:\/\/www.thomasandhutton.com\/es\/#website","url":"https:\/\/www.thomasandhutton.com\/es\/","name":"Thomas & Hutton","description":"Engineering | Surveying | Landscape Architecture | GIS | Consulting","publisher":{"@id":"https:\/\/www.thomasandhutton.com\/es\/#organization"},"potentialAction":[{"@type":"SearchAction","target":{"@type":"EntryPoint","urlTemplate":"https:\/\/www.thomasandhutton.com\/es\/?s={search_term_string}"},"query-input":{"@type":"PropertyValueSpecification","valueRequired":true,"valueName":"search_term_string"}}],"inLanguage":"es"},{"@type":"Organization","@id":"https:\/\/www.thomasandhutton.com\/es\/#organization","name":"Thomas & Hutton","url":"https:\/\/www.thomasandhutton.com\/es\/","logo":{"@type":"ImageObject","inLanguage":"es","@id":"https:\/\/www.thomasandhutton.com\/es\/#\/schema\/logo\/image\/","url":"https:\/\/www.thomasandhutton.com\/wp-content\/uploads\/2018\/06\/TH_LOGO__2.png","contentUrl":"https:\/\/www.thomasandhutton.com\/wp-content\/uploads\/2018\/06\/TH_LOGO__2.png","width":141,"height":46,"caption":"Thomas & Hutton"},"image":{"@id":"https:\/\/www.thomasandhutton.com\/es\/#\/schema\/logo\/image\/"},"sameAs":["https:\/\/www.facebook.com\/THengineers\/","https:\/\/x.com\/thomasandhutton","https:\/\/www.instagram.com\/ThomasandHutton\/","https:\/\/www.linkedin.com\/company\/thomas-&amp;amp;-hutton-engineering-co.","https:\/\/www.youtube.com\/user\/ThomasandHutton"]}]}},"_links":{"self":[{"href":"https:\/\/www.thomasandhutton.com\/es\/wp-json\/wp\/v2\/pages\/20790","targetHints":{"allow":["GET"]}}],"collection":[{"href":"https:\/\/www.thomasandhutton.com\/es\/wp-json\/wp\/v2\/pages"}],"about":[{"href":"https:\/\/www.thomasandhutton.com\/es\/wp-json\/wp\/v2\/types\/page"}],"author":[{"embeddable":true,"href":"https:\/\/www.thomasandhutton.com\/es\/wp-json\/wp\/v2\/users\/7"}],"replies":[{"embeddable":true,"href":"https:\/\/www.thomasandhutton.com\/es\/wp-json\/wp\/v2\/comments?post=20790"}],"version-history":[{"count":3,"href":"https:\/\/www.thomasandhutton.com\/es\/wp-json\/wp\/v2\/pages\/20790\/revisions"}],"predecessor-version":[{"id":21467,"href":"https:\/\/www.thomasandhutton.com\/es\/wp-json\/wp\/v2\/pages\/20790\/revisions\/21467"}],"wp:attachment":[{"href":"https:\/\/www.thomasandhutton.com\/es\/wp-json\/wp\/v2\/media?parent=20790"}],"curies":[{"name":"wp","href":"https:\/\/api.w.org\/{rel}","templated":true}]}}