{"id":21088,"date":"2018-06-03T21:34:14","date_gmt":"2018-06-03T21:34:14","guid":{"rendered":"https:\/\/www.thomasandhutton.com\/kevin-shoemake\/"},"modified":"2023-04-17T14:19:22","modified_gmt":"2023-04-17T14:19:22","slug":"kevin-shoemake","status":"publish","type":"page","link":"https:\/\/www.thomasandhutton.com\/es\/kevin-shoemake\/","title":{"rendered":"Kevin Shoemake"},"content":{"rendered":"<div class=\"wpb-content-wrapper\"><p>[vc_row css_animation=\u00bb\u00bb row_type=\u00bbrow\u00bb use_row_as_full_screen_section=\u00bbno\u00bb type=\u00bbfull_width\u00bb angled_section=\u00bbno\u00bb text_align=\u00bbleft\u00bb background_image_as_pattern=\u00bbwithout_pattern\u00bb background_color=\u00bb#799900&#8243; z_index=\u00bb\u00bb css=\u00bb.vc_custom_1523400287498{padding-top: 30px !important;padding-bottom: 30px !important;background-color: #799900 !important;}\u00bb][vc_column][vc_single_image image=\u00bb2122&#8243; img_size=\u00bbfull\u00bb alignment=\u00bbcenter\u00bb qode_css_animation=\u00bb\u00bb][vc_column_text]<\/p>\n<h2 style=\"text-align: center;\"><span style=\"color: #ffffff;\">Nuestra gente<\/span><\/h2>\n<p>[\/vc_column_text][\/vc_column][\/vc_row][vc_row css_animation=\u00bb\u00bb row_type=\u00bbrow\u00bb use_row_as_full_screen_section=\u00bbno\u00bb type=\u00bbfull_width\u00bb angled_section=\u00bbno\u00bb text_align=\u00bbleft\u00bb background_image_as_pattern=\u00bbwithout_pattern\u00bb][vc_column][vc_empty_space height=\u00bb50px\u00bb][\/vc_column][\/vc_row][vc_row css_animation=\u00bb\u00bb row_type=\u00bbrow\u00bb use_row_as_full_screen_section=\u00bbyes\u00bb type=\u00bbfull_width\u00bb angled_section=\u00bbno\u00bb text_align=\u00bbleft\u00bb background_image_as_pattern=\u00bbwithout_pattern\u00bb z_index=\u00bb\u00bb][vc_column width=\u00bb2\/3&#8243; css=\u00bb.vc_custom_1528055156145{padding-right: 5% !important;padding-left: 15% !important;}\u00bb][vc_column_text css=\u00bb.vc_custom_1579531805230{padding-top: 8px !important;}\u00bb]<\/p>\n<h1><b>Kevin Shoemake, PE<\/b><\/h1>\n<p>[\/vc_column_text][vc_column_text]<em>\u00abSiempre me ha gustado la satisfacci\u00f3n de pasar con el auto <\/em><em>por una zona sin urbanizar o por una urbanizaci\u00f3n planificada y saber lo que otros no saben en ese momento sobre lo que ocurrir\u00e1 con esa propiedad en un futuro pr\u00f3ximo. Antes de la urbanizaci\u00f3n, es divertido poder visualizar los planos y comprender lo que ocurrir\u00e1 para transformar esa propiedad en algo que tendr\u00e1 un impacto en la vida de los dem\u00e1s. Una vez que los proyectos en los que trabajamos se hacen realidad, hay un inmenso sentimiento de orgullo al ver el impacto que tenemos en nuestras comunidades, y en todas las facetas de nuestras vidas, al dise\u00f1ar los barrios en los que vivimos, los lugares a los que ir a trabajar, loss parques en los que juegan nuestros hijos y las escuelas en las que aprenden.\u00bb<\/em><\/p>\n<p>[\/vc_column_text][vc_empty_space height=\u00bb25px\u00bb][vc_column_text]Kevin es Vicepresidente de Desarrollo Civil y de Obras de Interior, y supervisa las actividades de desarrollo civil y de obras en las regiones de Greenville, Columbia, Raleigh-Durham, Charlotte, Nashville y Atlanta de Thomas &amp; Hutton. Tambi\u00e9n es Director Regional para la oficina de Greenville. Antes de la apertura de la oficina de Greenville en 2015, Kevin trabaj\u00f3 en la oficina de Charleston como Director Regional. Se licenci\u00f3 en Ingenier\u00eda Civil por la Universidad de Clemson y se incorpor\u00f3 a Thomas &amp; Hutton en 1997. Ingeniero profesional licenciado, su experiencia incluye proyectos de desarrollo de emplazamientos sanitarios, comerciales, industriales, educativos y residenciales. Kevin participa en organizaciones profesionales como American Council of Engineering Companies, Urban Land Institute y Opportunity Greenville.[\/vc_column_text][vc_row_inner row_type=\u00bbrow\u00bb type=\u00bbfull_width\u00bb text_align=\u00bbleft\u00bb css_animation=\u00bb\u00bb][vc_column_inner][vc_empty_space height=\u00bb50px\u00bb][\/vc_column_inner][\/vc_row_inner][vc_row_inner row_type=\u00bbrow\u00bb type=\u00bbfull_width\u00bb text_align=\u00bbleft\u00bb css_animation=\u00bb\u00bb][vc_column_inner width=\u00bb1\/4&#8243;][\/vc_column_inner][vc_column_inner width=\u00bb1\/2&#8243;][\/vc_column_inner][vc_column_inner width=\u00bb1\/4&#8243;][vc_column_text]<span data-type=\"normal\"  class=\"qode_icon_shortcode  q_font_awsome_icon   \" style=\" \"><i class=\"qode_icon_font_awesome fa fa-long-arrow-right qode_icon_element\" style=\"color: #799900;\" ><\/i><\/span><a href=\"https:\/\/www.thomasandhutton.com\/es\/nuestra-gente\/\"><strong><span style=\"color: #799900;\">A NUESTRA GENTE<\/span><\/strong><\/a>[\/vc_column_text][\/vc_column_inner][\/vc_row_inner][\/vc_column][vc_column width=\u00bb1\/3&#8243;][vc_single_image image=\u00bb3002&#8243; img_size=\u00bb400 x 254&#8243; qode_css_animation=\u00bb\u00bb][vc_column_text]<b>Director\/Vicepresidente de Inland Civil\/Site Development<\/b><\/p>\n<p><span style=\"font-weight: 400;\"><strong>p<\/strong> 864-412-2222 <\/span><span style=\"font-weight: 400;\"><b> d <\/b>864-412-2218<\/span><\/p>\n<p><span style=\"font-weight: 400;\"><strong>e<\/strong> <\/span><a href=\"mailto:shoemake.k@tandh.com\"><br \/>\n<span style=\"font-weight: 400;\">shoemake.k@tandh.com<\/span><br \/>\n<\/a><\/p>\n<p><strong>c<\/strong> <a href=\"https:\/\/www.thomasandhutton.com\/vcards\/KevinShoemake.vcf\">vCard<\/a>[\/vc_column_text][\/vc_column][\/vc_row][vc_row css_animation=\u00bb\u00bb row_type=\u00bbrow\u00bb use_row_as_full_screen_section=\u00bbno\u00bb type=\u00bbfull_width\u00bb angled_section=\u00bbno\u00bb text_align=\u00bbleft\u00bb background_image_as_pattern=\u00bbwithout_pattern\u00bb][vc_column][vc_empty_space height=\u00bb50px\u00bb][\/vc_column][\/vc_row][vc_row css_animation=\u00bb\u00bb row_type=\u00bbrow\u00bb use_row_as_full_screen_section=\u00bbno\u00bb type=\u00bbfull_width\u00bb angled_section=\u00bbno\u00bb text_align=\u00bbleft\u00bb background_image_as_pattern=\u00bbwithout_pattern\u00bb][vc_column][vc_raw_html]PHNjcmlwdCB0eXBlPSJhcHBsaWNhdGlvbi9sZCtqc29uIj57CiAgICAgICAgIkBjb250ZXh0IjogImh0dHA6Ly9zY2hlbWEub3JnIiwKICAgICAgICAiQHR5cGUiOiAiUGVyc29uIiwKICAgICAgICAiZmFtaWx5TmFtZSI6ICJTaG9lbWFrZSIsCiAgICAgICAgImdpdmVuTmFtZSI6ICJLZXZpbiIsCiAgICAgICAgIndvcmtzRm9yIjogImh0dHBzOi8vd3d3LnRob21hc2FuZGh1dHRvbi5jb20vIiwKICAgICAgICAiam9iVGl0bGUiOiAiUmVnaW9uYWwgRGlyZWN0b3IgYW5kIENpdmlsIE1hbmFnZXIgZm9yIHRoZSBHcmVlbnZpbGxlIG9mZmljZSIsCiAgICAgICAgImFsdW1uaU9mIjogImh0dHA6Ly93d3cuY2xlbXNvbi5lZHUvIiwKICAgICAgICAiaW1hZ2UiOiAiaHR0cHM6Ly93d3cudGhvbWFzYW5kaHV0dG9uLmNvbS93cC1jb250ZW50L3VwbG9hZHMvMjAxOC8wNy9Qcm9maWxlLUtldmluLVNob2VtYWtlLTQwMHgyNTQuanBnIiwKICAgICAgICAiZ2VuZGVyIjogImh0dHA6Ly9zY2hlbWEub3JnL01hbGUiCn0KPC9zY3JpcHQ+[\/vc_raw_html][\/vc_column][\/vc_row]<\/p>\n<\/div>","protected":false},"excerpt":{"rendered":"<p>[vc_row css_animation=\u00bb\u00bb row_type=\u00bbrow\u00bb use_row_as_full_screen_section=\u00bbno\u00bb type=\u00bbfull_width\u00bb angled_section=\u00bbno\u00bb text_align=\u00bbleft\u00bb background_image_as_pattern=\u00bbwithout_pattern\u00bb background_color=\u00bb#799900&#8243; z_index=\u00bb\u00bb css=\u00bb.vc_custom_1523400287498{padding-top: 30px !important;padding-bottom: 30px !important;background-color: #799900 !important;}\u00bb][vc_column][vc_single_image image=\u00bb2122&#8243; img_size=\u00bbfull\u00bb alignment=\u00bbcenter\u00bb qode_css_animation=\u00bb\u00bb][vc_column_text] Nuestra gente [\/vc_column_text][\/vc_column][\/vc_row][vc_row css_animation=\u00bb\u00bb row_type=\u00bbrow\u00bb use_row_as_full_screen_section=\u00bbno\u00bb type=\u00bbfull_width\u00bb angled_section=\u00bbno\u00bb text_align=\u00bbleft\u00bb background_image_as_pattern=\u00bbwithout_pattern\u00bb][vc_column][vc_empty_space height=\u00bb50px\u00bb][\/vc_column][\/vc_row][vc_row css_animation=\u00bb\u00bb row_type=\u00bbrow\u00bb use_row_as_full_screen_section=\u00bbyes\u00bb type=\u00bbfull_width\u00bb angled_section=\u00bbno\u00bb text_align=\u00bbleft\u00bb background_image_as_pattern=\u00bbwithout_pattern\u00bb z_index=\u00bb\u00bb][vc_column width=\u00bb2\/3&#8243; css=\u00bb.vc_custom_1528055156145{padding-right: 5% !important;padding-left: 15%<\/p>\n","protected":false},"author":7,"featured_media":0,"parent":0,"menu_order":0,"comment_status":"closed","ping_status":"closed","template":"full_width.php","meta":{"content-type":"","footnotes":""},"class_list":["post-21088","page","type-page","status-publish","hentry"],"yoast_head":"<!-- This site is optimized with the Yoast SEO plugin v27.5 - https:\/\/yoast.com\/product\/yoast-seo-wordpress\/ -->\n<title>Kevin Shoemake - Director Regional y Director Civil de Thomas &amp; Hutton<\/title>\n<meta name=\"description\" content=\"Kevin es Vicepresidente y Director, y desempe\u00f1a las funciones de Director Regional y Director Civil de la oficina de Greenville. Haga clic aqu\u00ed para obtener m\u00e1s informaci\u00f3n.\" \/>\n<meta name=\"robots\" content=\"index, follow, max-snippet:-1, max-image-preview:large, max-video-preview:-1\" \/>\n<link rel=\"canonical\" href=\"https:\/\/www.thomasandhutton.com\/es\/kevin-shoemake\/\" \/>\n<meta property=\"og:locale\" content=\"es_ES\" \/>\n<meta property=\"og:type\" content=\"article\" \/>\n<meta property=\"og:title\" content=\"Kevin Shoemake - Director Regional y Director Civil de Thomas &amp; Hutton\" \/>\n<meta property=\"og:description\" content=\"Kevin es Vicepresidente y Director, y desempe\u00f1a las funciones de Director Regional y Director Civil de la oficina de Greenville. Haga clic aqu\u00ed para obtener m\u00e1s informaci\u00f3n.\" \/>\n<meta property=\"og:url\" content=\"https:\/\/www.thomasandhutton.com\/es\/kevin-shoemake\/\" \/>\n<meta property=\"og:site_name\" content=\"Thomas &amp; Hutton\" \/>\n<meta property=\"article:publisher\" content=\"https:\/\/www.facebook.com\/THengineers\/\" \/>\n<meta property=\"article:modified_time\" content=\"2023-04-17T14:19:22+00:00\" \/>\n<meta name=\"twitter:card\" content=\"summary_large_image\" \/>\n<meta name=\"twitter:site\" content=\"@thomasandhutton\" \/>\n<meta name=\"twitter:label1\" content=\"Tiempo de lectura\" \/>\n\t<meta name=\"twitter:data1\" content=\"2 minutos\" \/>\n<script type=\"application\/ld+json\" class=\"yoast-schema-graph\">{\"@context\":\"https:\\\/\\\/schema.org\",\"@graph\":[{\"@type\":\"WebPage\",\"@id\":\"https:\\\/\\\/www.thomasandhutton.com\\\/es\\\/kevin-shoemake\\\/\",\"url\":\"https:\\\/\\\/www.thomasandhutton.com\\\/es\\\/kevin-shoemake\\\/\",\"name\":\"Kevin Shoemake - Director Regional y Director Civil de Thomas & Hutton\",\"isPartOf\":{\"@id\":\"https:\\\/\\\/www.thomasandhutton.com\\\/es\\\/#website\"},\"datePublished\":\"2018-06-03T21:34:14+00:00\",\"dateModified\":\"2023-04-17T14:19:22+00:00\",\"description\":\"Kevin es Vicepresidente y Director, y desempe\u00f1a las funciones de Director Regional y Director Civil de la oficina de Greenville. Haga clic aqu\u00ed para obtener m\u00e1s informaci\u00f3n.\",\"breadcrumb\":{\"@id\":\"https:\\\/\\\/www.thomasandhutton.com\\\/es\\\/kevin-shoemake\\\/#breadcrumb\"},\"inLanguage\":\"es\",\"potentialAction\":[{\"@type\":\"ReadAction\",\"target\":[\"https:\\\/\\\/www.thomasandhutton.com\\\/es\\\/kevin-shoemake\\\/\"]}]},{\"@type\":\"BreadcrumbList\",\"@id\":\"https:\\\/\\\/www.thomasandhutton.com\\\/es\\\/kevin-shoemake\\\/#breadcrumb\",\"itemListElement\":[{\"@type\":\"ListItem\",\"position\":1,\"name\":\"Home\",\"item\":\"https:\\\/\\\/www.thomasandhutton.com\\\/es\\\/inicio\\\/\"},{\"@type\":\"ListItem\",\"position\":2,\"name\":\"Kevin Shoemake\"}]},{\"@type\":\"WebSite\",\"@id\":\"https:\\\/\\\/www.thomasandhutton.com\\\/es\\\/#website\",\"url\":\"https:\\\/\\\/www.thomasandhutton.com\\\/es\\\/\",\"name\":\"Thomas & Hutton\",\"description\":\"Engineering | Surveying | Landscape Architecture | GIS | Consulting\",\"publisher\":{\"@id\":\"https:\\\/\\\/www.thomasandhutton.com\\\/es\\\/#organization\"},\"potentialAction\":[{\"@type\":\"SearchAction\",\"target\":{\"@type\":\"EntryPoint\",\"urlTemplate\":\"https:\\\/\\\/www.thomasandhutton.com\\\/es\\\/?s={search_term_string}\"},\"query-input\":{\"@type\":\"PropertyValueSpecification\",\"valueRequired\":true,\"valueName\":\"search_term_string\"}}],\"inLanguage\":\"es\"},{\"@type\":\"Organization\",\"@id\":\"https:\\\/\\\/www.thomasandhutton.com\\\/es\\\/#organization\",\"name\":\"Thomas & Hutton\",\"url\":\"https:\\\/\\\/www.thomasandhutton.com\\\/es\\\/\",\"logo\":{\"@type\":\"ImageObject\",\"inLanguage\":\"es\",\"@id\":\"https:\\\/\\\/www.thomasandhutton.com\\\/es\\\/#\\\/schema\\\/logo\\\/image\\\/\",\"url\":\"https:\\\/\\\/www.thomasandhutton.com\\\/wp-content\\\/uploads\\\/2018\\\/06\\\/TH_LOGO__2.png\",\"contentUrl\":\"https:\\\/\\\/www.thomasandhutton.com\\\/wp-content\\\/uploads\\\/2018\\\/06\\\/TH_LOGO__2.png\",\"width\":141,\"height\":46,\"caption\":\"Thomas & Hutton\"},\"image\":{\"@id\":\"https:\\\/\\\/www.thomasandhutton.com\\\/es\\\/#\\\/schema\\\/logo\\\/image\\\/\"},\"sameAs\":[\"https:\\\/\\\/www.facebook.com\\\/THengineers\\\/\",\"https:\\\/\\\/x.com\\\/thomasandhutton\",\"https:\\\/\\\/www.instagram.com\\\/ThomasandHutton\\\/\",\"https:\\\/\\\/www.linkedin.com\\\/company\\\/thomas-&amp;amp;-hutton-engineering-co.\",\"https:\\\/\\\/www.youtube.com\\\/user\\\/ThomasandHutton\"]}]}<\/script>\n<!-- \/ Yoast SEO plugin. -->","yoast_head_json":{"title":"Kevin Shoemake - Director Regional y Director Civil de Thomas & Hutton","description":"Kevin es Vicepresidente y Director, y desempe\u00f1a las funciones de Director Regional y Director Civil de la oficina de Greenville. Haga clic aqu\u00ed para obtener m\u00e1s informaci\u00f3n.","robots":{"index":"index","follow":"follow","max-snippet":"max-snippet:-1","max-image-preview":"max-image-preview:large","max-video-preview":"max-video-preview:-1"},"canonical":"https:\/\/www.thomasandhutton.com\/es\/kevin-shoemake\/","og_locale":"es_ES","og_type":"article","og_title":"Kevin Shoemake - Director Regional y Director Civil de Thomas & Hutton","og_description":"Kevin es Vicepresidente y Director, y desempe\u00f1a las funciones de Director Regional y Director Civil de la oficina de Greenville. Haga clic aqu\u00ed para obtener m\u00e1s informaci\u00f3n.","og_url":"https:\/\/www.thomasandhutton.com\/es\/kevin-shoemake\/","og_site_name":"Thomas &amp; Hutton","article_publisher":"https:\/\/www.facebook.com\/THengineers\/","article_modified_time":"2023-04-17T14:19:22+00:00","twitter_card":"summary_large_image","twitter_site":"@thomasandhutton","twitter_misc":{"Tiempo de lectura":"2 minutos"},"schema":{"@context":"https:\/\/schema.org","@graph":[{"@type":"WebPage","@id":"https:\/\/www.thomasandhutton.com\/es\/kevin-shoemake\/","url":"https:\/\/www.thomasandhutton.com\/es\/kevin-shoemake\/","name":"Kevin Shoemake - Director Regional y Director Civil de Thomas & Hutton","isPartOf":{"@id":"https:\/\/www.thomasandhutton.com\/es\/#website"},"datePublished":"2018-06-03T21:34:14+00:00","dateModified":"2023-04-17T14:19:22+00:00","description":"Kevin es Vicepresidente y Director, y desempe\u00f1a las funciones de Director Regional y Director Civil de la oficina de Greenville. Haga clic aqu\u00ed para obtener m\u00e1s informaci\u00f3n.","breadcrumb":{"@id":"https:\/\/www.thomasandhutton.com\/es\/kevin-shoemake\/#breadcrumb"},"inLanguage":"es","potentialAction":[{"@type":"ReadAction","target":["https:\/\/www.thomasandhutton.com\/es\/kevin-shoemake\/"]}]},{"@type":"BreadcrumbList","@id":"https:\/\/www.thomasandhutton.com\/es\/kevin-shoemake\/#breadcrumb","itemListElement":[{"@type":"ListItem","position":1,"name":"Home","item":"https:\/\/www.thomasandhutton.com\/es\/inicio\/"},{"@type":"ListItem","position":2,"name":"Kevin Shoemake"}]},{"@type":"WebSite","@id":"https:\/\/www.thomasandhutton.com\/es\/#website","url":"https:\/\/www.thomasandhutton.com\/es\/","name":"Thomas & Hutton","description":"Engineering | Surveying | Landscape Architecture | GIS | Consulting","publisher":{"@id":"https:\/\/www.thomasandhutton.com\/es\/#organization"},"potentialAction":[{"@type":"SearchAction","target":{"@type":"EntryPoint","urlTemplate":"https:\/\/www.thomasandhutton.com\/es\/?s={search_term_string}"},"query-input":{"@type":"PropertyValueSpecification","valueRequired":true,"valueName":"search_term_string"}}],"inLanguage":"es"},{"@type":"Organization","@id":"https:\/\/www.thomasandhutton.com\/es\/#organization","name":"Thomas & Hutton","url":"https:\/\/www.thomasandhutton.com\/es\/","logo":{"@type":"ImageObject","inLanguage":"es","@id":"https:\/\/www.thomasandhutton.com\/es\/#\/schema\/logo\/image\/","url":"https:\/\/www.thomasandhutton.com\/wp-content\/uploads\/2018\/06\/TH_LOGO__2.png","contentUrl":"https:\/\/www.thomasandhutton.com\/wp-content\/uploads\/2018\/06\/TH_LOGO__2.png","width":141,"height":46,"caption":"Thomas & Hutton"},"image":{"@id":"https:\/\/www.thomasandhutton.com\/es\/#\/schema\/logo\/image\/"},"sameAs":["https:\/\/www.facebook.com\/THengineers\/","https:\/\/x.com\/thomasandhutton","https:\/\/www.instagram.com\/ThomasandHutton\/","https:\/\/www.linkedin.com\/company\/thomas-&amp;amp;-hutton-engineering-co.","https:\/\/www.youtube.com\/user\/ThomasandHutton"]}]}},"_links":{"self":[{"href":"https:\/\/www.thomasandhutton.com\/es\/wp-json\/wp\/v2\/pages\/21088","targetHints":{"allow":["GET"]}}],"collection":[{"href":"https:\/\/www.thomasandhutton.com\/es\/wp-json\/wp\/v2\/pages"}],"about":[{"href":"https:\/\/www.thomasandhutton.com\/es\/wp-json\/wp\/v2\/types\/page"}],"author":[{"embeddable":true,"href":"https:\/\/www.thomasandhutton.com\/es\/wp-json\/wp\/v2\/users\/7"}],"replies":[{"embeddable":true,"href":"https:\/\/www.thomasandhutton.com\/es\/wp-json\/wp\/v2\/comments?post=21088"}],"version-history":[{"count":22,"href":"https:\/\/www.thomasandhutton.com\/es\/wp-json\/wp\/v2\/pages\/21088\/revisions"}],"predecessor-version":[{"id":26788,"href":"https:\/\/www.thomasandhutton.com\/es\/wp-json\/wp\/v2\/pages\/21088\/revisions\/26788"}],"wp:attachment":[{"href":"https:\/\/www.thomasandhutton.com\/es\/wp-json\/wp\/v2\/media?parent=21088"}],"curies":[{"name":"wp","href":"https:\/\/api.w.org\/{rel}","templated":true}]}}