{"id":21103,"date":"2018-06-03T22:14:14","date_gmt":"2018-06-03T22:14:14","guid":{"rendered":"https:\/\/www.thomasandhutton.com\/jason-chambless\/"},"modified":"2023-04-17T15:59:43","modified_gmt":"2023-04-17T15:59:43","slug":"jason-chambless","status":"publish","type":"page","link":"https:\/\/www.thomasandhutton.com\/es\/jason-chambless\/","title":{"rendered":"Jason Chambless"},"content":{"rendered":"<div class=\"wpb-content-wrapper\"><p>[vc_row css_animation=\u00bb\u00bb row_type=\u00bbrow\u00bb use_row_as_full_screen_section=\u00bbno\u00bb type=\u00bbfull_width\u00bb angled_section=\u00bbno\u00bb text_align=\u00bbleft\u00bb background_image_as_pattern=\u00bbwithout_pattern\u00bb background_color=\u00bb#799900&#8243; z_index=\u00bb\u00bb css=\u00bb.vc_custom_1523400287498{padding-top: 30px !important;padding-bottom: 30px !important;background-color: #799900 !important;}\u00bb][vc_column][vc_single_image image=\u00bb2122&#8243; img_size=\u00bbfull\u00bb alignment=\u00bbcenter\u00bb qode_css_animation=\u00bb\u00bb][vc_column_text]<\/p>\n<h2 style=\"text-align: center;\"><span style=\"color: #ffffff;\">Nuestra gente<\/span><\/h2>\n<p>[\/vc_column_text][\/vc_column][\/vc_row][vc_row css_animation=\u00bb\u00bb row_type=\u00bbrow\u00bb use_row_as_full_screen_section=\u00bbno\u00bb type=\u00bbfull_width\u00bb angled_section=\u00bbno\u00bb text_align=\u00bbleft\u00bb background_image_as_pattern=\u00bbwithout_pattern\u00bb][vc_column][vc_empty_space height=\u00bb50px\u00bb][\/vc_column][\/vc_row][vc_row css_animation=\u00bb\u00bb row_type=\u00bbrow\u00bb use_row_as_full_screen_section=\u00bbyes\u00bb type=\u00bbfull_width\u00bb angled_section=\u00bbno\u00bb text_align=\u00bbleft\u00bb background_image_as_pattern=\u00bbwithout_pattern\u00bb z_index=\u00bb\u00bb][vc_column width=\u00bb2\/3&#8243; css=\u00bb.vc_custom_1528055156145{padding-right: 5% !important;padding-left: 15% !important;}\u00bb][vc_column_text css=\u00bb.vc_custom_1606142771024{padding-top: 8px !important;}\u00bb]<\/p>\n<h1><span style=\"color: #000000;\"><b>Jason Chambless, PE<\/b><\/span><\/h1>\n<p>[\/vc_column_text][vc_column_text]<em>\u00abEs un privilegio trabajar en una profesi\u00f3n en la que podemos tener un impacto tangible en la mejora de nuestras comunidades. Disfruto del proceso de colaboraci\u00f3n con mis colegas y miembros del equipo mientras los proyectos est\u00e1n en la fase de planificaci\u00f3n y dise\u00f1o. Al final de un proyecto me siento excepcionalmente orgulloso de ver terminadas las carreteras, obras y edificios que crean espacios para el empleo y las oportunidades.\u00bb<\/em>[\/vc_column_text][vc_empty_space height=\u00bb25px\u00bb][vc_column_text]Jason es Director y Gestor Civil de la oficina de Savannah. Se licenci\u00f3 en Ingenier\u00eda Civil en Georgia Tech y se incorpor\u00f3 a Thomas &amp; Hutton en 2003 tras iniciar su carrera en el sector de la construcci\u00f3n. Ingeniero profesional licenciado, la experiencia de Jason en el desarrollo de emplazamientos incluye consultor\u00eda general, permisos, an\u00e1lisis de costes de construcci\u00f3n, documentos contractuales, preparaci\u00f3n de especificaciones t\u00e9cnicas, licitaciones y coordinaci\u00f3n de la construcci\u00f3n. Destaca en el dise\u00f1o de infraestructuras con experiencia en el dise\u00f1o de sistemas de drenaje y servicios p\u00fablicos para urbanizaciones de grandes extensiones y parques y emplazamientos industriales\/comerciales. Jason colabora con agencias de desarrollo econ\u00f3mico locales y estatales y con promotores privados para analizar, planificar y desarrollar emplazamientos que atraigan a las empresas a ampliar su presencia en las comunidades de Georgia. Facilitando este tipo de asociaciones con agencias econ\u00f3micas y sus clientes, Jason contribuye a que Thomas &amp; Hutton sea sin\u00f3nimo de fomento del crecimiento econ\u00f3mico en la regi\u00f3n.[\/vc_column_text][vc_row_inner row_type=\u00bbrow\u00bb type=\u00bbfull_width\u00bb text_align=\u00bbleft\u00bb css_animation=\u00bb\u00bb][vc_column_inner][vc_empty_space height=\u00bb50px\u00bb][\/vc_column_inner][\/vc_row_inner][vc_row_inner row_type=\u00bbrow\u00bb type=\u00bbfull_width\u00bb text_align=\u00bbleft\u00bb css_animation=\u00bb\u00bb][vc_column_inner width=\u00bb1\/4&#8243;][\/vc_column_inner][vc_column_inner width=\u00bb1\/2&#8243;][\/vc_column_inner][vc_column_inner width=\u00bb1\/4&#8243;][vc_column_text]<span data-type=\"normal\"  class=\"qode_icon_shortcode  q_font_awsome_icon   \" style=\" \"><i class=\"qode_icon_font_awesome fa fa-long-arrow-right qode_icon_element\" style=\"color: #799900;\" ><\/i><\/span><a href=\"https:\/\/www.thomasandhutton.com\/es\/nuestra-gente\/\"><strong><span style=\"color: #799900;\">A NUESTRA GENTE<\/span><\/strong><\/a>[\/vc_column_text][\/vc_column_inner][\/vc_row_inner][\/vc_column][vc_column width=\u00bb1\/3&#8243;][vc_single_image image=\u00bb7335&#8243; img_size=\u00bb400 x 250&#8243; qode_css_animation=\u00bb\u00bb][vc_column_text]<strong>Director\/Vicepresidente de Desarrollo Civil y de Emplazamientos Costeros<\/strong><\/p>\n<p><span style=\"font-weight: 400;\"><strong>p<\/strong> 912-234-5300 <\/span><span style=\"font-weight: 400;\"><b> d <\/b>912-721-4170<\/span><\/p>\n<p><span style=\"font-weight: 400;\"><strong>e<\/strong> <a href=\"mailto:chambless.j@tandh.com\">chambless.j@tand.com<\/a><\/span><\/p>\n<p><strong>c<\/strong> <a href=\"https:\/\/www.thomasandhutton.com\/vcards\/JasonChambless.vcf\">vCard<\/a>[\/vc_column_text][\/vc_column][\/vc_row][vc_row css_animation=\u00bb\u00bb row_type=\u00bbrow\u00bb use_row_as_full_screen_section=\u00bbno\u00bb type=\u00bbfull_width\u00bb angled_section=\u00bbno\u00bb text_align=\u00bbleft\u00bb background_image_as_pattern=\u00bbwithout_pattern\u00bb][vc_column][vc_empty_space height=\u00bb50px\u00bb][\/vc_column][\/vc_row][vc_row css_animation=\u00bb\u00bb row_type=\u00bbrow\u00bb use_row_as_full_screen_section=\u00bbno\u00bb type=\u00bbfull_width\u00bb angled_section=\u00bbno\u00bb text_align=\u00bbleft\u00bb background_image_as_pattern=\u00bbwithout_pattern\u00bb][vc_column][vc_raw_html]PHNjcmlwdCB0eXBlPSJhcHBsaWNhdGlvbi9sZCtqc29uIj57CgkiQGNvbnRleHQiOiAiaHR0cDovL3NjaGVtYS5vcmciLAoJIkB0eXBlIjogIlBlcnNvbiIsCgkiZmFtaWx5TmFtZSI6ICJDaGFtYmxlc3MiLAoJImdpdmVuTmFtZSI6ICJKYXNvbiIsCgkid29ya3NGb3IiOiAiaHR0cHM6Ly93d3cudGhvbWFzYW5kaHV0dG9uLmNvbS8iLAoJImpvYlRpdGxlIjogIlByaW5jaXBhbCBhbmQgQ2l2aWwgTWFuYWdlciBmb3IgdGhlIFNhdmFubmFoIG9mZmljZSIsCgkiYWx1bW5pT2YiOiAiaHR0cHM6Ly93d3cuZ2F0ZWNoLmVkdS8iLAoJImltYWdlIjogImh0dHBzOi8vd3d3LnRob21hc2FuZGh1dHRvbi5jb20vd3AtY29udGVudC91cGxvYWRzLzIwMjAvMTEvUHJvZmlsZS1KYXNvbi1DaGFtYmxlc3MtNDAweDI1MC5qcGciLAoJImdlbmRlciI6ICJodHRwOi8vc2NoZW1hLm9yZy9NYWxlIgp9Cjwvc2NyaXB0Pg==[\/vc_raw_html][\/vc_column][\/vc_row]<\/p>\n<\/div>","protected":false},"excerpt":{"rendered":"<p>[vc_row css_animation=\u00bb\u00bb row_type=\u00bbrow\u00bb use_row_as_full_screen_section=\u00bbno\u00bb type=\u00bbfull_width\u00bb angled_section=\u00bbno\u00bb text_align=\u00bbleft\u00bb background_image_as_pattern=\u00bbwithout_pattern\u00bb background_color=\u00bb#799900&#8243; z_index=\u00bb\u00bb css=\u00bb.vc_custom_1523400287498{padding-top: 30px !important;padding-bottom: 30px !important;background-color: #799900 !important;}\u00bb][vc_column][vc_single_image image=\u00bb2122&#8243; img_size=\u00bbfull\u00bb alignment=\u00bbcenter\u00bb qode_css_animation=\u00bb\u00bb][vc_column_text] Nuestra gente [\/vc_column_text][\/vc_column][\/vc_row][vc_row css_animation=\u00bb\u00bb row_type=\u00bbrow\u00bb use_row_as_full_screen_section=\u00bbno\u00bb type=\u00bbfull_width\u00bb angled_section=\u00bbno\u00bb text_align=\u00bbleft\u00bb background_image_as_pattern=\u00bbwithout_pattern\u00bb][vc_column][vc_empty_space height=\u00bb50px\u00bb][\/vc_column][\/vc_row][vc_row css_animation=\u00bb\u00bb row_type=\u00bbrow\u00bb use_row_as_full_screen_section=\u00bbyes\u00bb type=\u00bbfull_width\u00bb angled_section=\u00bbno\u00bb text_align=\u00bbleft\u00bb background_image_as_pattern=\u00bbwithout_pattern\u00bb z_index=\u00bb\u00bb][vc_column width=\u00bb2\/3&#8243; css=\u00bb.vc_custom_1528055156145{padding-right: 5% !important;padding-left: 15%<\/p>\n","protected":false},"author":7,"featured_media":0,"parent":0,"menu_order":0,"comment_status":"closed","ping_status":"closed","template":"full_width.php","meta":{"content-type":"","footnotes":""},"class_list":["post-21103","page","type-page","status-publish","hentry"],"yoast_head":"<!-- This site is optimized with the Yoast SEO plugin v27.6 - https:\/\/yoast.com\/product\/yoast-seo-wordpress\/ -->\n<title>Jason Chambless - Director Civil en Thomas &amp; Hutton<\/title>\n<meta name=\"description\" content=\"Ingeniero profesional licenciado, la experiencia de Jason en el desarrollo de sitios incluye consultor\u00eda general, permisos, an\u00e1lisis de costes de construcci\u00f3n, documentos contractuales y mucho m\u00e1s. Haga clic aqu\u00ed para obtener m\u00e1s informaci\u00f3n.\" \/>\n<meta name=\"robots\" content=\"index, follow, max-snippet:-1, max-image-preview:large, max-video-preview:-1\" \/>\n<link rel=\"canonical\" href=\"https:\/\/www.thomasandhutton.com\/es\/jason-chambless\/\" \/>\n<meta property=\"og:locale\" content=\"es_ES\" \/>\n<meta property=\"og:type\" content=\"article\" \/>\n<meta property=\"og:title\" content=\"Jason Chambless - Director Civil en Thomas &amp; Hutton\" \/>\n<meta property=\"og:description\" content=\"Ingeniero profesional licenciado, la experiencia de Jason en el desarrollo de sitios incluye consultor\u00eda general, permisos, an\u00e1lisis de costes de construcci\u00f3n, documentos contractuales y mucho m\u00e1s. Haga clic aqu\u00ed para obtener m\u00e1s informaci\u00f3n.\" \/>\n<meta property=\"og:url\" content=\"https:\/\/www.thomasandhutton.com\/es\/jason-chambless\/\" \/>\n<meta property=\"og:site_name\" content=\"Thomas &amp; Hutton\" \/>\n<meta property=\"article:publisher\" content=\"https:\/\/www.facebook.com\/THengineers\/\" \/>\n<meta property=\"article:modified_time\" content=\"2023-04-17T15:59:43+00:00\" \/>\n<meta name=\"twitter:card\" content=\"summary_large_image\" \/>\n<meta name=\"twitter:site\" content=\"@thomasandhutton\" \/>\n<meta name=\"twitter:label1\" content=\"Tiempo de lectura\" \/>\n\t<meta name=\"twitter:data1\" content=\"2 minutos\" \/>\n<script type=\"application\/ld+json\" class=\"yoast-schema-graph\">{\"@context\":\"https:\\\/\\\/schema.org\",\"@graph\":[{\"@type\":\"WebPage\",\"@id\":\"https:\\\/\\\/www.thomasandhutton.com\\\/es\\\/jason-chambless\\\/\",\"url\":\"https:\\\/\\\/www.thomasandhutton.com\\\/es\\\/jason-chambless\\\/\",\"name\":\"Jason Chambless - Director Civil en Thomas & Hutton\",\"isPartOf\":{\"@id\":\"https:\\\/\\\/www.thomasandhutton.com\\\/es\\\/#website\"},\"datePublished\":\"2018-06-03T22:14:14+00:00\",\"dateModified\":\"2023-04-17T15:59:43+00:00\",\"description\":\"Ingeniero profesional licenciado, la experiencia de Jason en el desarrollo de sitios incluye consultor\u00eda general, permisos, an\u00e1lisis de costes de construcci\u00f3n, documentos contractuales y mucho m\u00e1s. Haga clic aqu\u00ed para obtener m\u00e1s informaci\u00f3n.\",\"breadcrumb\":{\"@id\":\"https:\\\/\\\/www.thomasandhutton.com\\\/es\\\/jason-chambless\\\/#breadcrumb\"},\"inLanguage\":\"es\",\"potentialAction\":[{\"@type\":\"ReadAction\",\"target\":[\"https:\\\/\\\/www.thomasandhutton.com\\\/es\\\/jason-chambless\\\/\"]}]},{\"@type\":\"BreadcrumbList\",\"@id\":\"https:\\\/\\\/www.thomasandhutton.com\\\/es\\\/jason-chambless\\\/#breadcrumb\",\"itemListElement\":[{\"@type\":\"ListItem\",\"position\":1,\"name\":\"Home\",\"item\":\"https:\\\/\\\/www.thomasandhutton.com\\\/es\\\/inicio\\\/\"},{\"@type\":\"ListItem\",\"position\":2,\"name\":\"Jason Chambless\"}]},{\"@type\":\"WebSite\",\"@id\":\"https:\\\/\\\/www.thomasandhutton.com\\\/es\\\/#website\",\"url\":\"https:\\\/\\\/www.thomasandhutton.com\\\/es\\\/\",\"name\":\"Thomas & Hutton\",\"description\":\"Engineering | Surveying | Landscape Architecture | GIS | Consulting\",\"publisher\":{\"@id\":\"https:\\\/\\\/www.thomasandhutton.com\\\/es\\\/#organization\"},\"potentialAction\":[{\"@type\":\"SearchAction\",\"target\":{\"@type\":\"EntryPoint\",\"urlTemplate\":\"https:\\\/\\\/www.thomasandhutton.com\\\/es\\\/?s={search_term_string}\"},\"query-input\":{\"@type\":\"PropertyValueSpecification\",\"valueRequired\":true,\"valueName\":\"search_term_string\"}}],\"inLanguage\":\"es\"},{\"@type\":\"Organization\",\"@id\":\"https:\\\/\\\/www.thomasandhutton.com\\\/es\\\/#organization\",\"name\":\"Thomas & Hutton\",\"url\":\"https:\\\/\\\/www.thomasandhutton.com\\\/es\\\/\",\"logo\":{\"@type\":\"ImageObject\",\"inLanguage\":\"es\",\"@id\":\"https:\\\/\\\/www.thomasandhutton.com\\\/es\\\/#\\\/schema\\\/logo\\\/image\\\/\",\"url\":\"https:\\\/\\\/www.thomasandhutton.com\\\/wp-content\\\/uploads\\\/2018\\\/06\\\/TH_LOGO__2.png\",\"contentUrl\":\"https:\\\/\\\/www.thomasandhutton.com\\\/wp-content\\\/uploads\\\/2018\\\/06\\\/TH_LOGO__2.png\",\"width\":141,\"height\":46,\"caption\":\"Thomas & Hutton\"},\"image\":{\"@id\":\"https:\\\/\\\/www.thomasandhutton.com\\\/es\\\/#\\\/schema\\\/logo\\\/image\\\/\"},\"sameAs\":[\"https:\\\/\\\/www.facebook.com\\\/THengineers\\\/\",\"https:\\\/\\\/x.com\\\/thomasandhutton\",\"https:\\\/\\\/www.instagram.com\\\/ThomasandHutton\\\/\",\"https:\\\/\\\/www.linkedin.com\\\/company\\\/thomas-&amp;amp;-hutton-engineering-co.\",\"https:\\\/\\\/www.youtube.com\\\/user\\\/ThomasandHutton\"]}]}<\/script>\n<!-- \/ Yoast SEO plugin. -->","yoast_head_json":{"title":"Jason Chambless - Director Civil en Thomas & Hutton","description":"Ingeniero profesional licenciado, la experiencia de Jason en el desarrollo de sitios incluye consultor\u00eda general, permisos, an\u00e1lisis de costes de construcci\u00f3n, documentos contractuales y mucho m\u00e1s. Haga clic aqu\u00ed para obtener m\u00e1s informaci\u00f3n.","robots":{"index":"index","follow":"follow","max-snippet":"max-snippet:-1","max-image-preview":"max-image-preview:large","max-video-preview":"max-video-preview:-1"},"canonical":"https:\/\/www.thomasandhutton.com\/es\/jason-chambless\/","og_locale":"es_ES","og_type":"article","og_title":"Jason Chambless - Director Civil en Thomas & Hutton","og_description":"Ingeniero profesional licenciado, la experiencia de Jason en el desarrollo de sitios incluye consultor\u00eda general, permisos, an\u00e1lisis de costes de construcci\u00f3n, documentos contractuales y mucho m\u00e1s. Haga clic aqu\u00ed para obtener m\u00e1s informaci\u00f3n.","og_url":"https:\/\/www.thomasandhutton.com\/es\/jason-chambless\/","og_site_name":"Thomas &amp; Hutton","article_publisher":"https:\/\/www.facebook.com\/THengineers\/","article_modified_time":"2023-04-17T15:59:43+00:00","twitter_card":"summary_large_image","twitter_site":"@thomasandhutton","twitter_misc":{"Tiempo de lectura":"2 minutos"},"schema":{"@context":"https:\/\/schema.org","@graph":[{"@type":"WebPage","@id":"https:\/\/www.thomasandhutton.com\/es\/jason-chambless\/","url":"https:\/\/www.thomasandhutton.com\/es\/jason-chambless\/","name":"Jason Chambless - Director Civil en Thomas & Hutton","isPartOf":{"@id":"https:\/\/www.thomasandhutton.com\/es\/#website"},"datePublished":"2018-06-03T22:14:14+00:00","dateModified":"2023-04-17T15:59:43+00:00","description":"Ingeniero profesional licenciado, la experiencia de Jason en el desarrollo de sitios incluye consultor\u00eda general, permisos, an\u00e1lisis de costes de construcci\u00f3n, documentos contractuales y mucho m\u00e1s. Haga clic aqu\u00ed para obtener m\u00e1s informaci\u00f3n.","breadcrumb":{"@id":"https:\/\/www.thomasandhutton.com\/es\/jason-chambless\/#breadcrumb"},"inLanguage":"es","potentialAction":[{"@type":"ReadAction","target":["https:\/\/www.thomasandhutton.com\/es\/jason-chambless\/"]}]},{"@type":"BreadcrumbList","@id":"https:\/\/www.thomasandhutton.com\/es\/jason-chambless\/#breadcrumb","itemListElement":[{"@type":"ListItem","position":1,"name":"Home","item":"https:\/\/www.thomasandhutton.com\/es\/inicio\/"},{"@type":"ListItem","position":2,"name":"Jason Chambless"}]},{"@type":"WebSite","@id":"https:\/\/www.thomasandhutton.com\/es\/#website","url":"https:\/\/www.thomasandhutton.com\/es\/","name":"Thomas & Hutton","description":"Engineering | Surveying | Landscape Architecture | GIS | Consulting","publisher":{"@id":"https:\/\/www.thomasandhutton.com\/es\/#organization"},"potentialAction":[{"@type":"SearchAction","target":{"@type":"EntryPoint","urlTemplate":"https:\/\/www.thomasandhutton.com\/es\/?s={search_term_string}"},"query-input":{"@type":"PropertyValueSpecification","valueRequired":true,"valueName":"search_term_string"}}],"inLanguage":"es"},{"@type":"Organization","@id":"https:\/\/www.thomasandhutton.com\/es\/#organization","name":"Thomas & Hutton","url":"https:\/\/www.thomasandhutton.com\/es\/","logo":{"@type":"ImageObject","inLanguage":"es","@id":"https:\/\/www.thomasandhutton.com\/es\/#\/schema\/logo\/image\/","url":"https:\/\/www.thomasandhutton.com\/wp-content\/uploads\/2018\/06\/TH_LOGO__2.png","contentUrl":"https:\/\/www.thomasandhutton.com\/wp-content\/uploads\/2018\/06\/TH_LOGO__2.png","width":141,"height":46,"caption":"Thomas & Hutton"},"image":{"@id":"https:\/\/www.thomasandhutton.com\/es\/#\/schema\/logo\/image\/"},"sameAs":["https:\/\/www.facebook.com\/THengineers\/","https:\/\/x.com\/thomasandhutton","https:\/\/www.instagram.com\/ThomasandHutton\/","https:\/\/www.linkedin.com\/company\/thomas-&amp;amp;-hutton-engineering-co.","https:\/\/www.youtube.com\/user\/ThomasandHutton"]}]}},"_links":{"self":[{"href":"https:\/\/www.thomasandhutton.com\/es\/wp-json\/wp\/v2\/pages\/21103","targetHints":{"allow":["GET"]}}],"collection":[{"href":"https:\/\/www.thomasandhutton.com\/es\/wp-json\/wp\/v2\/pages"}],"about":[{"href":"https:\/\/www.thomasandhutton.com\/es\/wp-json\/wp\/v2\/types\/page"}],"author":[{"embeddable":true,"href":"https:\/\/www.thomasandhutton.com\/es\/wp-json\/wp\/v2\/users\/7"}],"replies":[{"embeddable":true,"href":"https:\/\/www.thomasandhutton.com\/es\/wp-json\/wp\/v2\/comments?post=21103"}],"version-history":[{"count":20,"href":"https:\/\/www.thomasandhutton.com\/es\/wp-json\/wp\/v2\/pages\/21103\/revisions"}],"predecessor-version":[{"id":26917,"href":"https:\/\/www.thomasandhutton.com\/es\/wp-json\/wp\/v2\/pages\/21103\/revisions\/26917"}],"wp:attachment":[{"href":"https:\/\/www.thomasandhutton.com\/es\/wp-json\/wp\/v2\/media?parent=21103"}],"curies":[{"name":"wp","href":"https:\/\/api.w.org\/{rel}","templated":true}]}}