{"id":21170,"date":"2018-06-03T21:31:50","date_gmt":"2018-06-03T21:31:50","guid":{"rendered":"https:\/\/www.thomasandhutton.com\/sean-flynn\/"},"modified":"2023-03-03T17:52:46","modified_gmt":"2023-03-03T17:52:46","slug":"sean-flynn","status":"publish","type":"page","link":"https:\/\/www.thomasandhutton.com\/es\/sean-flynn\/","title":{"rendered":"Sean Flynn"},"content":{"rendered":"<div class=\"wpb-content-wrapper\"><p>[vc_row css_animation=\u00bb\u00bb row_type=\u00bbrow\u00bb use_row_as_full_screen_section=\u00bbno\u00bb type=\u00bbfull_width\u00bb angled_section=\u00bbno\u00bb text_align=\u00bbleft\u00bb background_image_as_pattern=\u00bbwithout_pattern\u00bb background_color=\u00bb#799900&#8243; z_index=\u00bb\u00bb css=\u00bb.vc_custom_1523400287498{padding-top: 30px !important;padding-bottom: 30px !important;background-color: #799900 !important;}\u00bb][vc_column][vc_single_image image=\u00bb2122&#8243; img_size=\u00bbfull\u00bb alignment=\u00bbcenter\u00bb qode_css_animation=\u00bb\u00bb][vc_column_text]<\/p>\n<h2 style=\"text-align: center;\"><span style=\"color: #ffffff;\">Nuestra gente<\/span><\/h2>\n<p>[\/vc_column_text][\/vc_column][\/vc_row][vc_row css_animation=\u00bb\u00bb row_type=\u00bbrow\u00bb use_row_as_full_screen_section=\u00bbno\u00bb type=\u00bbfull_width\u00bb angled_section=\u00bbno\u00bb text_align=\u00bbleft\u00bb background_image_as_pattern=\u00bbwithout_pattern\u00bb][vc_column][vc_empty_space height=\u00bb50px\u00bb][\/vc_column][\/vc_row][vc_row css_animation=\u00bb\u00bb row_type=\u00bbrow\u00bb use_row_as_full_screen_section=\u00bbyes\u00bb type=\u00bbfull_width\u00bb angled_section=\u00bbno\u00bb text_align=\u00bbleft\u00bb background_image_as_pattern=\u00bbwithout_pattern\u00bb z_index=\u00bb\u00bb][vc_column width=\u00bb2\/3&#8243; css=\u00bb.vc_custom_1528055156145{padding-right: 5% !important;padding-left: 15% !important;}\u00bb][vc_column_text css=\u00bb.vc_custom_1528061404967{padding-top: 8px !important;}\u00bb]<\/p>\n<h1><span style=\"color: #000000;\"><b>Sean Flynn, PE<\/b><\/span><\/h1>\n<p>[\/vc_column_text][vc_column_text]<i><span style=\"font-weight: 400;\">\u00abMe apasiona el trabajo que hago porque s\u00e9 que como grupo -ingenieros, top\u00f3grafos, planificadores, arquitectos paisajistas y las personas con las que trabajamos- estamos mejorando la calidad de vida y alargando la vida de todos aquellos a los que afecta nuestro trabajo. No salvamos vidas en el sentido en que un cirujano repara un coraz\u00f3n defectuoso y da a alguien unos a\u00f1os m\u00e1s de vida, nuestra contribuci\u00f3n es mucho m\u00e1s amplia que eso. Proporcionamos agua m\u00e1s limpia y un saneamiento eficaz, reduciendo enfermedades y a\u00f1adiendo a\u00f1os a la vida de las personas. Proporcionamos v\u00edas m\u00e1s seguras para ir del punto A al punto B, reduciendo accidentes y muertes que de otro modo se habr\u00edan producido. Proporcionamos lugares para que la gente disfrute, mejorando su calidad de vida. Es dif\u00edcil cuantificar el impacto que tenemos dentro de ese marco de referencia, pero tenga la seguridad de que sabemos que el impacto existe. No lo hacemos para que nos reconozcan, ni para que nos den premios, ni para que pongan nuestro nombre a edificios y puentes. Lo hago para que cuando me acueste por la noche, sepa de una manera que s\u00f3lo me importa a m\u00ed, que he puesto mi granito de arena para dejar el mundo mejor de lo que estaba antes de que yo llegara, y eso es algo que merece la pena que nos apasione.\u00bb<\/span><\/i> <span style=\"font-weight: 400;\"> <\/span>[\/vc_column_text][vc_empty_space height=\u00bb25px\u00bb][vc_column_text]<span style=\"font-weight: 400;\">Sean es el Director Regional y Director Civil de la oficina de Myrtle Beach. Se incorpor\u00f3 a Thomas &amp; Hutton en 2010, aportando 14 a\u00f1os de experiencia en gesti\u00f3n de proyectos que van desde peque\u00f1os proyectos de mejora de capital a desarrollo a gran escala en las zonas costeras de Carolina del Sur, espec\u00edficamente a lo largo de Grand Strand. Sean, ingeniero profesional licenciado, ha trabajado en proyectos para peque\u00f1os municipios, grandes gobiernos locales y entidades privadas que incluyen la gesti\u00f3n de proyectos, la concesi\u00f3n de subvenciones, el desarrollo del sitio, el agua y las aguas residuales, el drenaje de aguas pluviales, el transporte, los an\u00e1lisis hidr\u00e1ulicos e hidrol\u00f3gicos y la gesti\u00f3n de la construcci\u00f3n. Sean obtuvo su m\u00e1ster en Ingenier\u00eda Civil con especializaci\u00f3n en Recursos H\u00eddricos e Ingenier\u00eda Medioambiental y su licenciatura en Ingenier\u00eda Civil en la Universidad de Carolina del Sur. En la actualidad es Presidente del Consejo de la Alianza para el Desarrollo Econ\u00f3mico del Condado de Georgetown, miembro activo de la Asociaci\u00f3n de Promotores Econ\u00f3micos de Carolina del Sur, y anteriormente ha formado parte del Consejo de Administraci\u00f3n del Distrito de Aguas y Alcantarillado del Condado de Georgetown y del Consejo de Administraci\u00f3n de la Corporaci\u00f3n Regional de Desarrollo Econ\u00f3mico de Myrtle Beach.<\/span>[\/vc_column_text][vc_row_inner row_type=\u00bbrow\u00bb type=\u00bbfull_width\u00bb text_align=\u00bbleft\u00bb css_animation=\u00bb\u00bb][vc_column_inner][vc_empty_space height=\u00bb50px\u00bb][\/vc_column_inner][\/vc_row_inner][vc_row_inner row_type=\u00bbrow\u00bb type=\u00bbfull_width\u00bb text_align=\u00bbleft\u00bb css_animation=\u00bb\u00bb][vc_column_inner width=\u00bb1\/4&#8243;][\/vc_column_inner][vc_column_inner width=\u00bb1\/2&#8243;][\/vc_column_inner][vc_column_inner width=\u00bb1\/4&#8243;][vc_column_text]<span data-type=\"normal\"  class=\"qode_icon_shortcode  q_font_awsome_icon   \" style=\" \"><i class=\"qode_icon_font_awesome fa fa-long-arrow-right qode_icon_element\" style=\"color: #799900;\" ><\/i><\/span><a href=\"https:\/\/www.thomasandhutton.com\/es\/nuestra-gente\/\"><strong><span style=\"color: #799900;\">A NUESTRA GENTE<\/span><\/strong><\/a>[\/vc_column_text][\/vc_column_inner][\/vc_row_inner][\/vc_column][vc_column width=\u00bb1\/3&#8243;][vc_single_image image=\u00bb3024&#8243; img_size=\u00bb400 x 250&#8243; qode_css_animation=\u00bb\u00bb][vc_column_text]<strong>Director Regional\/Gerente Civil<\/strong><\/p>\n<p><span style=\"font-weight: 400;\"><strong>p<\/strong> 843-839-3545 <strong>d<\/strong> 843-839-8426<\/span><\/p>\n<p><span style=\"font-weight: 400;\"><strong>e <\/strong><a href=\"mailto:flynn.s@tandh.com\">flynn.s@tandh.com<\/a><\/span><\/p>\n<p><strong>c<\/strong> <a href=\"https:\/\/www.thomasandhutton.com\/vcards\/SeanFlynn.vcf\">vCard<\/a>[\/vc_column_text][\/vc_column][\/vc_row][vc_row css_animation=\u00bb\u00bb row_type=\u00bbrow\u00bb use_row_as_full_screen_section=\u00bbno\u00bb type=\u00bbfull_width\u00bb angled_section=\u00bbno\u00bb text_align=\u00bbleft\u00bb background_image_as_pattern=\u00bbwithout_pattern\u00bb][vc_column][vc_empty_space height=\u00bb50px\u00bb][\/vc_column][\/vc_row][vc_row css_animation=\u00bb\u00bb row_type=\u00bbrow\u00bb use_row_as_full_screen_section=\u00bbno\u00bb type=\u00bbfull_width\u00bb angled_section=\u00bbno\u00bb text_align=\u00bbleft\u00bb background_image_as_pattern=\u00bbwithout_pattern\u00bb][vc_column][vc_raw_html]PHNjcmlwdCB0eXBlPSJhcHBsaWNhdGlvbi9sZCtqc29uIj57CiAgICAgICAgIkBjb250ZXh0IjogImh0dHA6Ly9zY2hlbWEub3JnIiwKICAgICAgICAiQHR5cGUiOiAiUGVyc29uIiwKICAgICAgICAiZmFtaWx5TmFtZSI6ICJTZWFuIiwKICAgICAgICAiZ2l2ZW5OYW1lIjogIkZseW5uIiwKICAgICAgICAid29ya3NGb3IiOiAiaHR0cHM6Ly93d3cudGhvbWFzYW5kaHV0dG9uLmNvbS8iLAogICAgICAgICJqb2JUaXRsZSI6ICJSZWdpb25hbCBEaXJlY3RvciBhbmQgQ2l2aWwgTWFuYWdlciIsCiAgICAgICAgImFsdW1uaU9mIjogImh0dHBzOi8vc2MuZWR1LyIsCiAgICAgICAgImltYWdlIjogImh0dHBzOi8vd3d3LnRob21hc2FuZGh1dHRvbi5jb20vd3AtY29udGVudC91cGxvYWRzLzIwMTgvMDcvUHJvZmlsZS1TZWFuLUZseW5uLTQwMHgyNTAuanBnIiwKICAgICAgICAiZ2VuZGVyIjogImh0dHA6Ly9zY2hlbWEub3JnL01hbGUiCn0KPC9zY3JpcHQ+[\/vc_raw_html][\/vc_column][\/vc_row]<\/p>\n<\/div>","protected":false},"excerpt":{"rendered":"<p>[vc_row css_animation=\u00bb\u00bb row_type=\u00bbrow\u00bb use_row_as_full_screen_section=\u00bbno\u00bb type=\u00bbfull_width\u00bb angled_section=\u00bbno\u00bb text_align=\u00bbleft\u00bb background_image_as_pattern=\u00bbwithout_pattern\u00bb background_color=\u00bb#799900&#8243; z_index=\u00bb\u00bb css=\u00bb.vc_custom_1523400287498{padding-top: 30px !important;padding-bottom: 30px !important;background-color: #799900 !important;}\u00bb][vc_column][vc_single_image image=\u00bb2122&#8243; img_size=\u00bbfull\u00bb alignment=\u00bbcenter\u00bb qode_css_animation=\u00bb\u00bb][vc_column_text] Nuestra gente [\/vc_column_text][\/vc_column][\/vc_row][vc_row css_animation=\u00bb\u00bb row_type=\u00bbrow\u00bb use_row_as_full_screen_section=\u00bbno\u00bb type=\u00bbfull_width\u00bb angled_section=\u00bbno\u00bb text_align=\u00bbleft\u00bb background_image_as_pattern=\u00bbwithout_pattern\u00bb][vc_column][vc_empty_space height=\u00bb50px\u00bb][\/vc_column][\/vc_row][vc_row css_animation=\u00bb\u00bb row_type=\u00bbrow\u00bb use_row_as_full_screen_section=\u00bbyes\u00bb type=\u00bbfull_width\u00bb angled_section=\u00bbno\u00bb text_align=\u00bbleft\u00bb background_image_as_pattern=\u00bbwithout_pattern\u00bb z_index=\u00bb\u00bb][vc_column width=\u00bb2\/3&#8243; css=\u00bb.vc_custom_1528055156145{padding-right: 5% !important;padding-left: 15%<\/p>\n","protected":false},"author":7,"featured_media":0,"parent":0,"menu_order":0,"comment_status":"closed","ping_status":"closed","template":"full_width.php","meta":{"content-type":"","footnotes":""},"class_list":["post-21170","page","type-page","status-publish","hentry"],"yoast_head":"<!-- This site is optimized with the Yoast SEO plugin v27.5 - https:\/\/yoast.com\/product\/yoast-seo-wordpress\/ -->\n<title>Sean Flynn - Director Regional y Director Civil de Thomas &amp; Hutton<\/title>\n<meta name=\"description\" content=\"Se incorpor\u00f3 a Thomas &amp; Hutton en 2010, aportando 14 a\u00f1os de experiencia en gesti\u00f3n de proyectos que van desde peque\u00f1os proyectos de mejora de capital hasta desarrollos a gran escala en las zonas costeras de Carolina del Sur. Haga clic aqu\u00ed para obtener m\u00e1s informaci\u00f3n.\" \/>\n<meta name=\"robots\" content=\"index, follow, max-snippet:-1, max-image-preview:large, max-video-preview:-1\" \/>\n<link rel=\"canonical\" href=\"https:\/\/www.thomasandhutton.com\/es\/sean-flynn\/\" \/>\n<meta property=\"og:locale\" content=\"es_ES\" \/>\n<meta property=\"og:type\" content=\"article\" \/>\n<meta property=\"og:title\" content=\"Sean Flynn - Director Regional y Director Civil de Thomas &amp; Hutton\" \/>\n<meta property=\"og:description\" content=\"Se incorpor\u00f3 a Thomas &amp; Hutton en 2010, aportando 14 a\u00f1os de experiencia en gesti\u00f3n de proyectos que van desde peque\u00f1os proyectos de mejora de capital hasta desarrollos a gran escala en las zonas costeras de Carolina del Sur. Haga clic aqu\u00ed para obtener m\u00e1s informaci\u00f3n.\" \/>\n<meta property=\"og:url\" content=\"https:\/\/www.thomasandhutton.com\/es\/sean-flynn\/\" \/>\n<meta property=\"og:site_name\" content=\"Thomas &amp; Hutton\" \/>\n<meta property=\"article:publisher\" content=\"https:\/\/www.facebook.com\/THengineers\/\" \/>\n<meta property=\"article:modified_time\" content=\"2023-03-03T17:52:46+00:00\" \/>\n<meta name=\"twitter:card\" content=\"summary_large_image\" \/>\n<meta name=\"twitter:site\" content=\"@thomasandhutton\" \/>\n<meta name=\"twitter:label1\" content=\"Tiempo de lectura\" \/>\n\t<meta name=\"twitter:data1\" content=\"5 minutos\" \/>\n<script type=\"application\/ld+json\" class=\"yoast-schema-graph\">{\"@context\":\"https:\\\/\\\/schema.org\",\"@graph\":[{\"@type\":\"WebPage\",\"@id\":\"https:\\\/\\\/www.thomasandhutton.com\\\/es\\\/sean-flynn\\\/\",\"url\":\"https:\\\/\\\/www.thomasandhutton.com\\\/es\\\/sean-flynn\\\/\",\"name\":\"Sean Flynn - Director Regional y Director Civil de Thomas & Hutton\",\"isPartOf\":{\"@id\":\"https:\\\/\\\/www.thomasandhutton.com\\\/es\\\/#website\"},\"datePublished\":\"2018-06-03T21:31:50+00:00\",\"dateModified\":\"2023-03-03T17:52:46+00:00\",\"description\":\"Se incorpor\u00f3 a Thomas & Hutton en 2010, aportando 14 a\u00f1os de experiencia en gesti\u00f3n de proyectos que van desde peque\u00f1os proyectos de mejora de capital hasta desarrollos a gran escala en las zonas costeras de Carolina del Sur. Haga clic aqu\u00ed para obtener m\u00e1s informaci\u00f3n.\",\"breadcrumb\":{\"@id\":\"https:\\\/\\\/www.thomasandhutton.com\\\/es\\\/sean-flynn\\\/#breadcrumb\"},\"inLanguage\":\"es\",\"potentialAction\":[{\"@type\":\"ReadAction\",\"target\":[\"https:\\\/\\\/www.thomasandhutton.com\\\/es\\\/sean-flynn\\\/\"]}]},{\"@type\":\"BreadcrumbList\",\"@id\":\"https:\\\/\\\/www.thomasandhutton.com\\\/es\\\/sean-flynn\\\/#breadcrumb\",\"itemListElement\":[{\"@type\":\"ListItem\",\"position\":1,\"name\":\"Home\",\"item\":\"https:\\\/\\\/www.thomasandhutton.com\\\/es\\\/inicio\\\/\"},{\"@type\":\"ListItem\",\"position\":2,\"name\":\"Sean Flynn\"}]},{\"@type\":\"WebSite\",\"@id\":\"https:\\\/\\\/www.thomasandhutton.com\\\/es\\\/#website\",\"url\":\"https:\\\/\\\/www.thomasandhutton.com\\\/es\\\/\",\"name\":\"Thomas & Hutton\",\"description\":\"Engineering | Surveying | Landscape Architecture | GIS | Consulting\",\"publisher\":{\"@id\":\"https:\\\/\\\/www.thomasandhutton.com\\\/es\\\/#organization\"},\"potentialAction\":[{\"@type\":\"SearchAction\",\"target\":{\"@type\":\"EntryPoint\",\"urlTemplate\":\"https:\\\/\\\/www.thomasandhutton.com\\\/es\\\/?s={search_term_string}\"},\"query-input\":{\"@type\":\"PropertyValueSpecification\",\"valueRequired\":true,\"valueName\":\"search_term_string\"}}],\"inLanguage\":\"es\"},{\"@type\":\"Organization\",\"@id\":\"https:\\\/\\\/www.thomasandhutton.com\\\/es\\\/#organization\",\"name\":\"Thomas & Hutton\",\"url\":\"https:\\\/\\\/www.thomasandhutton.com\\\/es\\\/\",\"logo\":{\"@type\":\"ImageObject\",\"inLanguage\":\"es\",\"@id\":\"https:\\\/\\\/www.thomasandhutton.com\\\/es\\\/#\\\/schema\\\/logo\\\/image\\\/\",\"url\":\"https:\\\/\\\/www.thomasandhutton.com\\\/wp-content\\\/uploads\\\/2018\\\/06\\\/TH_LOGO__2.png\",\"contentUrl\":\"https:\\\/\\\/www.thomasandhutton.com\\\/wp-content\\\/uploads\\\/2018\\\/06\\\/TH_LOGO__2.png\",\"width\":141,\"height\":46,\"caption\":\"Thomas & Hutton\"},\"image\":{\"@id\":\"https:\\\/\\\/www.thomasandhutton.com\\\/es\\\/#\\\/schema\\\/logo\\\/image\\\/\"},\"sameAs\":[\"https:\\\/\\\/www.facebook.com\\\/THengineers\\\/\",\"https:\\\/\\\/x.com\\\/thomasandhutton\",\"https:\\\/\\\/www.instagram.com\\\/ThomasandHutton\\\/\",\"https:\\\/\\\/www.linkedin.com\\\/company\\\/thomas-&amp;amp;-hutton-engineering-co.\",\"https:\\\/\\\/www.youtube.com\\\/user\\\/ThomasandHutton\"]}]}<\/script>\n<!-- \/ Yoast SEO plugin. -->","yoast_head_json":{"title":"Sean Flynn - Director Regional y Director Civil de Thomas & Hutton","description":"Se incorpor\u00f3 a Thomas & Hutton en 2010, aportando 14 a\u00f1os de experiencia en gesti\u00f3n de proyectos que van desde peque\u00f1os proyectos de mejora de capital hasta desarrollos a gran escala en las zonas costeras de Carolina del Sur. Haga clic aqu\u00ed para obtener m\u00e1s informaci\u00f3n.","robots":{"index":"index","follow":"follow","max-snippet":"max-snippet:-1","max-image-preview":"max-image-preview:large","max-video-preview":"max-video-preview:-1"},"canonical":"https:\/\/www.thomasandhutton.com\/es\/sean-flynn\/","og_locale":"es_ES","og_type":"article","og_title":"Sean Flynn - Director Regional y Director Civil de Thomas & Hutton","og_description":"Se incorpor\u00f3 a Thomas & Hutton en 2010, aportando 14 a\u00f1os de experiencia en gesti\u00f3n de proyectos que van desde peque\u00f1os proyectos de mejora de capital hasta desarrollos a gran escala en las zonas costeras de Carolina del Sur. Haga clic aqu\u00ed para obtener m\u00e1s informaci\u00f3n.","og_url":"https:\/\/www.thomasandhutton.com\/es\/sean-flynn\/","og_site_name":"Thomas &amp; Hutton","article_publisher":"https:\/\/www.facebook.com\/THengineers\/","article_modified_time":"2023-03-03T17:52:46+00:00","twitter_card":"summary_large_image","twitter_site":"@thomasandhutton","twitter_misc":{"Tiempo de lectura":"5 minutos"},"schema":{"@context":"https:\/\/schema.org","@graph":[{"@type":"WebPage","@id":"https:\/\/www.thomasandhutton.com\/es\/sean-flynn\/","url":"https:\/\/www.thomasandhutton.com\/es\/sean-flynn\/","name":"Sean Flynn - Director Regional y Director Civil de Thomas & Hutton","isPartOf":{"@id":"https:\/\/www.thomasandhutton.com\/es\/#website"},"datePublished":"2018-06-03T21:31:50+00:00","dateModified":"2023-03-03T17:52:46+00:00","description":"Se incorpor\u00f3 a Thomas & Hutton en 2010, aportando 14 a\u00f1os de experiencia en gesti\u00f3n de proyectos que van desde peque\u00f1os proyectos de mejora de capital hasta desarrollos a gran escala en las zonas costeras de Carolina del Sur. Haga clic aqu\u00ed para obtener m\u00e1s informaci\u00f3n.","breadcrumb":{"@id":"https:\/\/www.thomasandhutton.com\/es\/sean-flynn\/#breadcrumb"},"inLanguage":"es","potentialAction":[{"@type":"ReadAction","target":["https:\/\/www.thomasandhutton.com\/es\/sean-flynn\/"]}]},{"@type":"BreadcrumbList","@id":"https:\/\/www.thomasandhutton.com\/es\/sean-flynn\/#breadcrumb","itemListElement":[{"@type":"ListItem","position":1,"name":"Home","item":"https:\/\/www.thomasandhutton.com\/es\/inicio\/"},{"@type":"ListItem","position":2,"name":"Sean Flynn"}]},{"@type":"WebSite","@id":"https:\/\/www.thomasandhutton.com\/es\/#website","url":"https:\/\/www.thomasandhutton.com\/es\/","name":"Thomas & Hutton","description":"Engineering | Surveying | Landscape Architecture | GIS | Consulting","publisher":{"@id":"https:\/\/www.thomasandhutton.com\/es\/#organization"},"potentialAction":[{"@type":"SearchAction","target":{"@type":"EntryPoint","urlTemplate":"https:\/\/www.thomasandhutton.com\/es\/?s={search_term_string}"},"query-input":{"@type":"PropertyValueSpecification","valueRequired":true,"valueName":"search_term_string"}}],"inLanguage":"es"},{"@type":"Organization","@id":"https:\/\/www.thomasandhutton.com\/es\/#organization","name":"Thomas & Hutton","url":"https:\/\/www.thomasandhutton.com\/es\/","logo":{"@type":"ImageObject","inLanguage":"es","@id":"https:\/\/www.thomasandhutton.com\/es\/#\/schema\/logo\/image\/","url":"https:\/\/www.thomasandhutton.com\/wp-content\/uploads\/2018\/06\/TH_LOGO__2.png","contentUrl":"https:\/\/www.thomasandhutton.com\/wp-content\/uploads\/2018\/06\/TH_LOGO__2.png","width":141,"height":46,"caption":"Thomas & Hutton"},"image":{"@id":"https:\/\/www.thomasandhutton.com\/es\/#\/schema\/logo\/image\/"},"sameAs":["https:\/\/www.facebook.com\/THengineers\/","https:\/\/x.com\/thomasandhutton","https:\/\/www.instagram.com\/ThomasandHutton\/","https:\/\/www.linkedin.com\/company\/thomas-&amp;amp;-hutton-engineering-co.","https:\/\/www.youtube.com\/user\/ThomasandHutton"]}]}},"_links":{"self":[{"href":"https:\/\/www.thomasandhutton.com\/es\/wp-json\/wp\/v2\/pages\/21170","targetHints":{"allow":["GET"]}}],"collection":[{"href":"https:\/\/www.thomasandhutton.com\/es\/wp-json\/wp\/v2\/pages"}],"about":[{"href":"https:\/\/www.thomasandhutton.com\/es\/wp-json\/wp\/v2\/types\/page"}],"author":[{"embeddable":true,"href":"https:\/\/www.thomasandhutton.com\/es\/wp-json\/wp\/v2\/users\/7"}],"replies":[{"embeddable":true,"href":"https:\/\/www.thomasandhutton.com\/es\/wp-json\/wp\/v2\/comments?post=21170"}],"version-history":[{"count":1,"href":"https:\/\/www.thomasandhutton.com\/es\/wp-json\/wp\/v2\/pages\/21170\/revisions"}],"predecessor-version":[{"id":21197,"href":"https:\/\/www.thomasandhutton.com\/es\/wp-json\/wp\/v2\/pages\/21170\/revisions\/21197"}],"wp:attachment":[{"href":"https:\/\/www.thomasandhutton.com\/es\/wp-json\/wp\/v2\/media?parent=21170"}],"curies":[{"name":"wp","href":"https:\/\/api.w.org\/{rel}","templated":true}]}}