{"id":21685,"date":"2018-06-03T19:59:05","date_gmt":"2018-06-03T19:59:05","guid":{"rendered":"https:\/\/www.thomasandhutton.com\/charles-ezelle\/"},"modified":"2023-04-17T15:13:39","modified_gmt":"2023-04-17T15:13:39","slug":"charles-ezelle","status":"publish","type":"page","link":"https:\/\/www.thomasandhutton.com\/es\/charles-ezelle\/","title":{"rendered":"Charles Ezelle"},"content":{"rendered":"<div class=\"wpb-content-wrapper\"><p>[vc_row css_animation=\u00bb\u00bb row_type=\u00bbrow\u00bb use_row_as_full_screen_section=\u00bbno\u00bb type=\u00bbfull_width\u00bb angled_section=\u00bbno\u00bb text_align=\u00bbleft\u00bb background_image_as_pattern=\u00bbwithout_pattern\u00bb background_color=\u00bb#799900&#8243; z_index=\u00bb\u00bb css=\u00bb.vc_custom_1523400287498{padding-top: 30px !important;padding-bottom: 30px !important;background-color: #799900 !important;}\u00bb][vc_column][vc_single_image image=\u00bb2122&#8243; img_size=\u00bbfull\u00bb alignment=\u00bbcenter\u00bb qode_css_animation=\u00bb\u00bb][vc_column_text]<\/p>\n<h1 style=\"text-align: center;\"><span style=\"color: #ffffff;\">Nuestra gente<\/span><\/h1>\n<p>[\/vc_column_text][\/vc_column][\/vc_row][vc_row css_animation=\u00bb\u00bb row_type=\u00bbrow\u00bb use_row_as_full_screen_section=\u00bbno\u00bb type=\u00bbfull_width\u00bb angled_section=\u00bbno\u00bb text_align=\u00bbleft\u00bb background_image_as_pattern=\u00bbwithout_pattern\u00bb][vc_column][vc_empty_space height=\u00bb50px\u00bb][\/vc_column][\/vc_row][vc_row css_animation=\u00bb\u00bb row_type=\u00bbrow\u00bb use_row_as_full_screen_section=\u00bbyes\u00bb type=\u00bbfull_width\u00bb angled_section=\u00bbno\u00bb text_align=\u00bbleft\u00bb background_image_as_pattern=\u00bbwithout_pattern\u00bb z_index=\u00bb\u00bb][vc_column width=\u00bb2\/3&#8243; css=\u00bb.vc_custom_1528055156145{padding-right: 5% !important;padding-left: 15% !important;}\u00bb][vc_column_text css=\u00bb.vc_custom_1534524626064{padding-top: 8px !important;}\u00bb]<\/p>\n<h1><span style=\"color: #000000;\"><b>Charles Ezelle, PE<\/b><\/span><\/h1>\n<p>[\/vc_column_text][vc_column_text]<i><span style=\"font-weight: 400;\">\u00abMe apasiona la ingenier\u00eda de consultor\u00eda y las relaciones que establecemos con nuestros clientes y colegas. A menudo tenemos la oportunidad de actuar como asesores de confianza del propietario. En este papel, desplegamos el talento y la experiencia de los miembros de nuestro equipo y nos esforzamos por alcanzar el \u00e9xito. La gente y los proyectos me entusiasman y con ganas de ir a trabajar cada d\u00eda\u00bb.<\/span><\/i>[\/vc_column_text][vc_empty_space height=\u00bb25px\u00bb][vc_column_text]<span style=\"font-weight: 400;\">Charles es Director Regional y Director Civil de la oficina de Brunswick, donde supervisa las operaciones de la oficina, las infraestructuras municipales y los proyectos de desarrollo localizados principalmente en la costa sureste de Georgia. Se licenci\u00f3 en Ingenier\u00eda Civil por el Georgia Institute of Technology y ese mismo a\u00f1o se incorpor\u00f3 a Thomas &amp; Hutton en 1997. Ingeniero profesional licenciado, Charles tiene una amplia experiencia en la evaluaci\u00f3n de emplazamientos, rezonificaci\u00f3n, ingenier\u00eda preliminar, solicitudes de permisos, dise\u00f1o de ingenier\u00eda, documentos contractuales y especificaciones, administraci\u00f3n de la construcci\u00f3n para el agua, aguas residuales, drenaje de aguas pluviales y carreteras para proyectos comerciales, residenciales, municipales e industriales. Su participaci\u00f3n en varias organizaciones profesionales incluye American Council of Engineering Companies of Georgia (2016-2017 Chairman), American Society of Civil Engineers, National Society of Professional Engineers, Leadership Glynn y Rotary Club of Brunswick.  <\/span>[\/vc_column_text][vc_row_inner row_type=\u00bbrow\u00bb type=\u00bbfull_width\u00bb text_align=\u00bbleft\u00bb css_animation=\u00bb\u00bb][vc_column_inner][vc_empty_space height=\u00bb50px\u00bb][\/vc_column_inner][\/vc_row_inner][vc_row_inner row_type=\u00bbrow\u00bb type=\u00bbfull_width\u00bb text_align=\u00bbleft\u00bb css_animation=\u00bb\u00bb][vc_column_inner width=\u00bb1\/4&#8243;][\/vc_column_inner][vc_column_inner width=\u00bb1\/2&#8243;][\/vc_column_inner][vc_column_inner width=\u00bb1\/4&#8243;][vc_column_text]<span data-type=\"normal\"  class=\"qode_icon_shortcode  q_font_awsome_icon   \" style=\" \"><i class=\"qode_icon_font_awesome fa fa-long-arrow-right qode_icon_element\" style=\"color: #799900;\" ><\/i><\/span><a href=\"https:\/\/www.thomasandhutton.com\/es\/nuestra-gente\/\"><strong><span style=\"color: #799900;\">A NUESTRA GENTE<\/span><\/strong><\/a>[\/vc_column_text][\/vc_column_inner][\/vc_row_inner][\/vc_column][vc_column width=\u00bb1\/3&#8243;][vc_single_image image=\u00bb2990&#8243; img_size=\u00bb400 x 254&#8243; qode_css_animation=\u00bb\u00bb][vc_column_text]<b>Principal\/Director Regional<\/b><\/p>\n<p><span style=\"font-weight: 400;\"><strong>p<\/strong> 912-466-<\/span><span style=\"font-weight: 400;\">0536<\/span><\/p>\n<p><span style=\"font-weight: 400;\"><strong>e<\/strong> <a href=\"mailto:ezelle.c@tandh.com\">ezelle.c@tandh.com<\/a><\/span><\/p>\n<p><strong>c<\/strong> <a href=\"https:\/\/www.thomasandhutton.com\/vcards\/CharlesEzelle.vcf\">vCard<\/a>[\/vc_column_text][\/vc_column][\/vc_row][vc_row css_animation=\u00bb\u00bb row_type=\u00bbrow\u00bb use_row_as_full_screen_section=\u00bbno\u00bb type=\u00bbfull_width\u00bb angled_section=\u00bbno\u00bb text_align=\u00bbleft\u00bb background_image_as_pattern=\u00bbwithout_pattern\u00bb][vc_column][vc_empty_space height=\u00bb50px\u00bb][\/vc_column][\/vc_row]<\/p>\n<\/div>","protected":false},"excerpt":{"rendered":"<p>[vc_row css_animation=\u00bb\u00bb row_type=\u00bbrow\u00bb use_row_as_full_screen_section=\u00bbno\u00bb type=\u00bbfull_width\u00bb angled_section=\u00bbno\u00bb text_align=\u00bbleft\u00bb background_image_as_pattern=\u00bbwithout_pattern\u00bb background_color=\u00bb#799900&#8243; z_index=\u00bb\u00bb css=\u00bb.vc_custom_1523400287498{padding-top: 30px !important;padding-bottom: 30px !important;background-color: #799900 !important;}\u00bb][vc_column][vc_single_image image=\u00bb2122&#8243; img_size=\u00bbfull\u00bb alignment=\u00bbcenter\u00bb qode_css_animation=\u00bb\u00bb][vc_column_text] Nuestra gente [\/vc_column_text][\/vc_column][\/vc_row][vc_row css_animation=\u00bb\u00bb row_type=\u00bbrow\u00bb use_row_as_full_screen_section=\u00bbno\u00bb type=\u00bbfull_width\u00bb angled_section=\u00bbno\u00bb text_align=\u00bbleft\u00bb background_image_as_pattern=\u00bbwithout_pattern\u00bb][vc_column][vc_empty_space height=\u00bb50px\u00bb][\/vc_column][\/vc_row][vc_row css_animation=\u00bb\u00bb row_type=\u00bbrow\u00bb use_row_as_full_screen_section=\u00bbyes\u00bb type=\u00bbfull_width\u00bb angled_section=\u00bbno\u00bb text_align=\u00bbleft\u00bb background_image_as_pattern=\u00bbwithout_pattern\u00bb z_index=\u00bb\u00bb][vc_column width=\u00bb2\/3&#8243; css=\u00bb.vc_custom_1528055156145{padding-right: 5% !important;padding-left: 15%<\/p>\n","protected":false},"author":7,"featured_media":0,"parent":0,"menu_order":0,"comment_status":"closed","ping_status":"closed","template":"full_width.php","meta":{"content-type":"","footnotes":""},"class_list":["post-21685","page","type-page","status-publish","hentry"],"yoast_head":"<!-- This site is optimized with the Yoast SEO plugin v27.6 - https:\/\/yoast.com\/product\/yoast-seo-wordpress\/ -->\n<title>Charles Ezelle - Thomas &amp; Hutton<\/title>\n<meta name=\"robots\" content=\"index, follow, max-snippet:-1, max-image-preview:large, max-video-preview:-1\" \/>\n<link rel=\"canonical\" href=\"https:\/\/www.thomasandhutton.com\/es\/charles-ezelle\/\" \/>\n<meta property=\"og:locale\" content=\"es_ES\" \/>\n<meta property=\"og:type\" content=\"article\" \/>\n<meta property=\"og:title\" content=\"Charles Ezelle - Thomas &amp; Hutton\" \/>\n<meta property=\"og:description\" content=\"[vc_row css_animation=\u00bb\u00bb row_type=\u00bbrow\u00bb use_row_as_full_screen_section=\u00bbno\u00bb type=\u00bbfull_width\u00bb angled_section=\u00bbno\u00bb text_align=\u00bbleft\u00bb background_image_as_pattern=\u00bbwithout_pattern\u00bb background_color=\u00bb#799900&#8243; z_index=\u00bb\u00bb css=\u00bb.vc_custom_1523400287498{padding-top: 30px !important;padding-bottom: 30px !important;background-color: #799900 !important;}\u00bb][vc_column][vc_single_image image=\u00bb2122&#8243; img_size=\u00bbfull\u00bb alignment=\u00bbcenter\u00bb qode_css_animation=\u00bb\u00bb][vc_column_text] Nuestra gente [\/vc_column_text][\/vc_column][\/vc_row][vc_row css_animation=\u00bb\u00bb row_type=\u00bbrow\u00bb use_row_as_full_screen_section=\u00bbno\u00bb type=\u00bbfull_width\u00bb angled_section=\u00bbno\u00bb text_align=\u00bbleft\u00bb background_image_as_pattern=\u00bbwithout_pattern\u00bb][vc_column][vc_empty_space height=\u00bb50px\u00bb][\/vc_column][\/vc_row][vc_row css_animation=\u00bb\u00bb row_type=\u00bbrow\u00bb use_row_as_full_screen_section=\u00bbyes\u00bb type=\u00bbfull_width\u00bb angled_section=\u00bbno\u00bb text_align=\u00bbleft\u00bb background_image_as_pattern=\u00bbwithout_pattern\u00bb z_index=\u00bb\u00bb][vc_column width=\u00bb2\/3&#8243; css=\u00bb.vc_custom_1528055156145{padding-right: 5% !important;padding-left: 15%\" \/>\n<meta property=\"og:url\" content=\"https:\/\/www.thomasandhutton.com\/es\/charles-ezelle\/\" \/>\n<meta property=\"og:site_name\" content=\"Thomas &amp; Hutton\" \/>\n<meta property=\"article:publisher\" content=\"https:\/\/www.facebook.com\/THengineers\/\" \/>\n<meta property=\"article:modified_time\" content=\"2023-04-17T15:13:39+00:00\" \/>\n<meta name=\"twitter:card\" content=\"summary_large_image\" \/>\n<meta name=\"twitter:site\" content=\"@thomasandhutton\" \/>\n<meta name=\"twitter:label1\" content=\"Tiempo de lectura\" \/>\n\t<meta name=\"twitter:data1\" content=\"3 minutos\" \/>\n<script type=\"application\/ld+json\" class=\"yoast-schema-graph\">{\"@context\":\"https:\\\/\\\/schema.org\",\"@graph\":[{\"@type\":\"WebPage\",\"@id\":\"https:\\\/\\\/www.thomasandhutton.com\\\/es\\\/charles-ezelle\\\/\",\"url\":\"https:\\\/\\\/www.thomasandhutton.com\\\/es\\\/charles-ezelle\\\/\",\"name\":\"Charles Ezelle - Thomas &amp; Hutton\",\"isPartOf\":{\"@id\":\"https:\\\/\\\/www.thomasandhutton.com\\\/es\\\/#website\"},\"datePublished\":\"2018-06-03T19:59:05+00:00\",\"dateModified\":\"2023-04-17T15:13:39+00:00\",\"breadcrumb\":{\"@id\":\"https:\\\/\\\/www.thomasandhutton.com\\\/es\\\/charles-ezelle\\\/#breadcrumb\"},\"inLanguage\":\"es\",\"potentialAction\":[{\"@type\":\"ReadAction\",\"target\":[\"https:\\\/\\\/www.thomasandhutton.com\\\/es\\\/charles-ezelle\\\/\"]}]},{\"@type\":\"BreadcrumbList\",\"@id\":\"https:\\\/\\\/www.thomasandhutton.com\\\/es\\\/charles-ezelle\\\/#breadcrumb\",\"itemListElement\":[{\"@type\":\"ListItem\",\"position\":1,\"name\":\"Home\",\"item\":\"https:\\\/\\\/www.thomasandhutton.com\\\/es\\\/inicio\\\/\"},{\"@type\":\"ListItem\",\"position\":2,\"name\":\"Charles Ezelle\"}]},{\"@type\":\"WebSite\",\"@id\":\"https:\\\/\\\/www.thomasandhutton.com\\\/es\\\/#website\",\"url\":\"https:\\\/\\\/www.thomasandhutton.com\\\/es\\\/\",\"name\":\"Thomas & Hutton\",\"description\":\"Engineering | Surveying | Landscape Architecture | GIS | Consulting\",\"publisher\":{\"@id\":\"https:\\\/\\\/www.thomasandhutton.com\\\/es\\\/#organization\"},\"potentialAction\":[{\"@type\":\"SearchAction\",\"target\":{\"@type\":\"EntryPoint\",\"urlTemplate\":\"https:\\\/\\\/www.thomasandhutton.com\\\/es\\\/?s={search_term_string}\"},\"query-input\":{\"@type\":\"PropertyValueSpecification\",\"valueRequired\":true,\"valueName\":\"search_term_string\"}}],\"inLanguage\":\"es\"},{\"@type\":\"Organization\",\"@id\":\"https:\\\/\\\/www.thomasandhutton.com\\\/es\\\/#organization\",\"name\":\"Thomas & Hutton\",\"url\":\"https:\\\/\\\/www.thomasandhutton.com\\\/es\\\/\",\"logo\":{\"@type\":\"ImageObject\",\"inLanguage\":\"es\",\"@id\":\"https:\\\/\\\/www.thomasandhutton.com\\\/es\\\/#\\\/schema\\\/logo\\\/image\\\/\",\"url\":\"https:\\\/\\\/www.thomasandhutton.com\\\/wp-content\\\/uploads\\\/2018\\\/06\\\/TH_LOGO__2.png\",\"contentUrl\":\"https:\\\/\\\/www.thomasandhutton.com\\\/wp-content\\\/uploads\\\/2018\\\/06\\\/TH_LOGO__2.png\",\"width\":141,\"height\":46,\"caption\":\"Thomas & Hutton\"},\"image\":{\"@id\":\"https:\\\/\\\/www.thomasandhutton.com\\\/es\\\/#\\\/schema\\\/logo\\\/image\\\/\"},\"sameAs\":[\"https:\\\/\\\/www.facebook.com\\\/THengineers\\\/\",\"https:\\\/\\\/x.com\\\/thomasandhutton\",\"https:\\\/\\\/www.instagram.com\\\/ThomasandHutton\\\/\",\"https:\\\/\\\/www.linkedin.com\\\/company\\\/thomas-&amp;amp;-hutton-engineering-co.\",\"https:\\\/\\\/www.youtube.com\\\/user\\\/ThomasandHutton\"]}]}<\/script>\n<!-- \/ Yoast SEO plugin. -->","yoast_head_json":{"title":"Charles Ezelle - Thomas &amp; Hutton","robots":{"index":"index","follow":"follow","max-snippet":"max-snippet:-1","max-image-preview":"max-image-preview:large","max-video-preview":"max-video-preview:-1"},"canonical":"https:\/\/www.thomasandhutton.com\/es\/charles-ezelle\/","og_locale":"es_ES","og_type":"article","og_title":"Charles Ezelle - Thomas &amp; Hutton","og_description":"[vc_row css_animation=\u00bb\u00bb row_type=\u00bbrow\u00bb use_row_as_full_screen_section=\u00bbno\u00bb type=\u00bbfull_width\u00bb angled_section=\u00bbno\u00bb text_align=\u00bbleft\u00bb background_image_as_pattern=\u00bbwithout_pattern\u00bb background_color=\u00bb#799900&#8243; z_index=\u00bb\u00bb css=\u00bb.vc_custom_1523400287498{padding-top: 30px !important;padding-bottom: 30px !important;background-color: #799900 !important;}\u00bb][vc_column][vc_single_image image=\u00bb2122&#8243; img_size=\u00bbfull\u00bb alignment=\u00bbcenter\u00bb qode_css_animation=\u00bb\u00bb][vc_column_text] Nuestra gente [\/vc_column_text][\/vc_column][\/vc_row][vc_row css_animation=\u00bb\u00bb row_type=\u00bbrow\u00bb use_row_as_full_screen_section=\u00bbno\u00bb type=\u00bbfull_width\u00bb angled_section=\u00bbno\u00bb text_align=\u00bbleft\u00bb background_image_as_pattern=\u00bbwithout_pattern\u00bb][vc_column][vc_empty_space height=\u00bb50px\u00bb][\/vc_column][\/vc_row][vc_row css_animation=\u00bb\u00bb row_type=\u00bbrow\u00bb use_row_as_full_screen_section=\u00bbyes\u00bb type=\u00bbfull_width\u00bb angled_section=\u00bbno\u00bb text_align=\u00bbleft\u00bb background_image_as_pattern=\u00bbwithout_pattern\u00bb z_index=\u00bb\u00bb][vc_column width=\u00bb2\/3&#8243; css=\u00bb.vc_custom_1528055156145{padding-right: 5% !important;padding-left: 15%","og_url":"https:\/\/www.thomasandhutton.com\/es\/charles-ezelle\/","og_site_name":"Thomas &amp; Hutton","article_publisher":"https:\/\/www.facebook.com\/THengineers\/","article_modified_time":"2023-04-17T15:13:39+00:00","twitter_card":"summary_large_image","twitter_site":"@thomasandhutton","twitter_misc":{"Tiempo de lectura":"3 minutos"},"schema":{"@context":"https:\/\/schema.org","@graph":[{"@type":"WebPage","@id":"https:\/\/www.thomasandhutton.com\/es\/charles-ezelle\/","url":"https:\/\/www.thomasandhutton.com\/es\/charles-ezelle\/","name":"Charles Ezelle - Thomas &amp; Hutton","isPartOf":{"@id":"https:\/\/www.thomasandhutton.com\/es\/#website"},"datePublished":"2018-06-03T19:59:05+00:00","dateModified":"2023-04-17T15:13:39+00:00","breadcrumb":{"@id":"https:\/\/www.thomasandhutton.com\/es\/charles-ezelle\/#breadcrumb"},"inLanguage":"es","potentialAction":[{"@type":"ReadAction","target":["https:\/\/www.thomasandhutton.com\/es\/charles-ezelle\/"]}]},{"@type":"BreadcrumbList","@id":"https:\/\/www.thomasandhutton.com\/es\/charles-ezelle\/#breadcrumb","itemListElement":[{"@type":"ListItem","position":1,"name":"Home","item":"https:\/\/www.thomasandhutton.com\/es\/inicio\/"},{"@type":"ListItem","position":2,"name":"Charles Ezelle"}]},{"@type":"WebSite","@id":"https:\/\/www.thomasandhutton.com\/es\/#website","url":"https:\/\/www.thomasandhutton.com\/es\/","name":"Thomas & Hutton","description":"Engineering | Surveying | Landscape Architecture | GIS | Consulting","publisher":{"@id":"https:\/\/www.thomasandhutton.com\/es\/#organization"},"potentialAction":[{"@type":"SearchAction","target":{"@type":"EntryPoint","urlTemplate":"https:\/\/www.thomasandhutton.com\/es\/?s={search_term_string}"},"query-input":{"@type":"PropertyValueSpecification","valueRequired":true,"valueName":"search_term_string"}}],"inLanguage":"es"},{"@type":"Organization","@id":"https:\/\/www.thomasandhutton.com\/es\/#organization","name":"Thomas & Hutton","url":"https:\/\/www.thomasandhutton.com\/es\/","logo":{"@type":"ImageObject","inLanguage":"es","@id":"https:\/\/www.thomasandhutton.com\/es\/#\/schema\/logo\/image\/","url":"https:\/\/www.thomasandhutton.com\/wp-content\/uploads\/2018\/06\/TH_LOGO__2.png","contentUrl":"https:\/\/www.thomasandhutton.com\/wp-content\/uploads\/2018\/06\/TH_LOGO__2.png","width":141,"height":46,"caption":"Thomas & Hutton"},"image":{"@id":"https:\/\/www.thomasandhutton.com\/es\/#\/schema\/logo\/image\/"},"sameAs":["https:\/\/www.facebook.com\/THengineers\/","https:\/\/x.com\/thomasandhutton","https:\/\/www.instagram.com\/ThomasandHutton\/","https:\/\/www.linkedin.com\/company\/thomas-&amp;amp;-hutton-engineering-co.","https:\/\/www.youtube.com\/user\/ThomasandHutton"]}]}},"_links":{"self":[{"href":"https:\/\/www.thomasandhutton.com\/es\/wp-json\/wp\/v2\/pages\/21685","targetHints":{"allow":["GET"]}}],"collection":[{"href":"https:\/\/www.thomasandhutton.com\/es\/wp-json\/wp\/v2\/pages"}],"about":[{"href":"https:\/\/www.thomasandhutton.com\/es\/wp-json\/wp\/v2\/types\/page"}],"author":[{"embeddable":true,"href":"https:\/\/www.thomasandhutton.com\/es\/wp-json\/wp\/v2\/users\/7"}],"replies":[{"embeddable":true,"href":"https:\/\/www.thomasandhutton.com\/es\/wp-json\/wp\/v2\/comments?post=21685"}],"version-history":[{"count":24,"href":"https:\/\/www.thomasandhutton.com\/es\/wp-json\/wp\/v2\/pages\/21685\/revisions"}],"predecessor-version":[{"id":26898,"href":"https:\/\/www.thomasandhutton.com\/es\/wp-json\/wp\/v2\/pages\/21685\/revisions\/26898"}],"wp:attachment":[{"href":"https:\/\/www.thomasandhutton.com\/es\/wp-json\/wp\/v2\/media?parent=21685"}],"curies":[{"name":"wp","href":"https:\/\/api.w.org\/{rel}","templated":true}]}}