{"id":21796,"date":"2018-06-04T16:58:15","date_gmt":"2018-06-04T16:58:15","guid":{"rendered":"https:\/\/www.thomasandhutton.com\/cecilia-arango\/"},"modified":"2023-04-19T15:01:37","modified_gmt":"2023-04-19T15:01:37","slug":"cecilia-arango","status":"publish","type":"page","link":"https:\/\/www.thomasandhutton.com\/es\/cecilia-arango\/","title":{"rendered":"Cecilia Arango"},"content":{"rendered":"<div class=\"wpb-content-wrapper\"><p>[vc_row css_animation=\u00bb\u00bb row_type=\u00bbrow\u00bb use_row_as_full_screen_section=\u00bbno\u00bb type=\u00bbfull_width\u00bb angled_section=\u00bbno\u00bb text_align=\u00bbleft\u00bb background_image_as_pattern=\u00bbwithout_pattern\u00bb background_color=\u00bb#799900&#8243; z_index=\u00bb\u00bb css=\u00bb.vc_custom_1523400287498{padding-top: 30px !important;padding-bottom: 30px !important;background-color: #799900 !important;}\u00bb][vc_column][vc_single_image image=\u00bb2122&#8243; img_size=\u00bbfull\u00bb alignment=\u00bbcenter\u00bb qode_css_animation=\u00bb\u00bb][vc_column_text]<\/p>\n<h2 style=\"text-align: center;\"><span style=\"color: #ffffff;\">Nuestra gente<\/span><\/h2>\n<p>[\/vc_column_text][\/vc_column][\/vc_row][vc_row css_animation=\u00bb\u00bb row_type=\u00bbrow\u00bb use_row_as_full_screen_section=\u00bbno\u00bb type=\u00bbfull_width\u00bb angled_section=\u00bbno\u00bb text_align=\u00bbleft\u00bb background_image_as_pattern=\u00bbwithout_pattern\u00bb][vc_column][vc_empty_space height=\u00bb50px\u00bb][\/vc_column][\/vc_row][vc_row css_animation=\u00bb\u00bb row_type=\u00bbrow\u00bb use_row_as_full_screen_section=\u00bbyes\u00bb type=\u00bbfull_width\u00bb angled_section=\u00bbno\u00bb text_align=\u00bbleft\u00bb background_image_as_pattern=\u00bbwithout_pattern\u00bb z_index=\u00bb\u00bb][vc_column width=\u00bb2\/3&#8243; css=\u00bb.vc_custom_1528055156145{padding-right: 5% !important;padding-left: 15% !important;}\u00bb][vc_column_text css=\u00bb.vc_custom_1531332914513{padding-top: 8px !important;}\u00bb]<\/p>\n<h1><span style=\"color: #000000;\"><b>Cecilia Arango<\/b><\/span><\/h1>\n<p>[\/vc_column_text][vc_column_text]<i><span style=\"font-weight: 400;\">\u00abMi suegro se jubil\u00f3 de Thomas &amp; Hutton con 41 a\u00f1os trabajando en esta empresa. Hay mucha historia en esos a\u00f1os. Mientras conduzco por la ciudad, me encanta ver la cara que pone cuando nos acercamos a uno de sus proyectos. Sus ojos se iluminan, su comportamiento cambia, su columna se endereza un poco. Se puede sentir su orgullo. Est\u00e1 orgulloso de su trabajo y s\u00e9 que est\u00e1 a punto de meterse de cabeza en la historia de c\u00f3mo empez\u00f3 todo. Empieza a contarme los retos, las incipientes relaciones que inicialmente empiezan como cliente\/ingeniero y que evolucionan hasta convertirse en verdaderas amistades, la colaboraci\u00f3n entre su equipo para encontrar las mejores soluciones. Pisa el freno de repente. No podemos pasar de largo. Quiere que lo vea con mis propios ojos: los frutos de su trabajo. Pasamos junto a una pareja que pasea por la calle que \u00e9l mismo dise\u00f1\u00f3. S\u00f3lo puedo imaginar lo gratificante que es ser testigo de la visi\u00f3n de este proyecto, lo que una vez fue s\u00f3lo una parcela de tierra, ahora est\u00e1 en su forma final, una comunidad que respira y prospera. Me encanta cuando soy testigo de la pasi\u00f3n de alguien por el trabajo que hace. Rezuma en su actitud y aporta esta energ\u00eda que emana como rayos. Es contagioso. Al trabajar en el sector de la ingenier\u00eda civil, me fascina la historia de cada proyecto: no s\u00f3lo los detalles t\u00e9cnicos, sino tambi\u00e9n las relaciones, el proceso de reflexi\u00f3n y la colaboraci\u00f3n. Al escuchar los detalles m\u00e1s minuciosos, mi trabajo consiste en poder compartir estas historias de forma que muestren la creatividad de nuestra gente y la ciencia que hay detr\u00e1s del dise\u00f1o de cada proyecto\u00bb.<\/span><\/i>[\/vc_column_text][vc_empty_space height=\u00bb25px\u00bb][vc_column_text]<span style=\"font-weight: 400;\">Cecilia es la responsable de marketing de Thomas &amp; Hutton para todas las oficinas. Tras licenciarse en Filolog\u00eda Inglesa con especializaci\u00f3n en Comunicaci\u00f3n, se incorpor\u00f3 a Thomas &amp; Hutton en 2002. Cecilia es responsable de las actividades de marketing, redes sociales, relaciones p\u00fablicas y coordinaci\u00f3n de propuestas. Adem\u00e1s, encabeza el programa mensual de servicios pr\u00e1cticos de Thomas &amp; Hutton, T&amp;H Helping Hands, y participa en organizaciones profesionales y c\u00edvicas como la Society of Marketing Professional Services, la Society of American Military Engineers (presidenta), el Metropolitan Savannah Rotary (presidente), el Consejo de Administraci\u00f3n de la Savannah Bicycle Campaign, el Consejo de Administraci\u00f3n de Savannah Crimestoppers, el Consejo de Administraci\u00f3n del Savannah Sports Council (presidente), el Consejo de Embajadores de la C\u00e1mara de Savannah (ex presidente), Leadership Savannah, Leadership Southeast Georgia, Rape Crisis Center of the Coastal Empire, Leukemia &amp; Lymphoma Society, Girls on Run of Coastal Georgia, March of Dimes y el Consejo de Administraci\u00f3n de Savannah Striders. Lymphoma Society, Girls on the Run of Coastal Georgia, March of Dimes y Savannah Striders Board of Directors.<\/span>[\/vc_column_text][vc_row_inner row_type=\u00bbrow\u00bb type=\u00bbfull_width\u00bb text_align=\u00bbleft\u00bb css_animation=\u00bb\u00bb][vc_column_inner][vc_empty_space height=\u00bb50px\u00bb][\/vc_column_inner][\/vc_row_inner][vc_row_inner row_type=\u00bbrow\u00bb type=\u00bbfull_width\u00bb text_align=\u00bbleft\u00bb css_animation=\u00bb\u00bb][vc_column_inner width=\u00bb1\/4&#8243;][\/vc_column_inner][vc_column_inner width=\u00bb1\/2&#8243;][\/vc_column_inner][vc_column_inner width=\u00bb1\/4&#8243;][vc_column_text]<span data-type=\"normal\"  class=\"qode_icon_shortcode  q_font_awsome_icon   \" style=\" \"><i class=\"qode_icon_font_awesome fa fa-long-arrow-right qode_icon_element\" style=\"color: #799900;\" ><\/i><\/span><a href=\"https:\/\/www.thomasandhutton.com\/es\/nuestra-gente\/\"><strong><span style=\"color: #799900;\">A NUESTRA GENTE<\/span><\/strong><\/a>[\/vc_column_text][\/vc_column_inner][\/vc_row_inner][\/vc_column][vc_column width=\u00bb1\/3&#8243;][vc_single_image image=\u00bb3350&#8243; img_size=\u00bb400 x 275&#8243; qode_css_animation=\u00bb\u00bb][vc_column_text]<strong>Director de marketing<\/strong><\/p>\n<p><strong>p<\/strong> 912-234-5300 <b>d <\/b>912-721-4199<\/p>\n<p><span style=\"font-weight: 400;\"><strong>e<\/strong> <a href=\"mailto:arango.c@tandh.com\">arango.c@tandh.com<\/a><\/span><\/p>\n<p><strong>c<\/strong> <a href=\"https:\/\/www.thomasandhutton.com\/vcards\/CeciliaArango.vcf\">vCard<\/a>[\/vc_column_text][\/vc_column][\/vc_row][vc_row css_animation=\u00bb\u00bb row_type=\u00bbrow\u00bb use_row_as_full_screen_section=\u00bbno\u00bb type=\u00bbfull_width\u00bb angled_section=\u00bbno\u00bb text_align=\u00bbleft\u00bb background_image_as_pattern=\u00bbwithout_pattern\u00bb][vc_column][vc_empty_space height=\u00bb50px\u00bb][\/vc_column][\/vc_row][vc_row css_animation=\u00bb\u00bb row_type=\u00bbrow\u00bb use_row_as_full_screen_section=\u00bbno\u00bb type=\u00bbfull_width\u00bb angled_section=\u00bbno\u00bb text_align=\u00bbleft\u00bb background_image_as_pattern=\u00bbwithout_pattern\u00bb][vc_column][vc_raw_html]PHNjcmlwdCB0eXBlPSJhcHBsaWNhdGlvbi9sZCtqc29uIj57CiAgICAgICAgIkBjb250ZXh0IjogImh0dHA6Ly9zY2hlbWEub3JnIiwKICAgICAgICAiQHR5cGUiOiAiUGVyc29uIiwKICAgICAgICAiZmFtaWx5TmFtZSI6ICJBcmFuZ28iLAogICAgICAgICJnaXZlbk5hbWUiOiAiQ2VjaWxpYSIsCiAgICAgICAgIndvcmtzRm9yIjogImh0dHBzOi8vd3d3LnRob21hc2FuZGh1dHRvbi5jb20vIiwKICAgICAgICAiam9iVGl0bGUiOiAiTWFya2V0aW5nIE1hbmFnZXIiLAogICAgICAgICJpbWFnZSI6ICJodHRwczovL3d3dy50aG9tYXNhbmRodXR0b24uY29tL3dwLWNvbnRlbnQvdXBsb2Fkcy8yMDE4LzA4L1Byb2ZpbGUtQ2VjaWxpYS1BcmFuZ28tNDAweDI3NS5qcGciLAogICAgICAgICJnZW5kZXIiOiAiaHR0cDovL3NjaGVtYS5vcmcvTWFsZSIKfQo8L3NjcmlwdD4=[\/vc_raw_html][\/vc_column][\/vc_row]<\/p>\n<\/div>","protected":false},"excerpt":{"rendered":"<p>[vc_row css_animation=\u00bb\u00bb row_type=\u00bbrow\u00bb use_row_as_full_screen_section=\u00bbno\u00bb type=\u00bbfull_width\u00bb angled_section=\u00bbno\u00bb text_align=\u00bbleft\u00bb background_image_as_pattern=\u00bbwithout_pattern\u00bb background_color=\u00bb#799900&#8243; z_index=\u00bb\u00bb css=\u00bb.vc_custom_1523400287498{padding-top: 30px !important;padding-bottom: 30px !important;background-color: #799900 !important;}\u00bb][vc_column][vc_single_image image=\u00bb2122&#8243; img_size=\u00bbfull\u00bb alignment=\u00bbcenter\u00bb qode_css_animation=\u00bb\u00bb][vc_column_text] Nuestra gente [\/vc_column_text][\/vc_column][\/vc_row][vc_row css_animation=\u00bb\u00bb row_type=\u00bbrow\u00bb use_row_as_full_screen_section=\u00bbno\u00bb type=\u00bbfull_width\u00bb angled_section=\u00bbno\u00bb text_align=\u00bbleft\u00bb background_image_as_pattern=\u00bbwithout_pattern\u00bb][vc_column][vc_empty_space height=\u00bb50px\u00bb][\/vc_column][\/vc_row][vc_row css_animation=\u00bb\u00bb row_type=\u00bbrow\u00bb use_row_as_full_screen_section=\u00bbyes\u00bb type=\u00bbfull_width\u00bb angled_section=\u00bbno\u00bb text_align=\u00bbleft\u00bb background_image_as_pattern=\u00bbwithout_pattern\u00bb z_index=\u00bb\u00bb][vc_column width=\u00bb2\/3&#8243; css=\u00bb.vc_custom_1528055156145{padding-right: 5% !important;padding-left: 15%<\/p>\n","protected":false},"author":7,"featured_media":0,"parent":0,"menu_order":0,"comment_status":"closed","ping_status":"closed","template":"full_width.php","meta":{"content-type":"","footnotes":""},"class_list":["post-21796","page","type-page","status-publish","hentry"],"yoast_head":"<!-- This site is optimized with the Yoast SEO plugin v27.6 - https:\/\/yoast.com\/product\/yoast-seo-wordpress\/ -->\n<title>Cecilia Arango - Directora de Marketing en Thomas &amp; Hutton<\/title>\n<meta name=\"description\" content=\"Cecilia es responsable de las actividades de marketing, redes sociales, relaciones p\u00fablicas y coordinaci\u00f3n de propuestas para todas las sedes de Thomas &amp; Hutton. M\u00e1s informaci\u00f3n\" \/>\n<meta name=\"robots\" content=\"index, follow, max-snippet:-1, max-image-preview:large, max-video-preview:-1\" \/>\n<link rel=\"canonical\" href=\"https:\/\/www.thomasandhutton.com\/es\/cecilia-arango\/\" \/>\n<meta property=\"og:locale\" content=\"es_ES\" \/>\n<meta property=\"og:type\" content=\"article\" \/>\n<meta property=\"og:title\" content=\"Cecilia Arango - Directora de Marketing en Thomas &amp; Hutton\" \/>\n<meta property=\"og:description\" content=\"Cecilia es responsable de las actividades de marketing, redes sociales, relaciones p\u00fablicas y coordinaci\u00f3n de propuestas para todas las sedes de Thomas &amp; Hutton. M\u00e1s informaci\u00f3n\" \/>\n<meta property=\"og:url\" content=\"https:\/\/www.thomasandhutton.com\/es\/cecilia-arango\/\" \/>\n<meta property=\"og:site_name\" content=\"Thomas &amp; Hutton\" \/>\n<meta property=\"article:publisher\" content=\"https:\/\/www.facebook.com\/THengineers\/\" \/>\n<meta property=\"article:modified_time\" content=\"2023-04-19T15:01:37+00:00\" \/>\n<meta name=\"twitter:card\" content=\"summary_large_image\" \/>\n<meta name=\"twitter:site\" content=\"@thomasandhutton\" \/>\n<meta name=\"twitter:label1\" content=\"Tiempo de lectura\" \/>\n\t<meta name=\"twitter:data1\" content=\"5 minutos\" \/>\n<script type=\"application\/ld+json\" class=\"yoast-schema-graph\">{\"@context\":\"https:\\\/\\\/schema.org\",\"@graph\":[{\"@type\":\"WebPage\",\"@id\":\"https:\\\/\\\/www.thomasandhutton.com\\\/es\\\/cecilia-arango\\\/\",\"url\":\"https:\\\/\\\/www.thomasandhutton.com\\\/es\\\/cecilia-arango\\\/\",\"name\":\"Cecilia Arango - Directora de Marketing en Thomas & Hutton\",\"isPartOf\":{\"@id\":\"https:\\\/\\\/www.thomasandhutton.com\\\/es\\\/#website\"},\"datePublished\":\"2018-06-04T16:58:15+00:00\",\"dateModified\":\"2023-04-19T15:01:37+00:00\",\"description\":\"Cecilia es responsable de las actividades de marketing, redes sociales, relaciones p\u00fablicas y coordinaci\u00f3n de propuestas para todas las sedes de Thomas & Hutton. M\u00e1s informaci\u00f3n\",\"breadcrumb\":{\"@id\":\"https:\\\/\\\/www.thomasandhutton.com\\\/es\\\/cecilia-arango\\\/#breadcrumb\"},\"inLanguage\":\"es\",\"potentialAction\":[{\"@type\":\"ReadAction\",\"target\":[\"https:\\\/\\\/www.thomasandhutton.com\\\/es\\\/cecilia-arango\\\/\"]}]},{\"@type\":\"BreadcrumbList\",\"@id\":\"https:\\\/\\\/www.thomasandhutton.com\\\/es\\\/cecilia-arango\\\/#breadcrumb\",\"itemListElement\":[{\"@type\":\"ListItem\",\"position\":1,\"name\":\"Home\",\"item\":\"https:\\\/\\\/www.thomasandhutton.com\\\/es\\\/inicio\\\/\"},{\"@type\":\"ListItem\",\"position\":2,\"name\":\"Cecilia Arango\"}]},{\"@type\":\"WebSite\",\"@id\":\"https:\\\/\\\/www.thomasandhutton.com\\\/es\\\/#website\",\"url\":\"https:\\\/\\\/www.thomasandhutton.com\\\/es\\\/\",\"name\":\"Thomas & Hutton\",\"description\":\"Engineering | Surveying | Landscape Architecture | GIS | Consulting\",\"publisher\":{\"@id\":\"https:\\\/\\\/www.thomasandhutton.com\\\/es\\\/#organization\"},\"potentialAction\":[{\"@type\":\"SearchAction\",\"target\":{\"@type\":\"EntryPoint\",\"urlTemplate\":\"https:\\\/\\\/www.thomasandhutton.com\\\/es\\\/?s={search_term_string}\"},\"query-input\":{\"@type\":\"PropertyValueSpecification\",\"valueRequired\":true,\"valueName\":\"search_term_string\"}}],\"inLanguage\":\"es\"},{\"@type\":\"Organization\",\"@id\":\"https:\\\/\\\/www.thomasandhutton.com\\\/es\\\/#organization\",\"name\":\"Thomas & Hutton\",\"url\":\"https:\\\/\\\/www.thomasandhutton.com\\\/es\\\/\",\"logo\":{\"@type\":\"ImageObject\",\"inLanguage\":\"es\",\"@id\":\"https:\\\/\\\/www.thomasandhutton.com\\\/es\\\/#\\\/schema\\\/logo\\\/image\\\/\",\"url\":\"https:\\\/\\\/www.thomasandhutton.com\\\/wp-content\\\/uploads\\\/2018\\\/06\\\/TH_LOGO__2.png\",\"contentUrl\":\"https:\\\/\\\/www.thomasandhutton.com\\\/wp-content\\\/uploads\\\/2018\\\/06\\\/TH_LOGO__2.png\",\"width\":141,\"height\":46,\"caption\":\"Thomas & Hutton\"},\"image\":{\"@id\":\"https:\\\/\\\/www.thomasandhutton.com\\\/es\\\/#\\\/schema\\\/logo\\\/image\\\/\"},\"sameAs\":[\"https:\\\/\\\/www.facebook.com\\\/THengineers\\\/\",\"https:\\\/\\\/x.com\\\/thomasandhutton\",\"https:\\\/\\\/www.instagram.com\\\/ThomasandHutton\\\/\",\"https:\\\/\\\/www.linkedin.com\\\/company\\\/thomas-&amp;amp;-hutton-engineering-co.\",\"https:\\\/\\\/www.youtube.com\\\/user\\\/ThomasandHutton\"]}]}<\/script>\n<!-- \/ Yoast SEO plugin. -->","yoast_head_json":{"title":"Cecilia Arango - Directora de Marketing en Thomas & Hutton","description":"Cecilia es responsable de las actividades de marketing, redes sociales, relaciones p\u00fablicas y coordinaci\u00f3n de propuestas para todas las sedes de Thomas & Hutton. M\u00e1s informaci\u00f3n","robots":{"index":"index","follow":"follow","max-snippet":"max-snippet:-1","max-image-preview":"max-image-preview:large","max-video-preview":"max-video-preview:-1"},"canonical":"https:\/\/www.thomasandhutton.com\/es\/cecilia-arango\/","og_locale":"es_ES","og_type":"article","og_title":"Cecilia Arango - Directora de Marketing en Thomas & Hutton","og_description":"Cecilia es responsable de las actividades de marketing, redes sociales, relaciones p\u00fablicas y coordinaci\u00f3n de propuestas para todas las sedes de Thomas & Hutton. M\u00e1s informaci\u00f3n","og_url":"https:\/\/www.thomasandhutton.com\/es\/cecilia-arango\/","og_site_name":"Thomas &amp; Hutton","article_publisher":"https:\/\/www.facebook.com\/THengineers\/","article_modified_time":"2023-04-19T15:01:37+00:00","twitter_card":"summary_large_image","twitter_site":"@thomasandhutton","twitter_misc":{"Tiempo de lectura":"5 minutos"},"schema":{"@context":"https:\/\/schema.org","@graph":[{"@type":"WebPage","@id":"https:\/\/www.thomasandhutton.com\/es\/cecilia-arango\/","url":"https:\/\/www.thomasandhutton.com\/es\/cecilia-arango\/","name":"Cecilia Arango - Directora de Marketing en Thomas & Hutton","isPartOf":{"@id":"https:\/\/www.thomasandhutton.com\/es\/#website"},"datePublished":"2018-06-04T16:58:15+00:00","dateModified":"2023-04-19T15:01:37+00:00","description":"Cecilia es responsable de las actividades de marketing, redes sociales, relaciones p\u00fablicas y coordinaci\u00f3n de propuestas para todas las sedes de Thomas & Hutton. M\u00e1s informaci\u00f3n","breadcrumb":{"@id":"https:\/\/www.thomasandhutton.com\/es\/cecilia-arango\/#breadcrumb"},"inLanguage":"es","potentialAction":[{"@type":"ReadAction","target":["https:\/\/www.thomasandhutton.com\/es\/cecilia-arango\/"]}]},{"@type":"BreadcrumbList","@id":"https:\/\/www.thomasandhutton.com\/es\/cecilia-arango\/#breadcrumb","itemListElement":[{"@type":"ListItem","position":1,"name":"Home","item":"https:\/\/www.thomasandhutton.com\/es\/inicio\/"},{"@type":"ListItem","position":2,"name":"Cecilia Arango"}]},{"@type":"WebSite","@id":"https:\/\/www.thomasandhutton.com\/es\/#website","url":"https:\/\/www.thomasandhutton.com\/es\/","name":"Thomas & Hutton","description":"Engineering | Surveying | Landscape Architecture | GIS | Consulting","publisher":{"@id":"https:\/\/www.thomasandhutton.com\/es\/#organization"},"potentialAction":[{"@type":"SearchAction","target":{"@type":"EntryPoint","urlTemplate":"https:\/\/www.thomasandhutton.com\/es\/?s={search_term_string}"},"query-input":{"@type":"PropertyValueSpecification","valueRequired":true,"valueName":"search_term_string"}}],"inLanguage":"es"},{"@type":"Organization","@id":"https:\/\/www.thomasandhutton.com\/es\/#organization","name":"Thomas & Hutton","url":"https:\/\/www.thomasandhutton.com\/es\/","logo":{"@type":"ImageObject","inLanguage":"es","@id":"https:\/\/www.thomasandhutton.com\/es\/#\/schema\/logo\/image\/","url":"https:\/\/www.thomasandhutton.com\/wp-content\/uploads\/2018\/06\/TH_LOGO__2.png","contentUrl":"https:\/\/www.thomasandhutton.com\/wp-content\/uploads\/2018\/06\/TH_LOGO__2.png","width":141,"height":46,"caption":"Thomas & Hutton"},"image":{"@id":"https:\/\/www.thomasandhutton.com\/es\/#\/schema\/logo\/image\/"},"sameAs":["https:\/\/www.facebook.com\/THengineers\/","https:\/\/x.com\/thomasandhutton","https:\/\/www.instagram.com\/ThomasandHutton\/","https:\/\/www.linkedin.com\/company\/thomas-&amp;amp;-hutton-engineering-co.","https:\/\/www.youtube.com\/user\/ThomasandHutton"]}]}},"_links":{"self":[{"href":"https:\/\/www.thomasandhutton.com\/es\/wp-json\/wp\/v2\/pages\/21796","targetHints":{"allow":["GET"]}}],"collection":[{"href":"https:\/\/www.thomasandhutton.com\/es\/wp-json\/wp\/v2\/pages"}],"about":[{"href":"https:\/\/www.thomasandhutton.com\/es\/wp-json\/wp\/v2\/types\/page"}],"author":[{"embeddable":true,"href":"https:\/\/www.thomasandhutton.com\/es\/wp-json\/wp\/v2\/users\/7"}],"replies":[{"embeddable":true,"href":"https:\/\/www.thomasandhutton.com\/es\/wp-json\/wp\/v2\/comments?post=21796"}],"version-history":[{"count":9,"href":"https:\/\/www.thomasandhutton.com\/es\/wp-json\/wp\/v2\/pages\/21796\/revisions"}],"predecessor-version":[{"id":27047,"href":"https:\/\/www.thomasandhutton.com\/es\/wp-json\/wp\/v2\/pages\/21796\/revisions\/27047"}],"wp:attachment":[{"href":"https:\/\/www.thomasandhutton.com\/es\/wp-json\/wp\/v2\/media?parent=21796"}],"curies":[{"name":"wp","href":"https:\/\/api.w.org\/{rel}","templated":true}]}}