{"id":21850,"date":"2018-06-04T20:15:17","date_gmt":"2018-06-04T20:15:17","guid":{"rendered":"https:\/\/www.thomasandhutton.com\/premios-y-reconocimientos\/"},"modified":"2023-03-04T17:00:01","modified_gmt":"2023-03-04T17:00:01","slug":"premios-y-reconocimientos","status":"publish","type":"page","link":"https:\/\/www.thomasandhutton.com\/es\/premios-y-reconocimientos\/","title":{"rendered":"Premios y reconocimientos"},"content":{"rendered":"<div class=\"wpb-content-wrapper\"><p>[vc_row css_animation=\u00bb\u00bb row_type=\u00bbrow\u00bb use_row_as_full_screen_section=\u00bbno\u00bb type=\u00bbfull_width\u00bb angled_section=\u00bbno\u00bb text_align=\u00bbleft\u00bb background_image_as_pattern=\u00bbwithout_pattern\u00bb][vc_column][vc_column_text]<strong>2022<\/strong><\/p>\n<ul>\n<li>Premios Nacionales ACEC a la Excelencia en Ingenier\u00eda &#8211; Premio Nacional de Reconocimiento &#8211; <i>Reurbanizaci\u00f3n de Jackson Street Plaza, Dubl\u00edn, GA<\/i><\/li>\n<li style=\"line-height: 16.5pt;\">ACEC Georgia Engineering Excellence Awards &#8211; Premio Estatal &#8211; <i>Jackson Street Plaza Redevelopment, Dublin, GA<\/i><\/li>\n<li style=\"line-height: 16.5pt;\">ACEC Georgia Engineering Excellence Awards &#8211; Honor Award &#8211; I-95<em>Belfast Keller Interchange, Bryan County, GA<\/em><\/li>\n<li>Civil + Structural Engineer Magazine&#8217;s Yearbook of Engineering Achievement &#8211; <em>I-95 Belfast Keller Interchange, Bryan County, GA<\/em><\/li>\n<\/ul>\n<p style=\"margin: 0in; line-height: 16.5pt;\"><b>2021<\/b><\/p>\n<ul>\n<li>APWA South Carolina Chapter Project of the Year Award &#8211;<em>Central Berkeley WWTP Flow Diversion, Berkeley County, SC<\/em><\/li>\n<li style=\"line-height: 16.5pt;\">Premios ACEC Georgia a la Excelencia en Ingenier\u00eda &#8211; Premio al M\u00e9rito &#8211; <i>East Argent Parkway y Estaci\u00f3n Regional de Bombeo, Hardeeville, SC<\/i><\/li>\n<li style=\"line-height: 16.5pt;\">ASCE Georgia Section Project of Merit Award &#8211; Redevelopment Category &#8211;<i>Jackson Street Plaza Redevelopment, Dublin, GA<\/i><\/li>\n<li>GPTQ Adjudicaci\u00f3n de Dise\u00f1o de Preconstrucci\u00f3n &#8211; <em>Intercambiador I-95 Belfast Keller, Condado de Bryan, GA<\/em><\/li>\n<li>Zweig Group Best Firms to Work For Top 25 (#23) &#8211; Categor\u00eda 200+ Empleados<\/li>\n<\/ul>\n<p><strong>2020<\/strong><\/p>\n<ul>\n<li>ACEC South Carolina Engineering Excellence Awards &#8211; Small Project Award &#8211; <em>Connecting the Creek (Shem Creek Pedestrian Bridge and Pocket Park), Mount Pleasant, SC<\/em><\/li>\n<li>Premio APWA al Proyecto del A\u00f1o de Carolina del Sur &#8211; Estructuras\/Restauraci\u00f3n Hist\u00f3rica &#8211; <em>Connecting the Creek (Puente peatonal y parque de bolsillo de Shem Creek), Mount Pleasant, SC<\/em><\/li>\n<li>Top Workplaces &#8211; #12 Small Firm, Premio a los mejores beneficios<\/li>\n<\/ul>\n<p style=\"margin: 0in; line-height: 16.5pt;\"><b>2019<\/b><\/p>\n<ul>\n<li style=\"line-height: 16.5pt;\">Premios Nacionales ACEC a la Excelencia en Ingenier\u00eda &#8211; Premio Nacional de Reconocimiento &#8211; Horry <i>County Schools Think Energy Positive, Horry County, SC<\/i><\/li>\n<li style=\"line-height: 16.5pt;\">Premios Nacionales ACEC a la Excelencia en Ingenier\u00eda &#8211; Premio Nacional de Reconocimiento &#8211; <i>Marco de Carolina del Sur para el transporte de mercanc\u00edas (Camp Hall Rail Survey), Condado de Berkeley, SC<\/i><\/li>\n<li style=\"line-height: 16.5pt;\">ACEC South Carolina Engineering Excellence Awards &#8211; Palmetto Award &#8211; Horry <i>County Schools Think Energy Positive, Horry County, SC<\/i><\/li>\n<li style=\"line-height: 16.5pt;\">ACEC South Carolina Engineering Excellence Awards &#8211; Top Six State-Level Award &#8211; <i>South Carolina&#8217;s Framework for Freight (Camp Hall Rail Survey), Berkeley County, SC<\/i><\/li>\n<li>Grupo Zweig Top 10 (#9) &#8211; Categor\u00eda Empresas con m\u00e1s de 200 Empleados, #16 Ingenier\u00eda Civil, #18 Multidisciplinar<\/li>\n<\/ul>\n<p style=\"margin: 0in; line-height: 16.5pt;\"><b>2018<\/b><\/p>\n<ul>\n<li style=\"line-height: 16.5pt;\">ACEC National Engineering Excellence Awards- Premio Nacional de Reconocimiento &#8211; <i>Impulsar el crecimiento econ\u00f3mico en Carolina del Sur (Volvo Cars USA Site Development), Condado de Berkeley, SC <\/i> <\/li>\n<li style=\"line-height: 16.5pt;\">ACEC South Carolina Engineering Excellence Awards &#8211; Palmetto Award &#8211; <i>Impulsar el crecimiento econ\u00f3mico en Carolina del Sur (Volvo Cars USA Site Development), Berkeley County, SC <\/i> <\/li>\n<li style=\"line-height: 16.5pt;\">ENR Southeast Best Regional Projects &#8211; Landscaping\/Urban Development Best Project &#8211; <i>Driving Economic Growth in South Carolina (Volvo Cars USA Site Development), Berkeley County, SC<\/i><\/li>\n<li>Premio APWA Carolina del Sur al Proyecto del A\u00f1o &#8211; Medioambiental &#8211; Grandes proyectos<i>-Mejoras del drenaje de<\/i> Forest<i>Acres, Charleston, SC<\/i><\/li>\n<li>ACEC Georgia Engineering Excellence Awards &#8211; Honor Award &#8211; <i>West Oglethorpe Lane Streetscape Improvement, Savannah, GA<\/i><\/li>\n<li>Mejores lugares para trabajar en Carolina del Sur &#8211; N\u00ba 12 Empresa grande<\/li>\n<\/ul>\n<p>2017<\/p>\n<ul>\n<li>Zweig Group Best Firms To Work For &#8211; N\u00ba 19 empresas de ingenier\u00eda civil a nivel nacional<\/li>\n<li>Top Lugares de Trabajo en Carolina del Sur &#8211; #7 Workplace Dymanics<\/li>\n<\/ul>\n<p>2016<\/p>\n<ul>\n<li>Mejores lugares para trabajar en Carolina del Sur &#8211; n\u00ba 9 Empresa mediana<\/li>\n<li>Mejor lugar para trabajar en Georgia #6 Empresa mediana<\/li>\n<\/ul>\n<p><span style=\"font-weight: 400;\">2015<\/span><\/p>\n<ul>\n<li style=\"font-weight: 400;\"><span style=\"font-weight: 400;\">Las mejores empresas para trabajar del Grupo Zweig &#8211; n\u00ba 24 empresas de ingenier\u00eda civil a nivel nacional<\/span><\/li>\n<li style=\"font-weight: 400;\"><span style=\"font-weight: 400;\">Concurso de Dise\u00f1o de Planos de la Sociedad Nacional de Top\u00f3grafos Profesionales &#8211; 3er puesto Planos de Subdivisi\u00f3n &#8211; Sal Chaves<\/span><\/li>\n<li style=\"font-weight: 400;\"><span style=\"font-weight: 400;\">Premio Nacional de Reconocimiento ACEC al Logro Ejemplar en Ingenier\u00eda &#8211;<em> Colleton Solar Farm, Walterboro, SC<\/em><\/span><\/li>\n<li style=\"font-weight: 400;\"><span style=\"font-weight: 400;\">Semana de los ingenieros de Georgia <\/span><span style=\"font-weight: 400;\">Ingeniero del a\u00f1o 2015 &#8211; Pr\u00e1ctica privada &#8211; <\/span><span style=\"font-weight: 400;\">Presentado por la Georgia Engineering Alliance a Samuel McCachern, PE.<\/span><\/li>\n<li style=\"font-weight: 400;\"><span style=\"font-weight: 400;\">Thomas &amp; Hutton recibe el Premio a la Excelencia de la Oficina de Desarrollo Econ\u00f3mico de Newton\/Covington<\/span><\/li>\n<li style=\"font-weight: 400;\"><span style=\"font-weight: 400;\">Premio ACEC-SC a la Excelencia en Ingenier\u00eda &#8211; Categor\u00eda Energ\u00eda &#8211; <em>Colleton Solar Farm, Walterboro, SC <\/em> <\/span><\/li>\n<li style=\"font-weight: 400;\"><span style=\"font-weight: 400;\">Finalista estatal del Premio a la Excelencia en Ingenier\u00eda ACEC-SC &#8211; Categor\u00eda Estudios, Investigaci\u00f3n y Consultor\u00eda &#8211; <em> Mejoras del drenaje de Forest Acres- Charleston, SC<\/em><\/span><\/li>\n<\/ul>\n<p><span style=\"font-weight: 400;\">2014<\/span><\/p>\n<ul>\n<li style=\"font-weight: 400;\"><span style=\"font-weight: 400;\">Los mejores lugares para trabajar en Carolina del Sur &#8211; C\u00e1mara de Comercio de Carolina del Sur<\/span><\/li>\n<li style=\"font-weight: 400;\"><span style=\"font-weight: 400;\">ACEC\/SC Engineering Excellence Award &#8211; Building &amp; Technology System Category &#8211; Isle <em>of Palms Water &amp; Sewer Commission GIS Framework &amp; System, Isle of Palms, SC<\/em><\/span><\/li>\n<\/ul>\n<p><span style=\"font-weight: 400;\">2013<\/span><\/p>\n<ul>\n<li style=\"font-weight: 400;\"><span style=\"font-weight: 400;\">SCSPLS Concurso Plat &#8211; 1er Lugar Mapas de Levantamiento Topogr\u00e1fico<\/span><\/li>\n<li style=\"font-weight: 400;\"><span style=\"font-weight: 400;\">Concurso de Planos SCSPLS &#8211; 2\u00ba Lugar Planos de L\u00edmites<\/span><\/li>\n<li style=\"font-weight: 400;\"><span style=\"font-weight: 400;\">SCSPLS Plat Contest &#8211; 2do Lugar ALTA\/ACSM Land Title Surveys<\/span><\/li>\n<\/ul>\n<p><span style=\"font-weight: 400;\">2012<\/span><\/p>\n<ul>\n<li style=\"font-weight: 400;\"><span style=\"font-weight: 400;\">Concurso nacional de planos y mapas &#8211; 2\u00ba puesto ALTA\/ACSM Land Title Surveys<\/span><\/li>\n<li style=\"font-weight: 400;\"><span style=\"font-weight: 400;\">Concurso de Planos SCSPLS &#8211; 2\u00ba Lugar Planos de L\u00edmites<\/span><\/li>\n<li style=\"font-weight: 400;\"><span style=\"font-weight: 400;\">ACEC Georgia Engineering Excellence Awards &#8211; Premio de Honor &#8211; <em>Savannah Gardens Fase I, Savanah GA<\/em><\/span><\/li>\n<\/ul>\n<p><span style=\"font-weight: 400;\">2011<\/span><\/p>\n<ul>\n<li style=\"font-weight: 400;\"><span style=\"font-weight: 400;\">SCSPLS Plat Contest &#8211; 1st Place ALTA\/ACSM Land Title Surveys<\/span><\/li>\n<li style=\"font-weight: 400;\"><span style=\"font-weight: 400;\">Premio ACEC a la Excelencia en Ingenier\u00eda de Carolina del Sur &#8211; <\/span><span style=\"font-weight: 400;\">Premio de Honor &#8211; <em>Horry Georgetown Technical College University Boulevard Intersection Improvements, Myrtle Beach, SC<\/em><\/span><\/li>\n<\/ul>\n<p><span style=\"font-weight: 400;\">2010<\/span><\/p>\n<ul>\n<li style=\"font-weight: 400;\"><span style=\"font-weight: 400;\">La Asociaci\u00f3n de Gesti\u00f3n de Zonas Inundables de Georgia (GAFM) otorg\u00f3 a Thomas &amp; Hutton un Certificado de Reconocimiento por su \u00abDestacado Liderazgo en Formaci\u00f3n\u00bb en 2008-2010.<\/span><\/li>\n<li style=\"font-weight: 400;\"><span style=\"font-weight: 400;\">Premio Nacional de Honor del AIA &#8211; Dise\u00f1o Regional y Urbano &#8211; <em>Savannah East Riverfront Extension Project, Savannah, GA<\/em><\/span><\/li>\n<li style=\"font-weight: 400;\"><span style=\"font-weight: 400;\">Cap\u00edtulo de Georgia de ASLA &#8211; Premio a la Excelencia &#8211; <em>Monumento a los Rangers, 1er Batall\u00f3n, 75\u00ba Regimiento de Rangers, Savannah, GA<\/em><\/span><\/li>\n<li style=\"font-weight: 400;\"><span style=\"font-weight: 400;\">ACEC Georgia Engineering Excellence &#8211; State Award &#8211; <em>Frederica\/Demere Roundabout, St. Simons Island, GA<\/em><\/span><\/li>\n<li style=\"font-weight: 400;\"><span style=\"font-weight: 400;\">Congreso para el Nuevo Urbanismo &#8211; Charter Award &#8211; Savannah <em>East Riverfront Civic Master Plan, Savannah, GA<\/em><\/span><\/li>\n<\/ul>\n<p><span style=\"font-weight: 400;\">2008<\/span><\/p>\n<ul>\n<li style=\"font-weight: 400;\"><span style=\"font-weight: 400;\">GPTQ (Georgia Partnership for Transportation Quality) Predesign Awards &#8211; Traffic Safety\/Intersection Design Category &#8211; <em>Frederica\/Demere Roundabout, St. Simons Island, GA<\/em><\/span><\/li>\n<li style=\"font-weight: 400;\"><span style=\"font-weight: 400;\">Menci\u00f3n honor\u00edfica de CE News a las mejores empresas de ingenier\u00eda civil en las que trabajar<\/span><\/li>\n<\/ul>\n<p><span style=\"font-weight: 400;\">2007<\/span><\/p>\n<ul>\n<li style=\"font-weight: 400;\"><span style=\"font-weight: 400;\">Finalista del premio Client Advisor del Atlanta Journal-Constitution (gran empresa de servicios profesionales)<\/span><\/li>\n<li style=\"font-weight: 400;\"><span style=\"font-weight: 400;\">Los 15 mejores lugares para trabajar en Georgia, seg\u00fan Georgia Trend Magazine<\/span><\/li>\n<\/ul>\n<p><span style=\"font-weight: 400;\">2006<\/span><\/p>\n<ul>\n<li style=\"font-weight: 400;\"><span style=\"font-weight: 400;\">Menci\u00f3n de honor en el concurso \u00abLas mejores empresas para trabajar\u00bb de CE News<\/span><\/li>\n<li style=\"font-weight: 400;\"><span style=\"font-weight: 400;\">Cap\u00edtulo de Georgia, ACI (Instituto Americano del Hormig\u00f3n) &#8211; Categor\u00eda de cubiertas de aparcamiento, <em>Liberty Street Parking Garage, Savannah, GA<\/em><\/span><\/li>\n<li style=\"font-weight: 400;\"><span style=\"font-weight: 400;\">ACEC Georgia Engineering Excellence Awards &#8211; Grand Award &#8211; <em>Estudio geot\u00e9cnico y pruebas de cimentaci\u00f3n del proyecto de ampliaci\u00f3n de la terminal de Elba Island de Southern LNG, condado de Chatham, GA<\/em><\/span><\/li>\n<\/ul>\n<p><span style=\"font-weight: 400;\">2005<\/span><\/p>\n<ul>\n<li style=\"font-weight: 400;\"><span style=\"font-weight: 400;\">CE News Best Firms to Work For Contest &#8211; Top 25 (14\u00aa en la clasificaci\u00f3n general y 7\u00aa entre las empresas medianas &#8211; 2005)<\/span><\/li>\n<\/ul>\n<p><span style=\"font-weight: 400;\">2004<\/span><\/p>\n<ul>\n<li><span style=\"font-weight: 400;\">Premios Nacionales ACEC a la Excelencia en Ingenier\u00eda &#8211; Premio Nacional de Reconocimiento &#8211; <em>Planta de Tratamiento de Nanofiltraci\u00f3n de la Base A\u00e9rea de Moody, Condado de Lowndes, GA<\/em><\/span><\/li>\n<li style=\"font-weight: 400;\"><span style=\"font-weight: 400;\">ACEC Georgia Engineering Excellence Awards &#8211; State Award &#8211; <em>Moody Airforce Base Nanofiltration Treatment Plant, Lowndes County, GA<\/em><\/span><\/li>\n<\/ul>\n<p><span style=\"font-weight: 400;\">2001<\/span><\/p>\n<ul>\n<li style=\"font-weight: 400;\"><span style=\"font-weight: 400;\">ACEC Georgia Engineering Excellence Award &#8211; Honor Award &#8211; <em>Ampliaci\u00f3n de la planta de tratamiento de aguas residuales de la ciudad de Dublin, Dublin, GA<\/em><\/span><\/li>\n<\/ul>\n<p><span style=\"font-weight: 400;\">2000<\/span><\/p>\n<ul>\n<li style=\"font-weight: 400;\"><span style=\"font-weight: 400;\">Cap\u00edtulo de Georgia, ACI (Instituto Americano del Hormig\u00f3n) &#8211; 1er Premio, Categor\u00eda Obras P\u00fablicas &#8211; <em>Savannah International Trade &amp; Convention Center, Savannah, GA<\/em><\/span><\/li>\n<\/ul>\n<p>[\/vc_column_text][\/vc_column][\/vc_row]<\/p>\n<\/div>","protected":false},"excerpt":{"rendered":"<p>[vc_row css_animation=\u00bb\u00bb row_type=\u00bbrow\u00bb use_row_as_full_screen_section=\u00bbno\u00bb type=\u00bbfull_width\u00bb angled_section=\u00bbno\u00bb text_align=\u00bbleft\u00bb background_image_as_pattern=\u00bbwithout_pattern\u00bb][vc_column][vc_column_text]2022 Premios Nacionales ACEC a la Excelencia en Ingenier\u00eda &#8211; Premio Nacional de Reconocimiento &#8211; Reurbanizaci\u00f3n de Jackson Street Plaza, Dubl\u00edn, GA ACEC Georgia Engineering Excellence Awards &#8211; Premio Estatal &#8211; Jackson Street Plaza Redevelopment, Dublin, GA ACEC<\/p>\n","protected":false},"author":7,"featured_media":0,"parent":0,"menu_order":0,"comment_status":"closed","ping_status":"closed","template":"","meta":{"content-type":"","footnotes":""},"class_list":["post-21850","page","type-page","status-publish","hentry"],"yoast_head":"<!-- This site is optimized with the Yoast SEO plugin v27.6 - https:\/\/yoast.com\/product\/yoast-seo-wordpress\/ -->\n<title>Premios y reconocimientos - Thomas &amp; Hutton<\/title>\n<meta name=\"robots\" content=\"index, follow, max-snippet:-1, max-image-preview:large, max-video-preview:-1\" \/>\n<link rel=\"canonical\" href=\"https:\/\/www.thomasandhutton.com\/es\/premios-y-reconocimientos\/\" \/>\n<meta property=\"og:locale\" content=\"es_ES\" \/>\n<meta property=\"og:type\" content=\"article\" \/>\n<meta property=\"og:title\" content=\"Premios y reconocimientos - Thomas &amp; Hutton\" \/>\n<meta property=\"og:description\" content=\"[vc_row css_animation=\u00bb\u00bb row_type=\u00bbrow\u00bb use_row_as_full_screen_section=\u00bbno\u00bb type=\u00bbfull_width\u00bb angled_section=\u00bbno\u00bb text_align=\u00bbleft\u00bb background_image_as_pattern=\u00bbwithout_pattern\u00bb][vc_column][vc_column_text]2022 Premios Nacionales ACEC a la Excelencia en Ingenier\u00eda &#8211; Premio Nacional de Reconocimiento &#8211; Reurbanizaci\u00f3n de Jackson Street Plaza, Dubl\u00edn, GA ACEC Georgia Engineering Excellence Awards &#8211; Premio Estatal &#8211; Jackson Street Plaza Redevelopment, Dublin, GA ACEC\" \/>\n<meta property=\"og:url\" content=\"https:\/\/www.thomasandhutton.com\/es\/premios-y-reconocimientos\/\" \/>\n<meta property=\"og:site_name\" content=\"Thomas &amp; Hutton\" \/>\n<meta property=\"article:publisher\" content=\"https:\/\/www.facebook.com\/THengineers\/\" \/>\n<meta property=\"article:modified_time\" content=\"2023-03-04T17:00:01+00:00\" \/>\n<meta name=\"twitter:card\" content=\"summary_large_image\" \/>\n<meta name=\"twitter:site\" content=\"@thomasandhutton\" \/>\n<meta name=\"twitter:label1\" content=\"Tiempo de lectura\" \/>\n\t<meta name=\"twitter:data1\" content=\"6 minutos\" \/>\n<script type=\"application\/ld+json\" class=\"yoast-schema-graph\">{\"@context\":\"https:\\\/\\\/schema.org\",\"@graph\":[{\"@type\":\"WebPage\",\"@id\":\"https:\\\/\\\/www.thomasandhutton.com\\\/es\\\/premios-y-reconocimientos\\\/\",\"url\":\"https:\\\/\\\/www.thomasandhutton.com\\\/es\\\/premios-y-reconocimientos\\\/\",\"name\":\"Premios y reconocimientos - Thomas &amp; Hutton\",\"isPartOf\":{\"@id\":\"https:\\\/\\\/www.thomasandhutton.com\\\/es\\\/#website\"},\"datePublished\":\"2018-06-04T20:15:17+00:00\",\"dateModified\":\"2023-03-04T17:00:01+00:00\",\"breadcrumb\":{\"@id\":\"https:\\\/\\\/www.thomasandhutton.com\\\/es\\\/premios-y-reconocimientos\\\/#breadcrumb\"},\"inLanguage\":\"es\",\"potentialAction\":[{\"@type\":\"ReadAction\",\"target\":[\"https:\\\/\\\/www.thomasandhutton.com\\\/es\\\/premios-y-reconocimientos\\\/\"]}]},{\"@type\":\"BreadcrumbList\",\"@id\":\"https:\\\/\\\/www.thomasandhutton.com\\\/es\\\/premios-y-reconocimientos\\\/#breadcrumb\",\"itemListElement\":[{\"@type\":\"ListItem\",\"position\":1,\"name\":\"Home\",\"item\":\"https:\\\/\\\/www.thomasandhutton.com\\\/es\\\/inicio\\\/\"},{\"@type\":\"ListItem\",\"position\":2,\"name\":\"Premios y reconocimientos\"}]},{\"@type\":\"WebSite\",\"@id\":\"https:\\\/\\\/www.thomasandhutton.com\\\/es\\\/#website\",\"url\":\"https:\\\/\\\/www.thomasandhutton.com\\\/es\\\/\",\"name\":\"Thomas & Hutton\",\"description\":\"Engineering | Surveying | Landscape Architecture | GIS | Consulting\",\"publisher\":{\"@id\":\"https:\\\/\\\/www.thomasandhutton.com\\\/es\\\/#organization\"},\"potentialAction\":[{\"@type\":\"SearchAction\",\"target\":{\"@type\":\"EntryPoint\",\"urlTemplate\":\"https:\\\/\\\/www.thomasandhutton.com\\\/es\\\/?s={search_term_string}\"},\"query-input\":{\"@type\":\"PropertyValueSpecification\",\"valueRequired\":true,\"valueName\":\"search_term_string\"}}],\"inLanguage\":\"es\"},{\"@type\":\"Organization\",\"@id\":\"https:\\\/\\\/www.thomasandhutton.com\\\/es\\\/#organization\",\"name\":\"Thomas & Hutton\",\"url\":\"https:\\\/\\\/www.thomasandhutton.com\\\/es\\\/\",\"logo\":{\"@type\":\"ImageObject\",\"inLanguage\":\"es\",\"@id\":\"https:\\\/\\\/www.thomasandhutton.com\\\/es\\\/#\\\/schema\\\/logo\\\/image\\\/\",\"url\":\"https:\\\/\\\/www.thomasandhutton.com\\\/wp-content\\\/uploads\\\/2018\\\/06\\\/TH_LOGO__2.png\",\"contentUrl\":\"https:\\\/\\\/www.thomasandhutton.com\\\/wp-content\\\/uploads\\\/2018\\\/06\\\/TH_LOGO__2.png\",\"width\":141,\"height\":46,\"caption\":\"Thomas & Hutton\"},\"image\":{\"@id\":\"https:\\\/\\\/www.thomasandhutton.com\\\/es\\\/#\\\/schema\\\/logo\\\/image\\\/\"},\"sameAs\":[\"https:\\\/\\\/www.facebook.com\\\/THengineers\\\/\",\"https:\\\/\\\/x.com\\\/thomasandhutton\",\"https:\\\/\\\/www.instagram.com\\\/ThomasandHutton\\\/\",\"https:\\\/\\\/www.linkedin.com\\\/company\\\/thomas-&amp;amp;-hutton-engineering-co.\",\"https:\\\/\\\/www.youtube.com\\\/user\\\/ThomasandHutton\"]}]}<\/script>\n<!-- \/ Yoast SEO plugin. -->","yoast_head_json":{"title":"Premios y reconocimientos - Thomas &amp; Hutton","robots":{"index":"index","follow":"follow","max-snippet":"max-snippet:-1","max-image-preview":"max-image-preview:large","max-video-preview":"max-video-preview:-1"},"canonical":"https:\/\/www.thomasandhutton.com\/es\/premios-y-reconocimientos\/","og_locale":"es_ES","og_type":"article","og_title":"Premios y reconocimientos - Thomas &amp; Hutton","og_description":"[vc_row css_animation=\u00bb\u00bb row_type=\u00bbrow\u00bb use_row_as_full_screen_section=\u00bbno\u00bb type=\u00bbfull_width\u00bb angled_section=\u00bbno\u00bb text_align=\u00bbleft\u00bb background_image_as_pattern=\u00bbwithout_pattern\u00bb][vc_column][vc_column_text]2022 Premios Nacionales ACEC a la Excelencia en Ingenier\u00eda &#8211; Premio Nacional de Reconocimiento &#8211; Reurbanizaci\u00f3n de Jackson Street Plaza, Dubl\u00edn, GA ACEC Georgia Engineering Excellence Awards &#8211; Premio Estatal &#8211; Jackson Street Plaza Redevelopment, Dublin, GA ACEC","og_url":"https:\/\/www.thomasandhutton.com\/es\/premios-y-reconocimientos\/","og_site_name":"Thomas &amp; Hutton","article_publisher":"https:\/\/www.facebook.com\/THengineers\/","article_modified_time":"2023-03-04T17:00:01+00:00","twitter_card":"summary_large_image","twitter_site":"@thomasandhutton","twitter_misc":{"Tiempo de lectura":"6 minutos"},"schema":{"@context":"https:\/\/schema.org","@graph":[{"@type":"WebPage","@id":"https:\/\/www.thomasandhutton.com\/es\/premios-y-reconocimientos\/","url":"https:\/\/www.thomasandhutton.com\/es\/premios-y-reconocimientos\/","name":"Premios y reconocimientos - Thomas &amp; Hutton","isPartOf":{"@id":"https:\/\/www.thomasandhutton.com\/es\/#website"},"datePublished":"2018-06-04T20:15:17+00:00","dateModified":"2023-03-04T17:00:01+00:00","breadcrumb":{"@id":"https:\/\/www.thomasandhutton.com\/es\/premios-y-reconocimientos\/#breadcrumb"},"inLanguage":"es","potentialAction":[{"@type":"ReadAction","target":["https:\/\/www.thomasandhutton.com\/es\/premios-y-reconocimientos\/"]}]},{"@type":"BreadcrumbList","@id":"https:\/\/www.thomasandhutton.com\/es\/premios-y-reconocimientos\/#breadcrumb","itemListElement":[{"@type":"ListItem","position":1,"name":"Home","item":"https:\/\/www.thomasandhutton.com\/es\/inicio\/"},{"@type":"ListItem","position":2,"name":"Premios y reconocimientos"}]},{"@type":"WebSite","@id":"https:\/\/www.thomasandhutton.com\/es\/#website","url":"https:\/\/www.thomasandhutton.com\/es\/","name":"Thomas & Hutton","description":"Engineering | Surveying | Landscape Architecture | GIS | Consulting","publisher":{"@id":"https:\/\/www.thomasandhutton.com\/es\/#organization"},"potentialAction":[{"@type":"SearchAction","target":{"@type":"EntryPoint","urlTemplate":"https:\/\/www.thomasandhutton.com\/es\/?s={search_term_string}"},"query-input":{"@type":"PropertyValueSpecification","valueRequired":true,"valueName":"search_term_string"}}],"inLanguage":"es"},{"@type":"Organization","@id":"https:\/\/www.thomasandhutton.com\/es\/#organization","name":"Thomas & Hutton","url":"https:\/\/www.thomasandhutton.com\/es\/","logo":{"@type":"ImageObject","inLanguage":"es","@id":"https:\/\/www.thomasandhutton.com\/es\/#\/schema\/logo\/image\/","url":"https:\/\/www.thomasandhutton.com\/wp-content\/uploads\/2018\/06\/TH_LOGO__2.png","contentUrl":"https:\/\/www.thomasandhutton.com\/wp-content\/uploads\/2018\/06\/TH_LOGO__2.png","width":141,"height":46,"caption":"Thomas & Hutton"},"image":{"@id":"https:\/\/www.thomasandhutton.com\/es\/#\/schema\/logo\/image\/"},"sameAs":["https:\/\/www.facebook.com\/THengineers\/","https:\/\/x.com\/thomasandhutton","https:\/\/www.instagram.com\/ThomasandHutton\/","https:\/\/www.linkedin.com\/company\/thomas-&amp;amp;-hutton-engineering-co.","https:\/\/www.youtube.com\/user\/ThomasandHutton"]}]}},"_links":{"self":[{"href":"https:\/\/www.thomasandhutton.com\/es\/wp-json\/wp\/v2\/pages\/21850","targetHints":{"allow":["GET"]}}],"collection":[{"href":"https:\/\/www.thomasandhutton.com\/es\/wp-json\/wp\/v2\/pages"}],"about":[{"href":"https:\/\/www.thomasandhutton.com\/es\/wp-json\/wp\/v2\/types\/page"}],"author":[{"embeddable":true,"href":"https:\/\/www.thomasandhutton.com\/es\/wp-json\/wp\/v2\/users\/7"}],"replies":[{"embeddable":true,"href":"https:\/\/www.thomasandhutton.com\/es\/wp-json\/wp\/v2\/comments?post=21850"}],"version-history":[{"count":1,"href":"https:\/\/www.thomasandhutton.com\/es\/wp-json\/wp\/v2\/pages\/21850\/revisions"}],"predecessor-version":[{"id":21858,"href":"https:\/\/www.thomasandhutton.com\/es\/wp-json\/wp\/v2\/pages\/21850\/revisions\/21858"}],"wp:attachment":[{"href":"https:\/\/www.thomasandhutton.com\/es\/wp-json\/wp\/v2\/media?parent=21850"}],"curies":[{"name":"wp","href":"https:\/\/api.w.org\/{rel}","templated":true}]}}