{"id":22167,"date":"2019-12-03T13:44:11","date_gmt":"2019-12-03T13:44:11","guid":{"rendered":"https:\/\/www.thomasandhutton.com\/tutorial-de-microsoft-teams\/"},"modified":"2019-12-03T13:44:11","modified_gmt":"2019-12-03T13:44:11","slug":"tutorial-de-microsoft-teams","status":"publish","type":"page","link":"https:\/\/www.thomasandhutton.com\/es\/tutorial-de-microsoft-teams\/","title":{"rendered":"Tutorial de Microsoft Teams"},"content":{"rendered":"<p>Para unirse a una reuni\u00f3n de Microsoft Teams, haga clic en \u00abUnirse a la reuni\u00f3n de Microsoft Teams\u00bb en la invitaci\u00f3n. Tendr\u00e1s dos opciones: unirte a trav\u00e9s de la web o descargar la aplicaci\u00f3n. Si Microsoft Teams ya est\u00e1 instalado, le preguntar\u00e1 si desea abrir Microsoft Teams directamente. Para reuniones puntuales o poco frecuentes, basta con unirse a trav\u00e9s de la web. Para un uso m\u00e1s regular, recomendamos descargar la aplicaci\u00f3n.<br \/>\n<img loading=\"lazy\" decoding=\"async\" src=\"https:\/\/www.thomasandhutton.com\/wp-content\/uploads\/2019\/12\/TeamsInvite-300x149.png\" alt=\"\" width=\"300\" height=\"149\" class=\"alignnone size-medium wp-image-6446\" style=\"vertical-align:top;\" srcset=\"https:\/\/www.thomasandhutton.com\/wp-content\/uploads\/2019\/12\/TeamsInvite-300x149.png 300w, https:\/\/www.thomasandhutton.com\/wp-content\/uploads\/2019\/12\/TeamsInvite-700x348.png 700w, https:\/\/www.thomasandhutton.com\/wp-content\/uploads\/2019\/12\/TeamsInvite.png 716w\" sizes=\"auto, (max-width: 300px) 100vw, 300px\" \/><span class=\"tutorial-arrow-right\">\u27f6<\/span><img loading=\"lazy\" decoding=\"async\" src=\"https:\/\/www.thomasandhutton.com\/wp-content\/uploads\/2019\/12\/TeamsWeb-300x257.png\" alt=\"\" width=\"300\" height=\"257\" class=\"alignnone size-medium wp-image-6443\" style=\"vertical-align:top;\" srcset=\"https:\/\/www.thomasandhutton.com\/wp-content\/uploads\/2019\/12\/TeamsWeb-300x257.png 300w, https:\/\/www.thomasandhutton.com\/wp-content\/uploads\/2019\/12\/TeamsWeb-700x600.png 700w, https:\/\/www.thomasandhutton.com\/wp-content\/uploads\/2019\/12\/TeamsWeb.png 765w\" sizes=\"auto, (max-width: 300px) 100vw, 300px\" \/><span class=\"tutorial-arrow-right\">\u27f6<\/span><img loading=\"lazy\" decoding=\"async\" src=\"https:\/\/www.thomasandhutton.com\/wp-content\/uploads\/2019\/12\/TeamsOpenInApp-300x75.png\" alt=\"\" width=\"300\" height=\"75\" class=\"alignnone size-medium wp-image-6442\" style=\"vertical-align:top;\" srcset=\"https:\/\/www.thomasandhutton.com\/wp-content\/uploads\/2019\/12\/TeamsOpenInApp-300x75.png 300w, https:\/\/www.thomasandhutton.com\/wp-content\/uploads\/2019\/12\/TeamsOpenInApp-700x175.png 700w, https:\/\/www.thomasandhutton.com\/wp-content\/uploads\/2019\/12\/TeamsOpenInApp.png 766w\" sizes=\"auto, (max-width: 300px) 100vw, 300px\" \/><\/p>\n<p>&nbsp;<\/p>\n<h3>DESCARGAR LA APLICACI\u00d3N<\/h3>\n<p>Al elegir descargar la aplicaci\u00f3n, se te pedir\u00e1 que descargues e instales el cliente (~100 MB). Una vez instalado, Teams se iniciar\u00e1 autom\u00e1ticamente y se le pedir\u00e1 que indique su nombre. Escribe tu nombre y podr\u00e1s unirte a la reuni\u00f3n y utilizar las distintas funciones de la aplicaci\u00f3n.<br \/>\n<img loading=\"lazy\" decoding=\"async\" src=\"https:\/\/www.thomasandhutton.com\/wp-content\/uploads\/2019\/12\/TeamsAppDownload-300x257.png\" alt=\"\" width=\"300\" height=\"257\" class=\"alignnone size-medium wp-image-6438\" style=\"vertical-align:top;\" srcset=\"https:\/\/www.thomasandhutton.com\/wp-content\/uploads\/2019\/12\/TeamsAppDownload-300x257.png 300w, https:\/\/www.thomasandhutton.com\/wp-content\/uploads\/2019\/12\/TeamsAppDownload.png 768w, https:\/\/www.thomasandhutton.com\/wp-content\/uploads\/2019\/12\/TeamsAppDownload-700x600.png 700w\" sizes=\"auto, (max-width: 300px) 100vw, 300px\" \/><span class=\"tutorial-arrow-right\">\u27f6<\/span><img loading=\"lazy\" decoding=\"async\" src=\"https:\/\/www.thomasandhutton.com\/wp-content\/uploads\/2019\/12\/TeamsAppJoin-300x208.png\" alt=\"\" width=\"300\" height=\"208\" class=\"alignnone size-medium wp-image-6439\" style=\"vertical-align:top;\" srcset=\"https:\/\/www.thomasandhutton.com\/wp-content\/uploads\/2019\/12\/TeamsAppJoin-300x208.png 300w, https:\/\/www.thomasandhutton.com\/wp-content\/uploads\/2019\/12\/TeamsAppJoin-700x486.png 700w, https:\/\/www.thomasandhutton.com\/wp-content\/uploads\/2019\/12\/TeamsAppJoin.png 715w\" sizes=\"auto, (max-width: 300px) 100vw, 300px\" \/><span class=\"tutorial-arrow-right\">\u27f6<\/span><img loading=\"lazy\" decoding=\"async\" src=\"https:\/\/www.thomasandhutton.com\/wp-content\/uploads\/2019\/12\/TeamsAppMeeting-300x209.png\" alt=\"\" width=\"300\" height=\"209\" class=\"alignnone size-medium wp-image-6448\" style=\"vertical-align:top;\" srcset=\"https:\/\/www.thomasandhutton.com\/wp-content\/uploads\/2019\/12\/TeamsAppMeeting-300x209.png 300w, https:\/\/www.thomasandhutton.com\/wp-content\/uploads\/2019\/12\/TeamsAppMeeting-700x487.png 700w, https:\/\/www.thomasandhutton.com\/wp-content\/uploads\/2019\/12\/TeamsAppMeeting.png 715w\" sizes=\"auto, (max-width: 300px) 100vw, 300px\" \/><\/p>\n<p>&nbsp;<\/p>\n<h3>\u00daNETE A TRAV\u00c9S DE LA WEB<\/h3>\n<p>Si elige unirse a trav\u00e9s de la web, se le redirigir\u00e1 a una p\u00e1gina en la que se le pedir\u00e1 que acceda a su micr\u00f3fono y altavoces. Si tiene previsto utilizar todas las funciones de audio y v\u00eddeo de Teams, permita el acceso. Una vez concedida, se le pedir\u00e1 que indique su nombre y se le unir\u00e1 a la reuni\u00f3n, donde podr\u00e1 utilizar las funciones de la aplicaci\u00f3n web.<br \/>\n<img loading=\"lazy\" decoding=\"async\" src=\"https:\/\/www.thomasandhutton.com\/wp-content\/uploads\/2019\/12\/TeamsWebAllow-300x258.png\" alt=\"\" width=\"300\" height=\"258\" class=\"alignnone size-medium wp-image-6435\" style=\"vertical-align:top;\" srcset=\"https:\/\/www.thomasandhutton.com\/wp-content\/uploads\/2019\/12\/TeamsWebAllow-300x258.png 300w, https:\/\/www.thomasandhutton.com\/wp-content\/uploads\/2019\/12\/TeamsWebAllow-700x602.png 700w, https:\/\/www.thomasandhutton.com\/wp-content\/uploads\/2019\/12\/TeamsWebAllow.png 765w\" sizes=\"auto, (max-width: 300px) 100vw, 300px\" \/><span class=\"tutorial-arrow-right\">\u27f6<\/span><img loading=\"lazy\" decoding=\"async\" src=\"https:\/\/www.thomasandhutton.com\/wp-content\/uploads\/2019\/12\/TeamsWebJoin-300x258.png\" alt=\"\" width=\"300\" height=\"258\" class=\"alignnone size-medium wp-image-6436\" style=\"vertical-align:top;\" srcset=\"https:\/\/www.thomasandhutton.com\/wp-content\/uploads\/2019\/12\/TeamsWebJoin-300x258.png 300w, https:\/\/www.thomasandhutton.com\/wp-content\/uploads\/2019\/12\/TeamsWebJoin-700x601.png 700w, https:\/\/www.thomasandhutton.com\/wp-content\/uploads\/2019\/12\/TeamsWebJoin.png 765w\" sizes=\"auto, (max-width: 300px) 100vw, 300px\" \/><span class=\"tutorial-arrow-right\">\u27f6<\/span><img loading=\"lazy\" decoding=\"async\" src=\"https:\/\/www.thomasandhutton.com\/wp-content\/uploads\/2019\/12\/TeamsWebMeeting-300x256.png\" alt=\"\" width=\"300\" height=\"256\" class=\"alignnone size-medium wp-image-6447\" style=\"vertical-align:top;\" srcset=\"https:\/\/www.thomasandhutton.com\/wp-content\/uploads\/2019\/12\/TeamsWebMeeting-300x256.png 300w, https:\/\/www.thomasandhutton.com\/wp-content\/uploads\/2019\/12\/TeamsWebMeeting-700x598.png 700w, https:\/\/www.thomasandhutton.com\/wp-content\/uploads\/2019\/12\/TeamsWebMeeting.png 766w\" sizes=\"auto, (max-width: 300px) 100vw, 300px\" \/><\/p>\n<p>&nbsp;<\/p>\n","protected":false},"excerpt":{"rendered":"<p>Para unirse a una reuni\u00f3n de Microsoft Teams, haga clic en \u00abUnirse a la reuni\u00f3n de Microsoft Teams\u00bb en la invitaci\u00f3n. Tendr\u00e1s dos opciones: unirte a trav\u00e9s de la web o descargar la aplicaci\u00f3n. Si Microsoft Teams ya est\u00e1 instalado, le preguntar\u00e1 si desea abrir<\/p>\n","protected":false},"author":6,"featured_media":0,"parent":0,"menu_order":0,"comment_status":"closed","ping_status":"closed","template":"","meta":{"content-type":"","footnotes":""},"class_list":["post-22167","page","type-page","status-publish","hentry"],"yoast_head":"<!-- This site is optimized with the Yoast SEO plugin v27.3 - https:\/\/yoast.com\/product\/yoast-seo-wordpress\/ -->\n<title>Tutorial de Microsoft Teams - Thomas &amp; Hutton<\/title>\n<meta name=\"robots\" content=\"index, follow, max-snippet:-1, max-image-preview:large, max-video-preview:-1\" \/>\n<link rel=\"canonical\" href=\"https:\/\/www.thomasandhutton.com\/es\/tutorial-de-microsoft-teams\/\" \/>\n<meta property=\"og:locale\" content=\"es_ES\" \/>\n<meta property=\"og:type\" content=\"article\" \/>\n<meta property=\"og:title\" content=\"Tutorial de Microsoft Teams - Thomas &amp; Hutton\" \/>\n<meta property=\"og:description\" content=\"Para unirse a una reuni\u00f3n de Microsoft Teams, haga clic en \u00abUnirse a la reuni\u00f3n de Microsoft Teams\u00bb en la invitaci\u00f3n. Tendr\u00e1s dos opciones: unirte a trav\u00e9s de la web o descargar la aplicaci\u00f3n. Si Microsoft Teams ya est\u00e1 instalado, le preguntar\u00e1 si desea abrir\" \/>\n<meta property=\"og:url\" content=\"https:\/\/www.thomasandhutton.com\/es\/tutorial-de-microsoft-teams\/\" \/>\n<meta property=\"og:site_name\" content=\"Thomas &amp; Hutton\" \/>\n<meta property=\"article:publisher\" content=\"https:\/\/www.facebook.com\/THengineers\/\" \/>\n<meta property=\"og:image\" content=\"https:\/\/www.thomasandhutton.com\/wp-content\/uploads\/2019\/12\/TeamsInvite-300x149.png\" \/>\n<meta name=\"twitter:card\" content=\"summary_large_image\" \/>\n<meta name=\"twitter:site\" content=\"@thomasandhutton\" \/>\n<meta name=\"twitter:label1\" content=\"Tiempo de lectura\" \/>\n\t<meta name=\"twitter:data1\" content=\"1 minuto\" \/>\n<script type=\"application\/ld+json\" class=\"yoast-schema-graph\">{\"@context\":\"https:\\\/\\\/schema.org\",\"@graph\":[{\"@type\":\"WebPage\",\"@id\":\"https:\\\/\\\/www.thomasandhutton.com\\\/es\\\/tutorial-de-microsoft-teams\\\/\",\"url\":\"https:\\\/\\\/www.thomasandhutton.com\\\/es\\\/tutorial-de-microsoft-teams\\\/\",\"name\":\"Tutorial de Microsoft Teams - Thomas &amp; Hutton\",\"isPartOf\":{\"@id\":\"https:\\\/\\\/www.thomasandhutton.com\\\/es\\\/#website\"},\"primaryImageOfPage\":{\"@id\":\"https:\\\/\\\/www.thomasandhutton.com\\\/es\\\/tutorial-de-microsoft-teams\\\/#primaryimage\"},\"image\":{\"@id\":\"https:\\\/\\\/www.thomasandhutton.com\\\/es\\\/tutorial-de-microsoft-teams\\\/#primaryimage\"},\"thumbnailUrl\":\"https:\\\/\\\/www.thomasandhutton.com\\\/wp-content\\\/uploads\\\/2019\\\/12\\\/TeamsInvite-300x149.png\",\"datePublished\":\"2019-12-03T13:44:11+00:00\",\"breadcrumb\":{\"@id\":\"https:\\\/\\\/www.thomasandhutton.com\\\/es\\\/tutorial-de-microsoft-teams\\\/#breadcrumb\"},\"inLanguage\":\"es\",\"potentialAction\":[{\"@type\":\"ReadAction\",\"target\":[\"https:\\\/\\\/www.thomasandhutton.com\\\/es\\\/tutorial-de-microsoft-teams\\\/\"]}]},{\"@type\":\"ImageObject\",\"inLanguage\":\"es\",\"@id\":\"https:\\\/\\\/www.thomasandhutton.com\\\/es\\\/tutorial-de-microsoft-teams\\\/#primaryimage\",\"url\":\"https:\\\/\\\/www.thomasandhutton.com\\\/wp-content\\\/uploads\\\/2019\\\/12\\\/TeamsInvite-300x149.png\",\"contentUrl\":\"https:\\\/\\\/www.thomasandhutton.com\\\/wp-content\\\/uploads\\\/2019\\\/12\\\/TeamsInvite-300x149.png\"},{\"@type\":\"BreadcrumbList\",\"@id\":\"https:\\\/\\\/www.thomasandhutton.com\\\/es\\\/tutorial-de-microsoft-teams\\\/#breadcrumb\",\"itemListElement\":[{\"@type\":\"ListItem\",\"position\":1,\"name\":\"Home\",\"item\":\"https:\\\/\\\/www.thomasandhutton.com\\\/es\\\/inicio\\\/\"},{\"@type\":\"ListItem\",\"position\":2,\"name\":\"Tutorial de Microsoft Teams\"}]},{\"@type\":\"WebSite\",\"@id\":\"https:\\\/\\\/www.thomasandhutton.com\\\/es\\\/#website\",\"url\":\"https:\\\/\\\/www.thomasandhutton.com\\\/es\\\/\",\"name\":\"Thomas & Hutton\",\"description\":\"Engineering | Surveying | Landscape Architecture | GIS | Consulting\",\"publisher\":{\"@id\":\"https:\\\/\\\/www.thomasandhutton.com\\\/es\\\/#organization\"},\"potentialAction\":[{\"@type\":\"SearchAction\",\"target\":{\"@type\":\"EntryPoint\",\"urlTemplate\":\"https:\\\/\\\/www.thomasandhutton.com\\\/es\\\/?s={search_term_string}\"},\"query-input\":{\"@type\":\"PropertyValueSpecification\",\"valueRequired\":true,\"valueName\":\"search_term_string\"}}],\"inLanguage\":\"es\"},{\"@type\":\"Organization\",\"@id\":\"https:\\\/\\\/www.thomasandhutton.com\\\/es\\\/#organization\",\"name\":\"Thomas & Hutton\",\"url\":\"https:\\\/\\\/www.thomasandhutton.com\\\/es\\\/\",\"logo\":{\"@type\":\"ImageObject\",\"inLanguage\":\"es\",\"@id\":\"https:\\\/\\\/www.thomasandhutton.com\\\/es\\\/#\\\/schema\\\/logo\\\/image\\\/\",\"url\":\"https:\\\/\\\/www.thomasandhutton.com\\\/wp-content\\\/uploads\\\/2018\\\/06\\\/TH_LOGO__2.png\",\"contentUrl\":\"https:\\\/\\\/www.thomasandhutton.com\\\/wp-content\\\/uploads\\\/2018\\\/06\\\/TH_LOGO__2.png\",\"width\":141,\"height\":46,\"caption\":\"Thomas & Hutton\"},\"image\":{\"@id\":\"https:\\\/\\\/www.thomasandhutton.com\\\/es\\\/#\\\/schema\\\/logo\\\/image\\\/\"},\"sameAs\":[\"https:\\\/\\\/www.facebook.com\\\/THengineers\\\/\",\"https:\\\/\\\/x.com\\\/thomasandhutton\",\"https:\\\/\\\/www.instagram.com\\\/ThomasandHutton\\\/\",\"https:\\\/\\\/www.linkedin.com\\\/company\\\/thomas-&amp;amp;-hutton-engineering-co.\",\"https:\\\/\\\/www.youtube.com\\\/user\\\/ThomasandHutton\"]}]}<\/script>\n<!-- \/ Yoast SEO plugin. -->","yoast_head_json":{"title":"Tutorial de Microsoft Teams - Thomas &amp; Hutton","robots":{"index":"index","follow":"follow","max-snippet":"max-snippet:-1","max-image-preview":"max-image-preview:large","max-video-preview":"max-video-preview:-1"},"canonical":"https:\/\/www.thomasandhutton.com\/es\/tutorial-de-microsoft-teams\/","og_locale":"es_ES","og_type":"article","og_title":"Tutorial de Microsoft Teams - Thomas &amp; Hutton","og_description":"Para unirse a una reuni\u00f3n de Microsoft Teams, haga clic en \u00abUnirse a la reuni\u00f3n de Microsoft Teams\u00bb en la invitaci\u00f3n. Tendr\u00e1s dos opciones: unirte a trav\u00e9s de la web o descargar la aplicaci\u00f3n. Si Microsoft Teams ya est\u00e1 instalado, le preguntar\u00e1 si desea abrir","og_url":"https:\/\/www.thomasandhutton.com\/es\/tutorial-de-microsoft-teams\/","og_site_name":"Thomas &amp; Hutton","article_publisher":"https:\/\/www.facebook.com\/THengineers\/","og_image":[{"url":"https:\/\/www.thomasandhutton.com\/wp-content\/uploads\/2019\/12\/TeamsInvite-300x149.png","type":"","width":"","height":""}],"twitter_card":"summary_large_image","twitter_site":"@thomasandhutton","twitter_misc":{"Tiempo de lectura":"1 minuto"},"schema":{"@context":"https:\/\/schema.org","@graph":[{"@type":"WebPage","@id":"https:\/\/www.thomasandhutton.com\/es\/tutorial-de-microsoft-teams\/","url":"https:\/\/www.thomasandhutton.com\/es\/tutorial-de-microsoft-teams\/","name":"Tutorial de Microsoft Teams - Thomas &amp; Hutton","isPartOf":{"@id":"https:\/\/www.thomasandhutton.com\/es\/#website"},"primaryImageOfPage":{"@id":"https:\/\/www.thomasandhutton.com\/es\/tutorial-de-microsoft-teams\/#primaryimage"},"image":{"@id":"https:\/\/www.thomasandhutton.com\/es\/tutorial-de-microsoft-teams\/#primaryimage"},"thumbnailUrl":"https:\/\/www.thomasandhutton.com\/wp-content\/uploads\/2019\/12\/TeamsInvite-300x149.png","datePublished":"2019-12-03T13:44:11+00:00","breadcrumb":{"@id":"https:\/\/www.thomasandhutton.com\/es\/tutorial-de-microsoft-teams\/#breadcrumb"},"inLanguage":"es","potentialAction":[{"@type":"ReadAction","target":["https:\/\/www.thomasandhutton.com\/es\/tutorial-de-microsoft-teams\/"]}]},{"@type":"ImageObject","inLanguage":"es","@id":"https:\/\/www.thomasandhutton.com\/es\/tutorial-de-microsoft-teams\/#primaryimage","url":"https:\/\/www.thomasandhutton.com\/wp-content\/uploads\/2019\/12\/TeamsInvite-300x149.png","contentUrl":"https:\/\/www.thomasandhutton.com\/wp-content\/uploads\/2019\/12\/TeamsInvite-300x149.png"},{"@type":"BreadcrumbList","@id":"https:\/\/www.thomasandhutton.com\/es\/tutorial-de-microsoft-teams\/#breadcrumb","itemListElement":[{"@type":"ListItem","position":1,"name":"Home","item":"https:\/\/www.thomasandhutton.com\/es\/inicio\/"},{"@type":"ListItem","position":2,"name":"Tutorial de Microsoft Teams"}]},{"@type":"WebSite","@id":"https:\/\/www.thomasandhutton.com\/es\/#website","url":"https:\/\/www.thomasandhutton.com\/es\/","name":"Thomas & Hutton","description":"Engineering | Surveying | Landscape Architecture | GIS | Consulting","publisher":{"@id":"https:\/\/www.thomasandhutton.com\/es\/#organization"},"potentialAction":[{"@type":"SearchAction","target":{"@type":"EntryPoint","urlTemplate":"https:\/\/www.thomasandhutton.com\/es\/?s={search_term_string}"},"query-input":{"@type":"PropertyValueSpecification","valueRequired":true,"valueName":"search_term_string"}}],"inLanguage":"es"},{"@type":"Organization","@id":"https:\/\/www.thomasandhutton.com\/es\/#organization","name":"Thomas & Hutton","url":"https:\/\/www.thomasandhutton.com\/es\/","logo":{"@type":"ImageObject","inLanguage":"es","@id":"https:\/\/www.thomasandhutton.com\/es\/#\/schema\/logo\/image\/","url":"https:\/\/www.thomasandhutton.com\/wp-content\/uploads\/2018\/06\/TH_LOGO__2.png","contentUrl":"https:\/\/www.thomasandhutton.com\/wp-content\/uploads\/2018\/06\/TH_LOGO__2.png","width":141,"height":46,"caption":"Thomas & Hutton"},"image":{"@id":"https:\/\/www.thomasandhutton.com\/es\/#\/schema\/logo\/image\/"},"sameAs":["https:\/\/www.facebook.com\/THengineers\/","https:\/\/x.com\/thomasandhutton","https:\/\/www.instagram.com\/ThomasandHutton\/","https:\/\/www.linkedin.com\/company\/thomas-&amp;amp;-hutton-engineering-co.","https:\/\/www.youtube.com\/user\/ThomasandHutton"]}]}},"_links":{"self":[{"href":"https:\/\/www.thomasandhutton.com\/es\/wp-json\/wp\/v2\/pages\/22167","targetHints":{"allow":["GET"]}}],"collection":[{"href":"https:\/\/www.thomasandhutton.com\/es\/wp-json\/wp\/v2\/pages"}],"about":[{"href":"https:\/\/www.thomasandhutton.com\/es\/wp-json\/wp\/v2\/types\/page"}],"author":[{"embeddable":true,"href":"https:\/\/www.thomasandhutton.com\/es\/wp-json\/wp\/v2\/users\/6"}],"replies":[{"embeddable":true,"href":"https:\/\/www.thomasandhutton.com\/es\/wp-json\/wp\/v2\/comments?post=22167"}],"version-history":[{"count":0,"href":"https:\/\/www.thomasandhutton.com\/es\/wp-json\/wp\/v2\/pages\/22167\/revisions"}],"wp:attachment":[{"href":"https:\/\/www.thomasandhutton.com\/es\/wp-json\/wp\/v2\/media?parent=22167"}],"curies":[{"name":"wp","href":"https:\/\/api.w.org\/{rel}","templated":true}]}}