{"id":22222,"date":"2021-04-19T16:08:33","date_gmt":"2021-04-19T16:08:33","guid":{"rendered":"https:\/\/www.thomasandhutton.com\/mision-critica\/"},"modified":"2023-04-20T10:20:59","modified_gmt":"2023-04-20T10:20:59","slug":"mision-critica","status":"publish","type":"page","link":"https:\/\/www.thomasandhutton.com\/es\/mision-critica\/","title":{"rendered":"Misi\u00f3n cr\u00edtica"},"content":{"rendered":"<div class=\"wpb-content-wrapper\"><p>[vc_row css_animation=\u00bb\u00bb row_type=\u00bbrow\u00bb use_row_as_full_screen_section=\u00bbno\u00bb type=\u00bbfull_width\u00bb angled_section=\u00bbno\u00bb text_align=\u00bbleft\u00bb background_image_as_pattern=\u00bbwithout_pattern\u00bb background_color=\u00bb#799900&#8243; z_index=\u00bb\u00bb css=\u00bb.vc_custom_1523400287498{padding-top: 30px !important;padding-bottom: 30px !important;background-color: #799900 !important;}\u00bb][vc_column][vc_column_text][\/vc_column_text][vc_single_image image=\u00bb7818&#8243; img_size=\u00bbfull\u00bb alignment=\u00bbcenter\u00bb qode_css_animation=\u00bb\u00bb][vc_column_text]<\/p>\n<h1 style=\"text-align: center;\"><span style=\"color: #ffffff;\"><span data-sheets-value=\"{\"1\":2,\"2\":\"Data Center Design &amp; Mission Critical Facilities\"}\" data-sheets-userformat=\"{\"2\":33567681,\"3\":{\"1\":0},\"9\":0,\"10\":1,\"11\":3,\"12\":0,\"15\":\"Montserrat\",\"16\":11,\"28\":1}\">Dise\u00f1o de centros de datos e instalaciones de misi\u00f3n cr\u00edtica<\/span><\/span><\/h1>\n<p>[\/vc_column_text][\/vc_column][\/vc_row][vc_row css_animation=\u00bb\u00bb row_type=\u00bbrow\u00bb use_row_as_full_screen_section=\u00bbno\u00bb type=\u00bbfull_width\u00bb angled_section=\u00bbno\u00bb text_align=\u00bbleft\u00bb background_image_as_pattern=\u00bbwithout_pattern\u00bb][vc_column][vc_empty_space height=\u00bb50px\u00bb][\/vc_column][\/vc_row][vc_row css_animation=\u00bb\u00bb row_type=\u00bbrow\u00bb use_row_as_full_screen_section=\u00bbyes\u00bb type=\u00bbgrid\u00bb angled_section=\u00bbno\u00bb text_align=\u00bbleft\u00bb background_image_as_pattern=\u00bbwithout_pattern\u00bb background_color=\u00bb#ffffff\u00bb z_index=\u00bb\u00bb][vc_column][vc_column_text]Hoy en d\u00eda, los servicios digitales y en l\u00ednea son esenciales para el funcionamiento eficaz de las empresas. Las empresas deben disponer de una mecanismoa fiable y expansible para ofrecer a sus clientes servicios sin interrupciones . La seguridad y el rendimiento eficiente de las instalaciones que albergan operaciones, equipos, almacenamiento de datos fuera de las instalaciones y otros sistemas tecnol\u00f3gicos vitales son necesarios para el \u00e9xito de las instalaciones de misi\u00f3n cr\u00edtica. Con un dise\u00f1o de adecuado ingenier\u00eda, los emplazamientos pueden optimizarse para ser resistentes a los riesgos, manteniendo al mismo tiempo la flexibilidad en caso de que sea necesario ampliarlos o reestructurarlos.<\/p>\n<p><a href=\"https:\/\/www.thomasandhutton.com\/es\/\">Thomas &amp; Hutton<\/a> proporciona servicios integrales de planificaci\u00f3n, medio ambiente, topograf\u00eda e ingenier\u00eda civil para la puesta en servicio de nuevas construcciones o la conversi\u00f3n de edificios existentes para una variedad de instalaciones de misi\u00f3n cr\u00edtica, incluidos centros de datos, centros de control y centros de operaciones de emergencia. Aprovechando nuestros conocimientos y relaciones con los organismos reguladores estatales y federales, Thomas &amp; Hutton colabora con las autoridades locales de desarrollo para proporcionar orientaci\u00f3n a trav\u00e9s del an\u00e1lisis y la selecci\u00f3n del emplazamiento, la planificaci\u00f3n, el dise\u00f1o, la construcci\u00f3n y las operaciones. Nos consideramos un recurso valioso gracias a nuestra experiencia y personal, el cualest\u00e1 disponibles para agilizar la construcci\u00f3n de nuevas instalaciones minimizando las inc\u00f3gnitas y comprendiendo las necesidades inherentes a las instalaciones de misi\u00f3n cr\u00edtica.[\/vc_column_text][vc_empty_space height=\u00bb20px\u00bb][\/vc_column][\/vc_row][vc_row css_animation=\u00bb\u00bb row_type=\u00bbrow\u00bb use_row_as_full_screen_section=\u00bbno\u00bb type=\u00bbfull_width\u00bb angled_section=\u00bbno\u00bb text_align=\u00bbleft\u00bb background_image_as_pattern=\u00bbwithout_pattern\u00bb z_index=\u00bb\u00bb css=\u00bb.vc_custom_1527959868801{padding-bottom: 15px !important;}\u00bb][vc_column][\/vc_column][\/vc_row][vc_row css_animation=\u00bb\u00bb row_type=\u00bbrow\u00bb use_row_as_full_screen_section=\u00bbno\u00bb type=\u00bbfull_width\u00bb angled_section=\u00bbno\u00bb text_align=\u00bbleft\u00bb background_image_as_pattern=\u00bbwithout_pattern\u00bb z_index=\u00bb\u00bb][vc_column]<div class=\"mpc-carousel__wrapper mpc-waypoint\"><div id=\"mpc_carousel_anything-7169e35c959f903\" class=\"mpc-carousel-anything mpc-init mpc-carousel--stretched \"  data-mpcslick='{\"infinite\":true,\"autoplay\":false,\"slidesToShow\":4,\"slidesToScroll\":1,\"centerMode\":false,\"initialSlide\":0}' data-slick-cols=\"4\">[vc_column_text]<div class=\"q_image_with_text_over q_iwto_hover\"><div class=\"shader\" ><\/div><div class=\"shader_hover\" style=\"background-color: rgba(255,255,255,0.9)\"><\/div><img decoding=\"async\" itemprop=\"image\" src=\"https:\/\/www.thomasandhutton.com\/wp-content\/uploads\/2021\/04\/Mission-Critical_3.jpg\" alt=\"\" \/><div class=\"text\"><table><tr><td><h3 class=\"caption no_icon\" style=\"color: #799900;\"><\/h3><\/td><\/tr><\/table><table><tr><td><div class=\"desc\"><a href=\"https:\/\/www.thomasandhutton.com\/wp-content\/uploads\/2021\/04\/Mission-Critical_3.jpg\" target=\"\" title=\"\"  class=\"mpc-lightbox mpc-init mpc-transition mpc-magnific-popup ViewLarger\"><div data-id=\"mpc_button-8269e35c959fd46\" class=\"mpc-button mpc-init mpc-transition mpc-typography--preset_0 \" ><div class=\"mpc-button__content mpc-effect-type--stay mpc-effect-side--left\"><i class=\"mpc-button__icon mpc-transition  fa fa-long-arrow-right\"><\/i><span class=\"mpc-button__title mpc-transition\">View Larger<\/span><\/div><div class=\"mpc-button__background mpc-transition mpc-effect-type--fade mpc-effect-side--in\"><\/div><\/div><\/a><\/div><\/td><\/tr><\/table><\/div><\/div>[\/vc_column_text][vc_column_text]<div class=\"q_image_with_text_over q_iwto_hover\"><div class=\"shader\" ><\/div><div class=\"shader_hover\" style=\"background-color: rgba(255,255,255,0.9)\"><\/div><img decoding=\"async\" itemprop=\"image\" src=\"https:\/\/www.thomasandhutton.com\/wp-content\/uploads\/2021\/04\/Mission-Critical_2.jpg\" alt=\"\" \/><div class=\"text\"><table><tr><td><h3 class=\"caption no_icon\" style=\"color: #799900;\"><\/h3><\/td><\/tr><\/table><table><tr><td><div class=\"desc\"><a href=\"https:\/\/www.thomasandhutton.com\/wp-content\/uploads\/2021\/04\/Mission-Critical_2.jpg\" target=\"\" title=\"\"  class=\"mpc-lightbox mpc-init mpc-transition mpc-magnific-popup ViewLarger\"><div data-id=\"mpc_button-5369e35c95a008d\" class=\"mpc-button mpc-init mpc-transition mpc-typography--preset_0 \" ><div class=\"mpc-button__content mpc-effect-type--stay mpc-effect-side--left\"><i class=\"mpc-button__icon mpc-transition  fa fa-long-arrow-right\"><\/i><span class=\"mpc-button__title mpc-transition\">View Larger<\/span><\/div><div class=\"mpc-button__background mpc-transition mpc-effect-type--fade mpc-effect-side--in\"><\/div><\/div><\/a><\/div><\/td><\/tr><\/table><\/div><\/div>[\/vc_column_text][vc_column_text]<div class=\"q_image_with_text_over q_iwto_hover\"><div class=\"shader\" ><\/div><div class=\"shader_hover\" style=\"background-color: rgba(255,255,255,0.9)\"><\/div><img decoding=\"async\" itemprop=\"image\" src=\"https:\/\/www.thomasandhutton.com\/wp-content\/uploads\/2021\/04\/Mission-Critical_7.jpg\" alt=\"\" \/><div class=\"text\"><table><tr><td><h3 class=\"caption no_icon\" style=\"color: #799900;\"><\/h3><\/td><\/tr><\/table><table><tr><td><div class=\"desc\"><a href=\"https:\/\/www.thomasandhutton.com\/wp-content\/uploads\/2021\/04\/Mission-Critical_7.jpg\" target=\"\" title=\"\"  class=\"mpc-lightbox mpc-init mpc-transition mpc-magnific-popup ViewLarger\"><div data-id=\"mpc_button-269e35c95a03a4\" class=\"mpc-button mpc-init mpc-transition mpc-typography--preset_0 \" ><div class=\"mpc-button__content mpc-effect-type--stay mpc-effect-side--left\"><i class=\"mpc-button__icon mpc-transition  fa fa-long-arrow-right\"><\/i><span class=\"mpc-button__title mpc-transition\">View Larger<\/span><\/div><div class=\"mpc-button__background mpc-transition mpc-effect-type--fade mpc-effect-side--in\"><\/div><\/div><\/a><\/div><\/td><\/tr><\/table><\/div><\/div>[\/vc_column_text][vc_column_text]<div class=\"q_image_with_text_over q_iwto_hover\"><div class=\"shader\" ><\/div><div class=\"shader_hover\" style=\"background-color: rgba(255,255,255,0.9)\"><\/div><img decoding=\"async\" itemprop=\"image\" src=\"https:\/\/www.thomasandhutton.com\/wp-content\/uploads\/2021\/04\/Mission-Critical_6.jpg\" alt=\"\" \/><div class=\"text\"><table><tr><td><h3 class=\"caption no_icon\" style=\"color: #799900;\"><\/h3><\/td><\/tr><\/table><table><tr><td><div class=\"desc\"><a href=\"https:\/\/www.thomasandhutton.com\/wp-content\/uploads\/2021\/04\/Mission-Critical_6.jpg\" target=\"\" title=\"\"  class=\"mpc-lightbox mpc-init mpc-transition mpc-magnific-popup ViewLarger\"><div data-id=\"mpc_button-5369e35c95a067c\" class=\"mpc-button mpc-init mpc-transition mpc-typography--preset_0 \" ><div class=\"mpc-button__content mpc-effect-type--stay mpc-effect-side--left\"><i class=\"mpc-button__icon mpc-transition  fa fa-long-arrow-right\"><\/i><span class=\"mpc-button__title mpc-transition\">View Larger<\/span><\/div><div class=\"mpc-button__background mpc-transition mpc-effect-type--fade mpc-effect-side--in\"><\/div><\/div><\/a><\/div><\/td><\/tr><\/table><\/div><\/div>[\/vc_column_text][vc_column_text]<div class=\"q_image_with_text_over q_iwto_hover\"><div class=\"shader\" ><\/div><div class=\"shader_hover\" style=\"background-color: rgba(255,255,255,0.9)\"><\/div><img decoding=\"async\" itemprop=\"image\" src=\"https:\/\/www.thomasandhutton.com\/wp-content\/uploads\/2021\/04\/Mission-Critical_5.jpg\" alt=\"\" \/><div class=\"text\"><table><tr><td><h3 class=\"caption no_icon\" style=\"color: #799900;\"><\/h3><\/td><\/tr><\/table><table><tr><td><div class=\"desc\"><a href=\"https:\/\/www.thomasandhutton.com\/wp-content\/uploads\/2021\/04\/Mission-Critical_5.jpg\" target=\"\" title=\"\"  class=\"mpc-lightbox mpc-init mpc-transition mpc-magnific-popup ViewLarger\"><div data-id=\"mpc_button-969e35c95a0978\" class=\"mpc-button mpc-init mpc-transition mpc-typography--preset_0 \" ><div class=\"mpc-button__content mpc-effect-type--stay mpc-effect-side--left\"><i class=\"mpc-button__icon mpc-transition  fa fa-long-arrow-right\"><\/i><span class=\"mpc-button__title mpc-transition\">View Larger<\/span><\/div><div class=\"mpc-button__background mpc-transition mpc-effect-type--fade mpc-effect-side--in\"><\/div><\/div><\/a><\/div><\/td><\/tr><\/table><\/div><\/div>[\/vc_column_text][vc_column_text]<div class=\"q_image_with_text_over q_iwto_hover\"><div class=\"shader\" ><\/div><div class=\"shader_hover\" style=\"background-color: rgba(255,255,255,0.9)\"><\/div><img decoding=\"async\" itemprop=\"image\" src=\"https:\/\/www.thomasandhutton.com\/wp-content\/uploads\/2021\/04\/Mission-Critical_4.jpg\" alt=\"\" \/><div class=\"text\"><table><tr><td><h3 class=\"caption no_icon\" style=\"color: #799900;\"><\/h3><\/td><\/tr><\/table><table><tr><td><div class=\"desc\"><a href=\"https:\/\/www.thomasandhutton.com\/wp-content\/uploads\/2021\/04\/Mission-Critical_4.jpg\" target=\"\" title=\"\"  class=\"mpc-lightbox mpc-init mpc-transition mpc-magnific-popup ViewLarger\"><div data-id=\"mpc_button-4469e35c95a0d19\" class=\"mpc-button mpc-init mpc-transition mpc-typography--preset_0 \" ><div class=\"mpc-button__content mpc-effect-type--stay mpc-effect-side--left\"><i class=\"mpc-button__icon mpc-transition  fa fa-long-arrow-right\"><\/i><span class=\"mpc-button__title mpc-transition\">View Larger<\/span><\/div><div class=\"mpc-button__background mpc-transition mpc-effect-type--fade mpc-effect-side--in\"><\/div><\/div><\/a><\/div><\/td><\/tr><\/table><\/div><\/div>[\/vc_column_text]<\/div><div class=\"mpc-navigation mpc-init mpc-align--left mpc-navigation--style_4  mpc-nav-preset--mpc_preset_41\" data-mpcslider=\"mpc_carousel_anything-7169e35c959f903\"><div class=\"mpc-nav__arrow mpcslick-prev\"><div class=\"mpc-nav__icon mpc-transition\"><i class=\" eti eti_arrow_left\"><div class=\"mpc-nav__background mpc-transition mpc-effect-type--fade mpc-effect-side--in\"><\/div><\/i><\/div><\/div><\/div><div class=\"mpc-navigation mpc-init mpc-align--left mpc-navigation--style_4  mpc-nav-preset--mpc_preset_41\" data-mpcslider=\"mpc_carousel_anything-7169e35c959f903\"><div class=\"mpc-nav__arrow mpcslick-next\"><div class=\"mpc-nav__icon mpc-transition\"><i class=\" eti eti_arrow_right\"><div class=\"mpc-nav__background mpc-transition mpc-effect-type--fade mpc-effect-side--in\"><\/div><\/i><\/div><\/div><\/div><\/div>[\/vc_column][\/vc_row]<\/p>\n<\/div>","protected":false},"excerpt":{"rendered":"<p>[vc_row css_animation=\u00bb\u00bb row_type=\u00bbrow\u00bb use_row_as_full_screen_section=\u00bbno\u00bb type=\u00bbfull_width\u00bb angled_section=\u00bbno\u00bb text_align=\u00bbleft\u00bb background_image_as_pattern=\u00bbwithout_pattern\u00bb background_color=\u00bb#799900&#8243; z_index=\u00bb\u00bb css=\u00bb.vc_custom_1523400287498{padding-top: 30px !important;padding-bottom: 30px !important;background-color: #799900 !important;}\u00bb][vc_column][vc_column_text][\/vc_column_text][vc_single_image image=\u00bb7818&#8243; img_size=\u00bbfull\u00bb alignment=\u00bbcenter\u00bb qode_css_animation=\u00bb\u00bb][vc_column_text] Dise\u00f1o de centros de datos e instalaciones de misi\u00f3n cr\u00edtica [\/vc_column_text][\/vc_column][\/vc_row][vc_row css_animation=\u00bb\u00bb row_type=\u00bbrow\u00bb use_row_as_full_screen_section=\u00bbno\u00bb type=\u00bbfull_width\u00bb angled_section=\u00bbno\u00bb text_align=\u00bbleft\u00bb background_image_as_pattern=\u00bbwithout_pattern\u00bb][vc_column][vc_empty_space height=\u00bb50px\u00bb][\/vc_column][\/vc_row][vc_row css_animation=\u00bb\u00bb row_type=\u00bbrow\u00bb use_row_as_full_screen_section=\u00bbyes\u00bb type=\u00bbgrid\u00bb angled_section=\u00bbno\u00bb<\/p>\n","protected":false},"author":8,"featured_media":0,"parent":0,"menu_order":0,"comment_status":"closed","ping_status":"closed","template":"full_width.php","meta":{"content-type":"","footnotes":""},"class_list":["post-22222","page","type-page","status-publish","hentry"],"yoast_head":"<!-- This site is optimized with the Yoast SEO plugin v27.4 - https:\/\/yoast.com\/product\/yoast-seo-wordpress\/ -->\n<title>Dise\u00f1o de centros de datos | Thomas &amp; Hutton<\/title>\n<meta name=\"description\" content=\"Aprenda a dise\u00f1ar y alimentar instalaciones de misi\u00f3n cr\u00edtica con los servicios especializados de dise\u00f1o de centros de datos de Thomas &amp; Hutton.\" \/>\n<meta name=\"robots\" content=\"index, follow, max-snippet:-1, max-image-preview:large, max-video-preview:-1\" \/>\n<link rel=\"canonical\" href=\"https:\/\/www.thomasandhutton.com\/es\/mision-critica\/\" \/>\n<meta property=\"og:locale\" content=\"es_ES\" \/>\n<meta property=\"og:type\" content=\"article\" \/>\n<meta property=\"og:title\" content=\"Dise\u00f1o de centros de datos | Thomas &amp; Hutton\" \/>\n<meta property=\"og:description\" content=\"Aprenda a dise\u00f1ar y alimentar instalaciones de misi\u00f3n cr\u00edtica con los servicios especializados de dise\u00f1o de centros de datos de Thomas &amp; Hutton.\" \/>\n<meta property=\"og:url\" content=\"https:\/\/www.thomasandhutton.com\/es\/mision-critica\/\" \/>\n<meta property=\"og:site_name\" content=\"Thomas &amp; Hutton\" \/>\n<meta property=\"article:publisher\" content=\"https:\/\/www.facebook.com\/THengineers\/\" \/>\n<meta property=\"article:modified_time\" content=\"2023-04-20T10:20:59+00:00\" \/>\n<meta name=\"twitter:card\" content=\"summary_large_image\" \/>\n<meta name=\"twitter:site\" content=\"@thomasandhutton\" \/>\n<meta name=\"twitter:label1\" content=\"Tiempo de lectura\" \/>\n\t<meta name=\"twitter:data1\" content=\"3 minutos\" \/>\n<script type=\"application\/ld+json\" class=\"yoast-schema-graph\">{\"@context\":\"https:\\\/\\\/schema.org\",\"@graph\":[{\"@type\":\"WebPage\",\"@id\":\"https:\\\/\\\/www.thomasandhutton.com\\\/es\\\/mision-critica\\\/\",\"url\":\"https:\\\/\\\/www.thomasandhutton.com\\\/es\\\/mision-critica\\\/\",\"name\":\"Dise\u00f1o de centros de datos | Thomas & Hutton\",\"isPartOf\":{\"@id\":\"https:\\\/\\\/www.thomasandhutton.com\\\/es\\\/#website\"},\"datePublished\":\"2021-04-19T16:08:33+00:00\",\"dateModified\":\"2023-04-20T10:20:59+00:00\",\"description\":\"Aprenda a dise\u00f1ar y alimentar instalaciones de misi\u00f3n cr\u00edtica con los servicios especializados de dise\u00f1o de centros de datos de Thomas & Hutton.\",\"breadcrumb\":{\"@id\":\"https:\\\/\\\/www.thomasandhutton.com\\\/es\\\/mision-critica\\\/#breadcrumb\"},\"inLanguage\":\"es\",\"potentialAction\":[{\"@type\":\"ReadAction\",\"target\":[\"https:\\\/\\\/www.thomasandhutton.com\\\/es\\\/mision-critica\\\/\"]}]},{\"@type\":\"BreadcrumbList\",\"@id\":\"https:\\\/\\\/www.thomasandhutton.com\\\/es\\\/mision-critica\\\/#breadcrumb\",\"itemListElement\":[{\"@type\":\"ListItem\",\"position\":1,\"name\":\"Home\",\"item\":\"https:\\\/\\\/www.thomasandhutton.com\\\/es\\\/inicio\\\/\"},{\"@type\":\"ListItem\",\"position\":2,\"name\":\"Misi\u00f3n cr\u00edtica\"}]},{\"@type\":\"WebSite\",\"@id\":\"https:\\\/\\\/www.thomasandhutton.com\\\/es\\\/#website\",\"url\":\"https:\\\/\\\/www.thomasandhutton.com\\\/es\\\/\",\"name\":\"Thomas & Hutton\",\"description\":\"Engineering | Surveying | Landscape Architecture | GIS | Consulting\",\"publisher\":{\"@id\":\"https:\\\/\\\/www.thomasandhutton.com\\\/es\\\/#organization\"},\"potentialAction\":[{\"@type\":\"SearchAction\",\"target\":{\"@type\":\"EntryPoint\",\"urlTemplate\":\"https:\\\/\\\/www.thomasandhutton.com\\\/es\\\/?s={search_term_string}\"},\"query-input\":{\"@type\":\"PropertyValueSpecification\",\"valueRequired\":true,\"valueName\":\"search_term_string\"}}],\"inLanguage\":\"es\"},{\"@type\":\"Organization\",\"@id\":\"https:\\\/\\\/www.thomasandhutton.com\\\/es\\\/#organization\",\"name\":\"Thomas & Hutton\",\"url\":\"https:\\\/\\\/www.thomasandhutton.com\\\/es\\\/\",\"logo\":{\"@type\":\"ImageObject\",\"inLanguage\":\"es\",\"@id\":\"https:\\\/\\\/www.thomasandhutton.com\\\/es\\\/#\\\/schema\\\/logo\\\/image\\\/\",\"url\":\"https:\\\/\\\/www.thomasandhutton.com\\\/wp-content\\\/uploads\\\/2018\\\/06\\\/TH_LOGO__2.png\",\"contentUrl\":\"https:\\\/\\\/www.thomasandhutton.com\\\/wp-content\\\/uploads\\\/2018\\\/06\\\/TH_LOGO__2.png\",\"width\":141,\"height\":46,\"caption\":\"Thomas & Hutton\"},\"image\":{\"@id\":\"https:\\\/\\\/www.thomasandhutton.com\\\/es\\\/#\\\/schema\\\/logo\\\/image\\\/\"},\"sameAs\":[\"https:\\\/\\\/www.facebook.com\\\/THengineers\\\/\",\"https:\\\/\\\/x.com\\\/thomasandhutton\",\"https:\\\/\\\/www.instagram.com\\\/ThomasandHutton\\\/\",\"https:\\\/\\\/www.linkedin.com\\\/company\\\/thomas-&amp;amp;-hutton-engineering-co.\",\"https:\\\/\\\/www.youtube.com\\\/user\\\/ThomasandHutton\"]}]}<\/script>\n<!-- \/ Yoast SEO plugin. -->","yoast_head_json":{"title":"Dise\u00f1o de centros de datos | Thomas & Hutton","description":"Aprenda a dise\u00f1ar y alimentar instalaciones de misi\u00f3n cr\u00edtica con los servicios especializados de dise\u00f1o de centros de datos de Thomas & Hutton.","robots":{"index":"index","follow":"follow","max-snippet":"max-snippet:-1","max-image-preview":"max-image-preview:large","max-video-preview":"max-video-preview:-1"},"canonical":"https:\/\/www.thomasandhutton.com\/es\/mision-critica\/","og_locale":"es_ES","og_type":"article","og_title":"Dise\u00f1o de centros de datos | Thomas & Hutton","og_description":"Aprenda a dise\u00f1ar y alimentar instalaciones de misi\u00f3n cr\u00edtica con los servicios especializados de dise\u00f1o de centros de datos de Thomas & Hutton.","og_url":"https:\/\/www.thomasandhutton.com\/es\/mision-critica\/","og_site_name":"Thomas &amp; Hutton","article_publisher":"https:\/\/www.facebook.com\/THengineers\/","article_modified_time":"2023-04-20T10:20:59+00:00","twitter_card":"summary_large_image","twitter_site":"@thomasandhutton","twitter_misc":{"Tiempo de lectura":"3 minutos"},"schema":{"@context":"https:\/\/schema.org","@graph":[{"@type":"WebPage","@id":"https:\/\/www.thomasandhutton.com\/es\/mision-critica\/","url":"https:\/\/www.thomasandhutton.com\/es\/mision-critica\/","name":"Dise\u00f1o de centros de datos | Thomas & Hutton","isPartOf":{"@id":"https:\/\/www.thomasandhutton.com\/es\/#website"},"datePublished":"2021-04-19T16:08:33+00:00","dateModified":"2023-04-20T10:20:59+00:00","description":"Aprenda a dise\u00f1ar y alimentar instalaciones de misi\u00f3n cr\u00edtica con los servicios especializados de dise\u00f1o de centros de datos de Thomas & Hutton.","breadcrumb":{"@id":"https:\/\/www.thomasandhutton.com\/es\/mision-critica\/#breadcrumb"},"inLanguage":"es","potentialAction":[{"@type":"ReadAction","target":["https:\/\/www.thomasandhutton.com\/es\/mision-critica\/"]}]},{"@type":"BreadcrumbList","@id":"https:\/\/www.thomasandhutton.com\/es\/mision-critica\/#breadcrumb","itemListElement":[{"@type":"ListItem","position":1,"name":"Home","item":"https:\/\/www.thomasandhutton.com\/es\/inicio\/"},{"@type":"ListItem","position":2,"name":"Misi\u00f3n cr\u00edtica"}]},{"@type":"WebSite","@id":"https:\/\/www.thomasandhutton.com\/es\/#website","url":"https:\/\/www.thomasandhutton.com\/es\/","name":"Thomas & Hutton","description":"Engineering | Surveying | Landscape Architecture | GIS | Consulting","publisher":{"@id":"https:\/\/www.thomasandhutton.com\/es\/#organization"},"potentialAction":[{"@type":"SearchAction","target":{"@type":"EntryPoint","urlTemplate":"https:\/\/www.thomasandhutton.com\/es\/?s={search_term_string}"},"query-input":{"@type":"PropertyValueSpecification","valueRequired":true,"valueName":"search_term_string"}}],"inLanguage":"es"},{"@type":"Organization","@id":"https:\/\/www.thomasandhutton.com\/es\/#organization","name":"Thomas & Hutton","url":"https:\/\/www.thomasandhutton.com\/es\/","logo":{"@type":"ImageObject","inLanguage":"es","@id":"https:\/\/www.thomasandhutton.com\/es\/#\/schema\/logo\/image\/","url":"https:\/\/www.thomasandhutton.com\/wp-content\/uploads\/2018\/06\/TH_LOGO__2.png","contentUrl":"https:\/\/www.thomasandhutton.com\/wp-content\/uploads\/2018\/06\/TH_LOGO__2.png","width":141,"height":46,"caption":"Thomas & Hutton"},"image":{"@id":"https:\/\/www.thomasandhutton.com\/es\/#\/schema\/logo\/image\/"},"sameAs":["https:\/\/www.facebook.com\/THengineers\/","https:\/\/x.com\/thomasandhutton","https:\/\/www.instagram.com\/ThomasandHutton\/","https:\/\/www.linkedin.com\/company\/thomas-&amp;amp;-hutton-engineering-co.","https:\/\/www.youtube.com\/user\/ThomasandHutton"]}]}},"_links":{"self":[{"href":"https:\/\/www.thomasandhutton.com\/es\/wp-json\/wp\/v2\/pages\/22222","targetHints":{"allow":["GET"]}}],"collection":[{"href":"https:\/\/www.thomasandhutton.com\/es\/wp-json\/wp\/v2\/pages"}],"about":[{"href":"https:\/\/www.thomasandhutton.com\/es\/wp-json\/wp\/v2\/types\/page"}],"author":[{"embeddable":true,"href":"https:\/\/www.thomasandhutton.com\/es\/wp-json\/wp\/v2\/users\/8"}],"replies":[{"embeddable":true,"href":"https:\/\/www.thomasandhutton.com\/es\/wp-json\/wp\/v2\/comments?post=22222"}],"version-history":[{"count":7,"href":"https:\/\/www.thomasandhutton.com\/es\/wp-json\/wp\/v2\/pages\/22222\/revisions"}],"predecessor-version":[{"id":27102,"href":"https:\/\/www.thomasandhutton.com\/es\/wp-json\/wp\/v2\/pages\/22222\/revisions\/27102"}],"wp:attachment":[{"href":"https:\/\/www.thomasandhutton.com\/es\/wp-json\/wp\/v2\/media?parent=22222"}],"curies":[{"name":"wp","href":"https:\/\/api.w.org\/{rel}","templated":true}]}}