{"id":22288,"date":"2022-08-13T20:29:32","date_gmt":"2022-08-13T20:29:32","guid":{"rendered":"https:\/\/www.thomasandhutton.com\/puestos-disponibles-categorias\/"},"modified":"2023-03-04T17:23:35","modified_gmt":"2023-03-04T17:23:35","slug":"puestos-disponibles-categorias","status":"publish","type":"page","link":"https:\/\/www.thomasandhutton.com\/es\/puestos-disponibles-categorias\/","title":{"rendered":"Puestos disponibles &#8211; Categor\u00edas"},"content":{"rendered":"<div class=\"wpb-content-wrapper\"><p>[vc_row css_animation=\u00bb\u00bb row_type=\u00bbrow\u00bb use_row_as_full_screen_section=\u00bbno\u00bb type=\u00bbfull_width\u00bb angled_section=\u00bbno\u00bb text_align=\u00bbleft\u00bb background_image_as_pattern=\u00bbwithout_pattern\u00bb background_color=\u00bb#7a9c3e\u00bb z_index=\u00bb\u00bb css=\u00bb.vc_custom_1528832958309{padding-top: 30px !important;padding-bottom: 30px !important;background-color: #799900 !important;}\u00bb][vc_column][vc_single_image image=\u00bb1081&#8243; img_size=\u00bbfull\u00bb alignment=\u00bbcenter\u00bb qode_css_animation=\u00bb\u00bb][vc_column_text]<\/p>\n<h1 style=\"text-align: center;\"><span style=\"color: #ffffff;\">Puestos disponibles<\/span><\/h1>\n<p>[\/vc_column_text][\/vc_column][\/vc_row][vc_row css_animation=\u00bb\u00bb row_type=\u00bbrow\u00bb use_row_as_full_screen_section=\u00bbno\u00bb type=\u00bbgrid\u00bb angled_section=\u00bbno\u00bb text_align=\u00bbleft\u00bb background_image_as_pattern=\u00bbwithout_pattern\u00bb z_index=\u00bb\u00bb css=\u00bb.vc_custom_1660267175024{padding-top: 10px !important;}\u00bb][vc_column width=\u00bb1\/2&#8243;][vc_column_text]<div class='imgtxtItem' style='height:100%;width:100%;'><a href='internships'><img alt='Internships' width='100%' src='https:\/\/www.thomasandhutton.com\/wp-content\/uploads\/2022\/08\/1.Internships-Shane_Henry.png'><div class='imgtxtContent' style='height:100%;width:100%;'><div class='imgtxtTitle'><span>Internships<\/span><\/div><\/div><\/a><\/div><br style='clear:left;'>[\/vc_column_text][vc_column_text]Inicia tu carrera profesional con unas pr\u00e1cticas. Transfiera los conocimientos adquiridos en el aula al mundo profesional que le espera despu\u00e9s de graduarse. Solicitar ahora  &gt;[\/vc_column_text][\/vc_column][vc_column width=\u00bb1\/2&#8243;][vc_column_text]<div class='imgtxtItem' style='height:100%;width:100%;'><a href='2years'><img alt='0 - 2 Years Experience' width='100%' src='https:\/\/www.thomasandhutton.com\/wp-content\/uploads\/2022\/08\/2.0-2-Years-Megan_Shayla_Hazl.png'><div class='imgtxtContent' style='height:100%;width:100%;'><div class='imgtxtTitle'><span>0 - 2 Years Experience<\/span><\/div><\/div><\/a><\/div><br style='clear:left;'>[\/vc_column_text][vc_column_text]Desarrolle sus habilidades profesionales en un entorno impulsado por la colaboraci\u00f3n en equipo. Solicitar ahora&gt;[\/vc_column_text][\/vc_column][\/vc_row][vc_row css_animation=\u00bb\u00bb row_type=\u00bbrow\u00bb use_row_as_full_screen_section=\u00bbno\u00bb type=\u00bbgrid\u00bb angled_section=\u00bbno\u00bb text_align=\u00bbleft\u00bb background_image_as_pattern=\u00bbwithout_pattern\u00bb z_index=\u00bb\u00bb css=\u00bb.vc_custom_1660267175024{padding-top: 10px !important;}\u00bb][vc_column width=\u00bb1\/2&#8243;][vc_column_text]<div class='imgtxtItem' style='height:100%;width:100%;'><a href='9years'><img alt='3 - 9 Years Experience' width='100%' src='https:\/\/www.thomasandhutton.com\/wp-content\/uploads\/2022\/08\/3.3-9-Years-John-Domonic.png'><div class='imgtxtContent' style='height:100%;width:100%;'><div class='imgtxtTitle'><span>3 - 9 Years Experience<\/span><\/div><\/div><\/a><\/div><br style='clear:left;'>[\/vc_column_text][vc_column_text]\u00bfEst\u00e1 pensando en dar un giro a su carrera profesional? Emb\u00e1rquese en un nuevo viaje que le proporcionar\u00e1 nuevos retos y una nueva definici\u00f3n de sus objetivos. Solicitar ahora  &gt;[\/vc_column_text][\/vc_column][vc_column width=\u00bb1\/2&#8243;][vc_column_text]<div class='imgtxtItem' style='height:100%;width:100%;'><a href='10years'><img alt='10+ Years Experience' width='100%' src='https:\/\/www.thomasandhutton.com\/wp-content\/uploads\/2022\/08\/4.10-Plus-Years_Doyle-Glenn-Donnie-Sam.png'><div class='imgtxtContent' style='height:100%;width:100%;'><div class='imgtxtTitle'><span>10+ Years Experience<\/span><\/div><\/div><\/a><\/div><br style='clear:left;'>[\/vc_column_text][vc_column_text]Orientar la estrategia y dirigir equipos que acerquen a nuestra organizaci\u00f3n a la consecuci\u00f3n de objetivos y a lograr un impacto duradero. Solicitar ahora&gt;[\/vc_column_text][\/vc_column][\/vc_row]<\/p>\n<\/div>","protected":false},"excerpt":{"rendered":"<p>[vc_row css_animation=\u00bb\u00bb row_type=\u00bbrow\u00bb use_row_as_full_screen_section=\u00bbno\u00bb type=\u00bbfull_width\u00bb angled_section=\u00bbno\u00bb text_align=\u00bbleft\u00bb background_image_as_pattern=\u00bbwithout_pattern\u00bb background_color=\u00bb#7a9c3e\u00bb z_index=\u00bb\u00bb css=\u00bb.vc_custom_1528832958309{padding-top: 30px !important;padding-bottom: 30px !important;background-color: #799900 !important;}\u00bb][vc_column][vc_single_image image=\u00bb1081&#8243; img_size=\u00bbfull\u00bb alignment=\u00bbcenter\u00bb qode_css_animation=\u00bb\u00bb][vc_column_text] Puestos disponibles [\/vc_column_text][\/vc_column][\/vc_row][vc_row css_animation=\u00bb\u00bb row_type=\u00bbrow\u00bb use_row_as_full_screen_section=\u00bbno\u00bb type=\u00bbgrid\u00bb angled_section=\u00bbno\u00bb text_align=\u00bbleft\u00bb background_image_as_pattern=\u00bbwithout_pattern\u00bb z_index=\u00bb\u00bb css=\u00bb.vc_custom_1660267175024{padding-top: 10px !important;}\u00bb][vc_column width=\u00bb1\/2&#8243;][vc_column_text][\/vc_column_text][vc_column_text]Inicia tu carrera profesional con unas pr\u00e1cticas. Transfiera los conocimientos<\/p>\n","protected":false},"author":6,"featured_media":0,"parent":0,"menu_order":0,"comment_status":"closed","ping_status":"closed","template":"full_width.php","meta":{"content-type":"","footnotes":""},"class_list":["post-22288","page","type-page","status-publish","hentry"],"yoast_head":"<!-- This site is optimized with the Yoast SEO plugin v27.4 - https:\/\/yoast.com\/product\/yoast-seo-wordpress\/ -->\n<title>Puestos disponibles - Categor\u00edas - Thomas &amp; Hutton<\/title>\n<meta name=\"robots\" content=\"index, follow, max-snippet:-1, max-image-preview:large, max-video-preview:-1\" \/>\n<link rel=\"canonical\" href=\"https:\/\/www.thomasandhutton.com\/es\/puestos-disponibles-categorias\/\" \/>\n<meta property=\"og:locale\" content=\"es_ES\" \/>\n<meta property=\"og:type\" content=\"article\" \/>\n<meta property=\"og:title\" content=\"Puestos disponibles - Categor\u00edas - Thomas &amp; Hutton\" \/>\n<meta property=\"og:description\" content=\"[vc_row css_animation=\u00bb\u00bb row_type=\u00bbrow\u00bb use_row_as_full_screen_section=\u00bbno\u00bb type=\u00bbfull_width\u00bb angled_section=\u00bbno\u00bb text_align=\u00bbleft\u00bb background_image_as_pattern=\u00bbwithout_pattern\u00bb background_color=\u00bb#7a9c3e\u00bb z_index=\u00bb\u00bb css=\u00bb.vc_custom_1528832958309{padding-top: 30px !important;padding-bottom: 30px !important;background-color: #799900 !important;}\u00bb][vc_column][vc_single_image image=\u00bb1081&#8243; img_size=\u00bbfull\u00bb alignment=\u00bbcenter\u00bb qode_css_animation=\u00bb\u00bb][vc_column_text] Puestos disponibles [\/vc_column_text][\/vc_column][\/vc_row][vc_row css_animation=\u00bb\u00bb row_type=\u00bbrow\u00bb use_row_as_full_screen_section=\u00bbno\u00bb type=\u00bbgrid\u00bb angled_section=\u00bbno\u00bb text_align=\u00bbleft\u00bb background_image_as_pattern=\u00bbwithout_pattern\u00bb z_index=\u00bb\u00bb css=\u00bb.vc_custom_1660267175024{padding-top: 10px !important;}\u00bb][vc_column width=\u00bb1\/2&#8243;][vc_column_text][\/vc_column_text][vc_column_text]Inicia tu carrera profesional con unas pr\u00e1cticas. Transfiera los conocimientos\" \/>\n<meta property=\"og:url\" content=\"https:\/\/www.thomasandhutton.com\/es\/puestos-disponibles-categorias\/\" \/>\n<meta property=\"og:site_name\" content=\"Thomas &amp; Hutton\" \/>\n<meta property=\"article:publisher\" content=\"https:\/\/www.facebook.com\/THengineers\/\" \/>\n<meta property=\"article:modified_time\" content=\"2023-03-04T17:23:35+00:00\" \/>\n<meta name=\"twitter:card\" content=\"summary_large_image\" \/>\n<meta name=\"twitter:site\" content=\"@thomasandhutton\" \/>\n<meta name=\"twitter:label1\" content=\"Tiempo de lectura\" \/>\n\t<meta name=\"twitter:data1\" content=\"2 minutos\" \/>\n<script type=\"application\/ld+json\" class=\"yoast-schema-graph\">{\"@context\":\"https:\\\/\\\/schema.org\",\"@graph\":[{\"@type\":\"WebPage\",\"@id\":\"https:\\\/\\\/www.thomasandhutton.com\\\/es\\\/puestos-disponibles-categorias\\\/\",\"url\":\"https:\\\/\\\/www.thomasandhutton.com\\\/es\\\/puestos-disponibles-categorias\\\/\",\"name\":\"Puestos disponibles - Categor\u00edas - Thomas &amp; Hutton\",\"isPartOf\":{\"@id\":\"https:\\\/\\\/www.thomasandhutton.com\\\/es\\\/#website\"},\"datePublished\":\"2022-08-13T20:29:32+00:00\",\"dateModified\":\"2023-03-04T17:23:35+00:00\",\"breadcrumb\":{\"@id\":\"https:\\\/\\\/www.thomasandhutton.com\\\/es\\\/puestos-disponibles-categorias\\\/#breadcrumb\"},\"inLanguage\":\"es\",\"potentialAction\":[{\"@type\":\"ReadAction\",\"target\":[\"https:\\\/\\\/www.thomasandhutton.com\\\/es\\\/puestos-disponibles-categorias\\\/\"]}]},{\"@type\":\"BreadcrumbList\",\"@id\":\"https:\\\/\\\/www.thomasandhutton.com\\\/es\\\/puestos-disponibles-categorias\\\/#breadcrumb\",\"itemListElement\":[{\"@type\":\"ListItem\",\"position\":1,\"name\":\"Home\",\"item\":\"https:\\\/\\\/www.thomasandhutton.com\\\/es\\\/inicio\\\/\"},{\"@type\":\"ListItem\",\"position\":2,\"name\":\"Puestos disponibles &#8211; Categor\u00edas\"}]},{\"@type\":\"WebSite\",\"@id\":\"https:\\\/\\\/www.thomasandhutton.com\\\/es\\\/#website\",\"url\":\"https:\\\/\\\/www.thomasandhutton.com\\\/es\\\/\",\"name\":\"Thomas & Hutton\",\"description\":\"Engineering | Surveying | Landscape Architecture | GIS | Consulting\",\"publisher\":{\"@id\":\"https:\\\/\\\/www.thomasandhutton.com\\\/es\\\/#organization\"},\"potentialAction\":[{\"@type\":\"SearchAction\",\"target\":{\"@type\":\"EntryPoint\",\"urlTemplate\":\"https:\\\/\\\/www.thomasandhutton.com\\\/es\\\/?s={search_term_string}\"},\"query-input\":{\"@type\":\"PropertyValueSpecification\",\"valueRequired\":true,\"valueName\":\"search_term_string\"}}],\"inLanguage\":\"es\"},{\"@type\":\"Organization\",\"@id\":\"https:\\\/\\\/www.thomasandhutton.com\\\/es\\\/#organization\",\"name\":\"Thomas & Hutton\",\"url\":\"https:\\\/\\\/www.thomasandhutton.com\\\/es\\\/\",\"logo\":{\"@type\":\"ImageObject\",\"inLanguage\":\"es\",\"@id\":\"https:\\\/\\\/www.thomasandhutton.com\\\/es\\\/#\\\/schema\\\/logo\\\/image\\\/\",\"url\":\"https:\\\/\\\/www.thomasandhutton.com\\\/wp-content\\\/uploads\\\/2018\\\/06\\\/TH_LOGO__2.png\",\"contentUrl\":\"https:\\\/\\\/www.thomasandhutton.com\\\/wp-content\\\/uploads\\\/2018\\\/06\\\/TH_LOGO__2.png\",\"width\":141,\"height\":46,\"caption\":\"Thomas & Hutton\"},\"image\":{\"@id\":\"https:\\\/\\\/www.thomasandhutton.com\\\/es\\\/#\\\/schema\\\/logo\\\/image\\\/\"},\"sameAs\":[\"https:\\\/\\\/www.facebook.com\\\/THengineers\\\/\",\"https:\\\/\\\/x.com\\\/thomasandhutton\",\"https:\\\/\\\/www.instagram.com\\\/ThomasandHutton\\\/\",\"https:\\\/\\\/www.linkedin.com\\\/company\\\/thomas-&amp;amp;-hutton-engineering-co.\",\"https:\\\/\\\/www.youtube.com\\\/user\\\/ThomasandHutton\"]}]}<\/script>\n<!-- \/ Yoast SEO plugin. -->","yoast_head_json":{"title":"Puestos disponibles - Categor\u00edas - Thomas &amp; Hutton","robots":{"index":"index","follow":"follow","max-snippet":"max-snippet:-1","max-image-preview":"max-image-preview:large","max-video-preview":"max-video-preview:-1"},"canonical":"https:\/\/www.thomasandhutton.com\/es\/puestos-disponibles-categorias\/","og_locale":"es_ES","og_type":"article","og_title":"Puestos disponibles - Categor\u00edas - Thomas &amp; Hutton","og_description":"[vc_row css_animation=\u00bb\u00bb row_type=\u00bbrow\u00bb use_row_as_full_screen_section=\u00bbno\u00bb type=\u00bbfull_width\u00bb angled_section=\u00bbno\u00bb text_align=\u00bbleft\u00bb background_image_as_pattern=\u00bbwithout_pattern\u00bb background_color=\u00bb#7a9c3e\u00bb z_index=\u00bb\u00bb css=\u00bb.vc_custom_1528832958309{padding-top: 30px !important;padding-bottom: 30px !important;background-color: #799900 !important;}\u00bb][vc_column][vc_single_image image=\u00bb1081&#8243; img_size=\u00bbfull\u00bb alignment=\u00bbcenter\u00bb qode_css_animation=\u00bb\u00bb][vc_column_text] Puestos disponibles [\/vc_column_text][\/vc_column][\/vc_row][vc_row css_animation=\u00bb\u00bb row_type=\u00bbrow\u00bb use_row_as_full_screen_section=\u00bbno\u00bb type=\u00bbgrid\u00bb angled_section=\u00bbno\u00bb text_align=\u00bbleft\u00bb background_image_as_pattern=\u00bbwithout_pattern\u00bb z_index=\u00bb\u00bb css=\u00bb.vc_custom_1660267175024{padding-top: 10px !important;}\u00bb][vc_column width=\u00bb1\/2&#8243;][vc_column_text][\/vc_column_text][vc_column_text]Inicia tu carrera profesional con unas pr\u00e1cticas. Transfiera los conocimientos","og_url":"https:\/\/www.thomasandhutton.com\/es\/puestos-disponibles-categorias\/","og_site_name":"Thomas &amp; Hutton","article_publisher":"https:\/\/www.facebook.com\/THengineers\/","article_modified_time":"2023-03-04T17:23:35+00:00","twitter_card":"summary_large_image","twitter_site":"@thomasandhutton","twitter_misc":{"Tiempo de lectura":"2 minutos"},"schema":{"@context":"https:\/\/schema.org","@graph":[{"@type":"WebPage","@id":"https:\/\/www.thomasandhutton.com\/es\/puestos-disponibles-categorias\/","url":"https:\/\/www.thomasandhutton.com\/es\/puestos-disponibles-categorias\/","name":"Puestos disponibles - Categor\u00edas - Thomas &amp; Hutton","isPartOf":{"@id":"https:\/\/www.thomasandhutton.com\/es\/#website"},"datePublished":"2022-08-13T20:29:32+00:00","dateModified":"2023-03-04T17:23:35+00:00","breadcrumb":{"@id":"https:\/\/www.thomasandhutton.com\/es\/puestos-disponibles-categorias\/#breadcrumb"},"inLanguage":"es","potentialAction":[{"@type":"ReadAction","target":["https:\/\/www.thomasandhutton.com\/es\/puestos-disponibles-categorias\/"]}]},{"@type":"BreadcrumbList","@id":"https:\/\/www.thomasandhutton.com\/es\/puestos-disponibles-categorias\/#breadcrumb","itemListElement":[{"@type":"ListItem","position":1,"name":"Home","item":"https:\/\/www.thomasandhutton.com\/es\/inicio\/"},{"@type":"ListItem","position":2,"name":"Puestos disponibles &#8211; Categor\u00edas"}]},{"@type":"WebSite","@id":"https:\/\/www.thomasandhutton.com\/es\/#website","url":"https:\/\/www.thomasandhutton.com\/es\/","name":"Thomas & Hutton","description":"Engineering | Surveying | Landscape Architecture | GIS | Consulting","publisher":{"@id":"https:\/\/www.thomasandhutton.com\/es\/#organization"},"potentialAction":[{"@type":"SearchAction","target":{"@type":"EntryPoint","urlTemplate":"https:\/\/www.thomasandhutton.com\/es\/?s={search_term_string}"},"query-input":{"@type":"PropertyValueSpecification","valueRequired":true,"valueName":"search_term_string"}}],"inLanguage":"es"},{"@type":"Organization","@id":"https:\/\/www.thomasandhutton.com\/es\/#organization","name":"Thomas & Hutton","url":"https:\/\/www.thomasandhutton.com\/es\/","logo":{"@type":"ImageObject","inLanguage":"es","@id":"https:\/\/www.thomasandhutton.com\/es\/#\/schema\/logo\/image\/","url":"https:\/\/www.thomasandhutton.com\/wp-content\/uploads\/2018\/06\/TH_LOGO__2.png","contentUrl":"https:\/\/www.thomasandhutton.com\/wp-content\/uploads\/2018\/06\/TH_LOGO__2.png","width":141,"height":46,"caption":"Thomas & Hutton"},"image":{"@id":"https:\/\/www.thomasandhutton.com\/es\/#\/schema\/logo\/image\/"},"sameAs":["https:\/\/www.facebook.com\/THengineers\/","https:\/\/x.com\/thomasandhutton","https:\/\/www.instagram.com\/ThomasandHutton\/","https:\/\/www.linkedin.com\/company\/thomas-&amp;amp;-hutton-engineering-co.","https:\/\/www.youtube.com\/user\/ThomasandHutton"]}]}},"_links":{"self":[{"href":"https:\/\/www.thomasandhutton.com\/es\/wp-json\/wp\/v2\/pages\/22288","targetHints":{"allow":["GET"]}}],"collection":[{"href":"https:\/\/www.thomasandhutton.com\/es\/wp-json\/wp\/v2\/pages"}],"about":[{"href":"https:\/\/www.thomasandhutton.com\/es\/wp-json\/wp\/v2\/types\/page"}],"author":[{"embeddable":true,"href":"https:\/\/www.thomasandhutton.com\/es\/wp-json\/wp\/v2\/users\/6"}],"replies":[{"embeddable":true,"href":"https:\/\/www.thomasandhutton.com\/es\/wp-json\/wp\/v2\/comments?post=22288"}],"version-history":[{"count":10,"href":"https:\/\/www.thomasandhutton.com\/es\/wp-json\/wp\/v2\/pages\/22288\/revisions"}],"predecessor-version":[{"id":22397,"href":"https:\/\/www.thomasandhutton.com\/es\/wp-json\/wp\/v2\/pages\/22288\/revisions\/22397"}],"wp:attachment":[{"href":"https:\/\/www.thomasandhutton.com\/es\/wp-json\/wp\/v2\/media?parent=22288"}],"curies":[{"name":"wp","href":"https:\/\/api.w.org\/{rel}","templated":true}]}}