{"id":22307,"date":"2021-05-07T16:01:25","date_gmt":"2021-05-07T16:01:25","guid":{"rendered":"https:\/\/www.thomasandhutton.com\/timothy-downs\/"},"modified":"2023-04-17T14:55:05","modified_gmt":"2023-04-17T14:55:05","slug":"timothy-downs","status":"publish","type":"page","link":"https:\/\/www.thomasandhutton.com\/es\/timothy-downs\/","title":{"rendered":"Timothy Downs"},"content":{"rendered":"<div class=\"wpb-content-wrapper\"><p>[vc_row css_animation=\u00bb\u00bb row_type=\u00bbrow\u00bb use_row_as_full_screen_section=\u00bbno\u00bb type=\u00bbfull_width\u00bb angled_section=\u00bbno\u00bb text_align=\u00bbleft\u00bb background_image_as_pattern=\u00bbwithout_pattern\u00bb background_color=\u00bb#799900&#8243; z_index=\u00bb\u00bb css=\u00bb.vc_custom_1523400287498{padding-top: 30px !important;padding-bottom: 30px !important;background-color: #799900 !important;}\u00bb][vc_column][vc_single_image image=\u00bb2122&#8243; img_size=\u00bbfull\u00bb alignment=\u00bbcenter\u00bb qode_css_animation=\u00bb\u00bb][vc_column_text]<\/p>\n<h2 style=\"text-align: center;\"><span style=\"color: #ffffff;\">Nuestra gente<\/span><\/h2>\n<p>[\/vc_column_text][\/vc_column][\/vc_row][vc_row css_animation=\u00bb\u00bb row_type=\u00bbrow\u00bb use_row_as_full_screen_section=\u00bbno\u00bb type=\u00bbfull_width\u00bb angled_section=\u00bbno\u00bb text_align=\u00bbleft\u00bb background_image_as_pattern=\u00bbwithout_pattern\u00bb][vc_column][vc_empty_space height=\u00bb50px\u00bb][\/vc_column][\/vc_row][vc_row css_animation=\u00bb\u00bb row_type=\u00bbrow\u00bb use_row_as_full_screen_section=\u00bbyes\u00bb type=\u00bbfull_width\u00bb angled_section=\u00bbno\u00bb text_align=\u00bbleft\u00bb background_image_as_pattern=\u00bbwithout_pattern\u00bb z_index=\u00bb\u00bb][vc_column width=\u00bb2\/3&#8243; css=\u00bb.vc_custom_1528055156145{padding-right: 5% !important;padding-left: 15% !important;}\u00bb][vc_column_text css=\u00bb.vc_custom_1620402947966{padding-top: 8px !important;}\u00bb]<\/p>\n<h1><span style=\"color: #000000;\"><b>TIMOTHY DOWNS<\/b><\/span><\/h1>\n<p>[\/vc_column_text][vc_column_text]<em>\u00abPeter Drucker dijo: &#8216;El recurso definitivo en el desarrollo econ\u00f3mico son las personas&#8217;. Me encanta ser una de esas personas. Me encanta formar parte del proceso de mejora del bienestar econ\u00f3mico de una comunidad y, por ende, de la vida de las personas que viven, trabajan, aprenden o juegan en ella. Colaborar con comunidades y l\u00edderes de toda Carolina del Norte es incre\u00edblemente gratificante\u00bb. <\/em>[\/vc_column_text][vc_empty_space height=\u00bb25px\u00bb][vc_column_text]Timothy Downs se incorpor\u00f3 a Thomas &amp; Hutton como Director Regional de Desarrollo Econ\u00f3mico de Carolina del Norte en 2021. Timothy encabeza las actividades de desarrollo econ\u00f3mico de Thomas &amp; Hutton en Carolina del Norte. En colaboraci\u00f3n con agencias de desarrollo econ\u00f3mico locales y estatales, Timothy ayuda a sus clientes a desarrollar una visi\u00f3n para atraer industrias que se expandan en sus comunidades mediante servicios polifac\u00e9ticos de ingenier\u00eda que incluyen an\u00e1lisis del terreno, planificaci\u00f3n y dise\u00f1o, y asistencia en la selecci\u00f3n de emplazamientos. Cuenta con casi 20 a\u00f1os de experiencia p\u00fablica profesional en el campo del desarrollo econ\u00f3mico, que incluye programas de atracci\u00f3n, retenci\u00f3n y expansi\u00f3n de empresas de ciencias biol\u00f3gicas, fabricaci\u00f3n, aeroespacial, sanidad y peque\u00f1as empresas. Entre los cargos anteriores de Timothy figuran los de Vicepresidente Superior de Desarrollo Econ\u00f3mico de la C\u00e1mara de Comercio de Durham, Director de Desarrollo Econ\u00f3mico del condado de Craven (Carolina del Norte), Director Ejecutivo de la Craven 100 Alliance y Subdirector de la Oficina de Desarrollo Econ\u00f3mico de la ciudad de Dayton (Ohio). Licenciado en Derecho en Ohio y Carolina del Norte, Timothy se licenci\u00f3 en Derecho por la Thomas M. Cooley Law School de Lansing (Michigan) y en Zoolog\u00eda por la North Carolina State University. Timothy participa activamente en varias iniciativas comunitarias. Es miembro fundador del Craven Pamlico Re-entry Council (Craven County, NC). Tambi\u00e9n es Director y Secretario del Consejo de Administraci\u00f3n de StepUp Durham. Timothy es miembro desde hace mucho tiempo de la Asociaci\u00f3n de Promotores Econ\u00f3micos de Carolina del Norte, as\u00ed como de NAIOP.[\/vc_column_text][vc_row_inner row_type=\u00bbrow\u00bb type=\u00bbfull_width\u00bb text_align=\u00bbleft\u00bb css_animation=\u00bb\u00bb][vc_column_inner][vc_empty_space height=\u00bb50px\u00bb][\/vc_column_inner][\/vc_row_inner][vc_row_inner row_type=\u00bbrow\u00bb type=\u00bbfull_width\u00bb text_align=\u00bbleft\u00bb css_animation=\u00bb\u00bb][vc_column_inner width=\u00bb1\/4&#8243;][\/vc_column_inner][vc_column_inner width=\u00bb1\/2&#8243;][\/vc_column_inner][vc_column_inner width=\u00bb1\/4&#8243;][vc_column_text]<span data-type=\"normal\"  class=\"qode_icon_shortcode  q_font_awsome_icon   \" style=\" \"><i class=\"qode_icon_font_awesome fa fa-long-arrow-right qode_icon_element\" style=\"color: #799900;\" ><\/i><\/span><a href=\"https:\/\/www.thomasandhutton.com\/es\/nuestra-gente\/\"><strong><span style=\"color: #799900;\">A NUESTRA GENTE<\/span><\/strong><\/a>[\/vc_column_text][\/vc_column_inner][\/vc_row_inner][\/vc_column][vc_column width=\u00bb1\/3&#8243;][vc_single_image image=\u00bb7845&#8243; img_size=\u00bb420 x 275&#8243; qode_css_animation=\u00bb\u00bb][vc_column_text]<strong>Director Regional de Desarrollo Econ\u00f3mico de Carolina del Norte <\/strong><\/p>\n<p><span style=\"font-weight: 400;\"><strong>p<\/strong> 252-725-0289 <\/span><\/p>\n<p><span style=\"font-weight: 400;\"><strong>e<\/strong> <a href=\"mailto:downs.t@tandh.com\">downs.t@tandh.com<\/a><\/span><\/p>\n<p><strong>c<\/strong> <a href=\"https:\/\/www.thomasandhutton.com\/vcards\/TimothyDowns.vcf\">vCard<\/a>[\/vc_column_text][\/vc_column][\/vc_row][vc_row css_animation=\u00bb\u00bb row_type=\u00bbrow\u00bb use_row_as_full_screen_section=\u00bbno\u00bb type=\u00bbfull_width\u00bb angled_section=\u00bbno\u00bb text_align=\u00bbleft\u00bb background_image_as_pattern=\u00bbwithout_pattern\u00bb][vc_column][vc_empty_space height=\u00bb50px\u00bb][\/vc_column][\/vc_row][vc_row css_animation=\u00bb\u00bb row_type=\u00bbrow\u00bb use_row_as_full_screen_section=\u00bbno\u00bb type=\u00bbfull_width\u00bb angled_section=\u00bbno\u00bb text_align=\u00bbleft\u00bb background_image_as_pattern=\u00bbwithout_pattern\u00bb][vc_column][vc_raw_html]PHNjcmlwdCB0eXBlPSJhcHBsaWNhdGlvbi9sZCtqc29uIj57CgkiQGNvbnRleHQiOiAiaHR0cDovL3NjaGVtYS5vcmciLAoJIkB0eXBlIjogIlBlcnNvbiIsCgkiZmFtaWx5TmFtZSI6ICJET1dOUyIsCgkiZ2l2ZW5OYW1lIjogIlRJTU9USFkiLAoJIndvcmtzRm9yIjogImh0dHBzOi8vd3d3LnRob21hc2FuZGh1dHRvbi5jb20vIiwKCSJqb2JUaXRsZSI6ICJSZWdpb25hbCBEaXJlY3RvciBmb3IgTm9ydGggQ2Fyb2xpbmEgRWNvbm9taWMgRGV2ZWxvcG1lbnQiLAoJImFsdW1uaU9mIjogImh0dHBzOi8vd3d3Lm5jc3UuZWR1LyIsCgkiaW1hZ2UiOiAiaHR0cHM6Ly93d3cudGhvbWFzYW5kaHV0dG9uLmNvbS93cC1jb250ZW50L3VwbG9hZHMvMjAyMS8wNS9Qcm9maWxlLVRpbW90aHktRG93bnMtNDIweDI3NS5qcGciLAoJImdlbmRlciI6ICJodHRwOi8vc2NoZW1hLm9yZy9NYWxlIgp9Cjwvc2NyaXB0Pg==[\/vc_raw_html][\/vc_column][\/vc_row]<\/p>\n<\/div>","protected":false},"excerpt":{"rendered":"<p>[vc_row css_animation=\u00bb\u00bb row_type=\u00bbrow\u00bb use_row_as_full_screen_section=\u00bbno\u00bb type=\u00bbfull_width\u00bb angled_section=\u00bbno\u00bb text_align=\u00bbleft\u00bb background_image_as_pattern=\u00bbwithout_pattern\u00bb background_color=\u00bb#799900&#8243; z_index=\u00bb\u00bb css=\u00bb.vc_custom_1523400287498{padding-top: 30px !important;padding-bottom: 30px !important;background-color: #799900 !important;}\u00bb][vc_column][vc_single_image image=\u00bb2122&#8243; img_size=\u00bbfull\u00bb alignment=\u00bbcenter\u00bb qode_css_animation=\u00bb\u00bb][vc_column_text] Nuestra gente [\/vc_column_text][\/vc_column][\/vc_row][vc_row css_animation=\u00bb\u00bb row_type=\u00bbrow\u00bb use_row_as_full_screen_section=\u00bbno\u00bb type=\u00bbfull_width\u00bb angled_section=\u00bbno\u00bb text_align=\u00bbleft\u00bb background_image_as_pattern=\u00bbwithout_pattern\u00bb][vc_column][vc_empty_space height=\u00bb50px\u00bb][\/vc_column][\/vc_row][vc_row css_animation=\u00bb\u00bb row_type=\u00bbrow\u00bb use_row_as_full_screen_section=\u00bbyes\u00bb type=\u00bbfull_width\u00bb angled_section=\u00bbno\u00bb text_align=\u00bbleft\u00bb background_image_as_pattern=\u00bbwithout_pattern\u00bb z_index=\u00bb\u00bb][vc_column width=\u00bb2\/3&#8243; css=\u00bb.vc_custom_1528055156145{padding-right: 5% !important;padding-left: 15%<\/p>\n","protected":false},"author":8,"featured_media":0,"parent":0,"menu_order":0,"comment_status":"closed","ping_status":"closed","template":"full_width.php","meta":{"content-type":"","footnotes":""},"class_list":["post-22307","page","type-page","status-publish","hentry"],"yoast_head":"<!-- This site is optimized with the Yoast SEO plugin v27.6 - https:\/\/yoast.com\/product\/yoast-seo-wordpress\/ -->\n<title>Timothy Downs - Director Regional de Desarrollo Econ\u00f3mico de Thomas &amp; Hutton<\/title>\n<meta name=\"description\" content=\"Timothy encabeza las actividades de desarrollo econ\u00f3mico de Thomas &amp; Hutton en Carolina del Norte. Colaboraci\u00f3n con agencias de desarrollo econ\u00f3mico locales y estatales. Haga clic aqu\u00ed para saber m\u00e1s sobre Timothy.\" \/>\n<meta name=\"robots\" content=\"index, follow, max-snippet:-1, max-image-preview:large, max-video-preview:-1\" \/>\n<link rel=\"canonical\" href=\"https:\/\/www.thomasandhutton.com\/es\/timothy-downs\/\" \/>\n<meta property=\"og:locale\" content=\"es_ES\" \/>\n<meta property=\"og:type\" content=\"article\" \/>\n<meta property=\"og:title\" content=\"Timothy Downs - Director Regional de Desarrollo Econ\u00f3mico de Thomas &amp; Hutton\" \/>\n<meta property=\"og:description\" content=\"Timothy encabeza las actividades de desarrollo econ\u00f3mico de Thomas &amp; Hutton en Carolina del Norte. Colaboraci\u00f3n con agencias de desarrollo econ\u00f3mico locales y estatales. Haga clic aqu\u00ed para saber m\u00e1s sobre Timothy.\" \/>\n<meta property=\"og:url\" content=\"https:\/\/www.thomasandhutton.com\/es\/timothy-downs\/\" \/>\n<meta property=\"og:site_name\" content=\"Thomas &amp; Hutton\" \/>\n<meta property=\"article:publisher\" content=\"https:\/\/www.facebook.com\/THengineers\/\" \/>\n<meta property=\"article:modified_time\" content=\"2023-04-17T14:55:05+00:00\" \/>\n<meta name=\"twitter:card\" content=\"summary_large_image\" \/>\n<meta name=\"twitter:site\" content=\"@thomasandhutton\" \/>\n<meta name=\"twitter:label1\" content=\"Tiempo de lectura\" \/>\n\t<meta name=\"twitter:data1\" content=\"2 minutos\" \/>\n<script type=\"application\/ld+json\" class=\"yoast-schema-graph\">{\"@context\":\"https:\\\/\\\/schema.org\",\"@graph\":[{\"@type\":\"WebPage\",\"@id\":\"https:\\\/\\\/www.thomasandhutton.com\\\/es\\\/timothy-downs\\\/\",\"url\":\"https:\\\/\\\/www.thomasandhutton.com\\\/es\\\/timothy-downs\\\/\",\"name\":\"Timothy Downs - Director Regional de Desarrollo Econ\u00f3mico de Thomas & Hutton\",\"isPartOf\":{\"@id\":\"https:\\\/\\\/www.thomasandhutton.com\\\/es\\\/#website\"},\"datePublished\":\"2021-05-07T16:01:25+00:00\",\"dateModified\":\"2023-04-17T14:55:05+00:00\",\"description\":\"Timothy encabeza las actividades de desarrollo econ\u00f3mico de Thomas & Hutton en Carolina del Norte. Colaboraci\u00f3n con agencias de desarrollo econ\u00f3mico locales y estatales. Haga clic aqu\u00ed para saber m\u00e1s sobre Timothy.\",\"breadcrumb\":{\"@id\":\"https:\\\/\\\/www.thomasandhutton.com\\\/es\\\/timothy-downs\\\/#breadcrumb\"},\"inLanguage\":\"es\",\"potentialAction\":[{\"@type\":\"ReadAction\",\"target\":[\"https:\\\/\\\/www.thomasandhutton.com\\\/es\\\/timothy-downs\\\/\"]}]},{\"@type\":\"BreadcrumbList\",\"@id\":\"https:\\\/\\\/www.thomasandhutton.com\\\/es\\\/timothy-downs\\\/#breadcrumb\",\"itemListElement\":[{\"@type\":\"ListItem\",\"position\":1,\"name\":\"Home\",\"item\":\"https:\\\/\\\/www.thomasandhutton.com\\\/es\\\/inicio\\\/\"},{\"@type\":\"ListItem\",\"position\":2,\"name\":\"Timothy Downs\"}]},{\"@type\":\"WebSite\",\"@id\":\"https:\\\/\\\/www.thomasandhutton.com\\\/es\\\/#website\",\"url\":\"https:\\\/\\\/www.thomasandhutton.com\\\/es\\\/\",\"name\":\"Thomas & Hutton\",\"description\":\"Engineering | Surveying | Landscape Architecture | GIS | Consulting\",\"publisher\":{\"@id\":\"https:\\\/\\\/www.thomasandhutton.com\\\/es\\\/#organization\"},\"potentialAction\":[{\"@type\":\"SearchAction\",\"target\":{\"@type\":\"EntryPoint\",\"urlTemplate\":\"https:\\\/\\\/www.thomasandhutton.com\\\/es\\\/?s={search_term_string}\"},\"query-input\":{\"@type\":\"PropertyValueSpecification\",\"valueRequired\":true,\"valueName\":\"search_term_string\"}}],\"inLanguage\":\"es\"},{\"@type\":\"Organization\",\"@id\":\"https:\\\/\\\/www.thomasandhutton.com\\\/es\\\/#organization\",\"name\":\"Thomas & Hutton\",\"url\":\"https:\\\/\\\/www.thomasandhutton.com\\\/es\\\/\",\"logo\":{\"@type\":\"ImageObject\",\"inLanguage\":\"es\",\"@id\":\"https:\\\/\\\/www.thomasandhutton.com\\\/es\\\/#\\\/schema\\\/logo\\\/image\\\/\",\"url\":\"https:\\\/\\\/www.thomasandhutton.com\\\/wp-content\\\/uploads\\\/2018\\\/06\\\/TH_LOGO__2.png\",\"contentUrl\":\"https:\\\/\\\/www.thomasandhutton.com\\\/wp-content\\\/uploads\\\/2018\\\/06\\\/TH_LOGO__2.png\",\"width\":141,\"height\":46,\"caption\":\"Thomas & Hutton\"},\"image\":{\"@id\":\"https:\\\/\\\/www.thomasandhutton.com\\\/es\\\/#\\\/schema\\\/logo\\\/image\\\/\"},\"sameAs\":[\"https:\\\/\\\/www.facebook.com\\\/THengineers\\\/\",\"https:\\\/\\\/x.com\\\/thomasandhutton\",\"https:\\\/\\\/www.instagram.com\\\/ThomasandHutton\\\/\",\"https:\\\/\\\/www.linkedin.com\\\/company\\\/thomas-&amp;amp;-hutton-engineering-co.\",\"https:\\\/\\\/www.youtube.com\\\/user\\\/ThomasandHutton\"]}]}<\/script>\n<!-- \/ Yoast SEO plugin. -->","yoast_head_json":{"title":"Timothy Downs - Director Regional de Desarrollo Econ\u00f3mico de Thomas & Hutton","description":"Timothy encabeza las actividades de desarrollo econ\u00f3mico de Thomas & Hutton en Carolina del Norte. Colaboraci\u00f3n con agencias de desarrollo econ\u00f3mico locales y estatales. Haga clic aqu\u00ed para saber m\u00e1s sobre Timothy.","robots":{"index":"index","follow":"follow","max-snippet":"max-snippet:-1","max-image-preview":"max-image-preview:large","max-video-preview":"max-video-preview:-1"},"canonical":"https:\/\/www.thomasandhutton.com\/es\/timothy-downs\/","og_locale":"es_ES","og_type":"article","og_title":"Timothy Downs - Director Regional de Desarrollo Econ\u00f3mico de Thomas & Hutton","og_description":"Timothy encabeza las actividades de desarrollo econ\u00f3mico de Thomas & Hutton en Carolina del Norte. Colaboraci\u00f3n con agencias de desarrollo econ\u00f3mico locales y estatales. Haga clic aqu\u00ed para saber m\u00e1s sobre Timothy.","og_url":"https:\/\/www.thomasandhutton.com\/es\/timothy-downs\/","og_site_name":"Thomas &amp; Hutton","article_publisher":"https:\/\/www.facebook.com\/THengineers\/","article_modified_time":"2023-04-17T14:55:05+00:00","twitter_card":"summary_large_image","twitter_site":"@thomasandhutton","twitter_misc":{"Tiempo de lectura":"2 minutos"},"schema":{"@context":"https:\/\/schema.org","@graph":[{"@type":"WebPage","@id":"https:\/\/www.thomasandhutton.com\/es\/timothy-downs\/","url":"https:\/\/www.thomasandhutton.com\/es\/timothy-downs\/","name":"Timothy Downs - Director Regional de Desarrollo Econ\u00f3mico de Thomas & Hutton","isPartOf":{"@id":"https:\/\/www.thomasandhutton.com\/es\/#website"},"datePublished":"2021-05-07T16:01:25+00:00","dateModified":"2023-04-17T14:55:05+00:00","description":"Timothy encabeza las actividades de desarrollo econ\u00f3mico de Thomas & Hutton en Carolina del Norte. Colaboraci\u00f3n con agencias de desarrollo econ\u00f3mico locales y estatales. Haga clic aqu\u00ed para saber m\u00e1s sobre Timothy.","breadcrumb":{"@id":"https:\/\/www.thomasandhutton.com\/es\/timothy-downs\/#breadcrumb"},"inLanguage":"es","potentialAction":[{"@type":"ReadAction","target":["https:\/\/www.thomasandhutton.com\/es\/timothy-downs\/"]}]},{"@type":"BreadcrumbList","@id":"https:\/\/www.thomasandhutton.com\/es\/timothy-downs\/#breadcrumb","itemListElement":[{"@type":"ListItem","position":1,"name":"Home","item":"https:\/\/www.thomasandhutton.com\/es\/inicio\/"},{"@type":"ListItem","position":2,"name":"Timothy Downs"}]},{"@type":"WebSite","@id":"https:\/\/www.thomasandhutton.com\/es\/#website","url":"https:\/\/www.thomasandhutton.com\/es\/","name":"Thomas & Hutton","description":"Engineering | Surveying | Landscape Architecture | GIS | Consulting","publisher":{"@id":"https:\/\/www.thomasandhutton.com\/es\/#organization"},"potentialAction":[{"@type":"SearchAction","target":{"@type":"EntryPoint","urlTemplate":"https:\/\/www.thomasandhutton.com\/es\/?s={search_term_string}"},"query-input":{"@type":"PropertyValueSpecification","valueRequired":true,"valueName":"search_term_string"}}],"inLanguage":"es"},{"@type":"Organization","@id":"https:\/\/www.thomasandhutton.com\/es\/#organization","name":"Thomas & Hutton","url":"https:\/\/www.thomasandhutton.com\/es\/","logo":{"@type":"ImageObject","inLanguage":"es","@id":"https:\/\/www.thomasandhutton.com\/es\/#\/schema\/logo\/image\/","url":"https:\/\/www.thomasandhutton.com\/wp-content\/uploads\/2018\/06\/TH_LOGO__2.png","contentUrl":"https:\/\/www.thomasandhutton.com\/wp-content\/uploads\/2018\/06\/TH_LOGO__2.png","width":141,"height":46,"caption":"Thomas & Hutton"},"image":{"@id":"https:\/\/www.thomasandhutton.com\/es\/#\/schema\/logo\/image\/"},"sameAs":["https:\/\/www.facebook.com\/THengineers\/","https:\/\/x.com\/thomasandhutton","https:\/\/www.instagram.com\/ThomasandHutton\/","https:\/\/www.linkedin.com\/company\/thomas-&amp;amp;-hutton-engineering-co.","https:\/\/www.youtube.com\/user\/ThomasandHutton"]}]}},"_links":{"self":[{"href":"https:\/\/www.thomasandhutton.com\/es\/wp-json\/wp\/v2\/pages\/22307","targetHints":{"allow":["GET"]}}],"collection":[{"href":"https:\/\/www.thomasandhutton.com\/es\/wp-json\/wp\/v2\/pages"}],"about":[{"href":"https:\/\/www.thomasandhutton.com\/es\/wp-json\/wp\/v2\/types\/page"}],"author":[{"embeddable":true,"href":"https:\/\/www.thomasandhutton.com\/es\/wp-json\/wp\/v2\/users\/8"}],"replies":[{"embeddable":true,"href":"https:\/\/www.thomasandhutton.com\/es\/wp-json\/wp\/v2\/comments?post=22307"}],"version-history":[{"count":2,"href":"https:\/\/www.thomasandhutton.com\/es\/wp-json\/wp\/v2\/pages\/22307\/revisions"}],"predecessor-version":[{"id":26873,"href":"https:\/\/www.thomasandhutton.com\/es\/wp-json\/wp\/v2\/pages\/22307\/revisions\/26873"}],"wp:attachment":[{"href":"https:\/\/www.thomasandhutton.com\/es\/wp-json\/wp\/v2\/media?parent=22307"}],"curies":[{"name":"wp","href":"https:\/\/api.w.org\/{rel}","templated":true}]}}